{"id":9878,"date":"2025-06-24T11:43:56","date_gmt":"2025-06-24T11:43:56","guid":{"rendered":"https:\/\/1dronas.lt\/?post_type=product&#038;p=9878"},"modified":"2026-03-23T10:31:51","modified_gmt":"2026-03-23T08:31:51","slug":"iflight-xing2-2207-2-6s-fpv-motor-1750kv","status":"publish","type":"product","link":"https:\/\/1dronas.lt\/en\/produktas\/iflight-xing2-2207-2-6s-fpv-motor-1750kv\/","title":{"rendered":"iFlight XING2 2207 2-6S FPV Motor 1750KV"},"content":{"rendered":"<p data-start=\"0\" data-end=\"444\">The XING NextGen series of motors has been extremely popular since its first release in 2018 and has quickly taken the position of a new market standard. The smooth-running, reliable and powerful XING motors have been improved - the manufacturing quality has reached an even higher level, and the motor performance has exceeded all previous indicators. The new center-cut N52H curved arch magnets have significantly reduced the motor response time! One of the main limitations of an FPV flight controller is the motor - due to its braking and acceleration delay. XING2 motors have a faster response.<\/p>\n<p data-start=\"1036\" data-end=\"1356\" data-is-last-node=\"\" data-is-only-node=\"\">Thanks to high-quality materials and a solid connection between the bell and the shaft, it was possible to reduce the air gap between the magnets and the thickness of the stator lamination to a minimum. The smaller the air gap, the lower the magnetic resistance and the higher the magnetic flux (equivalent to electric current), which means higher efficiency and higher power!<\/p>\n<p><strong>Features:<\/strong><\/p>\n<p>\u2022 5mm titanium alloy shaft \u2013 the strongest propeller shaft we use!<br \/>\n\u2022 Impact-resistant 7075 aluminum bell<br \/>\n\u2022 Long-lasting and smooth-running NSK 9x4x4 bearings<br \/>\n\u2022 Center cut N52H curved arch magnets<br \/>\n\u2022 XING O-ring bearing gap protection<br \/>\n\u2022 Motor wiring protection<br \/>\n\u2022 Dynamically balanced<\/p>\n<p><strong>Specification:<\/strong><\/p>\n<p data-start=\"1867\" data-end=\"1899\">\u2022 KV: 1750KV;<br \/>\n\u2022 Weight (with cable): 30.5 g;<br \/>\n\u2022 Dimensions: \u03c629 x 32.25 mm;<br \/>\n\u2022 Phase-to-phase resistance: 74.23 m\u03a9 (1750KV\/2750KV);<br \/>\n\u2022 Input voltage: 25.2V (1750KV\/2050KV);<br \/>\n\u2022 Peak current: 36.03A (1750KV);<br \/>\n\u2022 Maximum power: 898W (1750KV);<br \/>\n\u2022 Mounting holes: 16 x 16 mm, \u03c63 mm;<br \/>\n\u2022 Rotor design: Unibell;<br \/>\n\u2022 Axle diameter: 5 mm;<br \/>\n\u2022 Axle protrusion length: 13.5 mm;<br \/>\n\u2022 Wires: 160 mm, 20AWG;<br \/>\n\u2022 Magnet: N52H, curved;<br \/>\n\u2022 Configuration: 12N14P;<br \/>\n\u2022 Bearing type: NSK;<br \/>\n\u2022 Bearing dimensions: \u03c69 x \u03c64 x 4 mm;<br \/>\n\u2022 Winding type: Single copper winding wire.<\/p>\n<p data-start=\"1867\" data-end=\"1899\"><strong>Package:<\/strong><\/p>\n<p data-start=\"1867\" data-end=\"1899\">1x XING2 2207 black brushless motor;<br \/>\n4x M3*10mm screws (1750KV);<br \/>\n1x M5 nylon nut lock with flange.<\/p>","protected":false},"excerpt":{"rendered":"<p class=\"tw-data-text tw-text-large XcVN5d tw-ta\" dir=\"ltr\" data-placeholder=\"Vertimas\">The manufacturing quality of XING engines has reached an even higher level, and the engine performance has exceeded all previous indicators.<\/p>\n<p dir=\"ltr\" data-placeholder=\"Vertimas\"><span style=\"color: #000000;\"><img loading=\"lazy\" decoding=\"async\" class=\"alignnone wp-image-1806\" src=\"https:\/\/1dronas.lt\/wp-content\/uploads\/2021\/05\/delivery-icon.png\" alt=\"\" width=\"24\" height=\"24\" srcset=\"https:\/\/1dronas.lt\/wp-content\/uploads\/2021\/05\/delivery-icon.png 35w, https:\/\/1dronas.lt\/wp-content\/uploads\/2021\/05\/delivery-icon-12x12.png 12w\" sizes=\"auto, (max-width: 24px) 100vw, 24px\" \/>\u00a0<strong>1 \u2013 2 days<\/strong><\/span><\/p>","protected":false},"featured_media":9880,"comment_status":"open","ping_status":"closed","template":"","meta":[],"product_brand":[496],"product_cat":[101],"product_tag":[627,629,91,473],"class_list":{"0":"post-9878","1":"product","2":"type-product","3":"status-publish","4":"has-post-thumbnail","6":"product_brand-iflight","7":"product_cat-motorai","8":"product_tag-1750kv","9":"product_tag-2-6s","10":"product_tag-iflight","11":"product_tag-xing2","13":"first","14":"instock","15":"taxable","16":"shipping-taxable","17":"purchasable","18":"product-type-simple"},"yoast_head":"<!-- This site is optimized with the Yoast SEO plugin v27.3 - https:\/\/yoast.com\/product\/yoast-seo-wordpress\/ -->\n<title>iFlight XING2 2207 2-6S FPV Motor 1750KV - 1dronas.lt<\/title>\n<meta name=\"robots\" content=\"index, follow, max-snippet:-1, max-image-preview:large, max-video-preview:-1\" \/>\n<link rel=\"canonical\" href=\"https:\/\/1dronas.lt\/en\/produktas\/iflight-xing2-2207-2-6s-fpv-motor-1750kv\/\" \/>\n<meta property=\"og:locale\" content=\"en_US\" \/>\n<meta property=\"og:type\" content=\"article\" \/>\n<meta property=\"og:title\" content=\"iFlight XING2 2207 2-6S FPV Motor 1750KV - 1dronas.lt\" \/>\n<meta property=\"og:description\" content=\"XING varikli\u0173 gamybos kokyb\u0117 pasiek\u0117 dar auk\u0161tesn\u012f lyg\u012f, o varikli\u0173 na\u0161umas vir\u0161ijo visus iki \u0161iol buvusius rodiklius. \u00a01 \u2013 2 d. d.\" \/>\n<meta property=\"og:url\" content=\"https:\/\/1dronas.lt\/en\/produktas\/iflight-xing2-2207-2-6s-fpv-motor-1750kv\/\" \/>\n<meta property=\"og:site_name\" content=\"1dronas.lt\" \/>\n<meta property=\"article:publisher\" content=\"https:\/\/www.facebook.com\/1dronas\/\" \/>\n<meta property=\"article:modified_time\" content=\"2026-03-23T08:31:51+00:00\" \/>\n<meta property=\"og:image\" content=\"https:\/\/1dronas.lt\/wp-content\/uploads\/2025\/06\/XING2-2207.M2-min.jpeg\" \/>\n\t<meta property=\"og:image:width\" content=\"1000\" \/>\n\t<meta property=\"og:image:height\" content=\"1000\" \/>\n\t<meta property=\"og:image:type\" content=\"image\/jpeg\" \/>\n<meta name=\"twitter:card\" content=\"summary_large_image\" \/>\n<meta name=\"twitter:label1\" content=\"Est. reading time\" \/>\n\t<meta name=\"twitter:data1\" content=\"2 minutes\" \/>\n<script type=\"application\/ld+json\" class=\"yoast-schema-graph\">{\"@context\":\"https:\\\/\\\/schema.org\",\"@graph\":[{\"@type\":\"WebPage\",\"@id\":\"https:\\\/\\\/1dronas.lt\\\/en\\\/produktas\\\/iflight-xing2-2207-2-6s-fpv-motor-1750kv\\\/\",\"url\":\"https:\\\/\\\/1dronas.lt\\\/en\\\/produktas\\\/iflight-xing2-2207-2-6s-fpv-motor-1750kv\\\/\",\"name\":\"iFlight XING2 2207 2-6S FPV Motor 1750KV - 1dronas.lt\",\"isPartOf\":{\"@id\":\"https:\\\/\\\/1dronas.lt\\\/en\\\/#website\"},\"primaryImageOfPage\":{\"@id\":\"https:\\\/\\\/1dronas.lt\\\/en\\\/produktas\\\/iflight-xing2-2207-2-6s-fpv-motor-1750kv\\\/#primaryimage\"},\"image\":{\"@id\":\"https:\\\/\\\/1dronas.lt\\\/en\\\/produktas\\\/iflight-xing2-2207-2-6s-fpv-motor-1750kv\\\/#primaryimage\"},\"thumbnailUrl\":\"https:\\\/\\\/1dronas.lt\\\/wp-content\\\/uploads\\\/2025\\\/06\\\/XING2-2207.M2-min.jpeg\",\"datePublished\":\"2025-06-24T11:43:56+00:00\",\"dateModified\":\"2026-03-23T08:31:51+00:00\",\"breadcrumb\":{\"@id\":\"https:\\\/\\\/1dronas.lt\\\/en\\\/produktas\\\/iflight-xing2-2207-2-6s-fpv-motor-1750kv\\\/#breadcrumb\"},\"inLanguage\":\"en-US\",\"potentialAction\":[{\"@type\":\"ReadAction\",\"target\":[\"https:\\\/\\\/1dronas.lt\\\/en\\\/produktas\\\/iflight-xing2-2207-2-6s-fpv-motor-1750kv\\\/\"]}]},{\"@type\":\"ImageObject\",\"inLanguage\":\"en-US\",\"@id\":\"https:\\\/\\\/1dronas.lt\\\/en\\\/produktas\\\/iflight-xing2-2207-2-6s-fpv-motor-1750kv\\\/#primaryimage\",\"url\":\"https:\\\/\\\/1dronas.lt\\\/wp-content\\\/uploads\\\/2025\\\/06\\\/XING2-2207.M2-min.jpeg\",\"contentUrl\":\"https:\\\/\\\/1dronas.lt\\\/wp-content\\\/uploads\\\/2025\\\/06\\\/XING2-2207.M2-min.jpeg\",\"width\":1000,\"height\":1000},{\"@type\":\"BreadcrumbList\",\"@id\":\"https:\\\/\\\/1dronas.lt\\\/en\\\/produktas\\\/iflight-xing2-2207-2-6s-fpv-motor-1750kv\\\/#breadcrumb\",\"itemListElement\":[{\"@type\":\"ListItem\",\"position\":1,\"name\":\"Home\",\"item\":\"https:\\\/\\\/1dronas.lt\\\/\"},{\"@type\":\"ListItem\",\"position\":2,\"name\":\"Parduotuv\u0117\",\"item\":\"https:\\\/\\\/1dronas.lt\\\/parduotuve\\\/\"},{\"@type\":\"ListItem\",\"position\":3,\"name\":\"iFlight XING2 2207 2-6S FPV Motor 1750KV\"}]},{\"@type\":\"WebSite\",\"@id\":\"https:\\\/\\\/1dronas.lt\\\/en\\\/#website\",\"url\":\"https:\\\/\\\/1dronas.lt\\\/en\\\/\",\"name\":\"1dronas.lt\",\"description\":\"Internetin\u0117 parduotuv\u0117\",\"publisher\":{\"@id\":\"https:\\\/\\\/1dronas.lt\\\/en\\\/#organization\"},\"potentialAction\":[{\"@type\":\"SearchAction\",\"target\":{\"@type\":\"EntryPoint\",\"urlTemplate\":\"https:\\\/\\\/1dronas.lt\\\/en\\\/?s={search_term_string}\"},\"query-input\":{\"@type\":\"PropertyValueSpecification\",\"valueRequired\":true,\"valueName\":\"search_term_string\"}}],\"inLanguage\":\"en-US\"},{\"@type\":\"Organization\",\"@id\":\"https:\\\/\\\/1dronas.lt\\\/en\\\/#organization\",\"name\":\"1dronas.lt\",\"url\":\"https:\\\/\\\/1dronas.lt\\\/en\\\/\",\"logo\":{\"@type\":\"ImageObject\",\"inLanguage\":\"en-US\",\"@id\":\"https:\\\/\\\/1dronas.lt\\\/en\\\/#\\\/schema\\\/logo\\\/image\\\/\",\"url\":\"https:\\\/\\\/1dronas.lt\\\/wp-content\\\/uploads\\\/2020\\\/12\\\/Ekrano_kopija__2_-removebg-preview-1-1.png\",\"contentUrl\":\"https:\\\/\\\/1dronas.lt\\\/wp-content\\\/uploads\\\/2020\\\/12\\\/Ekrano_kopija__2_-removebg-preview-1-1.png\",\"width\":234,\"height\":81,\"caption\":\"1dronas.lt\"},\"image\":{\"@id\":\"https:\\\/\\\/1dronas.lt\\\/en\\\/#\\\/schema\\\/logo\\\/image\\\/\"},\"sameAs\":[\"https:\\\/\\\/www.facebook.com\\\/1dronas\\\/\"]}]}<\/script>\n<!-- \/ Yoast SEO plugin. -->","yoast_head_json":{"title":"iFlight XING2 2207 2-6S FPV Motor 1750KV - 1dronas.lt","robots":{"index":"index","follow":"follow","max-snippet":"max-snippet:-1","max-image-preview":"max-image-preview:large","max-video-preview":"max-video-preview:-1"},"canonical":"https:\/\/1dronas.lt\/en\/produktas\/iflight-xing2-2207-2-6s-fpv-motor-1750kv\/","og_locale":"en_US","og_type":"article","og_title":"iFlight XING2 2207 2-6S FPV Motor 1750KV - 1dronas.lt","og_description":"XING varikli\u0173 gamybos kokyb\u0117 pasiek\u0117 dar auk\u0161tesn\u012f lyg\u012f, o varikli\u0173 na\u0161umas vir\u0161ijo visus iki \u0161iol buvusius rodiklius. \u00a01 \u2013 2 d. d.","og_url":"https:\/\/1dronas.lt\/en\/produktas\/iflight-xing2-2207-2-6s-fpv-motor-1750kv\/","og_site_name":"1dronas.lt","article_publisher":"https:\/\/www.facebook.com\/1dronas\/","article_modified_time":"2026-03-23T08:31:51+00:00","og_image":[{"width":1000,"height":1000,"url":"https:\/\/1dronas.lt\/wp-content\/uploads\/2025\/06\/XING2-2207.M2-min.jpeg","type":"image\/jpeg"}],"twitter_card":"summary_large_image","twitter_misc":{"Est. reading time":"2 minutes"},"schema":{"@context":"https:\/\/schema.org","@graph":[{"@type":"WebPage","@id":"https:\/\/1dronas.lt\/en\/produktas\/iflight-xing2-2207-2-6s-fpv-motor-1750kv\/","url":"https:\/\/1dronas.lt\/en\/produktas\/iflight-xing2-2207-2-6s-fpv-motor-1750kv\/","name":"iFlight XING2 2207 2-6S FPV Motor 1750KV - 1dronas.lt","isPartOf":{"@id":"https:\/\/1dronas.lt\/en\/#website"},"primaryImageOfPage":{"@id":"https:\/\/1dronas.lt\/en\/produktas\/iflight-xing2-2207-2-6s-fpv-motor-1750kv\/#primaryimage"},"image":{"@id":"https:\/\/1dronas.lt\/en\/produktas\/iflight-xing2-2207-2-6s-fpv-motor-1750kv\/#primaryimage"},"thumbnailUrl":"https:\/\/1dronas.lt\/wp-content\/uploads\/2025\/06\/XING2-2207.M2-min.jpeg","datePublished":"2025-06-24T11:43:56+00:00","dateModified":"2026-03-23T08:31:51+00:00","breadcrumb":{"@id":"https:\/\/1dronas.lt\/en\/produktas\/iflight-xing2-2207-2-6s-fpv-motor-1750kv\/#breadcrumb"},"inLanguage":"en-US","potentialAction":[{"@type":"ReadAction","target":["https:\/\/1dronas.lt\/en\/produktas\/iflight-xing2-2207-2-6s-fpv-motor-1750kv\/"]}]},{"@type":"ImageObject","inLanguage":"en-US","@id":"https:\/\/1dronas.lt\/en\/produktas\/iflight-xing2-2207-2-6s-fpv-motor-1750kv\/#primaryimage","url":"https:\/\/1dronas.lt\/wp-content\/uploads\/2025\/06\/XING2-2207.M2-min.jpeg","contentUrl":"https:\/\/1dronas.lt\/wp-content\/uploads\/2025\/06\/XING2-2207.M2-min.jpeg","width":1000,"height":1000},{"@type":"BreadcrumbList","@id":"https:\/\/1dronas.lt\/en\/produktas\/iflight-xing2-2207-2-6s-fpv-motor-1750kv\/#breadcrumb","itemListElement":[{"@type":"ListItem","position":1,"name":"Home","item":"https:\/\/1dronas.lt\/"},{"@type":"ListItem","position":2,"name":"Parduotuv\u0117","item":"https:\/\/1dronas.lt\/parduotuve\/"},{"@type":"ListItem","position":3,"name":"iFlight XING2 2207 2-6S FPV Motor 1750KV"}]},{"@type":"WebSite","@id":"https:\/\/1dronas.lt\/en\/#website","url":"https:\/\/1dronas.lt\/en\/","name":"1dronas.lt","description":"Online store","publisher":{"@id":"https:\/\/1dronas.lt\/en\/#organization"},"potentialAction":[{"@type":"SearchAction","target":{"@type":"EntryPoint","urlTemplate":"https:\/\/1dronas.lt\/en\/?s={search_term_string}"},"query-input":{"@type":"PropertyValueSpecification","valueRequired":true,"valueName":"search_term_string"}}],"inLanguage":"en-US"},{"@type":"Organization","@id":"https:\/\/1dronas.lt\/en\/#organization","name":"1dronas.lt","url":"https:\/\/1dronas.lt\/en\/","logo":{"@type":"ImageObject","inLanguage":"en-US","@id":"https:\/\/1dronas.lt\/en\/#\/schema\/logo\/image\/","url":"https:\/\/1dronas.lt\/wp-content\/uploads\/2020\/12\/Ekrano_kopija__2_-removebg-preview-1-1.png","contentUrl":"https:\/\/1dronas.lt\/wp-content\/uploads\/2020\/12\/Ekrano_kopija__2_-removebg-preview-1-1.png","width":234,"height":81,"caption":"1dronas.lt"},"image":{"@id":"https:\/\/1dronas.lt\/en\/#\/schema\/logo\/image\/"},"sameAs":["https:\/\/www.facebook.com\/1dronas\/"]}]}},"jetpack_sharing_enabled":true,"_links":{"self":[{"href":"https:\/\/1dronas.lt\/en\/wp-json\/wp\/v2\/product\/9878","targetHints":{"allow":["GET"]}}],"collection":[{"href":"https:\/\/1dronas.lt\/en\/wp-json\/wp\/v2\/product"}],"about":[{"href":"https:\/\/1dronas.lt\/en\/wp-json\/wp\/v2\/types\/product"}],"replies":[{"embeddable":true,"href":"https:\/\/1dronas.lt\/en\/wp-json\/wp\/v2\/comments?post=9878"}],"wp:featuredmedia":[{"embeddable":true,"href":"https:\/\/1dronas.lt\/en\/wp-json\/wp\/v2\/media\/9880"}],"wp:attachment":[{"href":"https:\/\/1dronas.lt\/en\/wp-json\/wp\/v2\/media?parent=9878"}],"wp:term":[{"taxonomy":"product_brand","embeddable":true,"href":"https:\/\/1dronas.lt\/en\/wp-json\/wp\/v2\/product_brand?post=9878"},{"taxonomy":"product_cat","embeddable":true,"href":"https:\/\/1dronas.lt\/en\/wp-json\/wp\/v2\/product_cat?post=9878"},{"taxonomy":"product_tag","embeddable":true,"href":"https:\/\/1dronas.lt\/en\/wp-json\/wp\/v2\/product_tag?post=9878"}],"curies":[{"name":"wp","href":"https:\/\/api.w.org\/{rel}","templated":true}]}}