{"id":9845,"date":"2025-06-18T20:35:43","date_gmt":"2025-06-18T20:35:43","guid":{"rendered":"https:\/\/1dronas.lt\/?post_type=product&#038;p=9845"},"modified":"2025-08-07T18:29:19","modified_gmt":"2025-08-07T18:29:19","slug":"iflight-chimera7-eco-6s-analog-gps-elrs-2-4ghz","status":"publish","type":"product","link":"https:\/\/1dronas.lt\/en\/produktas\/iflight-chimera7-eco-6s-analog-gps-elrs-2-4ghz\/","title":{"rendered":"iFlight Chimera7 ECO 6S Analog GPS ELRS 2.4GHz"},"content":{"rendered":"<p data-start=\"918\" data-end=\"976\"><strong>Features:<\/strong><\/p>\n<p data-start=\"918\" data-end=\"976\">\u2022 The latest Chimera7 ECO frame \u2013 for maximum protection;<br \/>\n\u2022 The updated frame reduces dirt accumulation on the controller or ESC board, thus reducing the risk of short circuits;<br \/>\n\u2022 Economical and efficient electrical system.<\/p>\n<p data-start=\"918\" data-end=\"976\"><strong>Specification:<\/strong><\/p>\n<p data-start=\"1983\" data-end=\"2727\">\u2022 Product name: Chimera7 ECO 6S Analog;<br data-start=\"2031\" data-end=\"2034\" \/>\u2022 Flight controller (FC): BLITZ ATF435;<br data-start=\"2075\" data-end=\"2078\" \/>\u2022 ESC: BLITZ E55S 4-IN-1, 2-6S, 55A;<br data-start=\"2115\" data-end=\"2118\" \/>\u2022 Video transmission: BLITZ Whoop 1.6W or 2.5W VTX;<br data-start=\"2171\" data-end=\"2174\" \/>\u2022 Frame: 327 mm wheelbase;<br data-start=\"2201\" data-end=\"2204\" \/>\u2022 Motors: XING-E 2809 1250KV;<br data-start=\"2237\" data-end=\"2240\" \/>\u2022 Screws: 7.5 x 3.7 x 3;<br data-start=\"2263\" data-end=\"2266\" \/>\u2022 Weight: 660 g (without battery);<br data-start=\"2298\" data-end=\"2301\" \/>\u2022 Dimensions (L\u00d7W\u00d7H): 270 \u00d7 199 \u00d7 34 mm;<br data-start=\"2343\" data-end=\"2346\" \/>\u2022 Maximum speed: 140 km\/h;<br data-start=\"2378\" data-end=\"2381\" \/>\u2022 Maximum take-off altitude: 7000 m;<br data-start=\"2420\" data-end=\"2423\" \/>\u2022 Max. flight time: Approx. 30 min (with 21700 6S2P 8000mAh battery);<br data-start=\"2500\" data-end=\"2503\" \/>\u2022 Operating temperature: -10\u00b0 to 40\u00b0C (14\u00b0 to 104\u00b0F);<br data-start=\"2557\" data-end=\"2560\" \/>\u2022 Transmission power (EIRP): FCC &lt; 33 dBm \/ CE &lt; 14 dBm \/ SRRC &lt; 30 dBm;<br data-start=\"2634\" data-end=\"2637\" \/>\u2022 Antenna: Single antenna;<br data-start=\"2661\" data-end=\"2664\" \/>\u2022 GPS.<\/p>\n<p data-start=\"1983\" data-end=\"2727\"><strong>Video transmission:<\/strong><\/p>\n<p data-start=\"2769\" data-end=\"2803\">BLITZ Whoop 5.8G 1.6W VTX:<\/p>\n<p>\u2022 Power: PIT \/ 25mW \/ 400mW \/ 800mW \/ 1600mW;<br \/>\n\u2022 Voltage: 12V;<br \/>\n\u2022 Current: \u226440mA (PIT), \u2264150mA (25mW), \u2264330mA (400mW), \u2264460mA (800mW), \u2264660mA (1600mW);<br \/>\n\u2022 Channels: 40CH (ABEFR);<br \/>\n\u2022 Antenna connector: IPEX;<br \/>\n\u2022 Mounting holes: 25\u00d725 \/ \u03c61.6 mm;<br \/>\n\u2022 Weight: 16.5 g (without antenna);<br \/>\n\u2022 Dimensions: 37 \u00d7 31.5 \u00d7 10 mm.<\/p>\n<p data-start=\"2769\" data-end=\"2803\"><strong>Package:<\/strong><\/p>\n<p data-start=\"2769\" data-end=\"2803\">1x Chimera7 ECO 6S Analog BNF;<br \/>\n1x Battery tray;<br \/>\n1x Antenna;<br \/>\n2x Pairs of screws;<br \/>\n2x Battery straps.<\/p>","protected":false},"excerpt":{"rendered":"<p><span style=\"color: #333333;\">Larger capacity batteries will allow you to enjoy flying even over the Swiss Alps!\u00a0<\/span><\/p>\n<p><span style=\"color: #333333;\"><img loading=\"lazy\" decoding=\"async\" class=\"alignnone wp-image-1806\" src=\"https:\/\/1dronas.lt\/wp-content\/uploads\/2021\/05\/delivery-icon.png\" alt=\"\" width=\"24\" height=\"24\" srcset=\"https:\/\/1dronas.lt\/wp-content\/uploads\/2021\/05\/delivery-icon.png 35w, https:\/\/1dronas.lt\/wp-content\/uploads\/2021\/05\/delivery-icon-12x12.png 12w\" sizes=\"auto, (max-width: 24px) 100vw, 24px\" \/> \u00a0<span style=\"font-size: 90%;\"><strong>1 \u2013 2 days<\/strong><\/span><\/span><\/p>","protected":false},"featured_media":9846,"comment_status":"open","ping_status":"closed","template":"","meta":[],"product_brand":[496],"product_cat":[106,107],"product_tag":[],"class_list":{"0":"post-9845","1":"product","2":"type-product","3":"status-publish","4":"has-post-thumbnail","6":"product_brand-iflight","7":"product_cat-freestyle","8":"product_cat-long-range","10":"first","11":"instock","12":"taxable","13":"shipping-taxable","14":"purchasable","15":"product-type-simple"},"yoast_head":"<!-- This site is optimized with the Yoast SEO plugin v27.4 - https:\/\/yoast.com\/product\/yoast-seo-wordpress\/ -->\n<title>iFlight Chimera7 ECO 6S Analog GPS ELRS 2.4GHz - 1dronas.lt<\/title>\n<meta name=\"robots\" content=\"index, follow, max-snippet:-1, max-image-preview:large, max-video-preview:-1\" \/>\n<link rel=\"canonical\" href=\"https:\/\/1dronas.lt\/en\/produktas\/iflight-chimera7-eco-6s-analog-gps-elrs-2-4ghz\/\" \/>\n<meta property=\"og:locale\" content=\"en_US\" \/>\n<meta property=\"og:type\" content=\"article\" \/>\n<meta property=\"og:title\" content=\"iFlight Chimera7 ECO 6S Analog GPS ELRS 2.4GHz - 1dronas.lt\" \/>\n<meta property=\"og:description\" content=\"Didesn\u0117s talpos baterijos leis m\u0117gautis skryd\u017eiu net vir\u0161 \u0160veicarijos Alpi\u0173!\u00a0   \u00a01 \u2013 2 d. d.\" \/>\n<meta property=\"og:url\" content=\"https:\/\/1dronas.lt\/en\/produktas\/iflight-chimera7-eco-6s-analog-gps-elrs-2-4ghz\/\" \/>\n<meta property=\"og:site_name\" content=\"1dronas.lt\" \/>\n<meta property=\"article:publisher\" content=\"https:\/\/www.facebook.com\/1dronas\/\" \/>\n<meta property=\"article:modified_time\" content=\"2025-08-07T18:29:19+00:00\" \/>\n<meta property=\"og:image\" content=\"https:\/\/1dronas.lt\/wp-content\/uploads\/2025\/06\/C7-ECO-5.8G-1.6W-M1-min.jpeg\" \/>\n\t<meta property=\"og:image:width\" content=\"1000\" \/>\n\t<meta property=\"og:image:height\" content=\"1000\" \/>\n\t<meta property=\"og:image:type\" content=\"image\/jpeg\" \/>\n<meta name=\"twitter:card\" content=\"summary_large_image\" \/>\n<meta name=\"twitter:label1\" content=\"Est. reading time\" \/>\n\t<meta name=\"twitter:data1\" content=\"2 minutes\" \/>\n<script type=\"application\/ld+json\" class=\"yoast-schema-graph\">{\"@context\":\"https:\\\/\\\/schema.org\",\"@graph\":[{\"@type\":\"WebPage\",\"@id\":\"https:\\\/\\\/1dronas.lt\\\/en\\\/produktas\\\/iflight-chimera7-eco-6s-analog-gps-elrs-2-4ghz\\\/\",\"url\":\"https:\\\/\\\/1dronas.lt\\\/en\\\/produktas\\\/iflight-chimera7-eco-6s-analog-gps-elrs-2-4ghz\\\/\",\"name\":\"iFlight Chimera7 ECO 6S Analog GPS ELRS 2.4GHz - 1dronas.lt\",\"isPartOf\":{\"@id\":\"https:\\\/\\\/1dronas.lt\\\/en\\\/#website\"},\"primaryImageOfPage\":{\"@id\":\"https:\\\/\\\/1dronas.lt\\\/en\\\/produktas\\\/iflight-chimera7-eco-6s-analog-gps-elrs-2-4ghz\\\/#primaryimage\"},\"image\":{\"@id\":\"https:\\\/\\\/1dronas.lt\\\/en\\\/produktas\\\/iflight-chimera7-eco-6s-analog-gps-elrs-2-4ghz\\\/#primaryimage\"},\"thumbnailUrl\":\"https:\\\/\\\/1dronas.lt\\\/wp-content\\\/uploads\\\/2025\\\/06\\\/C7-ECO-5.8G-1.6W-M1-min.jpeg\",\"datePublished\":\"2025-06-18T20:35:43+00:00\",\"dateModified\":\"2025-08-07T18:29:19+00:00\",\"breadcrumb\":{\"@id\":\"https:\\\/\\\/1dronas.lt\\\/en\\\/produktas\\\/iflight-chimera7-eco-6s-analog-gps-elrs-2-4ghz\\\/#breadcrumb\"},\"inLanguage\":\"en-US\",\"potentialAction\":[{\"@type\":\"ReadAction\",\"target\":[\"https:\\\/\\\/1dronas.lt\\\/en\\\/produktas\\\/iflight-chimera7-eco-6s-analog-gps-elrs-2-4ghz\\\/\"]}]},{\"@type\":\"ImageObject\",\"inLanguage\":\"en-US\",\"@id\":\"https:\\\/\\\/1dronas.lt\\\/en\\\/produktas\\\/iflight-chimera7-eco-6s-analog-gps-elrs-2-4ghz\\\/#primaryimage\",\"url\":\"https:\\\/\\\/1dronas.lt\\\/wp-content\\\/uploads\\\/2025\\\/06\\\/C7-ECO-5.8G-1.6W-M1-min.jpeg\",\"contentUrl\":\"https:\\\/\\\/1dronas.lt\\\/wp-content\\\/uploads\\\/2025\\\/06\\\/C7-ECO-5.8G-1.6W-M1-min.jpeg\",\"width\":1000,\"height\":1000},{\"@type\":\"BreadcrumbList\",\"@id\":\"https:\\\/\\\/1dronas.lt\\\/en\\\/produktas\\\/iflight-chimera7-eco-6s-analog-gps-elrs-2-4ghz\\\/#breadcrumb\",\"itemListElement\":[{\"@type\":\"ListItem\",\"position\":1,\"name\":\"Home\",\"item\":\"https:\\\/\\\/1dronas.lt\\\/\"},{\"@type\":\"ListItem\",\"position\":2,\"name\":\"Parduotuv\u0117\",\"item\":\"https:\\\/\\\/1dronas.lt\\\/parduotuve\\\/\"},{\"@type\":\"ListItem\",\"position\":3,\"name\":\"iFlight Chimera7 ECO 6S Analog GPS ELRS 2.4GHz\"}]},{\"@type\":\"WebSite\",\"@id\":\"https:\\\/\\\/1dronas.lt\\\/en\\\/#website\",\"url\":\"https:\\\/\\\/1dronas.lt\\\/en\\\/\",\"name\":\"1dronas.lt\",\"description\":\"Internetin\u0117 parduotuv\u0117\",\"publisher\":{\"@id\":\"https:\\\/\\\/1dronas.lt\\\/en\\\/#organization\"},\"potentialAction\":[{\"@type\":\"SearchAction\",\"target\":{\"@type\":\"EntryPoint\",\"urlTemplate\":\"https:\\\/\\\/1dronas.lt\\\/en\\\/?s={search_term_string}\"},\"query-input\":{\"@type\":\"PropertyValueSpecification\",\"valueRequired\":true,\"valueName\":\"search_term_string\"}}],\"inLanguage\":\"en-US\"},{\"@type\":\"Organization\",\"@id\":\"https:\\\/\\\/1dronas.lt\\\/en\\\/#organization\",\"name\":\"1dronas.lt\",\"url\":\"https:\\\/\\\/1dronas.lt\\\/en\\\/\",\"logo\":{\"@type\":\"ImageObject\",\"inLanguage\":\"en-US\",\"@id\":\"https:\\\/\\\/1dronas.lt\\\/en\\\/#\\\/schema\\\/logo\\\/image\\\/\",\"url\":\"https:\\\/\\\/1dronas.lt\\\/wp-content\\\/uploads\\\/2020\\\/12\\\/Ekrano_kopija__2_-removebg-preview-1-1.png\",\"contentUrl\":\"https:\\\/\\\/1dronas.lt\\\/wp-content\\\/uploads\\\/2020\\\/12\\\/Ekrano_kopija__2_-removebg-preview-1-1.png\",\"width\":234,\"height\":81,\"caption\":\"1dronas.lt\"},\"image\":{\"@id\":\"https:\\\/\\\/1dronas.lt\\\/en\\\/#\\\/schema\\\/logo\\\/image\\\/\"},\"sameAs\":[\"https:\\\/\\\/www.facebook.com\\\/1dronas\\\/\"]}]}<\/script>\n<!-- \/ Yoast SEO plugin. -->","yoast_head_json":{"title":"iFlight Chimera7 ECO 6S Analog GPS ELRS 2.4GHz - 1dronas.lt","robots":{"index":"index","follow":"follow","max-snippet":"max-snippet:-1","max-image-preview":"max-image-preview:large","max-video-preview":"max-video-preview:-1"},"canonical":"https:\/\/1dronas.lt\/en\/produktas\/iflight-chimera7-eco-6s-analog-gps-elrs-2-4ghz\/","og_locale":"en_US","og_type":"article","og_title":"iFlight Chimera7 ECO 6S Analog GPS ELRS 2.4GHz - 1dronas.lt","og_description":"Didesn\u0117s talpos baterijos leis m\u0117gautis skryd\u017eiu net vir\u0161 \u0160veicarijos Alpi\u0173!\u00a0   \u00a01 \u2013 2 d. d.","og_url":"https:\/\/1dronas.lt\/en\/produktas\/iflight-chimera7-eco-6s-analog-gps-elrs-2-4ghz\/","og_site_name":"1dronas.lt","article_publisher":"https:\/\/www.facebook.com\/1dronas\/","article_modified_time":"2025-08-07T18:29:19+00:00","og_image":[{"width":1000,"height":1000,"url":"https:\/\/1dronas.lt\/wp-content\/uploads\/2025\/06\/C7-ECO-5.8G-1.6W-M1-min.jpeg","type":"image\/jpeg"}],"twitter_card":"summary_large_image","twitter_misc":{"Est. reading time":"2 minutes"},"schema":{"@context":"https:\/\/schema.org","@graph":[{"@type":"WebPage","@id":"https:\/\/1dronas.lt\/en\/produktas\/iflight-chimera7-eco-6s-analog-gps-elrs-2-4ghz\/","url":"https:\/\/1dronas.lt\/en\/produktas\/iflight-chimera7-eco-6s-analog-gps-elrs-2-4ghz\/","name":"iFlight Chimera7 ECO 6S Analog GPS ELRS 2.4GHz - 1dronas.lt","isPartOf":{"@id":"https:\/\/1dronas.lt\/en\/#website"},"primaryImageOfPage":{"@id":"https:\/\/1dronas.lt\/en\/produktas\/iflight-chimera7-eco-6s-analog-gps-elrs-2-4ghz\/#primaryimage"},"image":{"@id":"https:\/\/1dronas.lt\/en\/produktas\/iflight-chimera7-eco-6s-analog-gps-elrs-2-4ghz\/#primaryimage"},"thumbnailUrl":"https:\/\/1dronas.lt\/wp-content\/uploads\/2025\/06\/C7-ECO-5.8G-1.6W-M1-min.jpeg","datePublished":"2025-06-18T20:35:43+00:00","dateModified":"2025-08-07T18:29:19+00:00","breadcrumb":{"@id":"https:\/\/1dronas.lt\/en\/produktas\/iflight-chimera7-eco-6s-analog-gps-elrs-2-4ghz\/#breadcrumb"},"inLanguage":"en-US","potentialAction":[{"@type":"ReadAction","target":["https:\/\/1dronas.lt\/en\/produktas\/iflight-chimera7-eco-6s-analog-gps-elrs-2-4ghz\/"]}]},{"@type":"ImageObject","inLanguage":"en-US","@id":"https:\/\/1dronas.lt\/en\/produktas\/iflight-chimera7-eco-6s-analog-gps-elrs-2-4ghz\/#primaryimage","url":"https:\/\/1dronas.lt\/wp-content\/uploads\/2025\/06\/C7-ECO-5.8G-1.6W-M1-min.jpeg","contentUrl":"https:\/\/1dronas.lt\/wp-content\/uploads\/2025\/06\/C7-ECO-5.8G-1.6W-M1-min.jpeg","width":1000,"height":1000},{"@type":"BreadcrumbList","@id":"https:\/\/1dronas.lt\/en\/produktas\/iflight-chimera7-eco-6s-analog-gps-elrs-2-4ghz\/#breadcrumb","itemListElement":[{"@type":"ListItem","position":1,"name":"Home","item":"https:\/\/1dronas.lt\/"},{"@type":"ListItem","position":2,"name":"Parduotuv\u0117","item":"https:\/\/1dronas.lt\/parduotuve\/"},{"@type":"ListItem","position":3,"name":"iFlight Chimera7 ECO 6S Analog GPS ELRS 2.4GHz"}]},{"@type":"WebSite","@id":"https:\/\/1dronas.lt\/en\/#website","url":"https:\/\/1dronas.lt\/en\/","name":"1dronas.lt","description":"Online store","publisher":{"@id":"https:\/\/1dronas.lt\/en\/#organization"},"potentialAction":[{"@type":"SearchAction","target":{"@type":"EntryPoint","urlTemplate":"https:\/\/1dronas.lt\/en\/?s={search_term_string}"},"query-input":{"@type":"PropertyValueSpecification","valueRequired":true,"valueName":"search_term_string"}}],"inLanguage":"en-US"},{"@type":"Organization","@id":"https:\/\/1dronas.lt\/en\/#organization","name":"1dronas.lt","url":"https:\/\/1dronas.lt\/en\/","logo":{"@type":"ImageObject","inLanguage":"en-US","@id":"https:\/\/1dronas.lt\/en\/#\/schema\/logo\/image\/","url":"https:\/\/1dronas.lt\/wp-content\/uploads\/2020\/12\/Ekrano_kopija__2_-removebg-preview-1-1.png","contentUrl":"https:\/\/1dronas.lt\/wp-content\/uploads\/2020\/12\/Ekrano_kopija__2_-removebg-preview-1-1.png","width":234,"height":81,"caption":"1dronas.lt"},"image":{"@id":"https:\/\/1dronas.lt\/en\/#\/schema\/logo\/image\/"},"sameAs":["https:\/\/www.facebook.com\/1dronas\/"]}]}},"jetpack_sharing_enabled":true,"_links":{"self":[{"href":"https:\/\/1dronas.lt\/en\/wp-json\/wp\/v2\/product\/9845","targetHints":{"allow":["GET"]}}],"collection":[{"href":"https:\/\/1dronas.lt\/en\/wp-json\/wp\/v2\/product"}],"about":[{"href":"https:\/\/1dronas.lt\/en\/wp-json\/wp\/v2\/types\/product"}],"replies":[{"embeddable":true,"href":"https:\/\/1dronas.lt\/en\/wp-json\/wp\/v2\/comments?post=9845"}],"wp:featuredmedia":[{"embeddable":true,"href":"https:\/\/1dronas.lt\/en\/wp-json\/wp\/v2\/media\/9846"}],"wp:attachment":[{"href":"https:\/\/1dronas.lt\/en\/wp-json\/wp\/v2\/media?parent=9845"}],"wp:term":[{"taxonomy":"product_brand","embeddable":true,"href":"https:\/\/1dronas.lt\/en\/wp-json\/wp\/v2\/product_brand?post=9845"},{"taxonomy":"product_cat","embeddable":true,"href":"https:\/\/1dronas.lt\/en\/wp-json\/wp\/v2\/product_cat?post=9845"},{"taxonomy":"product_tag","embeddable":true,"href":"https:\/\/1dronas.lt\/en\/wp-json\/wp\/v2\/product_tag?post=9845"}],"curies":[{"name":"wp","href":"https:\/\/api.w.org\/{rel}","templated":true}]}}