{"id":9739,"date":"2025-06-11T18:51:32","date_gmt":"2025-06-11T18:51:32","guid":{"rendered":"https:\/\/1dronas.lt\/?post_type=product&#038;p=9739"},"modified":"2026-04-10T16:37:45","modified_gmt":"2026-04-10T13:37:45","slug":"gep-m1025-series-gps-modulis","status":"publish","type":"product","link":"https:\/\/1dronas.lt\/en\/produktas\/gep-m1025-series-gps-modulis\/","title":{"rendered":"GEP-M1025 Series GPS Module"},"content":{"rendered":"<p data-start=\"203\" data-end=\"591\"><img loading=\"lazy\" decoding=\"async\" class=\"alignnone wp-image-9744 size-full\" src=\"https:\/\/1dronas.lt\/wp-content\/uploads\/2025\/06\/6-3-min-1.jpg\" alt=\"\" width=\"1920\" height=\"900\" srcset=\"https:\/\/1dronas.lt\/wp-content\/uploads\/2025\/06\/6-3-min-1.jpg 1920w, https:\/\/1dronas.lt\/wp-content\/uploads\/2025\/06\/6-3-min-1-300x141.jpg 300w, https:\/\/1dronas.lt\/wp-content\/uploads\/2025\/06\/6-3-min-1-1024x480.jpg 1024w, https:\/\/1dronas.lt\/wp-content\/uploads\/2025\/06\/6-3-min-1-768x360.jpg 768w, https:\/\/1dronas.lt\/wp-content\/uploads\/2025\/06\/6-3-min-1-1536x720.jpg 1536w, https:\/\/1dronas.lt\/wp-content\/uploads\/2025\/06\/6-3-min-1-18x8.jpg 18w, https:\/\/1dronas.lt\/wp-content\/uploads\/2025\/06\/6-3-min-1-510x239.jpg 510w\" sizes=\"auto, (max-width: 1920px) 100vw, 1920px\" \/><\/p>\n<p data-start=\"203\" data-end=\"591\">The GEP-M1025 series GPS module uses the u-blox M10 chip and supports GPS + BDS + Galileo + QZSS + SBAS combined positioning - up to 32 satellites simultaneously. The 25\u00d725 mm ceramic antenna ensures better signal reception. The integrated Flash chip and Faradic capacitance allow you to save settings and quickly turn on the system (&quot;hot start&quot;).<\/p>\n<p data-start=\"593\" data-end=\"888\">Various tuning configurations allow for precise direction setting and sensitive detection of altitude changes. It is suitable for most FPV drones, multirotors, fixed-wing models, etc.<\/p>\n<p data-start=\"892\" data-end=\"963\">Important: In an INAV environment, the magnetometer direction must be set:<\/p>\n<p data-start=\"892\" data-end=\"963\">QMC5883: CW 0\u00b0 with flip;<br \/>\nIST8310: CW 90\u00b0 with inversion.<\/p>\n<p data-start=\"892\" data-end=\"963\"><strong>Features:<\/strong><\/p>\n<p data-start=\"892\" data-end=\"963\"><strong>\u2022<\/strong> u-blox M10 series chip;<br \/>\n<strong>\u2022<\/strong> GPS + BDS + Galileo + QZSS + SBAS joint positioning;<br \/>\n<strong>\u2022<\/strong> Fast positioning, up to 32 satellites;<br \/>\n<strong>\u2022<\/strong> Stable connection quality;<br \/>\n<strong>\u2022<\/strong> 25\u00d725 mm antenna size, better signal reception;<br \/>\n<strong>\u2022<\/strong> Integrated Flash chip and Faradic capacitance;<br \/>\n<strong>\u2022<\/strong> Integrated indicator, easy to use.<\/p>\n<p data-start=\"892\" data-end=\"963\"><img loading=\"lazy\" decoding=\"async\" class=\"alignnone wp-image-12807 size-full\" src=\"https:\/\/1dronas.lt\/wp-content\/uploads\/2025\/06\/8-min.jpg\" alt=\"\" width=\"1500\" height=\"1069\" srcset=\"https:\/\/1dronas.lt\/wp-content\/uploads\/2025\/06\/8-min.jpg 1500w, https:\/\/1dronas.lt\/wp-content\/uploads\/2025\/06\/8-min-300x214.jpg 300w, https:\/\/1dronas.lt\/wp-content\/uploads\/2025\/06\/8-min-1024x730.jpg 1024w, https:\/\/1dronas.lt\/wp-content\/uploads\/2025\/06\/8-min-768x547.jpg 768w, https:\/\/1dronas.lt\/wp-content\/uploads\/2025\/06\/8-min-18x12.jpg 18w, https:\/\/1dronas.lt\/wp-content\/uploads\/2025\/06\/8-min-510x363.jpg 510w\" sizes=\"auto, (max-width: 1500px) 100vw, 1500px\" \/><\/p>\n<p data-start=\"892\" data-end=\"963\"><strong>Package:<\/strong><\/p>\n<p data-start=\"1716\" data-end=\"1737\">1x GPS module;<br \/>\n1x Connection cable set;<br \/>\n1x GPS module user manual;<br \/>\n1x GEPRC sticker;<br \/>\n1x Heat shrinkable insulation.<\/p>\n<p data-start=\"1716\" data-end=\"1737\"><img loading=\"lazy\" decoding=\"async\" class=\"alignnone wp-image-12802 size-full\" src=\"https:\/\/1dronas.lt\/wp-content\/uploads\/2025\/06\/1-min.jpg\" alt=\"\" width=\"1500\" height=\"2477\" srcset=\"https:\/\/1dronas.lt\/wp-content\/uploads\/2025\/06\/1-min.jpg 1500w, https:\/\/1dronas.lt\/wp-content\/uploads\/2025\/06\/1-min-182x300.jpg 182w, https:\/\/1dronas.lt\/wp-content\/uploads\/2025\/06\/1-min-620x1024.jpg 620w, https:\/\/1dronas.lt\/wp-content\/uploads\/2025\/06\/1-min-768x1268.jpg 768w, https:\/\/1dronas.lt\/wp-content\/uploads\/2025\/06\/1-min-930x1536.jpg 930w, https:\/\/1dronas.lt\/wp-content\/uploads\/2025\/06\/1-min-1240x2048.jpg 1240w, https:\/\/1dronas.lt\/wp-content\/uploads\/2025\/06\/1-min-7x12.jpg 7w, https:\/\/1dronas.lt\/wp-content\/uploads\/2025\/06\/1-min-510x842.jpg 510w\" sizes=\"auto, (max-width: 1500px) 100vw, 1500px\" \/><\/p>\n<p data-start=\"1716\" data-end=\"1737\"><img loading=\"lazy\" decoding=\"async\" class=\"alignnone wp-image-9743 size-full\" src=\"https:\/\/1dronas.lt\/wp-content\/uploads\/2025\/06\/6-1-min-1.jpg\" alt=\"\" width=\"1500\" height=\"1571\" srcset=\"https:\/\/1dronas.lt\/wp-content\/uploads\/2025\/06\/6-1-min-1.jpg 1500w, https:\/\/1dronas.lt\/wp-content\/uploads\/2025\/06\/6-1-min-1-286x300.jpg 286w, https:\/\/1dronas.lt\/wp-content\/uploads\/2025\/06\/6-1-min-1-978x1024.jpg 978w, https:\/\/1dronas.lt\/wp-content\/uploads\/2025\/06\/6-1-min-1-768x804.jpg 768w, https:\/\/1dronas.lt\/wp-content\/uploads\/2025\/06\/6-1-min-1-1467x1536.jpg 1467w, https:\/\/1dronas.lt\/wp-content\/uploads\/2025\/06\/6-1-min-1-11x12.jpg 11w, https:\/\/1dronas.lt\/wp-content\/uploads\/2025\/06\/6-1-min-1-510x534.jpg 510w\" sizes=\"auto, (max-width: 1500px) 100vw, 1500px\" \/> <img loading=\"lazy\" decoding=\"async\" class=\"alignnone wp-image-9742 size-full\" src=\"https:\/\/1dronas.lt\/wp-content\/uploads\/2025\/06\/5-scaled-min.jpg\" alt=\"\" width=\"1447\" height=\"2560\" srcset=\"https:\/\/1dronas.lt\/wp-content\/uploads\/2025\/06\/5-scaled-min.jpg 1447w, https:\/\/1dronas.lt\/wp-content\/uploads\/2025\/06\/5-scaled-min-170x300.jpg 170w, https:\/\/1dronas.lt\/wp-content\/uploads\/2025\/06\/5-scaled-min-579x1024.jpg 579w, https:\/\/1dronas.lt\/wp-content\/uploads\/2025\/06\/5-scaled-min-768x1359.jpg 768w, https:\/\/1dronas.lt\/wp-content\/uploads\/2025\/06\/5-scaled-min-868x1536.jpg 868w, https:\/\/1dronas.lt\/wp-content\/uploads\/2025\/06\/5-scaled-min-1158x2048.jpg 1158w, https:\/\/1dronas.lt\/wp-content\/uploads\/2025\/06\/5-scaled-min-7x12.jpg 7w, https:\/\/1dronas.lt\/wp-content\/uploads\/2025\/06\/5-scaled-min-510x902.jpg 510w\" sizes=\"auto, (max-width: 1447px) 100vw, 1447px\" \/><\/p>","protected":false},"excerpt":{"rendered":"<p><span style=\"color: #000000;\">The 25\u00d725 mm ceramic antenna ensures better signal reception.<\/span><\/p>\n<p><strong><span style=\"color: #000000;\"><img loading=\"lazy\" decoding=\"async\" class=\"alignnone wp-image-1806\" src=\"https:\/\/1dronas.lt\/wp-content\/uploads\/2021\/05\/delivery-icon.png.webp\" alt=\"\" width=\"24\" height=\"24\" srcset=\"https:\/\/1dronas.lt\/wp-content\/uploads\/2021\/05\/delivery-icon.png 35w, https:\/\/1dronas.lt\/wp-content\/uploads\/2021\/05\/delivery-icon-12x12.png 12w\" sizes=\"auto, (max-width: 24px) 100vw, 24px\" \/>\u00a0 \u00a01 \u2013 2 days<\/span><\/strong><\/p>","protected":false},"featured_media":9741,"comment_status":"open","ping_status":"closed","template":"","meta":[],"product_brand":[592],"product_cat":[220],"product_tag":[980,623,930,927,931,928,929,926,593,40,208],"class_list":{"0":"post-9739","1":"product","2":"type-product","3":"status-publish","4":"has-post-thumbnail","6":"product_brand-geprc","7":"product_cat-gps","8":"product_tag-black-friday","9":"product_tag-gep-m1025","10":"product_tag-gep-m1025-di","11":"product_tag-gep-m1025-dq","12":"product_tag-gep-m1025-mi","13":"product_tag-gep-m1025-mq","14":"product_tag-gep-m1025i","15":"product_tag-gep-m1025q","16":"product_tag-geprc","17":"product_tag-gps","18":"product_tag-modulis","20":"first","21":"instock","22":"taxable","23":"shipping-taxable","24":"purchasable","25":"product-type-variable","26":"has-default-attributes"},"yoast_head":"<!-- This site is optimized with the Yoast SEO plugin v27.3 - https:\/\/yoast.com\/product\/yoast-seo-wordpress\/ -->\n<title>GEP-M1025 Series GPS modulis - 1dronas.lt<\/title>\n<meta name=\"robots\" content=\"index, follow, max-snippet:-1, max-image-preview:large, max-video-preview:-1\" \/>\n<link rel=\"canonical\" href=\"https:\/\/1dronas.lt\/en\/produktas\/gep-m1025-series-gps-modulis\/\" \/>\n<meta property=\"og:locale\" content=\"en_US\" \/>\n<meta property=\"og:type\" content=\"article\" \/>\n<meta property=\"og:title\" content=\"GEP-M1025 Series GPS modulis - 1dronas.lt\" \/>\n<meta property=\"og:description\" content=\"25x25 mm keramin\u0117 antena u\u017etikrina geresn\u012f signalo pri\u0117mim\u0105.  \u00a0 \u00a01 \u2013 2 d. d.\" \/>\n<meta property=\"og:url\" content=\"https:\/\/1dronas.lt\/en\/produktas\/gep-m1025-series-gps-modulis\/\" \/>\n<meta property=\"og:site_name\" content=\"1dronas.lt\" \/>\n<meta property=\"article:publisher\" content=\"https:\/\/www.facebook.com\/1dronas\/\" \/>\n<meta property=\"article:modified_time\" content=\"2026-04-10T13:37:45+00:00\" \/>\n<meta property=\"og:image\" content=\"https:\/\/1dronas.lt\/wp-content\/uploads\/2025\/06\/4-1-min-1.jpg\" \/>\n\t<meta property=\"og:image:width\" content=\"2000\" \/>\n\t<meta property=\"og:image:height\" content=\"2000\" \/>\n\t<meta property=\"og:image:type\" content=\"image\/jpeg\" \/>\n<meta name=\"twitter:card\" content=\"summary_large_image\" \/>\n<meta name=\"twitter:label1\" content=\"Est. reading time\" \/>\n\t<meta name=\"twitter:data1\" content=\"3 minutes\" \/>\n<script type=\"application\/ld+json\" class=\"yoast-schema-graph\">{\"@context\":\"https:\\\/\\\/schema.org\",\"@graph\":[{\"@type\":\"WebPage\",\"@id\":\"https:\\\/\\\/1dronas.lt\\\/en\\\/produktas\\\/gep-m1025-series-gps-modulis\\\/\",\"url\":\"https:\\\/\\\/1dronas.lt\\\/en\\\/produktas\\\/gep-m1025-series-gps-modulis\\\/\",\"name\":\"GEP-M1025 Series GPS modulis - 1dronas.lt\",\"isPartOf\":{\"@id\":\"https:\\\/\\\/1dronas.lt\\\/en\\\/#website\"},\"primaryImageOfPage\":{\"@id\":\"https:\\\/\\\/1dronas.lt\\\/en\\\/produktas\\\/gep-m1025-series-gps-modulis\\\/#primaryimage\"},\"image\":{\"@id\":\"https:\\\/\\\/1dronas.lt\\\/en\\\/produktas\\\/gep-m1025-series-gps-modulis\\\/#primaryimage\"},\"thumbnailUrl\":\"https:\\\/\\\/1dronas.lt\\\/wp-content\\\/uploads\\\/2025\\\/06\\\/4-1-min-1.jpg\",\"datePublished\":\"2025-06-11T18:51:32+00:00\",\"dateModified\":\"2026-04-10T13:37:45+00:00\",\"breadcrumb\":{\"@id\":\"https:\\\/\\\/1dronas.lt\\\/en\\\/produktas\\\/gep-m1025-series-gps-modulis\\\/#breadcrumb\"},\"inLanguage\":\"en-US\",\"potentialAction\":[{\"@type\":\"ReadAction\",\"target\":[\"https:\\\/\\\/1dronas.lt\\\/en\\\/produktas\\\/gep-m1025-series-gps-modulis\\\/\"]}]},{\"@type\":\"ImageObject\",\"inLanguage\":\"en-US\",\"@id\":\"https:\\\/\\\/1dronas.lt\\\/en\\\/produktas\\\/gep-m1025-series-gps-modulis\\\/#primaryimage\",\"url\":\"https:\\\/\\\/1dronas.lt\\\/wp-content\\\/uploads\\\/2025\\\/06\\\/4-1-min-1.jpg\",\"contentUrl\":\"https:\\\/\\\/1dronas.lt\\\/wp-content\\\/uploads\\\/2025\\\/06\\\/4-1-min-1.jpg\",\"width\":2000,\"height\":2000},{\"@type\":\"BreadcrumbList\",\"@id\":\"https:\\\/\\\/1dronas.lt\\\/en\\\/produktas\\\/gep-m1025-series-gps-modulis\\\/#breadcrumb\",\"itemListElement\":[{\"@type\":\"ListItem\",\"position\":1,\"name\":\"Home\",\"item\":\"https:\\\/\\\/1dronas.lt\\\/\"},{\"@type\":\"ListItem\",\"position\":2,\"name\":\"Parduotuv\u0117\",\"item\":\"https:\\\/\\\/1dronas.lt\\\/parduotuve\\\/\"},{\"@type\":\"ListItem\",\"position\":3,\"name\":\"GEP-M1025 Series GPS modulis\"}]},{\"@type\":\"WebSite\",\"@id\":\"https:\\\/\\\/1dronas.lt\\\/en\\\/#website\",\"url\":\"https:\\\/\\\/1dronas.lt\\\/en\\\/\",\"name\":\"1dronas.lt\",\"description\":\"Internetin\u0117 parduotuv\u0117\",\"publisher\":{\"@id\":\"https:\\\/\\\/1dronas.lt\\\/en\\\/#organization\"},\"potentialAction\":[{\"@type\":\"SearchAction\",\"target\":{\"@type\":\"EntryPoint\",\"urlTemplate\":\"https:\\\/\\\/1dronas.lt\\\/en\\\/?s={search_term_string}\"},\"query-input\":{\"@type\":\"PropertyValueSpecification\",\"valueRequired\":true,\"valueName\":\"search_term_string\"}}],\"inLanguage\":\"en-US\"},{\"@type\":\"Organization\",\"@id\":\"https:\\\/\\\/1dronas.lt\\\/en\\\/#organization\",\"name\":\"1dronas.lt\",\"url\":\"https:\\\/\\\/1dronas.lt\\\/en\\\/\",\"logo\":{\"@type\":\"ImageObject\",\"inLanguage\":\"en-US\",\"@id\":\"https:\\\/\\\/1dronas.lt\\\/en\\\/#\\\/schema\\\/logo\\\/image\\\/\",\"url\":\"https:\\\/\\\/1dronas.lt\\\/wp-content\\\/uploads\\\/2020\\\/12\\\/Ekrano_kopija__2_-removebg-preview-1-1.png\",\"contentUrl\":\"https:\\\/\\\/1dronas.lt\\\/wp-content\\\/uploads\\\/2020\\\/12\\\/Ekrano_kopija__2_-removebg-preview-1-1.png\",\"width\":234,\"height\":81,\"caption\":\"1dronas.lt\"},\"image\":{\"@id\":\"https:\\\/\\\/1dronas.lt\\\/en\\\/#\\\/schema\\\/logo\\\/image\\\/\"},\"sameAs\":[\"https:\\\/\\\/www.facebook.com\\\/1dronas\\\/\"]}]}<\/script>\n<!-- \/ Yoast SEO plugin. -->","yoast_head_json":{"title":"GEP-M1025 Series GPS module - 1dronas.lt","robots":{"index":"index","follow":"follow","max-snippet":"max-snippet:-1","max-image-preview":"max-image-preview:large","max-video-preview":"max-video-preview:-1"},"canonical":"https:\/\/1dronas.lt\/en\/produktas\/gep-m1025-series-gps-modulis\/","og_locale":"en_US","og_type":"article","og_title":"GEP-M1025 Series GPS modulis - 1dronas.lt","og_description":"25x25 mm keramin\u0117 antena u\u017etikrina geresn\u012f signalo pri\u0117mim\u0105.  \u00a0 \u00a01 \u2013 2 d. d.","og_url":"https:\/\/1dronas.lt\/en\/produktas\/gep-m1025-series-gps-modulis\/","og_site_name":"1dronas.lt","article_publisher":"https:\/\/www.facebook.com\/1dronas\/","article_modified_time":"2026-04-10T13:37:45+00:00","og_image":[{"width":2000,"height":2000,"url":"https:\/\/1dronas.lt\/wp-content\/uploads\/2025\/06\/4-1-min-1.jpg","type":"image\/jpeg"}],"twitter_card":"summary_large_image","twitter_misc":{"Est. reading time":"3 minutes"},"schema":{"@context":"https:\/\/schema.org","@graph":[{"@type":"WebPage","@id":"https:\/\/1dronas.lt\/en\/produktas\/gep-m1025-series-gps-modulis\/","url":"https:\/\/1dronas.lt\/en\/produktas\/gep-m1025-series-gps-modulis\/","name":"GEP-M1025 Series GPS module - 1dronas.lt","isPartOf":{"@id":"https:\/\/1dronas.lt\/en\/#website"},"primaryImageOfPage":{"@id":"https:\/\/1dronas.lt\/en\/produktas\/gep-m1025-series-gps-modulis\/#primaryimage"},"image":{"@id":"https:\/\/1dronas.lt\/en\/produktas\/gep-m1025-series-gps-modulis\/#primaryimage"},"thumbnailUrl":"https:\/\/1dronas.lt\/wp-content\/uploads\/2025\/06\/4-1-min-1.jpg","datePublished":"2025-06-11T18:51:32+00:00","dateModified":"2026-04-10T13:37:45+00:00","breadcrumb":{"@id":"https:\/\/1dronas.lt\/en\/produktas\/gep-m1025-series-gps-modulis\/#breadcrumb"},"inLanguage":"en-US","potentialAction":[{"@type":"ReadAction","target":["https:\/\/1dronas.lt\/en\/produktas\/gep-m1025-series-gps-modulis\/"]}]},{"@type":"ImageObject","inLanguage":"en-US","@id":"https:\/\/1dronas.lt\/en\/produktas\/gep-m1025-series-gps-modulis\/#primaryimage","url":"https:\/\/1dronas.lt\/wp-content\/uploads\/2025\/06\/4-1-min-1.jpg","contentUrl":"https:\/\/1dronas.lt\/wp-content\/uploads\/2025\/06\/4-1-min-1.jpg","width":2000,"height":2000},{"@type":"BreadcrumbList","@id":"https:\/\/1dronas.lt\/en\/produktas\/gep-m1025-series-gps-modulis\/#breadcrumb","itemListElement":[{"@type":"ListItem","position":1,"name":"Home","item":"https:\/\/1dronas.lt\/"},{"@type":"ListItem","position":2,"name":"Parduotuv\u0117","item":"https:\/\/1dronas.lt\/parduotuve\/"},{"@type":"ListItem","position":3,"name":"GEP-M1025 Series GPS modulis"}]},{"@type":"WebSite","@id":"https:\/\/1dronas.lt\/en\/#website","url":"https:\/\/1dronas.lt\/en\/","name":"1dronas.lt","description":"Online store","publisher":{"@id":"https:\/\/1dronas.lt\/en\/#organization"},"potentialAction":[{"@type":"SearchAction","target":{"@type":"EntryPoint","urlTemplate":"https:\/\/1dronas.lt\/en\/?s={search_term_string}"},"query-input":{"@type":"PropertyValueSpecification","valueRequired":true,"valueName":"search_term_string"}}],"inLanguage":"en-US"},{"@type":"Organization","@id":"https:\/\/1dronas.lt\/en\/#organization","name":"1dronas.lt","url":"https:\/\/1dronas.lt\/en\/","logo":{"@type":"ImageObject","inLanguage":"en-US","@id":"https:\/\/1dronas.lt\/en\/#\/schema\/logo\/image\/","url":"https:\/\/1dronas.lt\/wp-content\/uploads\/2020\/12\/Ekrano_kopija__2_-removebg-preview-1-1.png","contentUrl":"https:\/\/1dronas.lt\/wp-content\/uploads\/2020\/12\/Ekrano_kopija__2_-removebg-preview-1-1.png","width":234,"height":81,"caption":"1dronas.lt"},"image":{"@id":"https:\/\/1dronas.lt\/en\/#\/schema\/logo\/image\/"},"sameAs":["https:\/\/www.facebook.com\/1dronas\/"]}]}},"jetpack_sharing_enabled":true,"_links":{"self":[{"href":"https:\/\/1dronas.lt\/en\/wp-json\/wp\/v2\/product\/9739","targetHints":{"allow":["GET"]}}],"collection":[{"href":"https:\/\/1dronas.lt\/en\/wp-json\/wp\/v2\/product"}],"about":[{"href":"https:\/\/1dronas.lt\/en\/wp-json\/wp\/v2\/types\/product"}],"replies":[{"embeddable":true,"href":"https:\/\/1dronas.lt\/en\/wp-json\/wp\/v2\/comments?post=9739"}],"wp:featuredmedia":[{"embeddable":true,"href":"https:\/\/1dronas.lt\/en\/wp-json\/wp\/v2\/media\/9741"}],"wp:attachment":[{"href":"https:\/\/1dronas.lt\/en\/wp-json\/wp\/v2\/media?parent=9739"}],"wp:term":[{"taxonomy":"product_brand","embeddable":true,"href":"https:\/\/1dronas.lt\/en\/wp-json\/wp\/v2\/product_brand?post=9739"},{"taxonomy":"product_cat","embeddable":true,"href":"https:\/\/1dronas.lt\/en\/wp-json\/wp\/v2\/product_cat?post=9739"},{"taxonomy":"product_tag","embeddable":true,"href":"https:\/\/1dronas.lt\/en\/wp-json\/wp\/v2\/product_tag?post=9739"}],"curies":[{"name":"wp","href":"https:\/\/api.w.org\/{rel}","templated":true}]}}