{"id":9607,"date":"2025-06-08T16:15:26","date_gmt":"2025-06-08T16:15:26","guid":{"rendered":"https:\/\/1dronas.lt\/?post_type=product&#038;p=9607"},"modified":"2025-12-01T00:29:59","modified_gmt":"2025-11-30T22:29:59","slug":"geprc-mark5-analog-6s","status":"publish","type":"product","link":"https:\/\/1dronas.lt\/en\/produktas\/geprc-mark5-analog-6s\/","title":{"rendered":"GEPRC MARK5 Analog 6S ELRS 2.4GHz"},"content":{"rendered":"<p data-start=\"472\" data-end=\"770\">The MARK5 is equipped with the new GEP-F722-BT-HD V3 flight controller (FC), which has excellent performance and allows you to adjust parameters via Bluetooth. The optimized power system with GEP-BL32 50A 96K 4IN1 ESC and GEPRC 2107.5 motors provides powerful thrust and fast response.<\/p>\n<p data-start=\"472\" data-end=\"770\"><strong data-start=\"1643\" data-end=\"1666\">Features:<\/strong><\/p>\n<p data-start=\"472\" data-end=\"770\"><strong>\u2022<\/strong> Aluminum side panels create a unique visual effect and reliably protect the camera;<br \/>\n<strong>\u2022<\/strong> Built-in Bluetooth connectivity allows you to easily connect to your phone and adjust settings;<br \/>\n<strong>\u2022<\/strong> Wide X design ensures a stable and agile flight position;<br \/>\n<strong>\u2022<\/strong> The combination of GEP-BL32 50A 96K 4IN1 ESC + GEPRC 2107.5 motors provides powerful thrust;<br \/>\n<strong>\u2022<\/strong> Anti-vibration design reduces instability and ensures safer flights;<br \/>\n<strong>\u2022<\/strong> 3D printed parts are suitable for GoPro 8\/9\/10, Naked 8\/10, Insta360 GO2, Caddx Peanut, etc. cameras;<br \/>\n<strong>\u2022<\/strong> Optimized for freestyle flying.<\/p>\n<p data-start=\"472\" data-end=\"770\"><strong data-start=\"2510\" data-end=\"2538\">Specification:<\/strong><\/p>\n<p data-start=\"472\" data-end=\"770\"><strong>\u2022<\/strong> Model: MARK5 Analog quadcopter;<br \/>\n<strong>\u2022<\/strong> Manufacturer: GEPRC;<br \/>\n<strong>\u2022<\/strong> Frame: GEP-MK5;<br \/>\n<strong>\u2022<\/strong> Wheelbase: 225 mm;<br \/>\n<strong>\u2022<\/strong> Top plate: 2.5 mm;<br \/>\n<strong>\u2022<\/strong> Bottom plate: 2.5 mm;<br \/>\n<strong>\u2022<\/strong> Lever plate: 5 mm;<br \/>\n<strong>\u2022<\/strong> Flight Controller (FC): GEP-F722-BT-HD V3;<br \/>\n<strong>\u2022<\/strong> Microcontroller (MCU): STM32F722;<br \/>\n<strong>\u2022<\/strong> Gyroscope: 42688-P;<br \/>\n<strong>\u2022<\/strong> OSD: BetaFlight OSD with AT7456E chip;<br \/>\n<strong>\u2022<\/strong> ESC: GEP-BL32 50A 96K 4IN1;<br \/>\n<strong>\u2022<\/strong> Video Transmitter (VTX): RAD VTX 5.8G 1.6W;<br \/>\n<strong>\u2022<\/strong> Camera: Caddx Ratel 2;<br \/>\n<strong>\u2022<\/strong> Charging connector: XT60<br \/>\n<strong>\u2022<\/strong> Screws: HQ Ethix S5 5\u00d74\u00d73;<br \/>\n<strong>\u2022<\/strong> Antenna: GEPRC Momoda 5.8G MMCX RHCP 100 mm;<br \/>\n<strong>\u2022<\/strong> Engines<span style=\"font-size: 14.4px;\">:<\/span><span style=\"font-size: 14.4px;\">SPEEDX2 2107.5-1960KV;<\/span><br \/>\n<strong>\u2022<\/strong> Receiver options: ELRS 2.4G;<br \/>\n<strong>\u2022<\/strong> Recommended batteries: LiPo 1050\u20131550mAh.<\/p>\n<p><strong>Package:<br \/>\n<\/strong>1\u00d7 MARK5 analog quadcopter drone;<br \/>\n4\u00d7 HQ Ethix S5 5\u00d74\u00d73 screws (pairs);<br \/>\n1\u00d7 Battery strap M15\u00d7250 mm;<br \/>\n2\u00d7 Battery straps M20\u00d7220 mm;<br \/>\n2\u00d7 Silicone battery pads;<br \/>\n1\u00d7 Camera frame top carbon fiber plate;<br \/>\n1\u00d7 3D printed bracket set;<br \/>\n2\u00d7 Action camera mounts;<br \/>\n1\u00d7 Screw set;<br \/>\n1\u00d7 Screwdriver set;<br \/>\n1\u00d7 Antenna mounting tube.<\/p>","protected":false},"excerpt":{"rendered":"<p><span style=\"color: #333333;\">MARK5 is equipped with the new GEP-F722-BT-HD V3 flight controller allowing you to adjust parameters via Bluetooth<\/span><\/p>\n<p><span style=\"color: #333333;\"><strong><img loading=\"lazy\" decoding=\"async\" class=\"alignnone wp-image-1806\" src=\"https:\/\/1dronas.lt\/wp-content\/uploads\/2021\/05\/delivery-icon.png\" alt=\"\" width=\"24\" height=\"24\" srcset=\"https:\/\/1dronas.lt\/wp-content\/uploads\/2021\/05\/delivery-icon.png 35w, https:\/\/1dronas.lt\/wp-content\/uploads\/2021\/05\/delivery-icon-12x12.png 12w\" sizes=\"auto, (max-width: 24px) 100vw, 24px\" \/>\u00a0 <span style=\"font-size: 90%;\">1 \u2013 2 days<\/span><\/strong><\/span><\/p>","protected":false},"featured_media":9613,"comment_status":"open","ping_status":"closed","template":"","meta":[],"product_brand":[592],"product_cat":[106],"product_tag":[99,468,980,176,593,599],"class_list":{"0":"post-9607","1":"product","2":"type-product","3":"status-publish","4":"has-post-thumbnail","6":"product_brand-geprc","7":"product_cat-freestyle","8":"product_tag-6s","9":"product_tag-analog","10":"product_tag-black-friday","11":"product_tag-elrs","12":"product_tag-geprc","13":"product_tag-mark5","15":"first","16":"instock","17":"taxable","18":"shipping-taxable","19":"purchasable","20":"product-type-simple"},"yoast_head":"<!-- This site is optimized with the Yoast SEO plugin v27.3 - https:\/\/yoast.com\/product\/yoast-seo-wordpress\/ -->\n<title>GEPRC MARK5 Analog 6S ELRS 2.4GHz - 1dronas.lt<\/title>\n<meta name=\"robots\" content=\"index, follow, max-snippet:-1, max-image-preview:large, max-video-preview:-1\" \/>\n<link rel=\"canonical\" href=\"https:\/\/1dronas.lt\/en\/produktas\/geprc-mark5-analog-6s\/\" \/>\n<meta property=\"og:locale\" content=\"en_US\" \/>\n<meta property=\"og:type\" content=\"article\" \/>\n<meta property=\"og:title\" content=\"GEPRC MARK5 Analog 6S ELRS 2.4GHz - 1dronas.lt\" \/>\n<meta property=\"og:description\" content=\"MARK5 apr\u016bpintas naujuoju GEP-F722-BT-HD V3 skryd\u017eio valdikliu leid\u017eia reguliuoti parametrus per \u201eBluetooth\u201c  \u00a0 1 \u2013 2 d. d.\" \/>\n<meta property=\"og:url\" content=\"https:\/\/1dronas.lt\/en\/produktas\/geprc-mark5-analog-6s\/\" \/>\n<meta property=\"og:site_name\" content=\"1dronas.lt\" \/>\n<meta property=\"article:publisher\" content=\"https:\/\/www.facebook.com\/1dronas\/\" \/>\n<meta property=\"article:modified_time\" content=\"2025-11-30T22:29:59+00:00\" \/>\n<meta property=\"og:image\" content=\"https:\/\/1dronas.lt\/wp-content\/uploads\/2025\/06\/11-11-min.jpg\" \/>\n\t<meta property=\"og:image:width\" content=\"2000\" \/>\n\t<meta property=\"og:image:height\" content=\"2000\" \/>\n\t<meta property=\"og:image:type\" content=\"image\/jpeg\" \/>\n<meta name=\"twitter:card\" content=\"summary_large_image\" \/>\n<meta name=\"twitter:label1\" content=\"Est. reading time\" \/>\n\t<meta name=\"twitter:data1\" content=\"2 minutes\" \/>\n<script type=\"application\/ld+json\" class=\"yoast-schema-graph\">{\"@context\":\"https:\\\/\\\/schema.org\",\"@graph\":[{\"@type\":\"WebPage\",\"@id\":\"https:\\\/\\\/1dronas.lt\\\/en\\\/produktas\\\/geprc-mark5-analog-6s\\\/\",\"url\":\"https:\\\/\\\/1dronas.lt\\\/en\\\/produktas\\\/geprc-mark5-analog-6s\\\/\",\"name\":\"GEPRC MARK5 Analog 6S ELRS 2.4GHz - 1dronas.lt\",\"isPartOf\":{\"@id\":\"https:\\\/\\\/1dronas.lt\\\/en\\\/#website\"},\"primaryImageOfPage\":{\"@id\":\"https:\\\/\\\/1dronas.lt\\\/en\\\/produktas\\\/geprc-mark5-analog-6s\\\/#primaryimage\"},\"image\":{\"@id\":\"https:\\\/\\\/1dronas.lt\\\/en\\\/produktas\\\/geprc-mark5-analog-6s\\\/#primaryimage\"},\"thumbnailUrl\":\"https:\\\/\\\/1dronas.lt\\\/wp-content\\\/uploads\\\/2025\\\/06\\\/11-11-min.jpg\",\"datePublished\":\"2025-06-08T16:15:26+00:00\",\"dateModified\":\"2025-11-30T22:29:59+00:00\",\"breadcrumb\":{\"@id\":\"https:\\\/\\\/1dronas.lt\\\/en\\\/produktas\\\/geprc-mark5-analog-6s\\\/#breadcrumb\"},\"inLanguage\":\"en-US\",\"potentialAction\":[{\"@type\":\"ReadAction\",\"target\":[\"https:\\\/\\\/1dronas.lt\\\/en\\\/produktas\\\/geprc-mark5-analog-6s\\\/\"]}]},{\"@type\":\"ImageObject\",\"inLanguage\":\"en-US\",\"@id\":\"https:\\\/\\\/1dronas.lt\\\/en\\\/produktas\\\/geprc-mark5-analog-6s\\\/#primaryimage\",\"url\":\"https:\\\/\\\/1dronas.lt\\\/wp-content\\\/uploads\\\/2025\\\/06\\\/11-11-min.jpg\",\"contentUrl\":\"https:\\\/\\\/1dronas.lt\\\/wp-content\\\/uploads\\\/2025\\\/06\\\/11-11-min.jpg\",\"width\":2000,\"height\":2000},{\"@type\":\"BreadcrumbList\",\"@id\":\"https:\\\/\\\/1dronas.lt\\\/en\\\/produktas\\\/geprc-mark5-analog-6s\\\/#breadcrumb\",\"itemListElement\":[{\"@type\":\"ListItem\",\"position\":1,\"name\":\"Home\",\"item\":\"https:\\\/\\\/1dronas.lt\\\/\"},{\"@type\":\"ListItem\",\"position\":2,\"name\":\"Parduotuv\u0117\",\"item\":\"https:\\\/\\\/1dronas.lt\\\/parduotuve\\\/\"},{\"@type\":\"ListItem\",\"position\":3,\"name\":\"GEPRC MARK5 Analog 6S ELRS 2.4GHz\"}]},{\"@type\":\"WebSite\",\"@id\":\"https:\\\/\\\/1dronas.lt\\\/en\\\/#website\",\"url\":\"https:\\\/\\\/1dronas.lt\\\/en\\\/\",\"name\":\"1dronas.lt\",\"description\":\"Internetin\u0117 parduotuv\u0117\",\"publisher\":{\"@id\":\"https:\\\/\\\/1dronas.lt\\\/en\\\/#organization\"},\"potentialAction\":[{\"@type\":\"SearchAction\",\"target\":{\"@type\":\"EntryPoint\",\"urlTemplate\":\"https:\\\/\\\/1dronas.lt\\\/en\\\/?s={search_term_string}\"},\"query-input\":{\"@type\":\"PropertyValueSpecification\",\"valueRequired\":true,\"valueName\":\"search_term_string\"}}],\"inLanguage\":\"en-US\"},{\"@type\":\"Organization\",\"@id\":\"https:\\\/\\\/1dronas.lt\\\/en\\\/#organization\",\"name\":\"1dronas.lt\",\"url\":\"https:\\\/\\\/1dronas.lt\\\/en\\\/\",\"logo\":{\"@type\":\"ImageObject\",\"inLanguage\":\"en-US\",\"@id\":\"https:\\\/\\\/1dronas.lt\\\/en\\\/#\\\/schema\\\/logo\\\/image\\\/\",\"url\":\"https:\\\/\\\/1dronas.lt\\\/wp-content\\\/uploads\\\/2020\\\/12\\\/Ekrano_kopija__2_-removebg-preview-1-1.png\",\"contentUrl\":\"https:\\\/\\\/1dronas.lt\\\/wp-content\\\/uploads\\\/2020\\\/12\\\/Ekrano_kopija__2_-removebg-preview-1-1.png\",\"width\":234,\"height\":81,\"caption\":\"1dronas.lt\"},\"image\":{\"@id\":\"https:\\\/\\\/1dronas.lt\\\/en\\\/#\\\/schema\\\/logo\\\/image\\\/\"},\"sameAs\":[\"https:\\\/\\\/www.facebook.com\\\/1dronas\\\/\"]}]}<\/script>\n<!-- \/ Yoast SEO plugin. -->","yoast_head_json":{"title":"GEPRC MARK5 Analog 6S ELRS 2.4GHz - 1dronas.lt","robots":{"index":"index","follow":"follow","max-snippet":"max-snippet:-1","max-image-preview":"max-image-preview:large","max-video-preview":"max-video-preview:-1"},"canonical":"https:\/\/1dronas.lt\/en\/produktas\/geprc-mark5-analog-6s\/","og_locale":"en_US","og_type":"article","og_title":"GEPRC MARK5 Analog 6S ELRS 2.4GHz - 1dronas.lt","og_description":"MARK5 apr\u016bpintas naujuoju GEP-F722-BT-HD V3 skryd\u017eio valdikliu leid\u017eia reguliuoti parametrus per \u201eBluetooth\u201c  \u00a0 1 \u2013 2 d. d.","og_url":"https:\/\/1dronas.lt\/en\/produktas\/geprc-mark5-analog-6s\/","og_site_name":"1dronas.lt","article_publisher":"https:\/\/www.facebook.com\/1dronas\/","article_modified_time":"2025-11-30T22:29:59+00:00","og_image":[{"width":2000,"height":2000,"url":"https:\/\/1dronas.lt\/wp-content\/uploads\/2025\/06\/11-11-min.jpg","type":"image\/jpeg"}],"twitter_card":"summary_large_image","twitter_misc":{"Est. reading time":"2 minutes"},"schema":{"@context":"https:\/\/schema.org","@graph":[{"@type":"WebPage","@id":"https:\/\/1dronas.lt\/en\/produktas\/geprc-mark5-analog-6s\/","url":"https:\/\/1dronas.lt\/en\/produktas\/geprc-mark5-analog-6s\/","name":"GEPRC MARK5 Analog 6S ELRS 2.4GHz - 1dronas.lt","isPartOf":{"@id":"https:\/\/1dronas.lt\/en\/#website"},"primaryImageOfPage":{"@id":"https:\/\/1dronas.lt\/en\/produktas\/geprc-mark5-analog-6s\/#primaryimage"},"image":{"@id":"https:\/\/1dronas.lt\/en\/produktas\/geprc-mark5-analog-6s\/#primaryimage"},"thumbnailUrl":"https:\/\/1dronas.lt\/wp-content\/uploads\/2025\/06\/11-11-min.jpg","datePublished":"2025-06-08T16:15:26+00:00","dateModified":"2025-11-30T22:29:59+00:00","breadcrumb":{"@id":"https:\/\/1dronas.lt\/en\/produktas\/geprc-mark5-analog-6s\/#breadcrumb"},"inLanguage":"en-US","potentialAction":[{"@type":"ReadAction","target":["https:\/\/1dronas.lt\/en\/produktas\/geprc-mark5-analog-6s\/"]}]},{"@type":"ImageObject","inLanguage":"en-US","@id":"https:\/\/1dronas.lt\/en\/produktas\/geprc-mark5-analog-6s\/#primaryimage","url":"https:\/\/1dronas.lt\/wp-content\/uploads\/2025\/06\/11-11-min.jpg","contentUrl":"https:\/\/1dronas.lt\/wp-content\/uploads\/2025\/06\/11-11-min.jpg","width":2000,"height":2000},{"@type":"BreadcrumbList","@id":"https:\/\/1dronas.lt\/en\/produktas\/geprc-mark5-analog-6s\/#breadcrumb","itemListElement":[{"@type":"ListItem","position":1,"name":"Home","item":"https:\/\/1dronas.lt\/"},{"@type":"ListItem","position":2,"name":"Parduotuv\u0117","item":"https:\/\/1dronas.lt\/parduotuve\/"},{"@type":"ListItem","position":3,"name":"GEPRC MARK5 Analog 6S ELRS 2.4GHz"}]},{"@type":"WebSite","@id":"https:\/\/1dronas.lt\/en\/#website","url":"https:\/\/1dronas.lt\/en\/","name":"1dronas.lt","description":"Online store","publisher":{"@id":"https:\/\/1dronas.lt\/en\/#organization"},"potentialAction":[{"@type":"SearchAction","target":{"@type":"EntryPoint","urlTemplate":"https:\/\/1dronas.lt\/en\/?s={search_term_string}"},"query-input":{"@type":"PropertyValueSpecification","valueRequired":true,"valueName":"search_term_string"}}],"inLanguage":"en-US"},{"@type":"Organization","@id":"https:\/\/1dronas.lt\/en\/#organization","name":"1dronas.lt","url":"https:\/\/1dronas.lt\/en\/","logo":{"@type":"ImageObject","inLanguage":"en-US","@id":"https:\/\/1dronas.lt\/en\/#\/schema\/logo\/image\/","url":"https:\/\/1dronas.lt\/wp-content\/uploads\/2020\/12\/Ekrano_kopija__2_-removebg-preview-1-1.png","contentUrl":"https:\/\/1dronas.lt\/wp-content\/uploads\/2020\/12\/Ekrano_kopija__2_-removebg-preview-1-1.png","width":234,"height":81,"caption":"1dronas.lt"},"image":{"@id":"https:\/\/1dronas.lt\/en\/#\/schema\/logo\/image\/"},"sameAs":["https:\/\/www.facebook.com\/1dronas\/"]}]}},"jetpack_sharing_enabled":true,"_links":{"self":[{"href":"https:\/\/1dronas.lt\/en\/wp-json\/wp\/v2\/product\/9607","targetHints":{"allow":["GET"]}}],"collection":[{"href":"https:\/\/1dronas.lt\/en\/wp-json\/wp\/v2\/product"}],"about":[{"href":"https:\/\/1dronas.lt\/en\/wp-json\/wp\/v2\/types\/product"}],"replies":[{"embeddable":true,"href":"https:\/\/1dronas.lt\/en\/wp-json\/wp\/v2\/comments?post=9607"}],"wp:featuredmedia":[{"embeddable":true,"href":"https:\/\/1dronas.lt\/en\/wp-json\/wp\/v2\/media\/9613"}],"wp:attachment":[{"href":"https:\/\/1dronas.lt\/en\/wp-json\/wp\/v2\/media?parent=9607"}],"wp:term":[{"taxonomy":"product_brand","embeddable":true,"href":"https:\/\/1dronas.lt\/en\/wp-json\/wp\/v2\/product_brand?post=9607"},{"taxonomy":"product_cat","embeddable":true,"href":"https:\/\/1dronas.lt\/en\/wp-json\/wp\/v2\/product_cat?post=9607"},{"taxonomy":"product_tag","embeddable":true,"href":"https:\/\/1dronas.lt\/en\/wp-json\/wp\/v2\/product_tag?post=9607"}],"curies":[{"name":"wp","href":"https:\/\/api.w.org\/{rel}","templated":true}]}}