{"id":9596,"date":"2025-06-10T10:03:14","date_gmt":"2025-06-10T10:03:14","guid":{"rendered":"https:\/\/1dronas.lt\/?post_type=product&#038;p=9596"},"modified":"2025-12-01T00:29:59","modified_gmt":"2025-11-30T22:29:59","slug":"geprc-cinebot30-analog-6s-pnp","status":"publish","type":"product","link":"https:\/\/1dronas.lt\/en\/produktas\/geprc-cinebot30-analog-6s-pnp\/","title":{"rendered":"GEPRC Cinebot30 Analog 6S ELRS 2.4GHz"},"content":{"rendered":"<p data-start=\"130\" data-end=\"620\">Cinebot30 is a new generation of cinematic FPV drone developed by the GEPRC team. It is equipped with a high-quality 7075 aircraft-grade aluminum alloy mount for the FPV camera. The drone can be equipped with GEPRC Naked GP8, GP Black Bones, Insta360 GO2 and other cameras. The image remains stable and clear.<\/p>\n<p data-start=\"622\" data-end=\"981\">The drone is manufactured using a one-piece, injection-molded, highly durable and impact-resistant PC propeller guard. It incorporates a circular COB LED light strip. The drone is reinforced with textured carbon fiber sheets.<\/p>\n<p data-start=\"983\" data-end=\"1524\">Cinebot30 is equipped with powerful 1804 motors. The GEP-F722-45A AIO V2 flight controller ensures high performance and reliable operation. The improved frame design allows for quick disassembly of the drone - just unscrew 6 screws to remove the top plate or guards. This is especially convenient if you need to replace parts urgently.<\/p>\n<p data-start=\"983\" data-end=\"1524\"><strong>Features:<\/strong><\/p>\n<p data-start=\"983\" data-end=\"1524\">\u2022 A work of engineering and aesthetics;<br \/>\n\u2022 Quick-release design \u2013 only 6 screws for replacing or upgrading parts;<br \/>\n\u2022 Strong, impact-resistant PC material;<br \/>\n\u2022 Aviation grade 7075 aluminum camera mount;<br \/>\n\u2022 Circular COB LED strip integrated into the propeller guard;<br \/>\n\u2022 Newly designed gimbal damping system effectively eliminates vibrations and the \u201cjello\u201d effect;<br \/>\n\u2022 Powerful 1804 engines;<br \/>\n\u2022 Next-generation GEP-F722-45A AIO V2 controller.<\/p>\n<p data-start=\"983\" data-end=\"1524\"><strong>Specification:<\/strong><\/p>\n<p data-start=\"983\" data-end=\"1524\">\u2022 Model: Cinebot30 Analog Quadcopter;<br \/>\n\u2022 Manufacturer: GEPRC;<br \/>\n\u2022 Frame: GEP-CT30;<br \/>\n\u2022 Wheelbase: 127 mm;<br \/>\n\u2022 Insulation board: 2 mm;<br \/>\n\u2022 Main board: 3 mm;<br \/>\n\u2022 Bottom plate: 1.5 mm;<br \/>\n\u2022 Flight controller: GEP-F722-45A AIO V2;<br \/>\n\u2022 Microcontroller: STM32F722RET6;<br \/>\n\u2022 IMU: ICM-42688-P;<br \/>\n\u2022 Video transmitter (VTX): GEPRC RAD 1W;<br \/>\n\u2022 Camera: Caddx Ratel 2;<br \/>\n\u2022 Propellers: HQ Prop T76mm;<br \/>\n\u2022 Antenna type: Peano 5.8G 110 m;m RHCP UFL;<br \/>\n\u2022 Charging connector: XT60H-M;<br \/>\n\u2022 Motors: SPEEDX2 1804-2450KV;<br \/>\n\u2022 4S version: SPEEDX2 1804-3450KV;<br \/>\n\u2022 Weight (without battery): Analog version: 209.2 g;<br \/>\n\u2022 Receiver: ELRS 2.4G;<br \/>\n\u2022 Recommended batteries: LiPo 850\u20131100mAh, for 4S version: LiPo 1100\u20131300mAh.<\/p>\n<p data-start=\"983\" data-end=\"1524\"><img loading=\"lazy\" decoding=\"async\" class=\"alignnone wp-image-9604 size-large\" src=\"https:\/\/1dronas.lt\/wp-content\/uploads\/2025\/06\/11-5-min-1024x1024.jpg\" alt=\"\" width=\"1020\" height=\"1020\" srcset=\"https:\/\/1dronas.lt\/wp-content\/uploads\/2025\/06\/11-5-min-1024x1024.jpg 1024w, https:\/\/1dronas.lt\/wp-content\/uploads\/2025\/06\/11-5-min-300x300.jpg 300w, https:\/\/1dronas.lt\/wp-content\/uploads\/2025\/06\/11-5-min-150x150.jpg 150w, https:\/\/1dronas.lt\/wp-content\/uploads\/2025\/06\/11-5-min-768x768.jpg 768w, https:\/\/1dronas.lt\/wp-content\/uploads\/2025\/06\/11-5-min-1536x1536.jpg 1536w, https:\/\/1dronas.lt\/wp-content\/uploads\/2025\/06\/11-5-min-12x12.jpg 12w, https:\/\/1dronas.lt\/wp-content\/uploads\/2025\/06\/11-5-min-247x247.jpg 247w, https:\/\/1dronas.lt\/wp-content\/uploads\/2025\/06\/11-5-min-510x510.jpg 510w, https:\/\/1dronas.lt\/wp-content\/uploads\/2025\/06\/11-5-min-100x100.jpg 100w, https:\/\/1dronas.lt\/wp-content\/uploads\/2025\/06\/11-5-min.jpg 2000w\" sizes=\"auto, (max-width: 1020px) 100vw, 1020px\" \/><\/p>\n<p data-start=\"983\" data-end=\"1524\"><strong>Package:<\/strong><\/p>\n<p data-start=\"983\" data-end=\"1524\">1\u00d7 Cinebot30 drone;<br \/>\n2\u00d7 HQProp T76 mm;<br \/>\n1\u00d7 Battery strap M15\u00d7200 mm;<br \/>\n1\u00d7 Battery strap M15\u00d7220 mm;<br \/>\n2\u00d7 Silicone battery mats;<br \/>\n1\u00d7 Screw set;<br \/>\n1\u00d7 Screwdriver set;<br \/>\n1\u00d7 Naked GP camera mount;<br \/>\n1\u00d7 Antenna mounting tube.<\/p>\n<p data-start=\"983\" data-end=\"1524\"><img loading=\"lazy\" decoding=\"async\" class=\"alignnone wp-image-9605 size-large\" src=\"https:\/\/1dronas.lt\/wp-content\/uploads\/2025\/06\/17-1-min-652x1024.jpg\" alt=\"\" width=\"652\" height=\"1024\" srcset=\"https:\/\/1dronas.lt\/wp-content\/uploads\/2025\/06\/17-1-min-652x1024.jpg 652w, https:\/\/1dronas.lt\/wp-content\/uploads\/2025\/06\/17-1-min-191x300.jpg 191w, https:\/\/1dronas.lt\/wp-content\/uploads\/2025\/06\/17-1-min-768x1206.jpg 768w, https:\/\/1dronas.lt\/wp-content\/uploads\/2025\/06\/17-1-min-978x1536.jpg 978w, https:\/\/1dronas.lt\/wp-content\/uploads\/2025\/06\/17-1-min-8x12.jpg 8w, https:\/\/1dronas.lt\/wp-content\/uploads\/2025\/06\/17-1-min-510x801.jpg 510w, https:\/\/1dronas.lt\/wp-content\/uploads\/2025\/06\/17-1-min.jpg 1200w\" sizes=\"auto, (max-width: 652px) 100vw, 652px\" \/><\/p>","protected":false},"excerpt":{"rendered":"<p><span style=\"color: #333333;\">Prepared by GEPRC professionals, the Cinebot30 is perfect for both indoor and outdoor flights.<\/span><\/p>\n<p><span style=\"color: #333333;\"><strong><img loading=\"lazy\" decoding=\"async\" class=\"alignnone wp-image-1806\" src=\"https:\/\/1dronas.lt\/wp-content\/uploads\/2021\/05\/delivery-icon.png.webp\" alt=\"\" width=\"24\" height=\"24\" srcset=\"https:\/\/1dronas.lt\/wp-content\/uploads\/2021\/05\/delivery-icon.png 35w, https:\/\/1dronas.lt\/wp-content\/uploads\/2021\/05\/delivery-icon-12x12.png 12w\" sizes=\"auto, (max-width: 24px) 100vw, 24px\" \/>\u00a0 <span style=\"font-size: 90%;\">1 \u2013 2 days<\/span><\/strong><\/span><\/p>","protected":false},"featured_media":9600,"comment_status":"open","ping_status":"closed","template":"","meta":[],"product_brand":[592],"product_cat":[109],"product_tag":[99,468,980,610,593],"class_list":{"0":"post-9596","1":"product","2":"type-product","3":"status-publish","4":"has-post-thumbnail","6":"product_brand-geprc","7":"product_cat-cinewhoop","8":"product_tag-6s","9":"product_tag-analog","10":"product_tag-black-friday","11":"product_tag-cinebot30","12":"product_tag-geprc","14":"first","15":"instock","16":"taxable","17":"shipping-taxable","18":"purchasable","19":"product-type-simple"},"yoast_head":"<!-- This site is optimized with the Yoast SEO plugin v27.3 - https:\/\/yoast.com\/product\/yoast-seo-wordpress\/ -->\n<title>GEPRC Cinebot30 Analog 6S ELRS 2.4GHz - 1dronas.lt<\/title>\n<meta name=\"robots\" content=\"index, follow, max-snippet:-1, max-image-preview:large, max-video-preview:-1\" \/>\n<link rel=\"canonical\" href=\"https:\/\/1dronas.lt\/en\/produktas\/geprc-cinebot30-analog-6s-pnp\/\" \/>\n<meta property=\"og:locale\" content=\"en_US\" \/>\n<meta property=\"og:type\" content=\"article\" \/>\n<meta property=\"og:title\" content=\"GEPRC Cinebot30 Analog 6S ELRS 2.4GHz - 1dronas.lt\" \/>\n<meta property=\"og:description\" content=\"GEPRC profesional\u0173 paruo\u0161tas Cinebot30 puikiai tinka skryd\u017eiams tiek patalpose, tiek lauke.  \u00a0 1 \u2013 2 d. d.\" \/>\n<meta property=\"og:url\" content=\"https:\/\/1dronas.lt\/en\/produktas\/geprc-cinebot30-analog-6s-pnp\/\" \/>\n<meta property=\"og:site_name\" content=\"1dronas.lt\" \/>\n<meta property=\"article:publisher\" content=\"https:\/\/www.facebook.com\/1dronas\/\" \/>\n<meta property=\"article:modified_time\" content=\"2025-11-30T22:29:59+00:00\" \/>\n<meta property=\"og:image\" content=\"https:\/\/1dronas.lt\/wp-content\/uploads\/2025\/06\/5-4-min.jpg\" \/>\n\t<meta property=\"og:image:width\" content=\"2000\" \/>\n\t<meta property=\"og:image:height\" content=\"2000\" \/>\n\t<meta property=\"og:image:type\" content=\"image\/jpeg\" \/>\n<meta name=\"twitter:card\" content=\"summary_large_image\" \/>\n<meta name=\"twitter:label1\" content=\"Est. reading time\" \/>\n\t<meta name=\"twitter:data1\" content=\"3 minutes\" \/>\n<script type=\"application\/ld+json\" class=\"yoast-schema-graph\">{\"@context\":\"https:\\\/\\\/schema.org\",\"@graph\":[{\"@type\":\"WebPage\",\"@id\":\"https:\\\/\\\/1dronas.lt\\\/en\\\/produktas\\\/geprc-cinebot30-analog-6s-pnp\\\/\",\"url\":\"https:\\\/\\\/1dronas.lt\\\/en\\\/produktas\\\/geprc-cinebot30-analog-6s-pnp\\\/\",\"name\":\"GEPRC Cinebot30 Analog 6S ELRS 2.4GHz - 1dronas.lt\",\"isPartOf\":{\"@id\":\"https:\\\/\\\/1dronas.lt\\\/en\\\/#website\"},\"primaryImageOfPage\":{\"@id\":\"https:\\\/\\\/1dronas.lt\\\/en\\\/produktas\\\/geprc-cinebot30-analog-6s-pnp\\\/#primaryimage\"},\"image\":{\"@id\":\"https:\\\/\\\/1dronas.lt\\\/en\\\/produktas\\\/geprc-cinebot30-analog-6s-pnp\\\/#primaryimage\"},\"thumbnailUrl\":\"https:\\\/\\\/1dronas.lt\\\/wp-content\\\/uploads\\\/2025\\\/06\\\/5-4-min.jpg\",\"datePublished\":\"2025-06-10T10:03:14+00:00\",\"dateModified\":\"2025-11-30T22:29:59+00:00\",\"breadcrumb\":{\"@id\":\"https:\\\/\\\/1dronas.lt\\\/en\\\/produktas\\\/geprc-cinebot30-analog-6s-pnp\\\/#breadcrumb\"},\"inLanguage\":\"en-US\",\"potentialAction\":[{\"@type\":\"ReadAction\",\"target\":[\"https:\\\/\\\/1dronas.lt\\\/en\\\/produktas\\\/geprc-cinebot30-analog-6s-pnp\\\/\"]}]},{\"@type\":\"ImageObject\",\"inLanguage\":\"en-US\",\"@id\":\"https:\\\/\\\/1dronas.lt\\\/en\\\/produktas\\\/geprc-cinebot30-analog-6s-pnp\\\/#primaryimage\",\"url\":\"https:\\\/\\\/1dronas.lt\\\/wp-content\\\/uploads\\\/2025\\\/06\\\/5-4-min.jpg\",\"contentUrl\":\"https:\\\/\\\/1dronas.lt\\\/wp-content\\\/uploads\\\/2025\\\/06\\\/5-4-min.jpg\",\"width\":2000,\"height\":2000},{\"@type\":\"BreadcrumbList\",\"@id\":\"https:\\\/\\\/1dronas.lt\\\/en\\\/produktas\\\/geprc-cinebot30-analog-6s-pnp\\\/#breadcrumb\",\"itemListElement\":[{\"@type\":\"ListItem\",\"position\":1,\"name\":\"Home\",\"item\":\"https:\\\/\\\/1dronas.lt\\\/\"},{\"@type\":\"ListItem\",\"position\":2,\"name\":\"Parduotuv\u0117\",\"item\":\"https:\\\/\\\/1dronas.lt\\\/parduotuve\\\/\"},{\"@type\":\"ListItem\",\"position\":3,\"name\":\"GEPRC Cinebot30 Analog 6S ELRS 2.4GHz\"}]},{\"@type\":\"WebSite\",\"@id\":\"https:\\\/\\\/1dronas.lt\\\/en\\\/#website\",\"url\":\"https:\\\/\\\/1dronas.lt\\\/en\\\/\",\"name\":\"1dronas.lt\",\"description\":\"Internetin\u0117 parduotuv\u0117\",\"publisher\":{\"@id\":\"https:\\\/\\\/1dronas.lt\\\/en\\\/#organization\"},\"potentialAction\":[{\"@type\":\"SearchAction\",\"target\":{\"@type\":\"EntryPoint\",\"urlTemplate\":\"https:\\\/\\\/1dronas.lt\\\/en\\\/?s={search_term_string}\"},\"query-input\":{\"@type\":\"PropertyValueSpecification\",\"valueRequired\":true,\"valueName\":\"search_term_string\"}}],\"inLanguage\":\"en-US\"},{\"@type\":\"Organization\",\"@id\":\"https:\\\/\\\/1dronas.lt\\\/en\\\/#organization\",\"name\":\"1dronas.lt\",\"url\":\"https:\\\/\\\/1dronas.lt\\\/en\\\/\",\"logo\":{\"@type\":\"ImageObject\",\"inLanguage\":\"en-US\",\"@id\":\"https:\\\/\\\/1dronas.lt\\\/en\\\/#\\\/schema\\\/logo\\\/image\\\/\",\"url\":\"https:\\\/\\\/1dronas.lt\\\/wp-content\\\/uploads\\\/2020\\\/12\\\/Ekrano_kopija__2_-removebg-preview-1-1.png\",\"contentUrl\":\"https:\\\/\\\/1dronas.lt\\\/wp-content\\\/uploads\\\/2020\\\/12\\\/Ekrano_kopija__2_-removebg-preview-1-1.png\",\"width\":234,\"height\":81,\"caption\":\"1dronas.lt\"},\"image\":{\"@id\":\"https:\\\/\\\/1dronas.lt\\\/en\\\/#\\\/schema\\\/logo\\\/image\\\/\"},\"sameAs\":[\"https:\\\/\\\/www.facebook.com\\\/1dronas\\\/\"]}]}<\/script>\n<!-- \/ Yoast SEO plugin. -->","yoast_head_json":{"title":"GEPRC Cinebot30 Analog 6S ELRS 2.4GHz - 1dronas.lt","robots":{"index":"index","follow":"follow","max-snippet":"max-snippet:-1","max-image-preview":"max-image-preview:large","max-video-preview":"max-video-preview:-1"},"canonical":"https:\/\/1dronas.lt\/en\/produktas\/geprc-cinebot30-analog-6s-pnp\/","og_locale":"en_US","og_type":"article","og_title":"GEPRC Cinebot30 Analog 6S ELRS 2.4GHz - 1dronas.lt","og_description":"GEPRC profesional\u0173 paruo\u0161tas Cinebot30 puikiai tinka skryd\u017eiams tiek patalpose, tiek lauke.  \u00a0 1 \u2013 2 d. d.","og_url":"https:\/\/1dronas.lt\/en\/produktas\/geprc-cinebot30-analog-6s-pnp\/","og_site_name":"1dronas.lt","article_publisher":"https:\/\/www.facebook.com\/1dronas\/","article_modified_time":"2025-11-30T22:29:59+00:00","og_image":[{"width":2000,"height":2000,"url":"https:\/\/1dronas.lt\/wp-content\/uploads\/2025\/06\/5-4-min.jpg","type":"image\/jpeg"}],"twitter_card":"summary_large_image","twitter_misc":{"Est. reading time":"3 minutes"},"schema":{"@context":"https:\/\/schema.org","@graph":[{"@type":"WebPage","@id":"https:\/\/1dronas.lt\/en\/produktas\/geprc-cinebot30-analog-6s-pnp\/","url":"https:\/\/1dronas.lt\/en\/produktas\/geprc-cinebot30-analog-6s-pnp\/","name":"GEPRC Cinebot30 Analog 6S ELRS 2.4GHz - 1dronas.lt","isPartOf":{"@id":"https:\/\/1dronas.lt\/en\/#website"},"primaryImageOfPage":{"@id":"https:\/\/1dronas.lt\/en\/produktas\/geprc-cinebot30-analog-6s-pnp\/#primaryimage"},"image":{"@id":"https:\/\/1dronas.lt\/en\/produktas\/geprc-cinebot30-analog-6s-pnp\/#primaryimage"},"thumbnailUrl":"https:\/\/1dronas.lt\/wp-content\/uploads\/2025\/06\/5-4-min.jpg","datePublished":"2025-06-10T10:03:14+00:00","dateModified":"2025-11-30T22:29:59+00:00","breadcrumb":{"@id":"https:\/\/1dronas.lt\/en\/produktas\/geprc-cinebot30-analog-6s-pnp\/#breadcrumb"},"inLanguage":"en-US","potentialAction":[{"@type":"ReadAction","target":["https:\/\/1dronas.lt\/en\/produktas\/geprc-cinebot30-analog-6s-pnp\/"]}]},{"@type":"ImageObject","inLanguage":"en-US","@id":"https:\/\/1dronas.lt\/en\/produktas\/geprc-cinebot30-analog-6s-pnp\/#primaryimage","url":"https:\/\/1dronas.lt\/wp-content\/uploads\/2025\/06\/5-4-min.jpg","contentUrl":"https:\/\/1dronas.lt\/wp-content\/uploads\/2025\/06\/5-4-min.jpg","width":2000,"height":2000},{"@type":"BreadcrumbList","@id":"https:\/\/1dronas.lt\/en\/produktas\/geprc-cinebot30-analog-6s-pnp\/#breadcrumb","itemListElement":[{"@type":"ListItem","position":1,"name":"Home","item":"https:\/\/1dronas.lt\/"},{"@type":"ListItem","position":2,"name":"Parduotuv\u0117","item":"https:\/\/1dronas.lt\/parduotuve\/"},{"@type":"ListItem","position":3,"name":"GEPRC Cinebot30 Analog 6S ELRS 2.4GHz"}]},{"@type":"WebSite","@id":"https:\/\/1dronas.lt\/en\/#website","url":"https:\/\/1dronas.lt\/en\/","name":"1dronas.lt","description":"Online store","publisher":{"@id":"https:\/\/1dronas.lt\/en\/#organization"},"potentialAction":[{"@type":"SearchAction","target":{"@type":"EntryPoint","urlTemplate":"https:\/\/1dronas.lt\/en\/?s={search_term_string}"},"query-input":{"@type":"PropertyValueSpecification","valueRequired":true,"valueName":"search_term_string"}}],"inLanguage":"en-US"},{"@type":"Organization","@id":"https:\/\/1dronas.lt\/en\/#organization","name":"1dronas.lt","url":"https:\/\/1dronas.lt\/en\/","logo":{"@type":"ImageObject","inLanguage":"en-US","@id":"https:\/\/1dronas.lt\/en\/#\/schema\/logo\/image\/","url":"https:\/\/1dronas.lt\/wp-content\/uploads\/2020\/12\/Ekrano_kopija__2_-removebg-preview-1-1.png","contentUrl":"https:\/\/1dronas.lt\/wp-content\/uploads\/2020\/12\/Ekrano_kopija__2_-removebg-preview-1-1.png","width":234,"height":81,"caption":"1dronas.lt"},"image":{"@id":"https:\/\/1dronas.lt\/en\/#\/schema\/logo\/image\/"},"sameAs":["https:\/\/www.facebook.com\/1dronas\/"]}]}},"jetpack_sharing_enabled":true,"_links":{"self":[{"href":"https:\/\/1dronas.lt\/en\/wp-json\/wp\/v2\/product\/9596","targetHints":{"allow":["GET"]}}],"collection":[{"href":"https:\/\/1dronas.lt\/en\/wp-json\/wp\/v2\/product"}],"about":[{"href":"https:\/\/1dronas.lt\/en\/wp-json\/wp\/v2\/types\/product"}],"replies":[{"embeddable":true,"href":"https:\/\/1dronas.lt\/en\/wp-json\/wp\/v2\/comments?post=9596"}],"wp:featuredmedia":[{"embeddable":true,"href":"https:\/\/1dronas.lt\/en\/wp-json\/wp\/v2\/media\/9600"}],"wp:attachment":[{"href":"https:\/\/1dronas.lt\/en\/wp-json\/wp\/v2\/media?parent=9596"}],"wp:term":[{"taxonomy":"product_brand","embeddable":true,"href":"https:\/\/1dronas.lt\/en\/wp-json\/wp\/v2\/product_brand?post=9596"},{"taxonomy":"product_cat","embeddable":true,"href":"https:\/\/1dronas.lt\/en\/wp-json\/wp\/v2\/product_cat?post=9596"},{"taxonomy":"product_tag","embeddable":true,"href":"https:\/\/1dronas.lt\/en\/wp-json\/wp\/v2\/product_tag?post=9596"}],"curies":[{"name":"wp","href":"https:\/\/api.w.org\/{rel}","templated":true}]}}