{"id":9586,"date":"2025-06-08T13:43:28","date_gmt":"2025-06-08T13:43:28","guid":{"rendered":"https:\/\/1dronas.lt\/?post_type=product&#038;p=9586"},"modified":"2026-02-13T11:46:07","modified_gmt":"2026-02-13T09:46:07","slug":"geprc-tinygo-racing-fpv-whoop-rtf","status":"publish","type":"product","link":"https:\/\/1dronas.lt\/en\/produktas\/geprc-tinygo-racing-fpv-whoop-rtf\/","title":{"rendered":"GEPRC TinyGO Racing FPV Whoop RTF"},"content":{"rendered":"<p data-start=\"1193\" data-end=\"1482\">TinyGO can fly for more than 6 minutes (depending on your flying habits). Thanks to the stable electronics and the extremely strong and durable frame material, FPV flight becomes stable and shockproof. The EVA protective material around the frame is elastic, difficult to damage or deform.<\/p>\n<p data-start=\"1193\" data-end=\"1482\"><strong data-start=\"2547\" data-end=\"2559\">Features:<\/strong><\/p>\n<p data-start=\"1193\" data-end=\"1482\"><strong>\u2022<\/strong> Perfect for indoor flights, more than 6 minutes flight time;<br \/>\n<strong>\u2022<\/strong> TAKER F411 8Bit 12A FC system is used;<br \/>\n<strong>\u2022<\/strong> Propellers do not fall into the view, VTX is resistant to interference, there is no &quot;jello&quot; effect, the view is stable during flight;<br \/>\n<strong>\u2022<\/strong> The newly designed TinyRadio GR8 controller is specially designed for beginners;<br \/>\n<strong>\u2022<\/strong> High-quality FPV goggles, 800\u00d7480 px resolution, sensitive 5.8G receiver;<br \/>\n<strong>\u2022<\/strong> Ready-to-use kit, complete with stylish GEPRC bag - lightweight and convenient.<\/p>\n<p data-start=\"1193\" data-end=\"1482\"><strong data-start=\"3175\" data-end=\"3194\">Specifications:<\/strong><\/p>\n<p data-start=\"3196\" data-end=\"3720\"><strong>\u2022<\/strong> Name: TinyGO;<br data-start=\"3219\" data-end=\"3222\" \/><strong>\u2022<\/strong> Manufacturer: GEPRC;<br data-start=\"3243\" data-end=\"3246\" \/><strong>\u2022<\/strong> Frame: GEP-TG16;<br data-start=\"3265\" data-end=\"3268\" \/><strong>\u2022<\/strong> Motor distance (diagonal): 79 mm;<br data-start=\"3308\" data-end=\"3311\" \/><strong>\u2022<\/strong> FC (Controller): TAKER F411 8Bit 12A;<br data-start=\"3350\" data-end=\"3353\" \/><strong>\u2022<\/strong> MCU: STM32F411;<br data-start=\"3371\" data-end=\"3374\" \/><strong>\u2022<\/strong> IMU: 42688-P;<br data-start=\"3390\" data-end=\"3393\" \/><strong>\u2022<\/strong> Blackbox: 16 MB;<br data-start=\"3412\" data-end=\"3415\" \/><strong>\u2022<\/strong> OSD: BetaFlight OSD with AT7456E chip;<br data-start=\"3461\" data-end=\"3464\" \/><strong>\u2022<\/strong> ESC: 8Bit 12A;<br data-start=\"3481\" data-end=\"3484\" \/><strong>\u2022<\/strong> VTX: RAD Whoop 5.8G 25~400mw;<br data-start=\"3516\" data-end=\"3519\" \/><strong>\u2022<\/strong> Camera: Runcam Nano2;<br data-start=\"3566\" data-end=\"3569\" \/><strong>\u2022<\/strong> Propellers: GEMFAN 1636*4;<br data-start=\"3609\" data-end=\"3612\" \/><strong>\u2022<\/strong> Motors: GR1102 10000Kv;<br data-start=\"3641\" data-end=\"3644\" \/><strong>\u2022<\/strong> Receiver: Integrated ELRS SPI receiver;<br data-start=\"3685\" data-end=\"3688\" \/><strong>\u2022<\/strong> TinyGO Racing weight: 48 g.<\/p>\n<p data-start=\"3196\" data-end=\"3720\"><strong data-start=\"3727\" data-end=\"3757\">Remote control:<\/strong><\/p>\n<p data-start=\"3759\" data-end=\"3784\"><strong>\u2022<\/strong> TinyRadio ELRS 2.4G<br \/>\n<strong>\u2022<\/strong> Frequency: 2.4 GHz;<br \/>\n<strong>\u2022<\/strong> Channels: 8;<br \/>\n<strong>\u2022<\/strong> Distance: more than 1000 m;<br \/>\n<strong>\u2022<\/strong> Transmitter power: &lt; 500 mW;<br \/>\n<strong>\u2022<\/strong> Antenna connector: SMA;<br \/>\n<strong>\u2022<\/strong> Low voltage warning: &lt; 6.6 V;<br \/>\n<strong>\u2022<\/strong> Power supply: 2 x 18650 batteries (not included).<\/p>\n<p data-start=\"3759\" data-end=\"3784\"><strong data-start=\"4003\" data-end=\"4019\">FPV goggles:<\/strong><\/p>\n<p data-start=\"4003\" data-end=\"4019\"><strong>\u2022<\/strong> GEPRC FPV RG1<br \/>\n<strong>\u2022<\/strong> Resolution: 800\u00d7480 px;<br \/>\n<strong>\u2022<\/strong> Screen size: 4.3 inches;<br \/>\n<strong>\u2022<\/strong> Dimensions: 155mm x 144mm x 113mm;<br \/>\n<strong>\u2022<\/strong> Internal battery: 3.7 V \/ 2000 mAh;<br \/>\n<strong>\u2022<\/strong> Operating time: 2.5 hours;<br \/>\n<strong>\u2022<\/strong> Weight: 314.6 g.<\/p>\n<p data-start=\"4003\" data-end=\"4019\"><strong data-start=\"4204\" data-end=\"4222\">FPV batteries:<\/strong><\/p>\n<p data-start=\"4204\" data-end=\"4222\"><strong>\u2022<\/strong> Capacity: 530mAh;<br \/>\n<strong>\u2022<\/strong> Voltage: 4.35V 1S1P;<br \/>\n<strong>\u2022<\/strong> Discharge current: 90C;<br \/>\n<strong>\u2022<\/strong> Dimensions: 61 mm x 16.7 mm x 7 mm;<br \/>\n<strong>\u2022<\/strong> Weight: 12.7 g;<br \/>\n<strong>\u2022<\/strong> Connector: PH2.0.<\/p>\n<p data-start=\"4204\" data-end=\"4222\"><strong data-start=\"4373\" data-end=\"4388\">Charger:<\/strong><\/p>\n<p data-start=\"4373\" data-end=\"4388\"><strong>\u2022<\/strong> Input: 5V (USB &amp; Type-C);<br \/>\n<strong>\u2022<\/strong> Charging voltage: 4.35 V;<br \/>\n<strong>\u2022<\/strong> Output current: 500 mA;<br \/>\n<strong>\u2022<\/strong> Simultaneously charged: 2 pcs. 1S HV Lipo 4.35V (HP2.0 \/ GNB27 connectors).<\/p>\n<p data-start=\"4373\" data-end=\"4388\"><strong data-start=\"4557\" data-end=\"4575\">Package:<\/strong><\/p>\n<p data-start=\"4557\" data-end=\"4575\">1x TinyGO TinyWhoop drone;<br \/>\n1x TinyRadio ELRS 2.4G transmitter;<br \/>\n1x GEPRC FPV RG1 goggles;<br \/>\n4x GEPRC LiHV 4.35V 90C batteries;<br \/>\n1x Battery strap;<br \/>\n4x Gemfan 1636*4 propeller pairs;<br \/>\n1x GEPRC carrying bag;<br \/>\n1x Screwdriver.<\/p>","protected":false},"excerpt":{"rendered":"<p><span style=\"color: #333333;\">TinyGO \u2013 This is the beginning of a great flight experience.<\/span><\/p>\n<p><span style=\"color: #333333;\"><strong><img loading=\"lazy\" decoding=\"async\" class=\"alignnone wp-image-1806\" src=\"https:\/\/1dronas.lt\/wp-content\/uploads\/2021\/05\/delivery-icon.png\" alt=\"\" width=\"24\" height=\"24\" srcset=\"https:\/\/1dronas.lt\/wp-content\/uploads\/2021\/05\/delivery-icon.png 35w, https:\/\/1dronas.lt\/wp-content\/uploads\/2021\/05\/delivery-icon-12x12.png 12w\" sizes=\"auto, (max-width: 24px) 100vw, 24px\" \/> \u00a0<span style=\"font-size: 90%;\">1 \u2013 2 days<\/span><\/strong><\/span><\/p>","protected":false},"featured_media":9594,"comment_status":"open","ping_status":"closed","template":"","meta":[],"product_brand":[592],"product_cat":[63],"product_tag":[980,176,593,609,133,608],"class_list":{"0":"post-9586","1":"product","2":"type-product","3":"status-publish","4":"has-post-thumbnail","6":"product_brand-geprc","7":"product_cat-fpv-rinkiniai","8":"product_tag-black-friday","9":"product_tag-elrs","10":"product_tag-geprc","11":"product_tag-kit","12":"product_tag-rtf","13":"product_tag-tinygo","15":"first","16":"instock","17":"taxable","18":"shipping-taxable","19":"purchasable","20":"product-type-simple"},"yoast_head":"<!-- This site is optimized with the Yoast SEO plugin v27.3 - https:\/\/yoast.com\/product\/yoast-seo-wordpress\/ -->\n<title>GEPRC TinyGO Racing FPV Whoop RTF - 1dronas.lt<\/title>\n<meta name=\"robots\" content=\"index, follow, max-snippet:-1, max-image-preview:large, max-video-preview:-1\" \/>\n<link rel=\"canonical\" href=\"https:\/\/1dronas.lt\/en\/produktas\/geprc-tinygo-racing-fpv-whoop-rtf\/\" \/>\n<meta property=\"og:locale\" content=\"en_US\" \/>\n<meta property=\"og:type\" content=\"article\" \/>\n<meta property=\"og:title\" content=\"GEPRC TinyGO Racing FPV Whoop RTF - 1dronas.lt\" \/>\n<meta property=\"og:description\" content=\"\u201eTinyGO\u201c - Tai puikios skryd\u017ei\u0173 patirties prad\u017eia.   \u00a01 \u2013 2 d. d.\" \/>\n<meta property=\"og:url\" content=\"https:\/\/1dronas.lt\/en\/produktas\/geprc-tinygo-racing-fpv-whoop-rtf\/\" \/>\n<meta property=\"og:site_name\" content=\"1dronas.lt\" \/>\n<meta property=\"article:publisher\" content=\"https:\/\/www.facebook.com\/1dronas\/\" \/>\n<meta property=\"article:modified_time\" content=\"2026-02-13T09:46:07+00:00\" \/>\n<meta property=\"og:image\" content=\"https:\/\/1dronas.lt\/wp-content\/uploads\/2025\/06\/TinyGO-Racing-FPV-8-1-min.jpg\" \/>\n\t<meta property=\"og:image:width\" content=\"2000\" \/>\n\t<meta property=\"og:image:height\" content=\"2000\" \/>\n\t<meta property=\"og:image:type\" content=\"image\/jpeg\" \/>\n<meta name=\"twitter:card\" content=\"summary_large_image\" \/>\n<meta name=\"twitter:label1\" content=\"Est. reading time\" \/>\n\t<meta name=\"twitter:data1\" content=\"3 minutes\" \/>\n<script type=\"application\/ld+json\" class=\"yoast-schema-graph\">{\"@context\":\"https:\\\/\\\/schema.org\",\"@graph\":[{\"@type\":\"WebPage\",\"@id\":\"https:\\\/\\\/1dronas.lt\\\/en\\\/produktas\\\/geprc-tinygo-racing-fpv-whoop-rtf\\\/\",\"url\":\"https:\\\/\\\/1dronas.lt\\\/en\\\/produktas\\\/geprc-tinygo-racing-fpv-whoop-rtf\\\/\",\"name\":\"GEPRC TinyGO Racing FPV Whoop RTF - 1dronas.lt\",\"isPartOf\":{\"@id\":\"https:\\\/\\\/1dronas.lt\\\/en\\\/#website\"},\"primaryImageOfPage\":{\"@id\":\"https:\\\/\\\/1dronas.lt\\\/en\\\/produktas\\\/geprc-tinygo-racing-fpv-whoop-rtf\\\/#primaryimage\"},\"image\":{\"@id\":\"https:\\\/\\\/1dronas.lt\\\/en\\\/produktas\\\/geprc-tinygo-racing-fpv-whoop-rtf\\\/#primaryimage\"},\"thumbnailUrl\":\"https:\\\/\\\/1dronas.lt\\\/wp-content\\\/uploads\\\/2025\\\/06\\\/TinyGO-Racing-FPV-8-1-min.jpg\",\"datePublished\":\"2025-06-08T13:43:28+00:00\",\"dateModified\":\"2026-02-13T09:46:07+00:00\",\"breadcrumb\":{\"@id\":\"https:\\\/\\\/1dronas.lt\\\/en\\\/produktas\\\/geprc-tinygo-racing-fpv-whoop-rtf\\\/#breadcrumb\"},\"inLanguage\":\"en-US\",\"potentialAction\":[{\"@type\":\"ReadAction\",\"target\":[\"https:\\\/\\\/1dronas.lt\\\/en\\\/produktas\\\/geprc-tinygo-racing-fpv-whoop-rtf\\\/\"]}]},{\"@type\":\"ImageObject\",\"inLanguage\":\"en-US\",\"@id\":\"https:\\\/\\\/1dronas.lt\\\/en\\\/produktas\\\/geprc-tinygo-racing-fpv-whoop-rtf\\\/#primaryimage\",\"url\":\"https:\\\/\\\/1dronas.lt\\\/wp-content\\\/uploads\\\/2025\\\/06\\\/TinyGO-Racing-FPV-8-1-min.jpg\",\"contentUrl\":\"https:\\\/\\\/1dronas.lt\\\/wp-content\\\/uploads\\\/2025\\\/06\\\/TinyGO-Racing-FPV-8-1-min.jpg\",\"width\":2000,\"height\":2000},{\"@type\":\"BreadcrumbList\",\"@id\":\"https:\\\/\\\/1dronas.lt\\\/en\\\/produktas\\\/geprc-tinygo-racing-fpv-whoop-rtf\\\/#breadcrumb\",\"itemListElement\":[{\"@type\":\"ListItem\",\"position\":1,\"name\":\"Home\",\"item\":\"https:\\\/\\\/1dronas.lt\\\/\"},{\"@type\":\"ListItem\",\"position\":2,\"name\":\"Parduotuv\u0117\",\"item\":\"https:\\\/\\\/1dronas.lt\\\/parduotuve\\\/\"},{\"@type\":\"ListItem\",\"position\":3,\"name\":\"GEPRC TinyGO Racing FPV Whoop RTF\"}]},{\"@type\":\"WebSite\",\"@id\":\"https:\\\/\\\/1dronas.lt\\\/en\\\/#website\",\"url\":\"https:\\\/\\\/1dronas.lt\\\/en\\\/\",\"name\":\"1dronas.lt\",\"description\":\"Internetin\u0117 parduotuv\u0117\",\"publisher\":{\"@id\":\"https:\\\/\\\/1dronas.lt\\\/en\\\/#organization\"},\"potentialAction\":[{\"@type\":\"SearchAction\",\"target\":{\"@type\":\"EntryPoint\",\"urlTemplate\":\"https:\\\/\\\/1dronas.lt\\\/en\\\/?s={search_term_string}\"},\"query-input\":{\"@type\":\"PropertyValueSpecification\",\"valueRequired\":true,\"valueName\":\"search_term_string\"}}],\"inLanguage\":\"en-US\"},{\"@type\":\"Organization\",\"@id\":\"https:\\\/\\\/1dronas.lt\\\/en\\\/#organization\",\"name\":\"1dronas.lt\",\"url\":\"https:\\\/\\\/1dronas.lt\\\/en\\\/\",\"logo\":{\"@type\":\"ImageObject\",\"inLanguage\":\"en-US\",\"@id\":\"https:\\\/\\\/1dronas.lt\\\/en\\\/#\\\/schema\\\/logo\\\/image\\\/\",\"url\":\"https:\\\/\\\/1dronas.lt\\\/wp-content\\\/uploads\\\/2020\\\/12\\\/Ekrano_kopija__2_-removebg-preview-1-1.png\",\"contentUrl\":\"https:\\\/\\\/1dronas.lt\\\/wp-content\\\/uploads\\\/2020\\\/12\\\/Ekrano_kopija__2_-removebg-preview-1-1.png\",\"width\":234,\"height\":81,\"caption\":\"1dronas.lt\"},\"image\":{\"@id\":\"https:\\\/\\\/1dronas.lt\\\/en\\\/#\\\/schema\\\/logo\\\/image\\\/\"},\"sameAs\":[\"https:\\\/\\\/www.facebook.com\\\/1dronas\\\/\"]}]}<\/script>\n<!-- \/ Yoast SEO plugin. -->","yoast_head_json":{"title":"GEPRC TinyGO Racing FPV Whoop RTF - 1dronas.lt","robots":{"index":"index","follow":"follow","max-snippet":"max-snippet:-1","max-image-preview":"max-image-preview:large","max-video-preview":"max-video-preview:-1"},"canonical":"https:\/\/1dronas.lt\/en\/produktas\/geprc-tinygo-racing-fpv-whoop-rtf\/","og_locale":"en_US","og_type":"article","og_title":"GEPRC TinyGO Racing FPV Whoop RTF - 1dronas.lt","og_description":"\u201eTinyGO\u201c - Tai puikios skryd\u017ei\u0173 patirties prad\u017eia.   \u00a01 \u2013 2 d. d.","og_url":"https:\/\/1dronas.lt\/en\/produktas\/geprc-tinygo-racing-fpv-whoop-rtf\/","og_site_name":"1dronas.lt","article_publisher":"https:\/\/www.facebook.com\/1dronas\/","article_modified_time":"2026-02-13T09:46:07+00:00","og_image":[{"width":2000,"height":2000,"url":"https:\/\/1dronas.lt\/wp-content\/uploads\/2025\/06\/TinyGO-Racing-FPV-8-1-min.jpg","type":"image\/jpeg"}],"twitter_card":"summary_large_image","twitter_misc":{"Est. reading time":"3 minutes"},"schema":{"@context":"https:\/\/schema.org","@graph":[{"@type":"WebPage","@id":"https:\/\/1dronas.lt\/en\/produktas\/geprc-tinygo-racing-fpv-whoop-rtf\/","url":"https:\/\/1dronas.lt\/en\/produktas\/geprc-tinygo-racing-fpv-whoop-rtf\/","name":"GEPRC TinyGO Racing FPV Whoop RTF - 1dronas.lt","isPartOf":{"@id":"https:\/\/1dronas.lt\/en\/#website"},"primaryImageOfPage":{"@id":"https:\/\/1dronas.lt\/en\/produktas\/geprc-tinygo-racing-fpv-whoop-rtf\/#primaryimage"},"image":{"@id":"https:\/\/1dronas.lt\/en\/produktas\/geprc-tinygo-racing-fpv-whoop-rtf\/#primaryimage"},"thumbnailUrl":"https:\/\/1dronas.lt\/wp-content\/uploads\/2025\/06\/TinyGO-Racing-FPV-8-1-min.jpg","datePublished":"2025-06-08T13:43:28+00:00","dateModified":"2026-02-13T09:46:07+00:00","breadcrumb":{"@id":"https:\/\/1dronas.lt\/en\/produktas\/geprc-tinygo-racing-fpv-whoop-rtf\/#breadcrumb"},"inLanguage":"en-US","potentialAction":[{"@type":"ReadAction","target":["https:\/\/1dronas.lt\/en\/produktas\/geprc-tinygo-racing-fpv-whoop-rtf\/"]}]},{"@type":"ImageObject","inLanguage":"en-US","@id":"https:\/\/1dronas.lt\/en\/produktas\/geprc-tinygo-racing-fpv-whoop-rtf\/#primaryimage","url":"https:\/\/1dronas.lt\/wp-content\/uploads\/2025\/06\/TinyGO-Racing-FPV-8-1-min.jpg","contentUrl":"https:\/\/1dronas.lt\/wp-content\/uploads\/2025\/06\/TinyGO-Racing-FPV-8-1-min.jpg","width":2000,"height":2000},{"@type":"BreadcrumbList","@id":"https:\/\/1dronas.lt\/en\/produktas\/geprc-tinygo-racing-fpv-whoop-rtf\/#breadcrumb","itemListElement":[{"@type":"ListItem","position":1,"name":"Home","item":"https:\/\/1dronas.lt\/"},{"@type":"ListItem","position":2,"name":"Parduotuv\u0117","item":"https:\/\/1dronas.lt\/parduotuve\/"},{"@type":"ListItem","position":3,"name":"GEPRC TinyGO Racing FPV Whoop RTF"}]},{"@type":"WebSite","@id":"https:\/\/1dronas.lt\/en\/#website","url":"https:\/\/1dronas.lt\/en\/","name":"1dronas.lt","description":"Online store","publisher":{"@id":"https:\/\/1dronas.lt\/en\/#organization"},"potentialAction":[{"@type":"SearchAction","target":{"@type":"EntryPoint","urlTemplate":"https:\/\/1dronas.lt\/en\/?s={search_term_string}"},"query-input":{"@type":"PropertyValueSpecification","valueRequired":true,"valueName":"search_term_string"}}],"inLanguage":"en-US"},{"@type":"Organization","@id":"https:\/\/1dronas.lt\/en\/#organization","name":"1dronas.lt","url":"https:\/\/1dronas.lt\/en\/","logo":{"@type":"ImageObject","inLanguage":"en-US","@id":"https:\/\/1dronas.lt\/en\/#\/schema\/logo\/image\/","url":"https:\/\/1dronas.lt\/wp-content\/uploads\/2020\/12\/Ekrano_kopija__2_-removebg-preview-1-1.png","contentUrl":"https:\/\/1dronas.lt\/wp-content\/uploads\/2020\/12\/Ekrano_kopija__2_-removebg-preview-1-1.png","width":234,"height":81,"caption":"1dronas.lt"},"image":{"@id":"https:\/\/1dronas.lt\/en\/#\/schema\/logo\/image\/"},"sameAs":["https:\/\/www.facebook.com\/1dronas\/"]}]}},"jetpack_sharing_enabled":true,"_links":{"self":[{"href":"https:\/\/1dronas.lt\/en\/wp-json\/wp\/v2\/product\/9586","targetHints":{"allow":["GET"]}}],"collection":[{"href":"https:\/\/1dronas.lt\/en\/wp-json\/wp\/v2\/product"}],"about":[{"href":"https:\/\/1dronas.lt\/en\/wp-json\/wp\/v2\/types\/product"}],"replies":[{"embeddable":true,"href":"https:\/\/1dronas.lt\/en\/wp-json\/wp\/v2\/comments?post=9586"}],"wp:featuredmedia":[{"embeddable":true,"href":"https:\/\/1dronas.lt\/en\/wp-json\/wp\/v2\/media\/9594"}],"wp:attachment":[{"href":"https:\/\/1dronas.lt\/en\/wp-json\/wp\/v2\/media?parent=9586"}],"wp:term":[{"taxonomy":"product_brand","embeddable":true,"href":"https:\/\/1dronas.lt\/en\/wp-json\/wp\/v2\/product_brand?post=9586"},{"taxonomy":"product_cat","embeddable":true,"href":"https:\/\/1dronas.lt\/en\/wp-json\/wp\/v2\/product_cat?post=9586"},{"taxonomy":"product_tag","embeddable":true,"href":"https:\/\/1dronas.lt\/en\/wp-json\/wp\/v2\/product_tag?post=9586"}],"curies":[{"name":"wp","href":"https:\/\/api.w.org\/{rel}","templated":true}]}}