{"id":9484,"date":"2025-06-04T20:25:11","date_gmt":"2025-06-04T20:25:11","guid":{"rendered":"https:\/\/1dronas.lt\/?post_type=product&#038;p=9484"},"modified":"2026-03-16T17:39:40","modified_gmt":"2026-03-16T15:39:40","slug":"geprc-cinelog35-v2-analog","status":"publish","type":"product","link":"https:\/\/1dronas.lt\/en\/produktas\/geprc-cinelog35-v2-analog\/","title":{"rendered":"GEPRC CineLog35 V2 Analog 6S GPS ELRS 2.4GHz"},"content":{"rendered":"<p data-start=\"881\" data-end=\"1027\"><img loading=\"lazy\" decoding=\"async\" class=\"alignnone wp-image-12337 size-full\" src=\"https:\/\/1dronas.lt\/wp-content\/uploads\/2025\/06\/CineLog35-V2-banner-min-scaled.jpeg\" alt=\"\" width=\"2560\" height=\"1440\" srcset=\"https:\/\/1dronas.lt\/wp-content\/uploads\/2025\/06\/CineLog35-V2-banner-min-scaled.jpeg 2560w, https:\/\/1dronas.lt\/wp-content\/uploads\/2025\/06\/CineLog35-V2-banner-min-300x169.jpeg 300w, https:\/\/1dronas.lt\/wp-content\/uploads\/2025\/06\/CineLog35-V2-banner-min-1024x576.jpeg 1024w, https:\/\/1dronas.lt\/wp-content\/uploads\/2025\/06\/CineLog35-V2-banner-min-768x432.jpeg 768w, https:\/\/1dronas.lt\/wp-content\/uploads\/2025\/06\/CineLog35-V2-banner-min-1536x864.jpeg 1536w, https:\/\/1dronas.lt\/wp-content\/uploads\/2025\/06\/CineLog35-V2-banner-min-2048x1152.jpeg 2048w, https:\/\/1dronas.lt\/wp-content\/uploads\/2025\/06\/CineLog35-V2-banner-min-18x10.jpeg 18w, https:\/\/1dronas.lt\/wp-content\/uploads\/2025\/06\/CineLog35-V2-banner-min-510x287.jpeg 510w\" sizes=\"auto, (max-width: 2560px) 100vw, 2560px\" \/><\/p>\n<p data-start=\"881\" data-end=\"1027\">This is a 3.5-inch FPV drone that combines kinematics, freestyle, recreational flying, and safety - meeting a wide range of user needs for both indoor and outdoor flights.<\/p>\n<p>Installed F722-45A AIO flight controller and new SPEEDX2 2105.5 motors - more power, a more aggressive system and faster response.<\/p>\n<p data-start=\"881\" data-end=\"1027\"><strong>Features:<\/strong><\/p>\n<p data-start=\"1695\" data-end=\"1833\"><strong>\u2022<\/strong> New look, reinforced carbon panel;<br \/>\n<strong>\u2022<\/strong> GEP F722-45A AIO V2 high-performance flight controller is used;<br \/>\n<strong>\u2022<\/strong> SPEEDX2 2105.5 engine with HQ DT90 propellers \u2013 stable power output and smooth flight feel;<br \/>\n<strong>\u2022<\/strong> An XT60E1-M connector is integrated into the frame;<\/p>\n<p data-start=\"1695\" data-end=\"1833\"><strong>Specification:<\/strong><\/p>\n<p data-start=\"2605\" data-end=\"2639\"><strong>\u2022<\/strong> Model: CineLog35 V2 Analog;<br \/>\n<strong>\u2022<\/strong> Frame: GEP-CL35 V2;<br \/>\n<strong>\u2022<\/strong> Axle distance: 142 mm;<br \/>\n<strong>\u2022<\/strong> Gimbal plate: 2.0 mm;<br \/>\n<strong>\u2022 <\/strong>Top plate: 3.5 mm;<br \/>\n<strong>\u2022<\/strong> Bottom plate: 1.5 mm;<br \/>\n<strong>\u2022<\/strong> Flight controller: GEP-F722-45A AIO V2;<br \/>\n<strong>\u2022<\/strong> Processor (MCU): STM32F722RET6;<br \/>\n<strong>\u2022<\/strong> Gyro: ICM 42688-P;<br \/>\n<strong>\u2022<\/strong> OSD: Betaflight OSD with AT7456E chip;<br \/>\n<strong>\u2022<\/strong> ESC: 8Bit 45A;<br \/>\n<strong>\u2022<\/strong> Video Transmitter (VTX): GEPRC RAD 1W (UFL);<br \/>\n<strong>\u2022<\/strong> Camera: Caddx Ratel2;<br \/>\n<strong>\u2022<\/strong> Antenna: GEPRC Peano 5.8 RHCP (UFL);<br \/>\n<strong>\u2022<\/strong> Engine: SPEEDX2 2105.5-2650KV (6S);<br \/>\n<strong>\u2022<\/strong> Propellers: HQProp D-T90MM;<br \/>\n<strong>\u2022<\/strong> GPS: GEP-M10;<br \/>\n<strong>\u2022<\/strong> Receiver: ELRS2.4G;<br \/>\n<strong>\u2022<\/strong> Recommended battery: LiPo 6S 1050\u20131300 mAh;<br \/>\n<strong>\u2022<\/strong> Flight time: ~ 8 min 30 sec.<\/p>\n<p data-start=\"2605\" data-end=\"2639\"><strong>Package:<\/strong><\/p>\n<p data-start=\"3440\" data-end=\"3465\">1\u00d7 CineLog35 V2 Analog;<br \/>\n2\u00d7 HQProp D-T90MM (2 pairs);<br \/>\n2\u00d7 20 \u00d7 250 mm battery straps;<br \/>\n2\u00d7 Battery silicone mats;<br \/>\n1\u00d7 Screw set;<br \/>\n1\u00d7 L-shaped screwdriver (1.5 mm);<br \/>\n1\u00d7 L-shaped screwdriver (2 mm);<br \/>\n1\u00d7 L-shaped screwdriver (3 mm);<br \/>\n1\u00d7 M5 wrench;<br \/>\n1\u00d7 Plastic tweezers;<br \/>\n1\u00d7 Antenna mounting tube (pair);<br \/>\n1\u00d7 Keychain;<br \/>\n1\u00d7 GoPro camera mounting base;<br \/>\n1\u00d7 Naked GoPro camera mounting base;<br \/>\n1\u00d7 Antenna mounting base.<\/p>\n<p><strong data-start=\"382\" data-end=\"416\">Spare screws included:<\/strong><\/p>\n<p data-start=\"3976\" data-end=\"4016\">2\u00d7 M2*18 screws;<br \/>\n2\u00d7 M2*5.5 screws with washers;<br \/>\n1\u00d7 M2*12 screw;<br \/>\n2\u00d7 M2 rivets;<br \/>\n4\u00d7 M2*8 screws;<br \/>\n4\u00d7 M2*7 screws;<br \/>\n4\u00d7 M2*6 screws;<br \/>\n2\u00d7 M2.5*6 screws;<br \/>\n2\u00d7 M1.6*8 screws;<br \/>\n1\u00d7 M5 nut;<br \/>\n2\u00d7 M2*1.9-OD4.9 brass rivets;<br \/>\n2\u00d7 M2 iron nuts;<br \/>\n2\u00d7 Camera gimbal shock absorbers;<\/p>\n<p data-start=\"3976\" data-end=\"4016\">CLI Dump CineLog35 V2: <a class=\"\" href=\"https:\/\/geprc.com\/downloads\/cinelog35-v2\/\" target=\"_new\" rel=\"noopener\" data-start=\"1584\" data-end=\"1669\">https:\/\/geprc.com\/downloads\/cinelog35-v2<\/a><\/p>\n<p data-start=\"3976\" data-end=\"4016\"><img loading=\"lazy\" decoding=\"async\" class=\"alignnone wp-image-9485 size-large\" src=\"https:\/\/1dronas.lt\/wp-content\/uploads\/2025\/06\/18-min-721x1024.jpg\" alt=\"\" width=\"721\" height=\"1024\" srcset=\"https:\/\/1dronas.lt\/wp-content\/uploads\/2025\/06\/18-min-721x1024.jpg 721w, https:\/\/1dronas.lt\/wp-content\/uploads\/2025\/06\/18-min-211x300.jpg 211w, https:\/\/1dronas.lt\/wp-content\/uploads\/2025\/06\/18-min-768x1091.jpg 768w, https:\/\/1dronas.lt\/wp-content\/uploads\/2025\/06\/18-min-1082x1536.jpg 1082w, https:\/\/1dronas.lt\/wp-content\/uploads\/2025\/06\/18-min-8x12.jpg 8w, https:\/\/1dronas.lt\/wp-content\/uploads\/2025\/06\/18-min-510x724.jpg 510w, https:\/\/1dronas.lt\/wp-content\/uploads\/2025\/06\/18-min.jpg 1200w\" sizes=\"auto, (max-width: 721px) 100vw, 721px\" \/><\/p>","protected":false},"excerpt":{"rendered":"<p><span style=\"color: #333333;\">A 3.5-inch FPV drone that combines cinematics, freestyle, leisure flying and safety.<\/span><\/p>\n<p><span style=\"color: #333333;\"><strong><img loading=\"lazy\" decoding=\"async\" class=\"alignnone wp-image-1806\" src=\"https:\/\/1dronas.lt\/wp-content\/uploads\/2021\/05\/delivery-icon.png\" alt=\"\" width=\"24\" height=\"24\" srcset=\"https:\/\/1dronas.lt\/wp-content\/uploads\/2021\/05\/delivery-icon.png 35w, https:\/\/1dronas.lt\/wp-content\/uploads\/2021\/05\/delivery-icon-12x12.png 12w\" sizes=\"auto, (max-width: 24px) 100vw, 24px\" \/> \u00a0<span style=\"font-size: 90%;\">1 \u2013 2 days<\/span><\/strong><\/span><\/p>","protected":false},"featured_media":9488,"comment_status":"open","ping_status":"closed","template":"","meta":[],"product_brand":[592],"product_cat":[109],"product_tag":[519,99,468,980,597,176,593,40],"class_list":{"0":"post-9484","1":"product","2":"type-product","3":"status-publish","4":"has-post-thumbnail","6":"product_brand-geprc","7":"product_cat-cinewhoop","8":"product_tag-2-4ghz","9":"product_tag-6s","10":"product_tag-analog","11":"product_tag-black-friday","12":"product_tag-cinelog35-v2","13":"product_tag-elrs","14":"product_tag-geprc","15":"product_tag-gps","17":"first","18":"outofstock","19":"taxable","20":"shipping-taxable","21":"purchasable","22":"product-type-simple"},"yoast_head":"<!-- This site is optimized with the Yoast SEO plugin v27.3 - https:\/\/yoast.com\/product\/yoast-seo-wordpress\/ -->\n<title>GEPRC CineLog35 V2 Analog 6S GPS ELRS 2.4GHz - 1dronas.lt<\/title>\n<meta name=\"robots\" content=\"index, follow, max-snippet:-1, max-image-preview:large, max-video-preview:-1\" \/>\n<link rel=\"canonical\" href=\"https:\/\/1dronas.lt\/en\/produktas\/geprc-cinelog35-v2-analog\/\" \/>\n<meta property=\"og:locale\" content=\"en_US\" \/>\n<meta property=\"og:type\" content=\"article\" \/>\n<meta property=\"og:title\" content=\"GEPRC CineLog35 V2 Analog 6S GPS ELRS 2.4GHz - 1dronas.lt\" \/>\n<meta property=\"og:description\" content=\"3,5 colio FPV dronas, apjungiantis cinematik\u0105, freestyle, laisvalaikio skryd\u017eius ir saugum\u0105.   \u00a01 \u2013 2 d. d.\" \/>\n<meta property=\"og:url\" content=\"https:\/\/1dronas.lt\/en\/produktas\/geprc-cinelog35-v2-analog\/\" \/>\n<meta property=\"og:site_name\" content=\"1dronas.lt\" \/>\n<meta property=\"article:publisher\" content=\"https:\/\/www.facebook.com\/1dronas\/\" \/>\n<meta property=\"article:modified_time\" content=\"2026-03-16T15:39:40+00:00\" \/>\n<meta property=\"og:image\" content=\"https:\/\/1dronas.lt\/wp-content\/uploads\/2025\/06\/CineLog35-V2-Analog-4-min.jpg\" \/>\n\t<meta property=\"og:image:width\" content=\"2000\" \/>\n\t<meta property=\"og:image:height\" content=\"2000\" \/>\n\t<meta property=\"og:image:type\" content=\"image\/jpeg\" \/>\n<meta name=\"twitter:card\" content=\"summary_large_image\" \/>\n<meta name=\"twitter:label1\" content=\"Est. reading time\" \/>\n\t<meta name=\"twitter:data1\" content=\"3 minutes\" \/>\n<script type=\"application\/ld+json\" class=\"yoast-schema-graph\">{\"@context\":\"https:\\\/\\\/schema.org\",\"@graph\":[{\"@type\":\"WebPage\",\"@id\":\"https:\\\/\\\/1dronas.lt\\\/en\\\/produktas\\\/geprc-cinelog35-v2-analog\\\/\",\"url\":\"https:\\\/\\\/1dronas.lt\\\/en\\\/produktas\\\/geprc-cinelog35-v2-analog\\\/\",\"name\":\"GEPRC CineLog35 V2 Analog 6S GPS ELRS 2.4GHz - 1dronas.lt\",\"isPartOf\":{\"@id\":\"https:\\\/\\\/1dronas.lt\\\/en\\\/#website\"},\"primaryImageOfPage\":{\"@id\":\"https:\\\/\\\/1dronas.lt\\\/en\\\/produktas\\\/geprc-cinelog35-v2-analog\\\/#primaryimage\"},\"image\":{\"@id\":\"https:\\\/\\\/1dronas.lt\\\/en\\\/produktas\\\/geprc-cinelog35-v2-analog\\\/#primaryimage\"},\"thumbnailUrl\":\"https:\\\/\\\/1dronas.lt\\\/wp-content\\\/uploads\\\/2025\\\/06\\\/CineLog35-V2-Analog-4-min.jpg\",\"datePublished\":\"2025-06-04T20:25:11+00:00\",\"dateModified\":\"2026-03-16T15:39:40+00:00\",\"breadcrumb\":{\"@id\":\"https:\\\/\\\/1dronas.lt\\\/en\\\/produktas\\\/geprc-cinelog35-v2-analog\\\/#breadcrumb\"},\"inLanguage\":\"en-US\",\"potentialAction\":[{\"@type\":\"ReadAction\",\"target\":[\"https:\\\/\\\/1dronas.lt\\\/en\\\/produktas\\\/geprc-cinelog35-v2-analog\\\/\"]}]},{\"@type\":\"ImageObject\",\"inLanguage\":\"en-US\",\"@id\":\"https:\\\/\\\/1dronas.lt\\\/en\\\/produktas\\\/geprc-cinelog35-v2-analog\\\/#primaryimage\",\"url\":\"https:\\\/\\\/1dronas.lt\\\/wp-content\\\/uploads\\\/2025\\\/06\\\/CineLog35-V2-Analog-4-min.jpg\",\"contentUrl\":\"https:\\\/\\\/1dronas.lt\\\/wp-content\\\/uploads\\\/2025\\\/06\\\/CineLog35-V2-Analog-4-min.jpg\",\"width\":2000,\"height\":2000},{\"@type\":\"BreadcrumbList\",\"@id\":\"https:\\\/\\\/1dronas.lt\\\/en\\\/produktas\\\/geprc-cinelog35-v2-analog\\\/#breadcrumb\",\"itemListElement\":[{\"@type\":\"ListItem\",\"position\":1,\"name\":\"Home\",\"item\":\"https:\\\/\\\/1dronas.lt\\\/\"},{\"@type\":\"ListItem\",\"position\":2,\"name\":\"Parduotuv\u0117\",\"item\":\"https:\\\/\\\/1dronas.lt\\\/parduotuve\\\/\"},{\"@type\":\"ListItem\",\"position\":3,\"name\":\"GEPRC CineLog35 V2 Analog 6S GPS ELRS 2.4GHz\"}]},{\"@type\":\"WebSite\",\"@id\":\"https:\\\/\\\/1dronas.lt\\\/en\\\/#website\",\"url\":\"https:\\\/\\\/1dronas.lt\\\/en\\\/\",\"name\":\"1dronas.lt\",\"description\":\"Internetin\u0117 parduotuv\u0117\",\"publisher\":{\"@id\":\"https:\\\/\\\/1dronas.lt\\\/en\\\/#organization\"},\"potentialAction\":[{\"@type\":\"SearchAction\",\"target\":{\"@type\":\"EntryPoint\",\"urlTemplate\":\"https:\\\/\\\/1dronas.lt\\\/en\\\/?s={search_term_string}\"},\"query-input\":{\"@type\":\"PropertyValueSpecification\",\"valueRequired\":true,\"valueName\":\"search_term_string\"}}],\"inLanguage\":\"en-US\"},{\"@type\":\"Organization\",\"@id\":\"https:\\\/\\\/1dronas.lt\\\/en\\\/#organization\",\"name\":\"1dronas.lt\",\"url\":\"https:\\\/\\\/1dronas.lt\\\/en\\\/\",\"logo\":{\"@type\":\"ImageObject\",\"inLanguage\":\"en-US\",\"@id\":\"https:\\\/\\\/1dronas.lt\\\/en\\\/#\\\/schema\\\/logo\\\/image\\\/\",\"url\":\"https:\\\/\\\/1dronas.lt\\\/wp-content\\\/uploads\\\/2020\\\/12\\\/Ekrano_kopija__2_-removebg-preview-1-1.png\",\"contentUrl\":\"https:\\\/\\\/1dronas.lt\\\/wp-content\\\/uploads\\\/2020\\\/12\\\/Ekrano_kopija__2_-removebg-preview-1-1.png\",\"width\":234,\"height\":81,\"caption\":\"1dronas.lt\"},\"image\":{\"@id\":\"https:\\\/\\\/1dronas.lt\\\/en\\\/#\\\/schema\\\/logo\\\/image\\\/\"},\"sameAs\":[\"https:\\\/\\\/www.facebook.com\\\/1dronas\\\/\"]}]}<\/script>\n<!-- \/ Yoast SEO plugin. -->","yoast_head_json":{"title":"GEPRC CineLog35 V2 Analog 6S GPS ELRS 2.4GHz - 1dronas.lt","robots":{"index":"index","follow":"follow","max-snippet":"max-snippet:-1","max-image-preview":"max-image-preview:large","max-video-preview":"max-video-preview:-1"},"canonical":"https:\/\/1dronas.lt\/en\/produktas\/geprc-cinelog35-v2-analog\/","og_locale":"en_US","og_type":"article","og_title":"GEPRC CineLog35 V2 Analog 6S GPS ELRS 2.4GHz - 1dronas.lt","og_description":"3,5 colio FPV dronas, apjungiantis cinematik\u0105, freestyle, laisvalaikio skryd\u017eius ir saugum\u0105.   \u00a01 \u2013 2 d. d.","og_url":"https:\/\/1dronas.lt\/en\/produktas\/geprc-cinelog35-v2-analog\/","og_site_name":"1dronas.lt","article_publisher":"https:\/\/www.facebook.com\/1dronas\/","article_modified_time":"2026-03-16T15:39:40+00:00","og_image":[{"width":2000,"height":2000,"url":"https:\/\/1dronas.lt\/wp-content\/uploads\/2025\/06\/CineLog35-V2-Analog-4-min.jpg","type":"image\/jpeg"}],"twitter_card":"summary_large_image","twitter_misc":{"Est. reading time":"3 minutes"},"schema":{"@context":"https:\/\/schema.org","@graph":[{"@type":"WebPage","@id":"https:\/\/1dronas.lt\/en\/produktas\/geprc-cinelog35-v2-analog\/","url":"https:\/\/1dronas.lt\/en\/produktas\/geprc-cinelog35-v2-analog\/","name":"GEPRC CineLog35 V2 Analog 6S GPS ELRS 2.4GHz - 1dronas.lt","isPartOf":{"@id":"https:\/\/1dronas.lt\/en\/#website"},"primaryImageOfPage":{"@id":"https:\/\/1dronas.lt\/en\/produktas\/geprc-cinelog35-v2-analog\/#primaryimage"},"image":{"@id":"https:\/\/1dronas.lt\/en\/produktas\/geprc-cinelog35-v2-analog\/#primaryimage"},"thumbnailUrl":"https:\/\/1dronas.lt\/wp-content\/uploads\/2025\/06\/CineLog35-V2-Analog-4-min.jpg","datePublished":"2025-06-04T20:25:11+00:00","dateModified":"2026-03-16T15:39:40+00:00","breadcrumb":{"@id":"https:\/\/1dronas.lt\/en\/produktas\/geprc-cinelog35-v2-analog\/#breadcrumb"},"inLanguage":"en-US","potentialAction":[{"@type":"ReadAction","target":["https:\/\/1dronas.lt\/en\/produktas\/geprc-cinelog35-v2-analog\/"]}]},{"@type":"ImageObject","inLanguage":"en-US","@id":"https:\/\/1dronas.lt\/en\/produktas\/geprc-cinelog35-v2-analog\/#primaryimage","url":"https:\/\/1dronas.lt\/wp-content\/uploads\/2025\/06\/CineLog35-V2-Analog-4-min.jpg","contentUrl":"https:\/\/1dronas.lt\/wp-content\/uploads\/2025\/06\/CineLog35-V2-Analog-4-min.jpg","width":2000,"height":2000},{"@type":"BreadcrumbList","@id":"https:\/\/1dronas.lt\/en\/produktas\/geprc-cinelog35-v2-analog\/#breadcrumb","itemListElement":[{"@type":"ListItem","position":1,"name":"Home","item":"https:\/\/1dronas.lt\/"},{"@type":"ListItem","position":2,"name":"Parduotuv\u0117","item":"https:\/\/1dronas.lt\/parduotuve\/"},{"@type":"ListItem","position":3,"name":"GEPRC CineLog35 V2 Analog 6S GPS ELRS 2.4GHz"}]},{"@type":"WebSite","@id":"https:\/\/1dronas.lt\/en\/#website","url":"https:\/\/1dronas.lt\/en\/","name":"1dronas.lt","description":"Online store","publisher":{"@id":"https:\/\/1dronas.lt\/en\/#organization"},"potentialAction":[{"@type":"SearchAction","target":{"@type":"EntryPoint","urlTemplate":"https:\/\/1dronas.lt\/en\/?s={search_term_string}"},"query-input":{"@type":"PropertyValueSpecification","valueRequired":true,"valueName":"search_term_string"}}],"inLanguage":"en-US"},{"@type":"Organization","@id":"https:\/\/1dronas.lt\/en\/#organization","name":"1dronas.lt","url":"https:\/\/1dronas.lt\/en\/","logo":{"@type":"ImageObject","inLanguage":"en-US","@id":"https:\/\/1dronas.lt\/en\/#\/schema\/logo\/image\/","url":"https:\/\/1dronas.lt\/wp-content\/uploads\/2020\/12\/Ekrano_kopija__2_-removebg-preview-1-1.png","contentUrl":"https:\/\/1dronas.lt\/wp-content\/uploads\/2020\/12\/Ekrano_kopija__2_-removebg-preview-1-1.png","width":234,"height":81,"caption":"1dronas.lt"},"image":{"@id":"https:\/\/1dronas.lt\/en\/#\/schema\/logo\/image\/"},"sameAs":["https:\/\/www.facebook.com\/1dronas\/"]}]}},"jetpack_sharing_enabled":true,"_links":{"self":[{"href":"https:\/\/1dronas.lt\/en\/wp-json\/wp\/v2\/product\/9484","targetHints":{"allow":["GET"]}}],"collection":[{"href":"https:\/\/1dronas.lt\/en\/wp-json\/wp\/v2\/product"}],"about":[{"href":"https:\/\/1dronas.lt\/en\/wp-json\/wp\/v2\/types\/product"}],"replies":[{"embeddable":true,"href":"https:\/\/1dronas.lt\/en\/wp-json\/wp\/v2\/comments?post=9484"}],"wp:featuredmedia":[{"embeddable":true,"href":"https:\/\/1dronas.lt\/en\/wp-json\/wp\/v2\/media\/9488"}],"wp:attachment":[{"href":"https:\/\/1dronas.lt\/en\/wp-json\/wp\/v2\/media?parent=9484"}],"wp:term":[{"taxonomy":"product_brand","embeddable":true,"href":"https:\/\/1dronas.lt\/en\/wp-json\/wp\/v2\/product_brand?post=9484"},{"taxonomy":"product_cat","embeddable":true,"href":"https:\/\/1dronas.lt\/en\/wp-json\/wp\/v2\/product_cat?post=9484"},{"taxonomy":"product_tag","embeddable":true,"href":"https:\/\/1dronas.lt\/en\/wp-json\/wp\/v2\/product_tag?post=9484"}],"curies":[{"name":"wp","href":"https:\/\/api.w.org\/{rel}","templated":true}]}}