{"id":9226,"date":"2025-05-06T12:44:37","date_gmt":"2025-05-06T12:44:37","guid":{"rendered":"https:\/\/1dronas.lt\/?post_type=product&#038;p=9226"},"modified":"2026-02-07T22:19:47","modified_gmt":"2026-02-07T20:19:47","slug":"baterija-betafpv-lava-450mah-2s-75c-xt30","status":"publish","type":"product","link":"https:\/\/1dronas.lt\/en\/produktas\/baterija-betafpv-lava-450mah-2s-75c-xt30\/","title":{"rendered":"Battery BETAFPV LAVA 450mAh 2S 75C \u2013 XT30 (2VNT)"},"content":{"rendered":"<p>Pilots seeking greater flight power need a reliable battery to unleash the full potential of their quadcopter. Get a powerful LiHV battery with an innovative Z-Folding process that outperforms conventional Winding in capacity and discharge rates. An impressive 75C discharge rate allows for increased performance.<\/p>\n<p><img loading=\"lazy\" decoding=\"async\" class=\"alignnone size-full wp-image-9630\" src=\"https:\/\/1dronas.lt\/wp-content\/uploads\/2025\/05\/2-4S450_aa8a3085-f507-4701-b342-ee605e49e011_1024x1024.webp\" alt=\"\" width=\"1024\" height=\"576\" srcset=\"https:\/\/1dronas.lt\/wp-content\/uploads\/2025\/05\/2-4S450_aa8a3085-f507-4701-b342-ee605e49e011_1024x1024.webp 1024w, https:\/\/1dronas.lt\/wp-content\/uploads\/2025\/05\/2-4S450_aa8a3085-f507-4701-b342-ee605e49e011_1024x1024-300x169.webp 300w, https:\/\/1dronas.lt\/wp-content\/uploads\/2025\/05\/2-4S450_aa8a3085-f507-4701-b342-ee605e49e011_1024x1024-768x432.webp 768w, https:\/\/1dronas.lt\/wp-content\/uploads\/2025\/05\/2-4S450_aa8a3085-f507-4701-b342-ee605e49e011_1024x1024-18x10.webp 18w, https:\/\/1dronas.lt\/wp-content\/uploads\/2025\/05\/2-4S450_aa8a3085-f507-4701-b342-ee605e49e011_1024x1024-510x287.webp 510w\" sizes=\"auto, (max-width: 1024px) 100vw, 1024px\" \/><\/p>\n<p><strong>Features:<\/strong><\/p>\n<p><strong>\u2022<\/strong>\u00a0Using the Z-Folding process, a 5% higher energy density is achieved compared to the Winding process, resulting in longer flight times and reduced inconvenience when changing batteries;<br \/>\n<strong>\u2022\u00a0<\/strong>With an increased 75C discharge rate, the battery delivers higher instantaneous power for excellent flight performance and unmatched maneuverability;<br \/>\n<strong>\u2022\u00a0<\/strong>Thanks to its extended battery cycle time, it ensures long-term power maintenance, providing users with long-lasting and reliable performance;<br \/>\n<strong>\u2022\u00a0<\/strong>A brand new LAVA series battery featuring a new design symbolizing explosive power reminiscent of molten lava.<\/p>\n<p><strong>Specification:<\/strong><\/p>\n<p><strong>\u2022\u00a0<\/strong>Products: LAVA 4S 450mAh 75C battery<br \/>\n<strong>\u2022\u00a0<\/strong>Capacity: 450mAh<br \/>\n<strong>\u2022\u00a0<\/strong>Dimensions: 63\u00d715.5\u00d713.5mm<br \/>\n<strong>\u2022\u00a0<\/strong>Weight: 26.1g.<br \/>\n<strong>\u2022\u00a0<\/strong>Capacity: 3.42Wh<br \/>\n<strong>\u2022 <\/strong>Discharge rate: 75C<br \/>\n<strong>\u2022\u00a0<\/strong>Battery type: LiHV<br \/>\n<strong>\u2022\u00a0<\/strong>Voltage: 7.6V<br \/>\n<strong>\u2022\u00a0<\/strong>Charging plug: JST-XH2.54 plug<br \/>\n<strong>\u2022\u00a0<\/strong>Connector: XT30 with 16AWG silicone wire<\/p>\n<p>The following image shows the dimensions of the battery.<\/p>\n<p><img loading=\"lazy\" decoding=\"async\" class=\"alignnone size-full wp-image-9631\" src=\"https:\/\/1dronas.lt\/wp-content\/uploads\/2025\/05\/2S450_f6ae0cfa-592d-403e-a366-174add780fdb_480x480.webp\" alt=\"\" width=\"480\" height=\"250\" srcset=\"https:\/\/1dronas.lt\/wp-content\/uploads\/2025\/05\/2S450_f6ae0cfa-592d-403e-a366-174add780fdb_480x480.webp 480w, https:\/\/1dronas.lt\/wp-content\/uploads\/2025\/05\/2S450_f6ae0cfa-592d-403e-a366-174add780fdb_480x480-300x156.webp 300w, https:\/\/1dronas.lt\/wp-content\/uploads\/2025\/05\/2S450_f6ae0cfa-592d-403e-a366-174add780fdb_480x480-18x9.webp 18w\" sizes=\"auto, (max-width: 480px) 100vw, 480px\" \/><\/p>\n<p><strong>Z Folding process<\/strong><\/p>\n<p>The Z-Folding Process battery demonstrates impressive performance and versatility. By taking advantage of low internal resistance, it enables efficient discharge of a high-current battery in a shorter time. Compared to the Winding Process battery, it achieves a 0.2V higher discharge at equivalent loads, ensuring consistent and reliable power, and also has a 5 % higher energy density in the same volume and longer cycle life. The Z-Folding Process allows for precise electrode sizes to be tailored to the dimensions of the lithium battery, optimizing control over the size and shape of the battery. The battery performance is improved, and there is a wider range of appearance and shape options, and its application possibilities are also wider compared to a battery made using the winding process.<\/p>\n<p><img loading=\"lazy\" decoding=\"async\" class=\"alignnone size-full wp-image-6956\" src=\"https:\/\/1dronas.lt\/wp-content\/uploads\/2024\/11\/c87350369e899281d3c131bee258dcdb_45d37877-36d6-4d06-96e1-032b6faddba4_1024x1024-min.jpg.webp\" sizes=\"auto, (max-width: 1024px) 100vw, 1024px\" srcset=\"https:\/\/1dronas.lt\/wp-content\/uploads\/2024\/11\/c87350369e899281d3c131bee258dcdb_45d37877-36d6-4d06-96e1-032b6faddba4_1024x1024-min.jpg.webp 1024w, https:\/\/1dronas.lt\/wp-content\/uploads\/2024\/11\/c87350369e899281d3c131bee258dcdb_45d37877-36d6-4d06-96e1-032b6faddba4_1024x1024-min-510x287.jpg.webp 510w, https:\/\/1dronas.lt\/wp-content\/uploads\/2024\/11\/c87350369e899281d3c131bee258dcdb_45d37877-36d6-4d06-96e1-032b6faddba4_1024x1024-min-300x169.jpg.webp 300w, https:\/\/1dronas.lt\/wp-content\/uploads\/2024\/11\/c87350369e899281d3c131bee258dcdb_45d37877-36d6-4d06-96e1-032b6faddba4_1024x1024-min-768x432.jpg.webp 768w\" alt=\"\" width=\"1024\" height=\"576\" \/><\/p>\n<p><strong>Warning<\/strong><\/p>\n<p><em>\u2022 Fully charge a new battery before use.<\/em><br \/>\n<em>\u2022 Only use a charger designed for lithium polymer\/lithium ion batteries and never leave the battery unattended while charging.<\/em><br \/>\n<em>\u2022 Always keep the battery away from flammable and explosive materials while charging.<\/em><br \/>\n<em>\u2022 Never overcharge a battery. The maximum voltage for a LiPo battery is 4.2 V per cell and for a LiHV battery it is 4.35 V per cell.<\/em><br \/>\n<em>\u2022 Never discharge the battery to a voltage below 3 V per cell under load.<\/em><br \/>\n<em>\u2022 Do not store fully charged batteries for more than 3 days. For long-term storage, maintain a voltage of 3.8-3.9 V.<\/em><br \/>\n<em>\u2022 Do not disassemble, crush, crush, expose to flame or other sources of ignition.<\/em><br \/>\n<em>\u2022 Do not use deformed or swollen batteries.<\/em><\/p>\n<p><strong>Package:<\/strong><\/p>\n<p>2 x LAVA 2S 450mAh 75C batteries.<\/p>\n<p><img loading=\"lazy\" decoding=\"async\" class=\"alignnone size-full wp-image-9632\" src=\"https:\/\/1dronas.lt\/wp-content\/uploads\/2025\/05\/2S450_8a8b6ab0-eb5f-4385-a89d-a0ac427922f6_480x480.webp\" alt=\"\" width=\"480\" height=\"480\" srcset=\"https:\/\/1dronas.lt\/wp-content\/uploads\/2025\/05\/2S450_8a8b6ab0-eb5f-4385-a89d-a0ac427922f6_480x480.webp 480w, https:\/\/1dronas.lt\/wp-content\/uploads\/2025\/05\/2S450_8a8b6ab0-eb5f-4385-a89d-a0ac427922f6_480x480-300x300.webp 300w, https:\/\/1dronas.lt\/wp-content\/uploads\/2025\/05\/2S450_8a8b6ab0-eb5f-4385-a89d-a0ac427922f6_480x480-150x150.webp 150w, https:\/\/1dronas.lt\/wp-content\/uploads\/2025\/05\/2S450_8a8b6ab0-eb5f-4385-a89d-a0ac427922f6_480x480-12x12.webp 12w, https:\/\/1dronas.lt\/wp-content\/uploads\/2025\/05\/2S450_8a8b6ab0-eb5f-4385-a89d-a0ac427922f6_480x480-247x247.webp 247w, https:\/\/1dronas.lt\/wp-content\/uploads\/2025\/05\/2S450_8a8b6ab0-eb5f-4385-a89d-a0ac427922f6_480x480-100x100.webp 100w\" sizes=\"auto, (max-width: 480px) 100vw, 480px\" \/><\/p>","protected":false},"excerpt":{"rendered":"<div class=\"product-short-description\">\n<p><span style=\"color: #333333;\">With an increased 75C discharge rate, the battery delivers higher instantaneous power for excellent flight performance and unmatched maneuverability.<\/span><\/p>\n<p><span style=\"color: #333333;\"><strong><img loading=\"lazy\" decoding=\"async\" class=\"alignnone wp-image-1806\" src=\"https:\/\/1dronas.lt\/wp-content\/uploads\/2021\/05\/delivery-icon.png.webp\" alt=\"\" width=\"24\" height=\"24\" srcset=\"https:\/\/1dronas.lt\/wp-content\/uploads\/2021\/05\/delivery-icon.png 35w, https:\/\/1dronas.lt\/wp-content\/uploads\/2021\/05\/delivery-icon-12x12.png 12w\" sizes=\"auto, (max-width: 24px) 100vw, 24px\" \/>\u00a0 <span style=\"font-size: 90%;\">1 \u2013 2 days<\/span><\/strong><\/span><\/p>\n<\/div>","protected":false},"featured_media":9633,"comment_status":"open","ping_status":"closed","template":"","meta":[],"product_brand":[489],"product_cat":[738],"product_tag":[138,356,509,69,443,751,93],"class_list":{"0":"post-9226","1":"product","2":"type-product","3":"status-publish","4":"has-post-thumbnail","6":"product_brand-betafpv","7":"product_cat-2s-lipo-akumuliatoriai","8":"product_tag-2s","9":"product_tag-450mah","10":"product_tag-75c","11":"product_tag-betafpv","12":"product_tag-lava","13":"product_tag-lihv","14":"product_tag-xt30","16":"first","17":"instock","18":"taxable","19":"shipping-taxable","20":"purchasable","21":"product-type-simple"},"yoast_head":"<!-- This site is optimized with the Yoast SEO plugin v27.3 - https:\/\/yoast.com\/product\/yoast-seo-wordpress\/ -->\n<title>Akumuliatorius BETAFPV LAVA 450mAh 2S 75C \u2013 XT30 (2VNT) - 1dronas.lt<\/title>\n<meta name=\"robots\" content=\"index, follow, max-snippet:-1, max-image-preview:large, max-video-preview:-1\" \/>\n<link rel=\"canonical\" href=\"https:\/\/1dronas.lt\/en\/produktas\/baterija-betafpv-lava-450mah-2s-75c-xt30\/\" \/>\n<meta property=\"og:locale\" content=\"en_US\" \/>\n<meta property=\"og:type\" content=\"article\" \/>\n<meta property=\"og:title\" content=\"Akumuliatorius BETAFPV LAVA 450mAh 2S 75C \u2013 XT30 (2VNT) - 1dronas.lt\" \/>\n<meta property=\"og:description\" content=\"D\u0117l padidinto 75C i\u0161krovos grei\u010dio baterija u\u017etikrina didesn\u0119 momentin\u0119 gali\u0105, kad skryd\u017eio na\u0161umas b\u016bt\u0173 puikus, o manevringumas \u2013 neprilygstamas.  \u00a0 1 \u2013 2 d.d.\" \/>\n<meta property=\"og:url\" content=\"https:\/\/1dronas.lt\/en\/produktas\/baterija-betafpv-lava-450mah-2s-75c-xt30\/\" \/>\n<meta property=\"og:site_name\" content=\"1dronas.lt\" \/>\n<meta property=\"article:publisher\" content=\"https:\/\/www.facebook.com\/1dronas\/\" \/>\n<meta property=\"article:modified_time\" content=\"2026-02-07T20:19:47+00:00\" \/>\n<meta property=\"og:image\" content=\"https:\/\/1dronas.lt\/wp-content\/uploads\/2025\/05\/2S450_720x.webp\" \/>\n\t<meta property=\"og:image:width\" content=\"720\" \/>\n\t<meta property=\"og:image:height\" content=\"720\" \/>\n\t<meta property=\"og:image:type\" content=\"image\/webp\" \/>\n<meta name=\"twitter:card\" content=\"summary_large_image\" \/>\n<meta name=\"twitter:label1\" content=\"Est. reading time\" \/>\n\t<meta name=\"twitter:data1\" content=\"4 minutes\" \/>\n<script type=\"application\/ld+json\" class=\"yoast-schema-graph\">{\"@context\":\"https:\\\/\\\/schema.org\",\"@graph\":[{\"@type\":\"WebPage\",\"@id\":\"https:\\\/\\\/1dronas.lt\\\/en\\\/produktas\\\/baterija-betafpv-lava-450mah-2s-75c-xt30\\\/\",\"url\":\"https:\\\/\\\/1dronas.lt\\\/en\\\/produktas\\\/baterija-betafpv-lava-450mah-2s-75c-xt30\\\/\",\"name\":\"Akumuliatorius BETAFPV LAVA 450mAh 2S 75C \u2013 XT30 (2VNT) - 1dronas.lt\",\"isPartOf\":{\"@id\":\"https:\\\/\\\/1dronas.lt\\\/en\\\/#website\"},\"primaryImageOfPage\":{\"@id\":\"https:\\\/\\\/1dronas.lt\\\/en\\\/produktas\\\/baterija-betafpv-lava-450mah-2s-75c-xt30\\\/#primaryimage\"},\"image\":{\"@id\":\"https:\\\/\\\/1dronas.lt\\\/en\\\/produktas\\\/baterija-betafpv-lava-450mah-2s-75c-xt30\\\/#primaryimage\"},\"thumbnailUrl\":\"https:\\\/\\\/1dronas.lt\\\/wp-content\\\/uploads\\\/2025\\\/05\\\/2S450_720x.webp\",\"datePublished\":\"2025-05-06T12:44:37+00:00\",\"dateModified\":\"2026-02-07T20:19:47+00:00\",\"breadcrumb\":{\"@id\":\"https:\\\/\\\/1dronas.lt\\\/en\\\/produktas\\\/baterija-betafpv-lava-450mah-2s-75c-xt30\\\/#breadcrumb\"},\"inLanguage\":\"en-US\",\"potentialAction\":[{\"@type\":\"ReadAction\",\"target\":[\"https:\\\/\\\/1dronas.lt\\\/en\\\/produktas\\\/baterija-betafpv-lava-450mah-2s-75c-xt30\\\/\"]}]},{\"@type\":\"ImageObject\",\"inLanguage\":\"en-US\",\"@id\":\"https:\\\/\\\/1dronas.lt\\\/en\\\/produktas\\\/baterija-betafpv-lava-450mah-2s-75c-xt30\\\/#primaryimage\",\"url\":\"https:\\\/\\\/1dronas.lt\\\/wp-content\\\/uploads\\\/2025\\\/05\\\/2S450_720x.webp\",\"contentUrl\":\"https:\\\/\\\/1dronas.lt\\\/wp-content\\\/uploads\\\/2025\\\/05\\\/2S450_720x.webp\",\"width\":720,\"height\":720},{\"@type\":\"BreadcrumbList\",\"@id\":\"https:\\\/\\\/1dronas.lt\\\/en\\\/produktas\\\/baterija-betafpv-lava-450mah-2s-75c-xt30\\\/#breadcrumb\",\"itemListElement\":[{\"@type\":\"ListItem\",\"position\":1,\"name\":\"Home\",\"item\":\"https:\\\/\\\/1dronas.lt\\\/\"},{\"@type\":\"ListItem\",\"position\":2,\"name\":\"Parduotuv\u0117\",\"item\":\"https:\\\/\\\/1dronas.lt\\\/parduotuve\\\/\"},{\"@type\":\"ListItem\",\"position\":3,\"name\":\"Akumuliatorius BETAFPV LAVA 450mAh 2S 75C \u2013 XT30 (2VNT)\"}]},{\"@type\":\"WebSite\",\"@id\":\"https:\\\/\\\/1dronas.lt\\\/en\\\/#website\",\"url\":\"https:\\\/\\\/1dronas.lt\\\/en\\\/\",\"name\":\"1dronas.lt\",\"description\":\"Internetin\u0117 parduotuv\u0117\",\"publisher\":{\"@id\":\"https:\\\/\\\/1dronas.lt\\\/en\\\/#organization\"},\"potentialAction\":[{\"@type\":\"SearchAction\",\"target\":{\"@type\":\"EntryPoint\",\"urlTemplate\":\"https:\\\/\\\/1dronas.lt\\\/en\\\/?s={search_term_string}\"},\"query-input\":{\"@type\":\"PropertyValueSpecification\",\"valueRequired\":true,\"valueName\":\"search_term_string\"}}],\"inLanguage\":\"en-US\"},{\"@type\":\"Organization\",\"@id\":\"https:\\\/\\\/1dronas.lt\\\/en\\\/#organization\",\"name\":\"1dronas.lt\",\"url\":\"https:\\\/\\\/1dronas.lt\\\/en\\\/\",\"logo\":{\"@type\":\"ImageObject\",\"inLanguage\":\"en-US\",\"@id\":\"https:\\\/\\\/1dronas.lt\\\/en\\\/#\\\/schema\\\/logo\\\/image\\\/\",\"url\":\"https:\\\/\\\/1dronas.lt\\\/wp-content\\\/uploads\\\/2020\\\/12\\\/Ekrano_kopija__2_-removebg-preview-1-1.png\",\"contentUrl\":\"https:\\\/\\\/1dronas.lt\\\/wp-content\\\/uploads\\\/2020\\\/12\\\/Ekrano_kopija__2_-removebg-preview-1-1.png\",\"width\":234,\"height\":81,\"caption\":\"1dronas.lt\"},\"image\":{\"@id\":\"https:\\\/\\\/1dronas.lt\\\/en\\\/#\\\/schema\\\/logo\\\/image\\\/\"},\"sameAs\":[\"https:\\\/\\\/www.facebook.com\\\/1dronas\\\/\"]}]}<\/script>\n<!-- \/ Yoast SEO plugin. -->","yoast_head_json":{"title":"Akumuliatorius BETAFPV LAVA 450mAh 2S 75C \u2013 XT30 (2VNT) - 1dronas.lt","robots":{"index":"index","follow":"follow","max-snippet":"max-snippet:-1","max-image-preview":"max-image-preview:large","max-video-preview":"max-video-preview:-1"},"canonical":"https:\/\/1dronas.lt\/en\/produktas\/baterija-betafpv-lava-450mah-2s-75c-xt30\/","og_locale":"en_US","og_type":"article","og_title":"Akumuliatorius BETAFPV LAVA 450mAh 2S 75C \u2013 XT30 (2VNT) - 1dronas.lt","og_description":"D\u0117l padidinto 75C i\u0161krovos grei\u010dio baterija u\u017etikrina didesn\u0119 momentin\u0119 gali\u0105, kad skryd\u017eio na\u0161umas b\u016bt\u0173 puikus, o manevringumas \u2013 neprilygstamas.  \u00a0 1 \u2013 2 d.d.","og_url":"https:\/\/1dronas.lt\/en\/produktas\/baterija-betafpv-lava-450mah-2s-75c-xt30\/","og_site_name":"1dronas.lt","article_publisher":"https:\/\/www.facebook.com\/1dronas\/","article_modified_time":"2026-02-07T20:19:47+00:00","og_image":[{"width":720,"height":720,"url":"https:\/\/1dronas.lt\/wp-content\/uploads\/2025\/05\/2S450_720x.webp","type":"image\/webp"}],"twitter_card":"summary_large_image","twitter_misc":{"Est. reading time":"4 minutes"},"schema":{"@context":"https:\/\/schema.org","@graph":[{"@type":"WebPage","@id":"https:\/\/1dronas.lt\/en\/produktas\/baterija-betafpv-lava-450mah-2s-75c-xt30\/","url":"https:\/\/1dronas.lt\/en\/produktas\/baterija-betafpv-lava-450mah-2s-75c-xt30\/","name":"Akumuliatorius BETAFPV LAVA 450mAh 2S 75C \u2013 XT30 (2VNT) - 1dronas.lt","isPartOf":{"@id":"https:\/\/1dronas.lt\/en\/#website"},"primaryImageOfPage":{"@id":"https:\/\/1dronas.lt\/en\/produktas\/baterija-betafpv-lava-450mah-2s-75c-xt30\/#primaryimage"},"image":{"@id":"https:\/\/1dronas.lt\/en\/produktas\/baterija-betafpv-lava-450mah-2s-75c-xt30\/#primaryimage"},"thumbnailUrl":"https:\/\/1dronas.lt\/wp-content\/uploads\/2025\/05\/2S450_720x.webp","datePublished":"2025-05-06T12:44:37+00:00","dateModified":"2026-02-07T20:19:47+00:00","breadcrumb":{"@id":"https:\/\/1dronas.lt\/en\/produktas\/baterija-betafpv-lava-450mah-2s-75c-xt30\/#breadcrumb"},"inLanguage":"en-US","potentialAction":[{"@type":"ReadAction","target":["https:\/\/1dronas.lt\/en\/produktas\/baterija-betafpv-lava-450mah-2s-75c-xt30\/"]}]},{"@type":"ImageObject","inLanguage":"en-US","@id":"https:\/\/1dronas.lt\/en\/produktas\/baterija-betafpv-lava-450mah-2s-75c-xt30\/#primaryimage","url":"https:\/\/1dronas.lt\/wp-content\/uploads\/2025\/05\/2S450_720x.webp","contentUrl":"https:\/\/1dronas.lt\/wp-content\/uploads\/2025\/05\/2S450_720x.webp","width":720,"height":720},{"@type":"BreadcrumbList","@id":"https:\/\/1dronas.lt\/en\/produktas\/baterija-betafpv-lava-450mah-2s-75c-xt30\/#breadcrumb","itemListElement":[{"@type":"ListItem","position":1,"name":"Home","item":"https:\/\/1dronas.lt\/"},{"@type":"ListItem","position":2,"name":"Parduotuv\u0117","item":"https:\/\/1dronas.lt\/parduotuve\/"},{"@type":"ListItem","position":3,"name":"Akumuliatorius BETAFPV LAVA 450mAh 2S 75C \u2013 XT30 (2VNT)"}]},{"@type":"WebSite","@id":"https:\/\/1dronas.lt\/en\/#website","url":"https:\/\/1dronas.lt\/en\/","name":"1dronas.lt","description":"Online store","publisher":{"@id":"https:\/\/1dronas.lt\/en\/#organization"},"potentialAction":[{"@type":"SearchAction","target":{"@type":"EntryPoint","urlTemplate":"https:\/\/1dronas.lt\/en\/?s={search_term_string}"},"query-input":{"@type":"PropertyValueSpecification","valueRequired":true,"valueName":"search_term_string"}}],"inLanguage":"en-US"},{"@type":"Organization","@id":"https:\/\/1dronas.lt\/en\/#organization","name":"1dronas.lt","url":"https:\/\/1dronas.lt\/en\/","logo":{"@type":"ImageObject","inLanguage":"en-US","@id":"https:\/\/1dronas.lt\/en\/#\/schema\/logo\/image\/","url":"https:\/\/1dronas.lt\/wp-content\/uploads\/2020\/12\/Ekrano_kopija__2_-removebg-preview-1-1.png","contentUrl":"https:\/\/1dronas.lt\/wp-content\/uploads\/2020\/12\/Ekrano_kopija__2_-removebg-preview-1-1.png","width":234,"height":81,"caption":"1dronas.lt"},"image":{"@id":"https:\/\/1dronas.lt\/en\/#\/schema\/logo\/image\/"},"sameAs":["https:\/\/www.facebook.com\/1dronas\/"]}]}},"jetpack_sharing_enabled":true,"_links":{"self":[{"href":"https:\/\/1dronas.lt\/en\/wp-json\/wp\/v2\/product\/9226","targetHints":{"allow":["GET"]}}],"collection":[{"href":"https:\/\/1dronas.lt\/en\/wp-json\/wp\/v2\/product"}],"about":[{"href":"https:\/\/1dronas.lt\/en\/wp-json\/wp\/v2\/types\/product"}],"replies":[{"embeddable":true,"href":"https:\/\/1dronas.lt\/en\/wp-json\/wp\/v2\/comments?post=9226"}],"wp:featuredmedia":[{"embeddable":true,"href":"https:\/\/1dronas.lt\/en\/wp-json\/wp\/v2\/media\/9633"}],"wp:attachment":[{"href":"https:\/\/1dronas.lt\/en\/wp-json\/wp\/v2\/media?parent=9226"}],"wp:term":[{"taxonomy":"product_brand","embeddable":true,"href":"https:\/\/1dronas.lt\/en\/wp-json\/wp\/v2\/product_brand?post=9226"},{"taxonomy":"product_cat","embeddable":true,"href":"https:\/\/1dronas.lt\/en\/wp-json\/wp\/v2\/product_cat?post=9226"},{"taxonomy":"product_tag","embeddable":true,"href":"https:\/\/1dronas.lt\/en\/wp-json\/wp\/v2\/product_tag?post=9226"}],"curies":[{"name":"wp","href":"https:\/\/api.w.org\/{rel}","templated":true}]}}