{"id":9166,"date":"2025-04-26T10:15:37","date_gmt":"2025-04-26T10:15:37","guid":{"rendered":"https:\/\/1dronas.lt\/?post_type=product&#038;p=9166"},"modified":"2026-04-27T08:14:01","modified_gmt":"2026-04-27T05:14:01","slug":"hota-kroviklis","status":"publish","type":"product","link":"https:\/\/1dronas.lt\/en\/produktas\/hota-kroviklis\/","title":{"rendered":"HOTA D6 Pro 325W 15A 1-6S Dual Channel AC\/DC Smart Charger Wireless Charging"},"content":{"rendered":"<p>HOTA D6 Pro supports 2-channel 325W charging and features a highly optimized charging algorithm with an efficiency of up to 94 %. The Pro model has all the features of the D6, plus an AC input! This charger performs all the functions without unnecessary complexity. It is easy to configure - a clear color LCD screen and a Speed Shuttle Key controller. Additionally, it has a 5V USB port AND wireless charging function on the top panel. Quickly and conveniently charge your iPhone, Samsung S8 and other mobile devices that support wireless charging.<\/p>\n<p><strong>Specification:<\/strong><\/p>\n<p><strong>\u2022\u00a0<\/strong>Model number: D6 Pro;<br \/>\n<strong>\u2022\u00a0<\/strong>Input voltage: AC 100~240V \/ DC 6.5~30V;<br \/>\n<strong>\u2022\u00a0<\/strong>Charging current: 0.1~15A * 2;<br \/>\n<strong>\u2022\u00a0<\/strong>Charging power:<br \/>\nDC: 325W*2 (650W);<br \/>\nAC: 200W (supports power distribution);<br \/>\n<strong>\u2022\u00a0<\/strong>Discharge power:<br \/>\nInternal discharge: 15W * 2 (via balancing connector \u2013 10W);<br \/>\nExternal discharge: 325W * 2;<br \/>\n\u2022 Battery types:<br \/>\nLiHv\/LiPo\/LiFe\/Lilon\/Lixx: 1~6S;<br \/>\nNiZn\/NiCd\/NiMH: 1~16S;<br \/>\nSmart battery: 1~6S;<br \/>\nLead acid (Pb): 2~24V;<br \/>\nEneloop: 1~16S;<br \/>\n<strong>\u2022\u00a0<\/strong>Balancing current: 1600mA * 2;<br \/>\n<strong>\u2022\u00a0<\/strong>Discharge current: 0.1~3A * 2;<br \/>\n<strong>\u2022\u00a0<\/strong>External discharge current: 1~15A * 2;<br \/>\n<strong>\u2022\u00a0<\/strong>USB output: 5V\/2.1A;<br \/>\n<strong>\u2022\u00a0<\/strong>Dimensions: 108 \u00d7 105 \u00d7 76 mm;<br \/>\n<strong>\u2022\u00a0<\/strong>Net weight: 555g;<br \/>\n<strong>\u2022\u00a0<\/strong>Color: gray.<\/p>\n<p><strong>Package:<\/strong><\/p>\n<p>1x D6 PRO charger;<br \/>\n1x AC power cord;<br \/>\n1x User manual.<\/p>\n<p><img loading=\"lazy\" decoding=\"async\" class=\"alignnone wp-image-10184\" src=\"https:\/\/1dronas.lt\/wp-content\/uploads\/2025\/04\/HOTA-D6-Pro-325W-ACDC-Charger-scaled.jpg\" alt=\"\" width=\"804\" height=\"3656\" srcset=\"https:\/\/1dronas.lt\/wp-content\/uploads\/2025\/04\/HOTA-D6-Pro-325W-ACDC-Charger-scaled.jpg 563w, https:\/\/1dronas.lt\/wp-content\/uploads\/2025\/04\/HOTA-D6-Pro-325W-ACDC-Charger-scaled-66x300.jpg 66w, https:\/\/1dronas.lt\/wp-content\/uploads\/2025\/04\/HOTA-D6-Pro-325W-ACDC-Charger-scaled-225x1024.jpg 225w, https:\/\/1dronas.lt\/wp-content\/uploads\/2025\/04\/HOTA-D6-Pro-325W-ACDC-Charger-scaled-338x1536.jpg 338w, https:\/\/1dronas.lt\/wp-content\/uploads\/2025\/04\/HOTA-D6-Pro-325W-ACDC-Charger-scaled-510x2319.jpg 510w\" sizes=\"auto, (max-width: 804px) 100vw, 804px\" \/><\/p>","protected":false},"excerpt":{"rendered":"<p><span style=\"color: #333333;\">Quickly and conveniently charge your iPhone, Samsung S8 and other mobile devices that support wireless charging.<\/span><\/p>\n<p><span style=\"color: #333333;\"><strong><img loading=\"lazy\" decoding=\"async\" class=\"alignnone wp-image-1806\" src=\"https:\/\/1dronas.lt\/wp-content\/uploads\/2021\/05\/delivery-icon.png.webp\" alt=\"\" width=\"24\" height=\"24\" srcset=\"https:\/\/1dronas.lt\/wp-content\/uploads\/2021\/05\/delivery-icon.png 35w, https:\/\/1dronas.lt\/wp-content\/uploads\/2021\/05\/delivery-icon-12x12.png 12w\" sizes=\"auto, (max-width: 24px) 100vw, 24px\" \/>\u00a0\u00a0<span style=\"font-size: 90%;\">1 \u2013 2 days<\/span><\/strong><\/span><\/p>","protected":false},"featured_media":9453,"comment_status":"open","ping_status":"closed","template":"","meta":[],"product_brand":[646],"product_cat":[157],"product_tag":[591,590,589,587,588],"class_list":{"0":"post-9166","1":"product","2":"type-product","3":"status-publish","4":"has-post-thumbnail","6":"product_brand-hota","7":"product_cat-ikrovikliai","8":"product_tag-1-6s","9":"product_tag-6s-bateriju-ikroviklis","10":"product_tag-hota","11":"product_tag-smart-charger","12":"product_tag-wireless-charging","14":"first","15":"instock","16":"taxable","17":"shipping-taxable","18":"purchasable","19":"product-type-variable","20":"has-default-attributes"},"yoast_head":"<!-- This site is optimized with the Yoast SEO plugin v27.5 - https:\/\/yoast.com\/product\/yoast-seo-wordpress\/ -->\n<title>HOTA D6 Pro 325W 15A 1-6S Dual Channel AC\/DC Smart Charger Wireless Charging - 1dronas.lt<\/title>\n<meta name=\"robots\" content=\"index, follow, max-snippet:-1, max-image-preview:large, max-video-preview:-1\" \/>\n<link rel=\"canonical\" href=\"https:\/\/1dronas.lt\/en\/produktas\/hota-kroviklis\/\" \/>\n<meta property=\"og:locale\" content=\"en_US\" \/>\n<meta property=\"og:type\" content=\"article\" \/>\n<meta property=\"og:title\" content=\"HOTA D6 Pro 325W 15A 1-6S Dual Channel AC\/DC Smart Charger Wireless Charging - 1dronas.lt\" \/>\n<meta property=\"og:description\" content=\"Greitai ir patogiai \u012fkraukite savo iPhone, Samsung S8 ir kitus mobiliuosius \u012frenginius, palaikan\u010dius belaid\u012f \u012fkrovim\u0105.  \u00a0\u00a01 \u2013 2 d.d.\" \/>\n<meta property=\"og:url\" content=\"https:\/\/1dronas.lt\/en\/produktas\/hota-kroviklis\/\" \/>\n<meta property=\"og:site_name\" content=\"1dronas.lt\" \/>\n<meta property=\"article:publisher\" content=\"https:\/\/www.facebook.com\/1dronas\/\" \/>\n<meta property=\"article:modified_time\" content=\"2026-04-27T05:14:01+00:00\" \/>\n<meta property=\"og:image\" content=\"https:\/\/1dronas.lt\/wp-content\/uploads\/2025\/04\/HOTA-Charger-3.jpg\" \/>\n\t<meta property=\"og:image:width\" content=\"1000\" \/>\n\t<meta property=\"og:image:height\" content=\"1000\" \/>\n\t<meta property=\"og:image:type\" content=\"image\/jpeg\" \/>\n<meta name=\"twitter:card\" content=\"summary_large_image\" \/>\n<meta name=\"twitter:label1\" content=\"Est. reading time\" \/>\n\t<meta name=\"twitter:data1\" content=\"2 minutes\" \/>\n<script type=\"application\/ld+json\" class=\"yoast-schema-graph\">{\"@context\":\"https:\\\/\\\/schema.org\",\"@graph\":[{\"@type\":\"WebPage\",\"@id\":\"https:\\\/\\\/1dronas.lt\\\/en\\\/produktas\\\/hota-kroviklis\\\/\",\"url\":\"https:\\\/\\\/1dronas.lt\\\/en\\\/produktas\\\/hota-kroviklis\\\/\",\"name\":\"HOTA D6 Pro 325W 15A 1-6S Dual Channel AC\\\/DC Smart Charger Wireless Charging - 1dronas.lt\",\"isPartOf\":{\"@id\":\"https:\\\/\\\/1dronas.lt\\\/en\\\/#website\"},\"primaryImageOfPage\":{\"@id\":\"https:\\\/\\\/1dronas.lt\\\/en\\\/produktas\\\/hota-kroviklis\\\/#primaryimage\"},\"image\":{\"@id\":\"https:\\\/\\\/1dronas.lt\\\/en\\\/produktas\\\/hota-kroviklis\\\/#primaryimage\"},\"thumbnailUrl\":\"https:\\\/\\\/1dronas.lt\\\/wp-content\\\/uploads\\\/2025\\\/04\\\/HOTA-Charger-3.jpg\",\"datePublished\":\"2025-04-26T10:15:37+00:00\",\"dateModified\":\"2026-04-27T05:14:01+00:00\",\"breadcrumb\":{\"@id\":\"https:\\\/\\\/1dronas.lt\\\/en\\\/produktas\\\/hota-kroviklis\\\/#breadcrumb\"},\"inLanguage\":\"en-US\",\"potentialAction\":[{\"@type\":\"ReadAction\",\"target\":[\"https:\\\/\\\/1dronas.lt\\\/en\\\/produktas\\\/hota-kroviklis\\\/\"]}]},{\"@type\":\"ImageObject\",\"inLanguage\":\"en-US\",\"@id\":\"https:\\\/\\\/1dronas.lt\\\/en\\\/produktas\\\/hota-kroviklis\\\/#primaryimage\",\"url\":\"https:\\\/\\\/1dronas.lt\\\/wp-content\\\/uploads\\\/2025\\\/04\\\/HOTA-Charger-3.jpg\",\"contentUrl\":\"https:\\\/\\\/1dronas.lt\\\/wp-content\\\/uploads\\\/2025\\\/04\\\/HOTA-Charger-3.jpg\",\"width\":1000,\"height\":1000},{\"@type\":\"BreadcrumbList\",\"@id\":\"https:\\\/\\\/1dronas.lt\\\/en\\\/produktas\\\/hota-kroviklis\\\/#breadcrumb\",\"itemListElement\":[{\"@type\":\"ListItem\",\"position\":1,\"name\":\"Home\",\"item\":\"https:\\\/\\\/1dronas.lt\\\/\"},{\"@type\":\"ListItem\",\"position\":2,\"name\":\"Parduotuv\u0117\",\"item\":\"https:\\\/\\\/1dronas.lt\\\/parduotuve\\\/\"},{\"@type\":\"ListItem\",\"position\":3,\"name\":\"HOTA D6 Pro 325W 15A 1-6S Dual Channel AC\\\/DC Smart Charger Wireless Charging\"}]},{\"@type\":\"WebSite\",\"@id\":\"https:\\\/\\\/1dronas.lt\\\/en\\\/#website\",\"url\":\"https:\\\/\\\/1dronas.lt\\\/en\\\/\",\"name\":\"1dronas.lt\",\"description\":\"Internetin\u0117 parduotuv\u0117\",\"publisher\":{\"@id\":\"https:\\\/\\\/1dronas.lt\\\/en\\\/#organization\"},\"potentialAction\":[{\"@type\":\"SearchAction\",\"target\":{\"@type\":\"EntryPoint\",\"urlTemplate\":\"https:\\\/\\\/1dronas.lt\\\/en\\\/?s={search_term_string}\"},\"query-input\":{\"@type\":\"PropertyValueSpecification\",\"valueRequired\":true,\"valueName\":\"search_term_string\"}}],\"inLanguage\":\"en-US\"},{\"@type\":\"Organization\",\"@id\":\"https:\\\/\\\/1dronas.lt\\\/en\\\/#organization\",\"name\":\"1dronas.lt\",\"url\":\"https:\\\/\\\/1dronas.lt\\\/en\\\/\",\"logo\":{\"@type\":\"ImageObject\",\"inLanguage\":\"en-US\",\"@id\":\"https:\\\/\\\/1dronas.lt\\\/en\\\/#\\\/schema\\\/logo\\\/image\\\/\",\"url\":\"https:\\\/\\\/1dronas.lt\\\/wp-content\\\/uploads\\\/2020\\\/12\\\/Ekrano_kopija__2_-removebg-preview-1-1.png\",\"contentUrl\":\"https:\\\/\\\/1dronas.lt\\\/wp-content\\\/uploads\\\/2020\\\/12\\\/Ekrano_kopija__2_-removebg-preview-1-1.png\",\"width\":234,\"height\":81,\"caption\":\"1dronas.lt\"},\"image\":{\"@id\":\"https:\\\/\\\/1dronas.lt\\\/en\\\/#\\\/schema\\\/logo\\\/image\\\/\"},\"sameAs\":[\"https:\\\/\\\/www.facebook.com\\\/1dronas\\\/\"]}]}<\/script>\n<!-- \/ Yoast SEO plugin. -->","yoast_head_json":{"title":"HOTA D6 Pro 325W 15A 1-6S Dual Channel AC\/DC Smart Charger Wireless Charging - 1dronas.lt","robots":{"index":"index","follow":"follow","max-snippet":"max-snippet:-1","max-image-preview":"max-image-preview:large","max-video-preview":"max-video-preview:-1"},"canonical":"https:\/\/1dronas.lt\/en\/produktas\/hota-kroviklis\/","og_locale":"en_US","og_type":"article","og_title":"HOTA D6 Pro 325W 15A 1-6S Dual Channel AC\/DC Smart Charger Wireless Charging - 1dronas.lt","og_description":"Greitai ir patogiai \u012fkraukite savo iPhone, Samsung S8 ir kitus mobiliuosius \u012frenginius, palaikan\u010dius belaid\u012f \u012fkrovim\u0105.  \u00a0\u00a01 \u2013 2 d.d.","og_url":"https:\/\/1dronas.lt\/en\/produktas\/hota-kroviklis\/","og_site_name":"1dronas.lt","article_publisher":"https:\/\/www.facebook.com\/1dronas\/","article_modified_time":"2026-04-27T05:14:01+00:00","og_image":[{"width":1000,"height":1000,"url":"https:\/\/1dronas.lt\/wp-content\/uploads\/2025\/04\/HOTA-Charger-3.jpg","type":"image\/jpeg"}],"twitter_card":"summary_large_image","twitter_misc":{"Est. reading time":"2 minutes"},"schema":{"@context":"https:\/\/schema.org","@graph":[{"@type":"WebPage","@id":"https:\/\/1dronas.lt\/en\/produktas\/hota-kroviklis\/","url":"https:\/\/1dronas.lt\/en\/produktas\/hota-kroviklis\/","name":"HOTA D6 Pro 325W 15A 1-6S Dual Channel AC\/DC Smart Charger Wireless Charging - 1dronas.lt","isPartOf":{"@id":"https:\/\/1dronas.lt\/en\/#website"},"primaryImageOfPage":{"@id":"https:\/\/1dronas.lt\/en\/produktas\/hota-kroviklis\/#primaryimage"},"image":{"@id":"https:\/\/1dronas.lt\/en\/produktas\/hota-kroviklis\/#primaryimage"},"thumbnailUrl":"https:\/\/1dronas.lt\/wp-content\/uploads\/2025\/04\/HOTA-Charger-3.jpg","datePublished":"2025-04-26T10:15:37+00:00","dateModified":"2026-04-27T05:14:01+00:00","breadcrumb":{"@id":"https:\/\/1dronas.lt\/en\/produktas\/hota-kroviklis\/#breadcrumb"},"inLanguage":"en-US","potentialAction":[{"@type":"ReadAction","target":["https:\/\/1dronas.lt\/en\/produktas\/hota-kroviklis\/"]}]},{"@type":"ImageObject","inLanguage":"en-US","@id":"https:\/\/1dronas.lt\/en\/produktas\/hota-kroviklis\/#primaryimage","url":"https:\/\/1dronas.lt\/wp-content\/uploads\/2025\/04\/HOTA-Charger-3.jpg","contentUrl":"https:\/\/1dronas.lt\/wp-content\/uploads\/2025\/04\/HOTA-Charger-3.jpg","width":1000,"height":1000},{"@type":"BreadcrumbList","@id":"https:\/\/1dronas.lt\/en\/produktas\/hota-kroviklis\/#breadcrumb","itemListElement":[{"@type":"ListItem","position":1,"name":"Home","item":"https:\/\/1dronas.lt\/"},{"@type":"ListItem","position":2,"name":"Parduotuv\u0117","item":"https:\/\/1dronas.lt\/parduotuve\/"},{"@type":"ListItem","position":3,"name":"HOTA D6 Pro 325W 15A 1-6S Dual Channel AC\/DC Smart Charger Wireless Charging"}]},{"@type":"WebSite","@id":"https:\/\/1dronas.lt\/en\/#website","url":"https:\/\/1dronas.lt\/en\/","name":"1dronas.lt","description":"Online store","publisher":{"@id":"https:\/\/1dronas.lt\/en\/#organization"},"potentialAction":[{"@type":"SearchAction","target":{"@type":"EntryPoint","urlTemplate":"https:\/\/1dronas.lt\/en\/?s={search_term_string}"},"query-input":{"@type":"PropertyValueSpecification","valueRequired":true,"valueName":"search_term_string"}}],"inLanguage":"en-US"},{"@type":"Organization","@id":"https:\/\/1dronas.lt\/en\/#organization","name":"1dronas.lt","url":"https:\/\/1dronas.lt\/en\/","logo":{"@type":"ImageObject","inLanguage":"en-US","@id":"https:\/\/1dronas.lt\/en\/#\/schema\/logo\/image\/","url":"https:\/\/1dronas.lt\/wp-content\/uploads\/2020\/12\/Ekrano_kopija__2_-removebg-preview-1-1.png","contentUrl":"https:\/\/1dronas.lt\/wp-content\/uploads\/2020\/12\/Ekrano_kopija__2_-removebg-preview-1-1.png","width":234,"height":81,"caption":"1dronas.lt"},"image":{"@id":"https:\/\/1dronas.lt\/en\/#\/schema\/logo\/image\/"},"sameAs":["https:\/\/www.facebook.com\/1dronas\/"]}]}},"jetpack_sharing_enabled":true,"_links":{"self":[{"href":"https:\/\/1dronas.lt\/en\/wp-json\/wp\/v2\/product\/9166","targetHints":{"allow":["GET"]}}],"collection":[{"href":"https:\/\/1dronas.lt\/en\/wp-json\/wp\/v2\/product"}],"about":[{"href":"https:\/\/1dronas.lt\/en\/wp-json\/wp\/v2\/types\/product"}],"replies":[{"embeddable":true,"href":"https:\/\/1dronas.lt\/en\/wp-json\/wp\/v2\/comments?post=9166"}],"wp:featuredmedia":[{"embeddable":true,"href":"https:\/\/1dronas.lt\/en\/wp-json\/wp\/v2\/media\/9453"}],"wp:attachment":[{"href":"https:\/\/1dronas.lt\/en\/wp-json\/wp\/v2\/media?parent=9166"}],"wp:term":[{"taxonomy":"product_brand","embeddable":true,"href":"https:\/\/1dronas.lt\/en\/wp-json\/wp\/v2\/product_brand?post=9166"},{"taxonomy":"product_cat","embeddable":true,"href":"https:\/\/1dronas.lt\/en\/wp-json\/wp\/v2\/product_cat?post=9166"},{"taxonomy":"product_tag","embeddable":true,"href":"https:\/\/1dronas.lt\/en\/wp-json\/wp\/v2\/product_tag?post=9166"}],"curies":[{"name":"wp","href":"https:\/\/api.w.org\/{rel}","templated":true}]}}