{"id":9036,"date":"2025-04-14T14:43:16","date_gmt":"2025-04-14T11:43:16","guid":{"rendered":"https:\/\/1dronas.lt\/?post_type=product&#038;p=9036"},"modified":"2026-03-30T13:01:55","modified_gmt":"2026-03-30T10:01:55","slug":"skyzone-sky04o-pro-fpv-akiniai","status":"publish","type":"product","link":"https:\/\/1dronas.lt\/en\/produktas\/skyzone-sky04o-pro-fpv-akiniai\/","title":{"rendered":"SKYZONE SKY04O PRO FPV Goggles"},"content":{"rendered":"<p>The SKYZONE SKY04O PRO FPV Goggles are an improved version of the SKY04O, featuring a 1280\u00d7720 resolution OLED display and new 42-degree optics. These improvements provide the user with an even better and more immersive FPV flight experience. These goggles are also perfect for use with the Walksnail Avatar and HDZero HD VRX modules.<\/p>\n<p><strong>Features:<\/strong><\/p>\n<p><strong>\u2022<\/strong> 1280\u00d7720 resolution OLED screen \u2013 high resolution, bright colors, high contrast ratio;<br data-start=\"91\" data-end=\"94\" \/><strong>\u2022<\/strong> 4 preset screen modes and 3 custom settings for different situations;<br data-start=\"183\" data-end=\"186\" \/><strong>\u2022<\/strong> -6 ~ +2 diopter adjustment \u2013 suitable for both nearsighted and farsighted people;<br data-start=\"262\" data-end=\"265\" \/><strong>\u2022<\/strong> Module slot \u2013 an opportunity to expand functionality;<br data-start=\"311\" data-end=\"314\" \/><strong>\u2022<\/strong> 60 FPS DVR and SteadyView receiver \u2013 better signal reception;<br data-start=\"377\" data-end=\"380\" \/><strong>\u2022<\/strong> 42\u00b0 wide viewing angle;<br data-start=\"404\" data-end=\"407\" \/><strong>\u2022<\/strong> Supported aspect ratios: 4:3 \/ 16:9.<\/p>\n<p><strong>Specification:<\/strong><\/p>\n<p><strong>\u2022<\/strong> Model: SKY04O PRO;<br data-start=\"23\" data-end=\"26\" \/><strong>\u2022<\/strong> Display: OLED;<br data-start=\"43\" data-end=\"46\" \/><strong>\u2022<\/strong> Resolution: 1280\u00d7720;<br data-start=\"67\" data-end=\"70\" \/><strong>\u2022<\/strong> Image aspect ratio: 4:3 \/ 16:9;<br data-start=\"109\" data-end=\"112\" \/><strong>\u2022<\/strong> Viewing angle (diagonal): 42\u00b0;<br data-start=\"148\" data-end=\"151\" \/><strong>\u2022<\/strong> Focus: adjustable from -6 to +2 (suitable for nearsighted and farsighted people);<br data-start=\"233\" data-end=\"236\" \/><strong>\u2022<\/strong> DVR recording: MJPEG, 60 frames\/s, MOV format, 6 Mbps, supports SD cards up to 128 GB;<br data-start=\"325\" data-end=\"328\" \/><strong>\u2022<\/strong> Head tracking system: 3-axis accelerometer, 3-axis gyroscope;<br data-start=\"395\" data-end=\"398\" \/><strong>\u2022<\/strong> IPD: 58-71mm;<br data-start=\"434\" data-end=\"437\" \/><strong>\u2022<\/strong> Power supply: DC 6.5-25.2V \/ USB 5V;<br data-start=\"474\" data-end=\"477\" \/><strong>\u2022<\/strong> Power consumption: 720 mA @ 12V;<br data-start=\"513\" data-end=\"516\" \/><strong>\u2022<\/strong> Receiver: 5.8 GHz, 48 channels;<br data-start=\"547\" data-end=\"550\" \/><strong>\u2022<\/strong> 3D function: Side by Side half mode;<br data-start=\"594\" data-end=\"597\" \/><strong>\u2022<\/strong> Antenna connector: SMA;<br data-start=\"621\" data-end=\"624\" \/><strong>\u2022<\/strong> Languages: 10 languages.<\/p>\n<p><img loading=\"lazy\" decoding=\"async\" class=\"alignnone wp-image-9037 size-large\" src=\"https:\/\/1dronas.lt\/wp-content\/uploads\/2025\/04\/04o_pro-2-min-694x1024.jpeg\" alt=\"\" width=\"694\" height=\"1024\" srcset=\"https:\/\/1dronas.lt\/wp-content\/uploads\/2025\/04\/04o_pro-2-min-694x1024.jpeg 694w, https:\/\/1dronas.lt\/wp-content\/uploads\/2025\/04\/04o_pro-2-min-203x300.jpeg 203w, https:\/\/1dronas.lt\/wp-content\/uploads\/2025\/04\/04o_pro-2-min-8x12.jpeg 8w, https:\/\/1dronas.lt\/wp-content\/uploads\/2025\/04\/04o_pro-2-min-510x753.jpeg 510w, https:\/\/1dronas.lt\/wp-content\/uploads\/2025\/04\/04o_pro-2-min.jpeg 760w\" sizes=\"auto, (max-width: 694px) 100vw, 694px\" \/><\/p>\n<p><img loading=\"lazy\" decoding=\"async\" class=\"alignnone wp-image-9044\" src=\"https:\/\/1dronas.lt\/wp-content\/uploads\/2025\/04\/Skyzone_SKY04O_PRO_FPV_Goggles_Info-min-scaled.jpeg\" alt=\"\" width=\"919\" height=\"5027\" srcset=\"https:\/\/1dronas.lt\/wp-content\/uploads\/2025\/04\/Skyzone_SKY04O_PRO_FPV_Goggles_Info-min-scaled.jpeg 468w, https:\/\/1dronas.lt\/wp-content\/uploads\/2025\/04\/Skyzone_SKY04O_PRO_FPV_Goggles_Info-min-scaled-55x300.jpeg 55w, https:\/\/1dronas.lt\/wp-content\/uploads\/2025\/04\/Skyzone_SKY04O_PRO_FPV_Goggles_Info-min-scaled-187x1024.jpeg 187w, https:\/\/1dronas.lt\/wp-content\/uploads\/2025\/04\/Skyzone_SKY04O_PRO_FPV_Goggles_Info-min-scaled-281x1536.jpeg 281w, https:\/\/1dronas.lt\/wp-content\/uploads\/2025\/04\/Skyzone_SKY04O_PRO_FPV_Goggles_Info-min-scaled-2x12.jpeg 2w\" sizes=\"auto, (max-width: 919px) 100vw, 919px\" \/><\/p>\n<p><strong>Package:<\/strong><\/p>\n<p>1x Skyzone SKY04O PRO FPV goggles;<br data-start=\"33\" data-end=\"36\" \/>2x Face shield (wide and narrow);<br data-start=\"69\" data-end=\"72\" \/>2x 5.8 GHz 2dB antennas;<br data-start=\"94\" data-end=\"97\" \/>1x Video\/audio cable;<br data-start=\"120\" data-end=\"123\" \/>1x Head tracking system cable;<br data-start=\"155\" data-end=\"158\" \/>2x Sponges with strap;<br data-start=\"183\" data-end=\"186\" \/>1x Receiver module;<br data-start=\"203\" data-end=\"206\" \/>1x USB-C cable;<br data-start=\"221\" data-end=\"224\" \/>1x User manual;<br data-start=\"248\" data-end=\"251\" \/>1x Power cord;<br data-start=\"270\" data-end=\"273\" \/>1x Zippered case.<\/p>","protected":false},"excerpt":{"rendered":"<p><span style=\"color: #333333\">The SKY04O PRO FPV goggles are an improved version of the SKY04O, featuring a 1280\u00d7720 resolution OLED screen.<\/span><\/p>\n<p><span style=\"color: #333333;font-size: 90%\"><strong><img loading=\"lazy\" decoding=\"async\" class=\"alignnone wp-image-1806\" src=\"https:\/\/1dronas.lt\/wp-content\/uploads\/2021\/05\/delivery-icon.png.webp\" alt=\"\" width=\"24\" height=\"24\" srcset=\"https:\/\/1dronas.lt\/wp-content\/uploads\/2021\/05\/delivery-icon.png 35w, https:\/\/1dronas.lt\/wp-content\/uploads\/2021\/05\/delivery-icon-12x12.png 12w\" sizes=\"auto, (max-width: 24px) 100vw, 24px\" \/> \u00a01 \u2013 2 days<\/strong><\/span><\/p>","protected":false},"featured_media":9042,"comment_status":"open","ping_status":"closed","template":"","meta":[],"product_brand":[576],"product_cat":[223],"product_tag":[581,468,160,580,579,572],"class_list":{"0":"post-9036","1":"product","2":"type-product","3":"status-publish","4":"has-post-thumbnail","6":"product_brand-skyzone","7":"product_cat-fpv-akiniai","8":"product_tag-1920x1080","9":"product_tag-analog","10":"product_tag-dvr","11":"product_tag-oled","12":"product_tag-sky04o-pro","13":"product_tag-skyzone","15":"first","16":"instock","17":"taxable","18":"shipping-taxable","19":"purchasable","20":"product-type-simple"},"yoast_head":"<!-- This site is optimized with the Yoast SEO plugin v27.3 - https:\/\/yoast.com\/product\/yoast-seo-wordpress\/ -->\n<title>SKYZONE SKY04O PRO FPV akiniai - 1dronas.lt<\/title>\n<meta name=\"robots\" content=\"index, follow, max-snippet:-1, max-image-preview:large, max-video-preview:-1\" \/>\n<link rel=\"canonical\" href=\"https:\/\/1dronas.lt\/en\/produktas\/skyzone-sky04o-pro-fpv-akiniai\/\" \/>\n<meta property=\"og:locale\" content=\"en_US\" \/>\n<meta property=\"og:type\" content=\"article\" \/>\n<meta property=\"og:title\" content=\"SKYZONE SKY04O PRO FPV akiniai - 1dronas.lt\" \/>\n<meta property=\"og:description\" content=\"SKY04O PRO FPV akiniai \u2013 tai patobulinta SKY04O versija, turinti 1280\u00d7720 rai\u0161kos OLED ekran\u0105.   \u00a01 \u2013 2 d.d.\" \/>\n<meta property=\"og:url\" content=\"https:\/\/1dronas.lt\/en\/produktas\/skyzone-sky04o-pro-fpv-akiniai\/\" \/>\n<meta property=\"og:site_name\" content=\"1dronas.lt\" \/>\n<meta property=\"article:publisher\" content=\"https:\/\/www.facebook.com\/1dronas\/\" \/>\n<meta property=\"article:modified_time\" content=\"2026-03-30T10:01:55+00:00\" \/>\n<meta property=\"og:image\" content=\"https:\/\/1dronas.lt\/wp-content\/uploads\/2025\/04\/sky04opro_5-min.jpeg\" \/>\n\t<meta property=\"og:image:width\" content=\"500\" \/>\n\t<meta property=\"og:image:height\" content=\"500\" \/>\n\t<meta property=\"og:image:type\" content=\"image\/jpeg\" \/>\n<meta name=\"twitter:card\" content=\"summary_large_image\" \/>\n<meta name=\"twitter:label1\" content=\"Est. reading time\" \/>\n\t<meta name=\"twitter:data1\" content=\"3 minutes\" \/>\n<script type=\"application\/ld+json\" class=\"yoast-schema-graph\">{\"@context\":\"https:\\\/\\\/schema.org\",\"@graph\":[{\"@type\":\"WebPage\",\"@id\":\"https:\\\/\\\/1dronas.lt\\\/en\\\/produktas\\\/skyzone-sky04o-pro-fpv-akiniai\\\/\",\"url\":\"https:\\\/\\\/1dronas.lt\\\/en\\\/produktas\\\/skyzone-sky04o-pro-fpv-akiniai\\\/\",\"name\":\"SKYZONE SKY04O PRO FPV akiniai - 1dronas.lt\",\"isPartOf\":{\"@id\":\"https:\\\/\\\/1dronas.lt\\\/en\\\/#website\"},\"primaryImageOfPage\":{\"@id\":\"https:\\\/\\\/1dronas.lt\\\/en\\\/produktas\\\/skyzone-sky04o-pro-fpv-akiniai\\\/#primaryimage\"},\"image\":{\"@id\":\"https:\\\/\\\/1dronas.lt\\\/en\\\/produktas\\\/skyzone-sky04o-pro-fpv-akiniai\\\/#primaryimage\"},\"thumbnailUrl\":\"https:\\\/\\\/1dronas.lt\\\/wp-content\\\/uploads\\\/2025\\\/04\\\/sky04opro_5-min.jpeg\",\"datePublished\":\"2025-04-14T11:43:16+00:00\",\"dateModified\":\"2026-03-30T10:01:55+00:00\",\"breadcrumb\":{\"@id\":\"https:\\\/\\\/1dronas.lt\\\/en\\\/produktas\\\/skyzone-sky04o-pro-fpv-akiniai\\\/#breadcrumb\"},\"inLanguage\":\"en-US\",\"potentialAction\":[{\"@type\":\"ReadAction\",\"target\":[\"https:\\\/\\\/1dronas.lt\\\/en\\\/produktas\\\/skyzone-sky04o-pro-fpv-akiniai\\\/\"]}]},{\"@type\":\"ImageObject\",\"inLanguage\":\"en-US\",\"@id\":\"https:\\\/\\\/1dronas.lt\\\/en\\\/produktas\\\/skyzone-sky04o-pro-fpv-akiniai\\\/#primaryimage\",\"url\":\"https:\\\/\\\/1dronas.lt\\\/wp-content\\\/uploads\\\/2025\\\/04\\\/sky04opro_5-min.jpeg\",\"contentUrl\":\"https:\\\/\\\/1dronas.lt\\\/wp-content\\\/uploads\\\/2025\\\/04\\\/sky04opro_5-min.jpeg\",\"width\":500,\"height\":500},{\"@type\":\"BreadcrumbList\",\"@id\":\"https:\\\/\\\/1dronas.lt\\\/en\\\/produktas\\\/skyzone-sky04o-pro-fpv-akiniai\\\/#breadcrumb\",\"itemListElement\":[{\"@type\":\"ListItem\",\"position\":1,\"name\":\"Home\",\"item\":\"https:\\\/\\\/1dronas.lt\\\/\"},{\"@type\":\"ListItem\",\"position\":2,\"name\":\"Parduotuv\u0117\",\"item\":\"https:\\\/\\\/1dronas.lt\\\/parduotuve\\\/\"},{\"@type\":\"ListItem\",\"position\":3,\"name\":\"SKYZONE SKY04O PRO FPV akiniai\"}]},{\"@type\":\"WebSite\",\"@id\":\"https:\\\/\\\/1dronas.lt\\\/en\\\/#website\",\"url\":\"https:\\\/\\\/1dronas.lt\\\/en\\\/\",\"name\":\"1dronas.lt\",\"description\":\"Internetin\u0117 parduotuv\u0117\",\"publisher\":{\"@id\":\"https:\\\/\\\/1dronas.lt\\\/en\\\/#organization\"},\"potentialAction\":[{\"@type\":\"SearchAction\",\"target\":{\"@type\":\"EntryPoint\",\"urlTemplate\":\"https:\\\/\\\/1dronas.lt\\\/en\\\/?s={search_term_string}\"},\"query-input\":{\"@type\":\"PropertyValueSpecification\",\"valueRequired\":true,\"valueName\":\"search_term_string\"}}],\"inLanguage\":\"en-US\"},{\"@type\":\"Organization\",\"@id\":\"https:\\\/\\\/1dronas.lt\\\/en\\\/#organization\",\"name\":\"1dronas.lt\",\"url\":\"https:\\\/\\\/1dronas.lt\\\/en\\\/\",\"logo\":{\"@type\":\"ImageObject\",\"inLanguage\":\"en-US\",\"@id\":\"https:\\\/\\\/1dronas.lt\\\/en\\\/#\\\/schema\\\/logo\\\/image\\\/\",\"url\":\"https:\\\/\\\/1dronas.lt\\\/wp-content\\\/uploads\\\/2020\\\/12\\\/Ekrano_kopija__2_-removebg-preview-1-1.png\",\"contentUrl\":\"https:\\\/\\\/1dronas.lt\\\/wp-content\\\/uploads\\\/2020\\\/12\\\/Ekrano_kopija__2_-removebg-preview-1-1.png\",\"width\":234,\"height\":81,\"caption\":\"1dronas.lt\"},\"image\":{\"@id\":\"https:\\\/\\\/1dronas.lt\\\/en\\\/#\\\/schema\\\/logo\\\/image\\\/\"},\"sameAs\":[\"https:\\\/\\\/www.facebook.com\\\/1dronas\\\/\"]}]}<\/script>\n<!-- \/ Yoast SEO plugin. -->","yoast_head_json":{"title":"SKYZONE SKY04O PRO FPV Goggles - 1dronas.lt","robots":{"index":"index","follow":"follow","max-snippet":"max-snippet:-1","max-image-preview":"max-image-preview:large","max-video-preview":"max-video-preview:-1"},"canonical":"https:\/\/1dronas.lt\/en\/produktas\/skyzone-sky04o-pro-fpv-akiniai\/","og_locale":"en_US","og_type":"article","og_title":"SKYZONE SKY04O PRO FPV akiniai - 1dronas.lt","og_description":"SKY04O PRO FPV akiniai \u2013 tai patobulinta SKY04O versija, turinti 1280\u00d7720 rai\u0161kos OLED ekran\u0105.   \u00a01 \u2013 2 d.d.","og_url":"https:\/\/1dronas.lt\/en\/produktas\/skyzone-sky04o-pro-fpv-akiniai\/","og_site_name":"1dronas.lt","article_publisher":"https:\/\/www.facebook.com\/1dronas\/","article_modified_time":"2026-03-30T10:01:55+00:00","og_image":[{"width":500,"height":500,"url":"https:\/\/1dronas.lt\/wp-content\/uploads\/2025\/04\/sky04opro_5-min.jpeg","type":"image\/jpeg"}],"twitter_card":"summary_large_image","twitter_misc":{"Est. reading time":"3 minutes"},"schema":{"@context":"https:\/\/schema.org","@graph":[{"@type":"WebPage","@id":"https:\/\/1dronas.lt\/en\/produktas\/skyzone-sky04o-pro-fpv-akiniai\/","url":"https:\/\/1dronas.lt\/en\/produktas\/skyzone-sky04o-pro-fpv-akiniai\/","name":"SKYZONE SKY04O PRO FPV Goggles - 1dronas.lt","isPartOf":{"@id":"https:\/\/1dronas.lt\/en\/#website"},"primaryImageOfPage":{"@id":"https:\/\/1dronas.lt\/en\/produktas\/skyzone-sky04o-pro-fpv-akiniai\/#primaryimage"},"image":{"@id":"https:\/\/1dronas.lt\/en\/produktas\/skyzone-sky04o-pro-fpv-akiniai\/#primaryimage"},"thumbnailUrl":"https:\/\/1dronas.lt\/wp-content\/uploads\/2025\/04\/sky04opro_5-min.jpeg","datePublished":"2025-04-14T11:43:16+00:00","dateModified":"2026-03-30T10:01:55+00:00","breadcrumb":{"@id":"https:\/\/1dronas.lt\/en\/produktas\/skyzone-sky04o-pro-fpv-akiniai\/#breadcrumb"},"inLanguage":"en-US","potentialAction":[{"@type":"ReadAction","target":["https:\/\/1dronas.lt\/en\/produktas\/skyzone-sky04o-pro-fpv-akiniai\/"]}]},{"@type":"ImageObject","inLanguage":"en-US","@id":"https:\/\/1dronas.lt\/en\/produktas\/skyzone-sky04o-pro-fpv-akiniai\/#primaryimage","url":"https:\/\/1dronas.lt\/wp-content\/uploads\/2025\/04\/sky04opro_5-min.jpeg","contentUrl":"https:\/\/1dronas.lt\/wp-content\/uploads\/2025\/04\/sky04opro_5-min.jpeg","width":500,"height":500},{"@type":"BreadcrumbList","@id":"https:\/\/1dronas.lt\/en\/produktas\/skyzone-sky04o-pro-fpv-akiniai\/#breadcrumb","itemListElement":[{"@type":"ListItem","position":1,"name":"Home","item":"https:\/\/1dronas.lt\/"},{"@type":"ListItem","position":2,"name":"Parduotuv\u0117","item":"https:\/\/1dronas.lt\/parduotuve\/"},{"@type":"ListItem","position":3,"name":"SKYZONE SKY04O PRO FPV akiniai"}]},{"@type":"WebSite","@id":"https:\/\/1dronas.lt\/en\/#website","url":"https:\/\/1dronas.lt\/en\/","name":"1dronas.lt","description":"Online store","publisher":{"@id":"https:\/\/1dronas.lt\/en\/#organization"},"potentialAction":[{"@type":"SearchAction","target":{"@type":"EntryPoint","urlTemplate":"https:\/\/1dronas.lt\/en\/?s={search_term_string}"},"query-input":{"@type":"PropertyValueSpecification","valueRequired":true,"valueName":"search_term_string"}}],"inLanguage":"en-US"},{"@type":"Organization","@id":"https:\/\/1dronas.lt\/en\/#organization","name":"1dronas.lt","url":"https:\/\/1dronas.lt\/en\/","logo":{"@type":"ImageObject","inLanguage":"en-US","@id":"https:\/\/1dronas.lt\/en\/#\/schema\/logo\/image\/","url":"https:\/\/1dronas.lt\/wp-content\/uploads\/2020\/12\/Ekrano_kopija__2_-removebg-preview-1-1.png","contentUrl":"https:\/\/1dronas.lt\/wp-content\/uploads\/2020\/12\/Ekrano_kopija__2_-removebg-preview-1-1.png","width":234,"height":81,"caption":"1dronas.lt"},"image":{"@id":"https:\/\/1dronas.lt\/en\/#\/schema\/logo\/image\/"},"sameAs":["https:\/\/www.facebook.com\/1dronas\/"]}]}},"jetpack_sharing_enabled":true,"_links":{"self":[{"href":"https:\/\/1dronas.lt\/en\/wp-json\/wp\/v2\/product\/9036","targetHints":{"allow":["GET"]}}],"collection":[{"href":"https:\/\/1dronas.lt\/en\/wp-json\/wp\/v2\/product"}],"about":[{"href":"https:\/\/1dronas.lt\/en\/wp-json\/wp\/v2\/types\/product"}],"replies":[{"embeddable":true,"href":"https:\/\/1dronas.lt\/en\/wp-json\/wp\/v2\/comments?post=9036"}],"wp:featuredmedia":[{"embeddable":true,"href":"https:\/\/1dronas.lt\/en\/wp-json\/wp\/v2\/media\/9042"}],"wp:attachment":[{"href":"https:\/\/1dronas.lt\/en\/wp-json\/wp\/v2\/media?parent=9036"}],"wp:term":[{"taxonomy":"product_brand","embeddable":true,"href":"https:\/\/1dronas.lt\/en\/wp-json\/wp\/v2\/product_brand?post=9036"},{"taxonomy":"product_cat","embeddable":true,"href":"https:\/\/1dronas.lt\/en\/wp-json\/wp\/v2\/product_cat?post=9036"},{"taxonomy":"product_tag","embeddable":true,"href":"https:\/\/1dronas.lt\/en\/wp-json\/wp\/v2\/product_tag?post=9036"}],"curies":[{"name":"wp","href":"https:\/\/api.w.org\/{rel}","templated":true}]}}