{"id":9027,"date":"2025-04-14T12:21:09","date_gmt":"2025-04-14T12:21:09","guid":{"rendered":"https:\/\/1dronas.lt\/?post_type=product&#038;p=9027"},"modified":"2026-04-23T09:58:10","modified_gmt":"2026-04-23T06:58:10","slug":"skyzone-sky02o","status":"publish","type":"product","link":"https:\/\/1dronas.lt\/en\/produktas\/skyzone-sky02o\/","title":{"rendered":"SKYZONE SKY02O FPV goggles"},"content":{"rendered":"<p class=\"\" data-start=\"0\" data-end=\"247\">SKYZONE SKY02O FPV goggles are an updated version of the classic SKY02 series, featuring a 640\u00d7400 resolution OLED display. These goggles feature bright colors and high contrast levels, allowing the pilot to see more details during flight. SKY02O goggles provide an immersive flight experience thanks to the OLED display, 5.8 GHz SteadyView dual receiver, and integrated head tracking system. They also have AV IN\/OUT connectors for RC racing drones, and an integrated DVR device for recording flight data. The SteadyView receiver combines two signals into one, avoiding image distortion and jerkiness, so the image remains stable even in difficult conditions. The goggles come with a 7 dBi patch antenna.<\/p>\n<p data-start=\"0\" data-end=\"247\"><strong>Features:<\/strong><\/p>\n<p data-start=\"0\" data-end=\"247\"><strong>\u2022\u00a0<\/strong>Integrated fan for defogging and cooling glasses;<br data-start=\"63\" data-end=\"66\" \/><strong>\u2022\u00a0<\/strong>640\u00d7400 resolution OLED screen;<br data-start=\"94\" data-end=\"97\" \/><strong>\u2022\u00a0<\/strong>Patch and omnidirectional antenna;<br data-start=\"145\" data-end=\"148\" \/><strong>\u2022\u00a0<\/strong>SteadyView receiver;<br data-start=\"168\" data-end=\"171\" \/><strong>\u2022\u00a0<\/strong>Integrated head tracking system;<br data-start=\"203\" data-end=\"206\" \/><strong>\u2022\u00a0<\/strong>Channel search function;<br data-start=\"230\" data-end=\"233\" \/><strong>\u2022\u00a0<\/strong>48 channels.<\/p>\n<p data-start=\"0\" data-end=\"247\"><strong>Specification:<\/strong><\/p>\n<p data-start=\"0\" data-end=\"247\"><strong>\u2022\u00a0<\/strong>Memory: SD card up to 64 GB (MJPEG, 30 frames\/s, AVI format);<br data-start=\"64\" data-end=\"67\" \/><strong>\u2022\u00a0<\/strong>Receiver: 5.8G 48-channel SteadyView receiver;<br data-start=\"111\" data-end=\"114\" \/><strong>\u2022\u00a0<\/strong>Languages: Chinese and English;<br data-start=\"135\" data-end=\"138\" \/><strong>\u2022\u00a0<\/strong>Display: Switchable between 16:9 and 4:3 aspect ratio;<br data-start=\"187\" data-end=\"190\" \/><strong>\u2022\u00a0<\/strong>Wide voltage support: 2S\u20136S;<br data-start=\"222\" data-end=\"225\" \/><strong>\u2022\u00a0<\/strong>IPD range: 59-69mm<br data-start=\"269\" data-end=\"272\" \/><strong>\u2022\u00a0<\/strong>Connector: HDMI input;<br data-start=\"293\" data-end=\"296\" \/><strong>\u2022\u00a0<\/strong>Body color: black;<br data-start=\"317\" data-end=\"320\" \/><strong>\u2022\u00a0<\/strong>Field of view (FOV): up to 29\u00b0.<\/p>\n<p data-start=\"0\" data-end=\"247\"><img loading=\"lazy\" decoding=\"async\" class=\"alignnone wp-image-9033 size-full\" src=\"https:\/\/1dronas.lt\/wp-content\/uploads\/2025\/04\/sky02o_webp-min.jpeg\" alt=\"\" width=\"800\" height=\"800\" srcset=\"https:\/\/1dronas.lt\/wp-content\/uploads\/2025\/04\/sky02o_webp-min.jpeg 800w, https:\/\/1dronas.lt\/wp-content\/uploads\/2025\/04\/sky02o_webp-min-300x300.jpeg 300w, https:\/\/1dronas.lt\/wp-content\/uploads\/2025\/04\/sky02o_webp-min-150x150.jpeg 150w, https:\/\/1dronas.lt\/wp-content\/uploads\/2025\/04\/sky02o_webp-min-768x768.jpeg 768w, https:\/\/1dronas.lt\/wp-content\/uploads\/2025\/04\/sky02o_webp-min-12x12.jpeg 12w, https:\/\/1dronas.lt\/wp-content\/uploads\/2025\/04\/sky02o_webp-min-247x247.jpeg 247w, https:\/\/1dronas.lt\/wp-content\/uploads\/2025\/04\/sky02o_webp-min-510x510.jpeg 510w, https:\/\/1dronas.lt\/wp-content\/uploads\/2025\/04\/sky02o_webp-min-100x100.jpeg 100w\" sizes=\"auto, (max-width: 800px) 100vw, 800px\" \/><\/p>\n<p data-start=\"0\" data-end=\"247\"><img loading=\"lazy\" decoding=\"async\" class=\"alignnone wp-image-9028 size-large\" src=\"https:\/\/1dronas.lt\/wp-content\/uploads\/2025\/04\/1_b20c714b-c8f5-4812-8a4b-a1472bf12e1b-min-1024x642.jpeg\" alt=\"\" width=\"1020\" height=\"639\" srcset=\"https:\/\/1dronas.lt\/wp-content\/uploads\/2025\/04\/1_b20c714b-c8f5-4812-8a4b-a1472bf12e1b-min-1024x642.jpeg 1024w, https:\/\/1dronas.lt\/wp-content\/uploads\/2025\/04\/1_b20c714b-c8f5-4812-8a4b-a1472bf12e1b-min-300x188.jpeg 300w, https:\/\/1dronas.lt\/wp-content\/uploads\/2025\/04\/1_b20c714b-c8f5-4812-8a4b-a1472bf12e1b-min-768x481.jpeg 768w, https:\/\/1dronas.lt\/wp-content\/uploads\/2025\/04\/1_b20c714b-c8f5-4812-8a4b-a1472bf12e1b-min-1536x963.jpeg 1536w, https:\/\/1dronas.lt\/wp-content\/uploads\/2025\/04\/1_b20c714b-c8f5-4812-8a4b-a1472bf12e1b-min-18x12.jpeg 18w, https:\/\/1dronas.lt\/wp-content\/uploads\/2025\/04\/1_b20c714b-c8f5-4812-8a4b-a1472bf12e1b-min-510x320.jpeg 510w, https:\/\/1dronas.lt\/wp-content\/uploads\/2025\/04\/1_b20c714b-c8f5-4812-8a4b-a1472bf12e1b-min.jpeg 1723w\" sizes=\"auto, (max-width: 1020px) 100vw, 1020px\" \/> <img loading=\"lazy\" decoding=\"async\" class=\"alignnone wp-image-9029 size-large\" src=\"https:\/\/1dronas.lt\/wp-content\/uploads\/2025\/04\/2_578fed7a-6c73-4d41-978a-03d94d41c4ee-min-1024x642.jpeg\" alt=\"\" width=\"1020\" height=\"639\" srcset=\"https:\/\/1dronas.lt\/wp-content\/uploads\/2025\/04\/2_578fed7a-6c73-4d41-978a-03d94d41c4ee-min-1024x642.jpeg 1024w, https:\/\/1dronas.lt\/wp-content\/uploads\/2025\/04\/2_578fed7a-6c73-4d41-978a-03d94d41c4ee-min-300x188.jpeg 300w, https:\/\/1dronas.lt\/wp-content\/uploads\/2025\/04\/2_578fed7a-6c73-4d41-978a-03d94d41c4ee-min-768x481.jpeg 768w, https:\/\/1dronas.lt\/wp-content\/uploads\/2025\/04\/2_578fed7a-6c73-4d41-978a-03d94d41c4ee-min-1536x963.jpeg 1536w, https:\/\/1dronas.lt\/wp-content\/uploads\/2025\/04\/2_578fed7a-6c73-4d41-978a-03d94d41c4ee-min-18x12.jpeg 18w, https:\/\/1dronas.lt\/wp-content\/uploads\/2025\/04\/2_578fed7a-6c73-4d41-978a-03d94d41c4ee-min-510x320.jpeg 510w, https:\/\/1dronas.lt\/wp-content\/uploads\/2025\/04\/2_578fed7a-6c73-4d41-978a-03d94d41c4ee-min.jpeg 1723w\" sizes=\"auto, (max-width: 1020px) 100vw, 1020px\" \/> <img loading=\"lazy\" decoding=\"async\" class=\"alignnone wp-image-9030 size-large\" src=\"https:\/\/1dronas.lt\/wp-content\/uploads\/2025\/04\/3_7b96a97e-4823-4dfc-b397-df06afc6e4ae-min-1024x642.jpeg\" alt=\"\" width=\"1020\" height=\"639\" srcset=\"https:\/\/1dronas.lt\/wp-content\/uploads\/2025\/04\/3_7b96a97e-4823-4dfc-b397-df06afc6e4ae-min-1024x642.jpeg 1024w, https:\/\/1dronas.lt\/wp-content\/uploads\/2025\/04\/3_7b96a97e-4823-4dfc-b397-df06afc6e4ae-min-300x188.jpeg 300w, https:\/\/1dronas.lt\/wp-content\/uploads\/2025\/04\/3_7b96a97e-4823-4dfc-b397-df06afc6e4ae-min-768x481.jpeg 768w, https:\/\/1dronas.lt\/wp-content\/uploads\/2025\/04\/3_7b96a97e-4823-4dfc-b397-df06afc6e4ae-min-1536x963.jpeg 1536w, https:\/\/1dronas.lt\/wp-content\/uploads\/2025\/04\/3_7b96a97e-4823-4dfc-b397-df06afc6e4ae-min-18x12.jpeg 18w, https:\/\/1dronas.lt\/wp-content\/uploads\/2025\/04\/3_7b96a97e-4823-4dfc-b397-df06afc6e4ae-min-510x320.jpeg 510w, https:\/\/1dronas.lt\/wp-content\/uploads\/2025\/04\/3_7b96a97e-4823-4dfc-b397-df06afc6e4ae-min.jpeg 1723w\" sizes=\"auto, (max-width: 1020px) 100vw, 1020px\" \/> <img loading=\"lazy\" decoding=\"async\" class=\"alignnone wp-image-9031 size-large\" src=\"https:\/\/1dronas.lt\/wp-content\/uploads\/2025\/04\/4_b9091324-caa7-42fa-820d-b9d63082d720-min-1024x642.jpeg\" alt=\"\" width=\"1020\" height=\"639\" srcset=\"https:\/\/1dronas.lt\/wp-content\/uploads\/2025\/04\/4_b9091324-caa7-42fa-820d-b9d63082d720-min-1024x642.jpeg 1024w, https:\/\/1dronas.lt\/wp-content\/uploads\/2025\/04\/4_b9091324-caa7-42fa-820d-b9d63082d720-min-300x188.jpeg 300w, https:\/\/1dronas.lt\/wp-content\/uploads\/2025\/04\/4_b9091324-caa7-42fa-820d-b9d63082d720-min-768x481.jpeg 768w, https:\/\/1dronas.lt\/wp-content\/uploads\/2025\/04\/4_b9091324-caa7-42fa-820d-b9d63082d720-min-1536x963.jpeg 1536w, https:\/\/1dronas.lt\/wp-content\/uploads\/2025\/04\/4_b9091324-caa7-42fa-820d-b9d63082d720-min-18x12.jpeg 18w, https:\/\/1dronas.lt\/wp-content\/uploads\/2025\/04\/4_b9091324-caa7-42fa-820d-b9d63082d720-min-510x320.jpeg 510w, https:\/\/1dronas.lt\/wp-content\/uploads\/2025\/04\/4_b9091324-caa7-42fa-820d-b9d63082d720-min.jpeg 1723w\" sizes=\"auto, (max-width: 1020px) 100vw, 1020px\" \/> <img loading=\"lazy\" decoding=\"async\" class=\"alignnone wp-image-9032 size-large\" src=\"https:\/\/1dronas.lt\/wp-content\/uploads\/2025\/04\/6_43264728-f992-4071-8719-c20617841138-min-1024x642.jpeg\" alt=\"\" width=\"1020\" height=\"639\" srcset=\"https:\/\/1dronas.lt\/wp-content\/uploads\/2025\/04\/6_43264728-f992-4071-8719-c20617841138-min-1024x642.jpeg 1024w, https:\/\/1dronas.lt\/wp-content\/uploads\/2025\/04\/6_43264728-f992-4071-8719-c20617841138-min-300x188.jpeg 300w, https:\/\/1dronas.lt\/wp-content\/uploads\/2025\/04\/6_43264728-f992-4071-8719-c20617841138-min-768x481.jpeg 768w, https:\/\/1dronas.lt\/wp-content\/uploads\/2025\/04\/6_43264728-f992-4071-8719-c20617841138-min-1536x963.jpeg 1536w, https:\/\/1dronas.lt\/wp-content\/uploads\/2025\/04\/6_43264728-f992-4071-8719-c20617841138-min-18x12.jpeg 18w, https:\/\/1dronas.lt\/wp-content\/uploads\/2025\/04\/6_43264728-f992-4071-8719-c20617841138-min-510x320.jpeg 510w, https:\/\/1dronas.lt\/wp-content\/uploads\/2025\/04\/6_43264728-f992-4071-8719-c20617841138-min.jpeg 1723w\" sizes=\"auto, (max-width: 1020px) 100vw, 1020px\" \/><\/p>\n<p data-start=\"0\" data-end=\"247\"><strong>Package:<\/strong><\/p>\n<p data-start=\"0\" data-end=\"247\">1x Skyzone 640\u00d7400 OLED 5.8GHz 48CH FPV Goggles \u2013 black;<br data-start=\"55\" data-end=\"58\" \/>2x 5.8 GHz antennas (directional and omnidirectional);<br data-start=\"101\" data-end=\"104\" \/>1x DC to XT60 power cable;<br data-start=\"133\" data-end=\"136\" \/>1x Sponge with Velcro sticker;<br data-start=\"168\" data-end=\"171\" \/>1x JR data cable;<br data-start=\"191\" data-end=\"194\" \/>1x User manual;<br data-start=\"218\" data-end=\"221\" \/>1x Carrying case;<br data-start=\"241\" data-end=\"244\" \/>1x Data transfer cable;<br data-start=\"271\" data-end=\"274\" \/>1x AV cable.<\/p>","protected":false},"excerpt":{"rendered":"<p><span style=\"color: #000000;\">The SKY02 series has a 640\u00d7400 resolution OLED screen so the pilot can see more details during flight.<\/span><\/p>\n<p><span style=\"color: #000000;\"><strong><img loading=\"lazy\" decoding=\"async\" class=\"alignnone wp-image-1806\" src=\"https:\/\/1dronas.lt\/wp-content\/uploads\/2021\/05\/delivery-icon.png.webp\" alt=\"\" width=\"24\" height=\"24\" srcset=\"https:\/\/1dronas.lt\/wp-content\/uploads\/2021\/05\/delivery-icon.png 35w, https:\/\/1dronas.lt\/wp-content\/uploads\/2021\/05\/delivery-icon-12x12.png 12w\" sizes=\"auto, (max-width: 24px) 100vw, 24px\" \/> \u00a01 \u2013 2 days<\/strong><\/span><\/p>","protected":false},"featured_media":9035,"comment_status":"open","ping_status":"closed","template":"","meta":[],"product_brand":[576],"product_cat":[223],"product_tag":[468,580,578,572],"class_list":{"0":"post-9027","1":"product","2":"type-product","3":"status-publish","4":"has-post-thumbnail","6":"product_brand-skyzone","7":"product_cat-fpv-akiniai","8":"product_tag-analog","9":"product_tag-oled","10":"product_tag-sky02o","11":"product_tag-skyzone","13":"first","14":"onbackorder","15":"sale","16":"taxable","17":"shipping-taxable","18":"purchasable","19":"product-type-variable","20":"has-default-attributes"},"yoast_head":"<!-- This site is optimized with the Yoast SEO plugin v27.4 - https:\/\/yoast.com\/product\/yoast-seo-wordpress\/ -->\n<title>SKYZONE SKY02O FPV akiniai - 1dronas.lt<\/title>\n<meta name=\"robots\" content=\"index, follow, max-snippet:-1, max-image-preview:large, max-video-preview:-1\" \/>\n<link rel=\"canonical\" href=\"https:\/\/1dronas.lt\/en\/produktas\/skyzone-sky02o\/\" \/>\n<meta property=\"og:locale\" content=\"en_US\" \/>\n<meta property=\"og:type\" content=\"article\" \/>\n<meta property=\"og:title\" content=\"SKYZONE SKY02O FPV akiniai - 1dronas.lt\" \/>\n<meta property=\"og:description\" content=\"SKY02 serija, turi 640\u00d7400 rai\u0161kos OLED ekran\u0105 tod\u0117l pilotas gali matyti daugiau detali\u0173 skryd\u017eio metu.   \u00a01 \u2013 2 d.d.\" \/>\n<meta property=\"og:url\" content=\"https:\/\/1dronas.lt\/en\/produktas\/skyzone-sky02o\/\" \/>\n<meta property=\"og:site_name\" content=\"1dronas.lt\" \/>\n<meta property=\"article:publisher\" content=\"https:\/\/www.facebook.com\/1dronas\/\" \/>\n<meta property=\"article:modified_time\" content=\"2026-04-23T06:58:10+00:00\" \/>\n<meta property=\"og:image\" content=\"https:\/\/1dronas.lt\/wp-content\/uploads\/2025\/04\/sky02oblack.2-min.jpeg\" \/>\n\t<meta property=\"og:image:width\" content=\"1758\" \/>\n\t<meta property=\"og:image:height\" content=\"1757\" \/>\n\t<meta property=\"og:image:type\" content=\"image\/jpeg\" \/>\n<meta name=\"twitter:card\" content=\"summary_large_image\" \/>\n<meta name=\"twitter:label1\" content=\"Est. reading time\" \/>\n\t<meta name=\"twitter:data1\" content=\"3 minutes\" \/>\n<script type=\"application\/ld+json\" class=\"yoast-schema-graph\">{\"@context\":\"https:\\\/\\\/schema.org\",\"@graph\":[{\"@type\":\"WebPage\",\"@id\":\"https:\\\/\\\/1dronas.lt\\\/en\\\/produktas\\\/skyzone-sky02o\\\/\",\"url\":\"https:\\\/\\\/1dronas.lt\\\/en\\\/produktas\\\/skyzone-sky02o\\\/\",\"name\":\"SKYZONE SKY02O FPV akiniai - 1dronas.lt\",\"isPartOf\":{\"@id\":\"https:\\\/\\\/1dronas.lt\\\/en\\\/#website\"},\"primaryImageOfPage\":{\"@id\":\"https:\\\/\\\/1dronas.lt\\\/en\\\/produktas\\\/skyzone-sky02o\\\/#primaryimage\"},\"image\":{\"@id\":\"https:\\\/\\\/1dronas.lt\\\/en\\\/produktas\\\/skyzone-sky02o\\\/#primaryimage\"},\"thumbnailUrl\":\"https:\\\/\\\/1dronas.lt\\\/wp-content\\\/uploads\\\/2025\\\/04\\\/sky02oblack.2-min.jpeg\",\"datePublished\":\"2025-04-14T12:21:09+00:00\",\"dateModified\":\"2026-04-23T06:58:10+00:00\",\"breadcrumb\":{\"@id\":\"https:\\\/\\\/1dronas.lt\\\/en\\\/produktas\\\/skyzone-sky02o\\\/#breadcrumb\"},\"inLanguage\":\"en-US\",\"potentialAction\":[{\"@type\":\"ReadAction\",\"target\":[\"https:\\\/\\\/1dronas.lt\\\/en\\\/produktas\\\/skyzone-sky02o\\\/\"]}]},{\"@type\":\"ImageObject\",\"inLanguage\":\"en-US\",\"@id\":\"https:\\\/\\\/1dronas.lt\\\/en\\\/produktas\\\/skyzone-sky02o\\\/#primaryimage\",\"url\":\"https:\\\/\\\/1dronas.lt\\\/wp-content\\\/uploads\\\/2025\\\/04\\\/sky02oblack.2-min.jpeg\",\"contentUrl\":\"https:\\\/\\\/1dronas.lt\\\/wp-content\\\/uploads\\\/2025\\\/04\\\/sky02oblack.2-min.jpeg\",\"width\":1758,\"height\":1757},{\"@type\":\"BreadcrumbList\",\"@id\":\"https:\\\/\\\/1dronas.lt\\\/en\\\/produktas\\\/skyzone-sky02o\\\/#breadcrumb\",\"itemListElement\":[{\"@type\":\"ListItem\",\"position\":1,\"name\":\"Home\",\"item\":\"https:\\\/\\\/1dronas.lt\\\/\"},{\"@type\":\"ListItem\",\"position\":2,\"name\":\"Parduotuv\u0117\",\"item\":\"https:\\\/\\\/1dronas.lt\\\/parduotuve\\\/\"},{\"@type\":\"ListItem\",\"position\":3,\"name\":\"SKYZONE SKY02O FPV akiniai\"}]},{\"@type\":\"WebSite\",\"@id\":\"https:\\\/\\\/1dronas.lt\\\/en\\\/#website\",\"url\":\"https:\\\/\\\/1dronas.lt\\\/en\\\/\",\"name\":\"1dronas.lt\",\"description\":\"Internetin\u0117 parduotuv\u0117\",\"publisher\":{\"@id\":\"https:\\\/\\\/1dronas.lt\\\/en\\\/#organization\"},\"potentialAction\":[{\"@type\":\"SearchAction\",\"target\":{\"@type\":\"EntryPoint\",\"urlTemplate\":\"https:\\\/\\\/1dronas.lt\\\/en\\\/?s={search_term_string}\"},\"query-input\":{\"@type\":\"PropertyValueSpecification\",\"valueRequired\":true,\"valueName\":\"search_term_string\"}}],\"inLanguage\":\"en-US\"},{\"@type\":\"Organization\",\"@id\":\"https:\\\/\\\/1dronas.lt\\\/en\\\/#organization\",\"name\":\"1dronas.lt\",\"url\":\"https:\\\/\\\/1dronas.lt\\\/en\\\/\",\"logo\":{\"@type\":\"ImageObject\",\"inLanguage\":\"en-US\",\"@id\":\"https:\\\/\\\/1dronas.lt\\\/en\\\/#\\\/schema\\\/logo\\\/image\\\/\",\"url\":\"https:\\\/\\\/1dronas.lt\\\/wp-content\\\/uploads\\\/2020\\\/12\\\/Ekrano_kopija__2_-removebg-preview-1-1.png\",\"contentUrl\":\"https:\\\/\\\/1dronas.lt\\\/wp-content\\\/uploads\\\/2020\\\/12\\\/Ekrano_kopija__2_-removebg-preview-1-1.png\",\"width\":234,\"height\":81,\"caption\":\"1dronas.lt\"},\"image\":{\"@id\":\"https:\\\/\\\/1dronas.lt\\\/en\\\/#\\\/schema\\\/logo\\\/image\\\/\"},\"sameAs\":[\"https:\\\/\\\/www.facebook.com\\\/1dronas\\\/\"]}]}<\/script>\n<!-- \/ Yoast SEO plugin. -->","yoast_head_json":{"title":"SKYZONE SKY02O FPV Goggles - 1dronas.lt","robots":{"index":"index","follow":"follow","max-snippet":"max-snippet:-1","max-image-preview":"max-image-preview:large","max-video-preview":"max-video-preview:-1"},"canonical":"https:\/\/1dronas.lt\/en\/produktas\/skyzone-sky02o\/","og_locale":"en_US","og_type":"article","og_title":"SKYZONE SKY02O FPV akiniai - 1dronas.lt","og_description":"SKY02 serija, turi 640\u00d7400 rai\u0161kos OLED ekran\u0105 tod\u0117l pilotas gali matyti daugiau detali\u0173 skryd\u017eio metu.   \u00a01 \u2013 2 d.d.","og_url":"https:\/\/1dronas.lt\/en\/produktas\/skyzone-sky02o\/","og_site_name":"1dronas.lt","article_publisher":"https:\/\/www.facebook.com\/1dronas\/","article_modified_time":"2026-04-23T06:58:10+00:00","og_image":[{"width":1758,"height":1757,"url":"https:\/\/1dronas.lt\/wp-content\/uploads\/2025\/04\/sky02oblack.2-min.jpeg","type":"image\/jpeg"}],"twitter_card":"summary_large_image","twitter_misc":{"Est. reading time":"3 minutes"},"schema":{"@context":"https:\/\/schema.org","@graph":[{"@type":"WebPage","@id":"https:\/\/1dronas.lt\/en\/produktas\/skyzone-sky02o\/","url":"https:\/\/1dronas.lt\/en\/produktas\/skyzone-sky02o\/","name":"SKYZONE SKY02O FPV Goggles - 1dronas.lt","isPartOf":{"@id":"https:\/\/1dronas.lt\/en\/#website"},"primaryImageOfPage":{"@id":"https:\/\/1dronas.lt\/en\/produktas\/skyzone-sky02o\/#primaryimage"},"image":{"@id":"https:\/\/1dronas.lt\/en\/produktas\/skyzone-sky02o\/#primaryimage"},"thumbnailUrl":"https:\/\/1dronas.lt\/wp-content\/uploads\/2025\/04\/sky02oblack.2-min.jpeg","datePublished":"2025-04-14T12:21:09+00:00","dateModified":"2026-04-23T06:58:10+00:00","breadcrumb":{"@id":"https:\/\/1dronas.lt\/en\/produktas\/skyzone-sky02o\/#breadcrumb"},"inLanguage":"en-US","potentialAction":[{"@type":"ReadAction","target":["https:\/\/1dronas.lt\/en\/produktas\/skyzone-sky02o\/"]}]},{"@type":"ImageObject","inLanguage":"en-US","@id":"https:\/\/1dronas.lt\/en\/produktas\/skyzone-sky02o\/#primaryimage","url":"https:\/\/1dronas.lt\/wp-content\/uploads\/2025\/04\/sky02oblack.2-min.jpeg","contentUrl":"https:\/\/1dronas.lt\/wp-content\/uploads\/2025\/04\/sky02oblack.2-min.jpeg","width":1758,"height":1757},{"@type":"BreadcrumbList","@id":"https:\/\/1dronas.lt\/en\/produktas\/skyzone-sky02o\/#breadcrumb","itemListElement":[{"@type":"ListItem","position":1,"name":"Home","item":"https:\/\/1dronas.lt\/"},{"@type":"ListItem","position":2,"name":"Parduotuv\u0117","item":"https:\/\/1dronas.lt\/parduotuve\/"},{"@type":"ListItem","position":3,"name":"SKYZONE SKY02O FPV akiniai"}]},{"@type":"WebSite","@id":"https:\/\/1dronas.lt\/en\/#website","url":"https:\/\/1dronas.lt\/en\/","name":"1dronas.lt","description":"Online store","publisher":{"@id":"https:\/\/1dronas.lt\/en\/#organization"},"potentialAction":[{"@type":"SearchAction","target":{"@type":"EntryPoint","urlTemplate":"https:\/\/1dronas.lt\/en\/?s={search_term_string}"},"query-input":{"@type":"PropertyValueSpecification","valueRequired":true,"valueName":"search_term_string"}}],"inLanguage":"en-US"},{"@type":"Organization","@id":"https:\/\/1dronas.lt\/en\/#organization","name":"1dronas.lt","url":"https:\/\/1dronas.lt\/en\/","logo":{"@type":"ImageObject","inLanguage":"en-US","@id":"https:\/\/1dronas.lt\/en\/#\/schema\/logo\/image\/","url":"https:\/\/1dronas.lt\/wp-content\/uploads\/2020\/12\/Ekrano_kopija__2_-removebg-preview-1-1.png","contentUrl":"https:\/\/1dronas.lt\/wp-content\/uploads\/2020\/12\/Ekrano_kopija__2_-removebg-preview-1-1.png","width":234,"height":81,"caption":"1dronas.lt"},"image":{"@id":"https:\/\/1dronas.lt\/en\/#\/schema\/logo\/image\/"},"sameAs":["https:\/\/www.facebook.com\/1dronas\/"]}]}},"jetpack_sharing_enabled":true,"_links":{"self":[{"href":"https:\/\/1dronas.lt\/en\/wp-json\/wp\/v2\/product\/9027","targetHints":{"allow":["GET"]}}],"collection":[{"href":"https:\/\/1dronas.lt\/en\/wp-json\/wp\/v2\/product"}],"about":[{"href":"https:\/\/1dronas.lt\/en\/wp-json\/wp\/v2\/types\/product"}],"replies":[{"embeddable":true,"href":"https:\/\/1dronas.lt\/en\/wp-json\/wp\/v2\/comments?post=9027"}],"wp:featuredmedia":[{"embeddable":true,"href":"https:\/\/1dronas.lt\/en\/wp-json\/wp\/v2\/media\/9035"}],"wp:attachment":[{"href":"https:\/\/1dronas.lt\/en\/wp-json\/wp\/v2\/media?parent=9027"}],"wp:term":[{"taxonomy":"product_brand","embeddable":true,"href":"https:\/\/1dronas.lt\/en\/wp-json\/wp\/v2\/product_brand?post=9027"},{"taxonomy":"product_cat","embeddable":true,"href":"https:\/\/1dronas.lt\/en\/wp-json\/wp\/v2\/product_cat?post=9027"},{"taxonomy":"product_tag","embeddable":true,"href":"https:\/\/1dronas.lt\/en\/wp-json\/wp\/v2\/product_tag?post=9027"}],"curies":[{"name":"wp","href":"https:\/\/api.w.org\/{rel}","templated":true}]}}