{"id":8949,"date":"2025-04-09T21:16:35","date_gmt":"2025-04-09T21:16:35","guid":{"rendered":"https:\/\/1dronas.lt\/?post_type=product&#038;p=8949"},"modified":"2026-04-10T08:19:10","modified_gmt":"2026-04-10T05:19:10","slug":"radiomaster-xr4-gemini-xrossband-dual-band-expresslrs-receiver","status":"publish","type":"product","link":"https:\/\/1dronas.lt\/en\/produktas\/radiomaster-xr4-gemini-xrossband-dual-band-expresslrs-receiver\/","title":{"rendered":"RadioMaster XR4 Gemini Xcrossband Dual-Band ExpressLRS Receiver"},"content":{"rendered":"<p><img loading=\"lazy\" decoding=\"async\" class=\"alignnone wp-image-8950 size-full\" src=\"https:\/\/1dronas.lt\/wp-content\/uploads\/2025\/04\/01_8fc58c98-78aa-4caa-b3a4-c455ecea4452-min.jpg\" alt=\"\" width=\"1024\" height=\"575\" srcset=\"https:\/\/1dronas.lt\/wp-content\/uploads\/2025\/04\/01_8fc58c98-78aa-4caa-b3a4-c455ecea4452-min.jpg 1024w, https:\/\/1dronas.lt\/wp-content\/uploads\/2025\/04\/01_8fc58c98-78aa-4caa-b3a4-c455ecea4452-min-300x168.jpg 300w, https:\/\/1dronas.lt\/wp-content\/uploads\/2025\/04\/01_8fc58c98-78aa-4caa-b3a4-c455ecea4452-min-768x431.jpg 768w, https:\/\/1dronas.lt\/wp-content\/uploads\/2025\/04\/01_8fc58c98-78aa-4caa-b3a4-c455ecea4452-min-18x10.jpg 18w, https:\/\/1dronas.lt\/wp-content\/uploads\/2025\/04\/01_8fc58c98-78aa-4caa-b3a4-c455ecea4452-min-510x286.jpg 510w\" sizes=\"auto, (max-width: 1024px) 100vw, 1024px\" \/><\/p>\n<p class=\"\" data-start=\"174\" data-end=\"564\">XR4 is an advanced, dual-band receiver with two LR1121 RF transceivers designed to operate with the modern ExpressLRS Gemini Xrossband (Gem-X) protocol. It seamlessly supports both 2.4 GHz and Sub-G 900 MHz frequency bands, and two T-shaped antennas ensure the highest level of signal sensitivity and connection stability for optimal performance. Integrated two independent RF circuits allow XR4 to operate flexibly: you can choose single-frequency (Gemini) or dual-frequency (Xrossband) operating modes, adapting the device to individual needs. The installed Wi-Fi module allows you to easily update the software and configure the receiver via a convenient WebUI interface on a computer or mobile device. XR4 features extremely low latency and high refresh rate, ensuring stable and reliable RF communication even in difficult conditions or over long distances. Thanks to its compact design, this receiver is ideal for drones or fixed-wing models. XR4 is the safest and most reliable RF communication solution even in the most challenging conditions.<\/p>\n<p data-start=\"174\" data-end=\"564\"><strong>Features:<\/strong><\/p>\n<p class=\"\" data-start=\"359\" data-end=\"429\">\u2022 True dual-channel reception \u2013 for greater signal reliability;<br \/>\n\u2022 Unparalleled connection stability with ExpressLRS Gemini Xrossband technology;<br \/>\n\u2022 Compatible with ExpressLRS 2.4 GHz, Sub-G 900 MHz, Gemini and Gemini Xrossband (Gem-X) modes;<br \/>\n\u2022 ESP32D4 \u2013 high-performance microcontroller;<br \/>\n\u2022 Two Semtech LR1121 transceivers;<br \/>\n\u2022 Additional UART port for advanced functions;<br \/>\n\u2022 Castled type contacts \u2013 for convenient soldering.<\/p>\n<p data-start=\"359\" data-end=\"429\"><strong>Specification:<\/strong><\/p>\n<p data-start=\"359\" data-end=\"429\">\u2022 Item: XR4 Gemini Xrossband dual-frequency receiver;<br data-start=\"119\" data-end=\"122\" \/>\u2022 Controller (MCU): ESP32D4;<br data-start=\"150\" data-end=\"153\" \/>\u2022 RF chip: LR1121 \u00d7 2;<br data-start=\"183\" data-end=\"186\" \/>\u2022 RF connector: IPEX-1 \u00d7 2;<br data-start=\"212\" data-end=\"215\" \/>\u2022 Antennas: Dual-frequency T-shaped antennas \u00d7 2 (included);<br data-start=\"275\" data-end=\"278\" \/>\u2022 Frequency range: 2.4 GHz \/ Sub-G 900 MHz;<br data-start=\"324\" data-end=\"327\" \/>\u2022 Telemetry transmission power: 100 mW;<br data-start=\"367\" data-end=\"370\" \/>\u2022 Maximum reception refresh rate: DK500 Hz \/ K1000 Hz;<br data-start=\"433\" data-end=\"436\" \/>\u2022 Minimum receiver refresh rate: 50 Hz;<br data-start=\"482\" data-end=\"485\" \/>\u2022 Operating voltage: DC 4.5 \u2013 8.4 V;<br data-start=\"519\" data-end=\"522\" \/>\u2022 Weight: 1.7 g (without antennas);<br data-start=\"551\" data-end=\"554\" \/>\u2022 Dimensions: 22 mm \u00d7 18 mm \u00d7 4 mm;<br data-start=\"591\" data-end=\"594\" \/>\u2022 Software version: ExpressLRS v3.5.1 (pre-installed);<br data-start=\"664\" data-end=\"667\" \/>\u2022 Software (FW Target): RadioMaster XR4 2.4\/900 Gemini RX;<br data-start=\"745\" data-end=\"748\" \/>\u2022 Interface 1: CRSF;<br data-start=\"766\" data-end=\"769\" \/>\u2022 Interface 2: UART.<\/p>\n<p data-start=\"359\" data-end=\"429\"><img loading=\"lazy\" decoding=\"async\" class=\"alignnone wp-image-8961 size-full\" src=\"https:\/\/1dronas.lt\/wp-content\/uploads\/2025\/04\/10_76f2994e-af97-4216-860c-0316c5d12a51_480x480-min.jpg\" alt=\"\" width=\"480\" height=\"334\" srcset=\"https:\/\/1dronas.lt\/wp-content\/uploads\/2025\/04\/10_76f2994e-af97-4216-860c-0316c5d12a51_480x480-min.jpg 480w, https:\/\/1dronas.lt\/wp-content\/uploads\/2025\/04\/10_76f2994e-af97-4216-860c-0316c5d12a51_480x480-min-300x209.jpg 300w, https:\/\/1dronas.lt\/wp-content\/uploads\/2025\/04\/10_76f2994e-af97-4216-860c-0316c5d12a51_480x480-min-18x12.jpg 18w\" sizes=\"auto, (max-width: 480px) 100vw, 480px\" \/><\/p>\n<p data-start=\"359\" data-end=\"429\"><img loading=\"lazy\" decoding=\"async\" class=\"alignnone wp-image-8965 size-full\" src=\"https:\/\/1dronas.lt\/wp-content\/uploads\/2025\/04\/02_e1ee2800-8777-4ba5-bb95-6c05ed12bf08-min.jpg\" alt=\"\" width=\"1024\" height=\"575\" srcset=\"https:\/\/1dronas.lt\/wp-content\/uploads\/2025\/04\/02_e1ee2800-8777-4ba5-bb95-6c05ed12bf08-min.jpg 1024w, https:\/\/1dronas.lt\/wp-content\/uploads\/2025\/04\/02_e1ee2800-8777-4ba5-bb95-6c05ed12bf08-min-300x168.jpg 300w, https:\/\/1dronas.lt\/wp-content\/uploads\/2025\/04\/02_e1ee2800-8777-4ba5-bb95-6c05ed12bf08-min-768x431.jpg 768w, https:\/\/1dronas.lt\/wp-content\/uploads\/2025\/04\/02_e1ee2800-8777-4ba5-bb95-6c05ed12bf08-min-18x10.jpg 18w, https:\/\/1dronas.lt\/wp-content\/uploads\/2025\/04\/02_e1ee2800-8777-4ba5-bb95-6c05ed12bf08-min-510x286.jpg 510w\" sizes=\"auto, (max-width: 1024px) 100vw, 1024px\" \/><\/p>\n<p data-start=\"359\" data-end=\"429\"><img loading=\"lazy\" decoding=\"async\" class=\"alignnone wp-image-8952 size-full\" src=\"https:\/\/1dronas.lt\/wp-content\/uploads\/2025\/04\/03_81229561-bbb6-47e3-bb6f-a410944b6460-min.jpg\" alt=\"\" width=\"1024\" height=\"575\" srcset=\"https:\/\/1dronas.lt\/wp-content\/uploads\/2025\/04\/03_81229561-bbb6-47e3-bb6f-a410944b6460-min.jpg 1024w, https:\/\/1dronas.lt\/wp-content\/uploads\/2025\/04\/03_81229561-bbb6-47e3-bb6f-a410944b6460-min-300x168.jpg 300w, https:\/\/1dronas.lt\/wp-content\/uploads\/2025\/04\/03_81229561-bbb6-47e3-bb6f-a410944b6460-min-768x431.jpg 768w, https:\/\/1dronas.lt\/wp-content\/uploads\/2025\/04\/03_81229561-bbb6-47e3-bb6f-a410944b6460-min-18x10.jpg 18w, https:\/\/1dronas.lt\/wp-content\/uploads\/2025\/04\/03_81229561-bbb6-47e3-bb6f-a410944b6460-min-510x286.jpg 510w\" sizes=\"auto, (max-width: 1024px) 100vw, 1024px\" \/> <img loading=\"lazy\" decoding=\"async\" class=\"alignnone wp-image-8955 size-full\" src=\"https:\/\/1dronas.lt\/wp-content\/uploads\/2025\/04\/04_da8455ab-394b-41e9-a596-9d27cab2187a-min.jpg\" alt=\"\" width=\"1024\" height=\"575\" srcset=\"https:\/\/1dronas.lt\/wp-content\/uploads\/2025\/04\/04_da8455ab-394b-41e9-a596-9d27cab2187a-min.jpg 1024w, https:\/\/1dronas.lt\/wp-content\/uploads\/2025\/04\/04_da8455ab-394b-41e9-a596-9d27cab2187a-min-300x168.jpg 300w, https:\/\/1dronas.lt\/wp-content\/uploads\/2025\/04\/04_da8455ab-394b-41e9-a596-9d27cab2187a-min-768x431.jpg 768w, https:\/\/1dronas.lt\/wp-content\/uploads\/2025\/04\/04_da8455ab-394b-41e9-a596-9d27cab2187a-min-18x10.jpg 18w, https:\/\/1dronas.lt\/wp-content\/uploads\/2025\/04\/04_da8455ab-394b-41e9-a596-9d27cab2187a-min-510x286.jpg 510w\" sizes=\"auto, (max-width: 1024px) 100vw, 1024px\" \/> <img loading=\"lazy\" decoding=\"async\" class=\"alignnone wp-image-8945 size-full\" src=\"https:\/\/1dronas.lt\/wp-content\/uploads\/2025\/04\/Nomad-HP0157_04-min.jpg\" alt=\"\" width=\"1024\" height=\"575\" srcset=\"https:\/\/1dronas.lt\/wp-content\/uploads\/2025\/04\/Nomad-HP0157_04-min.jpg 1024w, https:\/\/1dronas.lt\/wp-content\/uploads\/2025\/04\/Nomad-HP0157_04-min-300x168.jpg 300w, https:\/\/1dronas.lt\/wp-content\/uploads\/2025\/04\/Nomad-HP0157_04-min-768x431.jpg 768w, https:\/\/1dronas.lt\/wp-content\/uploads\/2025\/04\/Nomad-HP0157_04-min-18x10.jpg 18w, https:\/\/1dronas.lt\/wp-content\/uploads\/2025\/04\/Nomad-HP0157_04-min-510x286.jpg 510w\" sizes=\"auto, (max-width: 1024px) 100vw, 1024px\" \/> <img loading=\"lazy\" decoding=\"async\" class=\"alignnone wp-image-8946 size-full\" src=\"https:\/\/1dronas.lt\/wp-content\/uploads\/2025\/04\/Nomad-HP0157_05-min.jpg\" alt=\"\" width=\"1024\" height=\"575\" srcset=\"https:\/\/1dronas.lt\/wp-content\/uploads\/2025\/04\/Nomad-HP0157_05-min.jpg 1024w, https:\/\/1dronas.lt\/wp-content\/uploads\/2025\/04\/Nomad-HP0157_05-min-300x168.jpg 300w, https:\/\/1dronas.lt\/wp-content\/uploads\/2025\/04\/Nomad-HP0157_05-min-768x431.jpg 768w, https:\/\/1dronas.lt\/wp-content\/uploads\/2025\/04\/Nomad-HP0157_05-min-18x10.jpg 18w, https:\/\/1dronas.lt\/wp-content\/uploads\/2025\/04\/Nomad-HP0157_05-min-510x286.jpg 510w\" sizes=\"auto, (max-width: 1024px) 100vw, 1024px\" \/><\/p>\n<p data-start=\"359\" data-end=\"429\"><img loading=\"lazy\" decoding=\"async\" class=\"alignnone wp-image-8959 size-full\" src=\"https:\/\/1dronas.lt\/wp-content\/uploads\/2025\/04\/07_c0d14c70-0bb8-41c8-86af-a486f0d8f249-min.jpg\" alt=\"\" width=\"1024\" height=\"575\" srcset=\"https:\/\/1dronas.lt\/wp-content\/uploads\/2025\/04\/07_c0d14c70-0bb8-41c8-86af-a486f0d8f249-min.jpg 1024w, https:\/\/1dronas.lt\/wp-content\/uploads\/2025\/04\/07_c0d14c70-0bb8-41c8-86af-a486f0d8f249-min-300x168.jpg 300w, https:\/\/1dronas.lt\/wp-content\/uploads\/2025\/04\/07_c0d14c70-0bb8-41c8-86af-a486f0d8f249-min-768x431.jpg 768w, https:\/\/1dronas.lt\/wp-content\/uploads\/2025\/04\/07_c0d14c70-0bb8-41c8-86af-a486f0d8f249-min-18x10.jpg 18w, https:\/\/1dronas.lt\/wp-content\/uploads\/2025\/04\/07_c0d14c70-0bb8-41c8-86af-a486f0d8f249-min-510x286.jpg 510w\" sizes=\"auto, (max-width: 1024px) 100vw, 1024px\" \/><img loading=\"lazy\" decoding=\"async\" class=\"alignnone wp-image-8960 size-full\" src=\"https:\/\/1dronas.lt\/wp-content\/uploads\/2025\/04\/08_874dd3ec-fe0a-4949-93b2-b139b4e82bed-min.jpg\" alt=\"\" width=\"1024\" height=\"575\" srcset=\"https:\/\/1dronas.lt\/wp-content\/uploads\/2025\/04\/08_874dd3ec-fe0a-4949-93b2-b139b4e82bed-min.jpg 1024w, https:\/\/1dronas.lt\/wp-content\/uploads\/2025\/04\/08_874dd3ec-fe0a-4949-93b2-b139b4e82bed-min-300x168.jpg 300w, https:\/\/1dronas.lt\/wp-content\/uploads\/2025\/04\/08_874dd3ec-fe0a-4949-93b2-b139b4e82bed-min-768x431.jpg 768w, https:\/\/1dronas.lt\/wp-content\/uploads\/2025\/04\/08_874dd3ec-fe0a-4949-93b2-b139b4e82bed-min-18x10.jpg 18w, https:\/\/1dronas.lt\/wp-content\/uploads\/2025\/04\/08_874dd3ec-fe0a-4949-93b2-b139b4e82bed-min-510x286.jpg 510w\" sizes=\"auto, (max-width: 1024px) 100vw, 1024px\" \/><\/p>\n<p data-start=\"359\" data-end=\"429\"><strong>Package:<\/strong><\/p>\n<p class=\"\" data-start=\"75\" data-end=\"127\">1\u00d7 XR4 Gemini Xrossband dual-frequency receiver;<br \/>\n2\u00d7 Dual-frequency T-shaped antennas;<br \/>\n1\u00d7 CRSF connection cable;<br \/>\n3\u00d7 Thermo tubes;<br \/>\n1\u00d7 Instruction card.<\/p>\n<p data-start=\"75\" data-end=\"127\"><img loading=\"lazy\" decoding=\"async\" class=\"alignnone wp-image-8962 size-full\" src=\"https:\/\/1dronas.lt\/wp-content\/uploads\/2025\/04\/11_263176d3-d873-42ad-a883-49875328e6ad-min.jpg\" alt=\"\" width=\"1024\" height=\"575\" srcset=\"https:\/\/1dronas.lt\/wp-content\/uploads\/2025\/04\/11_263176d3-d873-42ad-a883-49875328e6ad-min.jpg 1024w, https:\/\/1dronas.lt\/wp-content\/uploads\/2025\/04\/11_263176d3-d873-42ad-a883-49875328e6ad-min-300x168.jpg 300w, https:\/\/1dronas.lt\/wp-content\/uploads\/2025\/04\/11_263176d3-d873-42ad-a883-49875328e6ad-min-768x431.jpg 768w, https:\/\/1dronas.lt\/wp-content\/uploads\/2025\/04\/11_263176d3-d873-42ad-a883-49875328e6ad-min-18x10.jpg 18w, https:\/\/1dronas.lt\/wp-content\/uploads\/2025\/04\/11_263176d3-d873-42ad-a883-49875328e6ad-min-510x286.jpg 510w\" sizes=\"auto, (max-width: 1024px) 100vw, 1024px\" \/><\/p>","protected":false},"excerpt":{"rendered":"<p><span style=\"color: #000000;\">The XR4 is an advanced, dual-frequency receiver featuring two LR1121 RF transceivers designed to operate with the advanced ExpressLRS Gemini Xrossband (Gem-X) protocol.<\/span><\/p>\n<p><span style=\"color: #000000;\"><strong><img loading=\"lazy\" decoding=\"async\" class=\"alignnone wp-image-1806\" src=\"https:\/\/1dronas.lt\/wp-content\/uploads\/2021\/05\/delivery-icon.png.webp\" alt=\"\" width=\"24\" height=\"24\" srcset=\"https:\/\/1dronas.lt\/wp-content\/uploads\/2021\/05\/delivery-icon.png 35w, https:\/\/1dronas.lt\/wp-content\/uploads\/2021\/05\/delivery-icon-12x12.png 12w\" sizes=\"auto, (max-width: 24px) 100vw, 24px\" \/>\u00a0 \u00a01 \u2013 2 days<\/strong><\/span><\/p>","protected":false},"featured_media":8964,"comment_status":"open","ping_status":"closed","template":"","meta":[],"product_brand":[497],"product_cat":[682],"product_tag":[569,568,563,176,571,357,570],"class_list":{"0":"post-8949","1":"product","2":"type-product","3":"status-publish","4":"has-post-thumbnail","6":"product_brand-radiomaster","7":"product_cat-imtuvai-rx","8":"product_tag-2-4-ghz","9":"product_tag-900-mhz","10":"product_tag-dual-band","11":"product_tag-elrs","12":"product_tag-gemini-xrossband","13":"product_tag-radiomaster","14":"product_tag-xr4","16":"first","17":"instock","18":"taxable","19":"shipping-taxable","20":"purchasable","21":"product-type-simple"},"yoast_head":"<!-- This site is optimized with the Yoast SEO plugin v27.4 - https:\/\/yoast.com\/product\/yoast-seo-wordpress\/ -->\n<title>RadioMaster XR4 Gemini Xrossband Dual-Band ExpressLRS Receiver - 1dronas.lt<\/title>\n<meta name=\"robots\" content=\"index, follow, max-snippet:-1, max-image-preview:large, max-video-preview:-1\" \/>\n<link rel=\"canonical\" href=\"https:\/\/1dronas.lt\/en\/produktas\/radiomaster-xr4-gemini-xrossband-dual-band-expresslrs-receiver\/\" \/>\n<meta property=\"og:locale\" content=\"en_US\" \/>\n<meta property=\"og:type\" content=\"article\" \/>\n<meta property=\"og:title\" content=\"RadioMaster XR4 Gemini Xrossband Dual-Band ExpressLRS Receiver - 1dronas.lt\" \/>\n<meta property=\"og:description\" content=\"XR4 \u2013 tai pa\u017eangus, dviej\u0173 da\u017eni\u0173 imtuvas, turintis du LR1121 RF si\u0173stuvus-imtuvus, sukurtas veikti su moderniu ExpressLRS Gemini Xrossband (Gem-X) protokolu.  \u00a0 \u00a01 \u2013 2 d. d.\" \/>\n<meta property=\"og:url\" content=\"https:\/\/1dronas.lt\/en\/produktas\/radiomaster-xr4-gemini-xrossband-dual-band-expresslrs-receiver\/\" \/>\n<meta property=\"og:site_name\" content=\"1dronas.lt\" \/>\n<meta property=\"article:publisher\" content=\"https:\/\/www.facebook.com\/1dronas\/\" \/>\n<meta property=\"article:modified_time\" content=\"2026-04-10T05:19:10+00:00\" \/>\n<meta property=\"og:image\" content=\"https:\/\/1dronas.lt\/wp-content\/uploads\/2025\/04\/XR4_1800x1800-min.jpg\" \/>\n\t<meta property=\"og:image:width\" content=\"1000\" \/>\n\t<meta property=\"og:image:height\" content=\"1000\" \/>\n\t<meta property=\"og:image:type\" content=\"image\/jpeg\" \/>\n<meta name=\"twitter:card\" content=\"summary_large_image\" \/>\n<meta name=\"twitter:label1\" content=\"Est. reading time\" \/>\n\t<meta name=\"twitter:data1\" content=\"5 minutes\" \/>\n<script type=\"application\/ld+json\" class=\"yoast-schema-graph\">{\"@context\":\"https:\\\/\\\/schema.org\",\"@graph\":[{\"@type\":\"WebPage\",\"@id\":\"https:\\\/\\\/1dronas.lt\\\/en\\\/produktas\\\/radiomaster-xr4-gemini-xrossband-dual-band-expresslrs-receiver\\\/\",\"url\":\"https:\\\/\\\/1dronas.lt\\\/en\\\/produktas\\\/radiomaster-xr4-gemini-xrossband-dual-band-expresslrs-receiver\\\/\",\"name\":\"RadioMaster XR4 Gemini Xrossband Dual-Band ExpressLRS Receiver - 1dronas.lt\",\"isPartOf\":{\"@id\":\"https:\\\/\\\/1dronas.lt\\\/en\\\/#website\"},\"primaryImageOfPage\":{\"@id\":\"https:\\\/\\\/1dronas.lt\\\/en\\\/produktas\\\/radiomaster-xr4-gemini-xrossband-dual-band-expresslrs-receiver\\\/#primaryimage\"},\"image\":{\"@id\":\"https:\\\/\\\/1dronas.lt\\\/en\\\/produktas\\\/radiomaster-xr4-gemini-xrossband-dual-band-expresslrs-receiver\\\/#primaryimage\"},\"thumbnailUrl\":\"https:\\\/\\\/1dronas.lt\\\/wp-content\\\/uploads\\\/2025\\\/04\\\/XR4_1800x1800-min.jpg\",\"datePublished\":\"2025-04-09T21:16:35+00:00\",\"dateModified\":\"2026-04-10T05:19:10+00:00\",\"breadcrumb\":{\"@id\":\"https:\\\/\\\/1dronas.lt\\\/en\\\/produktas\\\/radiomaster-xr4-gemini-xrossband-dual-band-expresslrs-receiver\\\/#breadcrumb\"},\"inLanguage\":\"en-US\",\"potentialAction\":[{\"@type\":\"ReadAction\",\"target\":[\"https:\\\/\\\/1dronas.lt\\\/en\\\/produktas\\\/radiomaster-xr4-gemini-xrossband-dual-band-expresslrs-receiver\\\/\"]}]},{\"@type\":\"ImageObject\",\"inLanguage\":\"en-US\",\"@id\":\"https:\\\/\\\/1dronas.lt\\\/en\\\/produktas\\\/radiomaster-xr4-gemini-xrossband-dual-band-expresslrs-receiver\\\/#primaryimage\",\"url\":\"https:\\\/\\\/1dronas.lt\\\/wp-content\\\/uploads\\\/2025\\\/04\\\/XR4_1800x1800-min.jpg\",\"contentUrl\":\"https:\\\/\\\/1dronas.lt\\\/wp-content\\\/uploads\\\/2025\\\/04\\\/XR4_1800x1800-min.jpg\",\"width\":1000,\"height\":1000},{\"@type\":\"BreadcrumbList\",\"@id\":\"https:\\\/\\\/1dronas.lt\\\/en\\\/produktas\\\/radiomaster-xr4-gemini-xrossband-dual-band-expresslrs-receiver\\\/#breadcrumb\",\"itemListElement\":[{\"@type\":\"ListItem\",\"position\":1,\"name\":\"Home\",\"item\":\"https:\\\/\\\/1dronas.lt\\\/\"},{\"@type\":\"ListItem\",\"position\":2,\"name\":\"Parduotuv\u0117\",\"item\":\"https:\\\/\\\/1dronas.lt\\\/parduotuve\\\/\"},{\"@type\":\"ListItem\",\"position\":3,\"name\":\"RadioMaster XR4 Gemini Xrossband Dual-Band ExpressLRS Receiver\"}]},{\"@type\":\"WebSite\",\"@id\":\"https:\\\/\\\/1dronas.lt\\\/en\\\/#website\",\"url\":\"https:\\\/\\\/1dronas.lt\\\/en\\\/\",\"name\":\"1dronas.lt\",\"description\":\"Internetin\u0117 parduotuv\u0117\",\"publisher\":{\"@id\":\"https:\\\/\\\/1dronas.lt\\\/en\\\/#organization\"},\"potentialAction\":[{\"@type\":\"SearchAction\",\"target\":{\"@type\":\"EntryPoint\",\"urlTemplate\":\"https:\\\/\\\/1dronas.lt\\\/en\\\/?s={search_term_string}\"},\"query-input\":{\"@type\":\"PropertyValueSpecification\",\"valueRequired\":true,\"valueName\":\"search_term_string\"}}],\"inLanguage\":\"en-US\"},{\"@type\":\"Organization\",\"@id\":\"https:\\\/\\\/1dronas.lt\\\/en\\\/#organization\",\"name\":\"1dronas.lt\",\"url\":\"https:\\\/\\\/1dronas.lt\\\/en\\\/\",\"logo\":{\"@type\":\"ImageObject\",\"inLanguage\":\"en-US\",\"@id\":\"https:\\\/\\\/1dronas.lt\\\/en\\\/#\\\/schema\\\/logo\\\/image\\\/\",\"url\":\"https:\\\/\\\/1dronas.lt\\\/wp-content\\\/uploads\\\/2020\\\/12\\\/Ekrano_kopija__2_-removebg-preview-1-1.png\",\"contentUrl\":\"https:\\\/\\\/1dronas.lt\\\/wp-content\\\/uploads\\\/2020\\\/12\\\/Ekrano_kopija__2_-removebg-preview-1-1.png\",\"width\":234,\"height\":81,\"caption\":\"1dronas.lt\"},\"image\":{\"@id\":\"https:\\\/\\\/1dronas.lt\\\/en\\\/#\\\/schema\\\/logo\\\/image\\\/\"},\"sameAs\":[\"https:\\\/\\\/www.facebook.com\\\/1dronas\\\/\"]}]}<\/script>\n<!-- \/ Yoast SEO plugin. -->","yoast_head_json":{"title":"RadioMaster XR4 Gemini Xrossband Dual-Band ExpressLRS Receiver - 1dronas.lt","robots":{"index":"index","follow":"follow","max-snippet":"max-snippet:-1","max-image-preview":"max-image-preview:large","max-video-preview":"max-video-preview:-1"},"canonical":"https:\/\/1dronas.lt\/en\/produktas\/radiomaster-xr4-gemini-xrossband-dual-band-expresslrs-receiver\/","og_locale":"en_US","og_type":"article","og_title":"RadioMaster XR4 Gemini Xrossband Dual-Band ExpressLRS Receiver - 1dronas.lt","og_description":"XR4 \u2013 tai pa\u017eangus, dviej\u0173 da\u017eni\u0173 imtuvas, turintis du LR1121 RF si\u0173stuvus-imtuvus, sukurtas veikti su moderniu ExpressLRS Gemini Xrossband (Gem-X) protokolu.  \u00a0 \u00a01 \u2013 2 d. d.","og_url":"https:\/\/1dronas.lt\/en\/produktas\/radiomaster-xr4-gemini-xrossband-dual-band-expresslrs-receiver\/","og_site_name":"1dronas.lt","article_publisher":"https:\/\/www.facebook.com\/1dronas\/","article_modified_time":"2026-04-10T05:19:10+00:00","og_image":[{"width":1000,"height":1000,"url":"https:\/\/1dronas.lt\/wp-content\/uploads\/2025\/04\/XR4_1800x1800-min.jpg","type":"image\/jpeg"}],"twitter_card":"summary_large_image","twitter_misc":{"Est. reading time":"5 minutes"},"schema":{"@context":"https:\/\/schema.org","@graph":[{"@type":"WebPage","@id":"https:\/\/1dronas.lt\/en\/produktas\/radiomaster-xr4-gemini-xrossband-dual-band-expresslrs-receiver\/","url":"https:\/\/1dronas.lt\/en\/produktas\/radiomaster-xr4-gemini-xrossband-dual-band-expresslrs-receiver\/","name":"RadioMaster XR4 Gemini Xrossband Dual-Band ExpressLRS Receiver - 1dronas.lt","isPartOf":{"@id":"https:\/\/1dronas.lt\/en\/#website"},"primaryImageOfPage":{"@id":"https:\/\/1dronas.lt\/en\/produktas\/radiomaster-xr4-gemini-xrossband-dual-band-expresslrs-receiver\/#primaryimage"},"image":{"@id":"https:\/\/1dronas.lt\/en\/produktas\/radiomaster-xr4-gemini-xrossband-dual-band-expresslrs-receiver\/#primaryimage"},"thumbnailUrl":"https:\/\/1dronas.lt\/wp-content\/uploads\/2025\/04\/XR4_1800x1800-min.jpg","datePublished":"2025-04-09T21:16:35+00:00","dateModified":"2026-04-10T05:19:10+00:00","breadcrumb":{"@id":"https:\/\/1dronas.lt\/en\/produktas\/radiomaster-xr4-gemini-xrossband-dual-band-expresslrs-receiver\/#breadcrumb"},"inLanguage":"en-US","potentialAction":[{"@type":"ReadAction","target":["https:\/\/1dronas.lt\/en\/produktas\/radiomaster-xr4-gemini-xrossband-dual-band-expresslrs-receiver\/"]}]},{"@type":"ImageObject","inLanguage":"en-US","@id":"https:\/\/1dronas.lt\/en\/produktas\/radiomaster-xr4-gemini-xrossband-dual-band-expresslrs-receiver\/#primaryimage","url":"https:\/\/1dronas.lt\/wp-content\/uploads\/2025\/04\/XR4_1800x1800-min.jpg","contentUrl":"https:\/\/1dronas.lt\/wp-content\/uploads\/2025\/04\/XR4_1800x1800-min.jpg","width":1000,"height":1000},{"@type":"BreadcrumbList","@id":"https:\/\/1dronas.lt\/en\/produktas\/radiomaster-xr4-gemini-xrossband-dual-band-expresslrs-receiver\/#breadcrumb","itemListElement":[{"@type":"ListItem","position":1,"name":"Home","item":"https:\/\/1dronas.lt\/"},{"@type":"ListItem","position":2,"name":"Parduotuv\u0117","item":"https:\/\/1dronas.lt\/parduotuve\/"},{"@type":"ListItem","position":3,"name":"RadioMaster XR4 Gemini Xrossband Dual-Band ExpressLRS Receiver"}]},{"@type":"WebSite","@id":"https:\/\/1dronas.lt\/en\/#website","url":"https:\/\/1dronas.lt\/en\/","name":"1dronas.lt","description":"Online store","publisher":{"@id":"https:\/\/1dronas.lt\/en\/#organization"},"potentialAction":[{"@type":"SearchAction","target":{"@type":"EntryPoint","urlTemplate":"https:\/\/1dronas.lt\/en\/?s={search_term_string}"},"query-input":{"@type":"PropertyValueSpecification","valueRequired":true,"valueName":"search_term_string"}}],"inLanguage":"en-US"},{"@type":"Organization","@id":"https:\/\/1dronas.lt\/en\/#organization","name":"1dronas.lt","url":"https:\/\/1dronas.lt\/en\/","logo":{"@type":"ImageObject","inLanguage":"en-US","@id":"https:\/\/1dronas.lt\/en\/#\/schema\/logo\/image\/","url":"https:\/\/1dronas.lt\/wp-content\/uploads\/2020\/12\/Ekrano_kopija__2_-removebg-preview-1-1.png","contentUrl":"https:\/\/1dronas.lt\/wp-content\/uploads\/2020\/12\/Ekrano_kopija__2_-removebg-preview-1-1.png","width":234,"height":81,"caption":"1dronas.lt"},"image":{"@id":"https:\/\/1dronas.lt\/en\/#\/schema\/logo\/image\/"},"sameAs":["https:\/\/www.facebook.com\/1dronas\/"]}]}},"jetpack_sharing_enabled":true,"_links":{"self":[{"href":"https:\/\/1dronas.lt\/en\/wp-json\/wp\/v2\/product\/8949","targetHints":{"allow":["GET"]}}],"collection":[{"href":"https:\/\/1dronas.lt\/en\/wp-json\/wp\/v2\/product"}],"about":[{"href":"https:\/\/1dronas.lt\/en\/wp-json\/wp\/v2\/types\/product"}],"replies":[{"embeddable":true,"href":"https:\/\/1dronas.lt\/en\/wp-json\/wp\/v2\/comments?post=8949"}],"wp:featuredmedia":[{"embeddable":true,"href":"https:\/\/1dronas.lt\/en\/wp-json\/wp\/v2\/media\/8964"}],"wp:attachment":[{"href":"https:\/\/1dronas.lt\/en\/wp-json\/wp\/v2\/media?parent=8949"}],"wp:term":[{"taxonomy":"product_brand","embeddable":true,"href":"https:\/\/1dronas.lt\/en\/wp-json\/wp\/v2\/product_brand?post=8949"},{"taxonomy":"product_cat","embeddable":true,"href":"https:\/\/1dronas.lt\/en\/wp-json\/wp\/v2\/product_cat?post=8949"},{"taxonomy":"product_tag","embeddable":true,"href":"https:\/\/1dronas.lt\/en\/wp-json\/wp\/v2\/product_tag?post=8949"}],"curies":[{"name":"wp","href":"https:\/\/api.w.org\/{rel}","templated":true}]}}