{"id":8930,"date":"2025-04-09T20:04:39","date_gmt":"2025-04-09T20:04:39","guid":{"rendered":"https:\/\/1dronas.lt\/?post_type=product&#038;p=8930"},"modified":"2026-03-26T19:34:08","modified_gmt":"2026-03-26T17:34:08","slug":"radiomaster-dbr4-dual-band-xross-gemini-expresslrs-receiver","status":"publish","type":"product","link":"https:\/\/1dronas.lt\/en\/produktas\/radiomaster-dbr4-dual-band-xross-gemini-expresslrs-receiver\/","title":{"rendered":"RadioMaster DBR4 Dual-Band Xross Gemini ExpressLRS Receiver"},"content":{"rendered":"<p><img loading=\"lazy\" decoding=\"async\" class=\"alignnone wp-image-8938 size-full\" src=\"https:\/\/1dronas.lt\/wp-content\/uploads\/2025\/04\/DBR4_-pc_01-min.jpeg\" alt=\"\" width=\"1024\" height=\"575\" srcset=\"https:\/\/1dronas.lt\/wp-content\/uploads\/2025\/04\/DBR4_-pc_01-min.jpeg 1024w, https:\/\/1dronas.lt\/wp-content\/uploads\/2025\/04\/DBR4_-pc_01-min-300x168.jpeg 300w, https:\/\/1dronas.lt\/wp-content\/uploads\/2025\/04\/DBR4_-pc_01-min-768x431.jpeg 768w, https:\/\/1dronas.lt\/wp-content\/uploads\/2025\/04\/DBR4_-pc_01-min-18x10.jpeg 18w, https:\/\/1dronas.lt\/wp-content\/uploads\/2025\/04\/DBR4_-pc_01-min-510x286.jpeg 510w\" sizes=\"auto, (max-width: 1024px) 100vw, 1024px\" \/><\/p>\n<p class=\"\" data-start=\"0\" data-end=\"204\">The DBR4 receiver is the perfect partner for the RadioMaster Nomad module. The DBR4 is an advanced dual-frequency, dual-channel Gemini receiver that provides seamless compatibility with the Nomad module. Designed for ultimate performance, the DBR4 features two dual-frequency sections that can simultaneously receive both 2.4 GHz and 900 MHz signals. This innovative design allows for simultaneous processing of two data streams, providing exceptional immunity to interference. With the DBR4, you can be sure that your signal will remain strong and reliable, giving you the confidence to push your limits and explore new possibilities. Enhance your RC experience with the unmatched connectivity and performance of the DBR4 receiver.<\/p>\n<p data-start=\"0\" data-end=\"204\"><strong>Features:<\/strong><\/p>\n<p class=\"\" data-start=\"2\" data-end=\"43\">\u2022 Telemetry RF power: max. 2 \u00d7 100 mW;<br \/>\n\u2022 Experience an unparalleled experience with the dual-frequency ELRS Gemini Xrossband;<br \/>\n\u2022 ExpressLRS Gemini 2.4 GHz;<br \/>\n\u2022 ExpressLRS Gemini 868\/900 MHz;<br \/>\n\u2022 4 separate antennas for optimal placement;<br \/>\n\u2022 Mounting holes: 20 \u00d7 20 mm;<br \/>\n\u2022 Supports Xrossband GemX system.<\/p>\n<p data-start=\"2\" data-end=\"43\"><strong>Specification:<\/strong><\/p>\n<p data-start=\"2\" data-end=\"43\">\u2022 Item: DBR4 Gemini Xrossband ExpressLRS receiver;<br data-start=\"51\" data-end=\"54\" \/>\u2022 Type: ISM_2.4, FCC_915;<br data-start=\"81\" data-end=\"84\" \/>\u2022 Controller (MCU): ESP32;<br data-start=\"110\" data-end=\"113\" \/>\u2022 RF chip: Semtech LR1121 \u00d7 2;<br data-start=\"151\" data-end=\"154\" \/>\u2022 Telemetry RF power: Max. 100 mW;<br data-start=\"193\" data-end=\"196\" \/>\u2022 Antennas: 2 \u00d7 2.4 GHz, 2 \u00d7 900 MHz;<br data-start=\"251\" data-end=\"254\" \/>\u2022 Frequency range: 2.404 \u2013 2.479 GHz \/ 903.5 \u2013 926.9 MHz;<br data-start=\"314\" data-end=\"317\" \/>\u2022 Maximum reception refresh rate: 500 Hz (1000 Hz \u2013 coming soon with ExpressLRS V3.4);<br data-start=\"407\" data-end=\"410\" \/>\u2022 Minimum receiver refresh rate: 50 Hz;<br data-start=\"456\" data-end=\"459\" \/>\u2022 Operating voltage: DC 4.5 \u2013 8.4 V;<br data-start=\"493\" data-end=\"496\" \/>\u2022 Weight: Without antennas \u2013 2.70 g \/ With antennas \u2013 5.30 g;<br data-start=\"550\" data-end=\"553\" \/>\u2022 Dimensions: 27.20 \u00d7 27.20 mm;<br data-start=\"586\" data-end=\"589\" \/>\u2022 Software version: ExpressLRS v3.3.2 (pre-installed);<br data-start=\"659\" data-end=\"662\" \/>\u2022 Interface: CRSF.<\/p>\n<p data-start=\"2\" data-end=\"43\"><img loading=\"lazy\" decoding=\"async\" class=\"alignnone wp-image-8942 size-full\" src=\"https:\/\/1dronas.lt\/wp-content\/uploads\/2025\/04\/DBR4_-pc_08_600x600-min.jpg\" alt=\"\" width=\"600\" height=\"406\" srcset=\"https:\/\/1dronas.lt\/wp-content\/uploads\/2025\/04\/DBR4_-pc_08_600x600-min.jpg 600w, https:\/\/1dronas.lt\/wp-content\/uploads\/2025\/04\/DBR4_-pc_08_600x600-min-300x203.jpg 300w, https:\/\/1dronas.lt\/wp-content\/uploads\/2025\/04\/DBR4_-pc_08_600x600-min-18x12.jpg 18w, https:\/\/1dronas.lt\/wp-content\/uploads\/2025\/04\/DBR4_-pc_08_600x600-min-510x345.jpg 510w\" sizes=\"auto, (max-width: 600px) 100vw, 600px\" \/><\/p>\n<p data-start=\"2\" data-end=\"43\"><img loading=\"lazy\" decoding=\"async\" class=\"alignnone wp-image-8939 size-full\" src=\"https:\/\/1dronas.lt\/wp-content\/uploads\/2025\/04\/DBR4_-pc_02-min.jpeg\" alt=\"\" width=\"1024\" height=\"575\" srcset=\"https:\/\/1dronas.lt\/wp-content\/uploads\/2025\/04\/DBR4_-pc_02-min.jpeg 1024w, https:\/\/1dronas.lt\/wp-content\/uploads\/2025\/04\/DBR4_-pc_02-min-300x168.jpeg 300w, https:\/\/1dronas.lt\/wp-content\/uploads\/2025\/04\/DBR4_-pc_02-min-768x431.jpeg 768w, https:\/\/1dronas.lt\/wp-content\/uploads\/2025\/04\/DBR4_-pc_02-min-18x10.jpeg 18w, https:\/\/1dronas.lt\/wp-content\/uploads\/2025\/04\/DBR4_-pc_02-min-510x286.jpeg 510w\" sizes=\"auto, (max-width: 1024px) 100vw, 1024px\" \/> <img loading=\"lazy\" decoding=\"async\" class=\"alignnone wp-image-8944 size-full\" src=\"https:\/\/1dronas.lt\/wp-content\/uploads\/2025\/04\/lQDPKGn4oBRYjEfNAj_NBACwxguuUy6t4zcGyA6EyloUAA_1024_575-min.jpg\" alt=\"\" width=\"1024\" height=\"575\" srcset=\"https:\/\/1dronas.lt\/wp-content\/uploads\/2025\/04\/lQDPKGn4oBRYjEfNAj_NBACwxguuUy6t4zcGyA6EyloUAA_1024_575-min.jpg 1024w, https:\/\/1dronas.lt\/wp-content\/uploads\/2025\/04\/lQDPKGn4oBRYjEfNAj_NBACwxguuUy6t4zcGyA6EyloUAA_1024_575-min-300x168.jpg 300w, https:\/\/1dronas.lt\/wp-content\/uploads\/2025\/04\/lQDPKGn4oBRYjEfNAj_NBACwxguuUy6t4zcGyA6EyloUAA_1024_575-min-768x431.jpg 768w, https:\/\/1dronas.lt\/wp-content\/uploads\/2025\/04\/lQDPKGn4oBRYjEfNAj_NBACwxguuUy6t4zcGyA6EyloUAA_1024_575-min-18x10.jpg 18w, https:\/\/1dronas.lt\/wp-content\/uploads\/2025\/04\/lQDPKGn4oBRYjEfNAj_NBACwxguuUy6t4zcGyA6EyloUAA_1024_575-min-510x286.jpg 510w\" sizes=\"auto, (max-width: 1024px) 100vw, 1024px\" \/> <img loading=\"lazy\" decoding=\"async\" class=\"alignnone wp-image-8940 size-full\" src=\"https:\/\/1dronas.lt\/wp-content\/uploads\/2025\/04\/DBR4_-pc_06-min.jpeg\" alt=\"\" width=\"1024\" height=\"575\" srcset=\"https:\/\/1dronas.lt\/wp-content\/uploads\/2025\/04\/DBR4_-pc_06-min.jpeg 1024w, https:\/\/1dronas.lt\/wp-content\/uploads\/2025\/04\/DBR4_-pc_06-min-300x168.jpeg 300w, https:\/\/1dronas.lt\/wp-content\/uploads\/2025\/04\/DBR4_-pc_06-min-768x431.jpeg 768w, https:\/\/1dronas.lt\/wp-content\/uploads\/2025\/04\/DBR4_-pc_06-min-18x10.jpeg 18w, https:\/\/1dronas.lt\/wp-content\/uploads\/2025\/04\/DBR4_-pc_06-min-510x286.jpeg 510w\" sizes=\"auto, (max-width: 1024px) 100vw, 1024px\" \/> <img loading=\"lazy\" decoding=\"async\" class=\"alignnone wp-image-8941 size-full\" src=\"https:\/\/1dronas.lt\/wp-content\/uploads\/2025\/04\/DBR4_-pc_07-min.jpeg\" alt=\"\" width=\"1024\" height=\"575\" srcset=\"https:\/\/1dronas.lt\/wp-content\/uploads\/2025\/04\/DBR4_-pc_07-min.jpeg 1024w, https:\/\/1dronas.lt\/wp-content\/uploads\/2025\/04\/DBR4_-pc_07-min-300x168.jpeg 300w, https:\/\/1dronas.lt\/wp-content\/uploads\/2025\/04\/DBR4_-pc_07-min-768x431.jpeg 768w, https:\/\/1dronas.lt\/wp-content\/uploads\/2025\/04\/DBR4_-pc_07-min-18x10.jpeg 18w, https:\/\/1dronas.lt\/wp-content\/uploads\/2025\/04\/DBR4_-pc_07-min-510x286.jpeg 510w\" sizes=\"auto, (max-width: 1024px) 100vw, 1024px\" \/><\/p>\n<p data-start=\"91\" data-end=\"225\"><strong>New packet transmission frequencies:<\/strong><\/p>\n<p class=\"\" data-start=\"91\" data-end=\"225\">\u2022 Sub-GHz 250Hz (-111 dBm):<br data-start=\"119\" data-end=\"122\" \/>Faster Transmission: Achieve higher packet refresh rates with improved Sub-GHz performance.<\/p>\n<p class=\"\" data-start=\"227\" data-end=\"462\">\u2022 Sub-GHz 200Hz Full (-111 dBm):<br data-start=\"260\" data-end=\"263\" \/>Optimized for Mavlink users: twice the data rate of the existing 900 MHz SX1276 device, specially adapted for the Mavlink protocol - for stronger connections and less interference.<\/p>\n<p class=\"\" data-start=\"464\" data-end=\"646\">\u2022 Dual frequency X150Hz (-112 dBm):<br data-start=\"499\" data-end=\"502\" \/>Gemini Mode: Simultaneous transmission of Sub-GHz and 2.4GHz signals ensures highly reliable communication and reduced interference with a 150Hz packet transmission frequency.<\/p>\n<p class=\"\" data-start=\"648\" data-end=\"863\">\u2022 Dual frequency X100Hz Full (-112 dBm):<br data-start=\"688\" data-end=\"691\" \/>Advanced Gemini Mode: Same dual-frequency benefits with 100Hz packet rate and full 16-channel resolution for reliable communication even in challenging conditions.<\/p>\n<p data-start=\"648\" data-end=\"863\"><strong>New K modes:<\/strong><\/p>\n<p class=\"\" data-start=\"898\" data-end=\"1316\">\u2022 DK500 <em data-start=\"908\" data-end=\"941\">(will be available with ExpressLRS V3.5):<\/em><br data-start=\"941\" data-end=\"944\" \/>Designed from the ground up for speed and RC reliability enthusiasts. K-modes are a next-generation FSK modulation with built-in packet recovery (Forward Error Correction). Similar to the FLRC D500, the DK500 sends repeated packets to reduce the chance of losing connection during intense racing. When used with the Gemini transmitter and receiver, it provides unmatched RC reliability.<\/p>\n<p class=\"\" data-start=\"1318\" data-end=\"1631\">\u2022 K1000 Full SubGHz <em data-start=\"1340\" data-end=\"1373\">(will be available with ExpressLRS V3.5):<\/em><br data-start=\"1373\" data-end=\"1376\" \/>Yes, you read that right \u2013 1000Hz in the 868\/900 MHz frequency range! This mode is designed for maximum data transfer rates with MAVLink, but during testing it proved effective even in long-range conditions.<\/p>\n<p data-start=\"1318\" data-end=\"1631\"><img loading=\"lazy\" decoding=\"async\" class=\"alignnone wp-image-8945 size-full\" src=\"https:\/\/1dronas.lt\/wp-content\/uploads\/2025\/04\/Nomad-HP0157_04-min.jpg\" alt=\"\" width=\"1024\" height=\"575\" srcset=\"https:\/\/1dronas.lt\/wp-content\/uploads\/2025\/04\/Nomad-HP0157_04-min.jpg 1024w, https:\/\/1dronas.lt\/wp-content\/uploads\/2025\/04\/Nomad-HP0157_04-min-300x168.jpg 300w, https:\/\/1dronas.lt\/wp-content\/uploads\/2025\/04\/Nomad-HP0157_04-min-768x431.jpg 768w, https:\/\/1dronas.lt\/wp-content\/uploads\/2025\/04\/Nomad-HP0157_04-min-18x10.jpg 18w, https:\/\/1dronas.lt\/wp-content\/uploads\/2025\/04\/Nomad-HP0157_04-min-510x286.jpg 510w\" sizes=\"auto, (max-width: 1024px) 100vw, 1024px\" \/> <img loading=\"lazy\" decoding=\"async\" class=\"alignnone wp-image-8946 size-full\" src=\"https:\/\/1dronas.lt\/wp-content\/uploads\/2025\/04\/Nomad-HP0157_05-min.jpg\" alt=\"\" width=\"1024\" height=\"575\" srcset=\"https:\/\/1dronas.lt\/wp-content\/uploads\/2025\/04\/Nomad-HP0157_05-min.jpg 1024w, https:\/\/1dronas.lt\/wp-content\/uploads\/2025\/04\/Nomad-HP0157_05-min-300x168.jpg 300w, https:\/\/1dronas.lt\/wp-content\/uploads\/2025\/04\/Nomad-HP0157_05-min-768x431.jpg 768w, https:\/\/1dronas.lt\/wp-content\/uploads\/2025\/04\/Nomad-HP0157_05-min-18x10.jpg 18w, https:\/\/1dronas.lt\/wp-content\/uploads\/2025\/04\/Nomad-HP0157_05-min-510x286.jpg 510w\" sizes=\"auto, (max-width: 1024px) 100vw, 1024px\" \/><\/p>\n<p data-start=\"1318\" data-end=\"1631\"><strong>Package:<\/strong><\/p>\n<p class=\"\" data-start=\"71\" data-end=\"121\">1\u00d7 DBR4 Gemini Xrossband ExpressLRS receiver;<br \/>\n2\u00d7 2.4 GHz wired antennas;<br \/>\n2\u00d7 900 MHz wire antennas;<br \/>\n1\u00d7 CRSF connection cable;<br \/>\n4\u00d7 4 mm red anti-vibration shock absorbers;<br \/>\n4\u00d7 3 mm black anti-vibration shock absorbers;<br \/>\n1\u00d7 Instruction card.<\/p>\n<p data-start=\"71\" data-end=\"121\"><img loading=\"lazy\" decoding=\"async\" class=\"alignnone wp-image-8943 size-full\" src=\"https:\/\/1dronas.lt\/wp-content\/uploads\/2025\/04\/DBR4_-pc_09-min.jpeg\" alt=\"\" width=\"1024\" height=\"575\" srcset=\"https:\/\/1dronas.lt\/wp-content\/uploads\/2025\/04\/DBR4_-pc_09-min.jpeg 1024w, https:\/\/1dronas.lt\/wp-content\/uploads\/2025\/04\/DBR4_-pc_09-min-300x168.jpeg 300w, https:\/\/1dronas.lt\/wp-content\/uploads\/2025\/04\/DBR4_-pc_09-min-768x431.jpeg 768w, https:\/\/1dronas.lt\/wp-content\/uploads\/2025\/04\/DBR4_-pc_09-min-18x10.jpeg 18w, https:\/\/1dronas.lt\/wp-content\/uploads\/2025\/04\/DBR4_-pc_09-min-510x286.jpeg 510w\" sizes=\"auto, (max-width: 1024px) 100vw, 1024px\" \/><\/p>","protected":false},"excerpt":{"rendered":"<p>Designed for ultimate performance, the DBR4 features two dual frequency sections that can receive both 2.4 GHz and 900 MHz signals simultaneously.<\/p>\n<h4><span style=\"color: #000000;\"><strong><img loading=\"lazy\" decoding=\"async\" class=\"alignnone wp-image-1806\" src=\"https:\/\/1dronas.lt\/wp-content\/uploads\/2021\/05\/delivery-icon.png.webp\" alt=\"\" width=\"24\" height=\"24\" srcset=\"https:\/\/1dronas.lt\/wp-content\/uploads\/2021\/05\/delivery-icon.png 35w, https:\/\/1dronas.lt\/wp-content\/uploads\/2021\/05\/delivery-icon-12x12.png 12w\" sizes=\"auto, (max-width: 24px) 100vw, 24px\" \/>\u00a0 \u00a01 \u2013 2 days<\/strong><\/span><\/h4>","protected":false},"featured_media":8936,"comment_status":"open","ping_status":"closed","template":"","meta":[],"product_brand":[497],"product_cat":[682],"product_tag":[569,568,563,176,357,567],"class_list":{"0":"post-8930","1":"product","2":"type-product","3":"status-publish","4":"has-post-thumbnail","6":"product_brand-radiomaster","7":"product_cat-imtuvai-rx","8":"product_tag-2-4-ghz","9":"product_tag-900-mhz","10":"product_tag-dual-band","11":"product_tag-elrs","12":"product_tag-radiomaster","13":"product_tag-xross-gemini","15":"first","16":"instock","17":"taxable","18":"shipping-taxable","19":"purchasable","20":"product-type-simple"},"yoast_head":"<!-- This site is optimized with the Yoast SEO plugin v27.5 - https:\/\/yoast.com\/product\/yoast-seo-wordpress\/ -->\n<title>RadioMaster DBR4 Dual-Band Xross Gemini ExpressLRS Receiver - 1dronas.lt<\/title>\n<meta name=\"robots\" content=\"index, follow, max-snippet:-1, max-image-preview:large, max-video-preview:-1\" \/>\n<link rel=\"canonical\" href=\"https:\/\/1dronas.lt\/en\/produktas\/radiomaster-dbr4-dual-band-xross-gemini-expresslrs-receiver\/\" \/>\n<meta property=\"og:locale\" content=\"en_US\" \/>\n<meta property=\"og:type\" content=\"article\" \/>\n<meta property=\"og:title\" content=\"RadioMaster DBR4 Dual-Band Xross Gemini ExpressLRS Receiver - 1dronas.lt\" \/>\n<meta property=\"og:description\" content=\"Sukurtas auk\u0161\u010diausiam na\u0161umui, DBR4 turi dvi dvigubas da\u017eni\u0173 sekcijas, kurios vienu metu gali priimti tiek 2.4 GHz, tiek 900 MHz signalus. \u00a0 \u00a01 \u2013 2 d. d.\" \/>\n<meta property=\"og:url\" content=\"https:\/\/1dronas.lt\/en\/produktas\/radiomaster-dbr4-dual-band-xross-gemini-expresslrs-receiver\/\" \/>\n<meta property=\"og:site_name\" content=\"1dronas.lt\" \/>\n<meta property=\"article:publisher\" content=\"https:\/\/www.facebook.com\/1dronas\/\" \/>\n<meta property=\"article:modified_time\" content=\"2026-03-26T17:34:08+00:00\" \/>\n<meta property=\"og:image\" content=\"https:\/\/1dronas.lt\/wp-content\/uploads\/2025\/04\/09_ebef4d34-394f-49e4-a427-ff725e7af8c8_1800x1800-min.jpg\" \/>\n\t<meta property=\"og:image:width\" content=\"1000\" \/>\n\t<meta property=\"og:image:height\" content=\"1000\" \/>\n\t<meta property=\"og:image:type\" content=\"image\/jpeg\" \/>\n<meta name=\"twitter:card\" content=\"summary_large_image\" \/>\n<meta name=\"twitter:label1\" content=\"Est. reading time\" \/>\n\t<meta name=\"twitter:data1\" content=\"5 minutes\" \/>\n<script type=\"application\/ld+json\" class=\"yoast-schema-graph\">{\"@context\":\"https:\\\/\\\/schema.org\",\"@graph\":[{\"@type\":\"WebPage\",\"@id\":\"https:\\\/\\\/1dronas.lt\\\/en\\\/produktas\\\/radiomaster-dbr4-dual-band-xross-gemini-expresslrs-receiver\\\/\",\"url\":\"https:\\\/\\\/1dronas.lt\\\/en\\\/produktas\\\/radiomaster-dbr4-dual-band-xross-gemini-expresslrs-receiver\\\/\",\"name\":\"RadioMaster DBR4 Dual-Band Xross Gemini ExpressLRS Receiver - 1dronas.lt\",\"isPartOf\":{\"@id\":\"https:\\\/\\\/1dronas.lt\\\/en\\\/#website\"},\"primaryImageOfPage\":{\"@id\":\"https:\\\/\\\/1dronas.lt\\\/en\\\/produktas\\\/radiomaster-dbr4-dual-band-xross-gemini-expresslrs-receiver\\\/#primaryimage\"},\"image\":{\"@id\":\"https:\\\/\\\/1dronas.lt\\\/en\\\/produktas\\\/radiomaster-dbr4-dual-band-xross-gemini-expresslrs-receiver\\\/#primaryimage\"},\"thumbnailUrl\":\"https:\\\/\\\/1dronas.lt\\\/wp-content\\\/uploads\\\/2025\\\/04\\\/09_ebef4d34-394f-49e4-a427-ff725e7af8c8_1800x1800-min.jpg\",\"datePublished\":\"2025-04-09T20:04:39+00:00\",\"dateModified\":\"2026-03-26T17:34:08+00:00\",\"breadcrumb\":{\"@id\":\"https:\\\/\\\/1dronas.lt\\\/en\\\/produktas\\\/radiomaster-dbr4-dual-band-xross-gemini-expresslrs-receiver\\\/#breadcrumb\"},\"inLanguage\":\"en-US\",\"potentialAction\":[{\"@type\":\"ReadAction\",\"target\":[\"https:\\\/\\\/1dronas.lt\\\/en\\\/produktas\\\/radiomaster-dbr4-dual-band-xross-gemini-expresslrs-receiver\\\/\"]}]},{\"@type\":\"ImageObject\",\"inLanguage\":\"en-US\",\"@id\":\"https:\\\/\\\/1dronas.lt\\\/en\\\/produktas\\\/radiomaster-dbr4-dual-band-xross-gemini-expresslrs-receiver\\\/#primaryimage\",\"url\":\"https:\\\/\\\/1dronas.lt\\\/wp-content\\\/uploads\\\/2025\\\/04\\\/09_ebef4d34-394f-49e4-a427-ff725e7af8c8_1800x1800-min.jpg\",\"contentUrl\":\"https:\\\/\\\/1dronas.lt\\\/wp-content\\\/uploads\\\/2025\\\/04\\\/09_ebef4d34-394f-49e4-a427-ff725e7af8c8_1800x1800-min.jpg\",\"width\":1000,\"height\":1000},{\"@type\":\"BreadcrumbList\",\"@id\":\"https:\\\/\\\/1dronas.lt\\\/en\\\/produktas\\\/radiomaster-dbr4-dual-band-xross-gemini-expresslrs-receiver\\\/#breadcrumb\",\"itemListElement\":[{\"@type\":\"ListItem\",\"position\":1,\"name\":\"Home\",\"item\":\"https:\\\/\\\/1dronas.lt\\\/\"},{\"@type\":\"ListItem\",\"position\":2,\"name\":\"Parduotuv\u0117\",\"item\":\"https:\\\/\\\/1dronas.lt\\\/parduotuve\\\/\"},{\"@type\":\"ListItem\",\"position\":3,\"name\":\"RadioMaster DBR4 Dual-Band Xross Gemini ExpressLRS Receiver\"}]},{\"@type\":\"WebSite\",\"@id\":\"https:\\\/\\\/1dronas.lt\\\/en\\\/#website\",\"url\":\"https:\\\/\\\/1dronas.lt\\\/en\\\/\",\"name\":\"1dronas.lt\",\"description\":\"Internetin\u0117 parduotuv\u0117\",\"publisher\":{\"@id\":\"https:\\\/\\\/1dronas.lt\\\/en\\\/#organization\"},\"potentialAction\":[{\"@type\":\"SearchAction\",\"target\":{\"@type\":\"EntryPoint\",\"urlTemplate\":\"https:\\\/\\\/1dronas.lt\\\/en\\\/?s={search_term_string}\"},\"query-input\":{\"@type\":\"PropertyValueSpecification\",\"valueRequired\":true,\"valueName\":\"search_term_string\"}}],\"inLanguage\":\"en-US\"},{\"@type\":\"Organization\",\"@id\":\"https:\\\/\\\/1dronas.lt\\\/en\\\/#organization\",\"name\":\"1dronas.lt\",\"url\":\"https:\\\/\\\/1dronas.lt\\\/en\\\/\",\"logo\":{\"@type\":\"ImageObject\",\"inLanguage\":\"en-US\",\"@id\":\"https:\\\/\\\/1dronas.lt\\\/en\\\/#\\\/schema\\\/logo\\\/image\\\/\",\"url\":\"https:\\\/\\\/1dronas.lt\\\/wp-content\\\/uploads\\\/2020\\\/12\\\/Ekrano_kopija__2_-removebg-preview-1-1.png\",\"contentUrl\":\"https:\\\/\\\/1dronas.lt\\\/wp-content\\\/uploads\\\/2020\\\/12\\\/Ekrano_kopija__2_-removebg-preview-1-1.png\",\"width\":234,\"height\":81,\"caption\":\"1dronas.lt\"},\"image\":{\"@id\":\"https:\\\/\\\/1dronas.lt\\\/en\\\/#\\\/schema\\\/logo\\\/image\\\/\"},\"sameAs\":[\"https:\\\/\\\/www.facebook.com\\\/1dronas\\\/\"]}]}<\/script>\n<!-- \/ Yoast SEO plugin. -->","yoast_head_json":{"title":"RadioMaster DBR4 Dual-Band Xross Gemini ExpressLRS Receiver - 1dronas.lt","robots":{"index":"index","follow":"follow","max-snippet":"max-snippet:-1","max-image-preview":"max-image-preview:large","max-video-preview":"max-video-preview:-1"},"canonical":"https:\/\/1dronas.lt\/en\/produktas\/radiomaster-dbr4-dual-band-xross-gemini-expresslrs-receiver\/","og_locale":"en_US","og_type":"article","og_title":"RadioMaster DBR4 Dual-Band Xross Gemini ExpressLRS Receiver - 1dronas.lt","og_description":"Sukurtas auk\u0161\u010diausiam na\u0161umui, DBR4 turi dvi dvigubas da\u017eni\u0173 sekcijas, kurios vienu metu gali priimti tiek 2.4 GHz, tiek 900 MHz signalus. \u00a0 \u00a01 \u2013 2 d. d.","og_url":"https:\/\/1dronas.lt\/en\/produktas\/radiomaster-dbr4-dual-band-xross-gemini-expresslrs-receiver\/","og_site_name":"1dronas.lt","article_publisher":"https:\/\/www.facebook.com\/1dronas\/","article_modified_time":"2026-03-26T17:34:08+00:00","og_image":[{"width":1000,"height":1000,"url":"https:\/\/1dronas.lt\/wp-content\/uploads\/2025\/04\/09_ebef4d34-394f-49e4-a427-ff725e7af8c8_1800x1800-min.jpg","type":"image\/jpeg"}],"twitter_card":"summary_large_image","twitter_misc":{"Est. reading time":"5 minutes"},"schema":{"@context":"https:\/\/schema.org","@graph":[{"@type":"WebPage","@id":"https:\/\/1dronas.lt\/en\/produktas\/radiomaster-dbr4-dual-band-xross-gemini-expresslrs-receiver\/","url":"https:\/\/1dronas.lt\/en\/produktas\/radiomaster-dbr4-dual-band-xross-gemini-expresslrs-receiver\/","name":"RadioMaster DBR4 Dual-Band Xross Gemini ExpressLRS Receiver - 1dronas.lt","isPartOf":{"@id":"https:\/\/1dronas.lt\/en\/#website"},"primaryImageOfPage":{"@id":"https:\/\/1dronas.lt\/en\/produktas\/radiomaster-dbr4-dual-band-xross-gemini-expresslrs-receiver\/#primaryimage"},"image":{"@id":"https:\/\/1dronas.lt\/en\/produktas\/radiomaster-dbr4-dual-band-xross-gemini-expresslrs-receiver\/#primaryimage"},"thumbnailUrl":"https:\/\/1dronas.lt\/wp-content\/uploads\/2025\/04\/09_ebef4d34-394f-49e4-a427-ff725e7af8c8_1800x1800-min.jpg","datePublished":"2025-04-09T20:04:39+00:00","dateModified":"2026-03-26T17:34:08+00:00","breadcrumb":{"@id":"https:\/\/1dronas.lt\/en\/produktas\/radiomaster-dbr4-dual-band-xross-gemini-expresslrs-receiver\/#breadcrumb"},"inLanguage":"en-US","potentialAction":[{"@type":"ReadAction","target":["https:\/\/1dronas.lt\/en\/produktas\/radiomaster-dbr4-dual-band-xross-gemini-expresslrs-receiver\/"]}]},{"@type":"ImageObject","inLanguage":"en-US","@id":"https:\/\/1dronas.lt\/en\/produktas\/radiomaster-dbr4-dual-band-xross-gemini-expresslrs-receiver\/#primaryimage","url":"https:\/\/1dronas.lt\/wp-content\/uploads\/2025\/04\/09_ebef4d34-394f-49e4-a427-ff725e7af8c8_1800x1800-min.jpg","contentUrl":"https:\/\/1dronas.lt\/wp-content\/uploads\/2025\/04\/09_ebef4d34-394f-49e4-a427-ff725e7af8c8_1800x1800-min.jpg","width":1000,"height":1000},{"@type":"BreadcrumbList","@id":"https:\/\/1dronas.lt\/en\/produktas\/radiomaster-dbr4-dual-band-xross-gemini-expresslrs-receiver\/#breadcrumb","itemListElement":[{"@type":"ListItem","position":1,"name":"Home","item":"https:\/\/1dronas.lt\/"},{"@type":"ListItem","position":2,"name":"Parduotuv\u0117","item":"https:\/\/1dronas.lt\/parduotuve\/"},{"@type":"ListItem","position":3,"name":"RadioMaster DBR4 Dual-Band Xross Gemini ExpressLRS Receiver"}]},{"@type":"WebSite","@id":"https:\/\/1dronas.lt\/en\/#website","url":"https:\/\/1dronas.lt\/en\/","name":"1dronas.lt","description":"Online store","publisher":{"@id":"https:\/\/1dronas.lt\/en\/#organization"},"potentialAction":[{"@type":"SearchAction","target":{"@type":"EntryPoint","urlTemplate":"https:\/\/1dronas.lt\/en\/?s={search_term_string}"},"query-input":{"@type":"PropertyValueSpecification","valueRequired":true,"valueName":"search_term_string"}}],"inLanguage":"en-US"},{"@type":"Organization","@id":"https:\/\/1dronas.lt\/en\/#organization","name":"1dronas.lt","url":"https:\/\/1dronas.lt\/en\/","logo":{"@type":"ImageObject","inLanguage":"en-US","@id":"https:\/\/1dronas.lt\/en\/#\/schema\/logo\/image\/","url":"https:\/\/1dronas.lt\/wp-content\/uploads\/2020\/12\/Ekrano_kopija__2_-removebg-preview-1-1.png","contentUrl":"https:\/\/1dronas.lt\/wp-content\/uploads\/2020\/12\/Ekrano_kopija__2_-removebg-preview-1-1.png","width":234,"height":81,"caption":"1dronas.lt"},"image":{"@id":"https:\/\/1dronas.lt\/en\/#\/schema\/logo\/image\/"},"sameAs":["https:\/\/www.facebook.com\/1dronas\/"]}]}},"jetpack_sharing_enabled":true,"_links":{"self":[{"href":"https:\/\/1dronas.lt\/en\/wp-json\/wp\/v2\/product\/8930","targetHints":{"allow":["GET"]}}],"collection":[{"href":"https:\/\/1dronas.lt\/en\/wp-json\/wp\/v2\/product"}],"about":[{"href":"https:\/\/1dronas.lt\/en\/wp-json\/wp\/v2\/types\/product"}],"replies":[{"embeddable":true,"href":"https:\/\/1dronas.lt\/en\/wp-json\/wp\/v2\/comments?post=8930"}],"wp:featuredmedia":[{"embeddable":true,"href":"https:\/\/1dronas.lt\/en\/wp-json\/wp\/v2\/media\/8936"}],"wp:attachment":[{"href":"https:\/\/1dronas.lt\/en\/wp-json\/wp\/v2\/media?parent=8930"}],"wp:term":[{"taxonomy":"product_brand","embeddable":true,"href":"https:\/\/1dronas.lt\/en\/wp-json\/wp\/v2\/product_brand?post=8930"},{"taxonomy":"product_cat","embeddable":true,"href":"https:\/\/1dronas.lt\/en\/wp-json\/wp\/v2\/product_cat?post=8930"},{"taxonomy":"product_tag","embeddable":true,"href":"https:\/\/1dronas.lt\/en\/wp-json\/wp\/v2\/product_tag?post=8930"}],"curies":[{"name":"wp","href":"https:\/\/api.w.org\/{rel}","templated":true}]}}