{"id":8899,"date":"2025-04-09T12:25:57","date_gmt":"2025-04-09T12:25:57","guid":{"rendered":"https:\/\/1dronas.lt\/?post_type=product&#038;p=8899"},"modified":"2025-04-09T12:38:50","modified_gmt":"2025-04-09T12:38:50","slug":"betafpv-meteor65-pro-o4-brushless-whoop-quadcopter-elrs","status":"publish","type":"product","link":"https:\/\/1dronas.lt\/en\/produktas\/betafpv-meteor65-pro-o4-brushless-whoop-quadcopter-elrs\/","title":{"rendered":"BETAFPV Meteor65 Pro O4 Brushless Whoop Quadcopter ELRS"},"content":{"rendered":"<p>The Meteor65 Pro O4 is an advanced 1S high-definition whoop drone optimized for the DJI O4 Air Unit video transmission system. With a 66mm wheelbase, powerful 0802SE | 19500KV motors and GF 35mm three-blade propellers, it offers excellent flight performance and stability. Equipped with the advanced Matrix 1S 3IN1 HD FC flight control system and integrated DJI O4 shock-absorbing components, the drone is ideally suited for smooth, high-definition aerial photography. The updated canopy provides greater durability, adjustable camera angle and exceptional image clarity, making the Meteor65 Pro O4 a great choice for FPV videographers and enthusiasts.<\/p>\n<p><img loading=\"lazy\" decoding=\"async\" class=\"alignnone size-full wp-image-8900\" src=\"https:\/\/1dronas.lt\/wp-content\/uploads\/2025\/04\/65_e6f2c0dd-5e6a-4578-8a70-f217457e2c6c.webp\" alt=\"\" width=\"1600\" height=\"900\" srcset=\"https:\/\/1dronas.lt\/wp-content\/uploads\/2025\/04\/65_e6f2c0dd-5e6a-4578-8a70-f217457e2c6c.webp 1600w, https:\/\/1dronas.lt\/wp-content\/uploads\/2025\/04\/65_e6f2c0dd-5e6a-4578-8a70-f217457e2c6c-300x169.webp 300w, https:\/\/1dronas.lt\/wp-content\/uploads\/2025\/04\/65_e6f2c0dd-5e6a-4578-8a70-f217457e2c6c-1024x576.webp 1024w, https:\/\/1dronas.lt\/wp-content\/uploads\/2025\/04\/65_e6f2c0dd-5e6a-4578-8a70-f217457e2c6c-768x432.webp 768w, https:\/\/1dronas.lt\/wp-content\/uploads\/2025\/04\/65_e6f2c0dd-5e6a-4578-8a70-f217457e2c6c-1536x864.webp 1536w, https:\/\/1dronas.lt\/wp-content\/uploads\/2025\/04\/65_e6f2c0dd-5e6a-4578-8a70-f217457e2c6c-18x10.webp 18w, https:\/\/1dronas.lt\/wp-content\/uploads\/2025\/04\/65_e6f2c0dd-5e6a-4578-8a70-f217457e2c6c-510x287.webp 510w\" sizes=\"auto, (max-width: 1600px) 100vw, 1600px\" \/><\/p>\n<p><strong>Features:<\/strong><\/p>\n<p><strong>\u2022 Optimized for DJI O4 Air Unit video transmission system: <\/strong>Designed for a smoother and more stable flying style, it is perfect for capturing high-definition footage indoors.<br \/>\n<strong>\u2022 Advanced flight controller:<\/strong> Matrix 1S 3IN1 HD FC, featuring better integration, performance, and smooth operation.<br \/>\n<strong>\u2022 Precise flight alignment:<\/strong> With optimized PID parameters, extended throttle range, and customized RATE configurations, the Meteor65 Pro O4 delivers precise altitude control and natural camera movements - ideal for FPV videographers and content creators.<br \/>\n<strong>\u2022 Improved power configuration:<\/strong> Despite the higher weight, the 0802SE | 19500KV motors combined with the GF 35mm 3-blade propellers provide excellent thrust and responsive flight performance.<br \/>\n<strong>\u2022 Updated roof:<\/strong>\u00a0It incorporates shock-absorbing components for smoother and more stable HD footage, and offers an adjustable camera angle from 10\u00b0 to 35\u00b0 to achieve the perfect shot.<br \/>\n<strong>\u2022 Durable and user-friendly:<\/strong> designed to be reliable, easy to control and provide a smooth and enjoyable flying experience.<\/p>\n<p><strong>Specification:<\/strong><\/p>\n<p><strong>\u2022 <\/strong>Model: Meteor65 Pro O4 Brushless Whoop Drone<br \/>\n<strong>\u2022 <\/strong>Wheelbase: 66 mm<br \/>\n<strong>\u2022 <\/strong>Motors: 0802SE | 19500KV<br \/>\n<strong>\u2022 <\/strong>Battery: LAVA 1S 300mAh<br \/>\n<strong>\u2022 <\/strong>Frame: Meteor65 Pro Whoop Frame (Transparent Gray)<br \/>\n<strong>\u2022 <\/strong>Propellers: Gemfan 35 mm, 3-blade<br \/>\n<strong>\u2022 <\/strong>Camera: DJI O4 camera<br \/>\n<strong>\u2022 <\/strong>Canopy: Canopy adapted for DJI O4 Air Unit<br \/>\n<strong>\u2022 <\/strong>Flight Controller (FC): Matrix 1S 3IN1 HD FC<br \/>\n<strong>\u2022 <\/strong><span style=\"font-size: 14.4px;\">Receiver: Integrated ELRS 2.4G (serial)<br \/>\n<\/span><strong>\u2022 <\/strong>Video Transmitter (VTX): DJI O4 Air Unit<br \/>\n<strong>\u2022 <\/strong>Flight duration: ~2 min. 40 sec.<br \/>\n<strong>\u2022 <\/strong>Weight: 28.53 g<\/p>\n<p><strong>Advanced stabilization with Matrix 1S 3IN1 HD FC<\/strong><\/p>\n<p>The Meteor75 Pro O4 features an integrated Matrix 1S 3IN1 HD FC, designed specifically for the 1S HD Whoop drone. This flight controller is uniquely suited for digital FPV, as it combines a flight controller, ESC and ELRS 2.4G RX in one lightweight and compact system, eliminating the need for an analog OSD to ensure smooth operation. Thanks to the newly designed BEC and ESC, the Matrix 1S 3IN1 HD FC guarantees stable digital video transmission quality, even in challenging conditions, giving pilots more confidence to push their limits.<\/p>\n<p><img loading=\"lazy\" decoding=\"async\" class=\"alignnone size-full wp-image-8536\" src=\"https:\/\/1dronas.lt\/wp-content\/uploads\/2025\/03\/397b1fd8f268cc0992dc6fc636b9db05-min.jpg\" alt=\"\" width=\"1600\" height=\"900\" srcset=\"https:\/\/1dronas.lt\/wp-content\/uploads\/2025\/03\/397b1fd8f268cc0992dc6fc636b9db05-min.jpg 1600w, https:\/\/1dronas.lt\/wp-content\/uploads\/2025\/03\/397b1fd8f268cc0992dc6fc636b9db05-min-300x169.jpg 300w, https:\/\/1dronas.lt\/wp-content\/uploads\/2025\/03\/397b1fd8f268cc0992dc6fc636b9db05-min-1024x576.jpg 1024w, https:\/\/1dronas.lt\/wp-content\/uploads\/2025\/03\/397b1fd8f268cc0992dc6fc636b9db05-min-768x432.jpg 768w, https:\/\/1dronas.lt\/wp-content\/uploads\/2025\/03\/397b1fd8f268cc0992dc6fc636b9db05-min-1536x864.jpg 1536w, https:\/\/1dronas.lt\/wp-content\/uploads\/2025\/03\/397b1fd8f268cc0992dc6fc636b9db05-min-18x10.jpg 18w, https:\/\/1dronas.lt\/wp-content\/uploads\/2025\/03\/397b1fd8f268cc0992dc6fc636b9db05-min-510x287.jpg 510w\" sizes=\"auto, (max-width: 1600px) 100vw, 1600px\" \/><strong>Stable flights with HD resolution<\/strong><\/p>\n<p>Since the DJI O4 Air Unit is sensitive to high-frequency vibrations due to the built-in gyroscope that is responsible for image stabilization, the Meteor65 Pro O4 has specially designed vibration-damping components. These components use four precision-engineered balls that firmly connect the DJI O4 camera to the mount. This innovative design effectively isolates and absorbs high-frequency vibrations, ensuring smooth and stable images, eliminating image shake and &quot;jello&quot; effects during FPV filming.<\/p>\n<p><img loading=\"lazy\" decoding=\"async\" class=\"alignnone size-full wp-image-8531\" src=\"https:\/\/1dronas.lt\/wp-content\/uploads\/2025\/03\/6eebabd53ee8c2120967792c3fd79ff6-min.jpg\" alt=\"\" width=\"1600\" height=\"900\" srcset=\"https:\/\/1dronas.lt\/wp-content\/uploads\/2025\/03\/6eebabd53ee8c2120967792c3fd79ff6-min.jpg 1600w, https:\/\/1dronas.lt\/wp-content\/uploads\/2025\/03\/6eebabd53ee8c2120967792c3fd79ff6-min-300x169.jpg 300w, https:\/\/1dronas.lt\/wp-content\/uploads\/2025\/03\/6eebabd53ee8c2120967792c3fd79ff6-min-1024x576.jpg 1024w, https:\/\/1dronas.lt\/wp-content\/uploads\/2025\/03\/6eebabd53ee8c2120967792c3fd79ff6-min-768x432.jpg 768w, https:\/\/1dronas.lt\/wp-content\/uploads\/2025\/03\/6eebabd53ee8c2120967792c3fd79ff6-min-1536x864.jpg 1536w, https:\/\/1dronas.lt\/wp-content\/uploads\/2025\/03\/6eebabd53ee8c2120967792c3fd79ff6-min-18x10.jpg 18w, https:\/\/1dronas.lt\/wp-content\/uploads\/2025\/03\/6eebabd53ee8c2120967792c3fd79ff6-min-510x287.jpg 510w\" sizes=\"auto, (max-width: 1600px) 100vw, 1600px\" \/><strong>Fine-tuned for cinematic flight<\/strong><\/p>\n<p>The Meteor65 Pro O4 builds on the simplicity and durability of the Meteor65 Pro, delivering smooth, high-definition aerial photography with the DJI O4 Air Unit video transmission system. The smooth flight style is ideal for videographers - optimized PID parameters, extended throttle range, and customized RATE configurations allow for precise altitude control and natural camera movement.<\/p>\n<p>Perfect for cinematic projects and indoor recreational flying, it offers unparalleled stability. And for those looking for high-definition aerobatic flying, there&#039;s the Pavo Femto, designed for extreme aerial stunts.<\/p>\n<p><img loading=\"lazy\" decoding=\"async\" class=\"alignnone size-full wp-image-8534\" src=\"https:\/\/1dronas.lt\/wp-content\/uploads\/2025\/03\/75_d7355da7-54ed-432c-9008-72ed4ac1bcfe-min.jpg\" alt=\"\" width=\"1600\" height=\"900\" srcset=\"https:\/\/1dronas.lt\/wp-content\/uploads\/2025\/03\/75_d7355da7-54ed-432c-9008-72ed4ac1bcfe-min.jpg 1600w, https:\/\/1dronas.lt\/wp-content\/uploads\/2025\/03\/75_d7355da7-54ed-432c-9008-72ed4ac1bcfe-min-300x169.jpg 300w, https:\/\/1dronas.lt\/wp-content\/uploads\/2025\/03\/75_d7355da7-54ed-432c-9008-72ed4ac1bcfe-min-1024x576.jpg 1024w, https:\/\/1dronas.lt\/wp-content\/uploads\/2025\/03\/75_d7355da7-54ed-432c-9008-72ed4ac1bcfe-min-768x432.jpg 768w, https:\/\/1dronas.lt\/wp-content\/uploads\/2025\/03\/75_d7355da7-54ed-432c-9008-72ed4ac1bcfe-min-1536x864.jpg 1536w, https:\/\/1dronas.lt\/wp-content\/uploads\/2025\/03\/75_d7355da7-54ed-432c-9008-72ed4ac1bcfe-min-18x10.jpg 18w, https:\/\/1dronas.lt\/wp-content\/uploads\/2025\/03\/75_d7355da7-54ed-432c-9008-72ed4ac1bcfe-min-510x287.jpg 510w\" sizes=\"auto, (max-width: 1600px) 100vw, 1600px\" \/><strong>Power system<\/strong><\/p>\n<p>The Meteor65 Pro O4 is powered by 0802SE | 19500KV motors, GF 35mm 3-blade propellers, an upgraded 12A constant-current ESC, and a high-quality LAVA 1S 300mAh battery, providing a smooth balance of power and efficiency. This advanced setup effortlessly handles the size and weight of the DJI O4 Air, while still delivering an impressive 2:40 min. flight time. With this perfectly tuned power system, you can confidently aim for smooth, high-definition aerial footage every flight.<\/p>\n<p><img loading=\"lazy\" decoding=\"async\" class=\"alignnone size-full wp-image-8902\" src=\"https:\/\/1dronas.lt\/wp-content\/uploads\/2025\/04\/65_1e0e8a40-5940-4d89-9ce1-3b82ec5b4393.webp\" alt=\"\" width=\"1600\" height=\"900\" srcset=\"https:\/\/1dronas.lt\/wp-content\/uploads\/2025\/04\/65_1e0e8a40-5940-4d89-9ce1-3b82ec5b4393.webp 1600w, https:\/\/1dronas.lt\/wp-content\/uploads\/2025\/04\/65_1e0e8a40-5940-4d89-9ce1-3b82ec5b4393-300x169.webp 300w, https:\/\/1dronas.lt\/wp-content\/uploads\/2025\/04\/65_1e0e8a40-5940-4d89-9ce1-3b82ec5b4393-1024x576.webp 1024w, https:\/\/1dronas.lt\/wp-content\/uploads\/2025\/04\/65_1e0e8a40-5940-4d89-9ce1-3b82ec5b4393-768x432.webp 768w, https:\/\/1dronas.lt\/wp-content\/uploads\/2025\/04\/65_1e0e8a40-5940-4d89-9ce1-3b82ec5b4393-1536x864.webp 1536w, https:\/\/1dronas.lt\/wp-content\/uploads\/2025\/04\/65_1e0e8a40-5940-4d89-9ce1-3b82ec5b4393-18x10.webp 18w, https:\/\/1dronas.lt\/wp-content\/uploads\/2025\/04\/65_1e0e8a40-5940-4d89-9ce1-3b82ec5b4393-510x287.webp 510w\" sizes=\"auto, (max-width: 1600px) 100vw, 1600px\" \/><strong>File:<\/strong><\/p>\n<p><strong>\u2022\u00a0<\/strong><a href=\"https:\/\/support.betafpv.com\/hc\/en-us\/articles\/42139897921305-CLI-for-Meteor65-Pro-O4-2025\">FC firmware and CLI dump file<\/a><\/p>\n<p><strong>Videos:<\/p>\n<p><\/strong>How to install DJI O4 Air Unit on Meteor65 Pro O4 Brushless Whoop Quadcopter (PNP version)?<\/p>\n<p><iframe loading=\"lazy\" title=\"BETAFPV Meteor65\/75 Pro O4 PNP | DJI O4 Air Unit Installation Tutorial\" width=\"1020\" height=\"574\" src=\"https:\/\/www.youtube.com\/embed\/zt91MbWZ6SQ?feature=oembed\" frameborder=\"0\" allow=\"accelerometer; autoplay; clipboard-write; encrypted-media; gyroscope; picture-in-picture; web-share\" referrerpolicy=\"strict-origin-when-cross-origin\" allowfullscreen><\/iframe><\/p>\n<p><span style=\"color: #ff0000;\"><em>Important: Batteries are not included!<\/em><\/span><\/p>\n<p><strong>Package:<\/strong><\/p>\n<p>DJI O4 Version:<\/p>\n<p>1\u00d7 Meteor65 Pro O4 Brushless Whoop Drone (DJI O4 version);<br \/>\n4\u00d7 Vibration-damping balls for DJI O4 camera;<br \/>\n4\u00d7 GF 35 mm 3-blade propellers;<br \/>\n1\u00d7 Type-C to SH1.0 adapter;<br \/>\n1\u00d7 SH1.0-4Pin adapter cable;<br \/>\n4\u00d7 M1.4*4 cross flat head screws.<\/p>\n<p><img loading=\"lazy\" decoding=\"async\" class=\"alignnone size-full wp-image-8903\" src=\"https:\/\/1dronas.lt\/wp-content\/uploads\/2025\/04\/O4_89bb6f89-afde-401f-bcd9-2ffe2a2e8711_600x600.webp\" alt=\"\" width=\"600\" height=\"600\" srcset=\"https:\/\/1dronas.lt\/wp-content\/uploads\/2025\/04\/O4_89bb6f89-afde-401f-bcd9-2ffe2a2e8711_600x600.webp 600w, https:\/\/1dronas.lt\/wp-content\/uploads\/2025\/04\/O4_89bb6f89-afde-401f-bcd9-2ffe2a2e8711_600x600-300x300.webp 300w, https:\/\/1dronas.lt\/wp-content\/uploads\/2025\/04\/O4_89bb6f89-afde-401f-bcd9-2ffe2a2e8711_600x600-150x150.webp 150w, https:\/\/1dronas.lt\/wp-content\/uploads\/2025\/04\/O4_89bb6f89-afde-401f-bcd9-2ffe2a2e8711_600x600-12x12.webp 12w, https:\/\/1dronas.lt\/wp-content\/uploads\/2025\/04\/O4_89bb6f89-afde-401f-bcd9-2ffe2a2e8711_600x600-247x247.webp 247w, https:\/\/1dronas.lt\/wp-content\/uploads\/2025\/04\/O4_89bb6f89-afde-401f-bcd9-2ffe2a2e8711_600x600-510x510.webp 510w, https:\/\/1dronas.lt\/wp-content\/uploads\/2025\/04\/O4_89bb6f89-afde-401f-bcd9-2ffe2a2e8711_600x600-100x100.webp 100w\" sizes=\"auto, (max-width: 600px) 100vw, 600px\" \/><\/p>\n<p>PNP version:<\/p>\n<p>1\u00d7 Meteor65 Pro O4 Brushless Whoop Drone (PNP version);<br \/>\n1\u00d7 Hood for O4 Air Unit system;<br \/>\n4\u00d7 GF 35 mm 3-blade propellers;<br \/>\n1\u00d7 Type-C to SH1.0 adapter;<br \/>\n1\u00d7 SH1.0-4Pin adapter cable;<br \/>\n1\u00d7 SH1.0-6Pin HD cable;<br \/>\n1\u00d7 5.8G VTX antenna;<br \/>\n4\u00d7 Vibration-damping balls;<br \/>\n8\u00d7 Vibration-damping balls for DJI O4 camera;<br \/>\n1\u00d7 DJI O4 camera mount;<br \/>\n1\u00d7 Vibration-damping mounting system for DJI O4 camera;<br \/>\n4\u00d7 M1.4*4 cross flat head screws;<br \/>\n4\u00d7 M1.4<em data-start=\"568\" data-end=\"572\">10<\/em>4 cross-shaped flat washer-shaped threaded bolts;<br \/>\n4\u00d7 M2*4 flat head socket screws;<br \/>\n1\u00d7 Phillips screwdriver.<\/p>\n<p><img loading=\"lazy\" decoding=\"async\" class=\"alignnone size-full wp-image-8904\" src=\"https:\/\/1dronas.lt\/wp-content\/uploads\/2025\/04\/PNP_3b24189a-a04e-41c0-b341-5f20ac0a5c41_600x600.webp\" alt=\"\" width=\"600\" height=\"600\" srcset=\"https:\/\/1dronas.lt\/wp-content\/uploads\/2025\/04\/PNP_3b24189a-a04e-41c0-b341-5f20ac0a5c41_600x600.webp 600w, https:\/\/1dronas.lt\/wp-content\/uploads\/2025\/04\/PNP_3b24189a-a04e-41c0-b341-5f20ac0a5c41_600x600-300x300.webp 300w, https:\/\/1dronas.lt\/wp-content\/uploads\/2025\/04\/PNP_3b24189a-a04e-41c0-b341-5f20ac0a5c41_600x600-150x150.webp 150w, https:\/\/1dronas.lt\/wp-content\/uploads\/2025\/04\/PNP_3b24189a-a04e-41c0-b341-5f20ac0a5c41_600x600-12x12.webp 12w, https:\/\/1dronas.lt\/wp-content\/uploads\/2025\/04\/PNP_3b24189a-a04e-41c0-b341-5f20ac0a5c41_600x600-247x247.webp 247w, https:\/\/1dronas.lt\/wp-content\/uploads\/2025\/04\/PNP_3b24189a-a04e-41c0-b341-5f20ac0a5c41_600x600-510x510.webp 510w, https:\/\/1dronas.lt\/wp-content\/uploads\/2025\/04\/PNP_3b24189a-a04e-41c0-b341-5f20ac0a5c41_600x600-100x100.webp 100w\" sizes=\"auto, (max-width: 600px) 100vw, 600px\" \/><\/p>","protected":false},"excerpt":{"rendered":"<p><span style=\"color: #333333;\">Meteor75 Pro O4 \u2013 Experience unparalleled stability on every flight!<\/span><\/p>\n<p><span style=\"color: #333333;\"><strong><img loading=\"lazy\" decoding=\"async\" class=\"alignnone wp-image-1806\" src=\"https:\/\/1dronas.lt\/wp-content\/uploads\/2021\/05\/delivery-icon.png.webp\" alt=\"\" width=\"24\" height=\"24\" srcset=\"https:\/\/1dronas.lt\/wp-content\/uploads\/2021\/05\/delivery-icon.png 35w, https:\/\/1dronas.lt\/wp-content\/uploads\/2021\/05\/delivery-icon-12x12.png 12w\" sizes=\"auto, (max-width: 24px) 100vw, 24px\" \/>\u00a0<span style=\"font-size: 90%;\">\u00a01 \u2013 2 days<\/span><\/strong><\/span><\/p>","protected":false},"featured_media":8906,"comment_status":"open","ping_status":"closed","template":"","meta":[],"product_brand":[489],"product_cat":[112],"product_tag":[69,524,494,564],"class_list":{"0":"post-8899","1":"product","2":"type-product","3":"status-publish","4":"has-post-thumbnail","6":"product_brand-betafpv","7":"product_cat-whoop","8":"product_tag-betafpv","9":"product_tag-dji-04-air-unit","10":"product_tag-dji-o4-air-unit","11":"product_tag-meteor65-pro-hd","13":"first","14":"instock","15":"taxable","16":"shipping-taxable","17":"purchasable","18":"product-type-variable","19":"has-default-attributes"},"yoast_head":"<!-- This site is optimized with the Yoast SEO plugin v27.3 - https:\/\/yoast.com\/product\/yoast-seo-wordpress\/ -->\n<title>BETAFPV Meteor65 Pro O4 Brushless Whoop Quadcopter ELRS - 1dronas.lt<\/title>\n<meta name=\"robots\" content=\"index, follow, max-snippet:-1, max-image-preview:large, max-video-preview:-1\" \/>\n<link rel=\"canonical\" href=\"https:\/\/1dronas.lt\/en\/produktas\/betafpv-meteor65-pro-o4-brushless-whoop-quadcopter-elrs\/\" \/>\n<meta property=\"og:locale\" content=\"en_US\" \/>\n<meta property=\"og:type\" content=\"article\" \/>\n<meta property=\"og:title\" content=\"BETAFPV Meteor65 Pro O4 Brushless Whoop Quadcopter ELRS - 1dronas.lt\" \/>\n<meta property=\"og:description\" content=\"Meteor75 Pro O4 \u2013 Patirkite neprilygstam\u0105 stabilum\u0105 kiekvieno skryd\u017eio metu!  \u00a0\u00a01 \u2013 2 d. d.\" \/>\n<meta property=\"og:url\" content=\"https:\/\/1dronas.lt\/en\/produktas\/betafpv-meteor65-pro-o4-brushless-whoop-quadcopter-elrs\/\" \/>\n<meta property=\"og:site_name\" content=\"1dronas.lt\" \/>\n<meta property=\"article:publisher\" content=\"https:\/\/www.facebook.com\/1dronas\/\" \/>\n<meta property=\"article:modified_time\" content=\"2025-04-09T12:38:50+00:00\" \/>\n<meta property=\"og:image\" content=\"https:\/\/1dronas.lt\/wp-content\/uploads\/2025\/04\/Meteor65_Pro_O4_Brushless_Whoop_Quadcopter_DJI_O4_Version_720x.webp\" \/>\n\t<meta property=\"og:image:width\" content=\"720\" \/>\n\t<meta property=\"og:image:height\" content=\"720\" \/>\n\t<meta property=\"og:image:type\" content=\"image\/webp\" \/>\n<meta name=\"twitter:card\" content=\"summary_large_image\" \/>\n<meta name=\"twitter:label1\" content=\"Est. reading time\" \/>\n\t<meta name=\"twitter:data1\" content=\"6 minutes\" \/>\n<script type=\"application\/ld+json\" class=\"yoast-schema-graph\">{\"@context\":\"https:\\\/\\\/schema.org\",\"@graph\":[{\"@type\":\"WebPage\",\"@id\":\"https:\\\/\\\/1dronas.lt\\\/en\\\/produktas\\\/betafpv-meteor65-pro-o4-brushless-whoop-quadcopter-elrs\\\/\",\"url\":\"https:\\\/\\\/1dronas.lt\\\/en\\\/produktas\\\/betafpv-meteor65-pro-o4-brushless-whoop-quadcopter-elrs\\\/\",\"name\":\"BETAFPV Meteor65 Pro O4 Brushless Whoop Quadcopter ELRS - 1dronas.lt\",\"isPartOf\":{\"@id\":\"https:\\\/\\\/1dronas.lt\\\/en\\\/#website\"},\"primaryImageOfPage\":{\"@id\":\"https:\\\/\\\/1dronas.lt\\\/en\\\/produktas\\\/betafpv-meteor65-pro-o4-brushless-whoop-quadcopter-elrs\\\/#primaryimage\"},\"image\":{\"@id\":\"https:\\\/\\\/1dronas.lt\\\/en\\\/produktas\\\/betafpv-meteor65-pro-o4-brushless-whoop-quadcopter-elrs\\\/#primaryimage\"},\"thumbnailUrl\":\"https:\\\/\\\/1dronas.lt\\\/wp-content\\\/uploads\\\/2025\\\/04\\\/Meteor65_Pro_O4_Brushless_Whoop_Quadcopter_DJI_O4_Version_720x.webp\",\"datePublished\":\"2025-04-09T12:25:57+00:00\",\"dateModified\":\"2025-04-09T12:38:50+00:00\",\"breadcrumb\":{\"@id\":\"https:\\\/\\\/1dronas.lt\\\/en\\\/produktas\\\/betafpv-meteor65-pro-o4-brushless-whoop-quadcopter-elrs\\\/#breadcrumb\"},\"inLanguage\":\"en-US\",\"potentialAction\":[{\"@type\":\"ReadAction\",\"target\":[\"https:\\\/\\\/1dronas.lt\\\/en\\\/produktas\\\/betafpv-meteor65-pro-o4-brushless-whoop-quadcopter-elrs\\\/\"]}]},{\"@type\":\"ImageObject\",\"inLanguage\":\"en-US\",\"@id\":\"https:\\\/\\\/1dronas.lt\\\/en\\\/produktas\\\/betafpv-meteor65-pro-o4-brushless-whoop-quadcopter-elrs\\\/#primaryimage\",\"url\":\"https:\\\/\\\/1dronas.lt\\\/wp-content\\\/uploads\\\/2025\\\/04\\\/Meteor65_Pro_O4_Brushless_Whoop_Quadcopter_DJI_O4_Version_720x.webp\",\"contentUrl\":\"https:\\\/\\\/1dronas.lt\\\/wp-content\\\/uploads\\\/2025\\\/04\\\/Meteor65_Pro_O4_Brushless_Whoop_Quadcopter_DJI_O4_Version_720x.webp\",\"width\":720,\"height\":720},{\"@type\":\"BreadcrumbList\",\"@id\":\"https:\\\/\\\/1dronas.lt\\\/en\\\/produktas\\\/betafpv-meteor65-pro-o4-brushless-whoop-quadcopter-elrs\\\/#breadcrumb\",\"itemListElement\":[{\"@type\":\"ListItem\",\"position\":1,\"name\":\"Home\",\"item\":\"https:\\\/\\\/1dronas.lt\\\/\"},{\"@type\":\"ListItem\",\"position\":2,\"name\":\"Parduotuv\u0117\",\"item\":\"https:\\\/\\\/1dronas.lt\\\/parduotuve\\\/\"},{\"@type\":\"ListItem\",\"position\":3,\"name\":\"BETAFPV Meteor65 Pro O4 Brushless Whoop Quadcopter ELRS\"}]},{\"@type\":\"WebSite\",\"@id\":\"https:\\\/\\\/1dronas.lt\\\/en\\\/#website\",\"url\":\"https:\\\/\\\/1dronas.lt\\\/en\\\/\",\"name\":\"1dronas.lt\",\"description\":\"Internetin\u0117 parduotuv\u0117\",\"publisher\":{\"@id\":\"https:\\\/\\\/1dronas.lt\\\/en\\\/#organization\"},\"potentialAction\":[{\"@type\":\"SearchAction\",\"target\":{\"@type\":\"EntryPoint\",\"urlTemplate\":\"https:\\\/\\\/1dronas.lt\\\/en\\\/?s={search_term_string}\"},\"query-input\":{\"@type\":\"PropertyValueSpecification\",\"valueRequired\":true,\"valueName\":\"search_term_string\"}}],\"inLanguage\":\"en-US\"},{\"@type\":\"Organization\",\"@id\":\"https:\\\/\\\/1dronas.lt\\\/en\\\/#organization\",\"name\":\"1dronas.lt\",\"url\":\"https:\\\/\\\/1dronas.lt\\\/en\\\/\",\"logo\":{\"@type\":\"ImageObject\",\"inLanguage\":\"en-US\",\"@id\":\"https:\\\/\\\/1dronas.lt\\\/en\\\/#\\\/schema\\\/logo\\\/image\\\/\",\"url\":\"https:\\\/\\\/1dronas.lt\\\/wp-content\\\/uploads\\\/2020\\\/12\\\/Ekrano_kopija__2_-removebg-preview-1-1.png\",\"contentUrl\":\"https:\\\/\\\/1dronas.lt\\\/wp-content\\\/uploads\\\/2020\\\/12\\\/Ekrano_kopija__2_-removebg-preview-1-1.png\",\"width\":234,\"height\":81,\"caption\":\"1dronas.lt\"},\"image\":{\"@id\":\"https:\\\/\\\/1dronas.lt\\\/en\\\/#\\\/schema\\\/logo\\\/image\\\/\"},\"sameAs\":[\"https:\\\/\\\/www.facebook.com\\\/1dronas\\\/\"]}]}<\/script>\n<!-- \/ Yoast SEO plugin. -->","yoast_head_json":{"title":"BETAFPV Meteor65 Pro O4 Brushless Whoop Quadcopter ELRS - 1dronas.lt","robots":{"index":"index","follow":"follow","max-snippet":"max-snippet:-1","max-image-preview":"max-image-preview:large","max-video-preview":"max-video-preview:-1"},"canonical":"https:\/\/1dronas.lt\/en\/produktas\/betafpv-meteor65-pro-o4-brushless-whoop-quadcopter-elrs\/","og_locale":"en_US","og_type":"article","og_title":"BETAFPV Meteor65 Pro O4 Brushless Whoop Quadcopter ELRS - 1dronas.lt","og_description":"Meteor75 Pro O4 \u2013 Patirkite neprilygstam\u0105 stabilum\u0105 kiekvieno skryd\u017eio metu!  \u00a0\u00a01 \u2013 2 d. d.","og_url":"https:\/\/1dronas.lt\/en\/produktas\/betafpv-meteor65-pro-o4-brushless-whoop-quadcopter-elrs\/","og_site_name":"1dronas.lt","article_publisher":"https:\/\/www.facebook.com\/1dronas\/","article_modified_time":"2025-04-09T12:38:50+00:00","og_image":[{"width":720,"height":720,"url":"https:\/\/1dronas.lt\/wp-content\/uploads\/2025\/04\/Meteor65_Pro_O4_Brushless_Whoop_Quadcopter_DJI_O4_Version_720x.webp","type":"image\/webp"}],"twitter_card":"summary_large_image","twitter_misc":{"Est. reading time":"6 minutes"},"schema":{"@context":"https:\/\/schema.org","@graph":[{"@type":"WebPage","@id":"https:\/\/1dronas.lt\/en\/produktas\/betafpv-meteor65-pro-o4-brushless-whoop-quadcopter-elrs\/","url":"https:\/\/1dronas.lt\/en\/produktas\/betafpv-meteor65-pro-o4-brushless-whoop-quadcopter-elrs\/","name":"BETAFPV Meteor65 Pro O4 Brushless Whoop Quadcopter ELRS - 1dronas.lt","isPartOf":{"@id":"https:\/\/1dronas.lt\/en\/#website"},"primaryImageOfPage":{"@id":"https:\/\/1dronas.lt\/en\/produktas\/betafpv-meteor65-pro-o4-brushless-whoop-quadcopter-elrs\/#primaryimage"},"image":{"@id":"https:\/\/1dronas.lt\/en\/produktas\/betafpv-meteor65-pro-o4-brushless-whoop-quadcopter-elrs\/#primaryimage"},"thumbnailUrl":"https:\/\/1dronas.lt\/wp-content\/uploads\/2025\/04\/Meteor65_Pro_O4_Brushless_Whoop_Quadcopter_DJI_O4_Version_720x.webp","datePublished":"2025-04-09T12:25:57+00:00","dateModified":"2025-04-09T12:38:50+00:00","breadcrumb":{"@id":"https:\/\/1dronas.lt\/en\/produktas\/betafpv-meteor65-pro-o4-brushless-whoop-quadcopter-elrs\/#breadcrumb"},"inLanguage":"en-US","potentialAction":[{"@type":"ReadAction","target":["https:\/\/1dronas.lt\/en\/produktas\/betafpv-meteor65-pro-o4-brushless-whoop-quadcopter-elrs\/"]}]},{"@type":"ImageObject","inLanguage":"en-US","@id":"https:\/\/1dronas.lt\/en\/produktas\/betafpv-meteor65-pro-o4-brushless-whoop-quadcopter-elrs\/#primaryimage","url":"https:\/\/1dronas.lt\/wp-content\/uploads\/2025\/04\/Meteor65_Pro_O4_Brushless_Whoop_Quadcopter_DJI_O4_Version_720x.webp","contentUrl":"https:\/\/1dronas.lt\/wp-content\/uploads\/2025\/04\/Meteor65_Pro_O4_Brushless_Whoop_Quadcopter_DJI_O4_Version_720x.webp","width":720,"height":720},{"@type":"BreadcrumbList","@id":"https:\/\/1dronas.lt\/en\/produktas\/betafpv-meteor65-pro-o4-brushless-whoop-quadcopter-elrs\/#breadcrumb","itemListElement":[{"@type":"ListItem","position":1,"name":"Home","item":"https:\/\/1dronas.lt\/"},{"@type":"ListItem","position":2,"name":"Parduotuv\u0117","item":"https:\/\/1dronas.lt\/parduotuve\/"},{"@type":"ListItem","position":3,"name":"BETAFPV Meteor65 Pro O4 Brushless Whoop Quadcopter ELRS"}]},{"@type":"WebSite","@id":"https:\/\/1dronas.lt\/en\/#website","url":"https:\/\/1dronas.lt\/en\/","name":"1dronas.lt","description":"Online store","publisher":{"@id":"https:\/\/1dronas.lt\/en\/#organization"},"potentialAction":[{"@type":"SearchAction","target":{"@type":"EntryPoint","urlTemplate":"https:\/\/1dronas.lt\/en\/?s={search_term_string}"},"query-input":{"@type":"PropertyValueSpecification","valueRequired":true,"valueName":"search_term_string"}}],"inLanguage":"en-US"},{"@type":"Organization","@id":"https:\/\/1dronas.lt\/en\/#organization","name":"1dronas.lt","url":"https:\/\/1dronas.lt\/en\/","logo":{"@type":"ImageObject","inLanguage":"en-US","@id":"https:\/\/1dronas.lt\/en\/#\/schema\/logo\/image\/","url":"https:\/\/1dronas.lt\/wp-content\/uploads\/2020\/12\/Ekrano_kopija__2_-removebg-preview-1-1.png","contentUrl":"https:\/\/1dronas.lt\/wp-content\/uploads\/2020\/12\/Ekrano_kopija__2_-removebg-preview-1-1.png","width":234,"height":81,"caption":"1dronas.lt"},"image":{"@id":"https:\/\/1dronas.lt\/en\/#\/schema\/logo\/image\/"},"sameAs":["https:\/\/www.facebook.com\/1dronas\/"]}]}},"jetpack_sharing_enabled":true,"_links":{"self":[{"href":"https:\/\/1dronas.lt\/en\/wp-json\/wp\/v2\/product\/8899","targetHints":{"allow":["GET"]}}],"collection":[{"href":"https:\/\/1dronas.lt\/en\/wp-json\/wp\/v2\/product"}],"about":[{"href":"https:\/\/1dronas.lt\/en\/wp-json\/wp\/v2\/types\/product"}],"replies":[{"embeddable":true,"href":"https:\/\/1dronas.lt\/en\/wp-json\/wp\/v2\/comments?post=8899"}],"wp:featuredmedia":[{"embeddable":true,"href":"https:\/\/1dronas.lt\/en\/wp-json\/wp\/v2\/media\/8906"}],"wp:attachment":[{"href":"https:\/\/1dronas.lt\/en\/wp-json\/wp\/v2\/media?parent=8899"}],"wp:term":[{"taxonomy":"product_brand","embeddable":true,"href":"https:\/\/1dronas.lt\/en\/wp-json\/wp\/v2\/product_brand?post=8899"},{"taxonomy":"product_cat","embeddable":true,"href":"https:\/\/1dronas.lt\/en\/wp-json\/wp\/v2\/product_cat?post=8899"},{"taxonomy":"product_tag","embeddable":true,"href":"https:\/\/1dronas.lt\/en\/wp-json\/wp\/v2\/product_tag?post=8899"}],"curies":[{"name":"wp","href":"https:\/\/api.w.org\/{rel}","templated":true}]}}