{"id":8753,"date":"2025-03-31T09:42:58","date_gmt":"2025-03-31T09:42:58","guid":{"rendered":"https:\/\/1dronas.lt\/?post_type=product&#038;p=8753"},"modified":"2026-04-21T21:33:34","modified_gmt":"2026-04-21T18:33:34","slug":"bandit-br3-expresslrs-915mhz-receiver","status":"publish","type":"product","link":"https:\/\/1dronas.lt\/en\/produktas\/bandit-br3-expresslrs-915mhz-receiver\/","title":{"rendered":"RadioMaster Bandit BR3 ExpressLRS 915MHz Receiver"},"content":{"rendered":"<p>The RadioMaster Bandit BR3 ExpressLRS receiver features an integrated TCXO oscillator that ensures reliable, stable and accurate signal reception, allowing for excellent performance in harsh environments. Using 0402 components, the BR3 ExpressLRS receiver also offers excellent vibration resistance.<\/p>\n<p>The Bandit BR3 ExpressLRS receiver features a high 500mW telemetry output, making it ideal for long-range applications. The ESP8285 MCU and SX1276 RF chip are known for their low latency, high sensitivity, and exceptional long-range performance. The included T-antenna is optimized for long-range performance.<\/p>\n<p>Thanks to its low latency and high refresh rate RF module, the Bandit BR3 ExpressLRS receiver is perfect for FPV freestyle flights or long-range flying.<\/p>\n<p><img loading=\"lazy\" decoding=\"async\" class=\"alignnone size-full wp-image-8754\" src=\"https:\/\/1dronas.lt\/wp-content\/uploads\/2025\/03\/BANDIT-BR3-Detail-EN-PC_01_1024x1024.webp\" alt=\"\" width=\"1024\" height=\"578\" srcset=\"https:\/\/1dronas.lt\/wp-content\/uploads\/2025\/03\/BANDIT-BR3-Detail-EN-PC_01_1024x1024.webp 1024w, https:\/\/1dronas.lt\/wp-content\/uploads\/2025\/03\/BANDIT-BR3-Detail-EN-PC_01_1024x1024-300x169.webp 300w, https:\/\/1dronas.lt\/wp-content\/uploads\/2025\/03\/BANDIT-BR3-Detail-EN-PC_01_1024x1024-768x434.webp 768w, https:\/\/1dronas.lt\/wp-content\/uploads\/2025\/03\/BANDIT-BR3-Detail-EN-PC_01_1024x1024-18x10.webp 18w, https:\/\/1dronas.lt\/wp-content\/uploads\/2025\/03\/BANDIT-BR3-Detail-EN-PC_01_1024x1024-510x288.webp 510w\" sizes=\"auto, (max-width: 1024px) 100vw, 1024px\" \/><\/p>\n<p><strong>Features:<\/strong><\/p>\n<p><strong>\u2022\u00a0<\/strong>Maximum 500 mW telemetry RF power<br \/>\n<strong>\u2022\u00a0<\/strong>Integrated TCXO oscillator<br \/>\n<strong>\u2022\u00a0<\/strong>0402 components are used to ensure excellent vibration resistance<br \/>\n<strong>\u2022 <\/strong>Dual 915\/868 MHz T antenna for improved signal stability and range<\/p>\n<p><strong>Technical specifications:<\/strong><\/p>\n<p><span style=\"font-size: 14.4px;\"><strong>\u2022\u00a0<\/strong><\/span>Item: Bandit BR3 ExpressLRS receiver<br \/>\n<span style=\"font-size: 14.4px;\"><strong>\u2022\u00a0<\/strong><\/span>Regulatory area: FCC915<br \/>\n<span style=\"font-size: 14.4px;\"><strong>\u2022\u00a0<\/strong><\/span>Microcontroller (MCU): ESP8285<br \/>\n<span style=\"font-size: 14.4px;\"><strong>\u2022\u00a0<\/strong><\/span>RF chip: SEMTECH SX1276<br \/>\n<span style=\"font-size: 14.4px;\"><strong>\u2022\u00a0<\/strong><\/span>Telemetry RF power: 100 mW \u2013 500 mW, adjustable via LUA<br \/>\n<span style=\"font-size: 14.4px;\"><strong>\u2022\u00a0<\/strong><\/span>Antenna: 915\/868 MHz T antenna<br \/>\n<span style=\"font-size: 14.4px;\"><strong>\u2022\u00a0<\/strong><\/span>Antenna interface: IPEX1<br \/>\n<span style=\"font-size: 14.4px;\"><strong>\u2022\u00a0<\/strong><\/span>Bus interface: CRSF<br \/>\n<span style=\"font-size: 14.4px;\"><strong>\u2022\u00a0<\/strong><\/span>Operating voltage: DC 4.5-8.4V<br \/>\n<span style=\"font-size: 14.4px;\"><strong>\u2022\u00a0<\/strong><\/span>Dimensions: 24 x 14.2 mm<br \/>\n<span style=\"font-size: 14.4px;\"><strong>\u2022\u00a0<\/strong><\/span>Weight: 5.5 g (with antennas)<\/p>\n<p><img loading=\"lazy\" decoding=\"async\" class=\"alignnone size-full wp-image-8755\" src=\"https:\/\/1dronas.lt\/wp-content\/uploads\/2025\/03\/BANDIT-BR3-Detail-EN-PC_02_1024x1024.webp\" alt=\"\" width=\"1024\" height=\"572\" srcset=\"https:\/\/1dronas.lt\/wp-content\/uploads\/2025\/03\/BANDIT-BR3-Detail-EN-PC_02_1024x1024.webp 1024w, https:\/\/1dronas.lt\/wp-content\/uploads\/2025\/03\/BANDIT-BR3-Detail-EN-PC_02_1024x1024-300x168.webp 300w, https:\/\/1dronas.lt\/wp-content\/uploads\/2025\/03\/BANDIT-BR3-Detail-EN-PC_02_1024x1024-768x429.webp 768w, https:\/\/1dronas.lt\/wp-content\/uploads\/2025\/03\/BANDIT-BR3-Detail-EN-PC_02_1024x1024-18x10.webp 18w, https:\/\/1dronas.lt\/wp-content\/uploads\/2025\/03\/BANDIT-BR3-Detail-EN-PC_02_1024x1024-510x285.webp 510w\" sizes=\"auto, (max-width: 1024px) 100vw, 1024px\" \/> <img loading=\"lazy\" decoding=\"async\" class=\"alignnone size-full wp-image-8756\" src=\"https:\/\/1dronas.lt\/wp-content\/uploads\/2025\/03\/BANDIT-BR3-Detail-EN-PC_03_1024x1024.webp\" alt=\"\" width=\"1024\" height=\"575\" srcset=\"https:\/\/1dronas.lt\/wp-content\/uploads\/2025\/03\/BANDIT-BR3-Detail-EN-PC_03_1024x1024.webp 1024w, https:\/\/1dronas.lt\/wp-content\/uploads\/2025\/03\/BANDIT-BR3-Detail-EN-PC_03_1024x1024-300x168.webp 300w, https:\/\/1dronas.lt\/wp-content\/uploads\/2025\/03\/BANDIT-BR3-Detail-EN-PC_03_1024x1024-768x431.webp 768w, https:\/\/1dronas.lt\/wp-content\/uploads\/2025\/03\/BANDIT-BR3-Detail-EN-PC_03_1024x1024-18x10.webp 18w, https:\/\/1dronas.lt\/wp-content\/uploads\/2025\/03\/BANDIT-BR3-Detail-EN-PC_03_1024x1024-510x286.webp 510w\" sizes=\"auto, (max-width: 1024px) 100vw, 1024px\" \/> <img loading=\"lazy\" decoding=\"async\" class=\"alignnone size-full wp-image-8757\" src=\"https:\/\/1dronas.lt\/wp-content\/uploads\/2025\/03\/BANDIT-BR3-Detail-EN-PC_04_1024x1024.webp\" alt=\"\" width=\"1024\" height=\"575\" srcset=\"https:\/\/1dronas.lt\/wp-content\/uploads\/2025\/03\/BANDIT-BR3-Detail-EN-PC_04_1024x1024.webp 1024w, https:\/\/1dronas.lt\/wp-content\/uploads\/2025\/03\/BANDIT-BR3-Detail-EN-PC_04_1024x1024-300x168.webp 300w, https:\/\/1dronas.lt\/wp-content\/uploads\/2025\/03\/BANDIT-BR3-Detail-EN-PC_04_1024x1024-768x431.webp 768w, https:\/\/1dronas.lt\/wp-content\/uploads\/2025\/03\/BANDIT-BR3-Detail-EN-PC_04_1024x1024-18x10.webp 18w, https:\/\/1dronas.lt\/wp-content\/uploads\/2025\/03\/BANDIT-BR3-Detail-EN-PC_04_1024x1024-510x286.webp 510w\" sizes=\"auto, (max-width: 1024px) 100vw, 1024px\" \/> <img loading=\"lazy\" decoding=\"async\" class=\"alignnone size-full wp-image-8758\" src=\"https:\/\/1dronas.lt\/wp-content\/uploads\/2025\/03\/BANDIT-BR3-Detail-EN-PC_05_1024x1024.webp\" alt=\"\" width=\"1024\" height=\"575\" srcset=\"https:\/\/1dronas.lt\/wp-content\/uploads\/2025\/03\/BANDIT-BR3-Detail-EN-PC_05_1024x1024.webp 1024w, https:\/\/1dronas.lt\/wp-content\/uploads\/2025\/03\/BANDIT-BR3-Detail-EN-PC_05_1024x1024-300x168.webp 300w, https:\/\/1dronas.lt\/wp-content\/uploads\/2025\/03\/BANDIT-BR3-Detail-EN-PC_05_1024x1024-768x431.webp 768w, https:\/\/1dronas.lt\/wp-content\/uploads\/2025\/03\/BANDIT-BR3-Detail-EN-PC_05_1024x1024-18x10.webp 18w, https:\/\/1dronas.lt\/wp-content\/uploads\/2025\/03\/BANDIT-BR3-Detail-EN-PC_05_1024x1024-510x286.webp 510w\" sizes=\"auto, (max-width: 1024px) 100vw, 1024px\" \/> <img loading=\"lazy\" decoding=\"async\" class=\"alignnone size-full wp-image-8759\" src=\"https:\/\/1dronas.lt\/wp-content\/uploads\/2025\/03\/BANDIT-BR3-Detail-EN-PC_06_1024x1024.webp\" alt=\"\" width=\"1024\" height=\"575\" srcset=\"https:\/\/1dronas.lt\/wp-content\/uploads\/2025\/03\/BANDIT-BR3-Detail-EN-PC_06_1024x1024.webp 1024w, https:\/\/1dronas.lt\/wp-content\/uploads\/2025\/03\/BANDIT-BR3-Detail-EN-PC_06_1024x1024-300x168.webp 300w, https:\/\/1dronas.lt\/wp-content\/uploads\/2025\/03\/BANDIT-BR3-Detail-EN-PC_06_1024x1024-768x431.webp 768w, https:\/\/1dronas.lt\/wp-content\/uploads\/2025\/03\/BANDIT-BR3-Detail-EN-PC_06_1024x1024-18x10.webp 18w, https:\/\/1dronas.lt\/wp-content\/uploads\/2025\/03\/BANDIT-BR3-Detail-EN-PC_06_1024x1024-510x286.webp 510w\" sizes=\"auto, (max-width: 1024px) 100vw, 1024px\" \/><\/p>\n<p><strong>Measurements:<\/strong><\/p>\n<p><img loading=\"lazy\" decoding=\"async\" class=\"alignnone size-full wp-image-8760\" src=\"https:\/\/1dronas.lt\/wp-content\/uploads\/2025\/03\/HP0157.BR3-6_600x600.webp\" alt=\"\" width=\"600\" height=\"600\" srcset=\"https:\/\/1dronas.lt\/wp-content\/uploads\/2025\/03\/HP0157.BR3-6_600x600.webp 600w, https:\/\/1dronas.lt\/wp-content\/uploads\/2025\/03\/HP0157.BR3-6_600x600-300x300.webp 300w, https:\/\/1dronas.lt\/wp-content\/uploads\/2025\/03\/HP0157.BR3-6_600x600-150x150.webp 150w, https:\/\/1dronas.lt\/wp-content\/uploads\/2025\/03\/HP0157.BR3-6_600x600-12x12.webp 12w, https:\/\/1dronas.lt\/wp-content\/uploads\/2025\/03\/HP0157.BR3-6_600x600-247x247.webp 247w, https:\/\/1dronas.lt\/wp-content\/uploads\/2025\/03\/HP0157.BR3-6_600x600-510x510.webp 510w, https:\/\/1dronas.lt\/wp-content\/uploads\/2025\/03\/HP0157.BR3-6_600x600-100x100.webp 100w\" sizes=\"auto, (max-width: 600px) 100vw, 600px\" \/><\/p>\n<p><strong>Package:<\/strong><\/p>\n<p>1 x Bandit BR3 ExpressLRS receiver<br \/>\n2 x T antennas (mounted on the receiver)<br \/>\n3 x shrink tubing sleeves<br \/>\n1 x CRSF cable<br \/>\n1 x user manual<\/p>\n<p><img loading=\"lazy\" decoding=\"async\" class=\"alignnone size-full wp-image-8761\" src=\"https:\/\/1dronas.lt\/wp-content\/uploads\/2025\/03\/BANDIT-BR3-Detail-EN-PC_08_1024x1024-e1743413431686.webp\" alt=\"\" width=\"753\" height=\"440\" srcset=\"https:\/\/1dronas.lt\/wp-content\/uploads\/2025\/03\/BANDIT-BR3-Detail-EN-PC_08_1024x1024-e1743413431686.webp 753w, https:\/\/1dronas.lt\/wp-content\/uploads\/2025\/03\/BANDIT-BR3-Detail-EN-PC_08_1024x1024-e1743413431686-300x175.webp 300w, https:\/\/1dronas.lt\/wp-content\/uploads\/2025\/03\/BANDIT-BR3-Detail-EN-PC_08_1024x1024-e1743413431686-18x12.webp 18w, https:\/\/1dronas.lt\/wp-content\/uploads\/2025\/03\/BANDIT-BR3-Detail-EN-PC_08_1024x1024-e1743413431686-510x298.webp 510w\" sizes=\"auto, (max-width: 753px) 100vw, 753px\" \/><\/p>","protected":false},"excerpt":{"rendered":"<p><span style=\"color: #333333;\">Thanks to its low latency and high refresh rate RF module, the Bandit BR3 ExpressLRS receiver is perfect for FPV freestyle flights or long-range flying.<\/span><\/p>\n<h4><span style=\"font-size: 90%; color: #333333;\"><strong><img loading=\"lazy\" decoding=\"async\" class=\"alignnone wp-image-1806\" src=\"https:\/\/1dronas.lt\/wp-content\/uploads\/2021\/05\/delivery-icon.png.webp\" alt=\"\" width=\"24\" height=\"24\" srcset=\"https:\/\/1dronas.lt\/wp-content\/uploads\/2021\/05\/delivery-icon.png 35w, https:\/\/1dronas.lt\/wp-content\/uploads\/2021\/05\/delivery-icon-12x12.png 12w\" sizes=\"auto, (max-width: 24px) 100vw, 24px\" \/>\u00a0 \u00a01 \u2013 2 days<\/strong><\/span><\/h4>","protected":false},"featured_media":8763,"comment_status":"open","ping_status":"closed","template":"","meta":[],"product_brand":[497],"product_cat":[682],"product_tag":[537,538,176,357],"class_list":{"0":"post-8753","1":"product","2":"type-product","3":"status-publish","4":"has-post-thumbnail","6":"product_brand-radiomaster","7":"product_cat-imtuvai-rx","8":"product_tag-915mhz","9":"product_tag-bandit","10":"product_tag-elrs","11":"product_tag-radiomaster","13":"first","14":"instock","15":"taxable","16":"shipping-taxable","17":"purchasable","18":"product-type-simple"},"yoast_head":"<!-- This site is optimized with the Yoast SEO plugin v27.4 - https:\/\/yoast.com\/product\/yoast-seo-wordpress\/ -->\n<title>RadioMaster Bandit BR3 ExpressLRS 915MHz Receiver - 1dronas.lt<\/title>\n<meta name=\"robots\" content=\"index, follow, max-snippet:-1, max-image-preview:large, max-video-preview:-1\" \/>\n<link rel=\"canonical\" href=\"https:\/\/1dronas.lt\/en\/produktas\/bandit-br3-expresslrs-915mhz-receiver\/\" \/>\n<meta property=\"og:locale\" content=\"en_US\" \/>\n<meta property=\"og:type\" content=\"article\" \/>\n<meta property=\"og:title\" content=\"RadioMaster Bandit BR3 ExpressLRS 915MHz Receiver - 1dronas.lt\" \/>\n<meta property=\"og:description\" content=\"D\u0117l ma\u017eos delsos ir didelio atnaujinimo da\u017enio RF modulio, Bandit BR3 ExpressLRS imtuvas puikiai tinka FPV freestyle skryd\u017eiams arba ilgo nuotolio skraidymui. \u00a0 \u00a01 \u2013 2 d. d.\" \/>\n<meta property=\"og:url\" content=\"https:\/\/1dronas.lt\/en\/produktas\/bandit-br3-expresslrs-915mhz-receiver\/\" \/>\n<meta property=\"og:site_name\" content=\"1dronas.lt\" \/>\n<meta property=\"article:publisher\" content=\"https:\/\/www.facebook.com\/1dronas\/\" \/>\n<meta property=\"article:modified_time\" content=\"2026-04-21T18:33:34+00:00\" \/>\n<meta property=\"og:image\" content=\"https:\/\/1dronas.lt\/wp-content\/uploads\/2025\/03\/HP0157.BR3-1_1800x1800.webp\" \/>\n\t<meta property=\"og:image:width\" content=\"1000\" \/>\n\t<meta property=\"og:image:height\" content=\"1000\" \/>\n\t<meta property=\"og:image:type\" content=\"image\/webp\" \/>\n<meta name=\"twitter:card\" content=\"summary_large_image\" \/>\n<meta name=\"twitter:label1\" content=\"Est. reading time\" \/>\n\t<meta name=\"twitter:data1\" content=\"4 minutes\" \/>\n<script type=\"application\/ld+json\" class=\"yoast-schema-graph\">{\"@context\":\"https:\\\/\\\/schema.org\",\"@graph\":[{\"@type\":\"WebPage\",\"@id\":\"https:\\\/\\\/1dronas.lt\\\/en\\\/produktas\\\/bandit-br3-expresslrs-915mhz-receiver\\\/\",\"url\":\"https:\\\/\\\/1dronas.lt\\\/en\\\/produktas\\\/bandit-br3-expresslrs-915mhz-receiver\\\/\",\"name\":\"RadioMaster Bandit BR3 ExpressLRS 915MHz Receiver - 1dronas.lt\",\"isPartOf\":{\"@id\":\"https:\\\/\\\/1dronas.lt\\\/en\\\/#website\"},\"primaryImageOfPage\":{\"@id\":\"https:\\\/\\\/1dronas.lt\\\/en\\\/produktas\\\/bandit-br3-expresslrs-915mhz-receiver\\\/#primaryimage\"},\"image\":{\"@id\":\"https:\\\/\\\/1dronas.lt\\\/en\\\/produktas\\\/bandit-br3-expresslrs-915mhz-receiver\\\/#primaryimage\"},\"thumbnailUrl\":\"https:\\\/\\\/1dronas.lt\\\/wp-content\\\/uploads\\\/2025\\\/03\\\/HP0157.BR3-1_1800x1800.webp\",\"datePublished\":\"2025-03-31T09:42:58+00:00\",\"dateModified\":\"2026-04-21T18:33:34+00:00\",\"breadcrumb\":{\"@id\":\"https:\\\/\\\/1dronas.lt\\\/en\\\/produktas\\\/bandit-br3-expresslrs-915mhz-receiver\\\/#breadcrumb\"},\"inLanguage\":\"en-US\",\"potentialAction\":[{\"@type\":\"ReadAction\",\"target\":[\"https:\\\/\\\/1dronas.lt\\\/en\\\/produktas\\\/bandit-br3-expresslrs-915mhz-receiver\\\/\"]}]},{\"@type\":\"ImageObject\",\"inLanguage\":\"en-US\",\"@id\":\"https:\\\/\\\/1dronas.lt\\\/en\\\/produktas\\\/bandit-br3-expresslrs-915mhz-receiver\\\/#primaryimage\",\"url\":\"https:\\\/\\\/1dronas.lt\\\/wp-content\\\/uploads\\\/2025\\\/03\\\/HP0157.BR3-1_1800x1800.webp\",\"contentUrl\":\"https:\\\/\\\/1dronas.lt\\\/wp-content\\\/uploads\\\/2025\\\/03\\\/HP0157.BR3-1_1800x1800.webp\",\"width\":1000,\"height\":1000},{\"@type\":\"BreadcrumbList\",\"@id\":\"https:\\\/\\\/1dronas.lt\\\/en\\\/produktas\\\/bandit-br3-expresslrs-915mhz-receiver\\\/#breadcrumb\",\"itemListElement\":[{\"@type\":\"ListItem\",\"position\":1,\"name\":\"Home\",\"item\":\"https:\\\/\\\/1dronas.lt\\\/\"},{\"@type\":\"ListItem\",\"position\":2,\"name\":\"Parduotuv\u0117\",\"item\":\"https:\\\/\\\/1dronas.lt\\\/parduotuve\\\/\"},{\"@type\":\"ListItem\",\"position\":3,\"name\":\"RadioMaster Bandit BR3 ExpressLRS 915MHz Receiver\"}]},{\"@type\":\"WebSite\",\"@id\":\"https:\\\/\\\/1dronas.lt\\\/en\\\/#website\",\"url\":\"https:\\\/\\\/1dronas.lt\\\/en\\\/\",\"name\":\"1dronas.lt\",\"description\":\"Internetin\u0117 parduotuv\u0117\",\"publisher\":{\"@id\":\"https:\\\/\\\/1dronas.lt\\\/en\\\/#organization\"},\"potentialAction\":[{\"@type\":\"SearchAction\",\"target\":{\"@type\":\"EntryPoint\",\"urlTemplate\":\"https:\\\/\\\/1dronas.lt\\\/en\\\/?s={search_term_string}\"},\"query-input\":{\"@type\":\"PropertyValueSpecification\",\"valueRequired\":true,\"valueName\":\"search_term_string\"}}],\"inLanguage\":\"en-US\"},{\"@type\":\"Organization\",\"@id\":\"https:\\\/\\\/1dronas.lt\\\/en\\\/#organization\",\"name\":\"1dronas.lt\",\"url\":\"https:\\\/\\\/1dronas.lt\\\/en\\\/\",\"logo\":{\"@type\":\"ImageObject\",\"inLanguage\":\"en-US\",\"@id\":\"https:\\\/\\\/1dronas.lt\\\/en\\\/#\\\/schema\\\/logo\\\/image\\\/\",\"url\":\"https:\\\/\\\/1dronas.lt\\\/wp-content\\\/uploads\\\/2020\\\/12\\\/Ekrano_kopija__2_-removebg-preview-1-1.png\",\"contentUrl\":\"https:\\\/\\\/1dronas.lt\\\/wp-content\\\/uploads\\\/2020\\\/12\\\/Ekrano_kopija__2_-removebg-preview-1-1.png\",\"width\":234,\"height\":81,\"caption\":\"1dronas.lt\"},\"image\":{\"@id\":\"https:\\\/\\\/1dronas.lt\\\/en\\\/#\\\/schema\\\/logo\\\/image\\\/\"},\"sameAs\":[\"https:\\\/\\\/www.facebook.com\\\/1dronas\\\/\"]}]}<\/script>\n<!-- \/ Yoast SEO plugin. -->","yoast_head_json":{"title":"RadioMaster Bandit BR3 ExpressLRS 915MHz Receiver - 1dronas.lt","robots":{"index":"index","follow":"follow","max-snippet":"max-snippet:-1","max-image-preview":"max-image-preview:large","max-video-preview":"max-video-preview:-1"},"canonical":"https:\/\/1dronas.lt\/en\/produktas\/bandit-br3-expresslrs-915mhz-receiver\/","og_locale":"en_US","og_type":"article","og_title":"RadioMaster Bandit BR3 ExpressLRS 915MHz Receiver - 1dronas.lt","og_description":"D\u0117l ma\u017eos delsos ir didelio atnaujinimo da\u017enio RF modulio, Bandit BR3 ExpressLRS imtuvas puikiai tinka FPV freestyle skryd\u017eiams arba ilgo nuotolio skraidymui. \u00a0 \u00a01 \u2013 2 d. d.","og_url":"https:\/\/1dronas.lt\/en\/produktas\/bandit-br3-expresslrs-915mhz-receiver\/","og_site_name":"1dronas.lt","article_publisher":"https:\/\/www.facebook.com\/1dronas\/","article_modified_time":"2026-04-21T18:33:34+00:00","og_image":[{"width":1000,"height":1000,"url":"https:\/\/1dronas.lt\/wp-content\/uploads\/2025\/03\/HP0157.BR3-1_1800x1800.webp","type":"image\/webp"}],"twitter_card":"summary_large_image","twitter_misc":{"Est. reading time":"4 minutes"},"schema":{"@context":"https:\/\/schema.org","@graph":[{"@type":"WebPage","@id":"https:\/\/1dronas.lt\/en\/produktas\/bandit-br3-expresslrs-915mhz-receiver\/","url":"https:\/\/1dronas.lt\/en\/produktas\/bandit-br3-expresslrs-915mhz-receiver\/","name":"RadioMaster Bandit BR3 ExpressLRS 915MHz Receiver - 1dronas.lt","isPartOf":{"@id":"https:\/\/1dronas.lt\/en\/#website"},"primaryImageOfPage":{"@id":"https:\/\/1dronas.lt\/en\/produktas\/bandit-br3-expresslrs-915mhz-receiver\/#primaryimage"},"image":{"@id":"https:\/\/1dronas.lt\/en\/produktas\/bandit-br3-expresslrs-915mhz-receiver\/#primaryimage"},"thumbnailUrl":"https:\/\/1dronas.lt\/wp-content\/uploads\/2025\/03\/HP0157.BR3-1_1800x1800.webp","datePublished":"2025-03-31T09:42:58+00:00","dateModified":"2026-04-21T18:33:34+00:00","breadcrumb":{"@id":"https:\/\/1dronas.lt\/en\/produktas\/bandit-br3-expresslrs-915mhz-receiver\/#breadcrumb"},"inLanguage":"en-US","potentialAction":[{"@type":"ReadAction","target":["https:\/\/1dronas.lt\/en\/produktas\/bandit-br3-expresslrs-915mhz-receiver\/"]}]},{"@type":"ImageObject","inLanguage":"en-US","@id":"https:\/\/1dronas.lt\/en\/produktas\/bandit-br3-expresslrs-915mhz-receiver\/#primaryimage","url":"https:\/\/1dronas.lt\/wp-content\/uploads\/2025\/03\/HP0157.BR3-1_1800x1800.webp","contentUrl":"https:\/\/1dronas.lt\/wp-content\/uploads\/2025\/03\/HP0157.BR3-1_1800x1800.webp","width":1000,"height":1000},{"@type":"BreadcrumbList","@id":"https:\/\/1dronas.lt\/en\/produktas\/bandit-br3-expresslrs-915mhz-receiver\/#breadcrumb","itemListElement":[{"@type":"ListItem","position":1,"name":"Home","item":"https:\/\/1dronas.lt\/"},{"@type":"ListItem","position":2,"name":"Parduotuv\u0117","item":"https:\/\/1dronas.lt\/parduotuve\/"},{"@type":"ListItem","position":3,"name":"RadioMaster Bandit BR3 ExpressLRS 915MHz Receiver"}]},{"@type":"WebSite","@id":"https:\/\/1dronas.lt\/en\/#website","url":"https:\/\/1dronas.lt\/en\/","name":"1dronas.lt","description":"Online store","publisher":{"@id":"https:\/\/1dronas.lt\/en\/#organization"},"potentialAction":[{"@type":"SearchAction","target":{"@type":"EntryPoint","urlTemplate":"https:\/\/1dronas.lt\/en\/?s={search_term_string}"},"query-input":{"@type":"PropertyValueSpecification","valueRequired":true,"valueName":"search_term_string"}}],"inLanguage":"en-US"},{"@type":"Organization","@id":"https:\/\/1dronas.lt\/en\/#organization","name":"1dronas.lt","url":"https:\/\/1dronas.lt\/en\/","logo":{"@type":"ImageObject","inLanguage":"en-US","@id":"https:\/\/1dronas.lt\/en\/#\/schema\/logo\/image\/","url":"https:\/\/1dronas.lt\/wp-content\/uploads\/2020\/12\/Ekrano_kopija__2_-removebg-preview-1-1.png","contentUrl":"https:\/\/1dronas.lt\/wp-content\/uploads\/2020\/12\/Ekrano_kopija__2_-removebg-preview-1-1.png","width":234,"height":81,"caption":"1dronas.lt"},"image":{"@id":"https:\/\/1dronas.lt\/en\/#\/schema\/logo\/image\/"},"sameAs":["https:\/\/www.facebook.com\/1dronas\/"]}]}},"jetpack_sharing_enabled":true,"_links":{"self":[{"href":"https:\/\/1dronas.lt\/en\/wp-json\/wp\/v2\/product\/8753","targetHints":{"allow":["GET"]}}],"collection":[{"href":"https:\/\/1dronas.lt\/en\/wp-json\/wp\/v2\/product"}],"about":[{"href":"https:\/\/1dronas.lt\/en\/wp-json\/wp\/v2\/types\/product"}],"replies":[{"embeddable":true,"href":"https:\/\/1dronas.lt\/en\/wp-json\/wp\/v2\/comments?post=8753"}],"wp:featuredmedia":[{"embeddable":true,"href":"https:\/\/1dronas.lt\/en\/wp-json\/wp\/v2\/media\/8763"}],"wp:attachment":[{"href":"https:\/\/1dronas.lt\/en\/wp-json\/wp\/v2\/media?parent=8753"}],"wp:term":[{"taxonomy":"product_brand","embeddable":true,"href":"https:\/\/1dronas.lt\/en\/wp-json\/wp\/v2\/product_brand?post=8753"},{"taxonomy":"product_cat","embeddable":true,"href":"https:\/\/1dronas.lt\/en\/wp-json\/wp\/v2\/product_cat?post=8753"},{"taxonomy":"product_tag","embeddable":true,"href":"https:\/\/1dronas.lt\/en\/wp-json\/wp\/v2\/product_tag?post=8753"}],"curies":[{"name":"wp","href":"https:\/\/api.w.org\/{rel}","templated":true}]}}