{"id":8628,"date":"2025-03-20T22:30:02","date_gmt":"2025-03-20T22:30:02","guid":{"rendered":"https:\/\/1dronas.lt\/?post_type=product&#038;p=8628"},"modified":"2026-04-18T09:13:10","modified_gmt":"2026-04-18T06:13:10","slug":"dji-goggles-3","status":"publish","type":"product","link":"https:\/\/1dronas.lt\/en\/produktas\/dji-goggles-3\/","title":{"rendered":"DJI Goggles 3"},"content":{"rendered":"<p><iframe loading=\"lazy\" title=\"DJI Goggles 3 Overview - The Era Of The Ecosystem\" width=\"1020\" height=\"574\" src=\"https:\/\/www.youtube.com\/embed\/YXVRuKTDnz4?feature=oembed\" frameborder=\"0\" allow=\"accelerometer; autoplay; clipboard-write; encrypted-media; gyroscope; picture-in-picture; web-share\" referrerpolicy=\"strict-origin-when-cross-origin\" allowfullscreen><\/iframe><\/p>\n<p data-start=\"63\" data-end=\"408\">Susiekite su DJI RC Motion 3, kad gautum\u0117te visi\u0161kai \u012ftraukiant\u012f judesio valdymo potyr\u012f, arba naudokite su RC-N2 ar RC 2 nuotolinio valdymo pultais, kad valdytum\u0117te dron\u0105 su 3 a\u0161i\u0173 stabilizuota kamera. Visa tai u\u017etikrina itin skland\u0173 vaizdo perdavim\u0105 realiuoju laiku, leid\u017eiant\u012f maksimaliai m\u0117gautis FPV skryd\u017eio patirtimi.<\/p>\n<p data-start=\"63\" data-end=\"408\"><img loading=\"lazy\" decoding=\"async\" class=\"alignnone wp-image-8633 size-full\" src=\"https:\/\/1dronas.lt\/wp-content\/uploads\/2025\/03\/11f1b9a6818784862f637375f0767dff@large-min.jpg\" alt=\"\" width=\"1200\" height=\"800\" srcset=\"https:\/\/1dronas.lt\/wp-content\/uploads\/2025\/03\/11f1b9a6818784862f637375f0767dff@large-min.jpg 1200w, https:\/\/1dronas.lt\/wp-content\/uploads\/2025\/03\/11f1b9a6818784862f637375f0767dff@large-min-300x200.jpg 300w, https:\/\/1dronas.lt\/wp-content\/uploads\/2025\/03\/11f1b9a6818784862f637375f0767dff@large-min-1024x683.jpg 1024w, https:\/\/1dronas.lt\/wp-content\/uploads\/2025\/03\/11f1b9a6818784862f637375f0767dff@large-min-768x512.jpg 768w, https:\/\/1dronas.lt\/wp-content\/uploads\/2025\/03\/11f1b9a6818784862f637375f0767dff@large-min-18x12.jpg 18w, https:\/\/1dronas.lt\/wp-content\/uploads\/2025\/03\/11f1b9a6818784862f637375f0767dff@large-min-510x340.jpg 510w\" sizes=\"auto, (max-width: 1200px) 100vw, 1200px\" \/><\/p>\n<p data-start=\"63\" data-end=\"408\">DJI Goggles 3 yra apr\u016bpinti naujausia DJI O4 skaitmeninio vaizdo perdavimo sistema, kuri turi 2 si\u0173stuvus, 4 imtuvus ir 6 anten\u0173 dizain\u0105, u\u017etikrinant\u012f stipri\u0105 atsparumo trukd\u017eiams galimyb\u0119. Sistema pasi\u017eymi itin ma\u017ea 24 ms v\u0117lavimo trukme, gali perduoti signal\u0105 iki 13 km atstumu ir automati\u0161kai parenka tarp 2.4 GHz arba 5.8 GHz da\u017eni\u0173 juost\u0173, priklausomai nuo signalo s\u0105lyg\u0173, siekiant palaikyti stabil\u0173 ir beveik sinchronizuot\u0105 skryd\u017eio poj\u016bt\u012f.<\/p>\n<p data-start=\"63\" data-end=\"408\"><img loading=\"lazy\" decoding=\"async\" class=\"alignnone wp-image-8644 size-full\" src=\"https:\/\/1dronas.lt\/wp-content\/uploads\/2025\/03\/DJI_Goggles_3_02.jpg\" alt=\"\" width=\"1200\" height=\"600\" srcset=\"https:\/\/1dronas.lt\/wp-content\/uploads\/2025\/03\/DJI_Goggles_3_02.jpg 1200w, https:\/\/1dronas.lt\/wp-content\/uploads\/2025\/03\/DJI_Goggles_3_02-300x150.jpg 300w, https:\/\/1dronas.lt\/wp-content\/uploads\/2025\/03\/DJI_Goggles_3_02-1024x512.jpg 1024w, https:\/\/1dronas.lt\/wp-content\/uploads\/2025\/03\/DJI_Goggles_3_02-768x384.jpg 768w, https:\/\/1dronas.lt\/wp-content\/uploads\/2025\/03\/DJI_Goggles_3_02-18x9.jpg 18w, https:\/\/1dronas.lt\/wp-content\/uploads\/2025\/03\/DJI_Goggles_3_02-510x255.jpg 510w\" sizes=\"auto, (max-width: 1200px) 100vw, 1200px\" \/><\/p>\n<p data-start=\"63\" data-end=\"408\">Paprastas dvigubas bakstel\u0117jimas \u012f de\u0161in\u012fj\u012f akini\u0173 skydel\u012f perjungia ekran\u0105 tarp interaktyvios s\u0105sajos ir tiesioginio realaus pasaulio vaizdo, o realaus laiko skryd\u017eio vaizdas i\u0161lieka nuolat rodomas vir\u0161utiniame kairiajame ekrano kampe. Nei\u0161siimdami akini\u0173, dabar galite patogiai steb\u0117ti aplink\u0105 ir taip u\u017etikrinti didesn\u012f skryd\u017eio saugum\u0105.<\/p>\n<p data-start=\"63\" data-end=\"408\"><img loading=\"lazy\" decoding=\"async\" class=\"alignnone wp-image-8645 size-full\" src=\"https:\/\/1dronas.lt\/wp-content\/uploads\/2025\/03\/DJI_Goggles_3_04.jpg\" alt=\"\" width=\"1200\" height=\"600\" srcset=\"https:\/\/1dronas.lt\/wp-content\/uploads\/2025\/03\/DJI_Goggles_3_04.jpg 1200w, https:\/\/1dronas.lt\/wp-content\/uploads\/2025\/03\/DJI_Goggles_3_04-300x150.jpg 300w, https:\/\/1dronas.lt\/wp-content\/uploads\/2025\/03\/DJI_Goggles_3_04-1024x512.jpg 1024w, https:\/\/1dronas.lt\/wp-content\/uploads\/2025\/03\/DJI_Goggles_3_04-768x384.jpg 768w, https:\/\/1dronas.lt\/wp-content\/uploads\/2025\/03\/DJI_Goggles_3_04-18x9.jpg 18w, https:\/\/1dronas.lt\/wp-content\/uploads\/2025\/03\/DJI_Goggles_3_04-510x255.jpg 510w\" sizes=\"auto, (max-width: 1200px) 100vw, 1200px\" \/><\/p>\n<p data-start=\"63\" data-end=\"408\">\u012ejungus rasojimo \u0161alinimo funkcij\u0105, vidinis ventiliatorius greitai pasiekia maksimal\u0173 greit\u012f, u\u017etikrindamas, kad l\u0119\u0161iai i\u0161likt\u0173 skaidr\u016bs, spar\u010diai cirkuliuojant orui \u2013 patogus sprendimas staigiems temperat\u016bros poky\u010diams ar didel\u0117s dr\u0117gm\u0117s s\u0105lygoms.<\/p>\n<p data-start=\"63\" data-end=\"408\"><img loading=\"lazy\" decoding=\"async\" class=\"alignnone wp-image-8638 size-full\" src=\"https:\/\/1dronas.lt\/wp-content\/uploads\/2025\/03\/cc1b5784ceb99a486c2d2a903e73f0ef-min.jpg\" alt=\"\" width=\"1386\" height=\"924\" srcset=\"https:\/\/1dronas.lt\/wp-content\/uploads\/2025\/03\/cc1b5784ceb99a486c2d2a903e73f0ef-min.jpg 1386w, https:\/\/1dronas.lt\/wp-content\/uploads\/2025\/03\/cc1b5784ceb99a486c2d2a903e73f0ef-min-300x200.jpg 300w, https:\/\/1dronas.lt\/wp-content\/uploads\/2025\/03\/cc1b5784ceb99a486c2d2a903e73f0ef-min-1024x683.jpg 1024w, https:\/\/1dronas.lt\/wp-content\/uploads\/2025\/03\/cc1b5784ceb99a486c2d2a903e73f0ef-min-768x512.jpg 768w, https:\/\/1dronas.lt\/wp-content\/uploads\/2025\/03\/cc1b5784ceb99a486c2d2a903e73f0ef-min-18x12.jpg 18w, https:\/\/1dronas.lt\/wp-content\/uploads\/2025\/03\/cc1b5784ceb99a486c2d2a903e73f0ef-min-510x340.jpg 510w\" sizes=\"auto, (max-width: 1386px) 100vw, 1386px\" \/><\/p>\n<p data-start=\"63\" data-end=\"408\">Palaikydami dioptrij\u0173 reguliavim\u0105 nuo -6.0 D iki +2.0 D, Goggles 3 leid\u017eia realiuoju laiku matyti vaizd\u0105 tiesiog ekrane, tod\u0117l nustatymus galima atlikti greitai ir paprastai.<\/p>\n<p data-start=\"63\" data-end=\"408\"><img loading=\"lazy\" decoding=\"async\" class=\"alignnone wp-image-8636 size-full\" src=\"https:\/\/1dronas.lt\/wp-content\/uploads\/2025\/03\/62628f9c06de69df79a72b950fbb2200-min.jpg\" alt=\"\" width=\"1552\" height=\"924\" srcset=\"https:\/\/1dronas.lt\/wp-content\/uploads\/2025\/03\/62628f9c06de69df79a72b950fbb2200-min.jpg 1552w, https:\/\/1dronas.lt\/wp-content\/uploads\/2025\/03\/62628f9c06de69df79a72b950fbb2200-min-300x179.jpg 300w, https:\/\/1dronas.lt\/wp-content\/uploads\/2025\/03\/62628f9c06de69df79a72b950fbb2200-min-1024x610.jpg 1024w, https:\/\/1dronas.lt\/wp-content\/uploads\/2025\/03\/62628f9c06de69df79a72b950fbb2200-min-768x457.jpg 768w, https:\/\/1dronas.lt\/wp-content\/uploads\/2025\/03\/62628f9c06de69df79a72b950fbb2200-min-1536x914.jpg 1536w, https:\/\/1dronas.lt\/wp-content\/uploads\/2025\/03\/62628f9c06de69df79a72b950fbb2200-min-18x12.jpg 18w, https:\/\/1dronas.lt\/wp-content\/uploads\/2025\/03\/62628f9c06de69df79a72b950fbb2200-min-510x304.jpg 510w\" sizes=\"auto, (max-width: 1552px) 100vw, 1552px\" \/><\/p>\n<p><strong>Savyb\u0117s:<\/strong><\/p>\n<p>\u2022 1080p Micro-OLED ekranas: <span class=\"relative -mx-px my-[-0.2rem] rounded px-px py-[0.2rem]\">M\u0117gaukit\u0117s ry\u0161kiu ir detaliu vaizdu su atnaujinimo da\u017eniu iki 100 Hz, u\u017etikrinant\u012f<\/span><span class=\"relative -mx-px my-[-0.2rem] rounded px-px py-[0.2rem]\"> skland\u0173 vaizdo atk\u016brim\u0105;<br \/>\n\u2022 DJI O4 vaizdo perdavimo sistema: patirkite auk\u0161tos kokyb\u0117s vaizdo perdavim\u0105 su minimaliu v\u0117lavimu ir dideliu stabilumu, leid\u017eian\u010diu skland\u017eiai valdyti dron\u0105;<br \/>\n\u2022 Patogus dizainas: Akiniai sukurti su integruotu kaktos pamink\u0161tinimu, u\u017etikrinan\u010diu patogum\u0105 net ir ilg\u0173 skryd\u017ei\u0173 metu;<br \/>\n\u2022 AR \u017eymeklis: Naudodami DJI RC Motion 3 valdikl\u012f, galite lengvai valdyti funkcijas ir nustatymus nepakeldami rank\u0173 nuo valdiklio, suteikiant intuityvi\u0105 ir skland\u017ei\u0105 valdymo patirt\u012f;<br \/>\n<strong data-start=\"776\" data-end=\"801\">\u2022 <\/strong>Ilgas veikimo laikas: Pilnai \u012fkrauti akiniai gali veikti iki 3 valand\u0173, leid\u017eiantys m\u0117gautis ilgesniais skryd\u017eiais be pertrauk\u0173.<\/span><\/p>\n<p><strong>Bendra informacija:<\/strong><\/p>\n<p>\u2022\u00a0Modelis: TKGS3<br \/>\n\u2022\u00a0Svoris: Apytiksliai 470 g (su baterija)<br \/>\n\u2022 Matmenys (I\u00d7P\u00d7A):<br \/>\nSu u\u017elenktomis antenomis: 170\u00d7109\u00d7112 mm<br \/>\nSu i\u0161skleistomis antenomis: 205\u00d7109\u00d7112 mm<\/p>\n<p data-start=\"354\" data-end=\"370\"><strong>Ekranas:<\/strong><\/p>\n<p>\u2022 Ekrano dydis (vienam ekrane): 0.49 colio<br \/>\n\u2022 Rezoliucija (vienam ekrane): 1920\u00d71080<br \/>\n\u2022 Atnaujinimo da\u017enis: Iki 100 Hz<br \/>\n\u2022 Interpupiliarinis atstumas: 56\u201372 mm<br \/>\n\u2022 Dioptrij\u0173 reguliavimo diapazonas: -6.0 D iki +2.0 D<br \/>\n\u2022 Matymo laukas (FOV, vienam ekrane): 44\u00b0<\/p>\n<p data-start=\"684\" data-end=\"718\"><strong>Vaizdo ir garso atk\u016brimas:<\/strong><\/p>\n<p>\u2022 Vaizdo \u012fra\u0161ymo formatas: MOV<br \/>\n\u2022 Palaikomi vaizdo ir garso atk\u016brimo formatai:<br \/>\n\u2022 Vaizdo \u012fra\u0161ai: MP4, MOV (H.264, H.265)<br \/>\n\u2022 Garsas: AAC, PCM<br \/>\n\u2022 Panoraminiai vaizdai: Sferiniai 2D panoraminiai vaizdai<br \/>\n\u2022 3D vaizdo \u012fra\u0161ai:<br \/>\nHSBS (Half-Side-by-Side)<br \/>\nFSBS (Full-Side-by-Side)<br \/>\nHOU (Half Over-Under)<br \/>\nFOU (Full Over-Under)<br \/>\nMaksimali vaizdo kokyb\u0117: 4K\/60 fps<\/p>\n<p data-start=\"1179\" data-end=\"1206\"><strong>&#8222;Real View&#8221; Matymo realiu laiku funkcija:<\/strong><\/p>\n<p>\u2022 Matymo laukas (FOV): 44\u00b0<\/p>\n<p data-start=\"1245\" data-end=\"1269\"><strong>Veikimo aplinka:<\/strong><\/p>\n<p>\u2022 Darbin\u0117 temperat\u016bra: -10\u00b0C iki 40\u00b0C<\/p>\n<p data-start=\"1319\" data-end=\"1338\"><strong>Maitinimas:<\/strong><\/p>\n<p>\u2022 \u012emontuota baterija<\/p>\n<p data-start=\"1367\" data-end=\"1384\"><strong>Atmintis:<\/strong><\/p>\n<p>\u2022 Palaikomos atminties kortel\u0117s: microSD (iki 512 GB)<br \/>\n\u2022 Rekomenduojamos microSD kortel\u0117s:<br \/>\nKingston CANVAS Go! Plus: 64GB \/ 128GB \/ 256GB \/ 512GB (U3 A2 V30 microSDXC)<br \/>\nLexar Professional 1066x: 64GB \/ 128GB \/ 256GB \/ 512GB (U3 A2 V30 microSDXC)<\/p>\n<p data-start=\"1670\" data-end=\"1696\"><strong>Vaizdo perdavimas:<\/strong><\/p>\n<p>\u2022 Automatinis programin\u0117s \u012frangos pritaikymas pagal naudojam\u0105 orlaiv\u012f<br \/>\n\u2022 Suderinamumas su DJI Avata 2: DJI O4 vaizdo perdavimo sistema<br \/>\n\u2022 Veikimo da\u017eniai:<br \/>\n2.4000\u20132.4835 GHz<br \/>\n5.150\u20135.250 GHz<br \/>\n5.725\u20135.850 GHz<em data-start=\"1956\" data-end=\"2084\"><br \/>\n<\/em>\u2022 Perdavimo galia (EIRP):<br \/>\n2.4 GHz: &lt; 33 dBm (FCC) \/ &lt; 20 dBm (CE\/SRRC\/MIC)<br \/>\n5.1 GHz: &lt; 23 dBm (CE)<br \/>\n5.8 GHz: &lt; 33 dBm (FCC) \/ &lt; 30 dBm (SRRC) \/ &lt; 14 dBm (CE)<br \/>\n\u2022 V\u0117linimas su DJI Avata 2:<br \/>\n1080p\/100 fps: iki 24 ms<br \/>\n1080p\/60 fps: iki 40 ms<br \/>\n\u2022 Maksimalus perdavimo atstumas su DJI Avata 2:<br \/>\nFCC: iki 13 km<br \/>\nCE\/SRRC\/MIC: iki 10 km<br \/>\n\u2022 Maksimali vaizdo perdavimo sparta: 60 Mbps<\/p>\n<p><em data-start=\"1956\" data-end=\"2084\">Pastaba: Kai kuriuose regionuose 5.1 GHz ir 5.8 GHz da\u017eni\u0173 juostos gali b\u016bti ribojamos arba leid\u017eiamos tik patalp\u0173 naudojimui.<\/em><\/p>\n<p data-start=\"2566\" data-end=\"2586\"><strong>Wi-Fi ry\u0161ys:<\/strong><\/p>\n<p>\u2022 Standartas: 802.11 a\/b\/g\/n\/ac<br \/>\n\u2022 Veikimo da\u017eniai:<br \/>\n2.4000\u20132.4835 GHz<br \/>\n5.170\u20135.250 GHz<br \/>\n5.725\u20135.850 GHz<em data-start=\"2738\" data-end=\"2819\"><br \/>\n\u2022 <\/em>Si\u0173stuvo galia (EIRP):<br \/>\n2.4 GHz: &lt; 20 dBm<br \/>\n5.1 GHz: &lt; 20 dBm<br \/>\n5.8 GHz: &lt; 20 dBm<br \/>\n<em data-start=\"2738\" data-end=\"2819\"><br \/>\nPastaba: Kai kuriuose regionuose gali b\u016bti ribojami 5.1 GHz ir 5.8 GHz da\u017eniai.<\/em><\/p>\n<p data-start=\"2938\" data-end=\"2962\"><strong>Bluetooth ry\u0161ys:<\/strong><\/p>\n<p>\u2022 Standartas: Bluetooth 5.0<br \/>\n\u2022 Veikimo da\u017enis: 2.400\u20132.4835 GHz<br \/>\n\u2022 Si\u0173stuvo galia (EIRP): &lt; 10 dBm<\/p>\n<p><strong>Akumuliatorius:<\/strong><\/p>\n<p><span style=\"font-size: 14.4px;\">\u2022 <\/span>Matmenys: 121\u00d765\u00d752.5 mm<br \/>\n<span style=\"font-size: 14.4px;\">\u2022 <\/span>Talpa: 3000 mAh<br \/>\n<span style=\"font-size: 14.4px;\">\u2022 <\/span>\u012etampa: 5.6-8.4 V<br \/>\n<span style=\"font-size: 14.4px;\">\u2022 <\/span>Baterijos tipas: Li-ion (LiNiMnCoO2)<br \/>\n\u2022 Energija: 21.6 Wh<br \/>\n\u2022 \u012ekrovimo temperat\u016bra: 0\u00b0 C iki 50\u00b0 C<br \/>\n\u2022 Maksimali \u012fkrovimo galia: 20 W (kraunant i\u0161jungtus akinius)<br \/>\n\u2022 Veikimo trukm\u0117: Apytiksliai 3 valandos<\/p>\n<p><em data-start=\"3460\" data-end=\"3728\">Testuota esant 25\u00b0 C aplinkos temperat\u016brai, ekrano ry\u0161kumui nustatytam ties 4, prijungus prie DJI Avata 2, vaizdo perdavimui nustatytam \u012f 1080p\/100 fps, i\u0161jungus Head Tracking ir Real View funkcijas, pilnai \u012fkrauta baterija nenaudojant i\u0161orini\u0173 \u012frengini\u0173 maitinimui.<\/em><\/p>\n<p>Aki\u0173 sveikata yra labai svarbi, tod\u0117l Goggles 3 turi Vokietijos T\u00fcV Rheinland ma\u017eo m\u0117lynos \u0161viesos sertifikat\u0105.<img loading=\"lazy\" decoding=\"async\" class=\"wp-image-8640 alignnone\" src=\"https:\/\/1dronas.lt\/wp-content\/uploads\/2025\/03\/e0f8e87ef68d798c781e39dc216bed40-min.png\" alt=\"\" width=\"57\" height=\"57\" srcset=\"https:\/\/1dronas.lt\/wp-content\/uploads\/2025\/03\/e0f8e87ef68d798c781e39dc216bed40-min.png 192w, https:\/\/1dronas.lt\/wp-content\/uploads\/2025\/03\/e0f8e87ef68d798c781e39dc216bed40-min-150x150.png 150w, https:\/\/1dronas.lt\/wp-content\/uploads\/2025\/03\/e0f8e87ef68d798c781e39dc216bed40-min-12x12.png 12w, https:\/\/1dronas.lt\/wp-content\/uploads\/2025\/03\/e0f8e87ef68d798c781e39dc216bed40-min-100x100.png 100w\" sizes=\"auto, (max-width: 57px) 100vw, 57px\" \/><\/p>\n<p><strong>Komplektacija:<\/strong><\/p>\n<p>1x DJI Goggles 3;<br data-start=\"17\" data-end=\"20\" \/>1x DJI Goggles 3 -2.0D korekciniai l\u0119\u0161iai (pora);<br data-start=\"69\" data-end=\"72\" \/>1x USB-C OTG kabelis.<\/p>\n<p>&nbsp;<\/p>\n","protected":false},"excerpt":{"rendered":"<p><span style=\"color: #333333;\">Experience high-quality video transmission with minimal latency and high stability, allowing for smooth drone control.<\/span><\/p>\n<p><span style=\"color: #333333; font-size: 90%;\"><strong><img loading=\"lazy\" decoding=\"async\" class=\"alignnone wp-image-1806\" src=\"https:\/\/1dronas.lt\/wp-content\/uploads\/2021\/05\/delivery-icon.png\" alt=\"\" width=\"24\" height=\"24\" srcset=\"https:\/\/1dronas.lt\/wp-content\/uploads\/2021\/05\/delivery-icon.png 35w, https:\/\/1dronas.lt\/wp-content\/uploads\/2021\/05\/delivery-icon-12x12.png 12w\" sizes=\"auto, (max-width: 24px) 100vw, 24px\" \/>\u00a0 \u00a01 \u2013 2 days<\/strong><\/span><\/p>","protected":false},"featured_media":8669,"comment_status":"open","ping_status":"closed","template":"","meta":[],"product_brand":[502],"product_cat":[223],"product_tag":[325,549,548],"class_list":{"0":"post-8628","1":"product","2":"type-product","3":"status-publish","4":"has-post-thumbnail","6":"product_brand-dji","7":"product_cat-fpv-akiniai","8":"product_tag-dji","9":"product_tag-dji-o4","10":"product_tag-goggles-3","12":"first","13":"instock","14":"sale","15":"taxable","16":"shipping-taxable","17":"purchasable","18":"product-type-simple"},"yoast_head":"<!-- This site is optimized with the Yoast SEO plugin v27.4 - https:\/\/yoast.com\/product\/yoast-seo-wordpress\/ -->\n<title>DJI Goggles 3 - 1dronas.lt<\/title>\n<meta name=\"robots\" content=\"index, follow, max-snippet:-1, max-image-preview:large, max-video-preview:-1\" \/>\n<link rel=\"canonical\" href=\"https:\/\/1dronas.lt\/en\/produktas\/dji-goggles-3\/\" \/>\n<meta property=\"og:locale\" content=\"en_US\" \/>\n<meta property=\"og:type\" content=\"article\" \/>\n<meta property=\"og:title\" content=\"DJI Goggles 3 - 1dronas.lt\" \/>\n<meta property=\"og:description\" content=\"Patirkite auk\u0161tos kokyb\u0117s vaizdo perdavim\u0105 su minimaliu v\u0117lavimu ir dideliu stabilumu, leid\u017eian\u010diu skland\u017eiai valdyti dron\u0105.  \u00a0 \u00a01 \u2013 2 d. d.\" \/>\n<meta property=\"og:url\" content=\"https:\/\/1dronas.lt\/en\/produktas\/dji-goggles-3\/\" \/>\n<meta property=\"og:site_name\" content=\"1dronas.lt\" \/>\n<meta property=\"article:publisher\" content=\"https:\/\/www.facebook.com\/1dronas\/\" \/>\n<meta property=\"article:modified_time\" content=\"2026-04-18T06:13:10+00:00\" \/>\n<meta property=\"og:image\" content=\"https:\/\/1dronas.lt\/wp-content\/uploads\/2025\/03\/dji-goggles-3-765259-min.jpeg\" \/>\n\t<meta property=\"og:image:width\" content=\"800\" \/>\n\t<meta property=\"og:image:height\" content=\"800\" \/>\n\t<meta property=\"og:image:type\" content=\"image\/jpeg\" \/>\n<meta name=\"twitter:card\" content=\"summary_large_image\" \/>\n<meta name=\"twitter:label1\" content=\"Est. reading time\" \/>\n\t<meta name=\"twitter:data1\" content=\"6 minutes\" \/>\n<script type=\"application\/ld+json\" class=\"yoast-schema-graph\">{\"@context\":\"https:\\\/\\\/schema.org\",\"@graph\":[{\"@type\":\"WebPage\",\"@id\":\"https:\\\/\\\/1dronas.lt\\\/en\\\/produktas\\\/dji-goggles-3\\\/\",\"url\":\"https:\\\/\\\/1dronas.lt\\\/en\\\/produktas\\\/dji-goggles-3\\\/\",\"name\":\"DJI Goggles 3 - 1dronas.lt\",\"isPartOf\":{\"@id\":\"https:\\\/\\\/1dronas.lt\\\/en\\\/#website\"},\"primaryImageOfPage\":{\"@id\":\"https:\\\/\\\/1dronas.lt\\\/en\\\/produktas\\\/dji-goggles-3\\\/#primaryimage\"},\"image\":{\"@id\":\"https:\\\/\\\/1dronas.lt\\\/en\\\/produktas\\\/dji-goggles-3\\\/#primaryimage\"},\"thumbnailUrl\":\"https:\\\/\\\/1dronas.lt\\\/wp-content\\\/uploads\\\/2025\\\/03\\\/dji-goggles-3-765259-min.jpeg\",\"datePublished\":\"2025-03-20T22:30:02+00:00\",\"dateModified\":\"2026-04-18T06:13:10+00:00\",\"breadcrumb\":{\"@id\":\"https:\\\/\\\/1dronas.lt\\\/en\\\/produktas\\\/dji-goggles-3\\\/#breadcrumb\"},\"inLanguage\":\"en-US\",\"potentialAction\":[{\"@type\":\"ReadAction\",\"target\":[\"https:\\\/\\\/1dronas.lt\\\/en\\\/produktas\\\/dji-goggles-3\\\/\"]}]},{\"@type\":\"ImageObject\",\"inLanguage\":\"en-US\",\"@id\":\"https:\\\/\\\/1dronas.lt\\\/en\\\/produktas\\\/dji-goggles-3\\\/#primaryimage\",\"url\":\"https:\\\/\\\/1dronas.lt\\\/wp-content\\\/uploads\\\/2025\\\/03\\\/dji-goggles-3-765259-min.jpeg\",\"contentUrl\":\"https:\\\/\\\/1dronas.lt\\\/wp-content\\\/uploads\\\/2025\\\/03\\\/dji-goggles-3-765259-min.jpeg\",\"width\":800,\"height\":800},{\"@type\":\"BreadcrumbList\",\"@id\":\"https:\\\/\\\/1dronas.lt\\\/en\\\/produktas\\\/dji-goggles-3\\\/#breadcrumb\",\"itemListElement\":[{\"@type\":\"ListItem\",\"position\":1,\"name\":\"Home\",\"item\":\"https:\\\/\\\/1dronas.lt\\\/\"},{\"@type\":\"ListItem\",\"position\":2,\"name\":\"Parduotuv\u0117\",\"item\":\"https:\\\/\\\/1dronas.lt\\\/parduotuve\\\/\"},{\"@type\":\"ListItem\",\"position\":3,\"name\":\"DJI Goggles 3\"}]},{\"@type\":\"WebSite\",\"@id\":\"https:\\\/\\\/1dronas.lt\\\/en\\\/#website\",\"url\":\"https:\\\/\\\/1dronas.lt\\\/en\\\/\",\"name\":\"1dronas.lt\",\"description\":\"Internetin\u0117 parduotuv\u0117\",\"publisher\":{\"@id\":\"https:\\\/\\\/1dronas.lt\\\/en\\\/#organization\"},\"potentialAction\":[{\"@type\":\"SearchAction\",\"target\":{\"@type\":\"EntryPoint\",\"urlTemplate\":\"https:\\\/\\\/1dronas.lt\\\/en\\\/?s={search_term_string}\"},\"query-input\":{\"@type\":\"PropertyValueSpecification\",\"valueRequired\":true,\"valueName\":\"search_term_string\"}}],\"inLanguage\":\"en-US\"},{\"@type\":\"Organization\",\"@id\":\"https:\\\/\\\/1dronas.lt\\\/en\\\/#organization\",\"name\":\"1dronas.lt\",\"url\":\"https:\\\/\\\/1dronas.lt\\\/en\\\/\",\"logo\":{\"@type\":\"ImageObject\",\"inLanguage\":\"en-US\",\"@id\":\"https:\\\/\\\/1dronas.lt\\\/en\\\/#\\\/schema\\\/logo\\\/image\\\/\",\"url\":\"https:\\\/\\\/1dronas.lt\\\/wp-content\\\/uploads\\\/2020\\\/12\\\/Ekrano_kopija__2_-removebg-preview-1-1.png\",\"contentUrl\":\"https:\\\/\\\/1dronas.lt\\\/wp-content\\\/uploads\\\/2020\\\/12\\\/Ekrano_kopija__2_-removebg-preview-1-1.png\",\"width\":234,\"height\":81,\"caption\":\"1dronas.lt\"},\"image\":{\"@id\":\"https:\\\/\\\/1dronas.lt\\\/en\\\/#\\\/schema\\\/logo\\\/image\\\/\"},\"sameAs\":[\"https:\\\/\\\/www.facebook.com\\\/1dronas\\\/\"]}]}<\/script>\n<!-- \/ Yoast SEO plugin. -->","yoast_head_json":{"title":"DJI Goggles 3 - 1dronas.lt","robots":{"index":"index","follow":"follow","max-snippet":"max-snippet:-1","max-image-preview":"max-image-preview:large","max-video-preview":"max-video-preview:-1"},"canonical":"https:\/\/1dronas.lt\/en\/produktas\/dji-goggles-3\/","og_locale":"en_US","og_type":"article","og_title":"DJI Goggles 3 - 1dronas.lt","og_description":"Patirkite auk\u0161tos kokyb\u0117s vaizdo perdavim\u0105 su minimaliu v\u0117lavimu ir dideliu stabilumu, leid\u017eian\u010diu skland\u017eiai valdyti dron\u0105.  \u00a0 \u00a01 \u2013 2 d. d.","og_url":"https:\/\/1dronas.lt\/en\/produktas\/dji-goggles-3\/","og_site_name":"1dronas.lt","article_publisher":"https:\/\/www.facebook.com\/1dronas\/","article_modified_time":"2026-04-18T06:13:10+00:00","og_image":[{"width":800,"height":800,"url":"https:\/\/1dronas.lt\/wp-content\/uploads\/2025\/03\/dji-goggles-3-765259-min.jpeg","type":"image\/jpeg"}],"twitter_card":"summary_large_image","twitter_misc":{"Est. reading time":"6 minutes"},"schema":{"@context":"https:\/\/schema.org","@graph":[{"@type":"WebPage","@id":"https:\/\/1dronas.lt\/en\/produktas\/dji-goggles-3\/","url":"https:\/\/1dronas.lt\/en\/produktas\/dji-goggles-3\/","name":"DJI Goggles 3 - 1dronas.lt","isPartOf":{"@id":"https:\/\/1dronas.lt\/en\/#website"},"primaryImageOfPage":{"@id":"https:\/\/1dronas.lt\/en\/produktas\/dji-goggles-3\/#primaryimage"},"image":{"@id":"https:\/\/1dronas.lt\/en\/produktas\/dji-goggles-3\/#primaryimage"},"thumbnailUrl":"https:\/\/1dronas.lt\/wp-content\/uploads\/2025\/03\/dji-goggles-3-765259-min.jpeg","datePublished":"2025-03-20T22:30:02+00:00","dateModified":"2026-04-18T06:13:10+00:00","breadcrumb":{"@id":"https:\/\/1dronas.lt\/en\/produktas\/dji-goggles-3\/#breadcrumb"},"inLanguage":"en-US","potentialAction":[{"@type":"ReadAction","target":["https:\/\/1dronas.lt\/en\/produktas\/dji-goggles-3\/"]}]},{"@type":"ImageObject","inLanguage":"en-US","@id":"https:\/\/1dronas.lt\/en\/produktas\/dji-goggles-3\/#primaryimage","url":"https:\/\/1dronas.lt\/wp-content\/uploads\/2025\/03\/dji-goggles-3-765259-min.jpeg","contentUrl":"https:\/\/1dronas.lt\/wp-content\/uploads\/2025\/03\/dji-goggles-3-765259-min.jpeg","width":800,"height":800},{"@type":"BreadcrumbList","@id":"https:\/\/1dronas.lt\/en\/produktas\/dji-goggles-3\/#breadcrumb","itemListElement":[{"@type":"ListItem","position":1,"name":"Home","item":"https:\/\/1dronas.lt\/"},{"@type":"ListItem","position":2,"name":"Parduotuv\u0117","item":"https:\/\/1dronas.lt\/parduotuve\/"},{"@type":"ListItem","position":3,"name":"DJI Goggles 3"}]},{"@type":"WebSite","@id":"https:\/\/1dronas.lt\/en\/#website","url":"https:\/\/1dronas.lt\/en\/","name":"1dronas.lt","description":"Online store","publisher":{"@id":"https:\/\/1dronas.lt\/en\/#organization"},"potentialAction":[{"@type":"SearchAction","target":{"@type":"EntryPoint","urlTemplate":"https:\/\/1dronas.lt\/en\/?s={search_term_string}"},"query-input":{"@type":"PropertyValueSpecification","valueRequired":true,"valueName":"search_term_string"}}],"inLanguage":"en-US"},{"@type":"Organization","@id":"https:\/\/1dronas.lt\/en\/#organization","name":"1dronas.lt","url":"https:\/\/1dronas.lt\/en\/","logo":{"@type":"ImageObject","inLanguage":"en-US","@id":"https:\/\/1dronas.lt\/en\/#\/schema\/logo\/image\/","url":"https:\/\/1dronas.lt\/wp-content\/uploads\/2020\/12\/Ekrano_kopija__2_-removebg-preview-1-1.png","contentUrl":"https:\/\/1dronas.lt\/wp-content\/uploads\/2020\/12\/Ekrano_kopija__2_-removebg-preview-1-1.png","width":234,"height":81,"caption":"1dronas.lt"},"image":{"@id":"https:\/\/1dronas.lt\/en\/#\/schema\/logo\/image\/"},"sameAs":["https:\/\/www.facebook.com\/1dronas\/"]}]}},"jetpack_sharing_enabled":true,"_links":{"self":[{"href":"https:\/\/1dronas.lt\/en\/wp-json\/wp\/v2\/product\/8628","targetHints":{"allow":["GET"]}}],"collection":[{"href":"https:\/\/1dronas.lt\/en\/wp-json\/wp\/v2\/product"}],"about":[{"href":"https:\/\/1dronas.lt\/en\/wp-json\/wp\/v2\/types\/product"}],"replies":[{"embeddable":true,"href":"https:\/\/1dronas.lt\/en\/wp-json\/wp\/v2\/comments?post=8628"}],"wp:featuredmedia":[{"embeddable":true,"href":"https:\/\/1dronas.lt\/en\/wp-json\/wp\/v2\/media\/8669"}],"wp:attachment":[{"href":"https:\/\/1dronas.lt\/en\/wp-json\/wp\/v2\/media?parent=8628"}],"wp:term":[{"taxonomy":"product_brand","embeddable":true,"href":"https:\/\/1dronas.lt\/en\/wp-json\/wp\/v2\/product_brand?post=8628"},{"taxonomy":"product_cat","embeddable":true,"href":"https:\/\/1dronas.lt\/en\/wp-json\/wp\/v2\/product_cat?post=8628"},{"taxonomy":"product_tag","embeddable":true,"href":"https:\/\/1dronas.lt\/en\/wp-json\/wp\/v2\/product_tag?post=8628"}],"curies":[{"name":"wp","href":"https:\/\/api.w.org\/{rel}","templated":true}]}}