{"id":8528,"date":"2025-03-13T21:48:06","date_gmt":"2025-03-13T21:48:06","guid":{"rendered":"https:\/\/1dronas.lt\/?post_type=product&#038;p=8528"},"modified":"2026-03-03T06:15:48","modified_gmt":"2026-03-03T04:15:48","slug":"betafpv-meteor75-pro-o4-brushless-whoop-quadcopter","status":"publish","type":"product","link":"https:\/\/1dronas.lt\/en\/produktas\/betafpv-meteor75-pro-o4-brushless-whoop-quadcopter\/","title":{"rendered":"BETAFPV Meteor75 Pro O4 Brushless Whoop Quadcopter ELRS"},"content":{"rendered":"<p><iframe loading=\"lazy\" title=\"BETAFPV Meteor65\/75 Pro O4 PNP | DJI O4 Air Unit Installation Tutorial\" width=\"1020\" height=\"574\" src=\"https:\/\/www.youtube.com\/embed\/zt91MbWZ6SQ?feature=oembed\" frameborder=\"0\" allow=\"accelerometer; autoplay; clipboard-write; encrypted-media; gyroscope; picture-in-picture; web-share\" referrerpolicy=\"strict-origin-when-cross-origin\" allowfullscreen><\/iframe><\/p>\n<p data-start=\"0\" data-end=\"116\">The Meteor75 Pro O4 is an advanced 1S high-definition Whoop drone optimized for the DJI O4 Air Unit system. With an 80.8mm wheelbase, powerful 1102 | 22000KV motors and GF 45mm 3-blade propellers, it delivers excellent flight performance and stability. Equipped with the advanced Matrix 1S 3IN1 HD flight controller and integrated DJI O4 vibration-damping components, the drone is precisely tuned for smooth, high-definition filming. The newly designed canopy provides increased rigidity, adjustable camera angles and exceptional image clarity, making the Meteor75 Pro O4 the perfect choice for FPV filmmakers and enthusiasts.<\/p>\n<p data-start=\"0\" data-end=\"116\"><img loading=\"lazy\" decoding=\"async\" class=\"alignnone wp-image-8535 size-large\" src=\"https:\/\/1dronas.lt\/wp-content\/uploads\/2025\/03\/75_eb33bfac-4355-4bdd-9e80-4d1b1e88e5e2-min-1024x576.jpg\" alt=\"\" width=\"1020\" height=\"574\" srcset=\"https:\/\/1dronas.lt\/wp-content\/uploads\/2025\/03\/75_eb33bfac-4355-4bdd-9e80-4d1b1e88e5e2-min-1024x576.jpg 1024w, https:\/\/1dronas.lt\/wp-content\/uploads\/2025\/03\/75_eb33bfac-4355-4bdd-9e80-4d1b1e88e5e2-min-300x169.jpg 300w, https:\/\/1dronas.lt\/wp-content\/uploads\/2025\/03\/75_eb33bfac-4355-4bdd-9e80-4d1b1e88e5e2-min-768x432.jpg 768w, https:\/\/1dronas.lt\/wp-content\/uploads\/2025\/03\/75_eb33bfac-4355-4bdd-9e80-4d1b1e88e5e2-min-1536x864.jpg 1536w, https:\/\/1dronas.lt\/wp-content\/uploads\/2025\/03\/75_eb33bfac-4355-4bdd-9e80-4d1b1e88e5e2-min-18x10.jpg 18w, https:\/\/1dronas.lt\/wp-content\/uploads\/2025\/03\/75_eb33bfac-4355-4bdd-9e80-4d1b1e88e5e2-min-510x287.jpg 510w, https:\/\/1dronas.lt\/wp-content\/uploads\/2025\/03\/75_eb33bfac-4355-4bdd-9e80-4d1b1e88e5e2-min.jpg 1600w\" sizes=\"auto, (max-width: 1020px) 100vw, 1020px\" \/><\/p>\n<p data-start=\"0\" data-end=\"116\"><strong>Features:<\/strong><\/p>\n<p><strong>\u2022 <\/strong>Optimized DJI O4 Air Unit \u2013 Designed for a smoother and more stable flight style, perfect for smooth high-definition filming.<br \/>\n<strong>\u2022 <\/strong>Advanced flight controller \u2013 Matrix 1S 3IN1 HD FC provides enhanced integration, high performance, and smooth operation.<br \/>\n<strong>\u2022 <\/strong>Fine-tuned flight \u2013 Optimized PID parameters, extended throttle range, and customized RATE configurations allow for precise altitude control and natural camera movements.<br \/>\n<strong>\u2022 <\/strong>Enhanced power configuration \u2013 Despite the increased weight, the 1102 | 22000KV motors combined with GF 45mm 3-blade propellers provide excellent thrust and speed;<br \/>\n<strong>\u2022 <\/strong>Improved housing \u2013 Integrated Vibration-damping components ensure smoother and more stable HD filming, while the adjustable camera angle (from 10\u00b0 to 35\u00b0) allows you to get the perfect shot;<br \/>\n<strong>\u2022 <\/strong>Durable and user-friendly \u2013 Designed for reliability and comfort, providing a balanced and enjoyable flying experience.<\/p>\n<p><img loading=\"lazy\" decoding=\"async\" class=\"alignnone wp-image-8534 size-large\" src=\"https:\/\/1dronas.lt\/wp-content\/uploads\/2025\/03\/75_d7355da7-54ed-432c-9008-72ed4ac1bcfe-min-1024x576.jpg\" alt=\"\" width=\"1020\" height=\"574\" srcset=\"https:\/\/1dronas.lt\/wp-content\/uploads\/2025\/03\/75_d7355da7-54ed-432c-9008-72ed4ac1bcfe-min-1024x576.jpg 1024w, https:\/\/1dronas.lt\/wp-content\/uploads\/2025\/03\/75_d7355da7-54ed-432c-9008-72ed4ac1bcfe-min-300x169.jpg 300w, https:\/\/1dronas.lt\/wp-content\/uploads\/2025\/03\/75_d7355da7-54ed-432c-9008-72ed4ac1bcfe-min-768x432.jpg 768w, https:\/\/1dronas.lt\/wp-content\/uploads\/2025\/03\/75_d7355da7-54ed-432c-9008-72ed4ac1bcfe-min-1536x864.jpg 1536w, https:\/\/1dronas.lt\/wp-content\/uploads\/2025\/03\/75_d7355da7-54ed-432c-9008-72ed4ac1bcfe-min-18x10.jpg 18w, https:\/\/1dronas.lt\/wp-content\/uploads\/2025\/03\/75_d7355da7-54ed-432c-9008-72ed4ac1bcfe-min-510x287.jpg 510w, https:\/\/1dronas.lt\/wp-content\/uploads\/2025\/03\/75_d7355da7-54ed-432c-9008-72ed4ac1bcfe-min.jpg 1600w\" sizes=\"auto, (max-width: 1020px) 100vw, 1020px\" \/><\/p>\n<p><strong>Specification:<\/strong><\/p>\n<p><strong>\u2022 <\/strong>Item: Meteor75 Pro O4 Brushless Whoop Drone;<br \/>\n<strong>\u2022 <\/strong>Wheelbase: 80.8 mm;<br \/>\n<strong>\u2022 <\/strong>Motors: 1102 22000KV motors;<br \/>\n<strong>\u2022 <\/strong>Battery: LAVA 1S 550mAh battery;<br \/>\n<strong>\u2022 <\/strong>Frame: Meteor75 Pro Whoop (translucent gray);<br \/>\n<strong>\u2022 <\/strong>Propellers: Gemfan 45 mm 3-blade propellers;<br \/>\n<strong>\u2022 <\/strong>Camera: DJI O4 camera (DJI VTX selected);<br \/>\n<strong>\u2022 <\/strong>Hood: Hood for O4 Air Unit system;<br \/>\n<strong>\u2022 <\/strong>Flight controller: Matrix 1S 3IN1 HD FC;<br \/>\n<strong>\u2022 <\/strong>Receiver: Integrated serial ELRS 2.4G;<br \/>\n<strong>\u2022 <\/strong>VTX: DJI O4 Air Unit (DJI VTX selected);<br \/>\n<strong>\u2022 <\/strong>Flight time: ~ 5 min.;<br \/>\n<strong>\u2022 <\/strong>Weight: 37.20 g.<\/p>\n<p data-start=\"0\" data-end=\"108\">The Meteor75 Pro O4 features an integrated Matrix 1S 3IN1 HD FC, designed specifically for the 1S HD Whoop drone. This flight controller is uniquely suited for digital FPV, as it combines a flight controller, ESC and ELRS 2.4G RX in one lightweight and compact system, eliminating the need for an analog OSD to ensure smooth operation. Thanks to the newly designed BEC and ESC, the Matrix 1S 3IN1 HD FC guarantees stable digital video transmission quality, even in challenging conditions, giving pilots more confidence to push their limits.<\/p>\n<p data-start=\"0\" data-end=\"108\"><img loading=\"lazy\" decoding=\"async\" class=\"alignnone wp-image-8536 size-large\" src=\"https:\/\/1dronas.lt\/wp-content\/uploads\/2025\/03\/397b1fd8f268cc0992dc6fc636b9db05-min-1024x576.jpg\" alt=\"\" width=\"1020\" height=\"574\" srcset=\"https:\/\/1dronas.lt\/wp-content\/uploads\/2025\/03\/397b1fd8f268cc0992dc6fc636b9db05-min-1024x576.jpg 1024w, https:\/\/1dronas.lt\/wp-content\/uploads\/2025\/03\/397b1fd8f268cc0992dc6fc636b9db05-min-300x169.jpg 300w, https:\/\/1dronas.lt\/wp-content\/uploads\/2025\/03\/397b1fd8f268cc0992dc6fc636b9db05-min-768x432.jpg 768w, https:\/\/1dronas.lt\/wp-content\/uploads\/2025\/03\/397b1fd8f268cc0992dc6fc636b9db05-min-1536x864.jpg 1536w, https:\/\/1dronas.lt\/wp-content\/uploads\/2025\/03\/397b1fd8f268cc0992dc6fc636b9db05-min-18x10.jpg 18w, https:\/\/1dronas.lt\/wp-content\/uploads\/2025\/03\/397b1fd8f268cc0992dc6fc636b9db05-min-510x287.jpg 510w, https:\/\/1dronas.lt\/wp-content\/uploads\/2025\/03\/397b1fd8f268cc0992dc6fc636b9db05-min.jpg 1600w\" sizes=\"auto, (max-width: 1020px) 100vw, 1020px\" \/><\/p>\n<p data-start=\"0\" data-end=\"225\">Since the DJI O4 Air Unit is sensitive to high-frequency vibrations due to the built-in gyroscope that is responsible for image stabilization, the Meteor75 Pro O4 has specially designed vibration-damping components. These components use four precision-engineered balls that firmly connect the DJI O4 camera to the mount. This innovative design effectively isolates and absorbs high-frequency vibrations, ensuring smooth and stable images, eliminating image shake and &quot;jello&quot; effects during FPV filming.<\/p>\n<p data-start=\"0\" data-end=\"225\"><img loading=\"lazy\" decoding=\"async\" class=\"alignnone wp-image-8531 size-large\" src=\"https:\/\/1dronas.lt\/wp-content\/uploads\/2025\/03\/6eebabd53ee8c2120967792c3fd79ff6-min-1024x576.jpg\" alt=\"\" width=\"1020\" height=\"574\" srcset=\"https:\/\/1dronas.lt\/wp-content\/uploads\/2025\/03\/6eebabd53ee8c2120967792c3fd79ff6-min-1024x576.jpg 1024w, https:\/\/1dronas.lt\/wp-content\/uploads\/2025\/03\/6eebabd53ee8c2120967792c3fd79ff6-min-300x169.jpg 300w, https:\/\/1dronas.lt\/wp-content\/uploads\/2025\/03\/6eebabd53ee8c2120967792c3fd79ff6-min-768x432.jpg 768w, https:\/\/1dronas.lt\/wp-content\/uploads\/2025\/03\/6eebabd53ee8c2120967792c3fd79ff6-min-1536x864.jpg 1536w, https:\/\/1dronas.lt\/wp-content\/uploads\/2025\/03\/6eebabd53ee8c2120967792c3fd79ff6-min-18x10.jpg 18w, https:\/\/1dronas.lt\/wp-content\/uploads\/2025\/03\/6eebabd53ee8c2120967792c3fd79ff6-min-510x287.jpg 510w, https:\/\/1dronas.lt\/wp-content\/uploads\/2025\/03\/6eebabd53ee8c2120967792c3fd79ff6-min.jpg 1600w\" sizes=\"auto, (max-width: 1020px) 100vw, 1020px\" \/><\/p>\n<p data-start=\"0\" data-end=\"225\"><em><span style=\"color: #ed1c24;\">Important: Batteries are not included!<\/span><\/em><\/p>\n<p data-start=\"0\" data-end=\"225\"><strong>Package:<\/strong><\/p>\n<p>DJI O4 Version:<\/p>\n<p>1\u00d7 Meteor75 Pro O4 Brushless Whoop Drone (DJI O4 version);<br \/>\n4\u00d7 Vibration-damping balls for DJI O4 camera;<br \/>\n4\u00d7 GF 45 mm 3-blade propellers;<br \/>\n1\u00d7 Type-C to SH1.0 adapter;<br \/>\n1\u00d7 SH1.0-4Pin adapter cable;<br \/>\n4\u00d7 M1.4*4 cross flat head screws.<\/p>\n<p><img loading=\"lazy\" decoding=\"async\" class=\"alignnone wp-image-8530 size-full\" src=\"https:\/\/1dronas.lt\/wp-content\/uploads\/2025\/03\/3f89305fb1dabad87b9b93324e3c25cd_5a0fd231-efb7-410c-930b-f28c52cd7473_600x600-min.jpg\" alt=\"\" width=\"600\" height=\"600\" srcset=\"https:\/\/1dronas.lt\/wp-content\/uploads\/2025\/03\/3f89305fb1dabad87b9b93324e3c25cd_5a0fd231-efb7-410c-930b-f28c52cd7473_600x600-min.jpg 600w, https:\/\/1dronas.lt\/wp-content\/uploads\/2025\/03\/3f89305fb1dabad87b9b93324e3c25cd_5a0fd231-efb7-410c-930b-f28c52cd7473_600x600-min-300x300.jpg 300w, https:\/\/1dronas.lt\/wp-content\/uploads\/2025\/03\/3f89305fb1dabad87b9b93324e3c25cd_5a0fd231-efb7-410c-930b-f28c52cd7473_600x600-min-150x150.jpg 150w, https:\/\/1dronas.lt\/wp-content\/uploads\/2025\/03\/3f89305fb1dabad87b9b93324e3c25cd_5a0fd231-efb7-410c-930b-f28c52cd7473_600x600-min-12x12.jpg 12w, https:\/\/1dronas.lt\/wp-content\/uploads\/2025\/03\/3f89305fb1dabad87b9b93324e3c25cd_5a0fd231-efb7-410c-930b-f28c52cd7473_600x600-min-247x247.jpg 247w, https:\/\/1dronas.lt\/wp-content\/uploads\/2025\/03\/3f89305fb1dabad87b9b93324e3c25cd_5a0fd231-efb7-410c-930b-f28c52cd7473_600x600-min-510x510.jpg 510w, https:\/\/1dronas.lt\/wp-content\/uploads\/2025\/03\/3f89305fb1dabad87b9b93324e3c25cd_5a0fd231-efb7-410c-930b-f28c52cd7473_600x600-min-100x100.jpg 100w\" sizes=\"auto, (max-width: 600px) 100vw, 600px\" \/><\/p>\n<p>PNP version:<\/p>\n<p>1\u00d7 Meteor75 Pro O4 Brushless Whoop Drone (PNP version);<br \/>\n1\u00d7 Hood for O4 Air Unit system;<br \/>\n4\u00d7 GF 45 mm 3-blade propellers;<br \/>\n1\u00d7 Type-C to SH1.0 adapter;<br \/>\n1\u00d7 SH1.0-4Pin adapter cable;<br \/>\n1\u00d7 SH1.0-6Pin HD cable;<br \/>\n1\u00d7 5.8G VTX antenna;<br \/>\n4\u00d7 Vibration-damping balls;<br \/>\n8\u00d7 Vibration-damping balls for DJI O4 camera;<br \/>\n1\u00d7 DJI O4 camera mount;<br \/>\n1\u00d7 Vibration-damping mounting system for DJI O4 camera;<br \/>\n4\u00d7 M1.4*4 cross flat head screws;<br \/>\n4\u00d7 M1.4<em data-start=\"568\" data-end=\"572\">10<\/em>4 cross-shaped flat washer-shaped threaded bolts;<br \/>\n4\u00d7 M2*4 flat head socket screws;<br \/>\n1\u00d7 Phillips screwdriver.<br \/>\n<img loading=\"lazy\" decoding=\"async\" class=\"alignnone wp-image-8541 size-full\" src=\"https:\/\/1dronas.lt\/wp-content\/uploads\/2025\/03\/PNP_4407189c-706a-4d4e-9028-bd019812d927_600x600-min.jpg\" alt=\"\" width=\"600\" height=\"600\" srcset=\"https:\/\/1dronas.lt\/wp-content\/uploads\/2025\/03\/PNP_4407189c-706a-4d4e-9028-bd019812d927_600x600-min.jpg 600w, https:\/\/1dronas.lt\/wp-content\/uploads\/2025\/03\/PNP_4407189c-706a-4d4e-9028-bd019812d927_600x600-min-300x300.jpg 300w, https:\/\/1dronas.lt\/wp-content\/uploads\/2025\/03\/PNP_4407189c-706a-4d4e-9028-bd019812d927_600x600-min-150x150.jpg 150w, https:\/\/1dronas.lt\/wp-content\/uploads\/2025\/03\/PNP_4407189c-706a-4d4e-9028-bd019812d927_600x600-min-12x12.jpg 12w, https:\/\/1dronas.lt\/wp-content\/uploads\/2025\/03\/PNP_4407189c-706a-4d4e-9028-bd019812d927_600x600-min-247x247.jpg 247w, https:\/\/1dronas.lt\/wp-content\/uploads\/2025\/03\/PNP_4407189c-706a-4d4e-9028-bd019812d927_600x600-min-510x510.jpg 510w, https:\/\/1dronas.lt\/wp-content\/uploads\/2025\/03\/PNP_4407189c-706a-4d4e-9028-bd019812d927_600x600-min-100x100.jpg 100w\" sizes=\"auto, (max-width: 600px) 100vw, 600px\" \/><\/p>","protected":false},"excerpt":{"rendered":"<p><span style=\"color: #333333;\">Meteor75 Pro O4 \u2013 Experience unparalleled stability on every flight!<\/span><\/p>\n<p><span style=\"color: #333333; font-size: 90%;\"><b><img loading=\"lazy\" decoding=\"async\" class=\"alignnone wp-image-1806\" src=\"https:\/\/1dronas.lt\/wp-content\/uploads\/2021\/05\/delivery-icon.png.webp\" alt=\"\" width=\"24\" height=\"24\" srcset=\"https:\/\/1dronas.lt\/wp-content\/uploads\/2021\/05\/delivery-icon.png 35w, https:\/\/1dronas.lt\/wp-content\/uploads\/2021\/05\/delivery-icon-12x12.png 12w\" sizes=\"auto, (max-width: 24px) 100vw, 24px\" \/><\/b> \u00a0<strong>1 \u2013 2 days<\/strong><\/span><\/p>","protected":false},"featured_media":8538,"comment_status":"open","ping_status":"closed","template":"","meta":[],"product_brand":[489],"product_cat":[112],"product_tag":[95,69,43,546],"class_list":{"0":"post-8528","1":"product","2":"type-product","3":"status-publish","4":"has-post-thumbnail","6":"product_brand-betafpv","7":"product_cat-whoop","8":"product_tag-1s","9":"product_tag-betafpv","10":"product_tag-hd","11":"product_tag-meteor-75-pro-o4","13":"first","14":"instock","15":"taxable","16":"shipping-taxable","17":"purchasable","18":"product-type-variable","19":"has-default-attributes"},"yoast_head":"<!-- This site is optimized with the Yoast SEO plugin v27.3 - https:\/\/yoast.com\/product\/yoast-seo-wordpress\/ -->\n<title>BETAFPV Meteor75 Pro O4 Brushless Whoop Quadcopter ELRS - 1dronas.lt<\/title>\n<meta name=\"robots\" content=\"index, follow, max-snippet:-1, max-image-preview:large, max-video-preview:-1\" \/>\n<link rel=\"canonical\" href=\"https:\/\/1dronas.lt\/en\/produktas\/betafpv-meteor75-pro-o4-brushless-whoop-quadcopter\/\" \/>\n<meta property=\"og:locale\" content=\"en_US\" \/>\n<meta property=\"og:type\" content=\"article\" \/>\n<meta property=\"og:title\" content=\"BETAFPV Meteor75 Pro O4 Brushless Whoop Quadcopter ELRS - 1dronas.lt\" \/>\n<meta property=\"og:description\" content=\"Meteor75 Pro O4 - Patirkite neprilygstam\u0105 stabilum\u0105 kiekvieno skryd\u017eio metu!   \u00a01 \u2013 2 d.d.\" \/>\n<meta property=\"og:url\" content=\"https:\/\/1dronas.lt\/en\/produktas\/betafpv-meteor75-pro-o4-brushless-whoop-quadcopter\/\" \/>\n<meta property=\"og:site_name\" content=\"1dronas.lt\" \/>\n<meta property=\"article:publisher\" content=\"https:\/\/www.facebook.com\/1dronas\/\" \/>\n<meta property=\"article:modified_time\" content=\"2026-03-03T04:15:48+00:00\" \/>\n<meta property=\"og:image\" content=\"https:\/\/1dronas.lt\/wp-content\/uploads\/2025\/03\/6391ace427ade714b70fb966024ae804_8be295ad-0a9a-48bd-87dc-5813a37dd6e0_1080x-min.jpg\" \/>\n\t<meta property=\"og:image:width\" content=\"1080\" \/>\n\t<meta property=\"og:image:height\" content=\"1080\" \/>\n\t<meta property=\"og:image:type\" content=\"image\/jpeg\" \/>\n<meta name=\"twitter:card\" content=\"summary_large_image\" \/>\n<meta name=\"twitter:label1\" content=\"Est. reading time\" \/>\n\t<meta name=\"twitter:data1\" content=\"5 minutes\" \/>\n<script type=\"application\/ld+json\" class=\"yoast-schema-graph\">{\"@context\":\"https:\\\/\\\/schema.org\",\"@graph\":[{\"@type\":\"WebPage\",\"@id\":\"https:\\\/\\\/1dronas.lt\\\/en\\\/produktas\\\/betafpv-meteor75-pro-o4-brushless-whoop-quadcopter\\\/\",\"url\":\"https:\\\/\\\/1dronas.lt\\\/en\\\/produktas\\\/betafpv-meteor75-pro-o4-brushless-whoop-quadcopter\\\/\",\"name\":\"BETAFPV Meteor75 Pro O4 Brushless Whoop Quadcopter ELRS - 1dronas.lt\",\"isPartOf\":{\"@id\":\"https:\\\/\\\/1dronas.lt\\\/en\\\/#website\"},\"primaryImageOfPage\":{\"@id\":\"https:\\\/\\\/1dronas.lt\\\/en\\\/produktas\\\/betafpv-meteor75-pro-o4-brushless-whoop-quadcopter\\\/#primaryimage\"},\"image\":{\"@id\":\"https:\\\/\\\/1dronas.lt\\\/en\\\/produktas\\\/betafpv-meteor75-pro-o4-brushless-whoop-quadcopter\\\/#primaryimage\"},\"thumbnailUrl\":\"https:\\\/\\\/1dronas.lt\\\/wp-content\\\/uploads\\\/2025\\\/03\\\/6391ace427ade714b70fb966024ae804_8be295ad-0a9a-48bd-87dc-5813a37dd6e0_1080x-min.jpg\",\"datePublished\":\"2025-03-13T21:48:06+00:00\",\"dateModified\":\"2026-03-03T04:15:48+00:00\",\"breadcrumb\":{\"@id\":\"https:\\\/\\\/1dronas.lt\\\/en\\\/produktas\\\/betafpv-meteor75-pro-o4-brushless-whoop-quadcopter\\\/#breadcrumb\"},\"inLanguage\":\"en-US\",\"potentialAction\":[{\"@type\":\"ReadAction\",\"target\":[\"https:\\\/\\\/1dronas.lt\\\/en\\\/produktas\\\/betafpv-meteor75-pro-o4-brushless-whoop-quadcopter\\\/\"]}]},{\"@type\":\"ImageObject\",\"inLanguage\":\"en-US\",\"@id\":\"https:\\\/\\\/1dronas.lt\\\/en\\\/produktas\\\/betafpv-meteor75-pro-o4-brushless-whoop-quadcopter\\\/#primaryimage\",\"url\":\"https:\\\/\\\/1dronas.lt\\\/wp-content\\\/uploads\\\/2025\\\/03\\\/6391ace427ade714b70fb966024ae804_8be295ad-0a9a-48bd-87dc-5813a37dd6e0_1080x-min.jpg\",\"contentUrl\":\"https:\\\/\\\/1dronas.lt\\\/wp-content\\\/uploads\\\/2025\\\/03\\\/6391ace427ade714b70fb966024ae804_8be295ad-0a9a-48bd-87dc-5813a37dd6e0_1080x-min.jpg\",\"width\":1080,\"height\":1080},{\"@type\":\"BreadcrumbList\",\"@id\":\"https:\\\/\\\/1dronas.lt\\\/en\\\/produktas\\\/betafpv-meteor75-pro-o4-brushless-whoop-quadcopter\\\/#breadcrumb\",\"itemListElement\":[{\"@type\":\"ListItem\",\"position\":1,\"name\":\"Home\",\"item\":\"https:\\\/\\\/1dronas.lt\\\/\"},{\"@type\":\"ListItem\",\"position\":2,\"name\":\"Parduotuv\u0117\",\"item\":\"https:\\\/\\\/1dronas.lt\\\/parduotuve\\\/\"},{\"@type\":\"ListItem\",\"position\":3,\"name\":\"BETAFPV Meteor75 Pro O4 Brushless Whoop Quadcopter ELRS\"}]},{\"@type\":\"WebSite\",\"@id\":\"https:\\\/\\\/1dronas.lt\\\/en\\\/#website\",\"url\":\"https:\\\/\\\/1dronas.lt\\\/en\\\/\",\"name\":\"1dronas.lt\",\"description\":\"Internetin\u0117 parduotuv\u0117\",\"publisher\":{\"@id\":\"https:\\\/\\\/1dronas.lt\\\/en\\\/#organization\"},\"potentialAction\":[{\"@type\":\"SearchAction\",\"target\":{\"@type\":\"EntryPoint\",\"urlTemplate\":\"https:\\\/\\\/1dronas.lt\\\/en\\\/?s={search_term_string}\"},\"query-input\":{\"@type\":\"PropertyValueSpecification\",\"valueRequired\":true,\"valueName\":\"search_term_string\"}}],\"inLanguage\":\"en-US\"},{\"@type\":\"Organization\",\"@id\":\"https:\\\/\\\/1dronas.lt\\\/en\\\/#organization\",\"name\":\"1dronas.lt\",\"url\":\"https:\\\/\\\/1dronas.lt\\\/en\\\/\",\"logo\":{\"@type\":\"ImageObject\",\"inLanguage\":\"en-US\",\"@id\":\"https:\\\/\\\/1dronas.lt\\\/en\\\/#\\\/schema\\\/logo\\\/image\\\/\",\"url\":\"https:\\\/\\\/1dronas.lt\\\/wp-content\\\/uploads\\\/2020\\\/12\\\/Ekrano_kopija__2_-removebg-preview-1-1.png\",\"contentUrl\":\"https:\\\/\\\/1dronas.lt\\\/wp-content\\\/uploads\\\/2020\\\/12\\\/Ekrano_kopija__2_-removebg-preview-1-1.png\",\"width\":234,\"height\":81,\"caption\":\"1dronas.lt\"},\"image\":{\"@id\":\"https:\\\/\\\/1dronas.lt\\\/en\\\/#\\\/schema\\\/logo\\\/image\\\/\"},\"sameAs\":[\"https:\\\/\\\/www.facebook.com\\\/1dronas\\\/\"]}]}<\/script>\n<!-- \/ Yoast SEO plugin. -->","yoast_head_json":{"title":"BETAFPV Meteor75 Pro O4 Brushless Whoop Quadcopter ELRS - 1dronas.lt","robots":{"index":"index","follow":"follow","max-snippet":"max-snippet:-1","max-image-preview":"max-image-preview:large","max-video-preview":"max-video-preview:-1"},"canonical":"https:\/\/1dronas.lt\/en\/produktas\/betafpv-meteor75-pro-o4-brushless-whoop-quadcopter\/","og_locale":"en_US","og_type":"article","og_title":"BETAFPV Meteor75 Pro O4 Brushless Whoop Quadcopter ELRS - 1dronas.lt","og_description":"Meteor75 Pro O4 - Patirkite neprilygstam\u0105 stabilum\u0105 kiekvieno skryd\u017eio metu!   \u00a01 \u2013 2 d.d.","og_url":"https:\/\/1dronas.lt\/en\/produktas\/betafpv-meteor75-pro-o4-brushless-whoop-quadcopter\/","og_site_name":"1dronas.lt","article_publisher":"https:\/\/www.facebook.com\/1dronas\/","article_modified_time":"2026-03-03T04:15:48+00:00","og_image":[{"width":1080,"height":1080,"url":"https:\/\/1dronas.lt\/wp-content\/uploads\/2025\/03\/6391ace427ade714b70fb966024ae804_8be295ad-0a9a-48bd-87dc-5813a37dd6e0_1080x-min.jpg","type":"image\/jpeg"}],"twitter_card":"summary_large_image","twitter_misc":{"Est. reading time":"5 minutes"},"schema":{"@context":"https:\/\/schema.org","@graph":[{"@type":"WebPage","@id":"https:\/\/1dronas.lt\/en\/produktas\/betafpv-meteor75-pro-o4-brushless-whoop-quadcopter\/","url":"https:\/\/1dronas.lt\/en\/produktas\/betafpv-meteor75-pro-o4-brushless-whoop-quadcopter\/","name":"BETAFPV Meteor75 Pro O4 Brushless Whoop Quadcopter ELRS - 1dronas.lt","isPartOf":{"@id":"https:\/\/1dronas.lt\/en\/#website"},"primaryImageOfPage":{"@id":"https:\/\/1dronas.lt\/en\/produktas\/betafpv-meteor75-pro-o4-brushless-whoop-quadcopter\/#primaryimage"},"image":{"@id":"https:\/\/1dronas.lt\/en\/produktas\/betafpv-meteor75-pro-o4-brushless-whoop-quadcopter\/#primaryimage"},"thumbnailUrl":"https:\/\/1dronas.lt\/wp-content\/uploads\/2025\/03\/6391ace427ade714b70fb966024ae804_8be295ad-0a9a-48bd-87dc-5813a37dd6e0_1080x-min.jpg","datePublished":"2025-03-13T21:48:06+00:00","dateModified":"2026-03-03T04:15:48+00:00","breadcrumb":{"@id":"https:\/\/1dronas.lt\/en\/produktas\/betafpv-meteor75-pro-o4-brushless-whoop-quadcopter\/#breadcrumb"},"inLanguage":"en-US","potentialAction":[{"@type":"ReadAction","target":["https:\/\/1dronas.lt\/en\/produktas\/betafpv-meteor75-pro-o4-brushless-whoop-quadcopter\/"]}]},{"@type":"ImageObject","inLanguage":"en-US","@id":"https:\/\/1dronas.lt\/en\/produktas\/betafpv-meteor75-pro-o4-brushless-whoop-quadcopter\/#primaryimage","url":"https:\/\/1dronas.lt\/wp-content\/uploads\/2025\/03\/6391ace427ade714b70fb966024ae804_8be295ad-0a9a-48bd-87dc-5813a37dd6e0_1080x-min.jpg","contentUrl":"https:\/\/1dronas.lt\/wp-content\/uploads\/2025\/03\/6391ace427ade714b70fb966024ae804_8be295ad-0a9a-48bd-87dc-5813a37dd6e0_1080x-min.jpg","width":1080,"height":1080},{"@type":"BreadcrumbList","@id":"https:\/\/1dronas.lt\/en\/produktas\/betafpv-meteor75-pro-o4-brushless-whoop-quadcopter\/#breadcrumb","itemListElement":[{"@type":"ListItem","position":1,"name":"Home","item":"https:\/\/1dronas.lt\/"},{"@type":"ListItem","position":2,"name":"Parduotuv\u0117","item":"https:\/\/1dronas.lt\/parduotuve\/"},{"@type":"ListItem","position":3,"name":"BETAFPV Meteor75 Pro O4 Brushless Whoop Quadcopter ELRS"}]},{"@type":"WebSite","@id":"https:\/\/1dronas.lt\/en\/#website","url":"https:\/\/1dronas.lt\/en\/","name":"1dronas.lt","description":"Online store","publisher":{"@id":"https:\/\/1dronas.lt\/en\/#organization"},"potentialAction":[{"@type":"SearchAction","target":{"@type":"EntryPoint","urlTemplate":"https:\/\/1dronas.lt\/en\/?s={search_term_string}"},"query-input":{"@type":"PropertyValueSpecification","valueRequired":true,"valueName":"search_term_string"}}],"inLanguage":"en-US"},{"@type":"Organization","@id":"https:\/\/1dronas.lt\/en\/#organization","name":"1dronas.lt","url":"https:\/\/1dronas.lt\/en\/","logo":{"@type":"ImageObject","inLanguage":"en-US","@id":"https:\/\/1dronas.lt\/en\/#\/schema\/logo\/image\/","url":"https:\/\/1dronas.lt\/wp-content\/uploads\/2020\/12\/Ekrano_kopija__2_-removebg-preview-1-1.png","contentUrl":"https:\/\/1dronas.lt\/wp-content\/uploads\/2020\/12\/Ekrano_kopija__2_-removebg-preview-1-1.png","width":234,"height":81,"caption":"1dronas.lt"},"image":{"@id":"https:\/\/1dronas.lt\/en\/#\/schema\/logo\/image\/"},"sameAs":["https:\/\/www.facebook.com\/1dronas\/"]}]}},"jetpack_sharing_enabled":true,"_links":{"self":[{"href":"https:\/\/1dronas.lt\/en\/wp-json\/wp\/v2\/product\/8528","targetHints":{"allow":["GET"]}}],"collection":[{"href":"https:\/\/1dronas.lt\/en\/wp-json\/wp\/v2\/product"}],"about":[{"href":"https:\/\/1dronas.lt\/en\/wp-json\/wp\/v2\/types\/product"}],"replies":[{"embeddable":true,"href":"https:\/\/1dronas.lt\/en\/wp-json\/wp\/v2\/comments?post=8528"}],"wp:featuredmedia":[{"embeddable":true,"href":"https:\/\/1dronas.lt\/en\/wp-json\/wp\/v2\/media\/8538"}],"wp:attachment":[{"href":"https:\/\/1dronas.lt\/en\/wp-json\/wp\/v2\/media?parent=8528"}],"wp:term":[{"taxonomy":"product_brand","embeddable":true,"href":"https:\/\/1dronas.lt\/en\/wp-json\/wp\/v2\/product_brand?post=8528"},{"taxonomy":"product_cat","embeddable":true,"href":"https:\/\/1dronas.lt\/en\/wp-json\/wp\/v2\/product_cat?post=8528"},{"taxonomy":"product_tag","embeddable":true,"href":"https:\/\/1dronas.lt\/en\/wp-json\/wp\/v2\/product_tag?post=8528"}],"curies":[{"name":"wp","href":"https:\/\/api.w.org\/{rel}","templated":true}]}}