{"id":8443,"date":"2025-03-05T09:55:17","date_gmt":"2025-03-05T09:55:17","guid":{"rendered":"https:\/\/1dronas.lt\/?post_type=product&#038;p=8443"},"modified":"2026-03-16T01:55:14","modified_gmt":"2026-03-15T23:55:14","slug":"betafpv-air-canopy","status":"publish","type":"product","link":"https:\/\/1dronas.lt\/en\/produktas\/betafpv-air-canopy\/","title":{"rendered":"BETAFPV Air Canopy"},"content":{"rendered":"<p>To improve the flying experience, DIY enthusiasts have consistently prioritized weight reduction to achieve the ultra-lightweight design of the 1S Whoop drones. That\u2019s why we\u2019ve created an ultra-light canopy weighing just 0.74g, which not only makes it easy to adjust the camera angle from 25\u00b0 to 50\u00b0, but also has antenna mounts built into the tail. If your goal is to optimize the functionality of the canopy while reducing weight to achieve a 65mm Whoop weighing less than 18g, this option is the best choice.<\/p>\n<p><img loading=\"lazy\" decoding=\"async\" class=\"alignnone size-full wp-image-8445\" src=\"https:\/\/1dronas.lt\/wp-content\/uploads\/2025\/03\/1_9900dd26-4070-4cd2-a84e-02e743cb3f09.webp\" alt=\"\" width=\"1600\" height=\"900\" srcset=\"https:\/\/1dronas.lt\/wp-content\/uploads\/2025\/03\/1_9900dd26-4070-4cd2-a84e-02e743cb3f09.webp 1600w, https:\/\/1dronas.lt\/wp-content\/uploads\/2025\/03\/1_9900dd26-4070-4cd2-a84e-02e743cb3f09-300x169.webp 300w, https:\/\/1dronas.lt\/wp-content\/uploads\/2025\/03\/1_9900dd26-4070-4cd2-a84e-02e743cb3f09-1024x576.webp 1024w, https:\/\/1dronas.lt\/wp-content\/uploads\/2025\/03\/1_9900dd26-4070-4cd2-a84e-02e743cb3f09-768x432.webp 768w, https:\/\/1dronas.lt\/wp-content\/uploads\/2025\/03\/1_9900dd26-4070-4cd2-a84e-02e743cb3f09-1536x864.webp 1536w, https:\/\/1dronas.lt\/wp-content\/uploads\/2025\/03\/1_9900dd26-4070-4cd2-a84e-02e743cb3f09-18x10.webp 18w, https:\/\/1dronas.lt\/wp-content\/uploads\/2025\/03\/1_9900dd26-4070-4cd2-a84e-02e743cb3f09-510x287.webp 510w\" sizes=\"auto, (max-width: 1600px) 100vw, 1600px\" \/><strong>Features:<\/strong><\/p>\n<p><strong>\u2022<\/strong> Weighing just 0.74g, the canopy features a simple yet durable design that makes installation easy. This canopy is the go-to choice for ultra-lightweight small whoop drones.<br \/>\n<strong>\u2022\u00a0<\/strong>The hollow structure reorganizes the installation space and accommodates a range of micro and nano-sized analog and HD digital cameras, which are in high demand in the market.<br \/>\n<strong>\u2022\u00a0<\/strong>The 4 antenna mounts on the drone&#039;s tail allow for smooth camera angle adjustment, offering a versatile range from 25\u00b0 to 50\u00b0 for optimal image capture.<\/p>\n<p><strong>Specification:<br \/>\n<\/strong><\/p>\n<p><strong>\u2022 <\/strong>Product: Air Canopy;<br \/>\n<strong>\u2022\u00a0<\/strong>Material: PP;<br \/>\n<strong>\u2022\u00a0<\/strong>Camera tilt angle: 25\u00b0 ~ 50\u00b0 (adjustable);<br \/>\n<strong>\u2022\u00a0<\/strong>Weight: 0.74 g (including one camera fixed screw);<br \/>\n<strong>\u2022\u00a0<\/strong>Color: black.<\/p>\n<p><img loading=\"lazy\" decoding=\"async\" class=\"alignnone size-full wp-image-8449\" src=\"https:\/\/1dronas.lt\/wp-content\/uploads\/2025\/03\/f7d7c897f798fc44c391847188c3ac79_296f1939-9586-4f6f-9f96-eb47833796ff_600x600.webp\" alt=\"\" width=\"600\" height=\"482\" srcset=\"https:\/\/1dronas.lt\/wp-content\/uploads\/2025\/03\/f7d7c897f798fc44c391847188c3ac79_296f1939-9586-4f6f-9f96-eb47833796ff_600x600.webp 600w, https:\/\/1dronas.lt\/wp-content\/uploads\/2025\/03\/f7d7c897f798fc44c391847188c3ac79_296f1939-9586-4f6f-9f96-eb47833796ff_600x600-300x241.webp 300w, https:\/\/1dronas.lt\/wp-content\/uploads\/2025\/03\/f7d7c897f798fc44c391847188c3ac79_296f1939-9586-4f6f-9f96-eb47833796ff_600x600-15x12.webp 15w, https:\/\/1dronas.lt\/wp-content\/uploads\/2025\/03\/f7d7c897f798fc44c391847188c3ac79_296f1939-9586-4f6f-9f96-eb47833796ff_600x600-510x410.webp 510w\" sizes=\"auto, (max-width: 600px) 100vw, 600px\" \/><\/p>\n<p><strong>More compatibility<\/strong><\/p>\n<p>The Air Canopy&#039;s exceptional compatibility makes it an ideal choice for building or upgrading ultra-lightweight drones with an HD digital VTX or analog VTX. This hollow design reshapes the mounting space and accommodates a range of Micro and Nano analog and HD digital cameras. As a result, the Air Canopy fully supports the C03 camera, C02 camera, Avatar HD Lite camera, ANT Lite camera and other cameras with a lens diameter of 9-10mm.<\/p>\n<p><img loading=\"lazy\" decoding=\"async\" class=\"alignnone size-full wp-image-8446\" src=\"https:\/\/1dronas.lt\/wp-content\/uploads\/2025\/03\/2_22c08d86-8719-4bba-965d-9c920a483ac0_1024x1024.webp\" alt=\"\" width=\"1024\" height=\"576\" srcset=\"https:\/\/1dronas.lt\/wp-content\/uploads\/2025\/03\/2_22c08d86-8719-4bba-965d-9c920a483ac0_1024x1024.webp 1024w, https:\/\/1dronas.lt\/wp-content\/uploads\/2025\/03\/2_22c08d86-8719-4bba-965d-9c920a483ac0_1024x1024-300x169.webp 300w, https:\/\/1dronas.lt\/wp-content\/uploads\/2025\/03\/2_22c08d86-8719-4bba-965d-9c920a483ac0_1024x1024-768x432.webp 768w, https:\/\/1dronas.lt\/wp-content\/uploads\/2025\/03\/2_22c08d86-8719-4bba-965d-9c920a483ac0_1024x1024-18x10.webp 18w, https:\/\/1dronas.lt\/wp-content\/uploads\/2025\/03\/2_22c08d86-8719-4bba-965d-9c920a483ac0_1024x1024-510x287.webp 510w\" sizes=\"auto, (max-width: 1024px) 100vw, 1024px\" \/><br \/>\n<span style=\"font-size: 95%;\"><em>Note: The Air Canopy does not support the installation of the M03 VTX and does not have a dedicated mounting location for it.<\/em><\/span><\/p>\n<p><strong>Recommended parts:<\/strong><\/p>\n<p><strong>\u2022 <\/strong>Camera: C03 camera, C02 camera, Avatar HD Lite camera, ANT Lite camera and other cameras with a lens diameter of 9-10mm<br \/>\n<strong>\u2022 <\/strong>Frame: Air65 Brushless Whoop Frame, Air75 Brushless Whoop Frame, Meteor65, Meteor65 Pro, Meteor75, Meteor75 Pro, Meteor85, Beta65S.<\/p>\n<p><strong>Package:<\/strong><\/p>\n<p>1x Air Canopy<br \/>\n2x M1.4\u00d75 screws<br \/>\n5x M1.4\u00d74 screws<\/p>\n<p><img loading=\"lazy\" decoding=\"async\" class=\"alignnone size-full wp-image-8451\" src=\"https:\/\/1dronas.lt\/wp-content\/uploads\/2025\/03\/3f89305fb1dabad87b9b93324e3c25cd_994389c3-ee44-4bc8-8392-f121af4ba7ae_480x480.webp\" alt=\"\" width=\"480\" height=\"422\" srcset=\"https:\/\/1dronas.lt\/wp-content\/uploads\/2025\/03\/3f89305fb1dabad87b9b93324e3c25cd_994389c3-ee44-4bc8-8392-f121af4ba7ae_480x480.webp 480w, https:\/\/1dronas.lt\/wp-content\/uploads\/2025\/03\/3f89305fb1dabad87b9b93324e3c25cd_994389c3-ee44-4bc8-8392-f121af4ba7ae_480x480-300x264.webp 300w, https:\/\/1dronas.lt\/wp-content\/uploads\/2025\/03\/3f89305fb1dabad87b9b93324e3c25cd_994389c3-ee44-4bc8-8392-f121af4ba7ae_480x480-14x12.webp 14w\" sizes=\"auto, (max-width: 480px) 100vw, 480px\" \/><\/p>","protected":false},"excerpt":{"rendered":"<p><span style=\"color: #282828;\">Weighing just 0.74 g, the canopy features a simple yet durable design that makes installation easy.<\/span><\/p>\n<p><span style=\"color: #282828; font-size: 90%;\"><strong><img loading=\"lazy\" decoding=\"async\" class=\"alignnone wp-image-1806\" src=\"https:\/\/1dronas.lt\/wp-content\/uploads\/2021\/05\/delivery-icon.png.webp\" alt=\"\" width=\"24\" height=\"24\" srcset=\"https:\/\/1dronas.lt\/wp-content\/uploads\/2021\/05\/delivery-icon.png 35w, https:\/\/1dronas.lt\/wp-content\/uploads\/2021\/05\/delivery-icon-12x12.png 12w\" sizes=\"auto, (max-width: 24px) 100vw, 24px\" \/>\u00a0\u00a01 \u2013 2 days<\/strong><\/span><\/p>","protected":false},"featured_media":13163,"comment_status":"open","ping_status":"closed","template":"","meta":[],"product_brand":[489],"product_cat":[689],"product_tag":[422,444,69,349,248],"class_list":{"0":"post-8443","1":"product","2":"type-product","3":"status-publish","4":"has-post-thumbnail","6":"product_brand-betafpv","7":"product_cat-stogeliai","8":"product_tag-air65","9":"product_tag-air75","10":"product_tag-betafpv","11":"product_tag-canopy","12":"product_tag-remas","14":"first","15":"outofstock","16":"taxable","17":"shipping-taxable","18":"product-type-variable","19":"has-default-attributes"},"yoast_head":"<!-- This site is optimized with the Yoast SEO plugin v27.4 - https:\/\/yoast.com\/product\/yoast-seo-wordpress\/ -->\n<title>BETAFPV Air Canopy - 1dronas.lt<\/title>\n<meta name=\"robots\" content=\"index, follow, max-snippet:-1, max-image-preview:large, max-video-preview:-1\" \/>\n<link rel=\"canonical\" href=\"https:\/\/1dronas.lt\/en\/produktas\/betafpv-air-canopy\/\" \/>\n<meta property=\"og:locale\" content=\"en_US\" \/>\n<meta property=\"og:type\" content=\"article\" \/>\n<meta property=\"og:title\" content=\"BETAFPV Air Canopy - 1dronas.lt\" \/>\n<meta property=\"og:description\" content=\"Vos 0,74 g sveriantis stogelis pasi\u017eymi paprasta, ta\u010diau patvaria konstrukcija, kuri palengvina montavim\u0105.  \u00a0\u00a01 \u2013 2 d. d.\" \/>\n<meta property=\"og:url\" content=\"https:\/\/1dronas.lt\/en\/produktas\/betafpv-air-canopy\/\" \/>\n<meta property=\"og:site_name\" content=\"1dronas.lt\" \/>\n<meta property=\"article:publisher\" content=\"https:\/\/www.facebook.com\/1dronas\/\" \/>\n<meta property=\"article:modified_time\" content=\"2026-03-15T23:55:14+00:00\" \/>\n<meta property=\"og:image\" content=\"https:\/\/1dronas.lt\/wp-content\/uploads\/2025\/11\/16fb5f70b0f1680394e34a71eeeb37ab_1080x-min.jpg\" \/>\n\t<meta property=\"og:image:width\" content=\"1080\" \/>\n\t<meta property=\"og:image:height\" content=\"1080\" \/>\n\t<meta property=\"og:image:type\" content=\"image\/jpeg\" \/>\n<meta name=\"twitter:card\" content=\"summary_large_image\" \/>\n<meta name=\"twitter:label1\" content=\"Est. reading time\" \/>\n\t<meta name=\"twitter:data1\" content=\"3 minutes\" \/>\n<script type=\"application\/ld+json\" class=\"yoast-schema-graph\">{\"@context\":\"https:\\\/\\\/schema.org\",\"@graph\":[{\"@type\":\"WebPage\",\"@id\":\"https:\\\/\\\/1dronas.lt\\\/en\\\/produktas\\\/betafpv-air-canopy\\\/\",\"url\":\"https:\\\/\\\/1dronas.lt\\\/en\\\/produktas\\\/betafpv-air-canopy\\\/\",\"name\":\"BETAFPV Air Canopy - 1dronas.lt\",\"isPartOf\":{\"@id\":\"https:\\\/\\\/1dronas.lt\\\/en\\\/#website\"},\"primaryImageOfPage\":{\"@id\":\"https:\\\/\\\/1dronas.lt\\\/en\\\/produktas\\\/betafpv-air-canopy\\\/#primaryimage\"},\"image\":{\"@id\":\"https:\\\/\\\/1dronas.lt\\\/en\\\/produktas\\\/betafpv-air-canopy\\\/#primaryimage\"},\"thumbnailUrl\":\"https:\\\/\\\/1dronas.lt\\\/wp-content\\\/uploads\\\/2025\\\/11\\\/16fb5f70b0f1680394e34a71eeeb37ab_1080x-min.jpg\",\"datePublished\":\"2025-03-05T09:55:17+00:00\",\"dateModified\":\"2026-03-15T23:55:14+00:00\",\"breadcrumb\":{\"@id\":\"https:\\\/\\\/1dronas.lt\\\/en\\\/produktas\\\/betafpv-air-canopy\\\/#breadcrumb\"},\"inLanguage\":\"en-US\",\"potentialAction\":[{\"@type\":\"ReadAction\",\"target\":[\"https:\\\/\\\/1dronas.lt\\\/en\\\/produktas\\\/betafpv-air-canopy\\\/\"]}]},{\"@type\":\"ImageObject\",\"inLanguage\":\"en-US\",\"@id\":\"https:\\\/\\\/1dronas.lt\\\/en\\\/produktas\\\/betafpv-air-canopy\\\/#primaryimage\",\"url\":\"https:\\\/\\\/1dronas.lt\\\/wp-content\\\/uploads\\\/2025\\\/11\\\/16fb5f70b0f1680394e34a71eeeb37ab_1080x-min.jpg\",\"contentUrl\":\"https:\\\/\\\/1dronas.lt\\\/wp-content\\\/uploads\\\/2025\\\/11\\\/16fb5f70b0f1680394e34a71eeeb37ab_1080x-min.jpg\",\"width\":1080,\"height\":1080},{\"@type\":\"BreadcrumbList\",\"@id\":\"https:\\\/\\\/1dronas.lt\\\/en\\\/produktas\\\/betafpv-air-canopy\\\/#breadcrumb\",\"itemListElement\":[{\"@type\":\"ListItem\",\"position\":1,\"name\":\"Home\",\"item\":\"https:\\\/\\\/1dronas.lt\\\/\"},{\"@type\":\"ListItem\",\"position\":2,\"name\":\"Parduotuv\u0117\",\"item\":\"https:\\\/\\\/1dronas.lt\\\/parduotuve\\\/\"},{\"@type\":\"ListItem\",\"position\":3,\"name\":\"BETAFPV Air Canopy\"}]},{\"@type\":\"WebSite\",\"@id\":\"https:\\\/\\\/1dronas.lt\\\/en\\\/#website\",\"url\":\"https:\\\/\\\/1dronas.lt\\\/en\\\/\",\"name\":\"1dronas.lt\",\"description\":\"Internetin\u0117 parduotuv\u0117\",\"publisher\":{\"@id\":\"https:\\\/\\\/1dronas.lt\\\/en\\\/#organization\"},\"potentialAction\":[{\"@type\":\"SearchAction\",\"target\":{\"@type\":\"EntryPoint\",\"urlTemplate\":\"https:\\\/\\\/1dronas.lt\\\/en\\\/?s={search_term_string}\"},\"query-input\":{\"@type\":\"PropertyValueSpecification\",\"valueRequired\":true,\"valueName\":\"search_term_string\"}}],\"inLanguage\":\"en-US\"},{\"@type\":\"Organization\",\"@id\":\"https:\\\/\\\/1dronas.lt\\\/en\\\/#organization\",\"name\":\"1dronas.lt\",\"url\":\"https:\\\/\\\/1dronas.lt\\\/en\\\/\",\"logo\":{\"@type\":\"ImageObject\",\"inLanguage\":\"en-US\",\"@id\":\"https:\\\/\\\/1dronas.lt\\\/en\\\/#\\\/schema\\\/logo\\\/image\\\/\",\"url\":\"https:\\\/\\\/1dronas.lt\\\/wp-content\\\/uploads\\\/2020\\\/12\\\/Ekrano_kopija__2_-removebg-preview-1-1.png\",\"contentUrl\":\"https:\\\/\\\/1dronas.lt\\\/wp-content\\\/uploads\\\/2020\\\/12\\\/Ekrano_kopija__2_-removebg-preview-1-1.png\",\"width\":234,\"height\":81,\"caption\":\"1dronas.lt\"},\"image\":{\"@id\":\"https:\\\/\\\/1dronas.lt\\\/en\\\/#\\\/schema\\\/logo\\\/image\\\/\"},\"sameAs\":[\"https:\\\/\\\/www.facebook.com\\\/1dronas\\\/\"]}]}<\/script>\n<!-- \/ Yoast SEO plugin. -->","yoast_head_json":{"title":"BETAFPV Air Canopy - 1dronas.lt","robots":{"index":"index","follow":"follow","max-snippet":"max-snippet:-1","max-image-preview":"max-image-preview:large","max-video-preview":"max-video-preview:-1"},"canonical":"https:\/\/1dronas.lt\/en\/produktas\/betafpv-air-canopy\/","og_locale":"en_US","og_type":"article","og_title":"BETAFPV Air Canopy - 1dronas.lt","og_description":"Vos 0,74 g sveriantis stogelis pasi\u017eymi paprasta, ta\u010diau patvaria konstrukcija, kuri palengvina montavim\u0105.  \u00a0\u00a01 \u2013 2 d. d.","og_url":"https:\/\/1dronas.lt\/en\/produktas\/betafpv-air-canopy\/","og_site_name":"1dronas.lt","article_publisher":"https:\/\/www.facebook.com\/1dronas\/","article_modified_time":"2026-03-15T23:55:14+00:00","og_image":[{"width":1080,"height":1080,"url":"https:\/\/1dronas.lt\/wp-content\/uploads\/2025\/11\/16fb5f70b0f1680394e34a71eeeb37ab_1080x-min.jpg","type":"image\/jpeg"}],"twitter_card":"summary_large_image","twitter_misc":{"Est. reading time":"3 minutes"},"schema":{"@context":"https:\/\/schema.org","@graph":[{"@type":"WebPage","@id":"https:\/\/1dronas.lt\/en\/produktas\/betafpv-air-canopy\/","url":"https:\/\/1dronas.lt\/en\/produktas\/betafpv-air-canopy\/","name":"BETAFPV Air Canopy - 1dronas.lt","isPartOf":{"@id":"https:\/\/1dronas.lt\/en\/#website"},"primaryImageOfPage":{"@id":"https:\/\/1dronas.lt\/en\/produktas\/betafpv-air-canopy\/#primaryimage"},"image":{"@id":"https:\/\/1dronas.lt\/en\/produktas\/betafpv-air-canopy\/#primaryimage"},"thumbnailUrl":"https:\/\/1dronas.lt\/wp-content\/uploads\/2025\/11\/16fb5f70b0f1680394e34a71eeeb37ab_1080x-min.jpg","datePublished":"2025-03-05T09:55:17+00:00","dateModified":"2026-03-15T23:55:14+00:00","breadcrumb":{"@id":"https:\/\/1dronas.lt\/en\/produktas\/betafpv-air-canopy\/#breadcrumb"},"inLanguage":"en-US","potentialAction":[{"@type":"ReadAction","target":["https:\/\/1dronas.lt\/en\/produktas\/betafpv-air-canopy\/"]}]},{"@type":"ImageObject","inLanguage":"en-US","@id":"https:\/\/1dronas.lt\/en\/produktas\/betafpv-air-canopy\/#primaryimage","url":"https:\/\/1dronas.lt\/wp-content\/uploads\/2025\/11\/16fb5f70b0f1680394e34a71eeeb37ab_1080x-min.jpg","contentUrl":"https:\/\/1dronas.lt\/wp-content\/uploads\/2025\/11\/16fb5f70b0f1680394e34a71eeeb37ab_1080x-min.jpg","width":1080,"height":1080},{"@type":"BreadcrumbList","@id":"https:\/\/1dronas.lt\/en\/produktas\/betafpv-air-canopy\/#breadcrumb","itemListElement":[{"@type":"ListItem","position":1,"name":"Home","item":"https:\/\/1dronas.lt\/"},{"@type":"ListItem","position":2,"name":"Parduotuv\u0117","item":"https:\/\/1dronas.lt\/parduotuve\/"},{"@type":"ListItem","position":3,"name":"BETAFPV Air Canopy"}]},{"@type":"WebSite","@id":"https:\/\/1dronas.lt\/en\/#website","url":"https:\/\/1dronas.lt\/en\/","name":"1dronas.lt","description":"Online store","publisher":{"@id":"https:\/\/1dronas.lt\/en\/#organization"},"potentialAction":[{"@type":"SearchAction","target":{"@type":"EntryPoint","urlTemplate":"https:\/\/1dronas.lt\/en\/?s={search_term_string}"},"query-input":{"@type":"PropertyValueSpecification","valueRequired":true,"valueName":"search_term_string"}}],"inLanguage":"en-US"},{"@type":"Organization","@id":"https:\/\/1dronas.lt\/en\/#organization","name":"1dronas.lt","url":"https:\/\/1dronas.lt\/en\/","logo":{"@type":"ImageObject","inLanguage":"en-US","@id":"https:\/\/1dronas.lt\/en\/#\/schema\/logo\/image\/","url":"https:\/\/1dronas.lt\/wp-content\/uploads\/2020\/12\/Ekrano_kopija__2_-removebg-preview-1-1.png","contentUrl":"https:\/\/1dronas.lt\/wp-content\/uploads\/2020\/12\/Ekrano_kopija__2_-removebg-preview-1-1.png","width":234,"height":81,"caption":"1dronas.lt"},"image":{"@id":"https:\/\/1dronas.lt\/en\/#\/schema\/logo\/image\/"},"sameAs":["https:\/\/www.facebook.com\/1dronas\/"]}]}},"jetpack_sharing_enabled":true,"_links":{"self":[{"href":"https:\/\/1dronas.lt\/en\/wp-json\/wp\/v2\/product\/8443","targetHints":{"allow":["GET"]}}],"collection":[{"href":"https:\/\/1dronas.lt\/en\/wp-json\/wp\/v2\/product"}],"about":[{"href":"https:\/\/1dronas.lt\/en\/wp-json\/wp\/v2\/types\/product"}],"replies":[{"embeddable":true,"href":"https:\/\/1dronas.lt\/en\/wp-json\/wp\/v2\/comments?post=8443"}],"wp:featuredmedia":[{"embeddable":true,"href":"https:\/\/1dronas.lt\/en\/wp-json\/wp\/v2\/media\/13163"}],"wp:attachment":[{"href":"https:\/\/1dronas.lt\/en\/wp-json\/wp\/v2\/media?parent=8443"}],"wp:term":[{"taxonomy":"product_brand","embeddable":true,"href":"https:\/\/1dronas.lt\/en\/wp-json\/wp\/v2\/product_brand?post=8443"},{"taxonomy":"product_cat","embeddable":true,"href":"https:\/\/1dronas.lt\/en\/wp-json\/wp\/v2\/product_cat?post=8443"},{"taxonomy":"product_tag","embeddable":true,"href":"https:\/\/1dronas.lt\/en\/wp-json\/wp\/v2\/product_tag?post=8443"}],"curies":[{"name":"wp","href":"https:\/\/api.w.org\/{rel}","templated":true}]}}