{"id":8307,"date":"2025-02-25T19:57:17","date_gmt":"2025-02-25T19:57:17","guid":{"rendered":"https:\/\/1dronas.lt\/?post_type=product&#038;p=8307"},"modified":"2026-04-09T09:39:27","modified_gmt":"2026-04-09T06:39:27","slug":"radiomaster-rp4td-expresslrs-2-4ghz-true-diversity-receiver","status":"publish","type":"product","link":"https:\/\/1dronas.lt\/en\/produktas\/radiomaster-rp4td-expresslrs-2-4ghz-true-diversity-receiver\/","title":{"rendered":"Radiomaster RP4TD ExpressLRS 2.4GHz True Diversity Receiver"},"content":{"rendered":"<p data-start=\"0\" data-end=\"403\">Featuring dual-channel 2.4GHz radio communication, the RP4TD features high signal sensitivity, better signal-to-noise ratio, and overall performance. The reliable DCDC power supply circuit ensures lower operating temperature even during long-term use. In addition, the dual TCXO ensures exceptional frequency stability, making the RP4TD a leader in its class.<\/p>\n<p data-start=\"405\" data-end=\"589\">The RP4TD has built-in WiFi, so you can wirelessly update software and configure the receiver via the integrated WebUI using a computer or mobile phone.<\/p>\n<p data-start=\"591\" data-end=\"733\" data-is-last-node=\"\" data-is-only-node=\"\">Suitable for use in drones and fixed-wing models, this receiver can be installed almost anywhere a serial receiver is needed!<\/p>\n<p data-start=\"591\" data-end=\"733\" data-is-last-node=\"\" data-is-only-node=\"\"><img loading=\"lazy\" decoding=\"async\" class=\"alignnone wp-image-8309 size-full\" src=\"https:\/\/1dronas.lt\/wp-content\/uploads\/2025\/02\/RP4TD-Details-PC_01_2f95634a-c6e2-4d48-b3bb-b74d41814bf1_1024x1024-min.jpg\" alt=\"\" width=\"1024\" height=\"575\" srcset=\"https:\/\/1dronas.lt\/wp-content\/uploads\/2025\/02\/RP4TD-Details-PC_01_2f95634a-c6e2-4d48-b3bb-b74d41814bf1_1024x1024-min.jpg 1024w, https:\/\/1dronas.lt\/wp-content\/uploads\/2025\/02\/RP4TD-Details-PC_01_2f95634a-c6e2-4d48-b3bb-b74d41814bf1_1024x1024-min-300x168.jpg 300w, https:\/\/1dronas.lt\/wp-content\/uploads\/2025\/02\/RP4TD-Details-PC_01_2f95634a-c6e2-4d48-b3bb-b74d41814bf1_1024x1024-min-768x431.jpg 768w, https:\/\/1dronas.lt\/wp-content\/uploads\/2025\/02\/RP4TD-Details-PC_01_2f95634a-c6e2-4d48-b3bb-b74d41814bf1_1024x1024-min-18x10.jpg 18w, https:\/\/1dronas.lt\/wp-content\/uploads\/2025\/02\/RP4TD-Details-PC_01_2f95634a-c6e2-4d48-b3bb-b74d41814bf1_1024x1024-min-510x286.jpg 510w\" sizes=\"auto, (max-width: 1024px) 100vw, 1024px\" \/><\/p>\n<p data-start=\"591\" data-end=\"733\" data-is-last-node=\"\" data-is-only-node=\"\"><strong>Features:<\/strong><\/p>\n<p>\u2022 Compatible with Gemini mode;<br \/>\n\u2022 Reliable DCDC power supply circuit;<br \/>\n\u2022 Top-class SNR and RSSI performance;<br \/>\n\u2022 Optimized PCB design for better heat dissipation;<br \/>\n\u2022 Updated antenna with greater durability and better performance;<br \/>\n\u2022 UART contacts for additional applications;<br \/>\n\u2022 Dual TCXO (temperature-controlled crystal oscillator);<br \/>\n\u2022 2\u00d7 100mW RF telemetry power output;<br \/>\n\u2022 Compatible with all 2.4GHz ExpressLRS modules and transmitters with integrated 2.4GHz ExpressLRS.<\/p>\n<p><strong>Specification:<\/strong><\/p>\n<p>\u2022 Item: RP4TD ExpressLRS 2.4GHz dual antenna receiver;<br \/>\n\u2022 Type: ISM;<br \/>\n\u2022 Microcontroller (MCU): ESP32;<br \/>\n\u2022 RF chip: SX1281 \u00d7 2;<br \/>\n\u2022 Antenna: 65mm 2.4GHz T-type antenna \u00d7 2;<br \/>\n\u2022 Frequency range: 2.4GHz;<br \/>\n\u2022 Maximum refresh rate: 500Hz \/ F1000Hz;<br \/>\n\u2022 Telemetry RF power: Max. 2\u00d7 100mW;<br \/>\n\u2022 Operating voltage: DC 4.5-12.0V;<br \/>\n\u2022 Weight: 1.4g (without antenna);<br \/>\n\u2022 Dimensions: 23.7 \u00d7 16.3 \u00d7 4.0 mm;<br \/>\n\u2022 Software version: ExpressLRS V3.3.0 (pre-installed);<br \/>\n\u2022 Firmware target: RadioMaster RP4TD 2400 RX;<br \/>\n\u2022 Interface: CRSF;<br \/>\n\u2022 Additional interface: UART.<\/p>\n<p><img loading=\"lazy\" decoding=\"async\" class=\"alignnone wp-image-8314 size-full\" src=\"https:\/\/1dronas.lt\/wp-content\/uploads\/2025\/02\/RP4TD-Details-PC_06_600x600-min.jpg\" alt=\"\" width=\"600\" height=\"337\" srcset=\"https:\/\/1dronas.lt\/wp-content\/uploads\/2025\/02\/RP4TD-Details-PC_06_600x600-min.jpg 600w, https:\/\/1dronas.lt\/wp-content\/uploads\/2025\/02\/RP4TD-Details-PC_06_600x600-min-300x169.jpg 300w, https:\/\/1dronas.lt\/wp-content\/uploads\/2025\/02\/RP4TD-Details-PC_06_600x600-min-18x10.jpg 18w, https:\/\/1dronas.lt\/wp-content\/uploads\/2025\/02\/RP4TD-Details-PC_06_600x600-min-510x286.jpg 510w\" sizes=\"auto, (max-width: 600px) 100vw, 600px\" \/><\/p>\n<p data-start=\"0\" data-end=\"74\"><strong data-start=\"4\" data-end=\"72\">Dual TCXO (Temperature Compensated Crystal Oscillator)<\/strong><\/p>\n<p data-start=\"76\" data-end=\"288\">The TCXO provides high stability and accuracy in frequency control by compensating for temperature fluctuations. This allows you to maintain consistent and reliable signal reception even under extreme temperature conditions.<\/p>\n<p data-start=\"290\" data-end=\"579\" data-is-last-node=\"\" data-is-only-node=\"\">In addition, the TCXO reduces frequency drift over time, ensuring long-term frequency stability and protecting against signal degradation. Testing has shown that dual TCXOs provide even greater benefits in a real dual-antenna receiver system.<\/p>\n<p data-start=\"290\" data-end=\"579\" data-is-last-node=\"\" data-is-only-node=\"\"><img loading=\"lazy\" decoding=\"async\" class=\"alignnone wp-image-8310 size-full\" src=\"https:\/\/1dronas.lt\/wp-content\/uploads\/2025\/02\/RP4TD-Details-PC_02_cf38f3e4-00d5-4e20-a619-197eadb4575e-min.jpg\" alt=\"\" width=\"1024\" height=\"575\" srcset=\"https:\/\/1dronas.lt\/wp-content\/uploads\/2025\/02\/RP4TD-Details-PC_02_cf38f3e4-00d5-4e20-a619-197eadb4575e-min.jpg 1024w, https:\/\/1dronas.lt\/wp-content\/uploads\/2025\/02\/RP4TD-Details-PC_02_cf38f3e4-00d5-4e20-a619-197eadb4575e-min-300x168.jpg 300w, https:\/\/1dronas.lt\/wp-content\/uploads\/2025\/02\/RP4TD-Details-PC_02_cf38f3e4-00d5-4e20-a619-197eadb4575e-min-768x431.jpg 768w, https:\/\/1dronas.lt\/wp-content\/uploads\/2025\/02\/RP4TD-Details-PC_02_cf38f3e4-00d5-4e20-a619-197eadb4575e-min-18x10.jpg 18w, https:\/\/1dronas.lt\/wp-content\/uploads\/2025\/02\/RP4TD-Details-PC_02_cf38f3e4-00d5-4e20-a619-197eadb4575e-min-510x286.jpg 510w\" sizes=\"auto, (max-width: 1024px) 100vw, 1024px\" \/><br \/>\n<img loading=\"lazy\" decoding=\"async\" class=\"alignnone wp-image-8311 size-full\" src=\"https:\/\/1dronas.lt\/wp-content\/uploads\/2025\/02\/RP4TD-Details-PC_03_1024x1024-min.jpg\" alt=\"\" width=\"1024\" height=\"575\" srcset=\"https:\/\/1dronas.lt\/wp-content\/uploads\/2025\/02\/RP4TD-Details-PC_03_1024x1024-min.jpg 1024w, https:\/\/1dronas.lt\/wp-content\/uploads\/2025\/02\/RP4TD-Details-PC_03_1024x1024-min-300x168.jpg 300w, https:\/\/1dronas.lt\/wp-content\/uploads\/2025\/02\/RP4TD-Details-PC_03_1024x1024-min-768x431.jpg 768w, https:\/\/1dronas.lt\/wp-content\/uploads\/2025\/02\/RP4TD-Details-PC_03_1024x1024-min-18x10.jpg 18w, https:\/\/1dronas.lt\/wp-content\/uploads\/2025\/02\/RP4TD-Details-PC_03_1024x1024-min-510x286.jpg 510w\" sizes=\"auto, (max-width: 1024px) 100vw, 1024px\" \/><br \/>\n<img loading=\"lazy\" decoding=\"async\" class=\"alignnone wp-image-8312 size-full\" src=\"https:\/\/1dronas.lt\/wp-content\/uploads\/2025\/02\/RP4TD-Details-PC_04_1024x1024-min.jpg\" alt=\"\" width=\"1024\" height=\"575\" srcset=\"https:\/\/1dronas.lt\/wp-content\/uploads\/2025\/02\/RP4TD-Details-PC_04_1024x1024-min.jpg 1024w, https:\/\/1dronas.lt\/wp-content\/uploads\/2025\/02\/RP4TD-Details-PC_04_1024x1024-min-300x168.jpg 300w, https:\/\/1dronas.lt\/wp-content\/uploads\/2025\/02\/RP4TD-Details-PC_04_1024x1024-min-768x431.jpg 768w, https:\/\/1dronas.lt\/wp-content\/uploads\/2025\/02\/RP4TD-Details-PC_04_1024x1024-min-18x10.jpg 18w, https:\/\/1dronas.lt\/wp-content\/uploads\/2025\/02\/RP4TD-Details-PC_04_1024x1024-min-510x286.jpg 510w\" sizes=\"auto, (max-width: 1024px) 100vw, 1024px\" \/><br \/>\n<img loading=\"lazy\" decoding=\"async\" class=\"alignnone wp-image-8313 size-full\" src=\"https:\/\/1dronas.lt\/wp-content\/uploads\/2025\/02\/RP4TD-Details-PC_05_1f7b7987-cb20-4c73-880a-6924964bcc84_1024x1024-min.jpg\" alt=\"\" width=\"1024\" height=\"575\" srcset=\"https:\/\/1dronas.lt\/wp-content\/uploads\/2025\/02\/RP4TD-Details-PC_05_1f7b7987-cb20-4c73-880a-6924964bcc84_1024x1024-min.jpg 1024w, https:\/\/1dronas.lt\/wp-content\/uploads\/2025\/02\/RP4TD-Details-PC_05_1f7b7987-cb20-4c73-880a-6924964bcc84_1024x1024-min-300x168.jpg 300w, https:\/\/1dronas.lt\/wp-content\/uploads\/2025\/02\/RP4TD-Details-PC_05_1f7b7987-cb20-4c73-880a-6924964bcc84_1024x1024-min-768x431.jpg 768w, https:\/\/1dronas.lt\/wp-content\/uploads\/2025\/02\/RP4TD-Details-PC_05_1f7b7987-cb20-4c73-880a-6924964bcc84_1024x1024-min-18x10.jpg 18w, https:\/\/1dronas.lt\/wp-content\/uploads\/2025\/02\/RP4TD-Details-PC_05_1f7b7987-cb20-4c73-880a-6924964bcc84_1024x1024-min-510x286.jpg 510w\" sizes=\"auto, (max-width: 1024px) 100vw, 1024px\" \/><\/p>\n<p data-start=\"0\" data-end=\"42\"><strong data-start=\"4\" data-end=\"40\">RP4TD is now mLRS compatible!<\/strong><\/p>\n<p data-start=\"44\" data-end=\"288\">The mLRS project offers high-performance long-range radio communication based on open source 2.4 GHz, 915\/868 MHz and 433 MHz\/70 cm LoRa technology. It provides bidirectional serial communication along with full remote control functionality.<\/p>\n<p data-start=\"290\" data-end=\"567\">The &quot;m&quot; in the project name stands for &quot;Mavlink&quot; because this system will have features that optimize Mavlink systems. However, mLRS will always also support transparent serial communication, so it can be used more widely and will not be limited to Mavlink systems.<\/p>\n<p data-start=\"569\" data-end=\"1166\" data-is-last-node=\"\" data-is-only-node=\"\">The letters \u201cLR\u201d in the project name stand for \u201clong range\u201d, but this should not be understood as an absolute range, such as 100 km. Instead, it refers to the best possible communication range under certain conditions. The laws of physics dictate that the higher the data rate, the shorter the communication range. mLRS is not intended to compete with systems that achieve long range by drastically reducing the data rate. Instead, mLRS aims to provide a long operating range combined with a relatively high data rate.<\/p>\n<p data-start=\"569\" data-end=\"1166\" data-is-last-node=\"\" data-is-only-node=\"\"><img loading=\"lazy\" decoding=\"async\" class=\"alignnone wp-image-8308 size-full\" src=\"https:\/\/1dronas.lt\/wp-content\/uploads\/2025\/02\/mLRS_logo_long_w_slogan_1280x768_b8940c9c-6176-4343-ae82-e8d93f839f3c_240x240-min.jpeg\" alt=\"\" width=\"240\" height=\"144\" srcset=\"https:\/\/1dronas.lt\/wp-content\/uploads\/2025\/02\/mLRS_logo_long_w_slogan_1280x768_b8940c9c-6176-4343-ae82-e8d93f839f3c_240x240-min.jpeg 240w, https:\/\/1dronas.lt\/wp-content\/uploads\/2025\/02\/mLRS_logo_long_w_slogan_1280x768_b8940c9c-6176-4343-ae82-e8d93f839f3c_240x240-min-18x12.jpeg 18w\" sizes=\"auto, (max-width: 240px) 100vw, 240px\" \/><\/p>\n<p data-start=\"290\" data-end=\"579\" data-is-last-node=\"\" data-is-only-node=\"\"><strong>Package:<\/strong><\/p>\n<p>1\u00d7 RP4TD ExpressLRS 2.4GHz dual-antenna receiver;<br \/>\n1\u00d7 CRSF cable;<br \/>\n3\u00d7 Thermo tube;<br \/>\n2\u00d7 65mm 2.4GHz T-type antenna (installed in the receiver);<br \/>\n1\u00d7 <a href=\"https:\/\/cdn.shopify.com\/s\/files\/1\/0609\/8324\/7079\/files\/RP4TD_Receiver_User_Manual.pdf\">User manual.<\/a><\/p>","protected":false},"excerpt":{"rendered":"<p><span style=\"color: #000000;\">Featuring dual-channel 2.4GHz radio communication, the RP4TD features high signal sensitivity, improved signal-to-noise ratio, and overall performance.<\/span><\/p>\n<h4><span style=\"color: #000000;\"><strong><img loading=\"lazy\" decoding=\"async\" class=\"alignnone wp-image-1806\" src=\"https:\/\/1dronas.lt\/wp-content\/uploads\/2021\/05\/delivery-icon.png.webp\" alt=\"\" width=\"24\" height=\"24\" srcset=\"https:\/\/1dronas.lt\/wp-content\/uploads\/2021\/05\/delivery-icon.png 35w, https:\/\/1dronas.lt\/wp-content\/uploads\/2021\/05\/delivery-icon-12x12.png 12w\" sizes=\"auto, (max-width: 24px) 100vw, 24px\" \/>\u00a0 \u00a01 \u2013 2 days<\/strong><\/span><\/h4>","protected":false},"featured_media":8323,"comment_status":"open","ping_status":"closed","template":"","meta":[],"product_brand":[497],"product_cat":[682],"product_tag":[542,357,540,541],"class_list":{"0":"post-8307","1":"product","2":"type-product","3":"status-publish","4":"has-post-thumbnail","6":"product_brand-radiomaster","7":"product_cat-imtuvai-rx","8":"product_tag-expresslrs-2-4ghz","9":"product_tag-radiomaster","10":"product_tag-rp4td","11":"product_tag-true-diversity-receiver","13":"first","14":"instock","15":"taxable","16":"shipping-taxable","17":"purchasable","18":"product-type-simple"},"yoast_head":"<!-- This site is optimized with the Yoast SEO plugin v27.3 - https:\/\/yoast.com\/product\/yoast-seo-wordpress\/ -->\n<title>Radiomaster RP4TD ExpressLRS 2.4GHz True Diversity Receiver - 1dronas.lt<\/title>\n<meta name=\"robots\" content=\"index, follow, max-snippet:-1, max-image-preview:large, max-video-preview:-1\" \/>\n<link rel=\"canonical\" href=\"https:\/\/1dronas.lt\/en\/produktas\/radiomaster-rp4td-expresslrs-2-4ghz-true-diversity-receiver\/\" \/>\n<meta property=\"og:locale\" content=\"en_US\" \/>\n<meta property=\"og:type\" content=\"article\" \/>\n<meta property=\"og:title\" content=\"Radiomaster RP4TD ExpressLRS 2.4GHz True Diversity Receiver - 1dronas.lt\" \/>\n<meta property=\"og:description\" content=\"Tur\u0117damas dviej\u0173 kanal\u0173 2.4GHz radijo ry\u0161\u012f, RP4TD i\u0161siskiria dideliu signalo jautrumu, geresniu signalo santykiu bei bendra veikimo kokybe. \u00a0 \u00a01 \u2013 2 d. d.\" \/>\n<meta property=\"og:url\" content=\"https:\/\/1dronas.lt\/en\/produktas\/radiomaster-rp4td-expresslrs-2-4ghz-true-diversity-receiver\/\" \/>\n<meta property=\"og:site_name\" content=\"1dronas.lt\" \/>\n<meta property=\"article:publisher\" content=\"https:\/\/www.facebook.com\/1dronas\/\" \/>\n<meta property=\"article:modified_time\" content=\"2026-04-09T06:39:27+00:00\" \/>\n<meta property=\"og:image\" content=\"https:\/\/1dronas.lt\/wp-content\/uploads\/2025\/02\/RP4TD-Image-1000X1000px-11_1800x1800-min.jpg\" \/>\n\t<meta property=\"og:image:width\" content=\"1000\" \/>\n\t<meta property=\"og:image:height\" content=\"1000\" \/>\n\t<meta property=\"og:image:type\" content=\"image\/jpeg\" \/>\n<meta name=\"twitter:card\" content=\"summary_large_image\" \/>\n<meta name=\"twitter:label1\" content=\"Est. reading time\" \/>\n\t<meta name=\"twitter:data1\" content=\"5 minutes\" \/>\n<script type=\"application\/ld+json\" class=\"yoast-schema-graph\">{\"@context\":\"https:\\\/\\\/schema.org\",\"@graph\":[{\"@type\":\"WebPage\",\"@id\":\"https:\\\/\\\/1dronas.lt\\\/en\\\/produktas\\\/radiomaster-rp4td-expresslrs-2-4ghz-true-diversity-receiver\\\/\",\"url\":\"https:\\\/\\\/1dronas.lt\\\/en\\\/produktas\\\/radiomaster-rp4td-expresslrs-2-4ghz-true-diversity-receiver\\\/\",\"name\":\"Radiomaster RP4TD ExpressLRS 2.4GHz True Diversity Receiver - 1dronas.lt\",\"isPartOf\":{\"@id\":\"https:\\\/\\\/1dronas.lt\\\/en\\\/#website\"},\"primaryImageOfPage\":{\"@id\":\"https:\\\/\\\/1dronas.lt\\\/en\\\/produktas\\\/radiomaster-rp4td-expresslrs-2-4ghz-true-diversity-receiver\\\/#primaryimage\"},\"image\":{\"@id\":\"https:\\\/\\\/1dronas.lt\\\/en\\\/produktas\\\/radiomaster-rp4td-expresslrs-2-4ghz-true-diversity-receiver\\\/#primaryimage\"},\"thumbnailUrl\":\"https:\\\/\\\/1dronas.lt\\\/wp-content\\\/uploads\\\/2025\\\/02\\\/RP4TD-Image-1000X1000px-11_1800x1800-min.jpg\",\"datePublished\":\"2025-02-25T19:57:17+00:00\",\"dateModified\":\"2026-04-09T06:39:27+00:00\",\"breadcrumb\":{\"@id\":\"https:\\\/\\\/1dronas.lt\\\/en\\\/produktas\\\/radiomaster-rp4td-expresslrs-2-4ghz-true-diversity-receiver\\\/#breadcrumb\"},\"inLanguage\":\"en-US\",\"potentialAction\":[{\"@type\":\"ReadAction\",\"target\":[\"https:\\\/\\\/1dronas.lt\\\/en\\\/produktas\\\/radiomaster-rp4td-expresslrs-2-4ghz-true-diversity-receiver\\\/\"]}]},{\"@type\":\"ImageObject\",\"inLanguage\":\"en-US\",\"@id\":\"https:\\\/\\\/1dronas.lt\\\/en\\\/produktas\\\/radiomaster-rp4td-expresslrs-2-4ghz-true-diversity-receiver\\\/#primaryimage\",\"url\":\"https:\\\/\\\/1dronas.lt\\\/wp-content\\\/uploads\\\/2025\\\/02\\\/RP4TD-Image-1000X1000px-11_1800x1800-min.jpg\",\"contentUrl\":\"https:\\\/\\\/1dronas.lt\\\/wp-content\\\/uploads\\\/2025\\\/02\\\/RP4TD-Image-1000X1000px-11_1800x1800-min.jpg\",\"width\":1000,\"height\":1000},{\"@type\":\"BreadcrumbList\",\"@id\":\"https:\\\/\\\/1dronas.lt\\\/en\\\/produktas\\\/radiomaster-rp4td-expresslrs-2-4ghz-true-diversity-receiver\\\/#breadcrumb\",\"itemListElement\":[{\"@type\":\"ListItem\",\"position\":1,\"name\":\"Home\",\"item\":\"https:\\\/\\\/1dronas.lt\\\/\"},{\"@type\":\"ListItem\",\"position\":2,\"name\":\"Parduotuv\u0117\",\"item\":\"https:\\\/\\\/1dronas.lt\\\/parduotuve\\\/\"},{\"@type\":\"ListItem\",\"position\":3,\"name\":\"Radiomaster RP4TD ExpressLRS 2.4GHz True Diversity Receiver\"}]},{\"@type\":\"WebSite\",\"@id\":\"https:\\\/\\\/1dronas.lt\\\/en\\\/#website\",\"url\":\"https:\\\/\\\/1dronas.lt\\\/en\\\/\",\"name\":\"1dronas.lt\",\"description\":\"Internetin\u0117 parduotuv\u0117\",\"publisher\":{\"@id\":\"https:\\\/\\\/1dronas.lt\\\/en\\\/#organization\"},\"potentialAction\":[{\"@type\":\"SearchAction\",\"target\":{\"@type\":\"EntryPoint\",\"urlTemplate\":\"https:\\\/\\\/1dronas.lt\\\/en\\\/?s={search_term_string}\"},\"query-input\":{\"@type\":\"PropertyValueSpecification\",\"valueRequired\":true,\"valueName\":\"search_term_string\"}}],\"inLanguage\":\"en-US\"},{\"@type\":\"Organization\",\"@id\":\"https:\\\/\\\/1dronas.lt\\\/en\\\/#organization\",\"name\":\"1dronas.lt\",\"url\":\"https:\\\/\\\/1dronas.lt\\\/en\\\/\",\"logo\":{\"@type\":\"ImageObject\",\"inLanguage\":\"en-US\",\"@id\":\"https:\\\/\\\/1dronas.lt\\\/en\\\/#\\\/schema\\\/logo\\\/image\\\/\",\"url\":\"https:\\\/\\\/1dronas.lt\\\/wp-content\\\/uploads\\\/2020\\\/12\\\/Ekrano_kopija__2_-removebg-preview-1-1.png\",\"contentUrl\":\"https:\\\/\\\/1dronas.lt\\\/wp-content\\\/uploads\\\/2020\\\/12\\\/Ekrano_kopija__2_-removebg-preview-1-1.png\",\"width\":234,\"height\":81,\"caption\":\"1dronas.lt\"},\"image\":{\"@id\":\"https:\\\/\\\/1dronas.lt\\\/en\\\/#\\\/schema\\\/logo\\\/image\\\/\"},\"sameAs\":[\"https:\\\/\\\/www.facebook.com\\\/1dronas\\\/\"]}]}<\/script>\n<!-- \/ Yoast SEO plugin. -->","yoast_head_json":{"title":"Radiomaster RP4TD ExpressLRS 2.4GHz True Diversity Receiver - 1dronas.lt","robots":{"index":"index","follow":"follow","max-snippet":"max-snippet:-1","max-image-preview":"max-image-preview:large","max-video-preview":"max-video-preview:-1"},"canonical":"https:\/\/1dronas.lt\/en\/produktas\/radiomaster-rp4td-expresslrs-2-4ghz-true-diversity-receiver\/","og_locale":"en_US","og_type":"article","og_title":"Radiomaster RP4TD ExpressLRS 2.4GHz True Diversity Receiver - 1dronas.lt","og_description":"Tur\u0117damas dviej\u0173 kanal\u0173 2.4GHz radijo ry\u0161\u012f, RP4TD i\u0161siskiria dideliu signalo jautrumu, geresniu signalo santykiu bei bendra veikimo kokybe. \u00a0 \u00a01 \u2013 2 d. d.","og_url":"https:\/\/1dronas.lt\/en\/produktas\/radiomaster-rp4td-expresslrs-2-4ghz-true-diversity-receiver\/","og_site_name":"1dronas.lt","article_publisher":"https:\/\/www.facebook.com\/1dronas\/","article_modified_time":"2026-04-09T06:39:27+00:00","og_image":[{"width":1000,"height":1000,"url":"https:\/\/1dronas.lt\/wp-content\/uploads\/2025\/02\/RP4TD-Image-1000X1000px-11_1800x1800-min.jpg","type":"image\/jpeg"}],"twitter_card":"summary_large_image","twitter_misc":{"Est. reading time":"5 minutes"},"schema":{"@context":"https:\/\/schema.org","@graph":[{"@type":"WebPage","@id":"https:\/\/1dronas.lt\/en\/produktas\/radiomaster-rp4td-expresslrs-2-4ghz-true-diversity-receiver\/","url":"https:\/\/1dronas.lt\/en\/produktas\/radiomaster-rp4td-expresslrs-2-4ghz-true-diversity-receiver\/","name":"Radiomaster RP4TD ExpressLRS 2.4GHz True Diversity Receiver - 1dronas.lt","isPartOf":{"@id":"https:\/\/1dronas.lt\/en\/#website"},"primaryImageOfPage":{"@id":"https:\/\/1dronas.lt\/en\/produktas\/radiomaster-rp4td-expresslrs-2-4ghz-true-diversity-receiver\/#primaryimage"},"image":{"@id":"https:\/\/1dronas.lt\/en\/produktas\/radiomaster-rp4td-expresslrs-2-4ghz-true-diversity-receiver\/#primaryimage"},"thumbnailUrl":"https:\/\/1dronas.lt\/wp-content\/uploads\/2025\/02\/RP4TD-Image-1000X1000px-11_1800x1800-min.jpg","datePublished":"2025-02-25T19:57:17+00:00","dateModified":"2026-04-09T06:39:27+00:00","breadcrumb":{"@id":"https:\/\/1dronas.lt\/en\/produktas\/radiomaster-rp4td-expresslrs-2-4ghz-true-diversity-receiver\/#breadcrumb"},"inLanguage":"en-US","potentialAction":[{"@type":"ReadAction","target":["https:\/\/1dronas.lt\/en\/produktas\/radiomaster-rp4td-expresslrs-2-4ghz-true-diversity-receiver\/"]}]},{"@type":"ImageObject","inLanguage":"en-US","@id":"https:\/\/1dronas.lt\/en\/produktas\/radiomaster-rp4td-expresslrs-2-4ghz-true-diversity-receiver\/#primaryimage","url":"https:\/\/1dronas.lt\/wp-content\/uploads\/2025\/02\/RP4TD-Image-1000X1000px-11_1800x1800-min.jpg","contentUrl":"https:\/\/1dronas.lt\/wp-content\/uploads\/2025\/02\/RP4TD-Image-1000X1000px-11_1800x1800-min.jpg","width":1000,"height":1000},{"@type":"BreadcrumbList","@id":"https:\/\/1dronas.lt\/en\/produktas\/radiomaster-rp4td-expresslrs-2-4ghz-true-diversity-receiver\/#breadcrumb","itemListElement":[{"@type":"ListItem","position":1,"name":"Home","item":"https:\/\/1dronas.lt\/"},{"@type":"ListItem","position":2,"name":"Parduotuv\u0117","item":"https:\/\/1dronas.lt\/parduotuve\/"},{"@type":"ListItem","position":3,"name":"Radiomaster RP4TD ExpressLRS 2.4GHz True Diversity Receiver"}]},{"@type":"WebSite","@id":"https:\/\/1dronas.lt\/en\/#website","url":"https:\/\/1dronas.lt\/en\/","name":"1dronas.lt","description":"Online store","publisher":{"@id":"https:\/\/1dronas.lt\/en\/#organization"},"potentialAction":[{"@type":"SearchAction","target":{"@type":"EntryPoint","urlTemplate":"https:\/\/1dronas.lt\/en\/?s={search_term_string}"},"query-input":{"@type":"PropertyValueSpecification","valueRequired":true,"valueName":"search_term_string"}}],"inLanguage":"en-US"},{"@type":"Organization","@id":"https:\/\/1dronas.lt\/en\/#organization","name":"1dronas.lt","url":"https:\/\/1dronas.lt\/en\/","logo":{"@type":"ImageObject","inLanguage":"en-US","@id":"https:\/\/1dronas.lt\/en\/#\/schema\/logo\/image\/","url":"https:\/\/1dronas.lt\/wp-content\/uploads\/2020\/12\/Ekrano_kopija__2_-removebg-preview-1-1.png","contentUrl":"https:\/\/1dronas.lt\/wp-content\/uploads\/2020\/12\/Ekrano_kopija__2_-removebg-preview-1-1.png","width":234,"height":81,"caption":"1dronas.lt"},"image":{"@id":"https:\/\/1dronas.lt\/en\/#\/schema\/logo\/image\/"},"sameAs":["https:\/\/www.facebook.com\/1dronas\/"]}]}},"jetpack_sharing_enabled":true,"_links":{"self":[{"href":"https:\/\/1dronas.lt\/en\/wp-json\/wp\/v2\/product\/8307","targetHints":{"allow":["GET"]}}],"collection":[{"href":"https:\/\/1dronas.lt\/en\/wp-json\/wp\/v2\/product"}],"about":[{"href":"https:\/\/1dronas.lt\/en\/wp-json\/wp\/v2\/types\/product"}],"replies":[{"embeddable":true,"href":"https:\/\/1dronas.lt\/en\/wp-json\/wp\/v2\/comments?post=8307"}],"wp:featuredmedia":[{"embeddable":true,"href":"https:\/\/1dronas.lt\/en\/wp-json\/wp\/v2\/media\/8323"}],"wp:attachment":[{"href":"https:\/\/1dronas.lt\/en\/wp-json\/wp\/v2\/media?parent=8307"}],"wp:term":[{"taxonomy":"product_brand","embeddable":true,"href":"https:\/\/1dronas.lt\/en\/wp-json\/wp\/v2\/product_brand?post=8307"},{"taxonomy":"product_cat","embeddable":true,"href":"https:\/\/1dronas.lt\/en\/wp-json\/wp\/v2\/product_cat?post=8307"},{"taxonomy":"product_tag","embeddable":true,"href":"https:\/\/1dronas.lt\/en\/wp-json\/wp\/v2\/product_tag?post=8307"}],"curies":[{"name":"wp","href":"https:\/\/api.w.org\/{rel}","templated":true}]}}