{"id":8292,"date":"2025-02-25T18:48:27","date_gmt":"2025-02-25T18:48:27","guid":{"rendered":"https:\/\/1dronas.lt\/?post_type=product&#038;p=8292"},"modified":"2026-03-30T18:23:23","modified_gmt":"2026-03-30T15:23:23","slug":"radiomaster-rp1-2-4ghz-expresslrs-elrs-nano-receiver-v2","status":"publish","type":"product","link":"https:\/\/1dronas.lt\/en\/produktas\/radiomaster-rp1-2-4ghz-expresslrs-elrs-nano-receiver-v2\/","title":{"rendered":"RadioMaster RP1 V2 2.4ghz ExpressLRS ELRS Nano Receiver"},"content":{"rendered":"<p>The RadioMaster RP series receivers feature a built-in TCXO (Temperature-Controlled Crystal Oscillator) that ensures reliable, stable, and accurate signal reception, making them perform well in challenging conditions and enhancing the flight experience.<\/p>\n<p data-start=\"0\" data-end=\"272\">The RP1 and RP2 2.4GHz ELRS nano series receivers are open source devices based on ExpressLRS technology. The nano receivers were first developed by Jye Smith from the ExpressLRS development team. They feature the ESP8285 MCU and SX1280 RF chips. The RP1 has a UFL antenna socket for connecting a full-range antenna, while the RP2 has a built-in ceramic antenna - extremely lightweight and compact, making it perfect for racing.<\/p>\n<p data-start=\"274\" data-end=\"693\">The RP1 and RP2 have built-in WiFi, so you can perform software updates wirelessly and configure the receiver via the built-in WebUI using a computer or mobile phone.<\/p>\n<p data-start=\"695\" data-end=\"893\">The low latency and high refresh rate of the RF module make the RP1 and RP2 ideal for FPV racing or long-range flights. Thanks to their ultra-small and lightweight design, these nano receivers can be adapted to a wide variety of models!<\/p>\n<p data-start=\"695\" data-end=\"893\"><img loading=\"lazy\" decoding=\"async\" class=\"alignnone wp-image-8294 size-full\" src=\"https:\/\/1dronas.lt\/wp-content\/uploads\/2025\/02\/RP1_RP2-Detail_1024x1024-min.jpg\" alt=\"\" width=\"1024\" height=\"768\" srcset=\"https:\/\/1dronas.lt\/wp-content\/uploads\/2025\/02\/RP1_RP2-Detail_1024x1024-min.jpg 1024w, https:\/\/1dronas.lt\/wp-content\/uploads\/2025\/02\/RP1_RP2-Detail_1024x1024-min-300x225.jpg 300w, https:\/\/1dronas.lt\/wp-content\/uploads\/2025\/02\/RP1_RP2-Detail_1024x1024-min-768x576.jpg 768w, https:\/\/1dronas.lt\/wp-content\/uploads\/2025\/02\/RP1_RP2-Detail_1024x1024-min-16x12.jpg 16w, https:\/\/1dronas.lt\/wp-content\/uploads\/2025\/02\/RP1_RP2-Detail_1024x1024-min-510x383.jpg 510w\" sizes=\"auto, (max-width: 1024px) 100vw, 1024px\" \/><\/p>\n<p data-start=\"695\" data-end=\"893\"><strong>Features:<\/strong><\/p>\n<p>\u2022 Improved PCB design ensures better heat dissipation;<br \/>\n\u2022 Updated rigid antenna \u2013 greater durability and better performance;<br \/>\n\u2022 LED indicator on the top side of the PCB;<br \/>\n\u2022 Improved solder contacts \u2013 easier soldering;<br \/>\n\u2022 Built-in TCXO (temperature-controlled crystal oscillator);<br \/>\n\u2022 Compatible with all 2.4GHz ExpressLRS modules and transmitters with built-in 2.4GHz ExpressLRS.<\/p>\n<p><strong>Specification:<\/strong><\/p>\n<p>\u2022 Item: RP1 Nano ExpressLRS 2.4GHz receiver;<br \/>\n\u2022 Type: ISM;<br \/>\n\u2022 Microcontroller (MCU): EPS8285;<br \/>\n\u2022 RF chip: SEMTECH SX1281;<br \/>\n\u2022 Telemetry RF power: 10mW;<br \/>\n\u2022 Antenna: 65mm 2.4GHz T-type antenna;<br \/>\n\u2022 Frequency range: 2.404 \u2013 2.479 GHz;<br \/>\n\u2022 Maximum reception refresh rate: 500Hz \/ F1000Hz;<br \/>\n\u2022 Minimum reception refresh rate: 25Hz;<br \/>\n\u2022 Operating voltage: 5V;<br \/>\n\u2022 Weight: 2.2g (with antenna);<br \/>\n\u2022 Dimensions: 13mm x 11mm x 3mm;<br \/>\n\u2022 Software version: ExpressLRS v2.4 (pre-installed);<br \/>\n\u2022 Firmware target: RadioMaster RP1\/2 2400 RX;<br \/>\n\u2022 Interface: CRSF.<\/p>\n<p><img loading=\"lazy\" decoding=\"async\" class=\"alignnone wp-image-8300 size-medium\" src=\"https:\/\/1dronas.lt\/wp-content\/uploads\/2025\/02\/RP1-V2-10_480x480-min-300x300.jpg\" alt=\"\" width=\"300\" height=\"300\" srcset=\"https:\/\/1dronas.lt\/wp-content\/uploads\/2025\/02\/RP1-V2-10_480x480-min-300x300.jpg 300w, https:\/\/1dronas.lt\/wp-content\/uploads\/2025\/02\/RP1-V2-10_480x480-min-150x150.jpg 150w, https:\/\/1dronas.lt\/wp-content\/uploads\/2025\/02\/RP1-V2-10_480x480-min-12x12.jpg 12w, https:\/\/1dronas.lt\/wp-content\/uploads\/2025\/02\/RP1-V2-10_480x480-min-247x247.jpg 247w, https:\/\/1dronas.lt\/wp-content\/uploads\/2025\/02\/RP1-V2-10_480x480-min-100x100.jpg 100w, https:\/\/1dronas.lt\/wp-content\/uploads\/2025\/02\/RP1-V2-10_480x480-min.jpg 480w\" sizes=\"auto, (max-width: 300px) 100vw, 300px\" \/><\/p>\n<p><strong>TCXO (Temperature Compensated Crystal Oscillator)<\/strong><\/p>\n<p>The TCXO provides high frequency control stability and accuracy by compensating for temperature fluctuations. This ensures consistent and reliable signal reception even in extreme temperatures. It also reduces frequency drift over time, ensuring long-term frequency stability and protecting the signal from degradation.<\/p>\n<p><img loading=\"lazy\" decoding=\"async\" class=\"alignnone wp-image-8293 size-full\" src=\"https:\/\/1dronas.lt\/wp-content\/uploads\/2025\/02\/RP-V2-Detail-Page-EN-PC-Shared_1024x1024-min.jpg\" alt=\"\" width=\"1024\" height=\"575\" srcset=\"https:\/\/1dronas.lt\/wp-content\/uploads\/2025\/02\/RP-V2-Detail-Page-EN-PC-Shared_1024x1024-min.jpg 1024w, https:\/\/1dronas.lt\/wp-content\/uploads\/2025\/02\/RP-V2-Detail-Page-EN-PC-Shared_1024x1024-min-300x168.jpg 300w, https:\/\/1dronas.lt\/wp-content\/uploads\/2025\/02\/RP-V2-Detail-Page-EN-PC-Shared_1024x1024-min-768x431.jpg 768w, https:\/\/1dronas.lt\/wp-content\/uploads\/2025\/02\/RP-V2-Detail-Page-EN-PC-Shared_1024x1024-min-18x10.jpg 18w, https:\/\/1dronas.lt\/wp-content\/uploads\/2025\/02\/RP-V2-Detail-Page-EN-PC-Shared_1024x1024-min-510x286.jpg 510w\" sizes=\"auto, (max-width: 1024px) 100vw, 1024px\" \/><br \/>\n<img loading=\"lazy\" decoding=\"async\" class=\"alignnone wp-image-8305\" src=\"https:\/\/1dronas.lt\/wp-content\/uploads\/2025\/02\/1_5835b68e-2389-4449-b1e3-b7a7fec96e48_1024x1024-min.jpeg\" alt=\"\" width=\"1024\" height=\"512\" srcset=\"https:\/\/1dronas.lt\/wp-content\/uploads\/2025\/02\/1_5835b68e-2389-4449-b1e3-b7a7fec96e48_1024x1024-min.jpeg 1000w, https:\/\/1dronas.lt\/wp-content\/uploads\/2025\/02\/1_5835b68e-2389-4449-b1e3-b7a7fec96e48_1024x1024-min-300x150.jpeg 300w, https:\/\/1dronas.lt\/wp-content\/uploads\/2025\/02\/1_5835b68e-2389-4449-b1e3-b7a7fec96e48_1024x1024-min-768x384.jpeg 768w, https:\/\/1dronas.lt\/wp-content\/uploads\/2025\/02\/1_5835b68e-2389-4449-b1e3-b7a7fec96e48_1024x1024-min-18x9.jpeg 18w, https:\/\/1dronas.lt\/wp-content\/uploads\/2025\/02\/1_5835b68e-2389-4449-b1e3-b7a7fec96e48_1024x1024-min-510x255.jpeg 510w\" sizes=\"auto, (max-width: 1024px) 100vw, 1024px\" \/><\/p>\n<p><strong>Package:<\/strong><\/p>\n<p>1\u00d7 RP1 ExpressLRS 2.4GHz Nano Receiver;<br \/>\n1\u00d7 65mm UFL 2.4GHz T-type antenna;<br \/>\n1\u00d7 <a href=\"https:\/\/cdn.shopify.com\/s\/files\/1\/0609\/8324\/7079\/files\/RP1_User_Manual.pdf?v=1722923320\">User manual<\/a>;<br \/>\n1\u00d7 CRSF cable.<br \/>\n<img loading=\"lazy\" decoding=\"async\" class=\"alignnone wp-image-8301 size-medium\" src=\"https:\/\/1dronas.lt\/wp-content\/uploads\/2025\/02\/RP1-V2-1000X1000-2_1800x1800-min-300x300.jpg\" alt=\"\" width=\"300\" height=\"300\" srcset=\"https:\/\/1dronas.lt\/wp-content\/uploads\/2025\/02\/RP1-V2-1000X1000-2_1800x1800-min-300x300.jpg 300w, https:\/\/1dronas.lt\/wp-content\/uploads\/2025\/02\/RP1-V2-1000X1000-2_1800x1800-min-150x150.jpg 150w, https:\/\/1dronas.lt\/wp-content\/uploads\/2025\/02\/RP1-V2-1000X1000-2_1800x1800-min-768x768.jpg 768w, https:\/\/1dronas.lt\/wp-content\/uploads\/2025\/02\/RP1-V2-1000X1000-2_1800x1800-min-12x12.jpg 12w, https:\/\/1dronas.lt\/wp-content\/uploads\/2025\/02\/RP1-V2-1000X1000-2_1800x1800-min-247x247.jpg 247w, https:\/\/1dronas.lt\/wp-content\/uploads\/2025\/02\/RP1-V2-1000X1000-2_1800x1800-min-510x510.jpg 510w, https:\/\/1dronas.lt\/wp-content\/uploads\/2025\/02\/RP1-V2-1000X1000-2_1800x1800-min-100x100.jpg 100w, https:\/\/1dronas.lt\/wp-content\/uploads\/2025\/02\/RP1-V2-1000X1000-2_1800x1800-min.jpg 1000w\" sizes=\"auto, (max-width: 300px) 100vw, 300px\" \/><\/p>","protected":false},"excerpt":{"rendered":"<p><span style=\"color: #333333;\">The low latency and high refresh rate of the RF module makes the RP1 ideal for FPV racing or long-range flights.<\/span><\/p>\n<h4><span style=\"color: #333333;\"><strong><img loading=\"lazy\" decoding=\"async\" class=\"alignnone wp-image-1806\" src=\"https:\/\/1dronas.lt\/wp-content\/uploads\/2021\/05\/delivery-icon.png.webp\" alt=\"\" width=\"24\" height=\"24\" srcset=\"https:\/\/1dronas.lt\/wp-content\/uploads\/2021\/05\/delivery-icon.png 35w, https:\/\/1dronas.lt\/wp-content\/uploads\/2021\/05\/delivery-icon-12x12.png 12w\" sizes=\"auto, (max-width: 24px) 100vw, 24px\" \/>\u00a0 \u00a0<span style=\"font-size: 90%;\">1 \u2013 2 days<\/span><\/strong><\/span><\/h4>","protected":false},"featured_media":8302,"comment_status":"open","ping_status":"closed","template":"","meta":[],"product_brand":[497],"product_cat":[682],"product_tag":[519,529,357,539,536],"class_list":{"0":"post-8292","1":"product","2":"type-product","3":"status-publish","4":"has-post-thumbnail","6":"product_brand-radiomaster","7":"product_cat-imtuvai-rx","8":"product_tag-2-4ghz","9":"product_tag-nano-receiver","10":"product_tag-radiomaster","11":"product_tag-rp1","12":"product_tag-v2","14":"first","15":"instock","16":"taxable","17":"shipping-taxable","18":"purchasable","19":"product-type-simple"},"yoast_head":"<!-- This site is optimized with the Yoast SEO plugin v27.3 - https:\/\/yoast.com\/product\/yoast-seo-wordpress\/ -->\n<title>RadioMaster RP1 V2 2.4ghz ExpressLRS ELRS Nano Receiver - 1dronas.lt<\/title>\n<meta name=\"robots\" content=\"index, follow, max-snippet:-1, max-image-preview:large, max-video-preview:-1\" \/>\n<link rel=\"canonical\" href=\"https:\/\/1dronas.lt\/en\/produktas\/radiomaster-rp1-2-4ghz-expresslrs-elrs-nano-receiver-v2\/\" \/>\n<meta property=\"og:locale\" content=\"en_US\" \/>\n<meta property=\"og:type\" content=\"article\" \/>\n<meta property=\"og:title\" content=\"RadioMaster RP1 V2 2.4ghz ExpressLRS ELRS Nano Receiver - 1dronas.lt\" \/>\n<meta property=\"og:description\" content=\"D\u0117l ma\u017eos delsos ir didelio atnaujinimo da\u017enio RF modulio RP1 idealiai tinka FPV lenktyn\u0117ms arba ilg\u0173 nuotoli\u0173 skryd\u017eiams. \u00a0 \u00a01 \u2013 2 d. d.\" \/>\n<meta property=\"og:url\" content=\"https:\/\/1dronas.lt\/en\/produktas\/radiomaster-rp1-2-4ghz-expresslrs-elrs-nano-receiver-v2\/\" \/>\n<meta property=\"og:site_name\" content=\"1dronas.lt\" \/>\n<meta property=\"article:publisher\" content=\"https:\/\/www.facebook.com\/1dronas\/\" \/>\n<meta property=\"article:modified_time\" content=\"2026-03-30T15:23:23+00:00\" \/>\n<meta property=\"og:image\" content=\"https:\/\/1dronas.lt\/wp-content\/uploads\/2025\/02\/RP1-V240123_1800x1800-min.jpg\" \/>\n\t<meta property=\"og:image:width\" content=\"1000\" \/>\n\t<meta property=\"og:image:height\" content=\"1000\" \/>\n\t<meta property=\"og:image:type\" content=\"image\/jpeg\" \/>\n<meta name=\"twitter:card\" content=\"summary_large_image\" \/>\n<meta name=\"twitter:label1\" content=\"Est. reading time\" \/>\n\t<meta name=\"twitter:data1\" content=\"4 minutes\" \/>\n<script type=\"application\/ld+json\" class=\"yoast-schema-graph\">{\"@context\":\"https:\\\/\\\/schema.org\",\"@graph\":[{\"@type\":\"WebPage\",\"@id\":\"https:\\\/\\\/1dronas.lt\\\/en\\\/produktas\\\/radiomaster-rp1-2-4ghz-expresslrs-elrs-nano-receiver-v2\\\/\",\"url\":\"https:\\\/\\\/1dronas.lt\\\/en\\\/produktas\\\/radiomaster-rp1-2-4ghz-expresslrs-elrs-nano-receiver-v2\\\/\",\"name\":\"RadioMaster RP1 V2 2.4ghz ExpressLRS ELRS Nano Receiver - 1dronas.lt\",\"isPartOf\":{\"@id\":\"https:\\\/\\\/1dronas.lt\\\/en\\\/#website\"},\"primaryImageOfPage\":{\"@id\":\"https:\\\/\\\/1dronas.lt\\\/en\\\/produktas\\\/radiomaster-rp1-2-4ghz-expresslrs-elrs-nano-receiver-v2\\\/#primaryimage\"},\"image\":{\"@id\":\"https:\\\/\\\/1dronas.lt\\\/en\\\/produktas\\\/radiomaster-rp1-2-4ghz-expresslrs-elrs-nano-receiver-v2\\\/#primaryimage\"},\"thumbnailUrl\":\"https:\\\/\\\/1dronas.lt\\\/wp-content\\\/uploads\\\/2025\\\/02\\\/RP1-V240123_1800x1800-min.jpg\",\"datePublished\":\"2025-02-25T18:48:27+00:00\",\"dateModified\":\"2026-03-30T15:23:23+00:00\",\"breadcrumb\":{\"@id\":\"https:\\\/\\\/1dronas.lt\\\/en\\\/produktas\\\/radiomaster-rp1-2-4ghz-expresslrs-elrs-nano-receiver-v2\\\/#breadcrumb\"},\"inLanguage\":\"en-US\",\"potentialAction\":[{\"@type\":\"ReadAction\",\"target\":[\"https:\\\/\\\/1dronas.lt\\\/en\\\/produktas\\\/radiomaster-rp1-2-4ghz-expresslrs-elrs-nano-receiver-v2\\\/\"]}]},{\"@type\":\"ImageObject\",\"inLanguage\":\"en-US\",\"@id\":\"https:\\\/\\\/1dronas.lt\\\/en\\\/produktas\\\/radiomaster-rp1-2-4ghz-expresslrs-elrs-nano-receiver-v2\\\/#primaryimage\",\"url\":\"https:\\\/\\\/1dronas.lt\\\/wp-content\\\/uploads\\\/2025\\\/02\\\/RP1-V240123_1800x1800-min.jpg\",\"contentUrl\":\"https:\\\/\\\/1dronas.lt\\\/wp-content\\\/uploads\\\/2025\\\/02\\\/RP1-V240123_1800x1800-min.jpg\",\"width\":1000,\"height\":1000},{\"@type\":\"BreadcrumbList\",\"@id\":\"https:\\\/\\\/1dronas.lt\\\/en\\\/produktas\\\/radiomaster-rp1-2-4ghz-expresslrs-elrs-nano-receiver-v2\\\/#breadcrumb\",\"itemListElement\":[{\"@type\":\"ListItem\",\"position\":1,\"name\":\"Home\",\"item\":\"https:\\\/\\\/1dronas.lt\\\/\"},{\"@type\":\"ListItem\",\"position\":2,\"name\":\"Parduotuv\u0117\",\"item\":\"https:\\\/\\\/1dronas.lt\\\/parduotuve\\\/\"},{\"@type\":\"ListItem\",\"position\":3,\"name\":\"RadioMaster RP1 V2 2.4ghz ExpressLRS ELRS Nano Receiver\"}]},{\"@type\":\"WebSite\",\"@id\":\"https:\\\/\\\/1dronas.lt\\\/en\\\/#website\",\"url\":\"https:\\\/\\\/1dronas.lt\\\/en\\\/\",\"name\":\"1dronas.lt\",\"description\":\"Internetin\u0117 parduotuv\u0117\",\"publisher\":{\"@id\":\"https:\\\/\\\/1dronas.lt\\\/en\\\/#organization\"},\"potentialAction\":[{\"@type\":\"SearchAction\",\"target\":{\"@type\":\"EntryPoint\",\"urlTemplate\":\"https:\\\/\\\/1dronas.lt\\\/en\\\/?s={search_term_string}\"},\"query-input\":{\"@type\":\"PropertyValueSpecification\",\"valueRequired\":true,\"valueName\":\"search_term_string\"}}],\"inLanguage\":\"en-US\"},{\"@type\":\"Organization\",\"@id\":\"https:\\\/\\\/1dronas.lt\\\/en\\\/#organization\",\"name\":\"1dronas.lt\",\"url\":\"https:\\\/\\\/1dronas.lt\\\/en\\\/\",\"logo\":{\"@type\":\"ImageObject\",\"inLanguage\":\"en-US\",\"@id\":\"https:\\\/\\\/1dronas.lt\\\/en\\\/#\\\/schema\\\/logo\\\/image\\\/\",\"url\":\"https:\\\/\\\/1dronas.lt\\\/wp-content\\\/uploads\\\/2020\\\/12\\\/Ekrano_kopija__2_-removebg-preview-1-1.png\",\"contentUrl\":\"https:\\\/\\\/1dronas.lt\\\/wp-content\\\/uploads\\\/2020\\\/12\\\/Ekrano_kopija__2_-removebg-preview-1-1.png\",\"width\":234,\"height\":81,\"caption\":\"1dronas.lt\"},\"image\":{\"@id\":\"https:\\\/\\\/1dronas.lt\\\/en\\\/#\\\/schema\\\/logo\\\/image\\\/\"},\"sameAs\":[\"https:\\\/\\\/www.facebook.com\\\/1dronas\\\/\"]}]}<\/script>\n<!-- \/ Yoast SEO plugin. -->","yoast_head_json":{"title":"RadioMaster RP1 V2 2.4ghz ExpressLRS ELRS Nano Receiver - 1dronas.lt","robots":{"index":"index","follow":"follow","max-snippet":"max-snippet:-1","max-image-preview":"max-image-preview:large","max-video-preview":"max-video-preview:-1"},"canonical":"https:\/\/1dronas.lt\/en\/produktas\/radiomaster-rp1-2-4ghz-expresslrs-elrs-nano-receiver-v2\/","og_locale":"en_US","og_type":"article","og_title":"RadioMaster RP1 V2 2.4ghz ExpressLRS ELRS Nano Receiver - 1dronas.lt","og_description":"D\u0117l ma\u017eos delsos ir didelio atnaujinimo da\u017enio RF modulio RP1 idealiai tinka FPV lenktyn\u0117ms arba ilg\u0173 nuotoli\u0173 skryd\u017eiams. \u00a0 \u00a01 \u2013 2 d. d.","og_url":"https:\/\/1dronas.lt\/en\/produktas\/radiomaster-rp1-2-4ghz-expresslrs-elrs-nano-receiver-v2\/","og_site_name":"1dronas.lt","article_publisher":"https:\/\/www.facebook.com\/1dronas\/","article_modified_time":"2026-03-30T15:23:23+00:00","og_image":[{"width":1000,"height":1000,"url":"https:\/\/1dronas.lt\/wp-content\/uploads\/2025\/02\/RP1-V240123_1800x1800-min.jpg","type":"image\/jpeg"}],"twitter_card":"summary_large_image","twitter_misc":{"Est. reading time":"4 minutes"},"schema":{"@context":"https:\/\/schema.org","@graph":[{"@type":"WebPage","@id":"https:\/\/1dronas.lt\/en\/produktas\/radiomaster-rp1-2-4ghz-expresslrs-elrs-nano-receiver-v2\/","url":"https:\/\/1dronas.lt\/en\/produktas\/radiomaster-rp1-2-4ghz-expresslrs-elrs-nano-receiver-v2\/","name":"RadioMaster RP1 V2 2.4ghz ExpressLRS ELRS Nano Receiver - 1dronas.lt","isPartOf":{"@id":"https:\/\/1dronas.lt\/en\/#website"},"primaryImageOfPage":{"@id":"https:\/\/1dronas.lt\/en\/produktas\/radiomaster-rp1-2-4ghz-expresslrs-elrs-nano-receiver-v2\/#primaryimage"},"image":{"@id":"https:\/\/1dronas.lt\/en\/produktas\/radiomaster-rp1-2-4ghz-expresslrs-elrs-nano-receiver-v2\/#primaryimage"},"thumbnailUrl":"https:\/\/1dronas.lt\/wp-content\/uploads\/2025\/02\/RP1-V240123_1800x1800-min.jpg","datePublished":"2025-02-25T18:48:27+00:00","dateModified":"2026-03-30T15:23:23+00:00","breadcrumb":{"@id":"https:\/\/1dronas.lt\/en\/produktas\/radiomaster-rp1-2-4ghz-expresslrs-elrs-nano-receiver-v2\/#breadcrumb"},"inLanguage":"en-US","potentialAction":[{"@type":"ReadAction","target":["https:\/\/1dronas.lt\/en\/produktas\/radiomaster-rp1-2-4ghz-expresslrs-elrs-nano-receiver-v2\/"]}]},{"@type":"ImageObject","inLanguage":"en-US","@id":"https:\/\/1dronas.lt\/en\/produktas\/radiomaster-rp1-2-4ghz-expresslrs-elrs-nano-receiver-v2\/#primaryimage","url":"https:\/\/1dronas.lt\/wp-content\/uploads\/2025\/02\/RP1-V240123_1800x1800-min.jpg","contentUrl":"https:\/\/1dronas.lt\/wp-content\/uploads\/2025\/02\/RP1-V240123_1800x1800-min.jpg","width":1000,"height":1000},{"@type":"BreadcrumbList","@id":"https:\/\/1dronas.lt\/en\/produktas\/radiomaster-rp1-2-4ghz-expresslrs-elrs-nano-receiver-v2\/#breadcrumb","itemListElement":[{"@type":"ListItem","position":1,"name":"Home","item":"https:\/\/1dronas.lt\/"},{"@type":"ListItem","position":2,"name":"Parduotuv\u0117","item":"https:\/\/1dronas.lt\/parduotuve\/"},{"@type":"ListItem","position":3,"name":"RadioMaster RP1 V2 2.4ghz ExpressLRS ELRS Nano Receiver"}]},{"@type":"WebSite","@id":"https:\/\/1dronas.lt\/en\/#website","url":"https:\/\/1dronas.lt\/en\/","name":"1dronas.lt","description":"Online store","publisher":{"@id":"https:\/\/1dronas.lt\/en\/#organization"},"potentialAction":[{"@type":"SearchAction","target":{"@type":"EntryPoint","urlTemplate":"https:\/\/1dronas.lt\/en\/?s={search_term_string}"},"query-input":{"@type":"PropertyValueSpecification","valueRequired":true,"valueName":"search_term_string"}}],"inLanguage":"en-US"},{"@type":"Organization","@id":"https:\/\/1dronas.lt\/en\/#organization","name":"1dronas.lt","url":"https:\/\/1dronas.lt\/en\/","logo":{"@type":"ImageObject","inLanguage":"en-US","@id":"https:\/\/1dronas.lt\/en\/#\/schema\/logo\/image\/","url":"https:\/\/1dronas.lt\/wp-content\/uploads\/2020\/12\/Ekrano_kopija__2_-removebg-preview-1-1.png","contentUrl":"https:\/\/1dronas.lt\/wp-content\/uploads\/2020\/12\/Ekrano_kopija__2_-removebg-preview-1-1.png","width":234,"height":81,"caption":"1dronas.lt"},"image":{"@id":"https:\/\/1dronas.lt\/en\/#\/schema\/logo\/image\/"},"sameAs":["https:\/\/www.facebook.com\/1dronas\/"]}]}},"jetpack_sharing_enabled":true,"_links":{"self":[{"href":"https:\/\/1dronas.lt\/en\/wp-json\/wp\/v2\/product\/8292","targetHints":{"allow":["GET"]}}],"collection":[{"href":"https:\/\/1dronas.lt\/en\/wp-json\/wp\/v2\/product"}],"about":[{"href":"https:\/\/1dronas.lt\/en\/wp-json\/wp\/v2\/types\/product"}],"replies":[{"embeddable":true,"href":"https:\/\/1dronas.lt\/en\/wp-json\/wp\/v2\/comments?post=8292"}],"wp:featuredmedia":[{"embeddable":true,"href":"https:\/\/1dronas.lt\/en\/wp-json\/wp\/v2\/media\/8302"}],"wp:attachment":[{"href":"https:\/\/1dronas.lt\/en\/wp-json\/wp\/v2\/media?parent=8292"}],"wp:term":[{"taxonomy":"product_brand","embeddable":true,"href":"https:\/\/1dronas.lt\/en\/wp-json\/wp\/v2\/product_brand?post=8292"},{"taxonomy":"product_cat","embeddable":true,"href":"https:\/\/1dronas.lt\/en\/wp-json\/wp\/v2\/product_cat?post=8292"},{"taxonomy":"product_tag","embeddable":true,"href":"https:\/\/1dronas.lt\/en\/wp-json\/wp\/v2\/product_tag?post=8292"}],"curies":[{"name":"wp","href":"https:\/\/api.w.org\/{rel}","templated":true}]}}