{"id":8245,"date":"2025-02-24T21:55:43","date_gmt":"2025-02-24T21:55:43","guid":{"rendered":"https:\/\/1dronas.lt\/?post_type=product&#038;p=8245"},"modified":"2026-04-17T13:51:03","modified_gmt":"2026-04-17T10:51:03","slug":"betafpv-bt2-0-bateriju-ikroviklis-ir-itampos-testeris-v2","status":"publish","type":"product","link":"https:\/\/1dronas.lt\/en\/produktas\/betafpv-bt2-0-bateriju-ikroviklis-ir-itampos-testeris-v2\/","title":{"rendered":"BetaFPV BT2.0 Battery Charger and Voltage Tester V2"},"content":{"rendered":"<p><b>\u2022 <\/b>This charger is designed for BT2.0 series batteries;<br \/>\n<b>\u2022 <\/b>It&#039;s not just a charger, it&#039;s also a voltage tester!<br \/>\n<img loading=\"lazy\" decoding=\"async\" class=\"\" src=\"https:\/\/cdn.shopifycdn.net\/s\/files\/1\/1778\/6615\/files\/1f257bd61df9ddaf859acbd1eece8225_4912759b-73ec-4884-b57f-f2083e985b85_600x600.jpg?v=1616486324\" alt=\"\" width=\"518\" height=\"292\" \/><\/p>\n<p><strong>Specification:<\/strong><\/p>\n<p><b>\u2022 <\/b>Plugs: BT2.0;<br data-start=\"76\" data-end=\"79\" \/><b>\u2022 <\/b>Connector: Type-C;<br data-start=\"98\" data-end=\"101\" \/><b>\u2022 <\/b>Display: White LCD;<br data-start=\"124\" data-end=\"127\" \/><b>\u2022 <\/b>Weight: 12.37 g;<br data-start=\"146\" data-end=\"149\" \/><b>\u2022 <\/b>Dimensions: 52.7 \u00d7 23.2 \u00d7 14.2 mm.<br \/>\n<img loading=\"lazy\" decoding=\"async\" class=\"\" src=\"https:\/\/cdn.shopifycdn.net\/s\/files\/1\/1778\/6615\/files\/f7d7c897f798fc44c391847188c3ac79_cc8c51b6-394a-47b6-a5c0-ce9e96635ae5_600x600.jpg?v=1616752757\" alt=\"\" width=\"493\" height=\"278\" \/><\/p>\n<p><strong>Package:<\/strong><\/p>\n<p>1x BetaFPV BT2.0 Battery Charger and Voltage Tester V2.<\/p>","protected":false},"excerpt":{"rendered":"<p><span style=\"color: #000000;\">Equipped with a digital display function that allows you to monitor battery voltage during charging<\/span><\/p>\n<p><strong><span style=\"color: #000000;\"><img loading=\"lazy\" decoding=\"async\" class=\"alignnone wp-image-1806\" src=\"https:\/\/1dronas.lt\/wp-content\/uploads\/2021\/05\/delivery-icon.png\" alt=\"\" width=\"24\" height=\"24\" srcset=\"https:\/\/1dronas.lt\/wp-content\/uploads\/2021\/05\/delivery-icon.png 35w, https:\/\/1dronas.lt\/wp-content\/uploads\/2021\/05\/delivery-icon-12x12.png 12w\" sizes=\"auto, (max-width: 24px) 100vw, 24px\" \/> 1 \u2013 2 days<\/span><\/strong><\/p>","protected":false},"featured_media":8248,"comment_status":"open","ping_status":"closed","template":"","meta":[],"product_brand":[489],"product_cat":[157],"product_tag":[69,96,372,535,536],"class_list":{"0":"post-8245","1":"product","2":"type-product","3":"status-publish","4":"has-post-thumbnail","6":"product_brand-betafpv","7":"product_cat-ikrovikliai","8":"product_tag-betafpv","9":"product_tag-bt2-0","10":"product_tag-ikroviklis","11":"product_tag-testeris","12":"product_tag-v2","14":"first","15":"instock","16":"taxable","17":"shipping-taxable","18":"purchasable","19":"product-type-simple"},"yoast_head":"<!-- This site is optimized with the Yoast SEO plugin v27.4 - https:\/\/yoast.com\/product\/yoast-seo-wordpress\/ -->\n<title>BetaFPV BT2.0 baterij\u0173 \u012fkroviklis ir \u012ftampos testeris V2 - 1dronas.lt<\/title>\n<meta name=\"robots\" content=\"index, follow, max-snippet:-1, max-image-preview:large, max-video-preview:-1\" \/>\n<link rel=\"canonical\" href=\"https:\/\/1dronas.lt\/en\/produktas\/betafpv-bt2-0-bateriju-ikroviklis-ir-itampos-testeris-v2\/\" \/>\n<meta property=\"og:locale\" content=\"en_US\" \/>\n<meta property=\"og:type\" content=\"article\" \/>\n<meta property=\"og:title\" content=\"BetaFPV BT2.0 baterij\u0173 \u012fkroviklis ir \u012ftampos testeris V2 - 1dronas.lt\" \/>\n<meta property=\"og:description\" content=\"\u012erengtas skaitmeninio ekrano funkcija, leid\u017eian\u010dia steb\u0117ti baterijos \u012ftamp\u0105 \u012fkrovimo metu   1 \u2013 2 d. d.\" \/>\n<meta property=\"og:url\" content=\"https:\/\/1dronas.lt\/en\/produktas\/betafpv-bt2-0-bateriju-ikroviklis-ir-itampos-testeris-v2\/\" \/>\n<meta property=\"og:site_name\" content=\"1dronas.lt\" \/>\n<meta property=\"article:publisher\" content=\"https:\/\/www.facebook.com\/1dronas\/\" \/>\n<meta property=\"article:modified_time\" content=\"2026-04-17T10:51:03+00:00\" \/>\n<meta property=\"og:image\" content=\"https:\/\/1dronas.lt\/wp-content\/uploads\/2025\/02\/74b96dbb2d19db9758ba306fc55ad040_56831345-bed1-4eac-9cbc-dbb03ebd263c_1080x-min.jpg\" \/>\n\t<meta property=\"og:image:width\" content=\"1080\" \/>\n\t<meta property=\"og:image:height\" content=\"1080\" \/>\n\t<meta property=\"og:image:type\" content=\"image\/jpeg\" \/>\n<meta name=\"twitter:card\" content=\"summary_large_image\" \/>\n<meta name=\"twitter:label1\" content=\"Est. reading time\" \/>\n\t<meta name=\"twitter:data1\" content=\"1 minute\" \/>\n<script type=\"application\/ld+json\" class=\"yoast-schema-graph\">{\"@context\":\"https:\\\/\\\/schema.org\",\"@graph\":[{\"@type\":\"WebPage\",\"@id\":\"https:\\\/\\\/1dronas.lt\\\/en\\\/produktas\\\/betafpv-bt2-0-bateriju-ikroviklis-ir-itampos-testeris-v2\\\/\",\"url\":\"https:\\\/\\\/1dronas.lt\\\/en\\\/produktas\\\/betafpv-bt2-0-bateriju-ikroviklis-ir-itampos-testeris-v2\\\/\",\"name\":\"BetaFPV BT2.0 baterij\u0173 \u012fkroviklis ir \u012ftampos testeris V2 - 1dronas.lt\",\"isPartOf\":{\"@id\":\"https:\\\/\\\/1dronas.lt\\\/en\\\/#website\"},\"primaryImageOfPage\":{\"@id\":\"https:\\\/\\\/1dronas.lt\\\/en\\\/produktas\\\/betafpv-bt2-0-bateriju-ikroviklis-ir-itampos-testeris-v2\\\/#primaryimage\"},\"image\":{\"@id\":\"https:\\\/\\\/1dronas.lt\\\/en\\\/produktas\\\/betafpv-bt2-0-bateriju-ikroviklis-ir-itampos-testeris-v2\\\/#primaryimage\"},\"thumbnailUrl\":\"https:\\\/\\\/1dronas.lt\\\/wp-content\\\/uploads\\\/2025\\\/02\\\/74b96dbb2d19db9758ba306fc55ad040_56831345-bed1-4eac-9cbc-dbb03ebd263c_1080x-min.jpg\",\"datePublished\":\"2025-02-24T21:55:43+00:00\",\"dateModified\":\"2026-04-17T10:51:03+00:00\",\"breadcrumb\":{\"@id\":\"https:\\\/\\\/1dronas.lt\\\/en\\\/produktas\\\/betafpv-bt2-0-bateriju-ikroviklis-ir-itampos-testeris-v2\\\/#breadcrumb\"},\"inLanguage\":\"en-US\",\"potentialAction\":[{\"@type\":\"ReadAction\",\"target\":[\"https:\\\/\\\/1dronas.lt\\\/en\\\/produktas\\\/betafpv-bt2-0-bateriju-ikroviklis-ir-itampos-testeris-v2\\\/\"]}]},{\"@type\":\"ImageObject\",\"inLanguage\":\"en-US\",\"@id\":\"https:\\\/\\\/1dronas.lt\\\/en\\\/produktas\\\/betafpv-bt2-0-bateriju-ikroviklis-ir-itampos-testeris-v2\\\/#primaryimage\",\"url\":\"https:\\\/\\\/1dronas.lt\\\/wp-content\\\/uploads\\\/2025\\\/02\\\/74b96dbb2d19db9758ba306fc55ad040_56831345-bed1-4eac-9cbc-dbb03ebd263c_1080x-min.jpg\",\"contentUrl\":\"https:\\\/\\\/1dronas.lt\\\/wp-content\\\/uploads\\\/2025\\\/02\\\/74b96dbb2d19db9758ba306fc55ad040_56831345-bed1-4eac-9cbc-dbb03ebd263c_1080x-min.jpg\",\"width\":1080,\"height\":1080},{\"@type\":\"BreadcrumbList\",\"@id\":\"https:\\\/\\\/1dronas.lt\\\/en\\\/produktas\\\/betafpv-bt2-0-bateriju-ikroviklis-ir-itampos-testeris-v2\\\/#breadcrumb\",\"itemListElement\":[{\"@type\":\"ListItem\",\"position\":1,\"name\":\"Home\",\"item\":\"https:\\\/\\\/1dronas.lt\\\/\"},{\"@type\":\"ListItem\",\"position\":2,\"name\":\"Parduotuv\u0117\",\"item\":\"https:\\\/\\\/1dronas.lt\\\/parduotuve\\\/\"},{\"@type\":\"ListItem\",\"position\":3,\"name\":\"BetaFPV BT2.0 baterij\u0173 \u012fkroviklis ir \u012ftampos testeris V2\"}]},{\"@type\":\"WebSite\",\"@id\":\"https:\\\/\\\/1dronas.lt\\\/en\\\/#website\",\"url\":\"https:\\\/\\\/1dronas.lt\\\/en\\\/\",\"name\":\"1dronas.lt\",\"description\":\"Internetin\u0117 parduotuv\u0117\",\"publisher\":{\"@id\":\"https:\\\/\\\/1dronas.lt\\\/en\\\/#organization\"},\"potentialAction\":[{\"@type\":\"SearchAction\",\"target\":{\"@type\":\"EntryPoint\",\"urlTemplate\":\"https:\\\/\\\/1dronas.lt\\\/en\\\/?s={search_term_string}\"},\"query-input\":{\"@type\":\"PropertyValueSpecification\",\"valueRequired\":true,\"valueName\":\"search_term_string\"}}],\"inLanguage\":\"en-US\"},{\"@type\":\"Organization\",\"@id\":\"https:\\\/\\\/1dronas.lt\\\/en\\\/#organization\",\"name\":\"1dronas.lt\",\"url\":\"https:\\\/\\\/1dronas.lt\\\/en\\\/\",\"logo\":{\"@type\":\"ImageObject\",\"inLanguage\":\"en-US\",\"@id\":\"https:\\\/\\\/1dronas.lt\\\/en\\\/#\\\/schema\\\/logo\\\/image\\\/\",\"url\":\"https:\\\/\\\/1dronas.lt\\\/wp-content\\\/uploads\\\/2020\\\/12\\\/Ekrano_kopija__2_-removebg-preview-1-1.png\",\"contentUrl\":\"https:\\\/\\\/1dronas.lt\\\/wp-content\\\/uploads\\\/2020\\\/12\\\/Ekrano_kopija__2_-removebg-preview-1-1.png\",\"width\":234,\"height\":81,\"caption\":\"1dronas.lt\"},\"image\":{\"@id\":\"https:\\\/\\\/1dronas.lt\\\/en\\\/#\\\/schema\\\/logo\\\/image\\\/\"},\"sameAs\":[\"https:\\\/\\\/www.facebook.com\\\/1dronas\\\/\"]}]}<\/script>\n<!-- \/ Yoast SEO plugin. -->","yoast_head_json":{"title":"BetaFPV BT2.0 baterij\u0173 \u012fkroviklis ir \u012ftampos testeris V2 - 1dronas.lt","robots":{"index":"index","follow":"follow","max-snippet":"max-snippet:-1","max-image-preview":"max-image-preview:large","max-video-preview":"max-video-preview:-1"},"canonical":"https:\/\/1dronas.lt\/en\/produktas\/betafpv-bt2-0-bateriju-ikroviklis-ir-itampos-testeris-v2\/","og_locale":"en_US","og_type":"article","og_title":"BetaFPV BT2.0 baterij\u0173 \u012fkroviklis ir \u012ftampos testeris V2 - 1dronas.lt","og_description":"\u012erengtas skaitmeninio ekrano funkcija, leid\u017eian\u010dia steb\u0117ti baterijos \u012ftamp\u0105 \u012fkrovimo metu   1 \u2013 2 d. d.","og_url":"https:\/\/1dronas.lt\/en\/produktas\/betafpv-bt2-0-bateriju-ikroviklis-ir-itampos-testeris-v2\/","og_site_name":"1dronas.lt","article_publisher":"https:\/\/www.facebook.com\/1dronas\/","article_modified_time":"2026-04-17T10:51:03+00:00","og_image":[{"width":1080,"height":1080,"url":"https:\/\/1dronas.lt\/wp-content\/uploads\/2025\/02\/74b96dbb2d19db9758ba306fc55ad040_56831345-bed1-4eac-9cbc-dbb03ebd263c_1080x-min.jpg","type":"image\/jpeg"}],"twitter_card":"summary_large_image","twitter_misc":{"Est. reading time":"1 minute"},"schema":{"@context":"https:\/\/schema.org","@graph":[{"@type":"WebPage","@id":"https:\/\/1dronas.lt\/en\/produktas\/betafpv-bt2-0-bateriju-ikroviklis-ir-itampos-testeris-v2\/","url":"https:\/\/1dronas.lt\/en\/produktas\/betafpv-bt2-0-bateriju-ikroviklis-ir-itampos-testeris-v2\/","name":"BetaFPV BT2.0 baterij\u0173 \u012fkroviklis ir \u012ftampos testeris V2 - 1dronas.lt","isPartOf":{"@id":"https:\/\/1dronas.lt\/en\/#website"},"primaryImageOfPage":{"@id":"https:\/\/1dronas.lt\/en\/produktas\/betafpv-bt2-0-bateriju-ikroviklis-ir-itampos-testeris-v2\/#primaryimage"},"image":{"@id":"https:\/\/1dronas.lt\/en\/produktas\/betafpv-bt2-0-bateriju-ikroviklis-ir-itampos-testeris-v2\/#primaryimage"},"thumbnailUrl":"https:\/\/1dronas.lt\/wp-content\/uploads\/2025\/02\/74b96dbb2d19db9758ba306fc55ad040_56831345-bed1-4eac-9cbc-dbb03ebd263c_1080x-min.jpg","datePublished":"2025-02-24T21:55:43+00:00","dateModified":"2026-04-17T10:51:03+00:00","breadcrumb":{"@id":"https:\/\/1dronas.lt\/en\/produktas\/betafpv-bt2-0-bateriju-ikroviklis-ir-itampos-testeris-v2\/#breadcrumb"},"inLanguage":"en-US","potentialAction":[{"@type":"ReadAction","target":["https:\/\/1dronas.lt\/en\/produktas\/betafpv-bt2-0-bateriju-ikroviklis-ir-itampos-testeris-v2\/"]}]},{"@type":"ImageObject","inLanguage":"en-US","@id":"https:\/\/1dronas.lt\/en\/produktas\/betafpv-bt2-0-bateriju-ikroviklis-ir-itampos-testeris-v2\/#primaryimage","url":"https:\/\/1dronas.lt\/wp-content\/uploads\/2025\/02\/74b96dbb2d19db9758ba306fc55ad040_56831345-bed1-4eac-9cbc-dbb03ebd263c_1080x-min.jpg","contentUrl":"https:\/\/1dronas.lt\/wp-content\/uploads\/2025\/02\/74b96dbb2d19db9758ba306fc55ad040_56831345-bed1-4eac-9cbc-dbb03ebd263c_1080x-min.jpg","width":1080,"height":1080},{"@type":"BreadcrumbList","@id":"https:\/\/1dronas.lt\/en\/produktas\/betafpv-bt2-0-bateriju-ikroviklis-ir-itampos-testeris-v2\/#breadcrumb","itemListElement":[{"@type":"ListItem","position":1,"name":"Home","item":"https:\/\/1dronas.lt\/"},{"@type":"ListItem","position":2,"name":"Parduotuv\u0117","item":"https:\/\/1dronas.lt\/parduotuve\/"},{"@type":"ListItem","position":3,"name":"BetaFPV BT2.0 baterij\u0173 \u012fkroviklis ir \u012ftampos testeris V2"}]},{"@type":"WebSite","@id":"https:\/\/1dronas.lt\/en\/#website","url":"https:\/\/1dronas.lt\/en\/","name":"1dronas.lt","description":"Online store","publisher":{"@id":"https:\/\/1dronas.lt\/en\/#organization"},"potentialAction":[{"@type":"SearchAction","target":{"@type":"EntryPoint","urlTemplate":"https:\/\/1dronas.lt\/en\/?s={search_term_string}"},"query-input":{"@type":"PropertyValueSpecification","valueRequired":true,"valueName":"search_term_string"}}],"inLanguage":"en-US"},{"@type":"Organization","@id":"https:\/\/1dronas.lt\/en\/#organization","name":"1dronas.lt","url":"https:\/\/1dronas.lt\/en\/","logo":{"@type":"ImageObject","inLanguage":"en-US","@id":"https:\/\/1dronas.lt\/en\/#\/schema\/logo\/image\/","url":"https:\/\/1dronas.lt\/wp-content\/uploads\/2020\/12\/Ekrano_kopija__2_-removebg-preview-1-1.png","contentUrl":"https:\/\/1dronas.lt\/wp-content\/uploads\/2020\/12\/Ekrano_kopija__2_-removebg-preview-1-1.png","width":234,"height":81,"caption":"1dronas.lt"},"image":{"@id":"https:\/\/1dronas.lt\/en\/#\/schema\/logo\/image\/"},"sameAs":["https:\/\/www.facebook.com\/1dronas\/"]}]}},"jetpack_sharing_enabled":true,"_links":{"self":[{"href":"https:\/\/1dronas.lt\/en\/wp-json\/wp\/v2\/product\/8245","targetHints":{"allow":["GET"]}}],"collection":[{"href":"https:\/\/1dronas.lt\/en\/wp-json\/wp\/v2\/product"}],"about":[{"href":"https:\/\/1dronas.lt\/en\/wp-json\/wp\/v2\/types\/product"}],"replies":[{"embeddable":true,"href":"https:\/\/1dronas.lt\/en\/wp-json\/wp\/v2\/comments?post=8245"}],"wp:featuredmedia":[{"embeddable":true,"href":"https:\/\/1dronas.lt\/en\/wp-json\/wp\/v2\/media\/8248"}],"wp:attachment":[{"href":"https:\/\/1dronas.lt\/en\/wp-json\/wp\/v2\/media?parent=8245"}],"wp:term":[{"taxonomy":"product_brand","embeddable":true,"href":"https:\/\/1dronas.lt\/en\/wp-json\/wp\/v2\/product_brand?post=8245"},{"taxonomy":"product_cat","embeddable":true,"href":"https:\/\/1dronas.lt\/en\/wp-json\/wp\/v2\/product_cat?post=8245"},{"taxonomy":"product_tag","embeddable":true,"href":"https:\/\/1dronas.lt\/en\/wp-json\/wp\/v2\/product_tag?post=8245"}],"curies":[{"name":"wp","href":"https:\/\/api.w.org\/{rel}","templated":true}]}}