{"id":8240,"date":"2025-02-24T21:21:29","date_gmt":"2025-02-24T21:21:29","guid":{"rendered":"https:\/\/1dronas.lt\/?post_type=product&#038;p=8240"},"modified":"2026-04-29T17:58:29","modified_gmt":"2026-04-29T14:58:29","slug":"betafpv-2s-bateriju-kroviklis-xh2-54","status":"publish","type":"product","link":"https:\/\/1dronas.lt\/en\/produktas\/betafpv-2s-bateriju-kroviklis-xh2-54\/","title":{"rendered":"BETAFPV 2S Battery Charger-XH2.54"},"content":{"rendered":"<p><img loading=\"lazy\" decoding=\"async\" class=\"alignnone wp-image-8241 size-full\" src=\"https:\/\/1dronas.lt\/wp-content\/uploads\/2025\/02\/xh2.54_1d706b25-aa17-4fbb-b06f-1180963a2a43_1024x1024-min.jpg\" alt=\"\" width=\"1024\" height=\"576\" srcset=\"https:\/\/1dronas.lt\/wp-content\/uploads\/2025\/02\/xh2.54_1d706b25-aa17-4fbb-b06f-1180963a2a43_1024x1024-min.jpg 1024w, https:\/\/1dronas.lt\/wp-content\/uploads\/2025\/02\/xh2.54_1d706b25-aa17-4fbb-b06f-1180963a2a43_1024x1024-min-300x169.jpg 300w, https:\/\/1dronas.lt\/wp-content\/uploads\/2025\/02\/xh2.54_1d706b25-aa17-4fbb-b06f-1180963a2a43_1024x1024-min-768x432.jpg 768w, https:\/\/1dronas.lt\/wp-content\/uploads\/2025\/02\/xh2.54_1d706b25-aa17-4fbb-b06f-1180963a2a43_1024x1024-min-18x10.jpg 18w, https:\/\/1dronas.lt\/wp-content\/uploads\/2025\/02\/xh2.54_1d706b25-aa17-4fbb-b06f-1180963a2a43_1024x1024-min-510x287.jpg 510w\" sizes=\"auto, (max-width: 1024px) 100vw, 1024px\" \/><\/p>\n<p><strong>Features:<\/strong><\/p>\n<p><b>\u2022 <\/b>Supports PD3.0 fast charging protocol, providing higher power output for faster and safer charging with compatible devices;<br data-start=\"178\" data-end=\"181\" \/><b>\u2022 <\/b>Equipped with a digital display function that allows you to monitor battery voltage during charging;<br data-start=\"271\" data-end=\"274\" \/><b>\u2022 <\/b>Has a Type C interface instead of a USB interface.<\/p>\n<p><strong>Specification:<\/strong><\/p>\n<p><b>\u2022 <\/b>Battery type: XH2.54-LiPo (charging voltage: 8.4V);<br data-start=\"89\" data-end=\"92\" \/><b>\u2022 <\/b>Product color: Black (XH2.54);<br data-start=\"139\" data-end=\"142\" \/><b>\u2022 <\/b>input interface: Type-C USB;<br data-start=\"169\" data-end=\"172\" \/><b>\u2022 <\/b>Input voltage range: 5-12V;<br data-start=\"203\" data-end=\"206\" \/><b>\u2022 <\/b>Input power: Maximum 15W;<br data-start=\"235\" data-end=\"238\" \/><b>\u2022 <\/b>Maximum input current: 2.5A;<br data-start=\"276\" data-end=\"279\" \/><b>\u2022 <\/b>Charging protocol: PD3.0;<br data-start=\"305\" data-end=\"308\" \/><b>\u2022 <\/b>Weight (per charger): 17.0\u00b11.0g;<br data-start=\"340\" data-end=\"343\" \/><b>\u2022 <\/b>Dimensions (Length \u00d7 Width \u00d7 Height): 6 x 25 x 7mm;<br data-start=\"393\" data-end=\"396\" \/><b>\u2022 <\/b>Battery capacity display: LED digital display shows the total voltage and the voltage of each cell in the 2S battery.<\/p>\n<p>LED digital display and red LED indicator show charging status:<\/p>\n<table style=\"float: left;\" width=\"100%\">\n<tbody>\n<tr>\n<td style=\"width: 25.9152%;\">\n<div style=\"text-align: left;\">LED digital display<\/div>\n<\/td>\n<td style=\"width: 18.0848%;\">\n<div>Indicator status<\/div>\n<\/td>\n<td style=\"width: 21%;\">\n<div>Description<\/div>\n<\/td>\n<\/tr>\n<tr style=\"text-align: left;\">\n<td style=\"width: 25.9152%;\">\n<div>On the screen<\/div>\n<\/td>\n<td style=\"width: 18.0848%;\">Red light off<\/td>\n<td style=\"width: 21%;\">\n<div>Not charging<\/div>\n<\/td>\n<\/tr>\n<tr style=\"text-align: left;\">\n<td style=\"width: 25.9152%;\">\n<div>Total voltage<\/div>\n<\/td>\n<td style=\"width: 18.0848%;\">Red light on<\/td>\n<td style=\"width: 21%;\">\n<div>Loading<\/div>\n<\/td>\n<\/tr>\n<tr style=\"text-align: left;\">\n<td style=\"width: 25.9152%;\">\n<div>Rectangular symbol<\/div>\n<\/td>\n<td style=\"width: 18.0848%;\">Red light off<\/td>\n<td style=\"width: 21%;\">\n<div>Charging complete<\/div>\n<\/td>\n<\/tr>\n<tr style=\"text-align: left;\">\n<td style=\"width: 25.9152%;\">\n<div>No screen display<\/div>\n<\/td>\n<td style=\"width: 18.0848%;\">Red light is flashing<\/td>\n<td style=\"width: 21%;\">\n<div>Defective battery<\/div>\n<\/td>\n<\/tr>\n<\/tbody>\n<\/table>\n<p><strong>Package:<\/strong><\/p>\n<p>1x BETAFPV battery charger-XH2.54.<\/p>","protected":false},"excerpt":{"rendered":"<p><b> <\/b><span style=\"color: #000000;\">Equipped with a digital display function that allows you to monitor battery voltage during charging<\/span><\/p>\n<p><strong><span style=\"color: #000000;\"><img loading=\"lazy\" decoding=\"async\" class=\"alignnone wp-image-1806\" src=\"https:\/\/1dronas.lt\/wp-content\/uploads\/2021\/05\/delivery-icon.png\" alt=\"\" width=\"24\" height=\"24\" srcset=\"https:\/\/1dronas.lt\/wp-content\/uploads\/2021\/05\/delivery-icon.png 35w, https:\/\/1dronas.lt\/wp-content\/uploads\/2021\/05\/delivery-icon-12x12.png 12w\" sizes=\"auto, (max-width: 24px) 100vw, 24px\" \/> 1 \u2013 2 days<\/span><\/strong><\/p>","protected":false},"featured_media":8242,"comment_status":"open","ping_status":"closed","template":"","meta":[],"product_brand":[489],"product_cat":[157],"product_tag":[138,69,372,534],"class_list":{"0":"post-8240","1":"product","2":"type-product","3":"status-publish","4":"has-post-thumbnail","6":"product_brand-betafpv","7":"product_cat-ikrovikliai","8":"product_tag-2s","9":"product_tag-betafpv","10":"product_tag-ikroviklis","11":"product_tag-xh2-54","13":"first","14":"instock","15":"taxable","16":"shipping-taxable","17":"purchasable","18":"product-type-simple"},"yoast_head":"<!-- This site is optimized with the Yoast SEO plugin v27.5 - https:\/\/yoast.com\/product\/yoast-seo-wordpress\/ -->\n<title>BETAFPV 2S baterij\u0173 \u012fkroviklis-XH2.54 - 1dronas.lt<\/title>\n<meta name=\"robots\" content=\"index, follow, max-snippet:-1, max-image-preview:large, max-video-preview:-1\" \/>\n<link rel=\"canonical\" href=\"https:\/\/1dronas.lt\/en\/produktas\/betafpv-2s-bateriju-kroviklis-xh2-54\/\" \/>\n<meta property=\"og:locale\" content=\"en_US\" \/>\n<meta property=\"og:type\" content=\"article\" \/>\n<meta property=\"og:title\" content=\"BETAFPV 2S baterij\u0173 \u012fkroviklis-XH2.54 - 1dronas.lt\" \/>\n<meta property=\"og:description\" content=\"\u012erengtas skaitmeninio ekrano funkcija, leid\u017eian\u010dia steb\u0117ti baterijos \u012ftamp\u0105 \u012fkrovimo metu   1 \u2013 2 d. d.\" \/>\n<meta property=\"og:url\" content=\"https:\/\/1dronas.lt\/en\/produktas\/betafpv-2s-bateriju-kroviklis-xh2-54\/\" \/>\n<meta property=\"og:site_name\" content=\"1dronas.lt\" \/>\n<meta property=\"article:publisher\" content=\"https:\/\/www.facebook.com\/1dronas\/\" \/>\n<meta property=\"article:modified_time\" content=\"2026-04-29T14:58:29+00:00\" \/>\n<meta property=\"og:image\" content=\"https:\/\/1dronas.lt\/wp-content\/uploads\/2025\/02\/XH2.54_1080x-min.jpg\" \/>\n\t<meta property=\"og:image:width\" content=\"1080\" \/>\n\t<meta property=\"og:image:height\" content=\"1080\" \/>\n\t<meta property=\"og:image:type\" content=\"image\/jpeg\" \/>\n<meta name=\"twitter:card\" content=\"summary_large_image\" \/>\n<meta name=\"twitter:label1\" content=\"Est. reading time\" \/>\n\t<meta name=\"twitter:data1\" content=\"2 minutes\" \/>\n<script type=\"application\/ld+json\" class=\"yoast-schema-graph\">{\"@context\":\"https:\\\/\\\/schema.org\",\"@graph\":[{\"@type\":\"WebPage\",\"@id\":\"https:\\\/\\\/1dronas.lt\\\/en\\\/produktas\\\/betafpv-2s-bateriju-kroviklis-xh2-54\\\/\",\"url\":\"https:\\\/\\\/1dronas.lt\\\/en\\\/produktas\\\/betafpv-2s-bateriju-kroviklis-xh2-54\\\/\",\"name\":\"BETAFPV 2S baterij\u0173 \u012fkroviklis-XH2.54 - 1dronas.lt\",\"isPartOf\":{\"@id\":\"https:\\\/\\\/1dronas.lt\\\/en\\\/#website\"},\"primaryImageOfPage\":{\"@id\":\"https:\\\/\\\/1dronas.lt\\\/en\\\/produktas\\\/betafpv-2s-bateriju-kroviklis-xh2-54\\\/#primaryimage\"},\"image\":{\"@id\":\"https:\\\/\\\/1dronas.lt\\\/en\\\/produktas\\\/betafpv-2s-bateriju-kroviklis-xh2-54\\\/#primaryimage\"},\"thumbnailUrl\":\"https:\\\/\\\/1dronas.lt\\\/wp-content\\\/uploads\\\/2025\\\/02\\\/XH2.54_1080x-min.jpg\",\"datePublished\":\"2025-02-24T21:21:29+00:00\",\"dateModified\":\"2026-04-29T14:58:29+00:00\",\"breadcrumb\":{\"@id\":\"https:\\\/\\\/1dronas.lt\\\/en\\\/produktas\\\/betafpv-2s-bateriju-kroviklis-xh2-54\\\/#breadcrumb\"},\"inLanguage\":\"en-US\",\"potentialAction\":[{\"@type\":\"ReadAction\",\"target\":[\"https:\\\/\\\/1dronas.lt\\\/en\\\/produktas\\\/betafpv-2s-bateriju-kroviklis-xh2-54\\\/\"]}]},{\"@type\":\"ImageObject\",\"inLanguage\":\"en-US\",\"@id\":\"https:\\\/\\\/1dronas.lt\\\/en\\\/produktas\\\/betafpv-2s-bateriju-kroviklis-xh2-54\\\/#primaryimage\",\"url\":\"https:\\\/\\\/1dronas.lt\\\/wp-content\\\/uploads\\\/2025\\\/02\\\/XH2.54_1080x-min.jpg\",\"contentUrl\":\"https:\\\/\\\/1dronas.lt\\\/wp-content\\\/uploads\\\/2025\\\/02\\\/XH2.54_1080x-min.jpg\",\"width\":1080,\"height\":1080},{\"@type\":\"BreadcrumbList\",\"@id\":\"https:\\\/\\\/1dronas.lt\\\/en\\\/produktas\\\/betafpv-2s-bateriju-kroviklis-xh2-54\\\/#breadcrumb\",\"itemListElement\":[{\"@type\":\"ListItem\",\"position\":1,\"name\":\"Home\",\"item\":\"https:\\\/\\\/1dronas.lt\\\/\"},{\"@type\":\"ListItem\",\"position\":2,\"name\":\"Parduotuv\u0117\",\"item\":\"https:\\\/\\\/1dronas.lt\\\/parduotuve\\\/\"},{\"@type\":\"ListItem\",\"position\":3,\"name\":\"BETAFPV 2S baterij\u0173 \u012fkroviklis-XH2.54\"}]},{\"@type\":\"WebSite\",\"@id\":\"https:\\\/\\\/1dronas.lt\\\/en\\\/#website\",\"url\":\"https:\\\/\\\/1dronas.lt\\\/en\\\/\",\"name\":\"1dronas.lt\",\"description\":\"Internetin\u0117 parduotuv\u0117\",\"publisher\":{\"@id\":\"https:\\\/\\\/1dronas.lt\\\/en\\\/#organization\"},\"potentialAction\":[{\"@type\":\"SearchAction\",\"target\":{\"@type\":\"EntryPoint\",\"urlTemplate\":\"https:\\\/\\\/1dronas.lt\\\/en\\\/?s={search_term_string}\"},\"query-input\":{\"@type\":\"PropertyValueSpecification\",\"valueRequired\":true,\"valueName\":\"search_term_string\"}}],\"inLanguage\":\"en-US\"},{\"@type\":\"Organization\",\"@id\":\"https:\\\/\\\/1dronas.lt\\\/en\\\/#organization\",\"name\":\"1dronas.lt\",\"url\":\"https:\\\/\\\/1dronas.lt\\\/en\\\/\",\"logo\":{\"@type\":\"ImageObject\",\"inLanguage\":\"en-US\",\"@id\":\"https:\\\/\\\/1dronas.lt\\\/en\\\/#\\\/schema\\\/logo\\\/image\\\/\",\"url\":\"https:\\\/\\\/1dronas.lt\\\/wp-content\\\/uploads\\\/2020\\\/12\\\/Ekrano_kopija__2_-removebg-preview-1-1.png\",\"contentUrl\":\"https:\\\/\\\/1dronas.lt\\\/wp-content\\\/uploads\\\/2020\\\/12\\\/Ekrano_kopija__2_-removebg-preview-1-1.png\",\"width\":234,\"height\":81,\"caption\":\"1dronas.lt\"},\"image\":{\"@id\":\"https:\\\/\\\/1dronas.lt\\\/en\\\/#\\\/schema\\\/logo\\\/image\\\/\"},\"sameAs\":[\"https:\\\/\\\/www.facebook.com\\\/1dronas\\\/\"]}]}<\/script>\n<!-- \/ Yoast SEO plugin. -->","yoast_head_json":{"title":"BETAFPV 2S baterij\u0173 \u012fkroviklis-XH2.54 - 1dronas.lt","robots":{"index":"index","follow":"follow","max-snippet":"max-snippet:-1","max-image-preview":"max-image-preview:large","max-video-preview":"max-video-preview:-1"},"canonical":"https:\/\/1dronas.lt\/en\/produktas\/betafpv-2s-bateriju-kroviklis-xh2-54\/","og_locale":"en_US","og_type":"article","og_title":"BETAFPV 2S baterij\u0173 \u012fkroviklis-XH2.54 - 1dronas.lt","og_description":"\u012erengtas skaitmeninio ekrano funkcija, leid\u017eian\u010dia steb\u0117ti baterijos \u012ftamp\u0105 \u012fkrovimo metu   1 \u2013 2 d. d.","og_url":"https:\/\/1dronas.lt\/en\/produktas\/betafpv-2s-bateriju-kroviklis-xh2-54\/","og_site_name":"1dronas.lt","article_publisher":"https:\/\/www.facebook.com\/1dronas\/","article_modified_time":"2026-04-29T14:58:29+00:00","og_image":[{"width":1080,"height":1080,"url":"https:\/\/1dronas.lt\/wp-content\/uploads\/2025\/02\/XH2.54_1080x-min.jpg","type":"image\/jpeg"}],"twitter_card":"summary_large_image","twitter_misc":{"Est. reading time":"2 minutes"},"schema":{"@context":"https:\/\/schema.org","@graph":[{"@type":"WebPage","@id":"https:\/\/1dronas.lt\/en\/produktas\/betafpv-2s-bateriju-kroviklis-xh2-54\/","url":"https:\/\/1dronas.lt\/en\/produktas\/betafpv-2s-bateriju-kroviklis-xh2-54\/","name":"BETAFPV 2S baterij\u0173 \u012fkroviklis-XH2.54 - 1dronas.lt","isPartOf":{"@id":"https:\/\/1dronas.lt\/en\/#website"},"primaryImageOfPage":{"@id":"https:\/\/1dronas.lt\/en\/produktas\/betafpv-2s-bateriju-kroviklis-xh2-54\/#primaryimage"},"image":{"@id":"https:\/\/1dronas.lt\/en\/produktas\/betafpv-2s-bateriju-kroviklis-xh2-54\/#primaryimage"},"thumbnailUrl":"https:\/\/1dronas.lt\/wp-content\/uploads\/2025\/02\/XH2.54_1080x-min.jpg","datePublished":"2025-02-24T21:21:29+00:00","dateModified":"2026-04-29T14:58:29+00:00","breadcrumb":{"@id":"https:\/\/1dronas.lt\/en\/produktas\/betafpv-2s-bateriju-kroviklis-xh2-54\/#breadcrumb"},"inLanguage":"en-US","potentialAction":[{"@type":"ReadAction","target":["https:\/\/1dronas.lt\/en\/produktas\/betafpv-2s-bateriju-kroviklis-xh2-54\/"]}]},{"@type":"ImageObject","inLanguage":"en-US","@id":"https:\/\/1dronas.lt\/en\/produktas\/betafpv-2s-bateriju-kroviklis-xh2-54\/#primaryimage","url":"https:\/\/1dronas.lt\/wp-content\/uploads\/2025\/02\/XH2.54_1080x-min.jpg","contentUrl":"https:\/\/1dronas.lt\/wp-content\/uploads\/2025\/02\/XH2.54_1080x-min.jpg","width":1080,"height":1080},{"@type":"BreadcrumbList","@id":"https:\/\/1dronas.lt\/en\/produktas\/betafpv-2s-bateriju-kroviklis-xh2-54\/#breadcrumb","itemListElement":[{"@type":"ListItem","position":1,"name":"Home","item":"https:\/\/1dronas.lt\/"},{"@type":"ListItem","position":2,"name":"Parduotuv\u0117","item":"https:\/\/1dronas.lt\/parduotuve\/"},{"@type":"ListItem","position":3,"name":"BETAFPV 2S baterij\u0173 \u012fkroviklis-XH2.54"}]},{"@type":"WebSite","@id":"https:\/\/1dronas.lt\/en\/#website","url":"https:\/\/1dronas.lt\/en\/","name":"1dronas.lt","description":"Online store","publisher":{"@id":"https:\/\/1dronas.lt\/en\/#organization"},"potentialAction":[{"@type":"SearchAction","target":{"@type":"EntryPoint","urlTemplate":"https:\/\/1dronas.lt\/en\/?s={search_term_string}"},"query-input":{"@type":"PropertyValueSpecification","valueRequired":true,"valueName":"search_term_string"}}],"inLanguage":"en-US"},{"@type":"Organization","@id":"https:\/\/1dronas.lt\/en\/#organization","name":"1dronas.lt","url":"https:\/\/1dronas.lt\/en\/","logo":{"@type":"ImageObject","inLanguage":"en-US","@id":"https:\/\/1dronas.lt\/en\/#\/schema\/logo\/image\/","url":"https:\/\/1dronas.lt\/wp-content\/uploads\/2020\/12\/Ekrano_kopija__2_-removebg-preview-1-1.png","contentUrl":"https:\/\/1dronas.lt\/wp-content\/uploads\/2020\/12\/Ekrano_kopija__2_-removebg-preview-1-1.png","width":234,"height":81,"caption":"1dronas.lt"},"image":{"@id":"https:\/\/1dronas.lt\/en\/#\/schema\/logo\/image\/"},"sameAs":["https:\/\/www.facebook.com\/1dronas\/"]}]}},"jetpack_sharing_enabled":true,"_links":{"self":[{"href":"https:\/\/1dronas.lt\/en\/wp-json\/wp\/v2\/product\/8240","targetHints":{"allow":["GET"]}}],"collection":[{"href":"https:\/\/1dronas.lt\/en\/wp-json\/wp\/v2\/product"}],"about":[{"href":"https:\/\/1dronas.lt\/en\/wp-json\/wp\/v2\/types\/product"}],"replies":[{"embeddable":true,"href":"https:\/\/1dronas.lt\/en\/wp-json\/wp\/v2\/comments?post=8240"}],"wp:featuredmedia":[{"embeddable":true,"href":"https:\/\/1dronas.lt\/en\/wp-json\/wp\/v2\/media\/8242"}],"wp:attachment":[{"href":"https:\/\/1dronas.lt\/en\/wp-json\/wp\/v2\/media?parent=8240"}],"wp:term":[{"taxonomy":"product_brand","embeddable":true,"href":"https:\/\/1dronas.lt\/en\/wp-json\/wp\/v2\/product_brand?post=8240"},{"taxonomy":"product_cat","embeddable":true,"href":"https:\/\/1dronas.lt\/en\/wp-json\/wp\/v2\/product_cat?post=8240"},{"taxonomy":"product_tag","embeddable":true,"href":"https:\/\/1dronas.lt\/en\/wp-json\/wp\/v2\/product_tag?post=8240"}],"curies":[{"name":"wp","href":"https:\/\/api.w.org\/{rel}","templated":true}]}}