{"id":8149,"date":"2025-02-18T12:07:10","date_gmt":"2025-02-18T12:07:10","guid":{"rendered":"https:\/\/1dronas.lt\/?post_type=product&#038;p=8149"},"modified":"2026-04-02T16:48:52","modified_gmt":"2026-04-02T13:48:52","slug":"radiomaster-rp3-v2-expresslrs-2-4ghz-nano-receiver","status":"publish","type":"product","link":"https:\/\/1dronas.lt\/en\/produktas\/radiomaster-rp3-v2-expresslrs-2-4ghz-nano-receiver\/","title":{"rendered":"RadioMaster RP3 V2 ExpressLRS 2.4GHz Nano Receiver"},"content":{"rendered":"<p>The RadioMaster RP series receivers feature a built-in TCXO (Temperature-Controlled Crystal Oscillator) that ensures reliable, stable, and accurate signal reception, making them perform well in challenging conditions and enhancing the flight experience.<\/p>\n<p>The RadioMaster RP Series receivers are designed with size, ease of use and range in mind. Powered by ExpressLRS 2.4ghz open source software, the RP Series nano receivers deliver the features and range that modern pilots expect.<\/p>\n<p>Built with the ESP8285 MCU and SX1280IMLTRT RF chip, the RP series receivers offer LoRa and FLRC 2.4ghz RF communications with incredible range and low latency. Thanks to the built-in Wifi, FW updates can be performed on your board without removing the receiver. Binding can be done using a binding phrase, meaning no more fiddling with plugs or complicated button presses when trying to connect a battery.<\/p>\n<p>The RP3 receiver features Skyworks&#039; SE2431L, which includes an LNA for improved receiver performance, a PA for up to 100mW of telemetry performance, and antenna switching for antenna diversity.<\/p>\n<p><img loading=\"lazy\" decoding=\"async\" class=\"alignnone size-full wp-image-8150\" src=\"https:\/\/1dronas.lt\/wp-content\/uploads\/2025\/02\/RP3-Detail-Page-EN-PC_01_89e12043-7189-4dc5-b4d4-697e9cafa173_1024x1024.webp\" alt=\"\" width=\"1024\" height=\"575\" srcset=\"https:\/\/1dronas.lt\/wp-content\/uploads\/2025\/02\/RP3-Detail-Page-EN-PC_01_89e12043-7189-4dc5-b4d4-697e9cafa173_1024x1024.webp 1024w, https:\/\/1dronas.lt\/wp-content\/uploads\/2025\/02\/RP3-Detail-Page-EN-PC_01_89e12043-7189-4dc5-b4d4-697e9cafa173_1024x1024-510x286.webp 510w, https:\/\/1dronas.lt\/wp-content\/uploads\/2025\/02\/RP3-Detail-Page-EN-PC_01_89e12043-7189-4dc5-b4d4-697e9cafa173_1024x1024-300x168.webp 300w, https:\/\/1dronas.lt\/wp-content\/uploads\/2025\/02\/RP3-Detail-Page-EN-PC_01_89e12043-7189-4dc5-b4d4-697e9cafa173_1024x1024-768x431.webp 768w, https:\/\/1dronas.lt\/wp-content\/uploads\/2025\/02\/RP3-Detail-Page-EN-PC_01_89e12043-7189-4dc5-b4d4-697e9cafa173_1024x1024-18x10.webp 18w\" sizes=\"auto, (max-width: 1024px) 100vw, 1024px\" \/><\/p>\n<p><strong>Features:<\/strong><\/p>\n<p><strong>\u2022<\/strong> Optimized PCB design for better heat dissipation.<br \/>\n<strong>\u2022<\/strong> LNA for better receiver range.<br \/>\n<strong>\u2022<\/strong> PA for better telemetry range.<br \/>\n<strong>\u2022<\/strong> A variety of antennas for better signal stability and range.<br \/>\n<strong>\u2022\u00a0<\/strong>Integrated TCXO (temperature compensated crystal oscillator).<br \/>\n<strong>\u2022\u00a0<\/strong>Compatible with all 2.4 GHz ExpressLRS modules and transmitters with integrated 2.4 GHz ExpressLRS.<\/p>\n<p><strong>Specification:<\/strong><\/p>\n<p><strong>\u2022\u00a0<\/strong>Item: RP3 Diversity receiver;<br \/>\n<strong>\u2022\u00a0<\/strong>Type: ISM;<br \/>\n<strong>\u2022\u00a0<\/strong>MCU: ESP8285;<br \/>\n<strong>\u2022\u00a0<\/strong>RF chip: SX1281;<br \/>\n<strong>\u2022\u00a0<\/strong>Telemetry RF power: Max. 100 mW;<br \/>\n<strong>\u2022\u00a0<\/strong>Antennas: 65mm 2.4GHz T-type antenna x 2;<br \/>\n<strong>\u2022\u00a0<\/strong>Frequency range: 2.404 \u2013 2.479 GHz;<br \/>\n<strong>\u2022\u00a0<\/strong>Version: FCC;<br \/>\n<strong>\u2022\u00a0<\/strong>Maximum reception refresh rate: 500 Hz \/ F1000Hz;<br \/>\n<strong>\u2022\u00a0<\/strong>Minimum reception refresh rate: 25 Hz;<br \/>\n<strong>\u2022\u00a0<\/strong>Operating voltage: DC 5V;<br \/>\n<strong>\u2022\u00a0<\/strong>Weight: 4.6 g (including two antennas);<br \/>\n<strong>\u2022\u00a0<\/strong>Dimensions: 22 mm \u00d7 13 mm \u00d7 4 mm;<br \/>\n<strong>\u2022\u00a0<\/strong>Software version: ExpressLRS v3.0 pre-installed;<br \/>\n<strong>\u2022 <\/strong>FW Target: RadioMaster RP3 Diversity 2400 RX;<br \/>\n<strong>\u2022 <\/strong>Interface: CRSF.<\/p>\n<p><strong>TCXO (Temperature Compensated Crystal Oscillator)<\/strong><\/p>\n<p>The TCXO provides high frequency control stability and accuracy by compensating for temperature fluctuations. This ensures consistent and reliable signal reception even in extreme temperatures. It also reduces frequency drift over time, ensuring long-term frequency stability and protecting the signal from degradation.<\/p>\n<p><img loading=\"lazy\" decoding=\"async\" class=\"alignnone size-full wp-image-8154\" src=\"https:\/\/1dronas.lt\/wp-content\/uploads\/2025\/02\/RP-V2-Detail-Page-EN-PC-Shared_1024x1024.webp\" alt=\"\" width=\"1024\" height=\"575\" srcset=\"https:\/\/1dronas.lt\/wp-content\/uploads\/2025\/02\/RP-V2-Detail-Page-EN-PC-Shared_1024x1024.webp 1024w, https:\/\/1dronas.lt\/wp-content\/uploads\/2025\/02\/RP-V2-Detail-Page-EN-PC-Shared_1024x1024-510x286.webp 510w, https:\/\/1dronas.lt\/wp-content\/uploads\/2025\/02\/RP-V2-Detail-Page-EN-PC-Shared_1024x1024-300x168.webp 300w, https:\/\/1dronas.lt\/wp-content\/uploads\/2025\/02\/RP-V2-Detail-Page-EN-PC-Shared_1024x1024-768x431.webp 768w, https:\/\/1dronas.lt\/wp-content\/uploads\/2025\/02\/RP-V2-Detail-Page-EN-PC-Shared_1024x1024-18x10.webp 18w\" sizes=\"auto, (max-width: 1024px) 100vw, 1024px\" \/> <img loading=\"lazy\" decoding=\"async\" class=\"alignnone size-full wp-image-8151\" src=\"https:\/\/1dronas.lt\/wp-content\/uploads\/2025\/02\/RP3-Detail-Page-EN-PC_03_12bfc637-71aa-493c-b349-716249ba53a1_1024x1024.webp\" alt=\"\" width=\"1024\" height=\"575\" srcset=\"https:\/\/1dronas.lt\/wp-content\/uploads\/2025\/02\/RP3-Detail-Page-EN-PC_03_12bfc637-71aa-493c-b349-716249ba53a1_1024x1024.webp 1024w, https:\/\/1dronas.lt\/wp-content\/uploads\/2025\/02\/RP3-Detail-Page-EN-PC_03_12bfc637-71aa-493c-b349-716249ba53a1_1024x1024-510x286.webp 510w, https:\/\/1dronas.lt\/wp-content\/uploads\/2025\/02\/RP3-Detail-Page-EN-PC_03_12bfc637-71aa-493c-b349-716249ba53a1_1024x1024-300x168.webp 300w, https:\/\/1dronas.lt\/wp-content\/uploads\/2025\/02\/RP3-Detail-Page-EN-PC_03_12bfc637-71aa-493c-b349-716249ba53a1_1024x1024-768x431.webp 768w, https:\/\/1dronas.lt\/wp-content\/uploads\/2025\/02\/RP3-Detail-Page-EN-PC_03_12bfc637-71aa-493c-b349-716249ba53a1_1024x1024-18x10.webp 18w\" sizes=\"auto, (max-width: 1024px) 100vw, 1024px\" \/> <img loading=\"lazy\" decoding=\"async\" class=\"alignnone size-full wp-image-8152\" src=\"https:\/\/1dronas.lt\/wp-content\/uploads\/2025\/02\/RP3-Detail-Page-EN-PC_04_f5a2b113-79ce-4bf2-bedf-bb0d8fddddbc_1024x1024.webp\" alt=\"\" width=\"1024\" height=\"575\" srcset=\"https:\/\/1dronas.lt\/wp-content\/uploads\/2025\/02\/RP3-Detail-Page-EN-PC_04_f5a2b113-79ce-4bf2-bedf-bb0d8fddddbc_1024x1024.webp 1024w, https:\/\/1dronas.lt\/wp-content\/uploads\/2025\/02\/RP3-Detail-Page-EN-PC_04_f5a2b113-79ce-4bf2-bedf-bb0d8fddddbc_1024x1024-510x286.webp 510w, https:\/\/1dronas.lt\/wp-content\/uploads\/2025\/02\/RP3-Detail-Page-EN-PC_04_f5a2b113-79ce-4bf2-bedf-bb0d8fddddbc_1024x1024-300x168.webp 300w, https:\/\/1dronas.lt\/wp-content\/uploads\/2025\/02\/RP3-Detail-Page-EN-PC_04_f5a2b113-79ce-4bf2-bedf-bb0d8fddddbc_1024x1024-768x431.webp 768w, https:\/\/1dronas.lt\/wp-content\/uploads\/2025\/02\/RP3-Detail-Page-EN-PC_04_f5a2b113-79ce-4bf2-bedf-bb0d8fddddbc_1024x1024-18x10.webp 18w\" sizes=\"auto, (max-width: 1024px) 100vw, 1024px\" \/> <img loading=\"lazy\" decoding=\"async\" class=\"alignnone size-full wp-image-8153\" src=\"https:\/\/1dronas.lt\/wp-content\/uploads\/2025\/02\/RP3-Detail-Page-EN-PC_05_480x480.webp\" alt=\"\" width=\"480\" height=\"270\" srcset=\"https:\/\/1dronas.lt\/wp-content\/uploads\/2025\/02\/RP3-Detail-Page-EN-PC_05_480x480.webp 480w, https:\/\/1dronas.lt\/wp-content\/uploads\/2025\/02\/RP3-Detail-Page-EN-PC_05_480x480-300x169.webp 300w, https:\/\/1dronas.lt\/wp-content\/uploads\/2025\/02\/RP3-Detail-Page-EN-PC_05_480x480-18x10.webp 18w\" sizes=\"auto, (max-width: 480px) 100vw, 480px\" \/><\/p>\n<p><strong>Download:<\/strong><\/p>\n<p><strong>\u2022\u00a0<\/strong><span style=\"text-decoration: underline;\"><a href=\"https:\/\/cdn.shopify.com\/s\/files\/1\/0609\/8324\/7079\/files\/RP1_User_Manual.pdf?v=1722923320\" target=\"_blank\" rel=\"noopener\">RP1 Receiver User Manual (EN)<\/a><\/span><br \/>\n<strong>\u2022\u00a0<\/strong><span style=\"text-decoration: underline;\"><a href=\"https:\/\/cdn.shopify.com\/s\/files\/1\/0609\/8324\/7079\/files\/RP2_User_Manual.pdf?v=1722923303\" target=\"_blank\" rel=\"noopener\">RP2 Receiver User Manual (EN)<\/a><\/span><br \/>\n<strong>\u2022\u00a0<\/strong><span style=\"text-decoration: underline;\"><a href=\"https:\/\/cdn.shopify.com\/s\/files\/1\/0609\/8324\/7079\/files\/RP3_User_Manual.pdf?v=1722923337\" target=\"_blank\" rel=\"noopener\">RP3 Receiver User Manual (EN)<\/a><\/span><\/p>\n<p><img loading=\"lazy\" decoding=\"async\" class=\"alignnone size-full wp-image-8155\" src=\"https:\/\/1dronas.lt\/wp-content\/uploads\/2025\/02\/FB-RP1_RP2_PR3-V2-230823_1024x1024.webp\" alt=\"\" width=\"1024\" height=\"768\" srcset=\"https:\/\/1dronas.lt\/wp-content\/uploads\/2025\/02\/FB-RP1_RP2_PR3-V2-230823_1024x1024.webp 1024w, https:\/\/1dronas.lt\/wp-content\/uploads\/2025\/02\/FB-RP1_RP2_PR3-V2-230823_1024x1024-510x383.webp 510w, https:\/\/1dronas.lt\/wp-content\/uploads\/2025\/02\/FB-RP1_RP2_PR3-V2-230823_1024x1024-300x225.webp 300w, https:\/\/1dronas.lt\/wp-content\/uploads\/2025\/02\/FB-RP1_RP2_PR3-V2-230823_1024x1024-768x576.webp 768w, https:\/\/1dronas.lt\/wp-content\/uploads\/2025\/02\/FB-RP1_RP2_PR3-V2-230823_1024x1024-16x12.webp 16w\" sizes=\"auto, (max-width: 1024px) 100vw, 1024px\" \/><\/p>\n<p><strong>Package:<\/strong><\/p>\n<p>1 x RP3 ExpressLRS 2.4ghz nano receiver;<br \/>\n2 x 65mm UFL 2.4GHz T antenna;<br \/>\n1 x User manual;<br \/>\n1 x CRSF cable.<\/p>\n<p><img loading=\"lazy\" decoding=\"async\" class=\"alignnone size-full wp-image-8161\" src=\"https:\/\/1dronas.lt\/wp-content\/uploads\/2025\/02\/RP3-V2-1000X1000-2_86465421-502c-458f-a8c5-004f00a22f85_480x480.webp\" alt=\"\" width=\"480\" height=\"480\" srcset=\"https:\/\/1dronas.lt\/wp-content\/uploads\/2025\/02\/RP3-V2-1000X1000-2_86465421-502c-458f-a8c5-004f00a22f85_480x480.webp 480w, https:\/\/1dronas.lt\/wp-content\/uploads\/2025\/02\/RP3-V2-1000X1000-2_86465421-502c-458f-a8c5-004f00a22f85_480x480-247x247.webp 247w, https:\/\/1dronas.lt\/wp-content\/uploads\/2025\/02\/RP3-V2-1000X1000-2_86465421-502c-458f-a8c5-004f00a22f85_480x480-100x100.webp 100w, https:\/\/1dronas.lt\/wp-content\/uploads\/2025\/02\/RP3-V2-1000X1000-2_86465421-502c-458f-a8c5-004f00a22f85_480x480-300x300.webp 300w, https:\/\/1dronas.lt\/wp-content\/uploads\/2025\/02\/RP3-V2-1000X1000-2_86465421-502c-458f-a8c5-004f00a22f85_480x480-150x150.webp 150w, https:\/\/1dronas.lt\/wp-content\/uploads\/2025\/02\/RP3-V2-1000X1000-2_86465421-502c-458f-a8c5-004f00a22f85_480x480-12x12.webp 12w\" sizes=\"auto, (max-width: 480px) 100vw, 480px\" \/><\/p>\n<p>&nbsp;<\/p>","protected":false},"excerpt":{"rendered":"<p><span style=\"color: #282828;\">Using ExpressLRS 2.4GHz open source software, the RP Series nano receivers deliver the features and range that modern pilots expect.<\/span><\/p>\n<h4><span style=\"font-size: 90%; color: #282828;\"><strong><img loading=\"lazy\" decoding=\"async\" class=\"alignnone wp-image-1806\" src=\"https:\/\/1dronas.lt\/wp-content\/uploads\/2021\/05\/delivery-icon.png.webp\" alt=\"\" width=\"24\" height=\"24\" srcset=\"https:\/\/1dronas.lt\/wp-content\/uploads\/2021\/05\/delivery-icon.png 35w, https:\/\/1dronas.lt\/wp-content\/uploads\/2021\/05\/delivery-icon-12x12.png 12w\" sizes=\"auto, (max-width: 24px) 100vw, 24px\" \/>\u00a0 \u00a01 \u2013 2 days<\/strong><\/span><\/h4>","protected":false},"featured_media":8162,"comment_status":"open","ping_status":"closed","template":"","meta":[],"product_brand":[497],"product_cat":[682],"product_tag":[519,242,176,529,357,528],"class_list":{"0":"post-8149","1":"product","2":"type-product","3":"status-publish","4":"has-post-thumbnail","6":"product_brand-radiomaster","7":"product_cat-imtuvai-rx","8":"product_tag-2-4ghz","9":"product_tag-diversity-receiver","10":"product_tag-elrs","11":"product_tag-nano-receiver","12":"product_tag-radiomaster","13":"product_tag-rp3","15":"first","16":"instock","17":"taxable","18":"shipping-taxable","19":"purchasable","20":"product-type-simple"},"yoast_head":"<!-- This site is optimized with the Yoast SEO plugin v27.3 - https:\/\/yoast.com\/product\/yoast-seo-wordpress\/ -->\n<title>RadioMaster RP3 V2 ExpressLRS 2.4GHz Nano Receiver - 1dronas.lt<\/title>\n<meta name=\"robots\" content=\"index, follow, max-snippet:-1, max-image-preview:large, max-video-preview:-1\" \/>\n<link rel=\"canonical\" href=\"https:\/\/1dronas.lt\/en\/produktas\/radiomaster-rp3-v2-expresslrs-2-4ghz-nano-receiver\/\" \/>\n<meta property=\"og:locale\" content=\"en_US\" \/>\n<meta property=\"og:type\" content=\"article\" \/>\n<meta property=\"og:title\" content=\"RadioMaster RP3 V2 ExpressLRS 2.4GHz Nano Receiver - 1dronas.lt\" \/>\n<meta property=\"og:description\" content=\"Naudojant \u201eExpressLRS\u201c 2.4GHz atvirojo kodo programin\u0119 \u012frang\u0105, RP serijos nano imtuvai pasi\u017eymi savyb\u0117mis ir diapazonu, kuri\u0173 tikisi \u0161iuolaikiniai pilotai. \u00a0 \u00a01 \u2013 2 d. d.\" \/>\n<meta property=\"og:url\" content=\"https:\/\/1dronas.lt\/en\/produktas\/radiomaster-rp3-v2-expresslrs-2-4ghz-nano-receiver\/\" \/>\n<meta property=\"og:site_name\" content=\"1dronas.lt\" \/>\n<meta property=\"article:publisher\" content=\"https:\/\/www.facebook.com\/1dronas\/\" \/>\n<meta property=\"article:modified_time\" content=\"2026-04-02T13:48:52+00:00\" \/>\n<meta property=\"og:image\" content=\"https:\/\/1dronas.lt\/wp-content\/uploads\/2025\/02\/RP3-V240123_1800x1800.webp\" \/>\n\t<meta property=\"og:image:width\" content=\"1000\" \/>\n\t<meta property=\"og:image:height\" content=\"1000\" \/>\n\t<meta property=\"og:image:type\" content=\"image\/webp\" \/>\n<meta name=\"twitter:card\" content=\"summary_large_image\" \/>\n<meta name=\"twitter:label1\" content=\"Est. reading time\" \/>\n\t<meta name=\"twitter:data1\" content=\"4 minutes\" \/>\n<script type=\"application\/ld+json\" class=\"yoast-schema-graph\">{\"@context\":\"https:\\\/\\\/schema.org\",\"@graph\":[{\"@type\":\"WebPage\",\"@id\":\"https:\\\/\\\/1dronas.lt\\\/en\\\/produktas\\\/radiomaster-rp3-v2-expresslrs-2-4ghz-nano-receiver\\\/\",\"url\":\"https:\\\/\\\/1dronas.lt\\\/en\\\/produktas\\\/radiomaster-rp3-v2-expresslrs-2-4ghz-nano-receiver\\\/\",\"name\":\"RadioMaster RP3 V2 ExpressLRS 2.4GHz Nano Receiver - 1dronas.lt\",\"isPartOf\":{\"@id\":\"https:\\\/\\\/1dronas.lt\\\/en\\\/#website\"},\"primaryImageOfPage\":{\"@id\":\"https:\\\/\\\/1dronas.lt\\\/en\\\/produktas\\\/radiomaster-rp3-v2-expresslrs-2-4ghz-nano-receiver\\\/#primaryimage\"},\"image\":{\"@id\":\"https:\\\/\\\/1dronas.lt\\\/en\\\/produktas\\\/radiomaster-rp3-v2-expresslrs-2-4ghz-nano-receiver\\\/#primaryimage\"},\"thumbnailUrl\":\"https:\\\/\\\/1dronas.lt\\\/wp-content\\\/uploads\\\/2025\\\/02\\\/RP3-V240123_1800x1800.webp\",\"datePublished\":\"2025-02-18T12:07:10+00:00\",\"dateModified\":\"2026-04-02T13:48:52+00:00\",\"breadcrumb\":{\"@id\":\"https:\\\/\\\/1dronas.lt\\\/en\\\/produktas\\\/radiomaster-rp3-v2-expresslrs-2-4ghz-nano-receiver\\\/#breadcrumb\"},\"inLanguage\":\"en-US\",\"potentialAction\":[{\"@type\":\"ReadAction\",\"target\":[\"https:\\\/\\\/1dronas.lt\\\/en\\\/produktas\\\/radiomaster-rp3-v2-expresslrs-2-4ghz-nano-receiver\\\/\"]}]},{\"@type\":\"ImageObject\",\"inLanguage\":\"en-US\",\"@id\":\"https:\\\/\\\/1dronas.lt\\\/en\\\/produktas\\\/radiomaster-rp3-v2-expresslrs-2-4ghz-nano-receiver\\\/#primaryimage\",\"url\":\"https:\\\/\\\/1dronas.lt\\\/wp-content\\\/uploads\\\/2025\\\/02\\\/RP3-V240123_1800x1800.webp\",\"contentUrl\":\"https:\\\/\\\/1dronas.lt\\\/wp-content\\\/uploads\\\/2025\\\/02\\\/RP3-V240123_1800x1800.webp\",\"width\":1000,\"height\":1000},{\"@type\":\"BreadcrumbList\",\"@id\":\"https:\\\/\\\/1dronas.lt\\\/en\\\/produktas\\\/radiomaster-rp3-v2-expresslrs-2-4ghz-nano-receiver\\\/#breadcrumb\",\"itemListElement\":[{\"@type\":\"ListItem\",\"position\":1,\"name\":\"Home\",\"item\":\"https:\\\/\\\/1dronas.lt\\\/\"},{\"@type\":\"ListItem\",\"position\":2,\"name\":\"Parduotuv\u0117\",\"item\":\"https:\\\/\\\/1dronas.lt\\\/parduotuve\\\/\"},{\"@type\":\"ListItem\",\"position\":3,\"name\":\"RadioMaster RP3 V2 ExpressLRS 2.4GHz Nano Receiver\"}]},{\"@type\":\"WebSite\",\"@id\":\"https:\\\/\\\/1dronas.lt\\\/en\\\/#website\",\"url\":\"https:\\\/\\\/1dronas.lt\\\/en\\\/\",\"name\":\"1dronas.lt\",\"description\":\"Internetin\u0117 parduotuv\u0117\",\"publisher\":{\"@id\":\"https:\\\/\\\/1dronas.lt\\\/en\\\/#organization\"},\"potentialAction\":[{\"@type\":\"SearchAction\",\"target\":{\"@type\":\"EntryPoint\",\"urlTemplate\":\"https:\\\/\\\/1dronas.lt\\\/en\\\/?s={search_term_string}\"},\"query-input\":{\"@type\":\"PropertyValueSpecification\",\"valueRequired\":true,\"valueName\":\"search_term_string\"}}],\"inLanguage\":\"en-US\"},{\"@type\":\"Organization\",\"@id\":\"https:\\\/\\\/1dronas.lt\\\/en\\\/#organization\",\"name\":\"1dronas.lt\",\"url\":\"https:\\\/\\\/1dronas.lt\\\/en\\\/\",\"logo\":{\"@type\":\"ImageObject\",\"inLanguage\":\"en-US\",\"@id\":\"https:\\\/\\\/1dronas.lt\\\/en\\\/#\\\/schema\\\/logo\\\/image\\\/\",\"url\":\"https:\\\/\\\/1dronas.lt\\\/wp-content\\\/uploads\\\/2020\\\/12\\\/Ekrano_kopija__2_-removebg-preview-1-1.png\",\"contentUrl\":\"https:\\\/\\\/1dronas.lt\\\/wp-content\\\/uploads\\\/2020\\\/12\\\/Ekrano_kopija__2_-removebg-preview-1-1.png\",\"width\":234,\"height\":81,\"caption\":\"1dronas.lt\"},\"image\":{\"@id\":\"https:\\\/\\\/1dronas.lt\\\/en\\\/#\\\/schema\\\/logo\\\/image\\\/\"},\"sameAs\":[\"https:\\\/\\\/www.facebook.com\\\/1dronas\\\/\"]}]}<\/script>\n<!-- \/ Yoast SEO plugin. -->","yoast_head_json":{"title":"RadioMaster RP3 V2 ExpressLRS 2.4GHz Nano Receiver - 1dronas.lt","robots":{"index":"index","follow":"follow","max-snippet":"max-snippet:-1","max-image-preview":"max-image-preview:large","max-video-preview":"max-video-preview:-1"},"canonical":"https:\/\/1dronas.lt\/en\/produktas\/radiomaster-rp3-v2-expresslrs-2-4ghz-nano-receiver\/","og_locale":"en_US","og_type":"article","og_title":"RadioMaster RP3 V2 ExpressLRS 2.4GHz Nano Receiver - 1dronas.lt","og_description":"Naudojant \u201eExpressLRS\u201c 2.4GHz atvirojo kodo programin\u0119 \u012frang\u0105, RP serijos nano imtuvai pasi\u017eymi savyb\u0117mis ir diapazonu, kuri\u0173 tikisi \u0161iuolaikiniai pilotai. \u00a0 \u00a01 \u2013 2 d. d.","og_url":"https:\/\/1dronas.lt\/en\/produktas\/radiomaster-rp3-v2-expresslrs-2-4ghz-nano-receiver\/","og_site_name":"1dronas.lt","article_publisher":"https:\/\/www.facebook.com\/1dronas\/","article_modified_time":"2026-04-02T13:48:52+00:00","og_image":[{"width":1000,"height":1000,"url":"https:\/\/1dronas.lt\/wp-content\/uploads\/2025\/02\/RP3-V240123_1800x1800.webp","type":"image\/webp"}],"twitter_card":"summary_large_image","twitter_misc":{"Est. reading time":"4 minutes"},"schema":{"@context":"https:\/\/schema.org","@graph":[{"@type":"WebPage","@id":"https:\/\/1dronas.lt\/en\/produktas\/radiomaster-rp3-v2-expresslrs-2-4ghz-nano-receiver\/","url":"https:\/\/1dronas.lt\/en\/produktas\/radiomaster-rp3-v2-expresslrs-2-4ghz-nano-receiver\/","name":"RadioMaster RP3 V2 ExpressLRS 2.4GHz Nano Receiver - 1dronas.lt","isPartOf":{"@id":"https:\/\/1dronas.lt\/en\/#website"},"primaryImageOfPage":{"@id":"https:\/\/1dronas.lt\/en\/produktas\/radiomaster-rp3-v2-expresslrs-2-4ghz-nano-receiver\/#primaryimage"},"image":{"@id":"https:\/\/1dronas.lt\/en\/produktas\/radiomaster-rp3-v2-expresslrs-2-4ghz-nano-receiver\/#primaryimage"},"thumbnailUrl":"https:\/\/1dronas.lt\/wp-content\/uploads\/2025\/02\/RP3-V240123_1800x1800.webp","datePublished":"2025-02-18T12:07:10+00:00","dateModified":"2026-04-02T13:48:52+00:00","breadcrumb":{"@id":"https:\/\/1dronas.lt\/en\/produktas\/radiomaster-rp3-v2-expresslrs-2-4ghz-nano-receiver\/#breadcrumb"},"inLanguage":"en-US","potentialAction":[{"@type":"ReadAction","target":["https:\/\/1dronas.lt\/en\/produktas\/radiomaster-rp3-v2-expresslrs-2-4ghz-nano-receiver\/"]}]},{"@type":"ImageObject","inLanguage":"en-US","@id":"https:\/\/1dronas.lt\/en\/produktas\/radiomaster-rp3-v2-expresslrs-2-4ghz-nano-receiver\/#primaryimage","url":"https:\/\/1dronas.lt\/wp-content\/uploads\/2025\/02\/RP3-V240123_1800x1800.webp","contentUrl":"https:\/\/1dronas.lt\/wp-content\/uploads\/2025\/02\/RP3-V240123_1800x1800.webp","width":1000,"height":1000},{"@type":"BreadcrumbList","@id":"https:\/\/1dronas.lt\/en\/produktas\/radiomaster-rp3-v2-expresslrs-2-4ghz-nano-receiver\/#breadcrumb","itemListElement":[{"@type":"ListItem","position":1,"name":"Home","item":"https:\/\/1dronas.lt\/"},{"@type":"ListItem","position":2,"name":"Parduotuv\u0117","item":"https:\/\/1dronas.lt\/parduotuve\/"},{"@type":"ListItem","position":3,"name":"RadioMaster RP3 V2 ExpressLRS 2.4GHz Nano Receiver"}]},{"@type":"WebSite","@id":"https:\/\/1dronas.lt\/en\/#website","url":"https:\/\/1dronas.lt\/en\/","name":"1dronas.lt","description":"Online store","publisher":{"@id":"https:\/\/1dronas.lt\/en\/#organization"},"potentialAction":[{"@type":"SearchAction","target":{"@type":"EntryPoint","urlTemplate":"https:\/\/1dronas.lt\/en\/?s={search_term_string}"},"query-input":{"@type":"PropertyValueSpecification","valueRequired":true,"valueName":"search_term_string"}}],"inLanguage":"en-US"},{"@type":"Organization","@id":"https:\/\/1dronas.lt\/en\/#organization","name":"1dronas.lt","url":"https:\/\/1dronas.lt\/en\/","logo":{"@type":"ImageObject","inLanguage":"en-US","@id":"https:\/\/1dronas.lt\/en\/#\/schema\/logo\/image\/","url":"https:\/\/1dronas.lt\/wp-content\/uploads\/2020\/12\/Ekrano_kopija__2_-removebg-preview-1-1.png","contentUrl":"https:\/\/1dronas.lt\/wp-content\/uploads\/2020\/12\/Ekrano_kopija__2_-removebg-preview-1-1.png","width":234,"height":81,"caption":"1dronas.lt"},"image":{"@id":"https:\/\/1dronas.lt\/en\/#\/schema\/logo\/image\/"},"sameAs":["https:\/\/www.facebook.com\/1dronas\/"]}]}},"jetpack_sharing_enabled":true,"_links":{"self":[{"href":"https:\/\/1dronas.lt\/en\/wp-json\/wp\/v2\/product\/8149","targetHints":{"allow":["GET"]}}],"collection":[{"href":"https:\/\/1dronas.lt\/en\/wp-json\/wp\/v2\/product"}],"about":[{"href":"https:\/\/1dronas.lt\/en\/wp-json\/wp\/v2\/types\/product"}],"replies":[{"embeddable":true,"href":"https:\/\/1dronas.lt\/en\/wp-json\/wp\/v2\/comments?post=8149"}],"wp:featuredmedia":[{"embeddable":true,"href":"https:\/\/1dronas.lt\/en\/wp-json\/wp\/v2\/media\/8162"}],"wp:attachment":[{"href":"https:\/\/1dronas.lt\/en\/wp-json\/wp\/v2\/media?parent=8149"}],"wp:term":[{"taxonomy":"product_brand","embeddable":true,"href":"https:\/\/1dronas.lt\/en\/wp-json\/wp\/v2\/product_brand?post=8149"},{"taxonomy":"product_cat","embeddable":true,"href":"https:\/\/1dronas.lt\/en\/wp-json\/wp\/v2\/product_cat?post=8149"},{"taxonomy":"product_tag","embeddable":true,"href":"https:\/\/1dronas.lt\/en\/wp-json\/wp\/v2\/product_tag?post=8149"}],"curies":[{"name":"wp","href":"https:\/\/api.w.org\/{rel}","templated":true}]}}