{"id":7797,"date":"2025-01-31T14:59:39","date_gmt":"2025-01-31T14:59:39","guid":{"rendered":"https:\/\/1dronas.lt\/?post_type=product&#038;p=7797"},"modified":"2026-02-14T13:59:41","modified_gmt":"2026-02-14T11:59:41","slug":"dji-o4-air-unit-pro","status":"publish","type":"product","link":"https:\/\/1dronas.lt\/en\/produktas\/dji-o4-air-unit-pro\/","title":{"rendered":"DJI 04 Air Unit Pro"},"content":{"rendered":"<p><iframe loading=\"lazy\" title=\"Meet The DJI O4 Air Unit Series\" width=\"1020\" height=\"574\" src=\"https:\/\/www.youtube.com\/embed\/7GkR3RmzPhM?feature=oembed\" frameborder=\"0\" allow=\"accelerometer; autoplay; clipboard-write; encrypted-media; gyroscope; picture-in-picture; web-share\" referrerpolicy=\"strict-origin-when-cross-origin\" allowfullscreen><\/iframe><\/p>\n<p><strong>Features:<\/strong><\/p>\n<p>\u2022 DJI has introduced the new O4 Air Unit series, which features an advanced video transmission system that ensures ultra-low latency and higher accuracy. Using a dual-antenna design, the O4 Air Unit Pro has a maximum transmission distance of up to 15 kilometers. The system automatically selects the most stable frequency, allowing for smooth flight both over mountains and rivers and indoors;<br \/>\n\u2022 This series can record 4K\/60fps videos. The video transmission system uses H.265 video encoding, supporting 1080p\/100fps real-time video transmission, ensuring clear and smooth images even during high-speed flight;<br \/>\n\u2022 The new racing mode provides even more entertainment by reducing video transmission latency to 15 milliseconds and supporting up to eight aircraft racing simultaneously, providing an exciting high-speed flight experience;<br \/>\n\u2022 Even in bright light, the O4 Air Unit Pro camera module can be used with the DJI Avata 2 ND filter set (ND8\/16\/32), ensuring balanced exposure and natural colors. This allows flexible control of light flow and shutter speed, easily achieving natural motion blur and more dynamic images;<br \/>\n\u2022 The O4 Air Unit has a 1\/2-inch image sensor capable of recording 4K\/60fps video, while the O4 Air Unit Pro features a larger 1\/1.3-inch image sensor that supports 4K\/120fps recording. This allows you to create high-quality wide-angle videos without an additional action camera;<br \/>\n\u2022 The series supports Canvas mode and Betaflight OSD settings, allowing you to customize the real-time data and layout on your goggles screen, increasing the clarity of flight data and control accuracy;<br \/>\n\u2022 Lightweight and portable design provides wide compatibility. The O4 Air Unit can be mounted on 2-inch and smaller drone frames, supporting flexible assembly for a variety of creative flight scenarios. Experience the thrill of flight and capture high-quality images easily;<\/p>\n<p><strong>Specification:<\/strong><\/p>\n<p>Image capture:<\/p>\n<p>\u2022 1\/1.3 inch CMOS sensor;<br \/>\n\u2022 4K\/60fps, 4K\/120fps video recording;<br \/>\n\u2022 155\u00b0 ultra-wide field of view (FOV);<br \/>\n\u2022 10-bit D-Log M color mode.<\/p>\n<p>Video transmission:<\/p>\n<p>\u2022 O4 video transmission system with dual antenna;<br \/>\n\u2022 1080p\/100fps H.265 live view quality;<br \/>\n\u2022 Minimum video transmission delay \u2013 15 ms;<br \/>\n\u2022 Maximum video transmission distance \u2013 15 km;<br \/>\n\u2022 Maximum video transmission bitrate \u2013 60 Mbps.<\/p>\n<p>Integrated memory:<\/p>\n<p>\u2022 4 GB internal memory<br \/>\n\u2022 Supports microSD card expansion<\/p>\n<p>Weight:<\/p>\n<p>\u2022 32 g<\/p>\n<p>Dimensions:<\/p>\n<p>\u2022 33.5 \u00d7 33.5 \u00d7 13 mm<\/p>\n<p><strong>Package:<\/strong><\/p>\n<p>1x DJI O4 Air Unit Pro camera module;<br \/>\n1x DJI O4 Air Unit Pro transmission module;<br \/>\n2x DJI O4 Air Unit Pro antenna;<br \/>\n1x DJI O4 Air Unit Pro 3-in-1 Cable.<\/p>","protected":false},"excerpt":{"rendered":"<p><span style=\"color: #000000;\">The video transmission system uses H.265 video encoding, supporting 1080p\/100 frames per second real-time video transmission.<\/span><\/p>\n<p><span style=\"color: #000000;\"><strong><img loading=\"lazy\" decoding=\"async\" class=\"alignnone wp-image-1806\" src=\"https:\/\/1dronas.lt\/wp-content\/uploads\/2021\/05\/delivery-icon.png\" alt=\"\" width=\"24\" height=\"24\" srcset=\"https:\/\/1dronas.lt\/wp-content\/uploads\/2021\/05\/delivery-icon.png 35w, https:\/\/1dronas.lt\/wp-content\/uploads\/2021\/05\/delivery-icon-12x12.png 12w\" sizes=\"auto, (max-width: 24px) 100vw, 24px\" \/>\u00a0 \u00a01 \u2013 2 days<\/strong><\/span><\/p>","protected":false},"featured_media":7803,"comment_status":"open","ping_status":"closed","template":"","meta":[],"product_brand":[502],"product_cat":[218],"product_tag":[325,524,525,493],"class_list":{"0":"post-7797","1":"product","2":"type-product","3":"status-publish","4":"has-post-thumbnail","6":"product_brand-dji","7":"product_cat-vaizdo-siustuvai-vtx","8":"product_tag-dji","9":"product_tag-dji-04-air-unit","10":"product_tag-dji-04-air-unit-pro","11":"product_tag-dji-o4-air-unit-pro","13":"first","14":"outofstock","15":"taxable","16":"shipping-taxable","17":"purchasable","18":"product-type-simple"},"yoast_head":"<!-- This site is optimized with the Yoast SEO plugin v27.3 - https:\/\/yoast.com\/product\/yoast-seo-wordpress\/ -->\n<title>DJI 04 Air Unit Pro - 1dronas.lt<\/title>\n<meta name=\"robots\" content=\"index, follow, max-snippet:-1, max-image-preview:large, max-video-preview:-1\" \/>\n<link rel=\"canonical\" href=\"https:\/\/1dronas.lt\/en\/produktas\/dji-o4-air-unit-pro\/\" \/>\n<meta property=\"og:locale\" content=\"en_US\" \/>\n<meta property=\"og:type\" content=\"article\" \/>\n<meta property=\"og:title\" content=\"DJI 04 Air Unit Pro - 1dronas.lt\" \/>\n<meta property=\"og:description\" content=\"Vaizdo perdavimo sistema naudoja H.265 vaizdo kodavim\u0105, palaikant\u012f 1080p\/100 kadr\u0173 per sekund\u0119 realaus laiko vaizdo perdavim\u0105.  \u00a0 \u00a01 \u2013 2\u00a0d. d.\" \/>\n<meta property=\"og:url\" content=\"https:\/\/1dronas.lt\/en\/produktas\/dji-o4-air-unit-pro\/\" \/>\n<meta property=\"og:site_name\" content=\"1dronas.lt\" \/>\n<meta property=\"article:publisher\" content=\"https:\/\/www.facebook.com\/1dronas\/\" \/>\n<meta property=\"article:modified_time\" content=\"2026-02-14T11:59:41+00:00\" \/>\n<meta property=\"og:image\" content=\"https:\/\/1dronas.lt\/wp-content\/uploads\/2025\/01\/b7cf1c2b3ffc3f0bda2c4d3b039ff652@ultra-min.jpeg\" \/>\n\t<meta property=\"og:image:width\" content=\"1280\" \/>\n\t<meta property=\"og:image:height\" content=\"1280\" \/>\n\t<meta property=\"og:image:type\" content=\"image\/jpeg\" \/>\n<meta name=\"twitter:card\" content=\"summary_large_image\" \/>\n<meta name=\"twitter:label1\" content=\"Est. reading time\" \/>\n\t<meta name=\"twitter:data1\" content=\"3 minutes\" \/>\n<script type=\"application\/ld+json\" class=\"yoast-schema-graph\">{\"@context\":\"https:\\\/\\\/schema.org\",\"@graph\":[{\"@type\":\"WebPage\",\"@id\":\"https:\\\/\\\/1dronas.lt\\\/en\\\/produktas\\\/dji-o4-air-unit-pro\\\/\",\"url\":\"https:\\\/\\\/1dronas.lt\\\/en\\\/produktas\\\/dji-o4-air-unit-pro\\\/\",\"name\":\"DJI 04 Air Unit Pro - 1dronas.lt\",\"isPartOf\":{\"@id\":\"https:\\\/\\\/1dronas.lt\\\/en\\\/#website\"},\"primaryImageOfPage\":{\"@id\":\"https:\\\/\\\/1dronas.lt\\\/en\\\/produktas\\\/dji-o4-air-unit-pro\\\/#primaryimage\"},\"image\":{\"@id\":\"https:\\\/\\\/1dronas.lt\\\/en\\\/produktas\\\/dji-o4-air-unit-pro\\\/#primaryimage\"},\"thumbnailUrl\":\"https:\\\/\\\/1dronas.lt\\\/wp-content\\\/uploads\\\/2025\\\/01\\\/b7cf1c2b3ffc3f0bda2c4d3b039ff652@ultra-min.jpeg\",\"datePublished\":\"2025-01-31T14:59:39+00:00\",\"dateModified\":\"2026-02-14T11:59:41+00:00\",\"breadcrumb\":{\"@id\":\"https:\\\/\\\/1dronas.lt\\\/en\\\/produktas\\\/dji-o4-air-unit-pro\\\/#breadcrumb\"},\"inLanguage\":\"en-US\",\"potentialAction\":[{\"@type\":\"ReadAction\",\"target\":[\"https:\\\/\\\/1dronas.lt\\\/en\\\/produktas\\\/dji-o4-air-unit-pro\\\/\"]}]},{\"@type\":\"ImageObject\",\"inLanguage\":\"en-US\",\"@id\":\"https:\\\/\\\/1dronas.lt\\\/en\\\/produktas\\\/dji-o4-air-unit-pro\\\/#primaryimage\",\"url\":\"https:\\\/\\\/1dronas.lt\\\/wp-content\\\/uploads\\\/2025\\\/01\\\/b7cf1c2b3ffc3f0bda2c4d3b039ff652@ultra-min.jpeg\",\"contentUrl\":\"https:\\\/\\\/1dronas.lt\\\/wp-content\\\/uploads\\\/2025\\\/01\\\/b7cf1c2b3ffc3f0bda2c4d3b039ff652@ultra-min.jpeg\",\"width\":1280,\"height\":1280},{\"@type\":\"BreadcrumbList\",\"@id\":\"https:\\\/\\\/1dronas.lt\\\/en\\\/produktas\\\/dji-o4-air-unit-pro\\\/#breadcrumb\",\"itemListElement\":[{\"@type\":\"ListItem\",\"position\":1,\"name\":\"Home\",\"item\":\"https:\\\/\\\/1dronas.lt\\\/\"},{\"@type\":\"ListItem\",\"position\":2,\"name\":\"Parduotuv\u0117\",\"item\":\"https:\\\/\\\/1dronas.lt\\\/parduotuve\\\/\"},{\"@type\":\"ListItem\",\"position\":3,\"name\":\"DJI 04 Air Unit Pro\"}]},{\"@type\":\"WebSite\",\"@id\":\"https:\\\/\\\/1dronas.lt\\\/en\\\/#website\",\"url\":\"https:\\\/\\\/1dronas.lt\\\/en\\\/\",\"name\":\"1dronas.lt\",\"description\":\"Internetin\u0117 parduotuv\u0117\",\"publisher\":{\"@id\":\"https:\\\/\\\/1dronas.lt\\\/en\\\/#organization\"},\"potentialAction\":[{\"@type\":\"SearchAction\",\"target\":{\"@type\":\"EntryPoint\",\"urlTemplate\":\"https:\\\/\\\/1dronas.lt\\\/en\\\/?s={search_term_string}\"},\"query-input\":{\"@type\":\"PropertyValueSpecification\",\"valueRequired\":true,\"valueName\":\"search_term_string\"}}],\"inLanguage\":\"en-US\"},{\"@type\":\"Organization\",\"@id\":\"https:\\\/\\\/1dronas.lt\\\/en\\\/#organization\",\"name\":\"1dronas.lt\",\"url\":\"https:\\\/\\\/1dronas.lt\\\/en\\\/\",\"logo\":{\"@type\":\"ImageObject\",\"inLanguage\":\"en-US\",\"@id\":\"https:\\\/\\\/1dronas.lt\\\/en\\\/#\\\/schema\\\/logo\\\/image\\\/\",\"url\":\"https:\\\/\\\/1dronas.lt\\\/wp-content\\\/uploads\\\/2020\\\/12\\\/Ekrano_kopija__2_-removebg-preview-1-1.png\",\"contentUrl\":\"https:\\\/\\\/1dronas.lt\\\/wp-content\\\/uploads\\\/2020\\\/12\\\/Ekrano_kopija__2_-removebg-preview-1-1.png\",\"width\":234,\"height\":81,\"caption\":\"1dronas.lt\"},\"image\":{\"@id\":\"https:\\\/\\\/1dronas.lt\\\/en\\\/#\\\/schema\\\/logo\\\/image\\\/\"},\"sameAs\":[\"https:\\\/\\\/www.facebook.com\\\/1dronas\\\/\"]}]}<\/script>\n<!-- \/ Yoast SEO plugin. -->","yoast_head_json":{"title":"DJI 04 Air Unit Pro - 1dronas.lt","robots":{"index":"index","follow":"follow","max-snippet":"max-snippet:-1","max-image-preview":"max-image-preview:large","max-video-preview":"max-video-preview:-1"},"canonical":"https:\/\/1dronas.lt\/en\/produktas\/dji-o4-air-unit-pro\/","og_locale":"en_US","og_type":"article","og_title":"DJI 04 Air Unit Pro - 1dronas.lt","og_description":"Vaizdo perdavimo sistema naudoja H.265 vaizdo kodavim\u0105, palaikant\u012f 1080p\/100 kadr\u0173 per sekund\u0119 realaus laiko vaizdo perdavim\u0105.  \u00a0 \u00a01 \u2013 2\u00a0d. d.","og_url":"https:\/\/1dronas.lt\/en\/produktas\/dji-o4-air-unit-pro\/","og_site_name":"1dronas.lt","article_publisher":"https:\/\/www.facebook.com\/1dronas\/","article_modified_time":"2026-02-14T11:59:41+00:00","og_image":[{"width":1280,"height":1280,"url":"https:\/\/1dronas.lt\/wp-content\/uploads\/2025\/01\/b7cf1c2b3ffc3f0bda2c4d3b039ff652@ultra-min.jpeg","type":"image\/jpeg"}],"twitter_card":"summary_large_image","twitter_misc":{"Est. reading time":"3 minutes"},"schema":{"@context":"https:\/\/schema.org","@graph":[{"@type":"WebPage","@id":"https:\/\/1dronas.lt\/en\/produktas\/dji-o4-air-unit-pro\/","url":"https:\/\/1dronas.lt\/en\/produktas\/dji-o4-air-unit-pro\/","name":"DJI 04 Air Unit Pro - 1dronas.lt","isPartOf":{"@id":"https:\/\/1dronas.lt\/en\/#website"},"primaryImageOfPage":{"@id":"https:\/\/1dronas.lt\/en\/produktas\/dji-o4-air-unit-pro\/#primaryimage"},"image":{"@id":"https:\/\/1dronas.lt\/en\/produktas\/dji-o4-air-unit-pro\/#primaryimage"},"thumbnailUrl":"https:\/\/1dronas.lt\/wp-content\/uploads\/2025\/01\/b7cf1c2b3ffc3f0bda2c4d3b039ff652@ultra-min.jpeg","datePublished":"2025-01-31T14:59:39+00:00","dateModified":"2026-02-14T11:59:41+00:00","breadcrumb":{"@id":"https:\/\/1dronas.lt\/en\/produktas\/dji-o4-air-unit-pro\/#breadcrumb"},"inLanguage":"en-US","potentialAction":[{"@type":"ReadAction","target":["https:\/\/1dronas.lt\/en\/produktas\/dji-o4-air-unit-pro\/"]}]},{"@type":"ImageObject","inLanguage":"en-US","@id":"https:\/\/1dronas.lt\/en\/produktas\/dji-o4-air-unit-pro\/#primaryimage","url":"https:\/\/1dronas.lt\/wp-content\/uploads\/2025\/01\/b7cf1c2b3ffc3f0bda2c4d3b039ff652@ultra-min.jpeg","contentUrl":"https:\/\/1dronas.lt\/wp-content\/uploads\/2025\/01\/b7cf1c2b3ffc3f0bda2c4d3b039ff652@ultra-min.jpeg","width":1280,"height":1280},{"@type":"BreadcrumbList","@id":"https:\/\/1dronas.lt\/en\/produktas\/dji-o4-air-unit-pro\/#breadcrumb","itemListElement":[{"@type":"ListItem","position":1,"name":"Home","item":"https:\/\/1dronas.lt\/"},{"@type":"ListItem","position":2,"name":"Parduotuv\u0117","item":"https:\/\/1dronas.lt\/parduotuve\/"},{"@type":"ListItem","position":3,"name":"DJI 04 Air Unit Pro"}]},{"@type":"WebSite","@id":"https:\/\/1dronas.lt\/en\/#website","url":"https:\/\/1dronas.lt\/en\/","name":"1dronas.lt","description":"Online store","publisher":{"@id":"https:\/\/1dronas.lt\/en\/#organization"},"potentialAction":[{"@type":"SearchAction","target":{"@type":"EntryPoint","urlTemplate":"https:\/\/1dronas.lt\/en\/?s={search_term_string}"},"query-input":{"@type":"PropertyValueSpecification","valueRequired":true,"valueName":"search_term_string"}}],"inLanguage":"en-US"},{"@type":"Organization","@id":"https:\/\/1dronas.lt\/en\/#organization","name":"1dronas.lt","url":"https:\/\/1dronas.lt\/en\/","logo":{"@type":"ImageObject","inLanguage":"en-US","@id":"https:\/\/1dronas.lt\/en\/#\/schema\/logo\/image\/","url":"https:\/\/1dronas.lt\/wp-content\/uploads\/2020\/12\/Ekrano_kopija__2_-removebg-preview-1-1.png","contentUrl":"https:\/\/1dronas.lt\/wp-content\/uploads\/2020\/12\/Ekrano_kopija__2_-removebg-preview-1-1.png","width":234,"height":81,"caption":"1dronas.lt"},"image":{"@id":"https:\/\/1dronas.lt\/en\/#\/schema\/logo\/image\/"},"sameAs":["https:\/\/www.facebook.com\/1dronas\/"]}]}},"jetpack_sharing_enabled":true,"_links":{"self":[{"href":"https:\/\/1dronas.lt\/en\/wp-json\/wp\/v2\/product\/7797","targetHints":{"allow":["GET"]}}],"collection":[{"href":"https:\/\/1dronas.lt\/en\/wp-json\/wp\/v2\/product"}],"about":[{"href":"https:\/\/1dronas.lt\/en\/wp-json\/wp\/v2\/types\/product"}],"replies":[{"embeddable":true,"href":"https:\/\/1dronas.lt\/en\/wp-json\/wp\/v2\/comments?post=7797"}],"wp:featuredmedia":[{"embeddable":true,"href":"https:\/\/1dronas.lt\/en\/wp-json\/wp\/v2\/media\/7803"}],"wp:attachment":[{"href":"https:\/\/1dronas.lt\/en\/wp-json\/wp\/v2\/media?parent=7797"}],"wp:term":[{"taxonomy":"product_brand","embeddable":true,"href":"https:\/\/1dronas.lt\/en\/wp-json\/wp\/v2\/product_brand?post=7797"},{"taxonomy":"product_cat","embeddable":true,"href":"https:\/\/1dronas.lt\/en\/wp-json\/wp\/v2\/product_cat?post=7797"},{"taxonomy":"product_tag","embeddable":true,"href":"https:\/\/1dronas.lt\/en\/wp-json\/wp\/v2\/product_tag?post=7797"}],"curies":[{"name":"wp","href":"https:\/\/api.w.org\/{rel}","templated":true}]}}