{"id":7713,"date":"2025-01-25T11:46:08","date_gmt":"2025-01-25T11:46:08","guid":{"rendered":"https:\/\/1dronas.lt\/?post_type=product&#038;p=7713"},"modified":"2026-04-11T22:43:39","modified_gmt":"2026-04-11T19:43:39","slug":"blitz-m10-gps-v2","status":"publish","type":"product","link":"https:\/\/1dronas.lt\/en\/produktas\/blitz-m10-gps-v2\/","title":{"rendered":"iFlight BLITZ M10 GPS V2 module"},"content":{"rendered":"<p><strong>The new updated BLITZ M10 GPS V2 is here!<\/strong><br \/>\nThe M10 offers faster and more stable satellite acquisition, giving users a more reliable and efficient GPS experience.<\/p>\n<p><strong>Features:<\/strong><\/p>\n<p><b>\u2022 <\/b>UBLOX M10 chip: low power consumption, strong signal;<br \/>\n<b>\u2022 <\/b>Compass module: integrated QMC5883L;<br \/>\n<b>\u2022 <\/b>Integrated farad capacitor: faster start-up (hot start);<br \/>\n<b>\u2022 <\/b>High-precision positioning;<br \/>\n<b>\u2022 <\/b>Integrated LNA (low noise amplifier), RF filter and TCXO (temperature compensated quartz oscillator);<br \/>\n<b>\u2022 <\/b>10 Hz refresh rate;<br \/>\n<b>\u2022 <\/b>Integrated memory (Flash).<\/p>\n<p><strong>Specification:<\/strong><\/p>\n<p>\u2022 Compass module: QMC5883L;<br \/>\n\u2022 Data transfer rate: 9600-460800 \/ 4800 bps\u2013921600 bps (default \u2013 115200 bps);<br \/>\n\u2022 Sensitivity: Monitoring: -167 dBm;<br \/>\n\u2022 Cold start: 27 s;<br \/>\n\u2022 Hot start: 1 s;<br \/>\n\u2022 Maximum altitude: 80,000 m;<br \/>\n\u2022 Maximum speed: 500 m\/s;<br \/>\n\u2022 Speed accuracy: 0.05 m\/s;<br \/>\n\u2022 Maximum acceleration: \u2266 4G;<br \/>\n\u2022 Refresh rate: 10 Hz;<br \/>\n\u2022 GPS antenna size: 18.2 x 18.2 x 4 mm \/ 25 x 25 x 6 mm;<br \/>\n\u2022 Overall dimensions: 20 x 21 x 8 mm \/ 25 x 25 x 11 mm;<br \/>\n\u2022 Weight: 8g \/ 16g;<br \/>\n\u2022 Input voltage: 3.3-5.5 V;<br \/>\n\u2022 GPS connection definition: RX\/TX UART;<br \/>\n\u2022 Compass connection definition: SDA\/SLA;<br \/>\n\u2022 GNSS: GPS+SBAS+Galileo+QZSS+Glonass.<\/p>\n<p><strong>Compatibility:<\/strong><\/p>\n<p><strong>20x21x8 (Mini version)<\/strong><br \/>\n\u2022 Single-hole TPU holder:<br \/>\n\u2022 Chimera7 Pro v2;<br \/>\n\u2022 iH3 O3;<br \/>\n\u2022 Nazgul Evoque F4\/F5\/F6;<br \/>\n\u2022 XL10 v6;<br \/>\n\u2022 BOB57 HD.<\/p>\n<p><strong>Two-hole TPU holder:<\/strong><\/p>\n<p>\u2022 Nazgul5 V3;<br \/>\n\u2022 Taurus X8 Pro\/V3;<br \/>\n\u2022 ProTek60 Pro.<\/p>\n<p><strong>Package:<\/strong><\/p>\n<p>1 x BLITZ M10 GPS V2;<br \/>\n1 x Cable set.<\/p>","protected":false},"excerpt":{"rendered":"<p><span style=\"color: #000000;\">The M10 offers faster and more stable satellite search.<\/span><\/p>\n<p><span style=\"color: #000000;\"><img loading=\"lazy\" decoding=\"async\" class=\"alignnone wp-image-1806\" src=\"https:\/\/1dronas.lt\/wp-content\/uploads\/2021\/05\/delivery-icon.png\" alt=\"\" width=\"24\" height=\"24\" srcset=\"https:\/\/1dronas.lt\/wp-content\/uploads\/2021\/05\/delivery-icon.png 35w, https:\/\/1dronas.lt\/wp-content\/uploads\/2021\/05\/delivery-icon-12x12.png 12w\" sizes=\"auto, (max-width: 24px) 100vw, 24px\" \/>\u00a0<strong>1 \u2013 2 days<\/strong><\/span><\/p>","protected":false},"featured_media":7718,"comment_status":"open","ping_status":"closed","template":"","meta":[],"product_brand":[496],"product_cat":[220],"product_tag":[484,40,91],"class_list":{"0":"post-7713","1":"product","2":"type-product","3":"status-publish","4":"has-post-thumbnail","6":"product_brand-iflight","7":"product_cat-gps","8":"product_tag-blitz-m10-gps-v2","9":"product_tag-gps","10":"product_tag-iflight","12":"first","13":"instock","14":"taxable","15":"shipping-taxable","16":"purchasable","17":"product-type-variable","18":"has-default-attributes"},"yoast_head":"<!-- This site is optimized with the Yoast SEO plugin v27.3 - https:\/\/yoast.com\/product\/yoast-seo-wordpress\/ -->\n<title>iFlight BLITZ M10 GPS V2 modulis - 1dronas.lt<\/title>\n<meta name=\"robots\" content=\"index, follow, max-snippet:-1, max-image-preview:large, max-video-preview:-1\" \/>\n<link rel=\"canonical\" href=\"https:\/\/1dronas.lt\/en\/produktas\/blitz-m10-gps-v2\/\" \/>\n<meta property=\"og:locale\" content=\"en_US\" \/>\n<meta property=\"og:type\" content=\"article\" \/>\n<meta property=\"og:title\" content=\"iFlight BLITZ M10 GPS V2 modulis - 1dronas.lt\" \/>\n<meta property=\"og:description\" content=\"M10 si\u016blo greitesn\u0119 ir stabilesn\u0119 palydov\u0173 paie\u0161k\u0105.  \u00a01 \u2013 2 d. d.\" \/>\n<meta property=\"og:url\" content=\"https:\/\/1dronas.lt\/en\/produktas\/blitz-m10-gps-v2\/\" \/>\n<meta property=\"og:site_name\" content=\"1dronas.lt\" \/>\n<meta property=\"article:publisher\" content=\"https:\/\/www.facebook.com\/1dronas\/\" \/>\n<meta property=\"article:modified_time\" content=\"2026-04-11T19:43:39+00:00\" \/>\n<meta property=\"og:image\" content=\"https:\/\/1dronas.lt\/wp-content\/uploads\/2025\/01\/blitz-m10-gps-v2-mini-20x21x8mm-374884-min.jpeg\" \/>\n\t<meta property=\"og:image:width\" content=\"800\" \/>\n\t<meta property=\"og:image:height\" content=\"800\" \/>\n\t<meta property=\"og:image:type\" content=\"image\/jpeg\" \/>\n<meta name=\"twitter:card\" content=\"summary_large_image\" \/>\n<meta name=\"twitter:label1\" content=\"Est. reading time\" \/>\n\t<meta name=\"twitter:data1\" content=\"2 minutes\" \/>\n<script type=\"application\/ld+json\" class=\"yoast-schema-graph\">{\"@context\":\"https:\\\/\\\/schema.org\",\"@graph\":[{\"@type\":\"WebPage\",\"@id\":\"https:\\\/\\\/1dronas.lt\\\/en\\\/produktas\\\/blitz-m10-gps-v2\\\/\",\"url\":\"https:\\\/\\\/1dronas.lt\\\/en\\\/produktas\\\/blitz-m10-gps-v2\\\/\",\"name\":\"iFlight BLITZ M10 GPS V2 modulis - 1dronas.lt\",\"isPartOf\":{\"@id\":\"https:\\\/\\\/1dronas.lt\\\/en\\\/#website\"},\"primaryImageOfPage\":{\"@id\":\"https:\\\/\\\/1dronas.lt\\\/en\\\/produktas\\\/blitz-m10-gps-v2\\\/#primaryimage\"},\"image\":{\"@id\":\"https:\\\/\\\/1dronas.lt\\\/en\\\/produktas\\\/blitz-m10-gps-v2\\\/#primaryimage\"},\"thumbnailUrl\":\"https:\\\/\\\/1dronas.lt\\\/wp-content\\\/uploads\\\/2025\\\/01\\\/blitz-m10-gps-v2-mini-20x21x8mm-374884-min.jpeg\",\"datePublished\":\"2025-01-25T11:46:08+00:00\",\"dateModified\":\"2026-04-11T19:43:39+00:00\",\"breadcrumb\":{\"@id\":\"https:\\\/\\\/1dronas.lt\\\/en\\\/produktas\\\/blitz-m10-gps-v2\\\/#breadcrumb\"},\"inLanguage\":\"en-US\",\"potentialAction\":[{\"@type\":\"ReadAction\",\"target\":[\"https:\\\/\\\/1dronas.lt\\\/en\\\/produktas\\\/blitz-m10-gps-v2\\\/\"]}]},{\"@type\":\"ImageObject\",\"inLanguage\":\"en-US\",\"@id\":\"https:\\\/\\\/1dronas.lt\\\/en\\\/produktas\\\/blitz-m10-gps-v2\\\/#primaryimage\",\"url\":\"https:\\\/\\\/1dronas.lt\\\/wp-content\\\/uploads\\\/2025\\\/01\\\/blitz-m10-gps-v2-mini-20x21x8mm-374884-min.jpeg\",\"contentUrl\":\"https:\\\/\\\/1dronas.lt\\\/wp-content\\\/uploads\\\/2025\\\/01\\\/blitz-m10-gps-v2-mini-20x21x8mm-374884-min.jpeg\",\"width\":800,\"height\":800},{\"@type\":\"BreadcrumbList\",\"@id\":\"https:\\\/\\\/1dronas.lt\\\/en\\\/produktas\\\/blitz-m10-gps-v2\\\/#breadcrumb\",\"itemListElement\":[{\"@type\":\"ListItem\",\"position\":1,\"name\":\"Home\",\"item\":\"https:\\\/\\\/1dronas.lt\\\/\"},{\"@type\":\"ListItem\",\"position\":2,\"name\":\"Parduotuv\u0117\",\"item\":\"https:\\\/\\\/1dronas.lt\\\/parduotuve\\\/\"},{\"@type\":\"ListItem\",\"position\":3,\"name\":\"iFlight BLITZ M10 GPS V2 modulis\"}]},{\"@type\":\"WebSite\",\"@id\":\"https:\\\/\\\/1dronas.lt\\\/en\\\/#website\",\"url\":\"https:\\\/\\\/1dronas.lt\\\/en\\\/\",\"name\":\"1dronas.lt\",\"description\":\"Internetin\u0117 parduotuv\u0117\",\"publisher\":{\"@id\":\"https:\\\/\\\/1dronas.lt\\\/en\\\/#organization\"},\"potentialAction\":[{\"@type\":\"SearchAction\",\"target\":{\"@type\":\"EntryPoint\",\"urlTemplate\":\"https:\\\/\\\/1dronas.lt\\\/en\\\/?s={search_term_string}\"},\"query-input\":{\"@type\":\"PropertyValueSpecification\",\"valueRequired\":true,\"valueName\":\"search_term_string\"}}],\"inLanguage\":\"en-US\"},{\"@type\":\"Organization\",\"@id\":\"https:\\\/\\\/1dronas.lt\\\/en\\\/#organization\",\"name\":\"1dronas.lt\",\"url\":\"https:\\\/\\\/1dronas.lt\\\/en\\\/\",\"logo\":{\"@type\":\"ImageObject\",\"inLanguage\":\"en-US\",\"@id\":\"https:\\\/\\\/1dronas.lt\\\/en\\\/#\\\/schema\\\/logo\\\/image\\\/\",\"url\":\"https:\\\/\\\/1dronas.lt\\\/wp-content\\\/uploads\\\/2020\\\/12\\\/Ekrano_kopija__2_-removebg-preview-1-1.png\",\"contentUrl\":\"https:\\\/\\\/1dronas.lt\\\/wp-content\\\/uploads\\\/2020\\\/12\\\/Ekrano_kopija__2_-removebg-preview-1-1.png\",\"width\":234,\"height\":81,\"caption\":\"1dronas.lt\"},\"image\":{\"@id\":\"https:\\\/\\\/1dronas.lt\\\/en\\\/#\\\/schema\\\/logo\\\/image\\\/\"},\"sameAs\":[\"https:\\\/\\\/www.facebook.com\\\/1dronas\\\/\"]}]}<\/script>\n<!-- \/ Yoast SEO plugin. -->","yoast_head_json":{"title":"iFlight BLITZ M10 GPS V2 module - 1dronas.lt","robots":{"index":"index","follow":"follow","max-snippet":"max-snippet:-1","max-image-preview":"max-image-preview:large","max-video-preview":"max-video-preview:-1"},"canonical":"https:\/\/1dronas.lt\/en\/produktas\/blitz-m10-gps-v2\/","og_locale":"en_US","og_type":"article","og_title":"iFlight BLITZ M10 GPS V2 modulis - 1dronas.lt","og_description":"M10 si\u016blo greitesn\u0119 ir stabilesn\u0119 palydov\u0173 paie\u0161k\u0105.  \u00a01 \u2013 2 d. d.","og_url":"https:\/\/1dronas.lt\/en\/produktas\/blitz-m10-gps-v2\/","og_site_name":"1dronas.lt","article_publisher":"https:\/\/www.facebook.com\/1dronas\/","article_modified_time":"2026-04-11T19:43:39+00:00","og_image":[{"width":800,"height":800,"url":"https:\/\/1dronas.lt\/wp-content\/uploads\/2025\/01\/blitz-m10-gps-v2-mini-20x21x8mm-374884-min.jpeg","type":"image\/jpeg"}],"twitter_card":"summary_large_image","twitter_misc":{"Est. reading time":"2 minutes"},"schema":{"@context":"https:\/\/schema.org","@graph":[{"@type":"WebPage","@id":"https:\/\/1dronas.lt\/en\/produktas\/blitz-m10-gps-v2\/","url":"https:\/\/1dronas.lt\/en\/produktas\/blitz-m10-gps-v2\/","name":"iFlight BLITZ M10 GPS V2 module - 1dronas.lt","isPartOf":{"@id":"https:\/\/1dronas.lt\/en\/#website"},"primaryImageOfPage":{"@id":"https:\/\/1dronas.lt\/en\/produktas\/blitz-m10-gps-v2\/#primaryimage"},"image":{"@id":"https:\/\/1dronas.lt\/en\/produktas\/blitz-m10-gps-v2\/#primaryimage"},"thumbnailUrl":"https:\/\/1dronas.lt\/wp-content\/uploads\/2025\/01\/blitz-m10-gps-v2-mini-20x21x8mm-374884-min.jpeg","datePublished":"2025-01-25T11:46:08+00:00","dateModified":"2026-04-11T19:43:39+00:00","breadcrumb":{"@id":"https:\/\/1dronas.lt\/en\/produktas\/blitz-m10-gps-v2\/#breadcrumb"},"inLanguage":"en-US","potentialAction":[{"@type":"ReadAction","target":["https:\/\/1dronas.lt\/en\/produktas\/blitz-m10-gps-v2\/"]}]},{"@type":"ImageObject","inLanguage":"en-US","@id":"https:\/\/1dronas.lt\/en\/produktas\/blitz-m10-gps-v2\/#primaryimage","url":"https:\/\/1dronas.lt\/wp-content\/uploads\/2025\/01\/blitz-m10-gps-v2-mini-20x21x8mm-374884-min.jpeg","contentUrl":"https:\/\/1dronas.lt\/wp-content\/uploads\/2025\/01\/blitz-m10-gps-v2-mini-20x21x8mm-374884-min.jpeg","width":800,"height":800},{"@type":"BreadcrumbList","@id":"https:\/\/1dronas.lt\/en\/produktas\/blitz-m10-gps-v2\/#breadcrumb","itemListElement":[{"@type":"ListItem","position":1,"name":"Home","item":"https:\/\/1dronas.lt\/"},{"@type":"ListItem","position":2,"name":"Parduotuv\u0117","item":"https:\/\/1dronas.lt\/parduotuve\/"},{"@type":"ListItem","position":3,"name":"iFlight BLITZ M10 GPS V2 modulis"}]},{"@type":"WebSite","@id":"https:\/\/1dronas.lt\/en\/#website","url":"https:\/\/1dronas.lt\/en\/","name":"1dronas.lt","description":"Online store","publisher":{"@id":"https:\/\/1dronas.lt\/en\/#organization"},"potentialAction":[{"@type":"SearchAction","target":{"@type":"EntryPoint","urlTemplate":"https:\/\/1dronas.lt\/en\/?s={search_term_string}"},"query-input":{"@type":"PropertyValueSpecification","valueRequired":true,"valueName":"search_term_string"}}],"inLanguage":"en-US"},{"@type":"Organization","@id":"https:\/\/1dronas.lt\/en\/#organization","name":"1dronas.lt","url":"https:\/\/1dronas.lt\/en\/","logo":{"@type":"ImageObject","inLanguage":"en-US","@id":"https:\/\/1dronas.lt\/en\/#\/schema\/logo\/image\/","url":"https:\/\/1dronas.lt\/wp-content\/uploads\/2020\/12\/Ekrano_kopija__2_-removebg-preview-1-1.png","contentUrl":"https:\/\/1dronas.lt\/wp-content\/uploads\/2020\/12\/Ekrano_kopija__2_-removebg-preview-1-1.png","width":234,"height":81,"caption":"1dronas.lt"},"image":{"@id":"https:\/\/1dronas.lt\/en\/#\/schema\/logo\/image\/"},"sameAs":["https:\/\/www.facebook.com\/1dronas\/"]}]}},"jetpack_sharing_enabled":true,"_links":{"self":[{"href":"https:\/\/1dronas.lt\/en\/wp-json\/wp\/v2\/product\/7713","targetHints":{"allow":["GET"]}}],"collection":[{"href":"https:\/\/1dronas.lt\/en\/wp-json\/wp\/v2\/product"}],"about":[{"href":"https:\/\/1dronas.lt\/en\/wp-json\/wp\/v2\/types\/product"}],"replies":[{"embeddable":true,"href":"https:\/\/1dronas.lt\/en\/wp-json\/wp\/v2\/comments?post=7713"}],"wp:featuredmedia":[{"embeddable":true,"href":"https:\/\/1dronas.lt\/en\/wp-json\/wp\/v2\/media\/7718"}],"wp:attachment":[{"href":"https:\/\/1dronas.lt\/en\/wp-json\/wp\/v2\/media?parent=7713"}],"wp:term":[{"taxonomy":"product_brand","embeddable":true,"href":"https:\/\/1dronas.lt\/en\/wp-json\/wp\/v2\/product_brand?post=7713"},{"taxonomy":"product_cat","embeddable":true,"href":"https:\/\/1dronas.lt\/en\/wp-json\/wp\/v2\/product_cat?post=7713"},{"taxonomy":"product_tag","embeddable":true,"href":"https:\/\/1dronas.lt\/en\/wp-json\/wp\/v2\/product_tag?post=7713"}],"curies":[{"name":"wp","href":"https:\/\/api.w.org\/{rel}","templated":true}]}}