{"id":7692,"date":"2025-01-23T21:58:37","date_gmt":"2025-01-23T21:58:37","guid":{"rendered":"https:\/\/1dronas.lt\/?post_type=product&#038;p=7692"},"modified":"2026-04-08T22:24:42","modified_gmt":"2026-04-08T19:24:42","slug":"iflight-xt30-xt60-smoke-stopper","status":"publish","type":"product","link":"https:\/\/1dronas.lt\/en\/produktas\/iflight-xt30-xt60-smoke-stopper\/","title":{"rendered":"iFlight XT30\/ XT60 Smoke Stopper"},"content":{"rendered":"<p><strong>Features:<\/strong><\/p>\n<p><span style=\"color: #282828;\">\u2022 &quot;<\/span>Smoke Stopper protects against potential damage when you first turn on your drone. Sometimes there may be a faulty part or a short circuit, and Smoke Stopper limits the flow of current. The device protects electronic components from sudden current surges and allows you to identify the fault.<\/p>\n<p><em>The LED indicator lights green when everything is working normally.<\/em><br \/>\n<em>The LED indicator turns off and starts to emit an audible signal if a problem is detected.<\/em><\/p>\n<p><img loading=\"lazy\" decoding=\"async\" class=\"alignnone wp-image-7695\" src=\"https:\/\/1dronas.lt\/wp-content\/uploads\/2025\/01\/smoke-stopper-4-min-1024x1024.jpeg\" alt=\"\" width=\"823\" height=\"823\" srcset=\"https:\/\/1dronas.lt\/wp-content\/uploads\/2025\/01\/smoke-stopper-4-min-1024x1024.jpeg 1024w, https:\/\/1dronas.lt\/wp-content\/uploads\/2025\/01\/smoke-stopper-4-min-300x300.jpeg 300w, https:\/\/1dronas.lt\/wp-content\/uploads\/2025\/01\/smoke-stopper-4-min-150x150.jpeg 150w, https:\/\/1dronas.lt\/wp-content\/uploads\/2025\/01\/smoke-stopper-4-min-768x768.jpeg 768w, https:\/\/1dronas.lt\/wp-content\/uploads\/2025\/01\/smoke-stopper-4-min-12x12.jpeg 12w, https:\/\/1dronas.lt\/wp-content\/uploads\/2025\/01\/smoke-stopper-4-min-247x247.jpeg 247w, https:\/\/1dronas.lt\/wp-content\/uploads\/2025\/01\/smoke-stopper-4-min-510x510.jpeg 510w, https:\/\/1dronas.lt\/wp-content\/uploads\/2025\/01\/smoke-stopper-4-min-100x100.jpeg 100w, https:\/\/1dronas.lt\/wp-content\/uploads\/2025\/01\/smoke-stopper-4-min.jpeg 1080w\" sizes=\"auto, (max-width: 823px) 100vw, 823px\" \/><\/p>\n<p><strong>Specification: <\/strong><\/p>\n<p><strong>\u2022<\/strong> Size (L x W x H): 42 x 32 x 11 mm;<br \/>\n<strong>\u2022<\/strong> Connector: XT30 and XT60 (input and output);<br \/>\n<strong>\u2022<\/strong> Supported current: 0.7A;<br \/>\n<strong>\u2022<\/strong> Disconnection current: 1.2A;<br \/>\n<strong>\u2022<\/strong> Input voltage: 7-25V (2-6S).<\/p>\n<p><strong>Package: <\/strong><\/p>\n<p>1x iFlight XT30\/ XT60 Smoke Stopper.<\/p>","protected":false},"excerpt":{"rendered":"<p><span style=\"color: #000000;\">The device protects electronic components from sudden current surges and provides the ability to identify a fault.<\/span><\/p>\n<p><span style=\"color: #000000;\"><strong><img loading=\"lazy\" decoding=\"async\" class=\"alignnone wp-image-1806\" src=\"https:\/\/1dronas.lt\/wp-content\/uploads\/2021\/05\/delivery-icon.png\" alt=\"\" width=\"24\" height=\"24\" srcset=\"https:\/\/1dronas.lt\/wp-content\/uploads\/2021\/05\/delivery-icon.png 35w, https:\/\/1dronas.lt\/wp-content\/uploads\/2021\/05\/delivery-icon-12x12.png 12w\" sizes=\"auto, (max-width: 24px) 100vw, 24px\" \/>\u00a0 \u00a01 \u2013 2 days<\/strong><\/span><\/p>","protected":false},"featured_media":7693,"comment_status":"open","ping_status":"closed","template":"","meta":[],"product_brand":[496],"product_cat":[683],"product_tag":[91,480],"class_list":{"0":"post-7692","1":"product","2":"type-product","3":"status-publish","4":"has-post-thumbnail","6":"product_brand-iflight","7":"product_cat-smoke-stopper","8":"product_tag-iflight","9":"product_tag-smoke-stopper","11":"first","12":"instock","13":"taxable","14":"shipping-taxable","15":"purchasable","16":"product-type-simple"},"yoast_head":"<!-- This site is optimized with the Yoast SEO plugin v27.3 - https:\/\/yoast.com\/product\/yoast-seo-wordpress\/ -->\n<title>iFlight XT30\/ XT60 Smoke Stopper - 1dronas.lt<\/title>\n<meta name=\"robots\" content=\"index, follow, max-snippet:-1, max-image-preview:large, max-video-preview:-1\" \/>\n<link rel=\"canonical\" href=\"https:\/\/1dronas.lt\/en\/produktas\/iflight-xt30-xt60-smoke-stopper\/\" \/>\n<meta property=\"og:locale\" content=\"en_US\" \/>\n<meta property=\"og:type\" content=\"article\" \/>\n<meta property=\"og:title\" content=\"iFlight XT30\/ XT60 Smoke Stopper - 1dronas.lt\" \/>\n<meta property=\"og:description\" content=\"Prietaisas apsaugo elektroninius komponentus nuo staigi\u0173 srov\u0117s \u0161uoli\u0173 ir suteikia galimyb\u0119 nustatyti gedim\u0105.  \u00a0 \u00a01 \u2013 2 d. d.\" \/>\n<meta property=\"og:url\" content=\"https:\/\/1dronas.lt\/en\/produktas\/iflight-xt30-xt60-smoke-stopper\/\" \/>\n<meta property=\"og:site_name\" content=\"1dronas.lt\" \/>\n<meta property=\"article:publisher\" content=\"https:\/\/www.facebook.com\/1dronas\/\" \/>\n<meta property=\"article:modified_time\" content=\"2026-04-08T19:24:42+00:00\" \/>\n<meta property=\"og:image\" content=\"https:\/\/1dronas.lt\/wp-content\/uploads\/2025\/01\/smoke-stopper-1-min.jpeg\" \/>\n\t<meta property=\"og:image:width\" content=\"1080\" \/>\n\t<meta property=\"og:image:height\" content=\"1080\" \/>\n\t<meta property=\"og:image:type\" content=\"image\/jpeg\" \/>\n<meta name=\"twitter:card\" content=\"summary_large_image\" \/>\n<meta name=\"twitter:label1\" content=\"Est. reading time\" \/>\n\t<meta name=\"twitter:data1\" content=\"1 minute\" \/>\n<script type=\"application\/ld+json\" class=\"yoast-schema-graph\">{\"@context\":\"https:\\\/\\\/schema.org\",\"@graph\":[{\"@type\":\"WebPage\",\"@id\":\"https:\\\/\\\/1dronas.lt\\\/en\\\/produktas\\\/iflight-xt30-xt60-smoke-stopper\\\/\",\"url\":\"https:\\\/\\\/1dronas.lt\\\/en\\\/produktas\\\/iflight-xt30-xt60-smoke-stopper\\\/\",\"name\":\"iFlight XT30\\\/ XT60 Smoke Stopper - 1dronas.lt\",\"isPartOf\":{\"@id\":\"https:\\\/\\\/1dronas.lt\\\/en\\\/#website\"},\"primaryImageOfPage\":{\"@id\":\"https:\\\/\\\/1dronas.lt\\\/en\\\/produktas\\\/iflight-xt30-xt60-smoke-stopper\\\/#primaryimage\"},\"image\":{\"@id\":\"https:\\\/\\\/1dronas.lt\\\/en\\\/produktas\\\/iflight-xt30-xt60-smoke-stopper\\\/#primaryimage\"},\"thumbnailUrl\":\"https:\\\/\\\/1dronas.lt\\\/wp-content\\\/uploads\\\/2025\\\/01\\\/smoke-stopper-1-min.jpeg\",\"datePublished\":\"2025-01-23T21:58:37+00:00\",\"dateModified\":\"2026-04-08T19:24:42+00:00\",\"breadcrumb\":{\"@id\":\"https:\\\/\\\/1dronas.lt\\\/en\\\/produktas\\\/iflight-xt30-xt60-smoke-stopper\\\/#breadcrumb\"},\"inLanguage\":\"en-US\",\"potentialAction\":[{\"@type\":\"ReadAction\",\"target\":[\"https:\\\/\\\/1dronas.lt\\\/en\\\/produktas\\\/iflight-xt30-xt60-smoke-stopper\\\/\"]}]},{\"@type\":\"ImageObject\",\"inLanguage\":\"en-US\",\"@id\":\"https:\\\/\\\/1dronas.lt\\\/en\\\/produktas\\\/iflight-xt30-xt60-smoke-stopper\\\/#primaryimage\",\"url\":\"https:\\\/\\\/1dronas.lt\\\/wp-content\\\/uploads\\\/2025\\\/01\\\/smoke-stopper-1-min.jpeg\",\"contentUrl\":\"https:\\\/\\\/1dronas.lt\\\/wp-content\\\/uploads\\\/2025\\\/01\\\/smoke-stopper-1-min.jpeg\",\"width\":1080,\"height\":1080},{\"@type\":\"BreadcrumbList\",\"@id\":\"https:\\\/\\\/1dronas.lt\\\/en\\\/produktas\\\/iflight-xt30-xt60-smoke-stopper\\\/#breadcrumb\",\"itemListElement\":[{\"@type\":\"ListItem\",\"position\":1,\"name\":\"Home\",\"item\":\"https:\\\/\\\/1dronas.lt\\\/\"},{\"@type\":\"ListItem\",\"position\":2,\"name\":\"Parduotuv\u0117\",\"item\":\"https:\\\/\\\/1dronas.lt\\\/parduotuve\\\/\"},{\"@type\":\"ListItem\",\"position\":3,\"name\":\"iFlight XT30\\\/ XT60 Smoke Stopper\"}]},{\"@type\":\"WebSite\",\"@id\":\"https:\\\/\\\/1dronas.lt\\\/en\\\/#website\",\"url\":\"https:\\\/\\\/1dronas.lt\\\/en\\\/\",\"name\":\"1dronas.lt\",\"description\":\"Internetin\u0117 parduotuv\u0117\",\"publisher\":{\"@id\":\"https:\\\/\\\/1dronas.lt\\\/en\\\/#organization\"},\"potentialAction\":[{\"@type\":\"SearchAction\",\"target\":{\"@type\":\"EntryPoint\",\"urlTemplate\":\"https:\\\/\\\/1dronas.lt\\\/en\\\/?s={search_term_string}\"},\"query-input\":{\"@type\":\"PropertyValueSpecification\",\"valueRequired\":true,\"valueName\":\"search_term_string\"}}],\"inLanguage\":\"en-US\"},{\"@type\":\"Organization\",\"@id\":\"https:\\\/\\\/1dronas.lt\\\/en\\\/#organization\",\"name\":\"1dronas.lt\",\"url\":\"https:\\\/\\\/1dronas.lt\\\/en\\\/\",\"logo\":{\"@type\":\"ImageObject\",\"inLanguage\":\"en-US\",\"@id\":\"https:\\\/\\\/1dronas.lt\\\/en\\\/#\\\/schema\\\/logo\\\/image\\\/\",\"url\":\"https:\\\/\\\/1dronas.lt\\\/wp-content\\\/uploads\\\/2020\\\/12\\\/Ekrano_kopija__2_-removebg-preview-1-1.png\",\"contentUrl\":\"https:\\\/\\\/1dronas.lt\\\/wp-content\\\/uploads\\\/2020\\\/12\\\/Ekrano_kopija__2_-removebg-preview-1-1.png\",\"width\":234,\"height\":81,\"caption\":\"1dronas.lt\"},\"image\":{\"@id\":\"https:\\\/\\\/1dronas.lt\\\/en\\\/#\\\/schema\\\/logo\\\/image\\\/\"},\"sameAs\":[\"https:\\\/\\\/www.facebook.com\\\/1dronas\\\/\"]}]}<\/script>\n<!-- \/ Yoast SEO plugin. -->","yoast_head_json":{"title":"iFlight XT30\/ XT60 Smoke Stopper - 1dronas.lt","robots":{"index":"index","follow":"follow","max-snippet":"max-snippet:-1","max-image-preview":"max-image-preview:large","max-video-preview":"max-video-preview:-1"},"canonical":"https:\/\/1dronas.lt\/en\/produktas\/iflight-xt30-xt60-smoke-stopper\/","og_locale":"en_US","og_type":"article","og_title":"iFlight XT30\/ XT60 Smoke Stopper - 1dronas.lt","og_description":"Prietaisas apsaugo elektroninius komponentus nuo staigi\u0173 srov\u0117s \u0161uoli\u0173 ir suteikia galimyb\u0119 nustatyti gedim\u0105.  \u00a0 \u00a01 \u2013 2 d. d.","og_url":"https:\/\/1dronas.lt\/en\/produktas\/iflight-xt30-xt60-smoke-stopper\/","og_site_name":"1dronas.lt","article_publisher":"https:\/\/www.facebook.com\/1dronas\/","article_modified_time":"2026-04-08T19:24:42+00:00","og_image":[{"width":1080,"height":1080,"url":"https:\/\/1dronas.lt\/wp-content\/uploads\/2025\/01\/smoke-stopper-1-min.jpeg","type":"image\/jpeg"}],"twitter_card":"summary_large_image","twitter_misc":{"Est. reading time":"1 minute"},"schema":{"@context":"https:\/\/schema.org","@graph":[{"@type":"WebPage","@id":"https:\/\/1dronas.lt\/en\/produktas\/iflight-xt30-xt60-smoke-stopper\/","url":"https:\/\/1dronas.lt\/en\/produktas\/iflight-xt30-xt60-smoke-stopper\/","name":"iFlight XT30\/ XT60 Smoke Stopper - 1dronas.lt","isPartOf":{"@id":"https:\/\/1dronas.lt\/en\/#website"},"primaryImageOfPage":{"@id":"https:\/\/1dronas.lt\/en\/produktas\/iflight-xt30-xt60-smoke-stopper\/#primaryimage"},"image":{"@id":"https:\/\/1dronas.lt\/en\/produktas\/iflight-xt30-xt60-smoke-stopper\/#primaryimage"},"thumbnailUrl":"https:\/\/1dronas.lt\/wp-content\/uploads\/2025\/01\/smoke-stopper-1-min.jpeg","datePublished":"2025-01-23T21:58:37+00:00","dateModified":"2026-04-08T19:24:42+00:00","breadcrumb":{"@id":"https:\/\/1dronas.lt\/en\/produktas\/iflight-xt30-xt60-smoke-stopper\/#breadcrumb"},"inLanguage":"en-US","potentialAction":[{"@type":"ReadAction","target":["https:\/\/1dronas.lt\/en\/produktas\/iflight-xt30-xt60-smoke-stopper\/"]}]},{"@type":"ImageObject","inLanguage":"en-US","@id":"https:\/\/1dronas.lt\/en\/produktas\/iflight-xt30-xt60-smoke-stopper\/#primaryimage","url":"https:\/\/1dronas.lt\/wp-content\/uploads\/2025\/01\/smoke-stopper-1-min.jpeg","contentUrl":"https:\/\/1dronas.lt\/wp-content\/uploads\/2025\/01\/smoke-stopper-1-min.jpeg","width":1080,"height":1080},{"@type":"BreadcrumbList","@id":"https:\/\/1dronas.lt\/en\/produktas\/iflight-xt30-xt60-smoke-stopper\/#breadcrumb","itemListElement":[{"@type":"ListItem","position":1,"name":"Home","item":"https:\/\/1dronas.lt\/"},{"@type":"ListItem","position":2,"name":"Parduotuv\u0117","item":"https:\/\/1dronas.lt\/parduotuve\/"},{"@type":"ListItem","position":3,"name":"iFlight XT30\/ XT60 Smoke Stopper"}]},{"@type":"WebSite","@id":"https:\/\/1dronas.lt\/en\/#website","url":"https:\/\/1dronas.lt\/en\/","name":"1dronas.lt","description":"Online store","publisher":{"@id":"https:\/\/1dronas.lt\/en\/#organization"},"potentialAction":[{"@type":"SearchAction","target":{"@type":"EntryPoint","urlTemplate":"https:\/\/1dronas.lt\/en\/?s={search_term_string}"},"query-input":{"@type":"PropertyValueSpecification","valueRequired":true,"valueName":"search_term_string"}}],"inLanguage":"en-US"},{"@type":"Organization","@id":"https:\/\/1dronas.lt\/en\/#organization","name":"1dronas.lt","url":"https:\/\/1dronas.lt\/en\/","logo":{"@type":"ImageObject","inLanguage":"en-US","@id":"https:\/\/1dronas.lt\/en\/#\/schema\/logo\/image\/","url":"https:\/\/1dronas.lt\/wp-content\/uploads\/2020\/12\/Ekrano_kopija__2_-removebg-preview-1-1.png","contentUrl":"https:\/\/1dronas.lt\/wp-content\/uploads\/2020\/12\/Ekrano_kopija__2_-removebg-preview-1-1.png","width":234,"height":81,"caption":"1dronas.lt"},"image":{"@id":"https:\/\/1dronas.lt\/en\/#\/schema\/logo\/image\/"},"sameAs":["https:\/\/www.facebook.com\/1dronas\/"]}]}},"jetpack_sharing_enabled":true,"_links":{"self":[{"href":"https:\/\/1dronas.lt\/en\/wp-json\/wp\/v2\/product\/7692","targetHints":{"allow":["GET"]}}],"collection":[{"href":"https:\/\/1dronas.lt\/en\/wp-json\/wp\/v2\/product"}],"about":[{"href":"https:\/\/1dronas.lt\/en\/wp-json\/wp\/v2\/types\/product"}],"replies":[{"embeddable":true,"href":"https:\/\/1dronas.lt\/en\/wp-json\/wp\/v2\/comments?post=7692"}],"wp:featuredmedia":[{"embeddable":true,"href":"https:\/\/1dronas.lt\/en\/wp-json\/wp\/v2\/media\/7693"}],"wp:attachment":[{"href":"https:\/\/1dronas.lt\/en\/wp-json\/wp\/v2\/media?parent=7692"}],"wp:term":[{"taxonomy":"product_brand","embeddable":true,"href":"https:\/\/1dronas.lt\/en\/wp-json\/wp\/v2\/product_brand?post=7692"},{"taxonomy":"product_cat","embeddable":true,"href":"https:\/\/1dronas.lt\/en\/wp-json\/wp\/v2\/product_cat?post=7692"},{"taxonomy":"product_tag","embeddable":true,"href":"https:\/\/1dronas.lt\/en\/wp-json\/wp\/v2\/product_tag?post=7692"}],"curies":[{"name":"wp","href":"https:\/\/api.w.org\/{rel}","templated":true}]}}