{"id":7639,"date":"2025-01-20T14:15:51","date_gmt":"2025-01-20T14:15:51","guid":{"rendered":"https:\/\/1dronas.lt\/?post_type=product&#038;p=7639"},"modified":"2025-08-05T10:05:16","modified_gmt":"2025-08-05T10:05:16","slug":"iflight-mach-r5-sport-lite-6s-race-drone-analog-elrs-2-4ghz","status":"publish","type":"product","link":"https:\/\/1dronas.lt\/en\/produktas\/iflight-mach-r5-sport-lite-6s-race-drone-analog-elrs-2-4ghz\/","title":{"rendered":"iFlight Mach R5 Sport Lite 6S Race Drone Analog ELRS"},"content":{"rendered":"<p><iframe loading=\"lazy\" title=\"Introducing Mach R5 Sport | Level Up Your Game\" width=\"1020\" height=\"574\" src=\"https:\/\/www.youtube.com\/embed\/qsKtcXxlFF4?start=2&#038;feature=oembed\" frameborder=\"0\" allow=\"accelerometer; autoplay; clipboard-write; encrypted-media; gyroscope; picture-in-picture; web-share\" referrerpolicy=\"strict-origin-when-cross-origin\" allowfullscreen><\/iframe><\/p>\n<p>The Mach R5 Sport aims to provide racing pilots with a high-quality, fully-fledged FPV drone that can also be individually modified. The use of carbon plates and plastic components has significantly improved the layout of the internal structure. This not only makes maintenance easier, but also reduces the weight of the drone, while improving overall stability. The organized space layout ensures that components can be arranged logically, reducing the risk of damage due to impacts.<\/p>\n<p><strong>Features:<\/strong><\/p>\n<p><strong>Lightweight and compact<br \/>\n<\/strong>The well-built 5-inch Mach R5 Sport drone weighs only 300 grams. The redesigned frame layout ensures precise mounting of all components inside the dome, maximizing space and increasing overall compactness.<\/p>\n<p><strong>Innovative quick-detachable aerodynamic dome<br \/>\n<\/strong>The unique dome is not only designed with aerodynamics in mind, but also features a quick-release buckle for easy replacement and maintenance with just a twist. The dome also helps protect the electronics from dirt and moisture, so you can be more confident in critical situations.<\/p>\n<p><strong>Convenient user experience<br \/>\n<\/strong>A protected battery plug to prevent propellers from hitting the power cord, and a built-in antenna to keep everything well protected and improve the overall appearance. The front-mounted receiver socket makes it easy to replace the receiver, and the new wire protection design can accommodate LED strips for protection, effectively preventing damage.<\/p>\n<p><strong>Customized DIY space<br \/>\n<\/strong>Standard 20*20 mounting holes, compatible with HDZERO and other VTXs. The antenna holder can be supplemented with silicone pads to adapt to more common VTX antennas. The canopy cover is available in carbon plate with TPU, and can be replaced by unscrewing 6 screws.<\/p>\n<p><strong>Specification:<\/strong><\/p>\n<p>\u2022 Product name: Mach R5 Sport 6S Analog<br \/>\n\u2022 FC: BLITZ Mini F722 flight controller<br \/>\n\u2022 ESC: BLITZ E55R 4-IN-1 2-6S 55A ESC<br \/>\n\u2022 Video transmission: BLITZ Force VTX 600mW<br \/>\n\u2022 Frame: 210 mm base<br \/>\n\u2022 Motors: R5 2207 2050KV<br \/>\n\u2022 Propellers: Nazgul R5 V2<br \/>\n\u2022 Weight: 300 g (dome)\/310 g (Lite)<br \/>\n\u2022 Take-off weight: 525g (Dome) \/ 535g (Lite) (with 6S 1400mAh battery)<br \/>\n\u2022 Dimensions: 148*148*51 mm (dome) \/ 148*148*37 mm (Lite)<br \/>\n\u2022 Maximum speed: 240 km\/h.<br \/>\n\u2022 Maximum take-off altitude: 6000 m<br \/>\n\u2022 Maximum hang time: about 12 min (with 6S 1400mAh no load)<br \/>\n\u2022 Maximum wind speed resistance: Level 6<br \/>\n\u2022 Operating temperature range: -10\u00b0 to 40\u00b0 C (14\u00b0 to 104\u00b0 F)<br \/>\n\u2022 Antennas: Single antenna<br \/>\n\u2022 GNSS: NONE<\/p>\n<p><strong>Video transmission:<\/strong><\/p>\n<p>Product name: BLITZ Force VTX 600mW<br \/>\nOutput power: 0-25-200-400-600mw<br \/>\nInput voltage: 5V<br \/>\nWorking current: \u2264pit @80mA\uff0c\u226425mw@280mA\uff0c\u2264100mw@405mA\uff0c\u2264400mw@485mA\uff0c\u2264600mw@575mA<br \/>\nChannels: 40CH (ABEFR)<br \/>\nAntenna interface: MMCX<br \/>\nMounting holes: 20\u00d720\/\u03a63mm\/25\u00d725\/\u03a62mm<br \/>\nWeight: 4 g (with antenna)<br \/>\nDimensions: 29\u00d729 mm<\/p>\n<p><strong>Package:<\/strong><\/p>\n<p>1 x Mach R5 6S Sport Analog BNF Drone<br \/>\n1 x Battery strap<br \/>\n2 x R5 propellers (pairs)<br \/>\n1 x Battery pad<\/p>\n<p><em><strong>Important:<\/strong><\/em><br \/>\nAll\u00a0<em data-start=\"20\" data-end=\"29\">iFlight<\/em>\u00a0BNF models are inspected before shipping to ensure the highest quality. If you still encounter a problem after receiving your shipment, please contact us immediately.\u00a0<em data-start=\"198\" data-end=\"207\">iFlight<\/em>\u00a0customer service team:\u00a0<a class=\"\" href=\"http:\/\/www.iflightrc.freshdesk.com\/\" target=\"_new\" rel=\"noopener\" data-start=\"237\" data-end=\"302\">www.iflightrc.freshdesk.com<\/a><\/p>","protected":false},"excerpt":{"rendered":"<p><span style=\"color: #333333;\">The goal of the Mach R5 Sport is to provide racing pilots with a high-quality, complete FPV drone that can also be individually modified.<\/span><\/p>\n<p><span style=\"color: #000000; font-size: 90%;\"><img loading=\"lazy\" decoding=\"async\" class=\"alignnone wp-image-1806\" src=\"https:\/\/1dronas.lt\/wp-content\/uploads\/2021\/05\/delivery-icon.png\" alt=\"\" width=\"24\" height=\"24\" srcset=\"https:\/\/1dronas.lt\/wp-content\/uploads\/2021\/05\/delivery-icon.png 35w, https:\/\/1dronas.lt\/wp-content\/uploads\/2021\/05\/delivery-icon-12x12.png 12w\" sizes=\"auto, (max-width: 24px) 100vw, 24px\" \/>\u00a0<strong>1 \u2013 2 days<\/strong><\/span><\/p>","protected":false},"featured_media":7643,"comment_status":"open","ping_status":"closed","template":"","meta":[],"product_brand":[496],"product_cat":[471],"product_tag":[99,468,176,91,472],"class_list":{"0":"post-7639","1":"product","2":"type-product","3":"status-publish","4":"has-post-thumbnail","6":"product_brand-iflight","7":"product_cat-sport","8":"product_tag-6s","9":"product_tag-analog","10":"product_tag-elrs","11":"product_tag-iflight","12":"product_tag-sport","14":"first","15":"outofstock","16":"taxable","17":"shipping-taxable","18":"purchasable","19":"product-type-simple"},"yoast_head":"<!-- This site is optimized with the Yoast SEO plugin v27.3 - https:\/\/yoast.com\/product\/yoast-seo-wordpress\/ -->\n<title>iFlight Mach R5 Sport Lite 6S Race Drone Analog ELRS - 1dronas.lt<\/title>\n<meta name=\"robots\" content=\"index, follow, max-snippet:-1, max-image-preview:large, max-video-preview:-1\" \/>\n<link rel=\"canonical\" href=\"https:\/\/1dronas.lt\/en\/produktas\/iflight-mach-r5-sport-lite-6s-race-drone-analog-elrs-2-4ghz\/\" \/>\n<meta property=\"og:locale\" content=\"en_US\" \/>\n<meta property=\"og:type\" content=\"article\" \/>\n<meta property=\"og:title\" content=\"iFlight Mach R5 Sport Lite 6S Race Drone Analog ELRS - 1dronas.lt\" \/>\n<meta property=\"og:description\" content=\"\u201eMach R5 Sport\u201c tikslas - pateikti lenktyni\u0173 pilotams auk\u0161tos kokyb\u0117s i\u0161baigt\u0105 FPV dron\u0105, kur\u012f taip pat galima individualiai modifikuoti.  \u00a01 \u2013 2 d. d.\" \/>\n<meta property=\"og:url\" content=\"https:\/\/1dronas.lt\/en\/produktas\/iflight-mach-r5-sport-lite-6s-race-drone-analog-elrs-2-4ghz\/\" \/>\n<meta property=\"og:site_name\" content=\"1dronas.lt\" \/>\n<meta property=\"article:publisher\" content=\"https:\/\/www.facebook.com\/1dronas\/\" \/>\n<meta property=\"article:modified_time\" content=\"2025-08-05T10:05:16+00:00\" \/>\n<meta property=\"og:image\" content=\"https:\/\/1dronas.lt\/wp-content\/uploads\/2025\/01\/R5-posrt-Lite-M1.jpg\" \/>\n\t<meta property=\"og:image:width\" content=\"1000\" \/>\n\t<meta property=\"og:image:height\" content=\"1000\" \/>\n\t<meta property=\"og:image:type\" content=\"image\/jpeg\" \/>\n<meta name=\"twitter:card\" content=\"summary_large_image\" \/>\n<meta name=\"twitter:label1\" content=\"Est. reading time\" \/>\n\t<meta name=\"twitter:data1\" content=\"3 minutes\" \/>\n<script type=\"application\/ld+json\" class=\"yoast-schema-graph\">{\"@context\":\"https:\\\/\\\/schema.org\",\"@graph\":[{\"@type\":\"WebPage\",\"@id\":\"https:\\\/\\\/1dronas.lt\\\/en\\\/produktas\\\/iflight-mach-r5-sport-lite-6s-race-drone-analog-elrs-2-4ghz\\\/\",\"url\":\"https:\\\/\\\/1dronas.lt\\\/en\\\/produktas\\\/iflight-mach-r5-sport-lite-6s-race-drone-analog-elrs-2-4ghz\\\/\",\"name\":\"iFlight Mach R5 Sport Lite 6S Race Drone Analog ELRS - 1dronas.lt\",\"isPartOf\":{\"@id\":\"https:\\\/\\\/1dronas.lt\\\/en\\\/#website\"},\"primaryImageOfPage\":{\"@id\":\"https:\\\/\\\/1dronas.lt\\\/en\\\/produktas\\\/iflight-mach-r5-sport-lite-6s-race-drone-analog-elrs-2-4ghz\\\/#primaryimage\"},\"image\":{\"@id\":\"https:\\\/\\\/1dronas.lt\\\/en\\\/produktas\\\/iflight-mach-r5-sport-lite-6s-race-drone-analog-elrs-2-4ghz\\\/#primaryimage\"},\"thumbnailUrl\":\"https:\\\/\\\/1dronas.lt\\\/wp-content\\\/uploads\\\/2025\\\/01\\\/R5-posrt-Lite-M1.jpg\",\"datePublished\":\"2025-01-20T14:15:51+00:00\",\"dateModified\":\"2025-08-05T10:05:16+00:00\",\"breadcrumb\":{\"@id\":\"https:\\\/\\\/1dronas.lt\\\/en\\\/produktas\\\/iflight-mach-r5-sport-lite-6s-race-drone-analog-elrs-2-4ghz\\\/#breadcrumb\"},\"inLanguage\":\"en-US\",\"potentialAction\":[{\"@type\":\"ReadAction\",\"target\":[\"https:\\\/\\\/1dronas.lt\\\/en\\\/produktas\\\/iflight-mach-r5-sport-lite-6s-race-drone-analog-elrs-2-4ghz\\\/\"]}]},{\"@type\":\"ImageObject\",\"inLanguage\":\"en-US\",\"@id\":\"https:\\\/\\\/1dronas.lt\\\/en\\\/produktas\\\/iflight-mach-r5-sport-lite-6s-race-drone-analog-elrs-2-4ghz\\\/#primaryimage\",\"url\":\"https:\\\/\\\/1dronas.lt\\\/wp-content\\\/uploads\\\/2025\\\/01\\\/R5-posrt-Lite-M1.jpg\",\"contentUrl\":\"https:\\\/\\\/1dronas.lt\\\/wp-content\\\/uploads\\\/2025\\\/01\\\/R5-posrt-Lite-M1.jpg\",\"width\":1000,\"height\":1000},{\"@type\":\"BreadcrumbList\",\"@id\":\"https:\\\/\\\/1dronas.lt\\\/en\\\/produktas\\\/iflight-mach-r5-sport-lite-6s-race-drone-analog-elrs-2-4ghz\\\/#breadcrumb\",\"itemListElement\":[{\"@type\":\"ListItem\",\"position\":1,\"name\":\"Home\",\"item\":\"https:\\\/\\\/1dronas.lt\\\/\"},{\"@type\":\"ListItem\",\"position\":2,\"name\":\"Parduotuv\u0117\",\"item\":\"https:\\\/\\\/1dronas.lt\\\/parduotuve\\\/\"},{\"@type\":\"ListItem\",\"position\":3,\"name\":\"iFlight Mach R5 Sport Lite 6S Race Drone Analog ELRS\"}]},{\"@type\":\"WebSite\",\"@id\":\"https:\\\/\\\/1dronas.lt\\\/en\\\/#website\",\"url\":\"https:\\\/\\\/1dronas.lt\\\/en\\\/\",\"name\":\"1dronas.lt\",\"description\":\"Internetin\u0117 parduotuv\u0117\",\"publisher\":{\"@id\":\"https:\\\/\\\/1dronas.lt\\\/en\\\/#organization\"},\"potentialAction\":[{\"@type\":\"SearchAction\",\"target\":{\"@type\":\"EntryPoint\",\"urlTemplate\":\"https:\\\/\\\/1dronas.lt\\\/en\\\/?s={search_term_string}\"},\"query-input\":{\"@type\":\"PropertyValueSpecification\",\"valueRequired\":true,\"valueName\":\"search_term_string\"}}],\"inLanguage\":\"en-US\"},{\"@type\":\"Organization\",\"@id\":\"https:\\\/\\\/1dronas.lt\\\/en\\\/#organization\",\"name\":\"1dronas.lt\",\"url\":\"https:\\\/\\\/1dronas.lt\\\/en\\\/\",\"logo\":{\"@type\":\"ImageObject\",\"inLanguage\":\"en-US\",\"@id\":\"https:\\\/\\\/1dronas.lt\\\/en\\\/#\\\/schema\\\/logo\\\/image\\\/\",\"url\":\"https:\\\/\\\/1dronas.lt\\\/wp-content\\\/uploads\\\/2020\\\/12\\\/Ekrano_kopija__2_-removebg-preview-1-1.png\",\"contentUrl\":\"https:\\\/\\\/1dronas.lt\\\/wp-content\\\/uploads\\\/2020\\\/12\\\/Ekrano_kopija__2_-removebg-preview-1-1.png\",\"width\":234,\"height\":81,\"caption\":\"1dronas.lt\"},\"image\":{\"@id\":\"https:\\\/\\\/1dronas.lt\\\/en\\\/#\\\/schema\\\/logo\\\/image\\\/\"},\"sameAs\":[\"https:\\\/\\\/www.facebook.com\\\/1dronas\\\/\"]}]}<\/script>\n<!-- \/ Yoast SEO plugin. -->","yoast_head_json":{"title":"iFlight Mach R5 Sport Lite 6S Race Drone Analog ELRS - 1dronas.lt","robots":{"index":"index","follow":"follow","max-snippet":"max-snippet:-1","max-image-preview":"max-image-preview:large","max-video-preview":"max-video-preview:-1"},"canonical":"https:\/\/1dronas.lt\/en\/produktas\/iflight-mach-r5-sport-lite-6s-race-drone-analog-elrs-2-4ghz\/","og_locale":"en_US","og_type":"article","og_title":"iFlight Mach R5 Sport Lite 6S Race Drone Analog ELRS - 1dronas.lt","og_description":"\u201eMach R5 Sport\u201c tikslas - pateikti lenktyni\u0173 pilotams auk\u0161tos kokyb\u0117s i\u0161baigt\u0105 FPV dron\u0105, kur\u012f taip pat galima individualiai modifikuoti.  \u00a01 \u2013 2 d. d.","og_url":"https:\/\/1dronas.lt\/en\/produktas\/iflight-mach-r5-sport-lite-6s-race-drone-analog-elrs-2-4ghz\/","og_site_name":"1dronas.lt","article_publisher":"https:\/\/www.facebook.com\/1dronas\/","article_modified_time":"2025-08-05T10:05:16+00:00","og_image":[{"width":1000,"height":1000,"url":"https:\/\/1dronas.lt\/wp-content\/uploads\/2025\/01\/R5-posrt-Lite-M1.jpg","type":"image\/jpeg"}],"twitter_card":"summary_large_image","twitter_misc":{"Est. reading time":"3 minutes"},"schema":{"@context":"https:\/\/schema.org","@graph":[{"@type":"WebPage","@id":"https:\/\/1dronas.lt\/en\/produktas\/iflight-mach-r5-sport-lite-6s-race-drone-analog-elrs-2-4ghz\/","url":"https:\/\/1dronas.lt\/en\/produktas\/iflight-mach-r5-sport-lite-6s-race-drone-analog-elrs-2-4ghz\/","name":"iFlight Mach R5 Sport Lite 6S Race Drone Analog ELRS - 1dronas.lt","isPartOf":{"@id":"https:\/\/1dronas.lt\/en\/#website"},"primaryImageOfPage":{"@id":"https:\/\/1dronas.lt\/en\/produktas\/iflight-mach-r5-sport-lite-6s-race-drone-analog-elrs-2-4ghz\/#primaryimage"},"image":{"@id":"https:\/\/1dronas.lt\/en\/produktas\/iflight-mach-r5-sport-lite-6s-race-drone-analog-elrs-2-4ghz\/#primaryimage"},"thumbnailUrl":"https:\/\/1dronas.lt\/wp-content\/uploads\/2025\/01\/R5-posrt-Lite-M1.jpg","datePublished":"2025-01-20T14:15:51+00:00","dateModified":"2025-08-05T10:05:16+00:00","breadcrumb":{"@id":"https:\/\/1dronas.lt\/en\/produktas\/iflight-mach-r5-sport-lite-6s-race-drone-analog-elrs-2-4ghz\/#breadcrumb"},"inLanguage":"en-US","potentialAction":[{"@type":"ReadAction","target":["https:\/\/1dronas.lt\/en\/produktas\/iflight-mach-r5-sport-lite-6s-race-drone-analog-elrs-2-4ghz\/"]}]},{"@type":"ImageObject","inLanguage":"en-US","@id":"https:\/\/1dronas.lt\/en\/produktas\/iflight-mach-r5-sport-lite-6s-race-drone-analog-elrs-2-4ghz\/#primaryimage","url":"https:\/\/1dronas.lt\/wp-content\/uploads\/2025\/01\/R5-posrt-Lite-M1.jpg","contentUrl":"https:\/\/1dronas.lt\/wp-content\/uploads\/2025\/01\/R5-posrt-Lite-M1.jpg","width":1000,"height":1000},{"@type":"BreadcrumbList","@id":"https:\/\/1dronas.lt\/en\/produktas\/iflight-mach-r5-sport-lite-6s-race-drone-analog-elrs-2-4ghz\/#breadcrumb","itemListElement":[{"@type":"ListItem","position":1,"name":"Home","item":"https:\/\/1dronas.lt\/"},{"@type":"ListItem","position":2,"name":"Parduotuv\u0117","item":"https:\/\/1dronas.lt\/parduotuve\/"},{"@type":"ListItem","position":3,"name":"iFlight Mach R5 Sport Lite 6S Race Drone Analog ELRS"}]},{"@type":"WebSite","@id":"https:\/\/1dronas.lt\/en\/#website","url":"https:\/\/1dronas.lt\/en\/","name":"1dronas.lt","description":"Online store","publisher":{"@id":"https:\/\/1dronas.lt\/en\/#organization"},"potentialAction":[{"@type":"SearchAction","target":{"@type":"EntryPoint","urlTemplate":"https:\/\/1dronas.lt\/en\/?s={search_term_string}"},"query-input":{"@type":"PropertyValueSpecification","valueRequired":true,"valueName":"search_term_string"}}],"inLanguage":"en-US"},{"@type":"Organization","@id":"https:\/\/1dronas.lt\/en\/#organization","name":"1dronas.lt","url":"https:\/\/1dronas.lt\/en\/","logo":{"@type":"ImageObject","inLanguage":"en-US","@id":"https:\/\/1dronas.lt\/en\/#\/schema\/logo\/image\/","url":"https:\/\/1dronas.lt\/wp-content\/uploads\/2020\/12\/Ekrano_kopija__2_-removebg-preview-1-1.png","contentUrl":"https:\/\/1dronas.lt\/wp-content\/uploads\/2020\/12\/Ekrano_kopija__2_-removebg-preview-1-1.png","width":234,"height":81,"caption":"1dronas.lt"},"image":{"@id":"https:\/\/1dronas.lt\/en\/#\/schema\/logo\/image\/"},"sameAs":["https:\/\/www.facebook.com\/1dronas\/"]}]}},"jetpack_sharing_enabled":true,"_links":{"self":[{"href":"https:\/\/1dronas.lt\/en\/wp-json\/wp\/v2\/product\/7639","targetHints":{"allow":["GET"]}}],"collection":[{"href":"https:\/\/1dronas.lt\/en\/wp-json\/wp\/v2\/product"}],"about":[{"href":"https:\/\/1dronas.lt\/en\/wp-json\/wp\/v2\/types\/product"}],"replies":[{"embeddable":true,"href":"https:\/\/1dronas.lt\/en\/wp-json\/wp\/v2\/comments?post=7639"}],"wp:featuredmedia":[{"embeddable":true,"href":"https:\/\/1dronas.lt\/en\/wp-json\/wp\/v2\/media\/7643"}],"wp:attachment":[{"href":"https:\/\/1dronas.lt\/en\/wp-json\/wp\/v2\/media?parent=7639"}],"wp:term":[{"taxonomy":"product_brand","embeddable":true,"href":"https:\/\/1dronas.lt\/en\/wp-json\/wp\/v2\/product_brand?post=7639"},{"taxonomy":"product_cat","embeddable":true,"href":"https:\/\/1dronas.lt\/en\/wp-json\/wp\/v2\/product_cat?post=7639"},{"taxonomy":"product_tag","embeddable":true,"href":"https:\/\/1dronas.lt\/en\/wp-json\/wp\/v2\/product_tag?post=7639"}],"curies":[{"name":"wp","href":"https:\/\/api.w.org\/{rel}","templated":true}]}}