{"id":7616,"date":"2025-01-17T19:49:02","date_gmt":"2025-01-17T19:49:02","guid":{"rendered":"https:\/\/1dronas.lt\/?post_type=product&#038;p=7616"},"modified":"2026-04-25T23:51:46","modified_gmt":"2026-04-25T20:51:46","slug":"iflight-nazgul-evoque-f5x-v2-6s-analog-elrs-2-4ghz","status":"publish","type":"product","link":"https:\/\/1dronas.lt\/en\/produktas\/iflight-nazgul-evoque-f5x-v2-6s-analog-elrs-2-4ghz\/","title":{"rendered":"iFlight Nazgul Evoque F5X V2 6S Analog ELRS 2.4GHz"},"content":{"rendered":"<p>iFlight&#039;s best pre-assembled drone just got even better! The new standard for Bind-And-Fly drones that are easy to get started with, yet have exceptional ruggedness and performance for enthusiasts. Welcome to the iFlight experience!<\/p>\n<p><strong>Features:<\/strong><\/p>\n<p><strong>The latest Nazgul frame for maximum protection<br \/>\n<\/strong>The old days of getting your electronics all covered in mud and wet grass every time you drop them are over. iFlight&#039;s latest frame reduces the chance of dirt accumulating on your flight controller or ESC, preventing malfunctions or short circuits. Strategic airflow keeps your components cool and clean without sacrificing weight or performance. Illuminated side panels and 360-degree TPU protection.<\/p>\n<p><strong>Spark filter<br \/>\n<\/strong>When the battery is turned on, a loud spark may occur at the connector, caused by the high battery current flowing first into the low ESR capacitor, and also filling the ESC capacitance. A surge protection circuit is included, which extends the life of the XT60 connectors and prevents sudden voltage or current spikes, thus protecting your electronics from damage.<\/p>\n<p><strong>Specification:<\/strong><\/p>\n<p><b>\u2022<\/b> Product name: Evoque F5 V2 Analog;<br \/>\n<b>\u2022<\/b> FC: BLITZ Mini F722 flight controller;<br \/>\n<b>\u2022<\/b> ESC: BLITZ Mini E55 4-IN-1 2-6S 55A ESC;<br \/>\n<b>\u2022<\/b> Video transmission: BLITZ Whoop 1.6W VTX;<br \/>\n<b>\u2022<\/b> Frame base: 225 mm (Squashed X) \/ 223 mm (DeadCat);<br \/>\n<b>\u2022<\/b> Motors: XING-E Pro 2207 1800KV;<br \/>\n<b>\u2022<\/b> Prop: Propellers: Nazgul F5;<br \/>\n<b>\u2022<\/b> Weight: 419g;<br \/>\n<b>\u2022<\/b> Take-off weight: 644g (with 6S1400mAh battery);<br \/>\n<b>\u2022<\/b> Dimensions: 172\u00d7145\u00d736\u00b12mm (Squashed X);<br \/>\n<b>\u2022<\/b> Diagonal distance: 225 mm;<br \/>\n<b>\u2022<\/b> Maximum speed: 190 km\/h (manual mode);<br \/>\n<b>\u2022<\/b> Maximum take-off altitude: 7000 m;<br \/>\n<b>\u2022<\/b> Maximum hanging time: about 7.5 minutes;<br \/>\n<b>\u2022<\/b> Maximum flight distance: 7.5 min: 5 km;<br \/>\n<b>\u2022<\/b> Maximum wind speed resistance: level 7;<br \/>\n<b>\u2022<\/b> Operating temperature range: -10\u00b0 to 40\u00b0 C (14\u00b0 to 104\u00b0 F);<br \/>\n<b>\u2022<\/b> Antennas: One antenna;<br \/>\n<b>\u2022<\/b> GNSS: GPS+SBAS+Galileo+QZSS+Glonass (optional).<\/p>\n<p><strong>Video transmission:<\/strong><\/p>\n<p><b>\u2022<\/b> Product name: BLITZ Whoop 1.6W VTX;<br \/>\n<b>\u2022<\/b> Input voltage: 7V\uff5e34V;<br \/>\n<b>\u2022<\/b> Interface: MMCX;<br \/>\n<b>\u2022<\/b> Power levels: PIT\/25mW\/400mW\/800mW\/1600mW;<br \/>\n<b>\u2022<\/b> Channels: 40 (including Raceband);<br \/>\n<span style=\"font-size: 14.4px;\"><b>\u2022 <\/b>Fastening structure: <\/span><span style=\"font-size: 14.4px;\">30.5\u00d730.5mm\/\u03a63;<br \/>\n<b>\u2022 <\/b><\/span>Weight: 18.9 g (without antenna);<br \/>\n<b>\u2022 <\/b>VTX telemetry: IRC Tramp;<br \/>\n<b>\u2022 <\/b>\u201eBetaflight IRC Tramp Configuration: Download the attached Betaflight VTX table!;<br \/>\n<b>\u2022 <\/b>RC Tramp VTX table values: 25mW\/400mW\/800mW\/1600mW.<\/p>\n<p><strong>Complete set<\/strong>:<\/p>\n<p>1x iFlight Nazgul Evoque F5X V2 6S Analog ELRS 2.4GHz;<br \/>\n1x Antenna;<br \/>\n2x Non-slip battery pads;<br \/>\n2x Propellers (pairs);<br \/>\n2x Battery straps.<\/p>\n<p><span style=\"color: #ed1c24;\"><em><strong>Important:<\/strong><\/em><\/span><br \/>\n<span style=\"color: #ed1c24;\">All\u00a0<em data-start=\"20\" data-end=\"29\">iFlight<\/em>\u00a0BNF models are inspected before shipping to ensure the highest quality. If you still encounter a problem after receiving your shipment, please contact us immediately.\u00a0<em data-start=\"198\" data-end=\"207\">iFlight<\/em>\u00a0customer service team:\u00a0<a class=\"\" style=\"color: #ed1c24;\" href=\"http:\/\/www.iflightrc.freshdesk.com\/\" target=\"_new\" rel=\"noopener\" data-start=\"237\" data-end=\"302\">www.iflightrc.freshdesk.com<\/a><\/span><\/p>","protected":false},"excerpt":{"rendered":"<p><span style=\"color: #282828;\">The improved design prevents dirt from getting on the electronics, and the integrated filter extends the life of the XT60 connectors and protects the electronics from damage.<\/span><\/p>\n<p><span style=\"color: #000000; font-size: 90%;\"><img loading=\"lazy\" decoding=\"async\" class=\"alignnone wp-image-1806\" src=\"https:\/\/1dronas.lt\/wp-content\/uploads\/2021\/05\/delivery-icon.png\" alt=\"\" width=\"24\" height=\"24\" srcset=\"https:\/\/1dronas.lt\/wp-content\/uploads\/2021\/05\/delivery-icon.png 35w, https:\/\/1dronas.lt\/wp-content\/uploads\/2021\/05\/delivery-icon-12x12.png 12w\" sizes=\"auto, (max-width: 24px) 100vw, 24px\" \/> \u00a0<strong>1 \u2013 2 days<\/strong><\/span><\/p>","protected":false},"featured_media":7626,"comment_status":"open","ping_status":"closed","template":"","meta":[],"product_brand":[496],"product_cat":[106],"product_tag":[99,468,176,470,92,91,142,536],"class_list":{"0":"post-7616","1":"product","2":"type-product","3":"status-publish","4":"has-post-thumbnail","6":"product_brand-iflight","7":"product_cat-freestyle","8":"product_tag-6s","9":"product_tag-analog","10":"product_tag-elrs","11":"product_tag-evoque-f5x","12":"product_tag-freestyle","13":"product_tag-iflight","14":"product_tag-nazgul","15":"product_tag-v2","17":"first","18":"instock","19":"sale","20":"taxable","21":"shipping-taxable","22":"purchasable","23":"product-type-variable","24":"has-default-attributes"},"yoast_head":"<!-- This site is optimized with the Yoast SEO plugin v27.5 - https:\/\/yoast.com\/product\/yoast-seo-wordpress\/ -->\n<title>iFlight Nazgul Evoque F5X V2 6S Analog ELRS 2.4GHz - 1dronas.lt<\/title>\n<meta name=\"robots\" content=\"index, follow, max-snippet:-1, max-image-preview:large, max-video-preview:-1\" \/>\n<link rel=\"canonical\" href=\"https:\/\/1dronas.lt\/en\/produktas\/iflight-nazgul-evoque-f5x-v2-6s-analog-elrs-2-4ghz\/\" \/>\n<meta property=\"og:locale\" content=\"en_US\" \/>\n<meta property=\"og:type\" content=\"article\" \/>\n<meta property=\"og:title\" content=\"iFlight Nazgul Evoque F5X V2 6S Analog ELRS 2.4GHz - 1dronas.lt\" \/>\n<meta property=\"og:description\" content=\"Patobulintas dizainas apsaugo nuo purvo patekimo ant elektronikos, o integruotas filtras prailgina XT60 jung\u010di\u0173 tarnavimo laik\u0105 ir apsaugo elektronik\u0105 nuo pa\u017eeidim\u0173.   \u00a01 \u2013 2 d. d.\" \/>\n<meta property=\"og:url\" content=\"https:\/\/1dronas.lt\/en\/produktas\/iflight-nazgul-evoque-f5x-v2-6s-analog-elrs-2-4ghz\/\" \/>\n<meta property=\"og:site_name\" content=\"1dronas.lt\" \/>\n<meta property=\"article:publisher\" content=\"https:\/\/www.facebook.com\/1dronas\/\" \/>\n<meta property=\"article:modified_time\" content=\"2026-04-25T20:51:46+00:00\" \/>\n<meta property=\"og:image\" content=\"https:\/\/1dronas.lt\/wp-content\/uploads\/2025\/01\/iFlight-Nazgul-Evoque-F5X-V2-6S-FPV-Drone-4.jpg\" \/>\n\t<meta property=\"og:image:width\" content=\"1000\" \/>\n\t<meta property=\"og:image:height\" content=\"1000\" \/>\n\t<meta property=\"og:image:type\" content=\"image\/jpeg\" \/>\n<meta name=\"twitter:card\" content=\"summary_large_image\" \/>\n<meta name=\"twitter:label1\" content=\"Est. reading time\" \/>\n\t<meta name=\"twitter:data1\" content=\"3 minutes\" \/>\n<script type=\"application\/ld+json\" class=\"yoast-schema-graph\">{\"@context\":\"https:\\\/\\\/schema.org\",\"@graph\":[{\"@type\":\"WebPage\",\"@id\":\"https:\\\/\\\/1dronas.lt\\\/en\\\/produktas\\\/iflight-nazgul-evoque-f5x-v2-6s-analog-elrs-2-4ghz\\\/\",\"url\":\"https:\\\/\\\/1dronas.lt\\\/en\\\/produktas\\\/iflight-nazgul-evoque-f5x-v2-6s-analog-elrs-2-4ghz\\\/\",\"name\":\"iFlight Nazgul Evoque F5X V2 6S Analog ELRS 2.4GHz - 1dronas.lt\",\"isPartOf\":{\"@id\":\"https:\\\/\\\/1dronas.lt\\\/en\\\/#website\"},\"primaryImageOfPage\":{\"@id\":\"https:\\\/\\\/1dronas.lt\\\/en\\\/produktas\\\/iflight-nazgul-evoque-f5x-v2-6s-analog-elrs-2-4ghz\\\/#primaryimage\"},\"image\":{\"@id\":\"https:\\\/\\\/1dronas.lt\\\/en\\\/produktas\\\/iflight-nazgul-evoque-f5x-v2-6s-analog-elrs-2-4ghz\\\/#primaryimage\"},\"thumbnailUrl\":\"https:\\\/\\\/1dronas.lt\\\/wp-content\\\/uploads\\\/2025\\\/01\\\/iFlight-Nazgul-Evoque-F5X-V2-6S-FPV-Drone-4.jpg\",\"datePublished\":\"2025-01-17T19:49:02+00:00\",\"dateModified\":\"2026-04-25T20:51:46+00:00\",\"breadcrumb\":{\"@id\":\"https:\\\/\\\/1dronas.lt\\\/en\\\/produktas\\\/iflight-nazgul-evoque-f5x-v2-6s-analog-elrs-2-4ghz\\\/#breadcrumb\"},\"inLanguage\":\"en-US\",\"potentialAction\":[{\"@type\":\"ReadAction\",\"target\":[\"https:\\\/\\\/1dronas.lt\\\/en\\\/produktas\\\/iflight-nazgul-evoque-f5x-v2-6s-analog-elrs-2-4ghz\\\/\"]}]},{\"@type\":\"ImageObject\",\"inLanguage\":\"en-US\",\"@id\":\"https:\\\/\\\/1dronas.lt\\\/en\\\/produktas\\\/iflight-nazgul-evoque-f5x-v2-6s-analog-elrs-2-4ghz\\\/#primaryimage\",\"url\":\"https:\\\/\\\/1dronas.lt\\\/wp-content\\\/uploads\\\/2025\\\/01\\\/iFlight-Nazgul-Evoque-F5X-V2-6S-FPV-Drone-4.jpg\",\"contentUrl\":\"https:\\\/\\\/1dronas.lt\\\/wp-content\\\/uploads\\\/2025\\\/01\\\/iFlight-Nazgul-Evoque-F5X-V2-6S-FPV-Drone-4.jpg\",\"width\":1000,\"height\":1000},{\"@type\":\"BreadcrumbList\",\"@id\":\"https:\\\/\\\/1dronas.lt\\\/en\\\/produktas\\\/iflight-nazgul-evoque-f5x-v2-6s-analog-elrs-2-4ghz\\\/#breadcrumb\",\"itemListElement\":[{\"@type\":\"ListItem\",\"position\":1,\"name\":\"Home\",\"item\":\"https:\\\/\\\/1dronas.lt\\\/\"},{\"@type\":\"ListItem\",\"position\":2,\"name\":\"Parduotuv\u0117\",\"item\":\"https:\\\/\\\/1dronas.lt\\\/parduotuve\\\/\"},{\"@type\":\"ListItem\",\"position\":3,\"name\":\"iFlight Nazgul Evoque F5X V2 6S Analog ELRS 2.4GHz\"}]},{\"@type\":\"WebSite\",\"@id\":\"https:\\\/\\\/1dronas.lt\\\/en\\\/#website\",\"url\":\"https:\\\/\\\/1dronas.lt\\\/en\\\/\",\"name\":\"1dronas.lt\",\"description\":\"Internetin\u0117 parduotuv\u0117\",\"publisher\":{\"@id\":\"https:\\\/\\\/1dronas.lt\\\/en\\\/#organization\"},\"potentialAction\":[{\"@type\":\"SearchAction\",\"target\":{\"@type\":\"EntryPoint\",\"urlTemplate\":\"https:\\\/\\\/1dronas.lt\\\/en\\\/?s={search_term_string}\"},\"query-input\":{\"@type\":\"PropertyValueSpecification\",\"valueRequired\":true,\"valueName\":\"search_term_string\"}}],\"inLanguage\":\"en-US\"},{\"@type\":\"Organization\",\"@id\":\"https:\\\/\\\/1dronas.lt\\\/en\\\/#organization\",\"name\":\"1dronas.lt\",\"url\":\"https:\\\/\\\/1dronas.lt\\\/en\\\/\",\"logo\":{\"@type\":\"ImageObject\",\"inLanguage\":\"en-US\",\"@id\":\"https:\\\/\\\/1dronas.lt\\\/en\\\/#\\\/schema\\\/logo\\\/image\\\/\",\"url\":\"https:\\\/\\\/1dronas.lt\\\/wp-content\\\/uploads\\\/2020\\\/12\\\/Ekrano_kopija__2_-removebg-preview-1-1.png\",\"contentUrl\":\"https:\\\/\\\/1dronas.lt\\\/wp-content\\\/uploads\\\/2020\\\/12\\\/Ekrano_kopija__2_-removebg-preview-1-1.png\",\"width\":234,\"height\":81,\"caption\":\"1dronas.lt\"},\"image\":{\"@id\":\"https:\\\/\\\/1dronas.lt\\\/en\\\/#\\\/schema\\\/logo\\\/image\\\/\"},\"sameAs\":[\"https:\\\/\\\/www.facebook.com\\\/1dronas\\\/\"]}]}<\/script>\n<!-- \/ Yoast SEO plugin. -->","yoast_head_json":{"title":"iFlight Nazgul Evoque F5X V2 6S Analog ELRS 2.4GHz - 1dronas.lt","robots":{"index":"index","follow":"follow","max-snippet":"max-snippet:-1","max-image-preview":"max-image-preview:large","max-video-preview":"max-video-preview:-1"},"canonical":"https:\/\/1dronas.lt\/en\/produktas\/iflight-nazgul-evoque-f5x-v2-6s-analog-elrs-2-4ghz\/","og_locale":"en_US","og_type":"article","og_title":"iFlight Nazgul Evoque F5X V2 6S Analog ELRS 2.4GHz - 1dronas.lt","og_description":"Patobulintas dizainas apsaugo nuo purvo patekimo ant elektronikos, o integruotas filtras prailgina XT60 jung\u010di\u0173 tarnavimo laik\u0105 ir apsaugo elektronik\u0105 nuo pa\u017eeidim\u0173.   \u00a01 \u2013 2 d. d.","og_url":"https:\/\/1dronas.lt\/en\/produktas\/iflight-nazgul-evoque-f5x-v2-6s-analog-elrs-2-4ghz\/","og_site_name":"1dronas.lt","article_publisher":"https:\/\/www.facebook.com\/1dronas\/","article_modified_time":"2026-04-25T20:51:46+00:00","og_image":[{"width":1000,"height":1000,"url":"https:\/\/1dronas.lt\/wp-content\/uploads\/2025\/01\/iFlight-Nazgul-Evoque-F5X-V2-6S-FPV-Drone-4.jpg","type":"image\/jpeg"}],"twitter_card":"summary_large_image","twitter_misc":{"Est. reading time":"3 minutes"},"schema":{"@context":"https:\/\/schema.org","@graph":[{"@type":"WebPage","@id":"https:\/\/1dronas.lt\/en\/produktas\/iflight-nazgul-evoque-f5x-v2-6s-analog-elrs-2-4ghz\/","url":"https:\/\/1dronas.lt\/en\/produktas\/iflight-nazgul-evoque-f5x-v2-6s-analog-elrs-2-4ghz\/","name":"iFlight Nazgul Evoque F5X V2 6S Analog ELRS 2.4GHz - 1dronas.lt","isPartOf":{"@id":"https:\/\/1dronas.lt\/en\/#website"},"primaryImageOfPage":{"@id":"https:\/\/1dronas.lt\/en\/produktas\/iflight-nazgul-evoque-f5x-v2-6s-analog-elrs-2-4ghz\/#primaryimage"},"image":{"@id":"https:\/\/1dronas.lt\/en\/produktas\/iflight-nazgul-evoque-f5x-v2-6s-analog-elrs-2-4ghz\/#primaryimage"},"thumbnailUrl":"https:\/\/1dronas.lt\/wp-content\/uploads\/2025\/01\/iFlight-Nazgul-Evoque-F5X-V2-6S-FPV-Drone-4.jpg","datePublished":"2025-01-17T19:49:02+00:00","dateModified":"2026-04-25T20:51:46+00:00","breadcrumb":{"@id":"https:\/\/1dronas.lt\/en\/produktas\/iflight-nazgul-evoque-f5x-v2-6s-analog-elrs-2-4ghz\/#breadcrumb"},"inLanguage":"en-US","potentialAction":[{"@type":"ReadAction","target":["https:\/\/1dronas.lt\/en\/produktas\/iflight-nazgul-evoque-f5x-v2-6s-analog-elrs-2-4ghz\/"]}]},{"@type":"ImageObject","inLanguage":"en-US","@id":"https:\/\/1dronas.lt\/en\/produktas\/iflight-nazgul-evoque-f5x-v2-6s-analog-elrs-2-4ghz\/#primaryimage","url":"https:\/\/1dronas.lt\/wp-content\/uploads\/2025\/01\/iFlight-Nazgul-Evoque-F5X-V2-6S-FPV-Drone-4.jpg","contentUrl":"https:\/\/1dronas.lt\/wp-content\/uploads\/2025\/01\/iFlight-Nazgul-Evoque-F5X-V2-6S-FPV-Drone-4.jpg","width":1000,"height":1000},{"@type":"BreadcrumbList","@id":"https:\/\/1dronas.lt\/en\/produktas\/iflight-nazgul-evoque-f5x-v2-6s-analog-elrs-2-4ghz\/#breadcrumb","itemListElement":[{"@type":"ListItem","position":1,"name":"Home","item":"https:\/\/1dronas.lt\/"},{"@type":"ListItem","position":2,"name":"Parduotuv\u0117","item":"https:\/\/1dronas.lt\/parduotuve\/"},{"@type":"ListItem","position":3,"name":"iFlight Nazgul Evoque F5X V2 6S Analog ELRS 2.4GHz"}]},{"@type":"WebSite","@id":"https:\/\/1dronas.lt\/en\/#website","url":"https:\/\/1dronas.lt\/en\/","name":"1dronas.lt","description":"Online store","publisher":{"@id":"https:\/\/1dronas.lt\/en\/#organization"},"potentialAction":[{"@type":"SearchAction","target":{"@type":"EntryPoint","urlTemplate":"https:\/\/1dronas.lt\/en\/?s={search_term_string}"},"query-input":{"@type":"PropertyValueSpecification","valueRequired":true,"valueName":"search_term_string"}}],"inLanguage":"en-US"},{"@type":"Organization","@id":"https:\/\/1dronas.lt\/en\/#organization","name":"1dronas.lt","url":"https:\/\/1dronas.lt\/en\/","logo":{"@type":"ImageObject","inLanguage":"en-US","@id":"https:\/\/1dronas.lt\/en\/#\/schema\/logo\/image\/","url":"https:\/\/1dronas.lt\/wp-content\/uploads\/2020\/12\/Ekrano_kopija__2_-removebg-preview-1-1.png","contentUrl":"https:\/\/1dronas.lt\/wp-content\/uploads\/2020\/12\/Ekrano_kopija__2_-removebg-preview-1-1.png","width":234,"height":81,"caption":"1dronas.lt"},"image":{"@id":"https:\/\/1dronas.lt\/en\/#\/schema\/logo\/image\/"},"sameAs":["https:\/\/www.facebook.com\/1dronas\/"]}]}},"jetpack_sharing_enabled":true,"_links":{"self":[{"href":"https:\/\/1dronas.lt\/en\/wp-json\/wp\/v2\/product\/7616","targetHints":{"allow":["GET"]}}],"collection":[{"href":"https:\/\/1dronas.lt\/en\/wp-json\/wp\/v2\/product"}],"about":[{"href":"https:\/\/1dronas.lt\/en\/wp-json\/wp\/v2\/types\/product"}],"replies":[{"embeddable":true,"href":"https:\/\/1dronas.lt\/en\/wp-json\/wp\/v2\/comments?post=7616"}],"wp:featuredmedia":[{"embeddable":true,"href":"https:\/\/1dronas.lt\/en\/wp-json\/wp\/v2\/media\/7626"}],"wp:attachment":[{"href":"https:\/\/1dronas.lt\/en\/wp-json\/wp\/v2\/media?parent=7616"}],"wp:term":[{"taxonomy":"product_brand","embeddable":true,"href":"https:\/\/1dronas.lt\/en\/wp-json\/wp\/v2\/product_brand?post=7616"},{"taxonomy":"product_cat","embeddable":true,"href":"https:\/\/1dronas.lt\/en\/wp-json\/wp\/v2\/product_cat?post=7616"},{"taxonomy":"product_tag","embeddable":true,"href":"https:\/\/1dronas.lt\/en\/wp-json\/wp\/v2\/product_tag?post=7616"}],"curies":[{"name":"wp","href":"https:\/\/api.w.org\/{rel}","templated":true}]}}