{"id":7601,"date":"2025-01-17T15:24:32","date_gmt":"2025-01-17T15:24:32","guid":{"rendered":"https:\/\/1dronas.lt\/?post_type=product&#038;p=7601"},"modified":"2026-04-25T17:34:39","modified_gmt":"2026-04-25T14:34:39","slug":"iflight-nazgul-xl5-eco-v1-1-6s-elrs-2-4ghz-analog","status":"publish","type":"product","link":"https:\/\/1dronas.lt\/en\/produktas\/iflight-nazgul-xl5-eco-v1-1-6s-elrs-2-4ghz-analog\/","title":{"rendered":"iFlight Nazgul XL5 ECO V1.1 6S Analog ELRS 2.4GHz"},"content":{"rendered":"<p>&nbsp;<\/p>\n<p><iframe loading=\"lazy\" title=\"Introducing Nazgul ECO | Entry Level 5 inch FPV Drone\" width=\"1020\" height=\"574\" src=\"https:\/\/www.youtube.com\/embed\/5_q_4DV4k5o?start=48&#038;feature=oembed\" frameborder=\"0\" allow=\"accelerometer; autoplay; clipboard-write; encrypted-media; gyroscope; picture-in-picture; web-share\" referrerpolicy=\"strict-origin-when-cross-origin\" allowfullscreen><\/iframe><\/p>\n<p>iFlight introduces the Nazgul XL5 ECO, a 5-inch standard Freestyle drone that redefines performance and value. Featuring an ATF435 flight controller, BLITZ 1.6W VTX, and BLITZ E55S 2-6S 55A ESC, the Nazgul XL5 ECO delivers unmatched performance and reliability. A carbon fiber and aluminum camera mount ensures structural durability, while the included GoPro mount provides versatility for capturing epic freestyle flights. Take your flying experience to new heights with the Nazgul XL5 ECO.<\/p>\n<p><strong>Features:<\/strong><\/p>\n<p><strong>Lightweight and durable<\/strong><br \/>\nThe combination of carbon fiber and aluminum ensures a lightweight yet strong camera rig construction. Designed to ensure clear video and unobstructed propellers, it enhances the aesthetic quality of your aerial footage.<\/p>\n<p><strong>Spark filter<br \/>\n<\/strong>When the battery is turned on, a loud spark may occur at the connector, caused by the high battery current flowing first into the low ESR capacitor, and also filling the ESC capacitance. A surge protection circuit is included, which extends the life of the XT60 connectors and prevents sudden voltage or current spikes, thus protecting your electronics from damage.<\/p>\n<p><strong>Better user experience and more efficient maintenance<br \/>\n<\/strong>Built-in buzzer and receiver holder, convenient receiver maintenance and adjustment.<\/p>\n<p><strong>DIY customized space<br \/>\n<\/strong>The housing features standard 20\u00d720 and 30.5\u00d730.5 mounting holes, ensuring compatibility with popular flight controllers and VTX systems on the market. Customize your setup to your needs and enjoy a seamless integration process with these versatile mounting options.<\/p>\n<p><strong>Specification:<\/strong><\/p>\n<p><b>\u2022 <\/b>Product name: Nazgul XL5 ECO V1.1 6S Analog<br \/>\n<b>\u2022 <\/b>Geometry: True-X<br \/>\n<b>\u2022 <\/b>FC: BLITZ ATF435 flight controller<br \/>\n<b>\u2022 <\/b>ESC: BLITZ E55S 4-IN-1 ESC<br \/>\n<b>\u2022 <\/b>Video transmission: BLITZ 1.6W VTX<br \/>\n<b>\u2022 <\/b>Frame: 245 mm base<br \/>\n<b>\u2022 <\/b>Motors: XING-E Pro 2207 1800KV<br \/>\n<b>\u2022 <\/b>Propellers: Nazgul F5<br \/>\n<b>\u2022 <\/b>Weight: 427 g<br \/>\n<b>\u2022 <\/b>Take-off weight: About 652g (with 6S 1400mAh battery)<br \/>\n<b>\u2022 <\/b>Dimensions: 173\u00d7173\u00d734\u00b12mm<br \/>\n<b>\u2022 <\/b>Diagonal distance: 245 mm<br \/>\n<b>\u2022 <\/b>Top speed: 190 km\/h (manual mode)<br \/>\n<b>\u2022 <\/b>Maximum altitude: 3200 m<br \/>\n<b>\u2022 <\/b>Maximum hang time: about 7.5 min (no load with 6S 1400 mAh battery)<br \/>\n<b>\u2022 <\/b>Maximum wind speed resistance: Maximum possible wind speed: Level 7<br \/>\n<b>\u2022 <\/b>Operating temperature range: 10\u00b0 to 40\u00b0 C (14\u00b0 to 104\u00b0 F)<br \/>\n<b>\u2022 <\/b>Antennas: Single antenna<br \/>\n<b>\u2022 <\/b>GNSS: GPS+SBAS+Galileo+QZSS+Glonass (optional)<\/p>\n<p><strong>Video transmission:<\/strong><\/p>\n<p><b>\u2022 <\/b>Product name: BLITZ 5.8G 1.6W VTX<br \/>\n<b>\u2022 <\/b>Output power: 1.5 kW (1.5 kV): PIT\/25mW\/400mW\/800mW\/1600mW<br \/>\n<b>\u2022 <\/b>Input voltage: 7-34V (2-8S)<br \/>\n<b>\u2022 <\/b>Operating current: 25.2 V, PIT @ 20 mA, 25 mw @ 65 mA, 400 mw @ 130 mA, 800 mw @ 150 mA, 1600 mw @ 250 mA.<br \/>\n<b>\u2022 <\/b>Transmission frequency: 5.8G, 40 CHANNELS (ABEFR)<br \/>\n<b>\u2022 <\/b>Antenna interface: MMCX<br \/>\n<b>\u2022 <\/b>Mounting hole: 30.5 \u00d7 30.5 \/ 3 mm<br \/>\n<b>\u2022 <\/b>Weight: 18.9g (antenna not included)<br \/>\n<b>\u2022 <\/b>Dimensions: 38.5 \u00d7 38.5 mm<\/p>\n<p><strong>Package:<\/strong><\/p>\n<p>1 x Nazgul XL5 ECO 6S V1.1 Analog BNF Drone<br \/>\n1 x Antenna<br \/>\n2 x Non-slip battery pads<br \/>\n2 x Nazgul F5 propellers (pairs)<br \/>\n2 x Battery straps<\/p>\n<p><em><strong>Important:<\/strong><\/em><br \/>\nAll\u00a0<em data-start=\"20\" data-end=\"29\">iFlight<\/em>\u00a0BNF models are inspected before shipping to ensure the highest quality. If you still encounter a problem after receiving your shipment, please contact us immediately.\u00a0<em data-start=\"198\" data-end=\"207\">iFlight<\/em> customer service team: <a class=\"\" href=\"http:\/\/www.iflightrc.freshdesk.com\/\" target=\"_new\" rel=\"noopener\" data-start=\"237\" data-end=\"302\">www.iflightrc.freshdesk.com<\/a><\/p>","protected":false},"excerpt":{"rendered":"<p><span style=\"color: #000000;\">Nazgul XL5 ECO - 5-inch standard Freestyle drone with ATF435 flight controller, BLITZ 1.6W VTX and BLITZ E55S 2-6S 55A ESC The Nazgul XL5 ECO delivers unmatched performance and reliability.<\/span><\/p>\n<p><span style=\"color: #000000;\"><img loading=\"lazy\" decoding=\"async\" class=\"alignnone wp-image-1806\" src=\"https:\/\/1dronas.lt\/wp-content\/uploads\/2021\/05\/delivery-icon.png\" alt=\"\" width=\"24\" height=\"24\" srcset=\"https:\/\/1dronas.lt\/wp-content\/uploads\/2021\/05\/delivery-icon.png 35w, https:\/\/1dronas.lt\/wp-content\/uploads\/2021\/05\/delivery-icon-12x12.png 12w\" sizes=\"auto, (max-width: 24px) 100vw, 24px\" \/>\u00a0<strong>1 \u2013 2 days<\/strong><\/span><\/p>","protected":false},"featured_media":7607,"comment_status":"open","ping_status":"closed","template":"","meta":[],"product_brand":[496],"product_cat":[106],"product_tag":[99,468,469,176,466,467],"class_list":{"0":"post-7601","1":"product","2":"type-product","3":"status-publish","4":"has-post-thumbnail","6":"product_brand-iflight","7":"product_cat-freestyle","8":"product_tag-6s","9":"product_tag-analog","10":"product_tag-blitz-1-6w","11":"product_tag-elrs","12":"product_tag-nazgul-xl5-eco","13":"product_tag-v1-1","15":"first","16":"instock","17":"taxable","18":"shipping-taxable","19":"purchasable","20":"product-type-variable","21":"has-default-attributes"},"yoast_head":"<!-- This site is optimized with the Yoast SEO plugin v27.4 - https:\/\/yoast.com\/product\/yoast-seo-wordpress\/ -->\n<title>iFlight Nazgul XL5 ECO V1.1 6S Analog ELRS 2.4GHz - 1dronas.lt<\/title>\n<meta name=\"robots\" content=\"index, follow, max-snippet:-1, max-image-preview:large, max-video-preview:-1\" \/>\n<link rel=\"canonical\" href=\"https:\/\/1dronas.lt\/en\/produktas\/iflight-nazgul-xl5-eco-v1-1-6s-elrs-2-4ghz-analog\/\" \/>\n<meta property=\"og:locale\" content=\"en_US\" \/>\n<meta property=\"og:type\" content=\"article\" \/>\n<meta property=\"og:title\" content=\"iFlight Nazgul XL5 ECO V1.1 6S Analog ELRS 2.4GHz - 1dronas.lt\" \/>\n<meta property=\"og:description\" content=\"Nazgul XL5 ECO - 5 coli\u0173 standartinis \u201eFreestyle\u201c dronas su ATF435 skryd\u017eio valdikliu, BLITZ 1,6 W VTX ir BLITZ E55S 2-6S 55 A ESC \u201eNazgul XL5 ECO\u201c u\u017etikrina neprilygstam\u0105 na\u0161um\u0105 ir patikimum\u0105.  \u00a01 \u2013 2 d. d.\" \/>\n<meta property=\"og:url\" content=\"https:\/\/1dronas.lt\/en\/produktas\/iflight-nazgul-xl5-eco-v1-1-6s-elrs-2-4ghz-analog\/\" \/>\n<meta property=\"og:site_name\" content=\"1dronas.lt\" \/>\n<meta property=\"article:publisher\" content=\"https:\/\/www.facebook.com\/1dronas\/\" \/>\n<meta property=\"article:modified_time\" content=\"2026-04-25T14:34:39+00:00\" \/>\n<meta property=\"og:image\" content=\"https:\/\/1dronas.lt\/wp-content\/uploads\/2025\/01\/XL5-ECO-V1.1-N1-e1737138961287.jpg\" \/>\n\t<meta property=\"og:image:width\" content=\"912\" \/>\n\t<meta property=\"og:image:height\" content=\"912\" \/>\n\t<meta property=\"og:image:type\" content=\"image\/jpeg\" \/>\n<meta name=\"twitter:card\" content=\"summary_large_image\" \/>\n<meta name=\"twitter:label1\" content=\"Est. reading time\" \/>\n\t<meta name=\"twitter:data1\" content=\"3 minutes\" \/>\n<script type=\"application\/ld+json\" class=\"yoast-schema-graph\">{\"@context\":\"https:\\\/\\\/schema.org\",\"@graph\":[{\"@type\":\"WebPage\",\"@id\":\"https:\\\/\\\/1dronas.lt\\\/en\\\/produktas\\\/iflight-nazgul-xl5-eco-v1-1-6s-elrs-2-4ghz-analog\\\/\",\"url\":\"https:\\\/\\\/1dronas.lt\\\/en\\\/produktas\\\/iflight-nazgul-xl5-eco-v1-1-6s-elrs-2-4ghz-analog\\\/\",\"name\":\"iFlight Nazgul XL5 ECO V1.1 6S Analog ELRS 2.4GHz - 1dronas.lt\",\"isPartOf\":{\"@id\":\"https:\\\/\\\/1dronas.lt\\\/en\\\/#website\"},\"primaryImageOfPage\":{\"@id\":\"https:\\\/\\\/1dronas.lt\\\/en\\\/produktas\\\/iflight-nazgul-xl5-eco-v1-1-6s-elrs-2-4ghz-analog\\\/#primaryimage\"},\"image\":{\"@id\":\"https:\\\/\\\/1dronas.lt\\\/en\\\/produktas\\\/iflight-nazgul-xl5-eco-v1-1-6s-elrs-2-4ghz-analog\\\/#primaryimage\"},\"thumbnailUrl\":\"https:\\\/\\\/1dronas.lt\\\/wp-content\\\/uploads\\\/2025\\\/01\\\/XL5-ECO-V1.1-N1-e1737138961287.jpg\",\"datePublished\":\"2025-01-17T15:24:32+00:00\",\"dateModified\":\"2026-04-25T14:34:39+00:00\",\"breadcrumb\":{\"@id\":\"https:\\\/\\\/1dronas.lt\\\/en\\\/produktas\\\/iflight-nazgul-xl5-eco-v1-1-6s-elrs-2-4ghz-analog\\\/#breadcrumb\"},\"inLanguage\":\"en-US\",\"potentialAction\":[{\"@type\":\"ReadAction\",\"target\":[\"https:\\\/\\\/1dronas.lt\\\/en\\\/produktas\\\/iflight-nazgul-xl5-eco-v1-1-6s-elrs-2-4ghz-analog\\\/\"]}]},{\"@type\":\"ImageObject\",\"inLanguage\":\"en-US\",\"@id\":\"https:\\\/\\\/1dronas.lt\\\/en\\\/produktas\\\/iflight-nazgul-xl5-eco-v1-1-6s-elrs-2-4ghz-analog\\\/#primaryimage\",\"url\":\"https:\\\/\\\/1dronas.lt\\\/wp-content\\\/uploads\\\/2025\\\/01\\\/XL5-ECO-V1.1-N1-e1737138961287.jpg\",\"contentUrl\":\"https:\\\/\\\/1dronas.lt\\\/wp-content\\\/uploads\\\/2025\\\/01\\\/XL5-ECO-V1.1-N1-e1737138961287.jpg\",\"width\":912,\"height\":912},{\"@type\":\"BreadcrumbList\",\"@id\":\"https:\\\/\\\/1dronas.lt\\\/en\\\/produktas\\\/iflight-nazgul-xl5-eco-v1-1-6s-elrs-2-4ghz-analog\\\/#breadcrumb\",\"itemListElement\":[{\"@type\":\"ListItem\",\"position\":1,\"name\":\"Home\",\"item\":\"https:\\\/\\\/1dronas.lt\\\/\"},{\"@type\":\"ListItem\",\"position\":2,\"name\":\"Parduotuv\u0117\",\"item\":\"https:\\\/\\\/1dronas.lt\\\/parduotuve\\\/\"},{\"@type\":\"ListItem\",\"position\":3,\"name\":\"iFlight Nazgul XL5 ECO V1.1 6S Analog ELRS 2.4GHz\"}]},{\"@type\":\"WebSite\",\"@id\":\"https:\\\/\\\/1dronas.lt\\\/en\\\/#website\",\"url\":\"https:\\\/\\\/1dronas.lt\\\/en\\\/\",\"name\":\"1dronas.lt\",\"description\":\"Internetin\u0117 parduotuv\u0117\",\"publisher\":{\"@id\":\"https:\\\/\\\/1dronas.lt\\\/en\\\/#organization\"},\"potentialAction\":[{\"@type\":\"SearchAction\",\"target\":{\"@type\":\"EntryPoint\",\"urlTemplate\":\"https:\\\/\\\/1dronas.lt\\\/en\\\/?s={search_term_string}\"},\"query-input\":{\"@type\":\"PropertyValueSpecification\",\"valueRequired\":true,\"valueName\":\"search_term_string\"}}],\"inLanguage\":\"en-US\"},{\"@type\":\"Organization\",\"@id\":\"https:\\\/\\\/1dronas.lt\\\/en\\\/#organization\",\"name\":\"1dronas.lt\",\"url\":\"https:\\\/\\\/1dronas.lt\\\/en\\\/\",\"logo\":{\"@type\":\"ImageObject\",\"inLanguage\":\"en-US\",\"@id\":\"https:\\\/\\\/1dronas.lt\\\/en\\\/#\\\/schema\\\/logo\\\/image\\\/\",\"url\":\"https:\\\/\\\/1dronas.lt\\\/wp-content\\\/uploads\\\/2020\\\/12\\\/Ekrano_kopija__2_-removebg-preview-1-1.png\",\"contentUrl\":\"https:\\\/\\\/1dronas.lt\\\/wp-content\\\/uploads\\\/2020\\\/12\\\/Ekrano_kopija__2_-removebg-preview-1-1.png\",\"width\":234,\"height\":81,\"caption\":\"1dronas.lt\"},\"image\":{\"@id\":\"https:\\\/\\\/1dronas.lt\\\/en\\\/#\\\/schema\\\/logo\\\/image\\\/\"},\"sameAs\":[\"https:\\\/\\\/www.facebook.com\\\/1dronas\\\/\"]}]}<\/script>\n<!-- \/ Yoast SEO plugin. -->","yoast_head_json":{"title":"iFlight Nazgul XL5 ECO V1.1 6S Analog ELRS 2.4GHz - 1dronas.lt","robots":{"index":"index","follow":"follow","max-snippet":"max-snippet:-1","max-image-preview":"max-image-preview:large","max-video-preview":"max-video-preview:-1"},"canonical":"https:\/\/1dronas.lt\/en\/produktas\/iflight-nazgul-xl5-eco-v1-1-6s-elrs-2-4ghz-analog\/","og_locale":"en_US","og_type":"article","og_title":"iFlight Nazgul XL5 ECO V1.1 6S Analog ELRS 2.4GHz - 1dronas.lt","og_description":"Nazgul XL5 ECO - 5 coli\u0173 standartinis \u201eFreestyle\u201c dronas su ATF435 skryd\u017eio valdikliu, BLITZ 1,6 W VTX ir BLITZ E55S 2-6S 55 A ESC \u201eNazgul XL5 ECO\u201c u\u017etikrina neprilygstam\u0105 na\u0161um\u0105 ir patikimum\u0105.  \u00a01 \u2013 2 d. d.","og_url":"https:\/\/1dronas.lt\/en\/produktas\/iflight-nazgul-xl5-eco-v1-1-6s-elrs-2-4ghz-analog\/","og_site_name":"1dronas.lt","article_publisher":"https:\/\/www.facebook.com\/1dronas\/","article_modified_time":"2026-04-25T14:34:39+00:00","og_image":[{"width":912,"height":912,"url":"https:\/\/1dronas.lt\/wp-content\/uploads\/2025\/01\/XL5-ECO-V1.1-N1-e1737138961287.jpg","type":"image\/jpeg"}],"twitter_card":"summary_large_image","twitter_misc":{"Est. reading time":"3 minutes"},"schema":{"@context":"https:\/\/schema.org","@graph":[{"@type":"WebPage","@id":"https:\/\/1dronas.lt\/en\/produktas\/iflight-nazgul-xl5-eco-v1-1-6s-elrs-2-4ghz-analog\/","url":"https:\/\/1dronas.lt\/en\/produktas\/iflight-nazgul-xl5-eco-v1-1-6s-elrs-2-4ghz-analog\/","name":"iFlight Nazgul XL5 ECO V1.1 6S Analog ELRS 2.4GHz - 1dronas.lt","isPartOf":{"@id":"https:\/\/1dronas.lt\/en\/#website"},"primaryImageOfPage":{"@id":"https:\/\/1dronas.lt\/en\/produktas\/iflight-nazgul-xl5-eco-v1-1-6s-elrs-2-4ghz-analog\/#primaryimage"},"image":{"@id":"https:\/\/1dronas.lt\/en\/produktas\/iflight-nazgul-xl5-eco-v1-1-6s-elrs-2-4ghz-analog\/#primaryimage"},"thumbnailUrl":"https:\/\/1dronas.lt\/wp-content\/uploads\/2025\/01\/XL5-ECO-V1.1-N1-e1737138961287.jpg","datePublished":"2025-01-17T15:24:32+00:00","dateModified":"2026-04-25T14:34:39+00:00","breadcrumb":{"@id":"https:\/\/1dronas.lt\/en\/produktas\/iflight-nazgul-xl5-eco-v1-1-6s-elrs-2-4ghz-analog\/#breadcrumb"},"inLanguage":"en-US","potentialAction":[{"@type":"ReadAction","target":["https:\/\/1dronas.lt\/en\/produktas\/iflight-nazgul-xl5-eco-v1-1-6s-elrs-2-4ghz-analog\/"]}]},{"@type":"ImageObject","inLanguage":"en-US","@id":"https:\/\/1dronas.lt\/en\/produktas\/iflight-nazgul-xl5-eco-v1-1-6s-elrs-2-4ghz-analog\/#primaryimage","url":"https:\/\/1dronas.lt\/wp-content\/uploads\/2025\/01\/XL5-ECO-V1.1-N1-e1737138961287.jpg","contentUrl":"https:\/\/1dronas.lt\/wp-content\/uploads\/2025\/01\/XL5-ECO-V1.1-N1-e1737138961287.jpg","width":912,"height":912},{"@type":"BreadcrumbList","@id":"https:\/\/1dronas.lt\/en\/produktas\/iflight-nazgul-xl5-eco-v1-1-6s-elrs-2-4ghz-analog\/#breadcrumb","itemListElement":[{"@type":"ListItem","position":1,"name":"Home","item":"https:\/\/1dronas.lt\/"},{"@type":"ListItem","position":2,"name":"Parduotuv\u0117","item":"https:\/\/1dronas.lt\/parduotuve\/"},{"@type":"ListItem","position":3,"name":"iFlight Nazgul XL5 ECO V1.1 6S Analog ELRS 2.4GHz"}]},{"@type":"WebSite","@id":"https:\/\/1dronas.lt\/en\/#website","url":"https:\/\/1dronas.lt\/en\/","name":"1dronas.lt","description":"Online store","publisher":{"@id":"https:\/\/1dronas.lt\/en\/#organization"},"potentialAction":[{"@type":"SearchAction","target":{"@type":"EntryPoint","urlTemplate":"https:\/\/1dronas.lt\/en\/?s={search_term_string}"},"query-input":{"@type":"PropertyValueSpecification","valueRequired":true,"valueName":"search_term_string"}}],"inLanguage":"en-US"},{"@type":"Organization","@id":"https:\/\/1dronas.lt\/en\/#organization","name":"1dronas.lt","url":"https:\/\/1dronas.lt\/en\/","logo":{"@type":"ImageObject","inLanguage":"en-US","@id":"https:\/\/1dronas.lt\/en\/#\/schema\/logo\/image\/","url":"https:\/\/1dronas.lt\/wp-content\/uploads\/2020\/12\/Ekrano_kopija__2_-removebg-preview-1-1.png","contentUrl":"https:\/\/1dronas.lt\/wp-content\/uploads\/2020\/12\/Ekrano_kopija__2_-removebg-preview-1-1.png","width":234,"height":81,"caption":"1dronas.lt"},"image":{"@id":"https:\/\/1dronas.lt\/en\/#\/schema\/logo\/image\/"},"sameAs":["https:\/\/www.facebook.com\/1dronas\/"]}]}},"jetpack_sharing_enabled":true,"_links":{"self":[{"href":"https:\/\/1dronas.lt\/en\/wp-json\/wp\/v2\/product\/7601","targetHints":{"allow":["GET"]}}],"collection":[{"href":"https:\/\/1dronas.lt\/en\/wp-json\/wp\/v2\/product"}],"about":[{"href":"https:\/\/1dronas.lt\/en\/wp-json\/wp\/v2\/types\/product"}],"replies":[{"embeddable":true,"href":"https:\/\/1dronas.lt\/en\/wp-json\/wp\/v2\/comments?post=7601"}],"wp:featuredmedia":[{"embeddable":true,"href":"https:\/\/1dronas.lt\/en\/wp-json\/wp\/v2\/media\/7607"}],"wp:attachment":[{"href":"https:\/\/1dronas.lt\/en\/wp-json\/wp\/v2\/media?parent=7601"}],"wp:term":[{"taxonomy":"product_brand","embeddable":true,"href":"https:\/\/1dronas.lt\/en\/wp-json\/wp\/v2\/product_brand?post=7601"},{"taxonomy":"product_cat","embeddable":true,"href":"https:\/\/1dronas.lt\/en\/wp-json\/wp\/v2\/product_cat?post=7601"},{"taxonomy":"product_tag","embeddable":true,"href":"https:\/\/1dronas.lt\/en\/wp-json\/wp\/v2\/product_tag?post=7601"}],"curies":[{"name":"wp","href":"https:\/\/api.w.org\/{rel}","templated":true}]}}