{"id":6988,"date":"2024-11-24T15:15:35","date_gmt":"2024-11-24T15:15:35","guid":{"rendered":"https:\/\/1dronas.lt\/?post_type=product&#038;p=6988"},"modified":"2026-04-10T14:34:09","modified_gmt":"2026-04-10T11:34:09","slug":"baterija-betafpv-lava-4s-850mah-100c-2vnt","status":"publish","type":"product","link":"https:\/\/1dronas.lt\/en\/produktas\/baterija-betafpv-lava-4s-850mah-100c-2vnt\/","title":{"rendered":"Battery BETAFPV LAVA 4S 850mAh 100C \u2013 XT30 (2pcs)"},"content":{"rendered":"<p>As pilots seek greater flight power, they need a reliable battery that can unleash the full potential of their quadcopter. With an improved 100C discharge rate and XT30 battery connector, the battery delivers fast high-current discharge and continuous power. In addition, the battery provides a longer battery life. Unleash the full potential of your drone and take your flying experience to new heights.<\/p>\n<p><img loading=\"lazy\" decoding=\"async\" class=\"alignnone size-full wp-image-6994\" src=\"https:\/\/1dronas.lt\/wp-content\/uploads\/2024\/11\/298766248498b5f92a55e01525199b69_1024x1024.png\" alt=\"\" width=\"1024\" height=\"576\" srcset=\"https:\/\/1dronas.lt\/wp-content\/uploads\/2024\/11\/298766248498b5f92a55e01525199b69_1024x1024.png 1024w, https:\/\/1dronas.lt\/wp-content\/uploads\/2024\/11\/298766248498b5f92a55e01525199b69_1024x1024-300x169.png 300w, https:\/\/1dronas.lt\/wp-content\/uploads\/2024\/11\/298766248498b5f92a55e01525199b69_1024x1024-768x432.png 768w, https:\/\/1dronas.lt\/wp-content\/uploads\/2024\/11\/298766248498b5f92a55e01525199b69_1024x1024-18x10.png 18w, https:\/\/1dronas.lt\/wp-content\/uploads\/2024\/11\/298766248498b5f92a55e01525199b69_1024x1024-510x287.png 510w\" sizes=\"auto, (max-width: 1024px) 100vw, 1024px\" \/><br \/>\n<strong>Features:<br \/>\n<\/strong><\/p>\n<p>\u2022 With an increased 100C discharge rate, the battery delivers higher instantaneous power for excellent flight performance and unmatched maneuverability;<br \/>\n\u2022 Thanks to its extended battery cycle time, it ensures long-term power maintenance, providing users with long-lasting and reliable performance;<span style=\"font-size: 14.4px;\"><br \/>\n<\/span><span style=\"font-size: 14.4px;\">\u2022 <\/span>A brand new LAVA series battery featuring a new design symbolizing explosive power reminiscent of molten lava.<\/p>\n<p><strong>Specification:<\/strong><\/p>\n<p>\u2022 Item: LAVA 4S 850mAh 100C battery;<br \/>\n\u2022 Capacity: 850mAh;<br \/>\n\u2022 Dimensions: 58*30*30mm;<br \/>\n\u2022 Weight: 98g;<br \/>\n\u2022 Power: 12.58Wh;<br \/>\n\u2022 Discharge rate: 100C;<br \/>\n\u2022 Battery type: LiHV;<br \/>\n\u2022 Voltage: 14.8V;<br \/>\n\u2022 Connector: XT30.<\/p>\n<p>The following image shows the dimensions of the battery.<\/p>\n<p>&nbsp;<\/p>\n<p><img loading=\"lazy\" decoding=\"async\" class=\"alignnone size-full wp-image-6991\" src=\"https:\/\/1dronas.lt\/wp-content\/uploads\/2024\/11\/468ef44610c31b5b50b747b4f9f5ee49_618bd5e1-0c96-4a45-adfa-6bb8e9ffd372_480x480.png\" alt=\"\" width=\"480\" height=\"288\" srcset=\"https:\/\/1dronas.lt\/wp-content\/uploads\/2024\/11\/468ef44610c31b5b50b747b4f9f5ee49_618bd5e1-0c96-4a45-adfa-6bb8e9ffd372_480x480.png 480w, https:\/\/1dronas.lt\/wp-content\/uploads\/2024\/11\/468ef44610c31b5b50b747b4f9f5ee49_618bd5e1-0c96-4a45-adfa-6bb8e9ffd372_480x480-300x180.png 300w, https:\/\/1dronas.lt\/wp-content\/uploads\/2024\/11\/468ef44610c31b5b50b747b4f9f5ee49_618bd5e1-0c96-4a45-adfa-6bb8e9ffd372_480x480-18x12.png 18w\" sizes=\"auto, (max-width: 480px) 100vw, 480px\" \/><\/p>\n<p>The following image shows battery discharge information.<\/p>\n<p><img loading=\"lazy\" decoding=\"async\" class=\"alignnone size-full wp-image-6989\" src=\"https:\/\/1dronas.lt\/wp-content\/uploads\/2024\/11\/1_c270cfea-3fc3-4af4-aff9-83ee30cc5fb4_600x600.png\" alt=\"\" width=\"600\" height=\"338\" srcset=\"https:\/\/1dronas.lt\/wp-content\/uploads\/2024\/11\/1_c270cfea-3fc3-4af4-aff9-83ee30cc5fb4_600x600.png 600w, https:\/\/1dronas.lt\/wp-content\/uploads\/2024\/11\/1_c270cfea-3fc3-4af4-aff9-83ee30cc5fb4_600x600-300x169.png 300w, https:\/\/1dronas.lt\/wp-content\/uploads\/2024\/11\/1_c270cfea-3fc3-4af4-aff9-83ee30cc5fb4_600x600-18x10.png 18w, https:\/\/1dronas.lt\/wp-content\/uploads\/2024\/11\/1_c270cfea-3fc3-4af4-aff9-83ee30cc5fb4_600x600-510x287.png 510w\" sizes=\"auto, (max-width: 600px) 100vw, 600px\" \/><\/p>\n<p><strong>Package:<\/strong><\/p>\n<p><em><span style=\"font-size: 14.4px;\">\u2022 <\/span><\/em><span style=\"font-size: 14.4px;\">2<\/span> x LAVA 4S 850mAh 100C batteries.<\/p>\n<p><img loading=\"lazy\" decoding=\"async\" class=\"alignnone size-full wp-image-6993\" src=\"https:\/\/1dronas.lt\/wp-content\/uploads\/2024\/11\/36911c0904db1d481a24384dac5a57ea_48d6b33b-45a5-4599-9ca7-34b038488d6e_480x480.png\" alt=\"\" width=\"480\" height=\"480\" srcset=\"https:\/\/1dronas.lt\/wp-content\/uploads\/2024\/11\/36911c0904db1d481a24384dac5a57ea_48d6b33b-45a5-4599-9ca7-34b038488d6e_480x480.png 480w, https:\/\/1dronas.lt\/wp-content\/uploads\/2024\/11\/36911c0904db1d481a24384dac5a57ea_48d6b33b-45a5-4599-9ca7-34b038488d6e_480x480-300x300.png 300w, https:\/\/1dronas.lt\/wp-content\/uploads\/2024\/11\/36911c0904db1d481a24384dac5a57ea_48d6b33b-45a5-4599-9ca7-34b038488d6e_480x480-150x150.png 150w, https:\/\/1dronas.lt\/wp-content\/uploads\/2024\/11\/36911c0904db1d481a24384dac5a57ea_48d6b33b-45a5-4599-9ca7-34b038488d6e_480x480-12x12.png 12w, https:\/\/1dronas.lt\/wp-content\/uploads\/2024\/11\/36911c0904db1d481a24384dac5a57ea_48d6b33b-45a5-4599-9ca7-34b038488d6e_480x480-247x247.png 247w, https:\/\/1dronas.lt\/wp-content\/uploads\/2024\/11\/36911c0904db1d481a24384dac5a57ea_48d6b33b-45a5-4599-9ca7-34b038488d6e_480x480-100x100.png 100w\" sizes=\"auto, (max-width: 480px) 100vw, 480px\" \/><\/p>","protected":false},"excerpt":{"rendered":"<p><span style=\"color: #333333;\">With an increased 100C discharge rate, the battery delivers higher instantaneous power for excellent flight performance and unmatched maneuverability.<\/span><\/p>\n<p><span style=\"color: #333333;\"><strong><img loading=\"lazy\" decoding=\"async\" class=\"alignnone wp-image-1806\" src=\"https:\/\/1dronas.lt\/wp-content\/uploads\/2021\/05\/delivery-icon.png\" alt=\"\" width=\"24\" height=\"24\" srcset=\"https:\/\/1dronas.lt\/wp-content\/uploads\/2021\/05\/delivery-icon.png 35w, https:\/\/1dronas.lt\/wp-content\/uploads\/2021\/05\/delivery-icon-12x12.png 12w\" sizes=\"auto, (max-width: 24px) 100vw, 24px\" \/>\u00a0 1 \u2013 4 days<\/strong><\/span><\/p>","protected":false},"featured_media":6990,"comment_status":"open","ping_status":"closed","template":"","meta":[],"product_brand":[489],"product_cat":[740],"product_tag":[94,446,69,443],"class_list":{"0":"post-6988","1":"product","2":"type-product","3":"status-publish","4":"has-post-thumbnail","6":"product_brand-betafpv","7":"product_cat-4s-lipo-akumuliatoriai","8":"product_tag-4s","9":"product_tag-850mah","10":"product_tag-betafpv","11":"product_tag-lava","13":"first","14":"instock","15":"taxable","16":"shipping-taxable","17":"purchasable","18":"product-type-simple"},"yoast_head":"<!-- This site is optimized with the Yoast SEO plugin v27.4 - https:\/\/yoast.com\/product\/yoast-seo-wordpress\/ -->\n<title>Akumuliatorius BETAFPV LAVA 4S 850mAh 100C - XT30 (2vnt) - 1dronas.lt<\/title>\n<meta name=\"robots\" content=\"index, follow, max-snippet:-1, max-image-preview:large, max-video-preview:-1\" \/>\n<link rel=\"canonical\" href=\"https:\/\/1dronas.lt\/en\/produktas\/baterija-betafpv-lava-4s-850mah-100c-2vnt\/\" \/>\n<meta property=\"og:locale\" content=\"en_US\" \/>\n<meta property=\"og:type\" content=\"article\" \/>\n<meta property=\"og:title\" content=\"Akumuliatorius BETAFPV LAVA 4S 850mAh 100C - XT30 (2vnt) - 1dronas.lt\" \/>\n<meta property=\"og:description\" content=\"D\u0117l padidinto 100C i\u0161krovos grei\u010dio baterija u\u017etikrina didesn\u0119 momentin\u0119 gali\u0105, kad skryd\u017eio na\u0161umas b\u016bt\u0173 puikus, o manevringumas - neprilygstamas.  \u00a0 1 - 4 d.d.\" \/>\n<meta property=\"og:url\" content=\"https:\/\/1dronas.lt\/en\/produktas\/baterija-betafpv-lava-4s-850mah-100c-2vnt\/\" \/>\n<meta property=\"og:site_name\" content=\"1dronas.lt\" \/>\n<meta property=\"article:publisher\" content=\"https:\/\/www.facebook.com\/1dronas\/\" \/>\n<meta property=\"article:modified_time\" content=\"2026-04-10T11:34:09+00:00\" \/>\n<meta property=\"og:image\" content=\"https:\/\/1dronas.lt\/wp-content\/uploads\/2024\/11\/74b96dbb2d19db9758ba306fc55ad040_38f363c6-88c2-4d7b-a524-9dfd4866026f_720x.png\" \/>\n\t<meta property=\"og:image:width\" content=\"720\" \/>\n\t<meta property=\"og:image:height\" content=\"720\" \/>\n\t<meta property=\"og:image:type\" content=\"image\/png\" \/>\n<meta name=\"twitter:card\" content=\"summary_large_image\" \/>\n<meta name=\"twitter:label1\" content=\"Est. reading time\" \/>\n\t<meta name=\"twitter:data1\" content=\"2 minutes\" \/>\n<script type=\"application\/ld+json\" class=\"yoast-schema-graph\">{\"@context\":\"https:\\\/\\\/schema.org\",\"@graph\":[{\"@type\":\"WebPage\",\"@id\":\"https:\\\/\\\/1dronas.lt\\\/en\\\/produktas\\\/baterija-betafpv-lava-4s-850mah-100c-2vnt\\\/\",\"url\":\"https:\\\/\\\/1dronas.lt\\\/en\\\/produktas\\\/baterija-betafpv-lava-4s-850mah-100c-2vnt\\\/\",\"name\":\"Akumuliatorius BETAFPV LAVA 4S 850mAh 100C - XT30 (2vnt) - 1dronas.lt\",\"isPartOf\":{\"@id\":\"https:\\\/\\\/1dronas.lt\\\/en\\\/#website\"},\"primaryImageOfPage\":{\"@id\":\"https:\\\/\\\/1dronas.lt\\\/en\\\/produktas\\\/baterija-betafpv-lava-4s-850mah-100c-2vnt\\\/#primaryimage\"},\"image\":{\"@id\":\"https:\\\/\\\/1dronas.lt\\\/en\\\/produktas\\\/baterija-betafpv-lava-4s-850mah-100c-2vnt\\\/#primaryimage\"},\"thumbnailUrl\":\"https:\\\/\\\/1dronas.lt\\\/wp-content\\\/uploads\\\/2024\\\/11\\\/74b96dbb2d19db9758ba306fc55ad040_38f363c6-88c2-4d7b-a524-9dfd4866026f_720x.png\",\"datePublished\":\"2024-11-24T15:15:35+00:00\",\"dateModified\":\"2026-04-10T11:34:09+00:00\",\"breadcrumb\":{\"@id\":\"https:\\\/\\\/1dronas.lt\\\/en\\\/produktas\\\/baterija-betafpv-lava-4s-850mah-100c-2vnt\\\/#breadcrumb\"},\"inLanguage\":\"en-US\",\"potentialAction\":[{\"@type\":\"ReadAction\",\"target\":[\"https:\\\/\\\/1dronas.lt\\\/en\\\/produktas\\\/baterija-betafpv-lava-4s-850mah-100c-2vnt\\\/\"]}]},{\"@type\":\"ImageObject\",\"inLanguage\":\"en-US\",\"@id\":\"https:\\\/\\\/1dronas.lt\\\/en\\\/produktas\\\/baterija-betafpv-lava-4s-850mah-100c-2vnt\\\/#primaryimage\",\"url\":\"https:\\\/\\\/1dronas.lt\\\/wp-content\\\/uploads\\\/2024\\\/11\\\/74b96dbb2d19db9758ba306fc55ad040_38f363c6-88c2-4d7b-a524-9dfd4866026f_720x.png\",\"contentUrl\":\"https:\\\/\\\/1dronas.lt\\\/wp-content\\\/uploads\\\/2024\\\/11\\\/74b96dbb2d19db9758ba306fc55ad040_38f363c6-88c2-4d7b-a524-9dfd4866026f_720x.png\",\"width\":720,\"height\":720},{\"@type\":\"BreadcrumbList\",\"@id\":\"https:\\\/\\\/1dronas.lt\\\/en\\\/produktas\\\/baterija-betafpv-lava-4s-850mah-100c-2vnt\\\/#breadcrumb\",\"itemListElement\":[{\"@type\":\"ListItem\",\"position\":1,\"name\":\"Home\",\"item\":\"https:\\\/\\\/1dronas.lt\\\/\"},{\"@type\":\"ListItem\",\"position\":2,\"name\":\"Parduotuv\u0117\",\"item\":\"https:\\\/\\\/1dronas.lt\\\/parduotuve\\\/\"},{\"@type\":\"ListItem\",\"position\":3,\"name\":\"Akumuliatorius BETAFPV LAVA 4S 850mAh 100C &#8211; XT30 (2vnt)\"}]},{\"@type\":\"WebSite\",\"@id\":\"https:\\\/\\\/1dronas.lt\\\/en\\\/#website\",\"url\":\"https:\\\/\\\/1dronas.lt\\\/en\\\/\",\"name\":\"1dronas.lt\",\"description\":\"Internetin\u0117 parduotuv\u0117\",\"publisher\":{\"@id\":\"https:\\\/\\\/1dronas.lt\\\/en\\\/#organization\"},\"potentialAction\":[{\"@type\":\"SearchAction\",\"target\":{\"@type\":\"EntryPoint\",\"urlTemplate\":\"https:\\\/\\\/1dronas.lt\\\/en\\\/?s={search_term_string}\"},\"query-input\":{\"@type\":\"PropertyValueSpecification\",\"valueRequired\":true,\"valueName\":\"search_term_string\"}}],\"inLanguage\":\"en-US\"},{\"@type\":\"Organization\",\"@id\":\"https:\\\/\\\/1dronas.lt\\\/en\\\/#organization\",\"name\":\"1dronas.lt\",\"url\":\"https:\\\/\\\/1dronas.lt\\\/en\\\/\",\"logo\":{\"@type\":\"ImageObject\",\"inLanguage\":\"en-US\",\"@id\":\"https:\\\/\\\/1dronas.lt\\\/en\\\/#\\\/schema\\\/logo\\\/image\\\/\",\"url\":\"https:\\\/\\\/1dronas.lt\\\/wp-content\\\/uploads\\\/2020\\\/12\\\/Ekrano_kopija__2_-removebg-preview-1-1.png\",\"contentUrl\":\"https:\\\/\\\/1dronas.lt\\\/wp-content\\\/uploads\\\/2020\\\/12\\\/Ekrano_kopija__2_-removebg-preview-1-1.png\",\"width\":234,\"height\":81,\"caption\":\"1dronas.lt\"},\"image\":{\"@id\":\"https:\\\/\\\/1dronas.lt\\\/en\\\/#\\\/schema\\\/logo\\\/image\\\/\"},\"sameAs\":[\"https:\\\/\\\/www.facebook.com\\\/1dronas\\\/\"]}]}<\/script>\n<!-- \/ Yoast SEO plugin. -->","yoast_head_json":{"title":"Akumuliatorius BETAFPV LAVA 4S 850mAh 100C - XT30 (2vnt) - 1dronas.lt","robots":{"index":"index","follow":"follow","max-snippet":"max-snippet:-1","max-image-preview":"max-image-preview:large","max-video-preview":"max-video-preview:-1"},"canonical":"https:\/\/1dronas.lt\/en\/produktas\/baterija-betafpv-lava-4s-850mah-100c-2vnt\/","og_locale":"en_US","og_type":"article","og_title":"Akumuliatorius BETAFPV LAVA 4S 850mAh 100C - XT30 (2vnt) - 1dronas.lt","og_description":"D\u0117l padidinto 100C i\u0161krovos grei\u010dio baterija u\u017etikrina didesn\u0119 momentin\u0119 gali\u0105, kad skryd\u017eio na\u0161umas b\u016bt\u0173 puikus, o manevringumas - neprilygstamas.  \u00a0 1 - 4 d.d.","og_url":"https:\/\/1dronas.lt\/en\/produktas\/baterija-betafpv-lava-4s-850mah-100c-2vnt\/","og_site_name":"1dronas.lt","article_publisher":"https:\/\/www.facebook.com\/1dronas\/","article_modified_time":"2026-04-10T11:34:09+00:00","og_image":[{"width":720,"height":720,"url":"https:\/\/1dronas.lt\/wp-content\/uploads\/2024\/11\/74b96dbb2d19db9758ba306fc55ad040_38f363c6-88c2-4d7b-a524-9dfd4866026f_720x.png","type":"image\/png"}],"twitter_card":"summary_large_image","twitter_misc":{"Est. reading time":"2 minutes"},"schema":{"@context":"https:\/\/schema.org","@graph":[{"@type":"WebPage","@id":"https:\/\/1dronas.lt\/en\/produktas\/baterija-betafpv-lava-4s-850mah-100c-2vnt\/","url":"https:\/\/1dronas.lt\/en\/produktas\/baterija-betafpv-lava-4s-850mah-100c-2vnt\/","name":"Akumuliatorius BETAFPV LAVA 4S 850mAh 100C - XT30 (2vnt) - 1dronas.lt","isPartOf":{"@id":"https:\/\/1dronas.lt\/en\/#website"},"primaryImageOfPage":{"@id":"https:\/\/1dronas.lt\/en\/produktas\/baterija-betafpv-lava-4s-850mah-100c-2vnt\/#primaryimage"},"image":{"@id":"https:\/\/1dronas.lt\/en\/produktas\/baterija-betafpv-lava-4s-850mah-100c-2vnt\/#primaryimage"},"thumbnailUrl":"https:\/\/1dronas.lt\/wp-content\/uploads\/2024\/11\/74b96dbb2d19db9758ba306fc55ad040_38f363c6-88c2-4d7b-a524-9dfd4866026f_720x.png","datePublished":"2024-11-24T15:15:35+00:00","dateModified":"2026-04-10T11:34:09+00:00","breadcrumb":{"@id":"https:\/\/1dronas.lt\/en\/produktas\/baterija-betafpv-lava-4s-850mah-100c-2vnt\/#breadcrumb"},"inLanguage":"en-US","potentialAction":[{"@type":"ReadAction","target":["https:\/\/1dronas.lt\/en\/produktas\/baterija-betafpv-lava-4s-850mah-100c-2vnt\/"]}]},{"@type":"ImageObject","inLanguage":"en-US","@id":"https:\/\/1dronas.lt\/en\/produktas\/baterija-betafpv-lava-4s-850mah-100c-2vnt\/#primaryimage","url":"https:\/\/1dronas.lt\/wp-content\/uploads\/2024\/11\/74b96dbb2d19db9758ba306fc55ad040_38f363c6-88c2-4d7b-a524-9dfd4866026f_720x.png","contentUrl":"https:\/\/1dronas.lt\/wp-content\/uploads\/2024\/11\/74b96dbb2d19db9758ba306fc55ad040_38f363c6-88c2-4d7b-a524-9dfd4866026f_720x.png","width":720,"height":720},{"@type":"BreadcrumbList","@id":"https:\/\/1dronas.lt\/en\/produktas\/baterija-betafpv-lava-4s-850mah-100c-2vnt\/#breadcrumb","itemListElement":[{"@type":"ListItem","position":1,"name":"Home","item":"https:\/\/1dronas.lt\/"},{"@type":"ListItem","position":2,"name":"Parduotuv\u0117","item":"https:\/\/1dronas.lt\/parduotuve\/"},{"@type":"ListItem","position":3,"name":"Akumuliatorius BETAFPV LAVA 4S 850mAh 100C &#8211; XT30 (2vnt)"}]},{"@type":"WebSite","@id":"https:\/\/1dronas.lt\/en\/#website","url":"https:\/\/1dronas.lt\/en\/","name":"1dronas.lt","description":"Online store","publisher":{"@id":"https:\/\/1dronas.lt\/en\/#organization"},"potentialAction":[{"@type":"SearchAction","target":{"@type":"EntryPoint","urlTemplate":"https:\/\/1dronas.lt\/en\/?s={search_term_string}"},"query-input":{"@type":"PropertyValueSpecification","valueRequired":true,"valueName":"search_term_string"}}],"inLanguage":"en-US"},{"@type":"Organization","@id":"https:\/\/1dronas.lt\/en\/#organization","name":"1dronas.lt","url":"https:\/\/1dronas.lt\/en\/","logo":{"@type":"ImageObject","inLanguage":"en-US","@id":"https:\/\/1dronas.lt\/en\/#\/schema\/logo\/image\/","url":"https:\/\/1dronas.lt\/wp-content\/uploads\/2020\/12\/Ekrano_kopija__2_-removebg-preview-1-1.png","contentUrl":"https:\/\/1dronas.lt\/wp-content\/uploads\/2020\/12\/Ekrano_kopija__2_-removebg-preview-1-1.png","width":234,"height":81,"caption":"1dronas.lt"},"image":{"@id":"https:\/\/1dronas.lt\/en\/#\/schema\/logo\/image\/"},"sameAs":["https:\/\/www.facebook.com\/1dronas\/"]}]}},"jetpack_sharing_enabled":true,"_links":{"self":[{"href":"https:\/\/1dronas.lt\/en\/wp-json\/wp\/v2\/product\/6988","targetHints":{"allow":["GET"]}}],"collection":[{"href":"https:\/\/1dronas.lt\/en\/wp-json\/wp\/v2\/product"}],"about":[{"href":"https:\/\/1dronas.lt\/en\/wp-json\/wp\/v2\/types\/product"}],"replies":[{"embeddable":true,"href":"https:\/\/1dronas.lt\/en\/wp-json\/wp\/v2\/comments?post=6988"}],"wp:featuredmedia":[{"embeddable":true,"href":"https:\/\/1dronas.lt\/en\/wp-json\/wp\/v2\/media\/6990"}],"wp:attachment":[{"href":"https:\/\/1dronas.lt\/en\/wp-json\/wp\/v2\/media?parent=6988"}],"wp:term":[{"taxonomy":"product_brand","embeddable":true,"href":"https:\/\/1dronas.lt\/en\/wp-json\/wp\/v2\/product_brand?post=6988"},{"taxonomy":"product_cat","embeddable":true,"href":"https:\/\/1dronas.lt\/en\/wp-json\/wp\/v2\/product_cat?post=6988"},{"taxonomy":"product_tag","embeddable":true,"href":"https:\/\/1dronas.lt\/en\/wp-json\/wp\/v2\/product_tag?post=6988"}],"curies":[{"name":"wp","href":"https:\/\/api.w.org\/{rel}","templated":true}]}}