{"id":6946,"date":"2024-11-17T14:19:38","date_gmt":"2024-11-17T14:19:38","guid":{"rendered":"https:\/\/1dronas.lt\/?post_type=product&#038;p=6946"},"modified":"2025-12-13T18:25:29","modified_gmt":"2025-12-13T16:25:29","slug":"baterija-betafpv-lava-1s-550mah-75c-4vnt","status":"publish","type":"product","link":"https:\/\/1dronas.lt\/en\/produktas\/baterija-betafpv-lava-1s-550mah-75c-4vnt\/","title":{"rendered":"Battery BETAFPV LAVA 1S 550mAh 75C \u2013 BT2.0 (4pcs)"},"content":{"rendered":"<p>As pilots seek greater flight power, they need a reliable battery that will allow them to unleash the full potential of their quadcopter. This is where the powerful LiHV battery with its innovative Z-Folding process comes in, surpassing conventional LiPo batteries in capacity and discharge rates. An impressive 75C discharge rate allows for increased performance. With a BT2.0 connection and operating at 3.8V, this battery is the epitome of power and efficiency.<\/p>\n<p><img loading=\"lazy\" decoding=\"async\" class=\"alignnone size-full wp-image-6953\" src=\"https:\/\/1dronas.lt\/wp-content\/uploads\/2024\/11\/1S550_1024x1024-min.jpg\" alt=\"\" width=\"1024\" height=\"576\" srcset=\"https:\/\/1dronas.lt\/wp-content\/uploads\/2024\/11\/1S550_1024x1024-min.jpg 1024w, https:\/\/1dronas.lt\/wp-content\/uploads\/2024\/11\/1S550_1024x1024-min-300x169.jpg 300w, https:\/\/1dronas.lt\/wp-content\/uploads\/2024\/11\/1S550_1024x1024-min-768x432.jpg 768w, https:\/\/1dronas.lt\/wp-content\/uploads\/2024\/11\/1S550_1024x1024-min-18x10.jpg 18w, https:\/\/1dronas.lt\/wp-content\/uploads\/2024\/11\/1S550_1024x1024-min-510x287.jpg 510w\" sizes=\"auto, (max-width: 1024px) 100vw, 1024px\" \/><\/p>\n<p><strong>Features:<\/strong><\/p>\n<p>\u2022 Using the Z-Folding process, a 5% higher energy density is achieved compared to the Winding process, resulting in longer flight times and reduced inconvenience when changing batteries;<br \/>\n\u2022 With an increased 75C discharge rate, the battery delivers higher instantaneous power for excellent flight performance and unmatched maneuverability;<br \/>\n\u2022 Thanks to its extended battery cycle time, it ensures long-term power maintenance, providing users with long-lasting and reliable performance;<br \/>\n\u2022 A completely new LAVA series battery featuring a new design symbolizing explosive power reminiscent of molten lava.<\/p>\n<p><strong>Specification:<\/strong><\/p>\n<p>\u2022 Item: LAVA 1S 550mAh 75C battery;<br \/>\n\u2022 Capacity: 550mAh;<br \/>\n\u2022 Dimensions: 68*15.5*6.7 mm;<br \/>\n\u2022 Weight: 14g;<br \/>\n\u2022 Power: 2.09Wh;<br \/>\n\u2022 Discharge rate: 75C;<br \/>\n\u2022 Battery type: LiHV;<br \/>\n\u2022 Voltage: 3.8V;<br \/>\n\u2022 Connector: BT2.<\/p>\n<p>The following image shows the dimensions of the battery.<br \/>\n<img loading=\"lazy\" decoding=\"async\" class=\"alignnone size-full wp-image-6954\" src=\"https:\/\/1dronas.lt\/wp-content\/uploads\/2024\/11\/550_d0db6604-ee0b-480f-bb5b-7843fd6ab361_480x480-min.jpg\" alt=\"\" width=\"480\" height=\"196\" srcset=\"https:\/\/1dronas.lt\/wp-content\/uploads\/2024\/11\/550_d0db6604-ee0b-480f-bb5b-7843fd6ab361_480x480-min.jpg 480w, https:\/\/1dronas.lt\/wp-content\/uploads\/2024\/11\/550_d0db6604-ee0b-480f-bb5b-7843fd6ab361_480x480-min-300x123.jpg 300w, https:\/\/1dronas.lt\/wp-content\/uploads\/2024\/11\/550_d0db6604-ee0b-480f-bb5b-7843fd6ab361_480x480-min-18x7.jpg 18w\" sizes=\"auto, (max-width: 480px) 100vw, 480px\" \/><\/p>\n<p>The following image shows battery discharge information.<br \/>\n<img loading=\"lazy\" decoding=\"async\" class=\"alignnone size-full wp-image-6955\" src=\"https:\/\/1dronas.lt\/wp-content\/uploads\/2024\/11\/image_ec4190c0-b20d-4d1b-b363-7a3ef9d08304_600x600-min.jpg\" alt=\"\" width=\"600\" height=\"374\" srcset=\"https:\/\/1dronas.lt\/wp-content\/uploads\/2024\/11\/image_ec4190c0-b20d-4d1b-b363-7a3ef9d08304_600x600-min.jpg 600w, https:\/\/1dronas.lt\/wp-content\/uploads\/2024\/11\/image_ec4190c0-b20d-4d1b-b363-7a3ef9d08304_600x600-min-300x187.jpg 300w, https:\/\/1dronas.lt\/wp-content\/uploads\/2024\/11\/image_ec4190c0-b20d-4d1b-b363-7a3ef9d08304_600x600-min-18x12.jpg 18w, https:\/\/1dronas.lt\/wp-content\/uploads\/2024\/11\/image_ec4190c0-b20d-4d1b-b363-7a3ef9d08304_600x600-min-510x318.jpg 510w\" sizes=\"auto, (max-width: 600px) 100vw, 600px\" \/><br \/>\n<strong>Z-Folding process<\/strong><\/p>\n<p>The Z-Folding Process battery demonstrates impressive performance and versatility. By taking advantage of low internal resistance, it enables efficient discharge of a high-current battery in a shorter time. Compared to the Winding Process battery, it achieves a 0.2V higher discharge at equivalent loads, ensuring consistent and reliable power, and also has a 5 % higher energy density in the same volume and longer cycle life. The Z-Folding Process allows for precise electrode sizes to be tailored to the dimensions of the lithium battery, optimizing control over the size and shape of the battery. The battery performance is improved, and there is a wider range of appearance and shape options, and its application possibilities are also wider compared to a battery made using the winding process.<\/p>\n<p><img loading=\"lazy\" decoding=\"async\" class=\"alignnone size-full wp-image-6956\" src=\"https:\/\/1dronas.lt\/wp-content\/uploads\/2024\/11\/c87350369e899281d3c131bee258dcdb_45d37877-36d6-4d06-96e1-032b6faddba4_1024x1024-min.jpg\" alt=\"\" width=\"1024\" height=\"576\" srcset=\"https:\/\/1dronas.lt\/wp-content\/uploads\/2024\/11\/c87350369e899281d3c131bee258dcdb_45d37877-36d6-4d06-96e1-032b6faddba4_1024x1024-min.jpg 1024w, https:\/\/1dronas.lt\/wp-content\/uploads\/2024\/11\/c87350369e899281d3c131bee258dcdb_45d37877-36d6-4d06-96e1-032b6faddba4_1024x1024-min-300x169.jpg 300w, https:\/\/1dronas.lt\/wp-content\/uploads\/2024\/11\/c87350369e899281d3c131bee258dcdb_45d37877-36d6-4d06-96e1-032b6faddba4_1024x1024-min-768x432.jpg 768w, https:\/\/1dronas.lt\/wp-content\/uploads\/2024\/11\/c87350369e899281d3c131bee258dcdb_45d37877-36d6-4d06-96e1-032b6faddba4_1024x1024-min-18x10.jpg 18w, https:\/\/1dronas.lt\/wp-content\/uploads\/2024\/11\/c87350369e899281d3c131bee258dcdb_45d37877-36d6-4d06-96e1-032b6faddba4_1024x1024-min-510x287.jpg 510w\" sizes=\"auto, (max-width: 1024px) 100vw, 1024px\" \/><\/p>\n<p><strong>Warning<\/strong><\/p>\n<p><em>\u2022 Fully charge a new battery before use.<\/em><br \/>\n<em>\u2022 Only use a charger designed for lithium polymer\/lithium ion batteries and never leave the battery unattended while charging.<\/em><br \/>\n<em>\u2022 Always keep the battery away from flammable and explosive materials while charging.<\/em><br \/>\n<em>\u2022 Never overcharge a battery. The maximum voltage for a LiPo battery is 4.2 V per cell and for a LiHV battery it is 4.35 V per cell.<\/em><br \/>\n<em>\u2022 Never discharge the battery to a voltage below 3 V per cell under load.<\/em><br \/>\n<em>\u2022 Do not store fully charged batteries for more than 3 days. For long-term storage, maintain a voltage of 3.8-3.9 V.<\/em><br \/>\n<em>\u2022 Do not disassemble, crush, crush, expose to flame or other sources of ignition.<\/em><br \/>\n<em>\u2022 Do not use deformed or swollen batteries.<\/em><\/p>\n<p><strong>Package:<\/strong><\/p>\n<p>4 x LAVA 1S 550mAh 75C batteries.<\/p>\n<p><img loading=\"lazy\" decoding=\"async\" class=\"alignnone size-full wp-image-10965\" src=\"https:\/\/1dronas.lt\/wp-content\/uploads\/2024\/11\/550_4ec17a72-3e57-4f2b-90f2-1df196b2083a_480x480.webp\" alt=\"\" width=\"480\" height=\"480\" srcset=\"https:\/\/1dronas.lt\/wp-content\/uploads\/2024\/11\/550_4ec17a72-3e57-4f2b-90f2-1df196b2083a_480x480.webp 480w, https:\/\/1dronas.lt\/wp-content\/uploads\/2024\/11\/550_4ec17a72-3e57-4f2b-90f2-1df196b2083a_480x480-300x300.webp 300w, https:\/\/1dronas.lt\/wp-content\/uploads\/2024\/11\/550_4ec17a72-3e57-4f2b-90f2-1df196b2083a_480x480-150x150.webp 150w, https:\/\/1dronas.lt\/wp-content\/uploads\/2024\/11\/550_4ec17a72-3e57-4f2b-90f2-1df196b2083a_480x480-12x12.webp 12w, https:\/\/1dronas.lt\/wp-content\/uploads\/2024\/11\/550_4ec17a72-3e57-4f2b-90f2-1df196b2083a_480x480-247x247.webp 247w, https:\/\/1dronas.lt\/wp-content\/uploads\/2024\/11\/550_4ec17a72-3e57-4f2b-90f2-1df196b2083a_480x480-100x100.webp 100w\" sizes=\"auto, (max-width: 480px) 100vw, 480px\" \/><\/p>","protected":false},"excerpt":{"rendered":"<p><span style=\"color: #333333;\">With an increased 75C discharge rate, the battery delivers higher instantaneous power for excellent flight performance and unmatched maneuverability.<\/span><\/p>\n<p><span style=\"color: #333333;\"><strong><img loading=\"lazy\" decoding=\"async\" class=\"alignnone wp-image-1806\" src=\"https:\/\/1dronas.lt\/wp-content\/uploads\/2021\/05\/delivery-icon.png\" alt=\"\" width=\"24\" height=\"24\" srcset=\"https:\/\/1dronas.lt\/wp-content\/uploads\/2021\/05\/delivery-icon.png 35w, https:\/\/1dronas.lt\/wp-content\/uploads\/2021\/05\/delivery-icon-12x12.png 12w\" sizes=\"auto, (max-width: 24px) 100vw, 24px\" \/>\u00a0 1 \u2013 4 days<\/strong><\/span><\/p>","protected":false},"featured_media":6952,"comment_status":"open","ping_status":"closed","template":"","meta":[],"product_brand":[489],"product_cat":[737],"product_tag":[95,355,69,443],"class_list":{"0":"post-6946","1":"product","2":"type-product","3":"status-publish","4":"has-post-thumbnail","6":"product_brand-betafpv","7":"product_cat-1s-lipo-akumuliatoriai","8":"product_tag-1s","9":"product_tag-550mah","10":"product_tag-betafpv","11":"product_tag-lava","13":"first","14":"outofstock","15":"sale","16":"taxable","17":"shipping-taxable","18":"purchasable","19":"product-type-simple"},"yoast_head":"<!-- This site is optimized with the Yoast SEO plugin v27.4 - https:\/\/yoast.com\/product\/yoast-seo-wordpress\/ -->\n<title>Akumuliatorius BETAFPV LAVA 1S 550mAh 75C - BT2.0 (4vnt) - 1dronas.lt<\/title>\n<meta name=\"robots\" content=\"index, follow, max-snippet:-1, max-image-preview:large, max-video-preview:-1\" \/>\n<link rel=\"canonical\" href=\"https:\/\/1dronas.lt\/en\/produktas\/baterija-betafpv-lava-1s-550mah-75c-4vnt\/\" \/>\n<meta property=\"og:locale\" content=\"en_US\" \/>\n<meta property=\"og:type\" content=\"article\" \/>\n<meta property=\"og:title\" content=\"Akumuliatorius BETAFPV LAVA 1S 550mAh 75C - BT2.0 (4vnt) - 1dronas.lt\" \/>\n<meta property=\"og:description\" content=\"D\u0117l padidinto 75C i\u0161krovos grei\u010dio baterija u\u017etikrina didesn\u0119 momentin\u0119 gali\u0105, kad skryd\u017eio na\u0161umas b\u016bt\u0173 puikus, o manevringumas - neprilygstamas.  \u00a0 1 - 4 d.d.\" \/>\n<meta property=\"og:url\" content=\"https:\/\/1dronas.lt\/en\/produktas\/baterija-betafpv-lava-1s-550mah-75c-4vnt\/\" \/>\n<meta property=\"og:site_name\" content=\"1dronas.lt\" \/>\n<meta property=\"article:publisher\" content=\"https:\/\/www.facebook.com\/1dronas\/\" \/>\n<meta property=\"article:modified_time\" content=\"2025-12-13T16:25:29+00:00\" \/>\n<meta property=\"og:image\" content=\"https:\/\/1dronas.lt\/wp-content\/uploads\/2024\/11\/550_189cc9cd-2ccb-4dae-9b52-3c01ecd1ff9c_1800x1800-min.jpg\" \/>\n\t<meta property=\"og:image:width\" content=\"1600\" \/>\n\t<meta property=\"og:image:height\" content=\"1600\" \/>\n\t<meta property=\"og:image:type\" content=\"image\/jpeg\" \/>\n<meta name=\"twitter:card\" content=\"summary_large_image\" \/>\n<meta name=\"twitter:label1\" content=\"Est. reading time\" \/>\n\t<meta name=\"twitter:data1\" content=\"4 minutes\" \/>\n<script type=\"application\/ld+json\" class=\"yoast-schema-graph\">{\"@context\":\"https:\\\/\\\/schema.org\",\"@graph\":[{\"@type\":\"WebPage\",\"@id\":\"https:\\\/\\\/1dronas.lt\\\/en\\\/produktas\\\/baterija-betafpv-lava-1s-550mah-75c-4vnt\\\/\",\"url\":\"https:\\\/\\\/1dronas.lt\\\/en\\\/produktas\\\/baterija-betafpv-lava-1s-550mah-75c-4vnt\\\/\",\"name\":\"Akumuliatorius BETAFPV LAVA 1S 550mAh 75C - BT2.0 (4vnt) - 1dronas.lt\",\"isPartOf\":{\"@id\":\"https:\\\/\\\/1dronas.lt\\\/en\\\/#website\"},\"primaryImageOfPage\":{\"@id\":\"https:\\\/\\\/1dronas.lt\\\/en\\\/produktas\\\/baterija-betafpv-lava-1s-550mah-75c-4vnt\\\/#primaryimage\"},\"image\":{\"@id\":\"https:\\\/\\\/1dronas.lt\\\/en\\\/produktas\\\/baterija-betafpv-lava-1s-550mah-75c-4vnt\\\/#primaryimage\"},\"thumbnailUrl\":\"https:\\\/\\\/1dronas.lt\\\/wp-content\\\/uploads\\\/2024\\\/11\\\/550_189cc9cd-2ccb-4dae-9b52-3c01ecd1ff9c_1800x1800-min.jpg\",\"datePublished\":\"2024-11-17T14:19:38+00:00\",\"dateModified\":\"2025-12-13T16:25:29+00:00\",\"breadcrumb\":{\"@id\":\"https:\\\/\\\/1dronas.lt\\\/en\\\/produktas\\\/baterija-betafpv-lava-1s-550mah-75c-4vnt\\\/#breadcrumb\"},\"inLanguage\":\"en-US\",\"potentialAction\":[{\"@type\":\"ReadAction\",\"target\":[\"https:\\\/\\\/1dronas.lt\\\/en\\\/produktas\\\/baterija-betafpv-lava-1s-550mah-75c-4vnt\\\/\"]}]},{\"@type\":\"ImageObject\",\"inLanguage\":\"en-US\",\"@id\":\"https:\\\/\\\/1dronas.lt\\\/en\\\/produktas\\\/baterija-betafpv-lava-1s-550mah-75c-4vnt\\\/#primaryimage\",\"url\":\"https:\\\/\\\/1dronas.lt\\\/wp-content\\\/uploads\\\/2024\\\/11\\\/550_189cc9cd-2ccb-4dae-9b52-3c01ecd1ff9c_1800x1800-min.jpg\",\"contentUrl\":\"https:\\\/\\\/1dronas.lt\\\/wp-content\\\/uploads\\\/2024\\\/11\\\/550_189cc9cd-2ccb-4dae-9b52-3c01ecd1ff9c_1800x1800-min.jpg\",\"width\":1600,\"height\":1600},{\"@type\":\"BreadcrumbList\",\"@id\":\"https:\\\/\\\/1dronas.lt\\\/en\\\/produktas\\\/baterija-betafpv-lava-1s-550mah-75c-4vnt\\\/#breadcrumb\",\"itemListElement\":[{\"@type\":\"ListItem\",\"position\":1,\"name\":\"Home\",\"item\":\"https:\\\/\\\/1dronas.lt\\\/\"},{\"@type\":\"ListItem\",\"position\":2,\"name\":\"Parduotuv\u0117\",\"item\":\"https:\\\/\\\/1dronas.lt\\\/parduotuve\\\/\"},{\"@type\":\"ListItem\",\"position\":3,\"name\":\"Akumuliatorius BETAFPV LAVA 1S 550mAh 75C &#8211; BT2.0 (4vnt)\"}]},{\"@type\":\"WebSite\",\"@id\":\"https:\\\/\\\/1dronas.lt\\\/en\\\/#website\",\"url\":\"https:\\\/\\\/1dronas.lt\\\/en\\\/\",\"name\":\"1dronas.lt\",\"description\":\"Internetin\u0117 parduotuv\u0117\",\"publisher\":{\"@id\":\"https:\\\/\\\/1dronas.lt\\\/en\\\/#organization\"},\"potentialAction\":[{\"@type\":\"SearchAction\",\"target\":{\"@type\":\"EntryPoint\",\"urlTemplate\":\"https:\\\/\\\/1dronas.lt\\\/en\\\/?s={search_term_string}\"},\"query-input\":{\"@type\":\"PropertyValueSpecification\",\"valueRequired\":true,\"valueName\":\"search_term_string\"}}],\"inLanguage\":\"en-US\"},{\"@type\":\"Organization\",\"@id\":\"https:\\\/\\\/1dronas.lt\\\/en\\\/#organization\",\"name\":\"1dronas.lt\",\"url\":\"https:\\\/\\\/1dronas.lt\\\/en\\\/\",\"logo\":{\"@type\":\"ImageObject\",\"inLanguage\":\"en-US\",\"@id\":\"https:\\\/\\\/1dronas.lt\\\/en\\\/#\\\/schema\\\/logo\\\/image\\\/\",\"url\":\"https:\\\/\\\/1dronas.lt\\\/wp-content\\\/uploads\\\/2020\\\/12\\\/Ekrano_kopija__2_-removebg-preview-1-1.png\",\"contentUrl\":\"https:\\\/\\\/1dronas.lt\\\/wp-content\\\/uploads\\\/2020\\\/12\\\/Ekrano_kopija__2_-removebg-preview-1-1.png\",\"width\":234,\"height\":81,\"caption\":\"1dronas.lt\"},\"image\":{\"@id\":\"https:\\\/\\\/1dronas.lt\\\/en\\\/#\\\/schema\\\/logo\\\/image\\\/\"},\"sameAs\":[\"https:\\\/\\\/www.facebook.com\\\/1dronas\\\/\"]}]}<\/script>\n<!-- \/ Yoast SEO plugin. -->","yoast_head_json":{"title":"Battery BETAFPV LAVA 1S 550mAh 75C - BT2.0 (4pcs) - 1dronas.lt","robots":{"index":"index","follow":"follow","max-snippet":"max-snippet:-1","max-image-preview":"max-image-preview:large","max-video-preview":"max-video-preview:-1"},"canonical":"https:\/\/1dronas.lt\/en\/produktas\/baterija-betafpv-lava-1s-550mah-75c-4vnt\/","og_locale":"en_US","og_type":"article","og_title":"Akumuliatorius BETAFPV LAVA 1S 550mAh 75C - BT2.0 (4vnt) - 1dronas.lt","og_description":"D\u0117l padidinto 75C i\u0161krovos grei\u010dio baterija u\u017etikrina didesn\u0119 momentin\u0119 gali\u0105, kad skryd\u017eio na\u0161umas b\u016bt\u0173 puikus, o manevringumas - neprilygstamas.  \u00a0 1 - 4 d.d.","og_url":"https:\/\/1dronas.lt\/en\/produktas\/baterija-betafpv-lava-1s-550mah-75c-4vnt\/","og_site_name":"1dronas.lt","article_publisher":"https:\/\/www.facebook.com\/1dronas\/","article_modified_time":"2025-12-13T16:25:29+00:00","og_image":[{"width":1600,"height":1600,"url":"https:\/\/1dronas.lt\/wp-content\/uploads\/2024\/11\/550_189cc9cd-2ccb-4dae-9b52-3c01ecd1ff9c_1800x1800-min.jpg","type":"image\/jpeg"}],"twitter_card":"summary_large_image","twitter_misc":{"Est. reading time":"4 minutes"},"schema":{"@context":"https:\/\/schema.org","@graph":[{"@type":"WebPage","@id":"https:\/\/1dronas.lt\/en\/produktas\/baterija-betafpv-lava-1s-550mah-75c-4vnt\/","url":"https:\/\/1dronas.lt\/en\/produktas\/baterija-betafpv-lava-1s-550mah-75c-4vnt\/","name":"Battery BETAFPV LAVA 1S 550mAh 75C - BT2.0 (4pcs) - 1dronas.lt","isPartOf":{"@id":"https:\/\/1dronas.lt\/en\/#website"},"primaryImageOfPage":{"@id":"https:\/\/1dronas.lt\/en\/produktas\/baterija-betafpv-lava-1s-550mah-75c-4vnt\/#primaryimage"},"image":{"@id":"https:\/\/1dronas.lt\/en\/produktas\/baterija-betafpv-lava-1s-550mah-75c-4vnt\/#primaryimage"},"thumbnailUrl":"https:\/\/1dronas.lt\/wp-content\/uploads\/2024\/11\/550_189cc9cd-2ccb-4dae-9b52-3c01ecd1ff9c_1800x1800-min.jpg","datePublished":"2024-11-17T14:19:38+00:00","dateModified":"2025-12-13T16:25:29+00:00","breadcrumb":{"@id":"https:\/\/1dronas.lt\/en\/produktas\/baterija-betafpv-lava-1s-550mah-75c-4vnt\/#breadcrumb"},"inLanguage":"en-US","potentialAction":[{"@type":"ReadAction","target":["https:\/\/1dronas.lt\/en\/produktas\/baterija-betafpv-lava-1s-550mah-75c-4vnt\/"]}]},{"@type":"ImageObject","inLanguage":"en-US","@id":"https:\/\/1dronas.lt\/en\/produktas\/baterija-betafpv-lava-1s-550mah-75c-4vnt\/#primaryimage","url":"https:\/\/1dronas.lt\/wp-content\/uploads\/2024\/11\/550_189cc9cd-2ccb-4dae-9b52-3c01ecd1ff9c_1800x1800-min.jpg","contentUrl":"https:\/\/1dronas.lt\/wp-content\/uploads\/2024\/11\/550_189cc9cd-2ccb-4dae-9b52-3c01ecd1ff9c_1800x1800-min.jpg","width":1600,"height":1600},{"@type":"BreadcrumbList","@id":"https:\/\/1dronas.lt\/en\/produktas\/baterija-betafpv-lava-1s-550mah-75c-4vnt\/#breadcrumb","itemListElement":[{"@type":"ListItem","position":1,"name":"Home","item":"https:\/\/1dronas.lt\/"},{"@type":"ListItem","position":2,"name":"Parduotuv\u0117","item":"https:\/\/1dronas.lt\/parduotuve\/"},{"@type":"ListItem","position":3,"name":"Akumuliatorius BETAFPV LAVA 1S 550mAh 75C &#8211; BT2.0 (4vnt)"}]},{"@type":"WebSite","@id":"https:\/\/1dronas.lt\/en\/#website","url":"https:\/\/1dronas.lt\/en\/","name":"1dronas.lt","description":"Online store","publisher":{"@id":"https:\/\/1dronas.lt\/en\/#organization"},"potentialAction":[{"@type":"SearchAction","target":{"@type":"EntryPoint","urlTemplate":"https:\/\/1dronas.lt\/en\/?s={search_term_string}"},"query-input":{"@type":"PropertyValueSpecification","valueRequired":true,"valueName":"search_term_string"}}],"inLanguage":"en-US"},{"@type":"Organization","@id":"https:\/\/1dronas.lt\/en\/#organization","name":"1dronas.lt","url":"https:\/\/1dronas.lt\/en\/","logo":{"@type":"ImageObject","inLanguage":"en-US","@id":"https:\/\/1dronas.lt\/en\/#\/schema\/logo\/image\/","url":"https:\/\/1dronas.lt\/wp-content\/uploads\/2020\/12\/Ekrano_kopija__2_-removebg-preview-1-1.png","contentUrl":"https:\/\/1dronas.lt\/wp-content\/uploads\/2020\/12\/Ekrano_kopija__2_-removebg-preview-1-1.png","width":234,"height":81,"caption":"1dronas.lt"},"image":{"@id":"https:\/\/1dronas.lt\/en\/#\/schema\/logo\/image\/"},"sameAs":["https:\/\/www.facebook.com\/1dronas\/"]}]}},"jetpack_sharing_enabled":true,"_links":{"self":[{"href":"https:\/\/1dronas.lt\/en\/wp-json\/wp\/v2\/product\/6946","targetHints":{"allow":["GET"]}}],"collection":[{"href":"https:\/\/1dronas.lt\/en\/wp-json\/wp\/v2\/product"}],"about":[{"href":"https:\/\/1dronas.lt\/en\/wp-json\/wp\/v2\/types\/product"}],"replies":[{"embeddable":true,"href":"https:\/\/1dronas.lt\/en\/wp-json\/wp\/v2\/comments?post=6946"}],"wp:featuredmedia":[{"embeddable":true,"href":"https:\/\/1dronas.lt\/en\/wp-json\/wp\/v2\/media\/6952"}],"wp:attachment":[{"href":"https:\/\/1dronas.lt\/en\/wp-json\/wp\/v2\/media?parent=6946"}],"wp:term":[{"taxonomy":"product_brand","embeddable":true,"href":"https:\/\/1dronas.lt\/en\/wp-json\/wp\/v2\/product_brand?post=6946"},{"taxonomy":"product_cat","embeddable":true,"href":"https:\/\/1dronas.lt\/en\/wp-json\/wp\/v2\/product_cat?post=6946"},{"taxonomy":"product_tag","embeddable":true,"href":"https:\/\/1dronas.lt\/en\/wp-json\/wp\/v2\/product_tag?post=6946"}],"curies":[{"name":"wp","href":"https:\/\/api.w.org\/{rel}","templated":true}]}}