{"id":6882,"date":"2024-11-12T21:09:12","date_gmt":"2024-11-12T21:09:12","guid":{"rendered":"https:\/\/1dronas.lt\/?post_type=product&#038;p=6882"},"modified":"2026-04-08T22:28:35","modified_gmt":"2026-04-08T19:28:35","slug":"radiomaster-pocket-crush-radio-controller-elrs","status":"publish","type":"product","link":"https:\/\/1dronas.lt\/en\/produktas\/radiomaster-pocket-crush-radio-controller-elrs\/","title":{"rendered":"RadioMaster Pocket Crush Radio Controller ELRS (Mode 2)"},"content":{"rendered":"<p><em>Radiomaster<\/em> is pleased to introduce the new <em>Pocket Crush<\/em>! Compact, affordable and available in seven stunning colours: Slate Grey, Frost White, Mint Mist, Hot Pink, Cherry Red, Iceberg Blue and Lemon Twist Yellow. Each colour is designed to inspire and delight. <em>Pocket Crush<\/em> \u2013 small, but leaves a big impression!<\/p>\n<p>It&#039;s a great choice for those looking to add color and personal style to their RC adventures and those looking for a compact backpack solution. Whether you&#039;re a beginner or an experienced pilot, <em>Pocket Crush<\/em> will become your ideal companion for colorful and exciting flights.<\/p>\n<p><img loading=\"lazy\" decoding=\"async\" class=\"alignnone wp-image-6898 size-full\" src=\"https:\/\/1dronas.lt\/wp-content\/uploads\/2024\/11\/Pocket-Crush_PC__01-min.jpg\" alt=\"\" width=\"1024\" height=\"575\" srcset=\"https:\/\/1dronas.lt\/wp-content\/uploads\/2024\/11\/Pocket-Crush_PC__01-min.jpg 1024w, https:\/\/1dronas.lt\/wp-content\/uploads\/2024\/11\/Pocket-Crush_PC__01-min-300x168.jpg 300w, https:\/\/1dronas.lt\/wp-content\/uploads\/2024\/11\/Pocket-Crush_PC__01-min-768x431.jpg 768w, https:\/\/1dronas.lt\/wp-content\/uploads\/2024\/11\/Pocket-Crush_PC__01-min-18x10.jpg 18w, https:\/\/1dronas.lt\/wp-content\/uploads\/2024\/11\/Pocket-Crush_PC__01-min-510x286.jpg 510w\" sizes=\"auto, (max-width: 1024px) 100vw, 1024px\" \/><\/p>\n<p>The RadioMaster Pocket is a great choice for pilots looking for a small, lightweight radio with all the powerful features you expect.<\/p>\n<p><strong>Features:<\/strong><b><\/b><\/p>\n<p><b>\u2022 <\/b>Integrated &quot;<em>ExpressLRS Backpack\u201d;<\/em><br \/>\n<b>\u2022 <\/b>Pre-installed <em>EdgeTX<\/em> software;<br \/>\n<b>\u2022 <\/b>Uses 18650 batteries \u2013 all the power you need for hours of entertainment;<br \/>\n<b>\u2022 <\/b>Portable and lightweight, design with detachable joysticks and foldable antenna;<br \/>\n<b>\u2022 <\/b>Comes standard with X5 magnetic Hall effect joysticks that ensure smooth centering and precise response, with the option to upgrade to AG01 NANO CNC Hall effect;<br \/>\n<b>\u2022 <\/b>Integrated LED lights allow you to easily see the switching status;<br \/>\n<b>\u2022 <\/b>Backlit LCD screen, providing the ideal balance of size and functionality;<br \/>\n<b>\u2022 <\/b>Three buttons for easy channel adjustment;<br \/>\n<b>\u2022 <\/b>External module slot.<\/p>\n<p><strong>Specification:\u00a0<\/strong><\/p>\n<p><b>\u2022 <\/b>Product: Pocket Crush Radio;<b><br \/>\n\u2022 <\/b>Dimensions: 156.6 x 65.1 x 125.3mm (folded) \/156.6*73.1*154.8mm (unfolded);<br \/>\n<b>\u2022 <\/b>Weight: 288g;<b><br \/>\n\u2022 <\/b>Frequency: 2.400GHz-2.480GHz;<b><br \/>\n\u2022 <\/b>Version: ELRS 2.4GHz;<br \/>\n<b>\u2022 <\/b>Color: optional;<b><br \/>\n\u2022 <\/b>Channels: Max 16 channels;<b><br \/>\n\u2022 <\/b>Display: 128*64 Monochrome LCD display;<b><br \/>\n\u2022 <\/b>Controllers: Hall-effect gimbals;<b><br \/>\n\u2022 <\/b>External module: Nano size (Compatible with RadioMaster Nano-size modules, TBS Nano Crossfire \/ Nano Tracer );<b><br \/>\n\u2022 <\/b>Software: EdgeTX.<\/p>\n<div>\n<p><strong>Gimbal adjustment<\/strong><\/p>\n<p><strong>A LR<\/strong><br \/>\nSwitch M1\/M2. Turn clockwise to disable self-centering (Throttle). Turn counterclockwise to enable self-centering (Elevator).<br \/>\n<strong>BT<\/strong><br \/>\nUsed to adjust the tension of the throttle lever. Turn clockwise to increase the tension of the handle. Turn counterclockwise to decrease the tension of the handle.<br \/>\n<strong>C UP-DOWN<\/strong><br \/>\nTurn clockwise to increase the tension on the vertical rod.<br \/>\nTurn counterclockwise to reduce the tension on the rod.<br \/>\n<strong>D LEFT-RIGHT<\/strong><br \/>\nTurn clockwise to increase the tension on the horizontal rod.<br \/>\nTurn counterclockwise to reduce the tension on the rod.<\/p>\n<p><img loading=\"lazy\" decoding=\"async\" class=\"alignnone wp-image-5777 size-full\" src=\"https:\/\/1dronas.lt\/wp-content\/uploads\/2024\/01\/4_062c52c2-dbf2-44d0-8945-0a1a338b8fd5_600x600-min.jpg\" alt=\"\" width=\"600\" height=\"371\" srcset=\"https:\/\/1dronas.lt\/wp-content\/uploads\/2024\/01\/4_062c52c2-dbf2-44d0-8945-0a1a338b8fd5_600x600-min.jpg 600w, https:\/\/1dronas.lt\/wp-content\/uploads\/2024\/01\/4_062c52c2-dbf2-44d0-8945-0a1a338b8fd5_600x600-min-300x186.jpg 300w, https:\/\/1dronas.lt\/wp-content\/uploads\/2024\/01\/4_062c52c2-dbf2-44d0-8945-0a1a338b8fd5_600x600-min-18x12.jpg 18w, https:\/\/1dronas.lt\/wp-content\/uploads\/2024\/01\/4_062c52c2-dbf2-44d0-8945-0a1a338b8fd5_600x600-min-510x315.jpg 510w\" sizes=\"auto, (max-width: 600px) 100vw, 600px\" \/><img loading=\"lazy\" decoding=\"async\" class=\"alignnone wp-image-5778 size-full\" src=\"https:\/\/1dronas.lt\/wp-content\/uploads\/2024\/01\/POCKET-Details-EN-PC_11_01_1024x1024-min.jpg\" alt=\"\" width=\"1024\" height=\"575\" srcset=\"https:\/\/1dronas.lt\/wp-content\/uploads\/2024\/01\/POCKET-Details-EN-PC_11_01_1024x1024-min.jpg 1024w, https:\/\/1dronas.lt\/wp-content\/uploads\/2024\/01\/POCKET-Details-EN-PC_11_01_1024x1024-min-300x168.jpg 300w, https:\/\/1dronas.lt\/wp-content\/uploads\/2024\/01\/POCKET-Details-EN-PC_11_01_1024x1024-min-768x431.jpg 768w, https:\/\/1dronas.lt\/wp-content\/uploads\/2024\/01\/POCKET-Details-EN-PC_11_01_1024x1024-min-18x10.jpg 18w, https:\/\/1dronas.lt\/wp-content\/uploads\/2024\/01\/POCKET-Details-EN-PC_11_01_1024x1024-min-510x286.jpg 510w\" sizes=\"auto, (max-width: 1024px) 100vw, 1024px\" \/> <img loading=\"lazy\" decoding=\"async\" class=\"alignnone wp-image-5779 size-full\" src=\"https:\/\/1dronas.lt\/wp-content\/uploads\/2024\/01\/POCKET-Details-EN-PC_11_02_1024x1024-min.jpg\" alt=\"\" width=\"1024\" height=\"419\" srcset=\"https:\/\/1dronas.lt\/wp-content\/uploads\/2024\/01\/POCKET-Details-EN-PC_11_02_1024x1024-min.jpg 1024w, https:\/\/1dronas.lt\/wp-content\/uploads\/2024\/01\/POCKET-Details-EN-PC_11_02_1024x1024-min-300x123.jpg 300w, https:\/\/1dronas.lt\/wp-content\/uploads\/2024\/01\/POCKET-Details-EN-PC_11_02_1024x1024-min-768x314.jpg 768w, https:\/\/1dronas.lt\/wp-content\/uploads\/2024\/01\/POCKET-Details-EN-PC_11_02_1024x1024-min-18x7.jpg 18w, https:\/\/1dronas.lt\/wp-content\/uploads\/2024\/01\/POCKET-Details-EN-PC_11_02_1024x1024-min-510x209.jpg 510w\" sizes=\"auto, (max-width: 1024px) 100vw, 1024px\" \/><\/p>\n<p><img loading=\"lazy\" decoding=\"async\" class=\"alignnone wp-image-6899 size-full\" src=\"https:\/\/1dronas.lt\/wp-content\/uploads\/2024\/11\/Pocket-Crush_PC__02-min.jpg\" alt=\"\" width=\"1024\" height=\"575\" srcset=\"https:\/\/1dronas.lt\/wp-content\/uploads\/2024\/11\/Pocket-Crush_PC__02-min.jpg 1024w, https:\/\/1dronas.lt\/wp-content\/uploads\/2024\/11\/Pocket-Crush_PC__02-min-300x168.jpg 300w, https:\/\/1dronas.lt\/wp-content\/uploads\/2024\/11\/Pocket-Crush_PC__02-min-768x431.jpg 768w, https:\/\/1dronas.lt\/wp-content\/uploads\/2024\/11\/Pocket-Crush_PC__02-min-18x10.jpg 18w, https:\/\/1dronas.lt\/wp-content\/uploads\/2024\/11\/Pocket-Crush_PC__02-min-510x286.jpg 510w\" sizes=\"auto, (max-width: 1024px) 100vw, 1024px\" \/><\/p>\n<p><img loading=\"lazy\" decoding=\"async\" class=\"alignnone wp-image-6903 size-full\" src=\"https:\/\/1dronas.lt\/wp-content\/uploads\/2024\/11\/Pocket-Crush_PC__06-min.jpg\" alt=\"\" width=\"1024\" height=\"575\" srcset=\"https:\/\/1dronas.lt\/wp-content\/uploads\/2024\/11\/Pocket-Crush_PC__06-min.jpg 1024w, https:\/\/1dronas.lt\/wp-content\/uploads\/2024\/11\/Pocket-Crush_PC__06-min-300x168.jpg 300w, https:\/\/1dronas.lt\/wp-content\/uploads\/2024\/11\/Pocket-Crush_PC__06-min-768x431.jpg 768w, https:\/\/1dronas.lt\/wp-content\/uploads\/2024\/11\/Pocket-Crush_PC__06-min-18x10.jpg 18w, https:\/\/1dronas.lt\/wp-content\/uploads\/2024\/11\/Pocket-Crush_PC__06-min-510x286.jpg 510w\" sizes=\"auto, (max-width: 1024px) 100vw, 1024px\" \/> <img loading=\"lazy\" decoding=\"async\" class=\"alignnone wp-image-6902 size-full\" src=\"https:\/\/1dronas.lt\/wp-content\/uploads\/2024\/11\/Pocket-Crush_PC__05-min.jpg\" alt=\"\" width=\"1024\" height=\"575\" srcset=\"https:\/\/1dronas.lt\/wp-content\/uploads\/2024\/11\/Pocket-Crush_PC__05-min.jpg 1024w, https:\/\/1dronas.lt\/wp-content\/uploads\/2024\/11\/Pocket-Crush_PC__05-min-300x168.jpg 300w, https:\/\/1dronas.lt\/wp-content\/uploads\/2024\/11\/Pocket-Crush_PC__05-min-768x431.jpg 768w, https:\/\/1dronas.lt\/wp-content\/uploads\/2024\/11\/Pocket-Crush_PC__05-min-18x10.jpg 18w, https:\/\/1dronas.lt\/wp-content\/uploads\/2024\/11\/Pocket-Crush_PC__05-min-510x286.jpg 510w\" sizes=\"auto, (max-width: 1024px) 100vw, 1024px\" \/> <img loading=\"lazy\" decoding=\"async\" class=\"alignnone wp-image-6901 size-full\" src=\"https:\/\/1dronas.lt\/wp-content\/uploads\/2024\/11\/Pocket-Crush_PC__04-min.jpg\" alt=\"\" width=\"1024\" height=\"575\" srcset=\"https:\/\/1dronas.lt\/wp-content\/uploads\/2024\/11\/Pocket-Crush_PC__04-min.jpg 1024w, https:\/\/1dronas.lt\/wp-content\/uploads\/2024\/11\/Pocket-Crush_PC__04-min-300x168.jpg 300w, https:\/\/1dronas.lt\/wp-content\/uploads\/2024\/11\/Pocket-Crush_PC__04-min-768x431.jpg 768w, https:\/\/1dronas.lt\/wp-content\/uploads\/2024\/11\/Pocket-Crush_PC__04-min-18x10.jpg 18w, https:\/\/1dronas.lt\/wp-content\/uploads\/2024\/11\/Pocket-Crush_PC__04-min-510x286.jpg 510w\" sizes=\"auto, (max-width: 1024px) 100vw, 1024px\" \/> <img loading=\"lazy\" decoding=\"async\" class=\"alignnone wp-image-6900 size-full\" src=\"https:\/\/1dronas.lt\/wp-content\/uploads\/2024\/11\/Pocket-Crush_PC__03-min.jpg\" alt=\"\" width=\"1024\" height=\"575\" srcset=\"https:\/\/1dronas.lt\/wp-content\/uploads\/2024\/11\/Pocket-Crush_PC__03-min.jpg 1024w, https:\/\/1dronas.lt\/wp-content\/uploads\/2024\/11\/Pocket-Crush_PC__03-min-300x168.jpg 300w, https:\/\/1dronas.lt\/wp-content\/uploads\/2024\/11\/Pocket-Crush_PC__03-min-768x431.jpg 768w, https:\/\/1dronas.lt\/wp-content\/uploads\/2024\/11\/Pocket-Crush_PC__03-min-18x10.jpg 18w, https:\/\/1dronas.lt\/wp-content\/uploads\/2024\/11\/Pocket-Crush_PC__03-min-510x286.jpg 510w\" sizes=\"auto, (max-width: 1024px) 100vw, 1024px\" \/> <img loading=\"lazy\" decoding=\"async\" class=\"alignnone wp-image-6904 size-full\" src=\"https:\/\/1dronas.lt\/wp-content\/uploads\/2024\/11\/Pocket-Crush_PC__07_600x600.jpg\" alt=\"\" width=\"600\" height=\"368\" srcset=\"https:\/\/1dronas.lt\/wp-content\/uploads\/2024\/11\/Pocket-Crush_PC__07_600x600.jpg 600w, https:\/\/1dronas.lt\/wp-content\/uploads\/2024\/11\/Pocket-Crush_PC__07_600x600-300x184.jpg 300w, https:\/\/1dronas.lt\/wp-content\/uploads\/2024\/11\/Pocket-Crush_PC__07_600x600-18x12.jpg 18w, https:\/\/1dronas.lt\/wp-content\/uploads\/2024\/11\/Pocket-Crush_PC__07_600x600-510x313.jpg 510w\" sizes=\"auto, (max-width: 600px) 100vw, 600px\" \/><\/p>\n<p><strong>Package:<\/strong><\/p>\n<p>1x Pocket Crush Radio;<br \/>\n1x Case;<br \/>\n1x T-antenna;<br \/>\n1x USB-C cable;<br \/>\n1x Screen protector;<br \/>\n4x Low tension springs;<br \/>\n1x Sticker;<br \/>\n1x User manual.<\/p>\n<div><span style=\"color: #ed1c24;\"><em>Batteries for the remote control are not included.<\/em><\/span><\/div>\n<div><img loading=\"lazy\" decoding=\"async\" class=\"alignnone wp-image-6905 size-full\" src=\"https:\/\/1dronas.lt\/wp-content\/uploads\/2024\/11\/Pocket-Crush_PC__08_07692685-094a-47a8-8ab1-92a29c8cb66e.jpg\" alt=\"\" width=\"1024\" height=\"575\" srcset=\"https:\/\/1dronas.lt\/wp-content\/uploads\/2024\/11\/Pocket-Crush_PC__08_07692685-094a-47a8-8ab1-92a29c8cb66e.jpg 1024w, https:\/\/1dronas.lt\/wp-content\/uploads\/2024\/11\/Pocket-Crush_PC__08_07692685-094a-47a8-8ab1-92a29c8cb66e-300x168.jpg 300w, https:\/\/1dronas.lt\/wp-content\/uploads\/2024\/11\/Pocket-Crush_PC__08_07692685-094a-47a8-8ab1-92a29c8cb66e-768x431.jpg 768w, https:\/\/1dronas.lt\/wp-content\/uploads\/2024\/11\/Pocket-Crush_PC__08_07692685-094a-47a8-8ab1-92a29c8cb66e-18x10.jpg 18w, https:\/\/1dronas.lt\/wp-content\/uploads\/2024\/11\/Pocket-Crush_PC__08_07692685-094a-47a8-8ab1-92a29c8cb66e-510x286.jpg 510w\" sizes=\"auto, (max-width: 1024px) 100vw, 1024px\" \/><\/div>\n<div><\/div>\n<\/div>","protected":false},"excerpt":{"rendered":"<p><span style=\"color: #333333;\">This is a great choice for those who want to bring color and personal style to their RC adventures and are looking for a compact solution for their backpack.<\/span><\/p>\n<div class=\"product-short-description\">\n<div class=\"product-short-description\">\n<p><span style=\"font-size: 90%; color: #333333;\"><strong><img loading=\"lazy\" decoding=\"async\" class=\"alignnone wp-image-1806\" src=\"https:\/\/1dronas.lt\/wp-content\/uploads\/2021\/05\/delivery-icon.png.webp\" alt=\"\" width=\"24\" height=\"24\" srcset=\"https:\/\/1dronas.lt\/wp-content\/uploads\/2021\/05\/delivery-icon.png 35w, https:\/\/1dronas.lt\/wp-content\/uploads\/2021\/05\/delivery-icon-12x12.png 12w\" sizes=\"auto, (max-width: 24px) 100vw, 24px\" \/>\u00a0 \u00a01 \u2013 2 days<\/strong><\/span><\/p>\n<\/div>\n<\/div>","protected":false},"featured_media":6895,"comment_status":"open","ping_status":"closed","template":"","meta":[],"product_brand":[497],"product_cat":[221],"product_tag":[184,176,442,357],"class_list":{"0":"post-6882","1":"product","2":"type-product","3":"status-publish","4":"has-post-thumbnail","6":"product_brand-radiomaster","7":"product_cat-nuotolinio-valdymo-pulteliai","8":"product_tag-edge-tx","9":"product_tag-elrs","10":"product_tag-pocket-crush","11":"product_tag-radiomaster","13":"first","14":"instock","15":"sale","16":"taxable","17":"shipping-taxable","18":"purchasable","19":"product-type-variable","20":"has-default-attributes"},"yoast_head":"<!-- This site is optimized with the Yoast SEO plugin v27.3 - https:\/\/yoast.com\/product\/yoast-seo-wordpress\/ -->\n<title>RadioMaster Pocket Crush Radio Controller ELRS (Mode 2) - 1dronas.lt<\/title>\n<meta name=\"robots\" content=\"index, follow, max-snippet:-1, max-image-preview:large, max-video-preview:-1\" \/>\n<link rel=\"canonical\" href=\"https:\/\/1dronas.lt\/en\/produktas\/radiomaster-pocket-crush-radio-controller-elrs\/\" \/>\n<meta property=\"og:locale\" content=\"en_US\" \/>\n<meta property=\"og:type\" content=\"article\" \/>\n<meta property=\"og:title\" content=\"RadioMaster Pocket Crush Radio Controller ELRS (Mode 2) - 1dronas.lt\" \/>\n<meta property=\"og:description\" content=\"Tai puikus pasirinkimas norintiems \u012fne\u0161ti spalv\u0173 ir asmeninio stiliaus \u012f savo RC nuotykius bei ie\u0161kantiems kompakti\u0161ko sprendimo kuprinei.    \u00a0 \u00a01 \u2013 2 d. d.\" \/>\n<meta property=\"og:url\" content=\"https:\/\/1dronas.lt\/en\/produktas\/radiomaster-pocket-crush-radio-controller-elrs\/\" \/>\n<meta property=\"og:site_name\" content=\"1dronas.lt\" \/>\n<meta property=\"article:publisher\" content=\"https:\/\/www.facebook.com\/1dronas\/\" \/>\n<meta property=\"article:modified_time\" content=\"2026-04-08T19:28:35+00:00\" \/>\n<meta property=\"og:image\" content=\"https:\/\/1dronas.lt\/wp-content\/uploads\/2024\/11\/1000PX_1800x1800-min.jpg\" \/>\n\t<meta property=\"og:image:width\" content=\"1000\" \/>\n\t<meta property=\"og:image:height\" content=\"1000\" \/>\n\t<meta property=\"og:image:type\" content=\"image\/jpeg\" \/>\n<meta name=\"twitter:card\" content=\"summary_large_image\" \/>\n<meta name=\"twitter:label1\" content=\"Est. reading time\" \/>\n\t<meta name=\"twitter:data1\" content=\"5 minutes\" \/>\n<script type=\"application\/ld+json\" class=\"yoast-schema-graph\">{\"@context\":\"https:\\\/\\\/schema.org\",\"@graph\":[{\"@type\":\"WebPage\",\"@id\":\"https:\\\/\\\/1dronas.lt\\\/en\\\/produktas\\\/radiomaster-pocket-crush-radio-controller-elrs\\\/\",\"url\":\"https:\\\/\\\/1dronas.lt\\\/en\\\/produktas\\\/radiomaster-pocket-crush-radio-controller-elrs\\\/\",\"name\":\"RadioMaster Pocket Crush Radio Controller ELRS (Mode 2) - 1dronas.lt\",\"isPartOf\":{\"@id\":\"https:\\\/\\\/1dronas.lt\\\/en\\\/#website\"},\"primaryImageOfPage\":{\"@id\":\"https:\\\/\\\/1dronas.lt\\\/en\\\/produktas\\\/radiomaster-pocket-crush-radio-controller-elrs\\\/#primaryimage\"},\"image\":{\"@id\":\"https:\\\/\\\/1dronas.lt\\\/en\\\/produktas\\\/radiomaster-pocket-crush-radio-controller-elrs\\\/#primaryimage\"},\"thumbnailUrl\":\"https:\\\/\\\/1dronas.lt\\\/wp-content\\\/uploads\\\/2024\\\/11\\\/1000PX_1800x1800-min.jpg\",\"datePublished\":\"2024-11-12T21:09:12+00:00\",\"dateModified\":\"2026-04-08T19:28:35+00:00\",\"breadcrumb\":{\"@id\":\"https:\\\/\\\/1dronas.lt\\\/en\\\/produktas\\\/radiomaster-pocket-crush-radio-controller-elrs\\\/#breadcrumb\"},\"inLanguage\":\"en-US\",\"potentialAction\":[{\"@type\":\"ReadAction\",\"target\":[\"https:\\\/\\\/1dronas.lt\\\/en\\\/produktas\\\/radiomaster-pocket-crush-radio-controller-elrs\\\/\"]}]},{\"@type\":\"ImageObject\",\"inLanguage\":\"en-US\",\"@id\":\"https:\\\/\\\/1dronas.lt\\\/en\\\/produktas\\\/radiomaster-pocket-crush-radio-controller-elrs\\\/#primaryimage\",\"url\":\"https:\\\/\\\/1dronas.lt\\\/wp-content\\\/uploads\\\/2024\\\/11\\\/1000PX_1800x1800-min.jpg\",\"contentUrl\":\"https:\\\/\\\/1dronas.lt\\\/wp-content\\\/uploads\\\/2024\\\/11\\\/1000PX_1800x1800-min.jpg\",\"width\":1000,\"height\":1000},{\"@type\":\"BreadcrumbList\",\"@id\":\"https:\\\/\\\/1dronas.lt\\\/en\\\/produktas\\\/radiomaster-pocket-crush-radio-controller-elrs\\\/#breadcrumb\",\"itemListElement\":[{\"@type\":\"ListItem\",\"position\":1,\"name\":\"Home\",\"item\":\"https:\\\/\\\/1dronas.lt\\\/\"},{\"@type\":\"ListItem\",\"position\":2,\"name\":\"Parduotuv\u0117\",\"item\":\"https:\\\/\\\/1dronas.lt\\\/parduotuve\\\/\"},{\"@type\":\"ListItem\",\"position\":3,\"name\":\"RadioMaster Pocket Crush Radio Controller ELRS (Mode 2)\"}]},{\"@type\":\"WebSite\",\"@id\":\"https:\\\/\\\/1dronas.lt\\\/en\\\/#website\",\"url\":\"https:\\\/\\\/1dronas.lt\\\/en\\\/\",\"name\":\"1dronas.lt\",\"description\":\"Internetin\u0117 parduotuv\u0117\",\"publisher\":{\"@id\":\"https:\\\/\\\/1dronas.lt\\\/en\\\/#organization\"},\"potentialAction\":[{\"@type\":\"SearchAction\",\"target\":{\"@type\":\"EntryPoint\",\"urlTemplate\":\"https:\\\/\\\/1dronas.lt\\\/en\\\/?s={search_term_string}\"},\"query-input\":{\"@type\":\"PropertyValueSpecification\",\"valueRequired\":true,\"valueName\":\"search_term_string\"}}],\"inLanguage\":\"en-US\"},{\"@type\":\"Organization\",\"@id\":\"https:\\\/\\\/1dronas.lt\\\/en\\\/#organization\",\"name\":\"1dronas.lt\",\"url\":\"https:\\\/\\\/1dronas.lt\\\/en\\\/\",\"logo\":{\"@type\":\"ImageObject\",\"inLanguage\":\"en-US\",\"@id\":\"https:\\\/\\\/1dronas.lt\\\/en\\\/#\\\/schema\\\/logo\\\/image\\\/\",\"url\":\"https:\\\/\\\/1dronas.lt\\\/wp-content\\\/uploads\\\/2020\\\/12\\\/Ekrano_kopija__2_-removebg-preview-1-1.png\",\"contentUrl\":\"https:\\\/\\\/1dronas.lt\\\/wp-content\\\/uploads\\\/2020\\\/12\\\/Ekrano_kopija__2_-removebg-preview-1-1.png\",\"width\":234,\"height\":81,\"caption\":\"1dronas.lt\"},\"image\":{\"@id\":\"https:\\\/\\\/1dronas.lt\\\/en\\\/#\\\/schema\\\/logo\\\/image\\\/\"},\"sameAs\":[\"https:\\\/\\\/www.facebook.com\\\/1dronas\\\/\"]}]}<\/script>\n<!-- \/ Yoast SEO plugin. -->","yoast_head_json":{"title":"RadioMaster Pocket Crush Radio Controller ELRS (Mode 2) - 1dronas.lt","robots":{"index":"index","follow":"follow","max-snippet":"max-snippet:-1","max-image-preview":"max-image-preview:large","max-video-preview":"max-video-preview:-1"},"canonical":"https:\/\/1dronas.lt\/en\/produktas\/radiomaster-pocket-crush-radio-controller-elrs\/","og_locale":"en_US","og_type":"article","og_title":"RadioMaster Pocket Crush Radio Controller ELRS (Mode 2) - 1dronas.lt","og_description":"Tai puikus pasirinkimas norintiems \u012fne\u0161ti spalv\u0173 ir asmeninio stiliaus \u012f savo RC nuotykius bei ie\u0161kantiems kompakti\u0161ko sprendimo kuprinei.    \u00a0 \u00a01 \u2013 2 d. d.","og_url":"https:\/\/1dronas.lt\/en\/produktas\/radiomaster-pocket-crush-radio-controller-elrs\/","og_site_name":"1dronas.lt","article_publisher":"https:\/\/www.facebook.com\/1dronas\/","article_modified_time":"2026-04-08T19:28:35+00:00","og_image":[{"width":1000,"height":1000,"url":"https:\/\/1dronas.lt\/wp-content\/uploads\/2024\/11\/1000PX_1800x1800-min.jpg","type":"image\/jpeg"}],"twitter_card":"summary_large_image","twitter_misc":{"Est. reading time":"5 minutes"},"schema":{"@context":"https:\/\/schema.org","@graph":[{"@type":"WebPage","@id":"https:\/\/1dronas.lt\/en\/produktas\/radiomaster-pocket-crush-radio-controller-elrs\/","url":"https:\/\/1dronas.lt\/en\/produktas\/radiomaster-pocket-crush-radio-controller-elrs\/","name":"RadioMaster Pocket Crush Radio Controller ELRS (Mode 2) - 1dronas.lt","isPartOf":{"@id":"https:\/\/1dronas.lt\/en\/#website"},"primaryImageOfPage":{"@id":"https:\/\/1dronas.lt\/en\/produktas\/radiomaster-pocket-crush-radio-controller-elrs\/#primaryimage"},"image":{"@id":"https:\/\/1dronas.lt\/en\/produktas\/radiomaster-pocket-crush-radio-controller-elrs\/#primaryimage"},"thumbnailUrl":"https:\/\/1dronas.lt\/wp-content\/uploads\/2024\/11\/1000PX_1800x1800-min.jpg","datePublished":"2024-11-12T21:09:12+00:00","dateModified":"2026-04-08T19:28:35+00:00","breadcrumb":{"@id":"https:\/\/1dronas.lt\/en\/produktas\/radiomaster-pocket-crush-radio-controller-elrs\/#breadcrumb"},"inLanguage":"en-US","potentialAction":[{"@type":"ReadAction","target":["https:\/\/1dronas.lt\/en\/produktas\/radiomaster-pocket-crush-radio-controller-elrs\/"]}]},{"@type":"ImageObject","inLanguage":"en-US","@id":"https:\/\/1dronas.lt\/en\/produktas\/radiomaster-pocket-crush-radio-controller-elrs\/#primaryimage","url":"https:\/\/1dronas.lt\/wp-content\/uploads\/2024\/11\/1000PX_1800x1800-min.jpg","contentUrl":"https:\/\/1dronas.lt\/wp-content\/uploads\/2024\/11\/1000PX_1800x1800-min.jpg","width":1000,"height":1000},{"@type":"BreadcrumbList","@id":"https:\/\/1dronas.lt\/en\/produktas\/radiomaster-pocket-crush-radio-controller-elrs\/#breadcrumb","itemListElement":[{"@type":"ListItem","position":1,"name":"Home","item":"https:\/\/1dronas.lt\/"},{"@type":"ListItem","position":2,"name":"Parduotuv\u0117","item":"https:\/\/1dronas.lt\/parduotuve\/"},{"@type":"ListItem","position":3,"name":"RadioMaster Pocket Crush Radio Controller ELRS (Mode 2)"}]},{"@type":"WebSite","@id":"https:\/\/1dronas.lt\/en\/#website","url":"https:\/\/1dronas.lt\/en\/","name":"1dronas.lt","description":"Online store","publisher":{"@id":"https:\/\/1dronas.lt\/en\/#organization"},"potentialAction":[{"@type":"SearchAction","target":{"@type":"EntryPoint","urlTemplate":"https:\/\/1dronas.lt\/en\/?s={search_term_string}"},"query-input":{"@type":"PropertyValueSpecification","valueRequired":true,"valueName":"search_term_string"}}],"inLanguage":"en-US"},{"@type":"Organization","@id":"https:\/\/1dronas.lt\/en\/#organization","name":"1dronas.lt","url":"https:\/\/1dronas.lt\/en\/","logo":{"@type":"ImageObject","inLanguage":"en-US","@id":"https:\/\/1dronas.lt\/en\/#\/schema\/logo\/image\/","url":"https:\/\/1dronas.lt\/wp-content\/uploads\/2020\/12\/Ekrano_kopija__2_-removebg-preview-1-1.png","contentUrl":"https:\/\/1dronas.lt\/wp-content\/uploads\/2020\/12\/Ekrano_kopija__2_-removebg-preview-1-1.png","width":234,"height":81,"caption":"1dronas.lt"},"image":{"@id":"https:\/\/1dronas.lt\/en\/#\/schema\/logo\/image\/"},"sameAs":["https:\/\/www.facebook.com\/1dronas\/"]}]}},"jetpack_sharing_enabled":true,"_links":{"self":[{"href":"https:\/\/1dronas.lt\/en\/wp-json\/wp\/v2\/product\/6882","targetHints":{"allow":["GET"]}}],"collection":[{"href":"https:\/\/1dronas.lt\/en\/wp-json\/wp\/v2\/product"}],"about":[{"href":"https:\/\/1dronas.lt\/en\/wp-json\/wp\/v2\/types\/product"}],"replies":[{"embeddable":true,"href":"https:\/\/1dronas.lt\/en\/wp-json\/wp\/v2\/comments?post=6882"}],"wp:featuredmedia":[{"embeddable":true,"href":"https:\/\/1dronas.lt\/en\/wp-json\/wp\/v2\/media\/6895"}],"wp:attachment":[{"href":"https:\/\/1dronas.lt\/en\/wp-json\/wp\/v2\/media?parent=6882"}],"wp:term":[{"taxonomy":"product_brand","embeddable":true,"href":"https:\/\/1dronas.lt\/en\/wp-json\/wp\/v2\/product_brand?post=6882"},{"taxonomy":"product_cat","embeddable":true,"href":"https:\/\/1dronas.lt\/en\/wp-json\/wp\/v2\/product_cat?post=6882"},{"taxonomy":"product_tag","embeddable":true,"href":"https:\/\/1dronas.lt\/en\/wp-json\/wp\/v2\/product_tag?post=6882"}],"curies":[{"name":"wp","href":"https:\/\/api.w.org\/{rel}","templated":true}]}}