{"id":6681,"date":"2024-09-26T19:23:01","date_gmt":"2024-09-26T19:23:01","guid":{"rendered":"https:\/\/1dronas.lt\/?post_type=product&#038;p=6681"},"modified":"2026-03-25T16:22:46","modified_gmt":"2026-03-25T14:22:46","slug":"radiomaster-ranger-micro-2-4ghz-elrs-modulis","status":"publish","type":"product","link":"https:\/\/1dronas.lt\/en\/produktas\/radiomaster-ranger-micro-2-4ghz-elrs-modulis\/","title":{"rendered":"RadioMaster Ranger Micro 2.4GHZ ELRS Module"},"content":{"rendered":"<p><span style=\"font-size: 105%;\"><strong>Features:<\/strong><\/span><\/p>\n<p><span style=\"font-size: 105%;\"><strong>\u2022 <\/strong>The Ranger Micro 2.4 GHz ELRS module, featuring a F-1000 Hz refresh rate and a high-efficiency cooling system, is the most advanced ELRS technology;<\/span><\/p>\n<p><img loading=\"lazy\" decoding=\"async\" class=\"alignnone wp-image-6682 size-full\" src=\"http:\/\/1dronas.lt\/wp-content\/uploads\/2024\/09\/Ranger-Micro-Detail-Page-EN-PC01-8267-min.jpg\" alt=\"\" width=\"1024\" height=\"575\" srcset=\"https:\/\/1dronas.lt\/wp-content\/uploads\/2024\/09\/Ranger-Micro-Detail-Page-EN-PC01-8267-min.jpg 1024w, https:\/\/1dronas.lt\/wp-content\/uploads\/2024\/09\/Ranger-Micro-Detail-Page-EN-PC01-8267-min-300x168.jpg 300w, https:\/\/1dronas.lt\/wp-content\/uploads\/2024\/09\/Ranger-Micro-Detail-Page-EN-PC01-8267-min-768x431.jpg 768w, https:\/\/1dronas.lt\/wp-content\/uploads\/2024\/09\/Ranger-Micro-Detail-Page-EN-PC01-8267-min-18x10.jpg 18w, https:\/\/1dronas.lt\/wp-content\/uploads\/2024\/09\/Ranger-Micro-Detail-Page-EN-PC01-8267-min-510x286.jpg 510w\" sizes=\"auto, (max-width: 1024px) 100vw, 1024px\" \/><\/p>\n<p><span style=\"font-size: 105%;\"><strong>Specification:<\/strong><\/span><\/p>\n<p><span style=\"font-size: 105%;\"><strong>\u2022<\/strong> Frequency range: 2400 MHz - 2480 MHz;<br \/>\n<strong>\u2022<\/strong> MCU: ESP32 (main), ESP8285;<\/span><br \/>\n<span style=\"font-size: 105%;\"><strong>\u2022 <\/strong>RF chip: SX1281IMLTRT;<br \/>\n<strong>\u2022\u00a0<\/strong>Minimum refresh rate: 25 Hz;<br \/>\n<strong>\u2022\u00a0<\/strong>Output power: 100mW;<br \/>\n<strong>\u2022 <\/strong>XT30 power connector: 6V \u2013 16.8V;<br \/>\n<strong>\u2022 <\/strong>Maximum packet rate: 500Hz\/F-1000Hz (F-1000Hz mode requires EgdeTX 2.7.1 or later);<br \/>\n<strong>\u2022<\/strong> Supports: Bluetooth, Wi-Fi;<br \/>\n<strong>\u2022\u00a0<\/strong>Weight: 50g (with antenna) \/ 40.5g (without antenna);<br \/>\n<strong>\u2022\u00a0<\/strong>Dimensions: 136 x 49 x 33mm (with T antenna) 74 x 49 x 33mm (without antenna).<\/span><\/p>\n<p><img loading=\"lazy\" decoding=\"async\" class=\"alignnone wp-image-6688 size-full\" src=\"http:\/\/1dronas.lt\/wp-content\/uploads\/2024\/09\/Ranger-Micro-Detail-Page-EN-PC07-c04c-min.jpg\" alt=\"\" width=\"1024\" height=\"575\" srcset=\"https:\/\/1dronas.lt\/wp-content\/uploads\/2024\/09\/Ranger-Micro-Detail-Page-EN-PC07-c04c-min.jpg 1024w, https:\/\/1dronas.lt\/wp-content\/uploads\/2024\/09\/Ranger-Micro-Detail-Page-EN-PC07-c04c-min-300x168.jpg 300w, https:\/\/1dronas.lt\/wp-content\/uploads\/2024\/09\/Ranger-Micro-Detail-Page-EN-PC07-c04c-min-768x431.jpg 768w, https:\/\/1dronas.lt\/wp-content\/uploads\/2024\/09\/Ranger-Micro-Detail-Page-EN-PC07-c04c-min-18x10.jpg 18w, https:\/\/1dronas.lt\/wp-content\/uploads\/2024\/09\/Ranger-Micro-Detail-Page-EN-PC07-c04c-min-510x286.jpg 510w\" sizes=\"auto, (max-width: 1024px) 100vw, 1024px\" \/><\/p>\n<p>&nbsp;<\/p>\n<p><span style=\"font-size: 105%;\">\t<div id=\"accordion-1147260433\" class=\"accordion-item\">\n\t\t<a id=\"accordion-1147260433-label\" class=\"accordion-title plain\" href=\"#accordion-item-daugiau\" aria-expanded=\"false\" aria-controls=\"accordion-1147260433-content\">\n\t\t\t<button class=\"toggle\" aria-label=\"Toggle\"><i class=\"icon-angle-down\" aria-hidden=\"true\"><\/i><\/button>\n\t\t\t<span>More<\/span>\n\t\t<\/a>\n\t\t<div id=\"accordion-1147260433-content\" class=\"accordion-inner\" aria-labelledby=\"accordion-1147260433-label\">\n\t\t\t<\/span><\/p>\n<p><img loading=\"lazy\" decoding=\"async\" class=\"alignnone wp-image-6683 size-full\" src=\"http:\/\/1dronas.lt\/wp-content\/uploads\/2024\/09\/Ranger-Micro-Detail-Page-EN-PC02-45d0-min.jpg\" alt=\"\" width=\"1024\" height=\"575\" srcset=\"https:\/\/1dronas.lt\/wp-content\/uploads\/2024\/09\/Ranger-Micro-Detail-Page-EN-PC02-45d0-min.jpg 1024w, https:\/\/1dronas.lt\/wp-content\/uploads\/2024\/09\/Ranger-Micro-Detail-Page-EN-PC02-45d0-min-300x168.jpg 300w, https:\/\/1dronas.lt\/wp-content\/uploads\/2024\/09\/Ranger-Micro-Detail-Page-EN-PC02-45d0-min-768x431.jpg 768w, https:\/\/1dronas.lt\/wp-content\/uploads\/2024\/09\/Ranger-Micro-Detail-Page-EN-PC02-45d0-min-18x10.jpg 18w, https:\/\/1dronas.lt\/wp-content\/uploads\/2024\/09\/Ranger-Micro-Detail-Page-EN-PC02-45d0-min-510x286.jpg 510w\" sizes=\"auto, (max-width: 1024px) 100vw, 1024px\" \/> <img loading=\"lazy\" decoding=\"async\" class=\"alignnone wp-image-6684 size-full\" src=\"http:\/\/1dronas.lt\/wp-content\/uploads\/2024\/09\/Ranger-Micro-Detail-Page-EN-PC03-939b-min.jpg\" alt=\"\" width=\"1024\" height=\"575\" srcset=\"https:\/\/1dronas.lt\/wp-content\/uploads\/2024\/09\/Ranger-Micro-Detail-Page-EN-PC03-939b-min.jpg 1024w, https:\/\/1dronas.lt\/wp-content\/uploads\/2024\/09\/Ranger-Micro-Detail-Page-EN-PC03-939b-min-300x168.jpg 300w, https:\/\/1dronas.lt\/wp-content\/uploads\/2024\/09\/Ranger-Micro-Detail-Page-EN-PC03-939b-min-768x431.jpg 768w, https:\/\/1dronas.lt\/wp-content\/uploads\/2024\/09\/Ranger-Micro-Detail-Page-EN-PC03-939b-min-18x10.jpg 18w, https:\/\/1dronas.lt\/wp-content\/uploads\/2024\/09\/Ranger-Micro-Detail-Page-EN-PC03-939b-min-510x286.jpg 510w\" sizes=\"auto, (max-width: 1024px) 100vw, 1024px\" \/> <img loading=\"lazy\" decoding=\"async\" class=\"alignnone wp-image-6685 size-full\" src=\"http:\/\/1dronas.lt\/wp-content\/uploads\/2024\/09\/Ranger-Micro-Detail-Page-EN-PC04-f5da-min.jpg\" alt=\"\" width=\"1024\" height=\"575\" srcset=\"https:\/\/1dronas.lt\/wp-content\/uploads\/2024\/09\/Ranger-Micro-Detail-Page-EN-PC04-f5da-min.jpg 1024w, https:\/\/1dronas.lt\/wp-content\/uploads\/2024\/09\/Ranger-Micro-Detail-Page-EN-PC04-f5da-min-300x168.jpg 300w, https:\/\/1dronas.lt\/wp-content\/uploads\/2024\/09\/Ranger-Micro-Detail-Page-EN-PC04-f5da-min-768x431.jpg 768w, https:\/\/1dronas.lt\/wp-content\/uploads\/2024\/09\/Ranger-Micro-Detail-Page-EN-PC04-f5da-min-18x10.jpg 18w, https:\/\/1dronas.lt\/wp-content\/uploads\/2024\/09\/Ranger-Micro-Detail-Page-EN-PC04-f5da-min-510x286.jpg 510w\" sizes=\"auto, (max-width: 1024px) 100vw, 1024px\" \/> <img loading=\"lazy\" decoding=\"async\" class=\"alignnone wp-image-6686 size-full\" src=\"http:\/\/1dronas.lt\/wp-content\/uploads\/2024\/09\/Ranger-Micro-Detail-Page-EN-PC05-e581-min.jpg\" alt=\"\" width=\"1024\" height=\"575\" srcset=\"https:\/\/1dronas.lt\/wp-content\/uploads\/2024\/09\/Ranger-Micro-Detail-Page-EN-PC05-e581-min.jpg 1024w, https:\/\/1dronas.lt\/wp-content\/uploads\/2024\/09\/Ranger-Micro-Detail-Page-EN-PC05-e581-min-300x168.jpg 300w, https:\/\/1dronas.lt\/wp-content\/uploads\/2024\/09\/Ranger-Micro-Detail-Page-EN-PC05-e581-min-768x431.jpg 768w, https:\/\/1dronas.lt\/wp-content\/uploads\/2024\/09\/Ranger-Micro-Detail-Page-EN-PC05-e581-min-18x10.jpg 18w, https:\/\/1dronas.lt\/wp-content\/uploads\/2024\/09\/Ranger-Micro-Detail-Page-EN-PC05-e581-min-510x286.jpg 510w\" sizes=\"auto, (max-width: 1024px) 100vw, 1024px\" \/> <img loading=\"lazy\" decoding=\"async\" class=\"alignnone wp-image-6687 size-full\" src=\"http:\/\/1dronas.lt\/wp-content\/uploads\/2024\/09\/Ranger-Micro-Detail-Page-EN-PC06-c0fe-min.jpg\" alt=\"\" width=\"1024\" height=\"575\" srcset=\"https:\/\/1dronas.lt\/wp-content\/uploads\/2024\/09\/Ranger-Micro-Detail-Page-EN-PC06-c0fe-min.jpg 1024w, https:\/\/1dronas.lt\/wp-content\/uploads\/2024\/09\/Ranger-Micro-Detail-Page-EN-PC06-c0fe-min-300x168.jpg 300w, https:\/\/1dronas.lt\/wp-content\/uploads\/2024\/09\/Ranger-Micro-Detail-Page-EN-PC06-c0fe-min-768x431.jpg 768w, https:\/\/1dronas.lt\/wp-content\/uploads\/2024\/09\/Ranger-Micro-Detail-Page-EN-PC06-c0fe-min-18x10.jpg 18w, https:\/\/1dronas.lt\/wp-content\/uploads\/2024\/09\/Ranger-Micro-Detail-Page-EN-PC06-c0fe-min-510x286.jpg 510w\" sizes=\"auto, (max-width: 1024px) 100vw, 1024px\" \/><\/p>\n<p>&nbsp;<\/p>\n<p><span style=\"color: #555555; font-size: 105%;\">\t\t<\/div>\n\t<\/div>\n\t<\/span><\/p>\n<p><span style=\"font-size: 105%;\"><strong>Package:<\/strong><\/span><\/p>\n<p><span style=\"font-size: 105%;\">1x Ranger module;<\/span><br \/>\n<span style=\"font-size: 105%;\">1x T-antenna.<\/span><\/p>","protected":false},"excerpt":{"rendered":"<p><span style=\"color: #000000;\">Want to test the efficiency, long range, and low latency of the ELRS protocol without buying a new radio? RadioMaster has you covered!<\/span><\/p>\n<h4><span style=\"color: #000000;\"><strong><img loading=\"lazy\" decoding=\"async\" class=\"alignnone wp-image-1806\" src=\"https:\/\/1dronas.lt\/wp-content\/uploads\/2021\/05\/delivery-icon.png\" alt=\"\" width=\"24\" height=\"24\" srcset=\"https:\/\/1dronas.lt\/wp-content\/uploads\/2021\/05\/delivery-icon.png 35w, https:\/\/1dronas.lt\/wp-content\/uploads\/2021\/05\/delivery-icon-12x12.png 12w\" sizes=\"auto, (max-width: 24px) 100vw, 24px\" \/><\/strong> \u00a0<strong>1 \u2013 2 days<\/strong><\/span><\/h4>","protected":false},"featured_media":6689,"comment_status":"open","ping_status":"closed","template":"","meta":[],"product_brand":[497],"product_cat":[175],"product_tag":[428,357,378],"class_list":{"0":"post-6681","1":"product","2":"type-product","3":"status-publish","4":"has-post-thumbnail","6":"product_brand-radiomaster","7":"product_cat-moduliai-tx","8":"product_tag-micro-2-4ghz","9":"product_tag-radiomaster","10":"product_tag-ranger","12":"first","13":"instock","14":"sale","15":"taxable","16":"shipping-taxable","17":"purchasable","18":"product-type-simple"},"yoast_head":"<!-- This site is optimized with the Yoast SEO plugin v27.4 - https:\/\/yoast.com\/product\/yoast-seo-wordpress\/ -->\n<title>RadioMaster Ranger Micro 2.4GHZ ELRS Modulis - 1dronas.lt<\/title>\n<meta name=\"robots\" content=\"index, follow, max-snippet:-1, max-image-preview:large, max-video-preview:-1\" \/>\n<link rel=\"canonical\" href=\"https:\/\/1dronas.lt\/en\/produktas\/radiomaster-ranger-micro-2-4ghz-elrs-modulis\/\" \/>\n<meta property=\"og:locale\" content=\"en_US\" \/>\n<meta property=\"og:type\" content=\"article\" \/>\n<meta property=\"og:title\" content=\"RadioMaster Ranger Micro 2.4GHZ ELRS Modulis - 1dronas.lt\" \/>\n<meta property=\"og:description\" content=\"Norite i\u0161bandyti ELRS protokolo efektyvum\u0105, didel\u012f nuotol\u012f ir ma\u017e\u0105 u\u017edelsimo trukm\u0119 nepirkdami naujo radijo ry\u0161io? \u201eRadioMaster\u201c jums pad\u0117s!  \u00a01 \u2013 2 d. d.\" \/>\n<meta property=\"og:url\" content=\"https:\/\/1dronas.lt\/en\/produktas\/radiomaster-ranger-micro-2-4ghz-elrs-modulis\/\" \/>\n<meta property=\"og:site_name\" content=\"1dronas.lt\" \/>\n<meta property=\"article:publisher\" content=\"https:\/\/www.facebook.com\/1dronas\/\" \/>\n<meta property=\"article:modified_time\" content=\"2026-03-25T14:22:46+00:00\" \/>\n<meta property=\"og:image\" content=\"https:\/\/1dronas.lt\/wp-content\/uploads\/2024\/09\/HP0157.0034-1_1800x1800-min.jpg\" \/>\n\t<meta property=\"og:image:width\" content=\"1000\" \/>\n\t<meta property=\"og:image:height\" content=\"1000\" \/>\n\t<meta property=\"og:image:type\" content=\"image\/jpeg\" \/>\n<meta name=\"twitter:card\" content=\"summary_large_image\" \/>\n<meta name=\"twitter:label1\" content=\"Est. reading time\" \/>\n\t<meta name=\"twitter:data1\" content=\"3 minutes\" \/>\n<script type=\"application\/ld+json\" class=\"yoast-schema-graph\">{\"@context\":\"https:\\\/\\\/schema.org\",\"@graph\":[{\"@type\":\"WebPage\",\"@id\":\"https:\\\/\\\/1dronas.lt\\\/en\\\/produktas\\\/radiomaster-ranger-micro-2-4ghz-elrs-modulis\\\/\",\"url\":\"https:\\\/\\\/1dronas.lt\\\/en\\\/produktas\\\/radiomaster-ranger-micro-2-4ghz-elrs-modulis\\\/\",\"name\":\"RadioMaster Ranger Micro 2.4GHZ ELRS Modulis - 1dronas.lt\",\"isPartOf\":{\"@id\":\"https:\\\/\\\/1dronas.lt\\\/en\\\/#website\"},\"primaryImageOfPage\":{\"@id\":\"https:\\\/\\\/1dronas.lt\\\/en\\\/produktas\\\/radiomaster-ranger-micro-2-4ghz-elrs-modulis\\\/#primaryimage\"},\"image\":{\"@id\":\"https:\\\/\\\/1dronas.lt\\\/en\\\/produktas\\\/radiomaster-ranger-micro-2-4ghz-elrs-modulis\\\/#primaryimage\"},\"thumbnailUrl\":\"https:\\\/\\\/1dronas.lt\\\/wp-content\\\/uploads\\\/2024\\\/09\\\/HP0157.0034-1_1800x1800-min.jpg\",\"datePublished\":\"2024-09-26T19:23:01+00:00\",\"dateModified\":\"2026-03-25T14:22:46+00:00\",\"breadcrumb\":{\"@id\":\"https:\\\/\\\/1dronas.lt\\\/en\\\/produktas\\\/radiomaster-ranger-micro-2-4ghz-elrs-modulis\\\/#breadcrumb\"},\"inLanguage\":\"en-US\",\"potentialAction\":[{\"@type\":\"ReadAction\",\"target\":[\"https:\\\/\\\/1dronas.lt\\\/en\\\/produktas\\\/radiomaster-ranger-micro-2-4ghz-elrs-modulis\\\/\"]}]},{\"@type\":\"ImageObject\",\"inLanguage\":\"en-US\",\"@id\":\"https:\\\/\\\/1dronas.lt\\\/en\\\/produktas\\\/radiomaster-ranger-micro-2-4ghz-elrs-modulis\\\/#primaryimage\",\"url\":\"https:\\\/\\\/1dronas.lt\\\/wp-content\\\/uploads\\\/2024\\\/09\\\/HP0157.0034-1_1800x1800-min.jpg\",\"contentUrl\":\"https:\\\/\\\/1dronas.lt\\\/wp-content\\\/uploads\\\/2024\\\/09\\\/HP0157.0034-1_1800x1800-min.jpg\",\"width\":1000,\"height\":1000},{\"@type\":\"BreadcrumbList\",\"@id\":\"https:\\\/\\\/1dronas.lt\\\/en\\\/produktas\\\/radiomaster-ranger-micro-2-4ghz-elrs-modulis\\\/#breadcrumb\",\"itemListElement\":[{\"@type\":\"ListItem\",\"position\":1,\"name\":\"Home\",\"item\":\"https:\\\/\\\/1dronas.lt\\\/\"},{\"@type\":\"ListItem\",\"position\":2,\"name\":\"Parduotuv\u0117\",\"item\":\"https:\\\/\\\/1dronas.lt\\\/parduotuve\\\/\"},{\"@type\":\"ListItem\",\"position\":3,\"name\":\"RadioMaster Ranger Micro 2.4GHZ ELRS Modulis\"}]},{\"@type\":\"WebSite\",\"@id\":\"https:\\\/\\\/1dronas.lt\\\/en\\\/#website\",\"url\":\"https:\\\/\\\/1dronas.lt\\\/en\\\/\",\"name\":\"1dronas.lt\",\"description\":\"Internetin\u0117 parduotuv\u0117\",\"publisher\":{\"@id\":\"https:\\\/\\\/1dronas.lt\\\/en\\\/#organization\"},\"potentialAction\":[{\"@type\":\"SearchAction\",\"target\":{\"@type\":\"EntryPoint\",\"urlTemplate\":\"https:\\\/\\\/1dronas.lt\\\/en\\\/?s={search_term_string}\"},\"query-input\":{\"@type\":\"PropertyValueSpecification\",\"valueRequired\":true,\"valueName\":\"search_term_string\"}}],\"inLanguage\":\"en-US\"},{\"@type\":\"Organization\",\"@id\":\"https:\\\/\\\/1dronas.lt\\\/en\\\/#organization\",\"name\":\"1dronas.lt\",\"url\":\"https:\\\/\\\/1dronas.lt\\\/en\\\/\",\"logo\":{\"@type\":\"ImageObject\",\"inLanguage\":\"en-US\",\"@id\":\"https:\\\/\\\/1dronas.lt\\\/en\\\/#\\\/schema\\\/logo\\\/image\\\/\",\"url\":\"https:\\\/\\\/1dronas.lt\\\/wp-content\\\/uploads\\\/2020\\\/12\\\/Ekrano_kopija__2_-removebg-preview-1-1.png\",\"contentUrl\":\"https:\\\/\\\/1dronas.lt\\\/wp-content\\\/uploads\\\/2020\\\/12\\\/Ekrano_kopija__2_-removebg-preview-1-1.png\",\"width\":234,\"height\":81,\"caption\":\"1dronas.lt\"},\"image\":{\"@id\":\"https:\\\/\\\/1dronas.lt\\\/en\\\/#\\\/schema\\\/logo\\\/image\\\/\"},\"sameAs\":[\"https:\\\/\\\/www.facebook.com\\\/1dronas\\\/\"]}]}<\/script>\n<!-- \/ Yoast SEO plugin. -->","yoast_head_json":{"title":"RadioMaster Ranger Micro 2.4GHZ ELRS Module - 1dronas.lt","robots":{"index":"index","follow":"follow","max-snippet":"max-snippet:-1","max-image-preview":"max-image-preview:large","max-video-preview":"max-video-preview:-1"},"canonical":"https:\/\/1dronas.lt\/en\/produktas\/radiomaster-ranger-micro-2-4ghz-elrs-modulis\/","og_locale":"en_US","og_type":"article","og_title":"RadioMaster Ranger Micro 2.4GHZ ELRS Modulis - 1dronas.lt","og_description":"Norite i\u0161bandyti ELRS protokolo efektyvum\u0105, didel\u012f nuotol\u012f ir ma\u017e\u0105 u\u017edelsimo trukm\u0119 nepirkdami naujo radijo ry\u0161io? \u201eRadioMaster\u201c jums pad\u0117s!  \u00a01 \u2013 2 d. d.","og_url":"https:\/\/1dronas.lt\/en\/produktas\/radiomaster-ranger-micro-2-4ghz-elrs-modulis\/","og_site_name":"1dronas.lt","article_publisher":"https:\/\/www.facebook.com\/1dronas\/","article_modified_time":"2026-03-25T14:22:46+00:00","og_image":[{"width":1000,"height":1000,"url":"https:\/\/1dronas.lt\/wp-content\/uploads\/2024\/09\/HP0157.0034-1_1800x1800-min.jpg","type":"image\/jpeg"}],"twitter_card":"summary_large_image","twitter_misc":{"Est. reading time":"3 minutes"},"schema":{"@context":"https:\/\/schema.org","@graph":[{"@type":"WebPage","@id":"https:\/\/1dronas.lt\/en\/produktas\/radiomaster-ranger-micro-2-4ghz-elrs-modulis\/","url":"https:\/\/1dronas.lt\/en\/produktas\/radiomaster-ranger-micro-2-4ghz-elrs-modulis\/","name":"RadioMaster Ranger Micro 2.4GHZ ELRS Module - 1dronas.lt","isPartOf":{"@id":"https:\/\/1dronas.lt\/en\/#website"},"primaryImageOfPage":{"@id":"https:\/\/1dronas.lt\/en\/produktas\/radiomaster-ranger-micro-2-4ghz-elrs-modulis\/#primaryimage"},"image":{"@id":"https:\/\/1dronas.lt\/en\/produktas\/radiomaster-ranger-micro-2-4ghz-elrs-modulis\/#primaryimage"},"thumbnailUrl":"https:\/\/1dronas.lt\/wp-content\/uploads\/2024\/09\/HP0157.0034-1_1800x1800-min.jpg","datePublished":"2024-09-26T19:23:01+00:00","dateModified":"2026-03-25T14:22:46+00:00","breadcrumb":{"@id":"https:\/\/1dronas.lt\/en\/produktas\/radiomaster-ranger-micro-2-4ghz-elrs-modulis\/#breadcrumb"},"inLanguage":"en-US","potentialAction":[{"@type":"ReadAction","target":["https:\/\/1dronas.lt\/en\/produktas\/radiomaster-ranger-micro-2-4ghz-elrs-modulis\/"]}]},{"@type":"ImageObject","inLanguage":"en-US","@id":"https:\/\/1dronas.lt\/en\/produktas\/radiomaster-ranger-micro-2-4ghz-elrs-modulis\/#primaryimage","url":"https:\/\/1dronas.lt\/wp-content\/uploads\/2024\/09\/HP0157.0034-1_1800x1800-min.jpg","contentUrl":"https:\/\/1dronas.lt\/wp-content\/uploads\/2024\/09\/HP0157.0034-1_1800x1800-min.jpg","width":1000,"height":1000},{"@type":"BreadcrumbList","@id":"https:\/\/1dronas.lt\/en\/produktas\/radiomaster-ranger-micro-2-4ghz-elrs-modulis\/#breadcrumb","itemListElement":[{"@type":"ListItem","position":1,"name":"Home","item":"https:\/\/1dronas.lt\/"},{"@type":"ListItem","position":2,"name":"Parduotuv\u0117","item":"https:\/\/1dronas.lt\/parduotuve\/"},{"@type":"ListItem","position":3,"name":"RadioMaster Ranger Micro 2.4GHZ ELRS Modulis"}]},{"@type":"WebSite","@id":"https:\/\/1dronas.lt\/en\/#website","url":"https:\/\/1dronas.lt\/en\/","name":"1dronas.lt","description":"Online store","publisher":{"@id":"https:\/\/1dronas.lt\/en\/#organization"},"potentialAction":[{"@type":"SearchAction","target":{"@type":"EntryPoint","urlTemplate":"https:\/\/1dronas.lt\/en\/?s={search_term_string}"},"query-input":{"@type":"PropertyValueSpecification","valueRequired":true,"valueName":"search_term_string"}}],"inLanguage":"en-US"},{"@type":"Organization","@id":"https:\/\/1dronas.lt\/en\/#organization","name":"1dronas.lt","url":"https:\/\/1dronas.lt\/en\/","logo":{"@type":"ImageObject","inLanguage":"en-US","@id":"https:\/\/1dronas.lt\/en\/#\/schema\/logo\/image\/","url":"https:\/\/1dronas.lt\/wp-content\/uploads\/2020\/12\/Ekrano_kopija__2_-removebg-preview-1-1.png","contentUrl":"https:\/\/1dronas.lt\/wp-content\/uploads\/2020\/12\/Ekrano_kopija__2_-removebg-preview-1-1.png","width":234,"height":81,"caption":"1dronas.lt"},"image":{"@id":"https:\/\/1dronas.lt\/en\/#\/schema\/logo\/image\/"},"sameAs":["https:\/\/www.facebook.com\/1dronas\/"]}]}},"jetpack_sharing_enabled":true,"_links":{"self":[{"href":"https:\/\/1dronas.lt\/en\/wp-json\/wp\/v2\/product\/6681","targetHints":{"allow":["GET"]}}],"collection":[{"href":"https:\/\/1dronas.lt\/en\/wp-json\/wp\/v2\/product"}],"about":[{"href":"https:\/\/1dronas.lt\/en\/wp-json\/wp\/v2\/types\/product"}],"replies":[{"embeddable":true,"href":"https:\/\/1dronas.lt\/en\/wp-json\/wp\/v2\/comments?post=6681"}],"wp:featuredmedia":[{"embeddable":true,"href":"https:\/\/1dronas.lt\/en\/wp-json\/wp\/v2\/media\/6689"}],"wp:attachment":[{"href":"https:\/\/1dronas.lt\/en\/wp-json\/wp\/v2\/media?parent=6681"}],"wp:term":[{"taxonomy":"product_brand","embeddable":true,"href":"https:\/\/1dronas.lt\/en\/wp-json\/wp\/v2\/product_brand?post=6681"},{"taxonomy":"product_cat","embeddable":true,"href":"https:\/\/1dronas.lt\/en\/wp-json\/wp\/v2\/product_cat?post=6681"},{"taxonomy":"product_tag","embeddable":true,"href":"https:\/\/1dronas.lt\/en\/wp-json\/wp\/v2\/product_tag?post=6681"}],"curies":[{"name":"wp","href":"https:\/\/api.w.org\/{rel}","templated":true}]}}