{"id":6462,"date":"2024-07-15T11:56:08","date_gmt":"2024-07-15T11:56:08","guid":{"rendered":"https:\/\/1dronas.lt\/?post_type=product&#038;p=6462"},"modified":"2026-03-18T10:37:08","modified_gmt":"2026-03-18T08:37:08","slug":"betafpv-racing-circle-gates","status":"publish","type":"product","link":"https:\/\/1dronas.lt\/en\/produktas\/betafpv-racing-circle-gates\/","title":{"rendered":"BETAFPV Racing Circle Gates"},"content":{"rendered":"<p><img loading=\"lazy\" decoding=\"async\" class=\"alignnone wp-image-6449 size-full\" src=\"https:\/\/1dronas.lt\/wp-content\/uploads\/2024\/07\/FB_0e05ab14-a0fb-48f0-80f4-8ce0782d462c_1024x1024-min.jpg\" sizes=\"auto, (max-width: 1024px) 100vw, 1024px\" srcset=\"https:\/\/1dronas.lt\/wp-content\/uploads\/2024\/07\/FB_0e05ab14-a0fb-48f0-80f4-8ce0782d462c_1024x1024-min.jpg 1024w, https:\/\/1dronas.lt\/wp-content\/uploads\/2024\/07\/FB_0e05ab14-a0fb-48f0-80f4-8ce0782d462c_1024x1024-min-300x169.jpg 300w, https:\/\/1dronas.lt\/wp-content\/uploads\/2024\/07\/FB_0e05ab14-a0fb-48f0-80f4-8ce0782d462c_1024x1024-min-768x432.jpg 768w, https:\/\/1dronas.lt\/wp-content\/uploads\/2024\/07\/FB_0e05ab14-a0fb-48f0-80f4-8ce0782d462c_1024x1024-min-18x10.jpg 18w, https:\/\/1dronas.lt\/wp-content\/uploads\/2024\/07\/FB_0e05ab14-a0fb-48f0-80f4-8ce0782d462c_1024x1024-min-600x338.jpg 600w\" alt=\"\" width=\"1024\" height=\"576\" \/><\/p>\n<p><strong>Specification:<\/strong><\/p>\n<p>Material: Knitted fabric;<br \/>\nDimensions: 78 x 48cm.<\/p>\n<p>&nbsp;<\/p>\n<p><img loading=\"lazy\" decoding=\"async\" class=\"alignnone wp-image-6465 size-full\" src=\"https:\/\/1dronas.lt\/wp-content\/uploads\/2024\/07\/32a00f232cd5556089ed507cf8638241_600x600-min.jpg\" alt=\"\" width=\"600\" height=\"600\" srcset=\"https:\/\/1dronas.lt\/wp-content\/uploads\/2024\/07\/32a00f232cd5556089ed507cf8638241_600x600-min.jpg 600w, https:\/\/1dronas.lt\/wp-content\/uploads\/2024\/07\/32a00f232cd5556089ed507cf8638241_600x600-min-300x300.jpg 300w, https:\/\/1dronas.lt\/wp-content\/uploads\/2024\/07\/32a00f232cd5556089ed507cf8638241_600x600-min-150x150.jpg 150w, https:\/\/1dronas.lt\/wp-content\/uploads\/2024\/07\/32a00f232cd5556089ed507cf8638241_600x600-min-12x12.jpg 12w, https:\/\/1dronas.lt\/wp-content\/uploads\/2024\/07\/32a00f232cd5556089ed507cf8638241_600x600-min-247x247.jpg 247w, https:\/\/1dronas.lt\/wp-content\/uploads\/2024\/07\/32a00f232cd5556089ed507cf8638241_600x600-min-510x510.jpg 510w, https:\/\/1dronas.lt\/wp-content\/uploads\/2024\/07\/32a00f232cd5556089ed507cf8638241_600x600-min-100x100.jpg 100w\" sizes=\"auto, (max-width: 600px) 100vw, 600px\" \/><\/p>\n<p><strong>Package:<\/strong><\/p>\n<p>4 x BETAFPV racing round gates.<\/p>","protected":false},"excerpt":{"rendered":"<p><span style=\"color: #333333;\">BetaFPV track elements help develop flight skills, provide challenges, and enrich the flying experience.<\/span><\/p>\n<p><span style=\"color: #333333;\"><b><img loading=\"lazy\" decoding=\"async\" class=\"alignnone wp-image-1806\" src=\"https:\/\/1dronas.lt\/wp-content\/uploads\/2021\/05\/delivery-icon.png.webp\" alt=\"\" width=\"24\" height=\"24\" srcset=\"https:\/\/1dronas.lt\/wp-content\/uploads\/2021\/05\/delivery-icon.png 35w, https:\/\/1dronas.lt\/wp-content\/uploads\/2021\/05\/delivery-icon-12x12.png 12w\" sizes=\"auto, (max-width: 24px) 100vw, 24px\" \/><\/b> \u00a0<span style=\"font-size: 90%;\"><strong>1 \u2013 2 days<\/strong><\/span><\/span><\/p>","protected":false},"featured_media":6464,"comment_status":"open","ping_status":"closed","template":"","meta":[],"product_brand":[489],"product_cat":[412],"product_tag":[69,417,416],"class_list":{"0":"post-6462","1":"product","2":"type-product","3":"status-publish","4":"has-post-thumbnail","6":"product_brand-betafpv","7":"product_cat-trasos","8":"product_tag-betafpv","9":"product_tag-racing-circle-gates","10":"product_tag-trasos","12":"first","13":"instock","14":"taxable","15":"shipping-taxable","16":"purchasable","17":"product-type-simple"},"yoast_head":"<!-- This site is optimized with the Yoast SEO plugin v27.5 - https:\/\/yoast.com\/product\/yoast-seo-wordpress\/ -->\n<title>BETAFPV Racing Circle Gates - 1dronas.lt<\/title>\n<meta name=\"robots\" content=\"index, follow, max-snippet:-1, max-image-preview:large, max-video-preview:-1\" \/>\n<link rel=\"canonical\" href=\"https:\/\/1dronas.lt\/en\/produktas\/betafpv-racing-circle-gates\/\" \/>\n<meta property=\"og:locale\" content=\"en_US\" \/>\n<meta property=\"og:type\" content=\"article\" \/>\n<meta property=\"og:title\" content=\"BETAFPV Racing Circle Gates - 1dronas.lt\" \/>\n<meta property=\"og:description\" content=\"BetaFPV trasos elementai padeda lavinti skryd\u017eio \u012fg\u016bd\u017eius, suteikia i\u0161\u0161\u016bki\u0173 ir praturtina skraidymo patirt\u012f.   \u00a01 \u2013 2 d.d.\" \/>\n<meta property=\"og:url\" content=\"https:\/\/1dronas.lt\/en\/produktas\/betafpv-racing-circle-gates\/\" \/>\n<meta property=\"og:site_name\" content=\"1dronas.lt\" \/>\n<meta property=\"article:publisher\" content=\"https:\/\/www.facebook.com\/1dronas\/\" \/>\n<meta property=\"article:modified_time\" content=\"2026-03-18T08:37:08+00:00\" \/>\n<meta property=\"og:image\" content=\"https:\/\/1dronas.lt\/wp-content\/uploads\/2024\/07\/6c380de47aa0138bdae31b1f4a1a341b_08c938cd-fd48-4b63-999a-1802f6c2c062_1080x-min.jpg\" \/>\n\t<meta property=\"og:image:width\" content=\"1080\" \/>\n\t<meta property=\"og:image:height\" content=\"1080\" \/>\n\t<meta property=\"og:image:type\" content=\"image\/jpeg\" \/>\n<meta name=\"twitter:card\" content=\"summary_large_image\" \/>\n<meta name=\"twitter:label1\" content=\"Est. reading time\" \/>\n\t<meta name=\"twitter:data1\" content=\"1 minute\" \/>\n<script type=\"application\/ld+json\" class=\"yoast-schema-graph\">{\"@context\":\"https:\\\/\\\/schema.org\",\"@graph\":[{\"@type\":\"WebPage\",\"@id\":\"https:\\\/\\\/1dronas.lt\\\/en\\\/produktas\\\/betafpv-racing-circle-gates\\\/\",\"url\":\"https:\\\/\\\/1dronas.lt\\\/en\\\/produktas\\\/betafpv-racing-circle-gates\\\/\",\"name\":\"BETAFPV Racing Circle Gates - 1dronas.lt\",\"isPartOf\":{\"@id\":\"https:\\\/\\\/1dronas.lt\\\/en\\\/#website\"},\"primaryImageOfPage\":{\"@id\":\"https:\\\/\\\/1dronas.lt\\\/en\\\/produktas\\\/betafpv-racing-circle-gates\\\/#primaryimage\"},\"image\":{\"@id\":\"https:\\\/\\\/1dronas.lt\\\/en\\\/produktas\\\/betafpv-racing-circle-gates\\\/#primaryimage\"},\"thumbnailUrl\":\"https:\\\/\\\/1dronas.lt\\\/wp-content\\\/uploads\\\/2024\\\/07\\\/6c380de47aa0138bdae31b1f4a1a341b_08c938cd-fd48-4b63-999a-1802f6c2c062_1080x-min.jpg\",\"datePublished\":\"2024-07-15T11:56:08+00:00\",\"dateModified\":\"2026-03-18T08:37:08+00:00\",\"breadcrumb\":{\"@id\":\"https:\\\/\\\/1dronas.lt\\\/en\\\/produktas\\\/betafpv-racing-circle-gates\\\/#breadcrumb\"},\"inLanguage\":\"en-US\",\"potentialAction\":[{\"@type\":\"ReadAction\",\"target\":[\"https:\\\/\\\/1dronas.lt\\\/en\\\/produktas\\\/betafpv-racing-circle-gates\\\/\"]}]},{\"@type\":\"ImageObject\",\"inLanguage\":\"en-US\",\"@id\":\"https:\\\/\\\/1dronas.lt\\\/en\\\/produktas\\\/betafpv-racing-circle-gates\\\/#primaryimage\",\"url\":\"https:\\\/\\\/1dronas.lt\\\/wp-content\\\/uploads\\\/2024\\\/07\\\/6c380de47aa0138bdae31b1f4a1a341b_08c938cd-fd48-4b63-999a-1802f6c2c062_1080x-min.jpg\",\"contentUrl\":\"https:\\\/\\\/1dronas.lt\\\/wp-content\\\/uploads\\\/2024\\\/07\\\/6c380de47aa0138bdae31b1f4a1a341b_08c938cd-fd48-4b63-999a-1802f6c2c062_1080x-min.jpg\",\"width\":1080,\"height\":1080},{\"@type\":\"BreadcrumbList\",\"@id\":\"https:\\\/\\\/1dronas.lt\\\/en\\\/produktas\\\/betafpv-racing-circle-gates\\\/#breadcrumb\",\"itemListElement\":[{\"@type\":\"ListItem\",\"position\":1,\"name\":\"Home\",\"item\":\"https:\\\/\\\/1dronas.lt\\\/\"},{\"@type\":\"ListItem\",\"position\":2,\"name\":\"Parduotuv\u0117\",\"item\":\"https:\\\/\\\/1dronas.lt\\\/parduotuve\\\/\"},{\"@type\":\"ListItem\",\"position\":3,\"name\":\"BETAFPV Racing Circle Gates\"}]},{\"@type\":\"WebSite\",\"@id\":\"https:\\\/\\\/1dronas.lt\\\/en\\\/#website\",\"url\":\"https:\\\/\\\/1dronas.lt\\\/en\\\/\",\"name\":\"1dronas.lt\",\"description\":\"Internetin\u0117 parduotuv\u0117\",\"publisher\":{\"@id\":\"https:\\\/\\\/1dronas.lt\\\/en\\\/#organization\"},\"potentialAction\":[{\"@type\":\"SearchAction\",\"target\":{\"@type\":\"EntryPoint\",\"urlTemplate\":\"https:\\\/\\\/1dronas.lt\\\/en\\\/?s={search_term_string}\"},\"query-input\":{\"@type\":\"PropertyValueSpecification\",\"valueRequired\":true,\"valueName\":\"search_term_string\"}}],\"inLanguage\":\"en-US\"},{\"@type\":\"Organization\",\"@id\":\"https:\\\/\\\/1dronas.lt\\\/en\\\/#organization\",\"name\":\"1dronas.lt\",\"url\":\"https:\\\/\\\/1dronas.lt\\\/en\\\/\",\"logo\":{\"@type\":\"ImageObject\",\"inLanguage\":\"en-US\",\"@id\":\"https:\\\/\\\/1dronas.lt\\\/en\\\/#\\\/schema\\\/logo\\\/image\\\/\",\"url\":\"https:\\\/\\\/1dronas.lt\\\/wp-content\\\/uploads\\\/2020\\\/12\\\/Ekrano_kopija__2_-removebg-preview-1-1.png\",\"contentUrl\":\"https:\\\/\\\/1dronas.lt\\\/wp-content\\\/uploads\\\/2020\\\/12\\\/Ekrano_kopija__2_-removebg-preview-1-1.png\",\"width\":234,\"height\":81,\"caption\":\"1dronas.lt\"},\"image\":{\"@id\":\"https:\\\/\\\/1dronas.lt\\\/en\\\/#\\\/schema\\\/logo\\\/image\\\/\"},\"sameAs\":[\"https:\\\/\\\/www.facebook.com\\\/1dronas\\\/\"]}]}<\/script>\n<!-- \/ Yoast SEO plugin. -->","yoast_head_json":{"title":"BETAFPV Racing Circle Gates - 1dronas.lt","robots":{"index":"index","follow":"follow","max-snippet":"max-snippet:-1","max-image-preview":"max-image-preview:large","max-video-preview":"max-video-preview:-1"},"canonical":"https:\/\/1dronas.lt\/en\/produktas\/betafpv-racing-circle-gates\/","og_locale":"en_US","og_type":"article","og_title":"BETAFPV Racing Circle Gates - 1dronas.lt","og_description":"BetaFPV trasos elementai padeda lavinti skryd\u017eio \u012fg\u016bd\u017eius, suteikia i\u0161\u0161\u016bki\u0173 ir praturtina skraidymo patirt\u012f.   \u00a01 \u2013 2 d.d.","og_url":"https:\/\/1dronas.lt\/en\/produktas\/betafpv-racing-circle-gates\/","og_site_name":"1dronas.lt","article_publisher":"https:\/\/www.facebook.com\/1dronas\/","article_modified_time":"2026-03-18T08:37:08+00:00","og_image":[{"width":1080,"height":1080,"url":"https:\/\/1dronas.lt\/wp-content\/uploads\/2024\/07\/6c380de47aa0138bdae31b1f4a1a341b_08c938cd-fd48-4b63-999a-1802f6c2c062_1080x-min.jpg","type":"image\/jpeg"}],"twitter_card":"summary_large_image","twitter_misc":{"Est. reading time":"1 minute"},"schema":{"@context":"https:\/\/schema.org","@graph":[{"@type":"WebPage","@id":"https:\/\/1dronas.lt\/en\/produktas\/betafpv-racing-circle-gates\/","url":"https:\/\/1dronas.lt\/en\/produktas\/betafpv-racing-circle-gates\/","name":"BETAFPV Racing Circle Gates - 1dronas.lt","isPartOf":{"@id":"https:\/\/1dronas.lt\/en\/#website"},"primaryImageOfPage":{"@id":"https:\/\/1dronas.lt\/en\/produktas\/betafpv-racing-circle-gates\/#primaryimage"},"image":{"@id":"https:\/\/1dronas.lt\/en\/produktas\/betafpv-racing-circle-gates\/#primaryimage"},"thumbnailUrl":"https:\/\/1dronas.lt\/wp-content\/uploads\/2024\/07\/6c380de47aa0138bdae31b1f4a1a341b_08c938cd-fd48-4b63-999a-1802f6c2c062_1080x-min.jpg","datePublished":"2024-07-15T11:56:08+00:00","dateModified":"2026-03-18T08:37:08+00:00","breadcrumb":{"@id":"https:\/\/1dronas.lt\/en\/produktas\/betafpv-racing-circle-gates\/#breadcrumb"},"inLanguage":"en-US","potentialAction":[{"@type":"ReadAction","target":["https:\/\/1dronas.lt\/en\/produktas\/betafpv-racing-circle-gates\/"]}]},{"@type":"ImageObject","inLanguage":"en-US","@id":"https:\/\/1dronas.lt\/en\/produktas\/betafpv-racing-circle-gates\/#primaryimage","url":"https:\/\/1dronas.lt\/wp-content\/uploads\/2024\/07\/6c380de47aa0138bdae31b1f4a1a341b_08c938cd-fd48-4b63-999a-1802f6c2c062_1080x-min.jpg","contentUrl":"https:\/\/1dronas.lt\/wp-content\/uploads\/2024\/07\/6c380de47aa0138bdae31b1f4a1a341b_08c938cd-fd48-4b63-999a-1802f6c2c062_1080x-min.jpg","width":1080,"height":1080},{"@type":"BreadcrumbList","@id":"https:\/\/1dronas.lt\/en\/produktas\/betafpv-racing-circle-gates\/#breadcrumb","itemListElement":[{"@type":"ListItem","position":1,"name":"Home","item":"https:\/\/1dronas.lt\/"},{"@type":"ListItem","position":2,"name":"Parduotuv\u0117","item":"https:\/\/1dronas.lt\/parduotuve\/"},{"@type":"ListItem","position":3,"name":"BETAFPV Racing Circle Gates"}]},{"@type":"WebSite","@id":"https:\/\/1dronas.lt\/en\/#website","url":"https:\/\/1dronas.lt\/en\/","name":"1dronas.lt","description":"Online store","publisher":{"@id":"https:\/\/1dronas.lt\/en\/#organization"},"potentialAction":[{"@type":"SearchAction","target":{"@type":"EntryPoint","urlTemplate":"https:\/\/1dronas.lt\/en\/?s={search_term_string}"},"query-input":{"@type":"PropertyValueSpecification","valueRequired":true,"valueName":"search_term_string"}}],"inLanguage":"en-US"},{"@type":"Organization","@id":"https:\/\/1dronas.lt\/en\/#organization","name":"1dronas.lt","url":"https:\/\/1dronas.lt\/en\/","logo":{"@type":"ImageObject","inLanguage":"en-US","@id":"https:\/\/1dronas.lt\/en\/#\/schema\/logo\/image\/","url":"https:\/\/1dronas.lt\/wp-content\/uploads\/2020\/12\/Ekrano_kopija__2_-removebg-preview-1-1.png","contentUrl":"https:\/\/1dronas.lt\/wp-content\/uploads\/2020\/12\/Ekrano_kopija__2_-removebg-preview-1-1.png","width":234,"height":81,"caption":"1dronas.lt"},"image":{"@id":"https:\/\/1dronas.lt\/en\/#\/schema\/logo\/image\/"},"sameAs":["https:\/\/www.facebook.com\/1dronas\/"]}]}},"jetpack_sharing_enabled":true,"_links":{"self":[{"href":"https:\/\/1dronas.lt\/en\/wp-json\/wp\/v2\/product\/6462","targetHints":{"allow":["GET"]}}],"collection":[{"href":"https:\/\/1dronas.lt\/en\/wp-json\/wp\/v2\/product"}],"about":[{"href":"https:\/\/1dronas.lt\/en\/wp-json\/wp\/v2\/types\/product"}],"replies":[{"embeddable":true,"href":"https:\/\/1dronas.lt\/en\/wp-json\/wp\/v2\/comments?post=6462"}],"wp:featuredmedia":[{"embeddable":true,"href":"https:\/\/1dronas.lt\/en\/wp-json\/wp\/v2\/media\/6464"}],"wp:attachment":[{"href":"https:\/\/1dronas.lt\/en\/wp-json\/wp\/v2\/media?parent=6462"}],"wp:term":[{"taxonomy":"product_brand","embeddable":true,"href":"https:\/\/1dronas.lt\/en\/wp-json\/wp\/v2\/product_brand?post=6462"},{"taxonomy":"product_cat","embeddable":true,"href":"https:\/\/1dronas.lt\/en\/wp-json\/wp\/v2\/product_cat?post=6462"},{"taxonomy":"product_tag","embeddable":true,"href":"https:\/\/1dronas.lt\/en\/wp-json\/wp\/v2\/product_tag?post=6462"}],"curies":[{"name":"wp","href":"https:\/\/api.w.org\/{rel}","templated":true}]}}