{"id":6455,"date":"2024-07-15T11:23:40","date_gmt":"2024-07-15T11:23:40","guid":{"rendered":"https:\/\/1dronas.lt\/?post_type=product&#038;p=6455"},"modified":"2026-04-10T10:44:29","modified_gmt":"2026-04-10T07:44:29","slug":"betafpv-arch-gate","status":"publish","type":"product","link":"https:\/\/1dronas.lt\/en\/produktas\/betafpv-arch-gate\/","title":{"rendered":"BETAFPV Arch Gate"},"content":{"rendered":"<p><img loading=\"lazy\" decoding=\"async\" class=\"alignnone wp-image-6449 size-full\" src=\"https:\/\/1dronas.lt\/wp-content\/uploads\/2024\/07\/FB_0e05ab14-a0fb-48f0-80f4-8ce0782d462c_1024x1024-min.jpg\" alt=\"\" width=\"1024\" height=\"576\" srcset=\"https:\/\/1dronas.lt\/wp-content\/uploads\/2024\/07\/FB_0e05ab14-a0fb-48f0-80f4-8ce0782d462c_1024x1024-min.jpg 1024w, https:\/\/1dronas.lt\/wp-content\/uploads\/2024\/07\/FB_0e05ab14-a0fb-48f0-80f4-8ce0782d462c_1024x1024-min-300x169.jpg 300w, https:\/\/1dronas.lt\/wp-content\/uploads\/2024\/07\/FB_0e05ab14-a0fb-48f0-80f4-8ce0782d462c_1024x1024-min-768x432.jpg 768w, https:\/\/1dronas.lt\/wp-content\/uploads\/2024\/07\/FB_0e05ab14-a0fb-48f0-80f4-8ce0782d462c_1024x1024-min-18x10.jpg 18w, https:\/\/1dronas.lt\/wp-content\/uploads\/2024\/07\/FB_0e05ab14-a0fb-48f0-80f4-8ce0782d462c_1024x1024-min-510x287.jpg 510w\" sizes=\"auto, (max-width: 1024px) 100vw, 1024px\" \/><\/p>\n<p><strong>Specification:<\/strong><\/p>\n<p>Material: Knitted fabric;<br \/>\nDimensions: 70 x 107 x 60cm.<\/p>\n<p><img loading=\"lazy\" decoding=\"async\" class=\"alignnone wp-image-6458 size-full\" src=\"https:\/\/1dronas.lt\/wp-content\/uploads\/2024\/07\/WPS_1_dfd18eae-2d96-4dad-b0fe-8dc04d59c6b7_600x600-min.jpg\" alt=\"\" width=\"600\" height=\"407\" srcset=\"https:\/\/1dronas.lt\/wp-content\/uploads\/2024\/07\/WPS_1_dfd18eae-2d96-4dad-b0fe-8dc04d59c6b7_600x600-min.jpg 600w, https:\/\/1dronas.lt\/wp-content\/uploads\/2024\/07\/WPS_1_dfd18eae-2d96-4dad-b0fe-8dc04d59c6b7_600x600-min-300x204.jpg 300w, https:\/\/1dronas.lt\/wp-content\/uploads\/2024\/07\/WPS_1_dfd18eae-2d96-4dad-b0fe-8dc04d59c6b7_600x600-min-18x12.jpg 18w, https:\/\/1dronas.lt\/wp-content\/uploads\/2024\/07\/WPS_1_dfd18eae-2d96-4dad-b0fe-8dc04d59c6b7_600x600-min-510x346.jpg 510w\" sizes=\"auto, (max-width: 600px) 100vw, 600px\" \/><\/p>\n<p>&nbsp;<\/p>\n<p><strong>Package:<\/strong><\/p>\n<p>1 x BETAFPV Racing Gate<br \/>\n2 x Flexible rods<br \/>\n2 x Steel corner brackets<br \/>\n1 x Transport bag<\/p>","protected":false},"excerpt":{"rendered":"<p><span style=\"color: #282828;\">BetaFPV track elements help develop flight skills, provide challenges, and enrich the flying experience.<\/span><\/p>\n<p><span style=\"color: #282828;\"><strong><img loading=\"lazy\" decoding=\"async\" class=\"alignnone wp-image-1806\" src=\"https:\/\/1dronas.lt\/wp-content\/uploads\/2021\/05\/delivery-icon.png\" alt=\"\" width=\"24\" height=\"24\" srcset=\"https:\/\/1dronas.lt\/wp-content\/uploads\/2021\/05\/delivery-icon.png 35w, https:\/\/1dronas.lt\/wp-content\/uploads\/2021\/05\/delivery-icon-12x12.png 12w\" sizes=\"auto, (max-width: 24px) 100vw, 24px\" \/><\/strong>\u00a0<span style=\"font-size: 90%;\"><strong> 1 \u2013 2 days<\/strong><\/span><\/span><\/p>","protected":false},"featured_media":6456,"comment_status":"open","ping_status":"closed","template":"","meta":[],"product_brand":[489],"product_cat":[412],"product_tag":[415,69,416],"class_list":{"0":"post-6455","1":"product","2":"type-product","3":"status-publish","4":"has-post-thumbnail","6":"product_brand-betafpv","7":"product_cat-trasos","8":"product_tag-arch-gate","9":"product_tag-betafpv","10":"product_tag-trasos","12":"first","13":"instock","14":"taxable","15":"shipping-taxable","16":"purchasable","17":"product-type-simple"},"yoast_head":"<!-- This site is optimized with the Yoast SEO plugin v27.3 - https:\/\/yoast.com\/product\/yoast-seo-wordpress\/ -->\n<title>BETAFPV Arch Gate - 1dronas.lt<\/title>\n<meta name=\"robots\" content=\"index, follow, max-snippet:-1, max-image-preview:large, max-video-preview:-1\" \/>\n<link rel=\"canonical\" href=\"https:\/\/1dronas.lt\/en\/produktas\/betafpv-arch-gate\/\" \/>\n<meta property=\"og:locale\" content=\"en_US\" \/>\n<meta property=\"og:type\" content=\"article\" \/>\n<meta property=\"og:title\" content=\"BETAFPV Arch Gate - 1dronas.lt\" \/>\n<meta property=\"og:description\" content=\"BetaFPV trasos elementai padeda lavinti skryd\u017eio \u012fg\u016bd\u017eius, suteikia i\u0161\u0161\u016bki\u0173 ir praturtina skraidymo patirt\u012f.  \u00a0 1 \u2013 2 d. d.\" \/>\n<meta property=\"og:url\" content=\"https:\/\/1dronas.lt\/en\/produktas\/betafpv-arch-gate\/\" \/>\n<meta property=\"og:site_name\" content=\"1dronas.lt\" \/>\n<meta property=\"article:publisher\" content=\"https:\/\/www.facebook.com\/1dronas\/\" \/>\n<meta property=\"article:modified_time\" content=\"2026-04-10T07:44:29+00:00\" \/>\n<meta property=\"og:image\" content=\"https:\/\/1dronas.lt\/wp-content\/uploads\/2024\/07\/8024b5c7f6573460df55c52d9c34c703_1080x-min.jpg\" \/>\n\t<meta property=\"og:image:width\" content=\"1080\" \/>\n\t<meta property=\"og:image:height\" content=\"1080\" \/>\n\t<meta property=\"og:image:type\" content=\"image\/jpeg\" \/>\n<meta name=\"twitter:card\" content=\"summary_large_image\" \/>\n<meta name=\"twitter:label1\" content=\"Est. reading time\" \/>\n\t<meta name=\"twitter:data1\" content=\"1 minute\" \/>\n<script type=\"application\/ld+json\" class=\"yoast-schema-graph\">{\"@context\":\"https:\\\/\\\/schema.org\",\"@graph\":[{\"@type\":\"WebPage\",\"@id\":\"https:\\\/\\\/1dronas.lt\\\/en\\\/produktas\\\/betafpv-arch-gate\\\/\",\"url\":\"https:\\\/\\\/1dronas.lt\\\/en\\\/produktas\\\/betafpv-arch-gate\\\/\",\"name\":\"BETAFPV Arch Gate - 1dronas.lt\",\"isPartOf\":{\"@id\":\"https:\\\/\\\/1dronas.lt\\\/en\\\/#website\"},\"primaryImageOfPage\":{\"@id\":\"https:\\\/\\\/1dronas.lt\\\/en\\\/produktas\\\/betafpv-arch-gate\\\/#primaryimage\"},\"image\":{\"@id\":\"https:\\\/\\\/1dronas.lt\\\/en\\\/produktas\\\/betafpv-arch-gate\\\/#primaryimage\"},\"thumbnailUrl\":\"https:\\\/\\\/1dronas.lt\\\/wp-content\\\/uploads\\\/2024\\\/07\\\/8024b5c7f6573460df55c52d9c34c703_1080x-min.jpg\",\"datePublished\":\"2024-07-15T11:23:40+00:00\",\"dateModified\":\"2026-04-10T07:44:29+00:00\",\"breadcrumb\":{\"@id\":\"https:\\\/\\\/1dronas.lt\\\/en\\\/produktas\\\/betafpv-arch-gate\\\/#breadcrumb\"},\"inLanguage\":\"en-US\",\"potentialAction\":[{\"@type\":\"ReadAction\",\"target\":[\"https:\\\/\\\/1dronas.lt\\\/en\\\/produktas\\\/betafpv-arch-gate\\\/\"]}]},{\"@type\":\"ImageObject\",\"inLanguage\":\"en-US\",\"@id\":\"https:\\\/\\\/1dronas.lt\\\/en\\\/produktas\\\/betafpv-arch-gate\\\/#primaryimage\",\"url\":\"https:\\\/\\\/1dronas.lt\\\/wp-content\\\/uploads\\\/2024\\\/07\\\/8024b5c7f6573460df55c52d9c34c703_1080x-min.jpg\",\"contentUrl\":\"https:\\\/\\\/1dronas.lt\\\/wp-content\\\/uploads\\\/2024\\\/07\\\/8024b5c7f6573460df55c52d9c34c703_1080x-min.jpg\",\"width\":1080,\"height\":1080},{\"@type\":\"BreadcrumbList\",\"@id\":\"https:\\\/\\\/1dronas.lt\\\/en\\\/produktas\\\/betafpv-arch-gate\\\/#breadcrumb\",\"itemListElement\":[{\"@type\":\"ListItem\",\"position\":1,\"name\":\"Home\",\"item\":\"https:\\\/\\\/1dronas.lt\\\/\"},{\"@type\":\"ListItem\",\"position\":2,\"name\":\"Parduotuv\u0117\",\"item\":\"https:\\\/\\\/1dronas.lt\\\/parduotuve\\\/\"},{\"@type\":\"ListItem\",\"position\":3,\"name\":\"BETAFPV Arch Gate\"}]},{\"@type\":\"WebSite\",\"@id\":\"https:\\\/\\\/1dronas.lt\\\/en\\\/#website\",\"url\":\"https:\\\/\\\/1dronas.lt\\\/en\\\/\",\"name\":\"1dronas.lt\",\"description\":\"Internetin\u0117 parduotuv\u0117\",\"publisher\":{\"@id\":\"https:\\\/\\\/1dronas.lt\\\/en\\\/#organization\"},\"potentialAction\":[{\"@type\":\"SearchAction\",\"target\":{\"@type\":\"EntryPoint\",\"urlTemplate\":\"https:\\\/\\\/1dronas.lt\\\/en\\\/?s={search_term_string}\"},\"query-input\":{\"@type\":\"PropertyValueSpecification\",\"valueRequired\":true,\"valueName\":\"search_term_string\"}}],\"inLanguage\":\"en-US\"},{\"@type\":\"Organization\",\"@id\":\"https:\\\/\\\/1dronas.lt\\\/en\\\/#organization\",\"name\":\"1dronas.lt\",\"url\":\"https:\\\/\\\/1dronas.lt\\\/en\\\/\",\"logo\":{\"@type\":\"ImageObject\",\"inLanguage\":\"en-US\",\"@id\":\"https:\\\/\\\/1dronas.lt\\\/en\\\/#\\\/schema\\\/logo\\\/image\\\/\",\"url\":\"https:\\\/\\\/1dronas.lt\\\/wp-content\\\/uploads\\\/2020\\\/12\\\/Ekrano_kopija__2_-removebg-preview-1-1.png\",\"contentUrl\":\"https:\\\/\\\/1dronas.lt\\\/wp-content\\\/uploads\\\/2020\\\/12\\\/Ekrano_kopija__2_-removebg-preview-1-1.png\",\"width\":234,\"height\":81,\"caption\":\"1dronas.lt\"},\"image\":{\"@id\":\"https:\\\/\\\/1dronas.lt\\\/en\\\/#\\\/schema\\\/logo\\\/image\\\/\"},\"sameAs\":[\"https:\\\/\\\/www.facebook.com\\\/1dronas\\\/\"]}]}<\/script>\n<!-- \/ Yoast SEO plugin. -->","yoast_head_json":{"title":"BETAFPV Arch Gate - 1dronas.lt","robots":{"index":"index","follow":"follow","max-snippet":"max-snippet:-1","max-image-preview":"max-image-preview:large","max-video-preview":"max-video-preview:-1"},"canonical":"https:\/\/1dronas.lt\/en\/produktas\/betafpv-arch-gate\/","og_locale":"en_US","og_type":"article","og_title":"BETAFPV Arch Gate - 1dronas.lt","og_description":"BetaFPV trasos elementai padeda lavinti skryd\u017eio \u012fg\u016bd\u017eius, suteikia i\u0161\u0161\u016bki\u0173 ir praturtina skraidymo patirt\u012f.  \u00a0 1 \u2013 2 d. d.","og_url":"https:\/\/1dronas.lt\/en\/produktas\/betafpv-arch-gate\/","og_site_name":"1dronas.lt","article_publisher":"https:\/\/www.facebook.com\/1dronas\/","article_modified_time":"2026-04-10T07:44:29+00:00","og_image":[{"width":1080,"height":1080,"url":"https:\/\/1dronas.lt\/wp-content\/uploads\/2024\/07\/8024b5c7f6573460df55c52d9c34c703_1080x-min.jpg","type":"image\/jpeg"}],"twitter_card":"summary_large_image","twitter_misc":{"Est. reading time":"1 minute"},"schema":{"@context":"https:\/\/schema.org","@graph":[{"@type":"WebPage","@id":"https:\/\/1dronas.lt\/en\/produktas\/betafpv-arch-gate\/","url":"https:\/\/1dronas.lt\/en\/produktas\/betafpv-arch-gate\/","name":"BETAFPV Arch Gate - 1dronas.lt","isPartOf":{"@id":"https:\/\/1dronas.lt\/en\/#website"},"primaryImageOfPage":{"@id":"https:\/\/1dronas.lt\/en\/produktas\/betafpv-arch-gate\/#primaryimage"},"image":{"@id":"https:\/\/1dronas.lt\/en\/produktas\/betafpv-arch-gate\/#primaryimage"},"thumbnailUrl":"https:\/\/1dronas.lt\/wp-content\/uploads\/2024\/07\/8024b5c7f6573460df55c52d9c34c703_1080x-min.jpg","datePublished":"2024-07-15T11:23:40+00:00","dateModified":"2026-04-10T07:44:29+00:00","breadcrumb":{"@id":"https:\/\/1dronas.lt\/en\/produktas\/betafpv-arch-gate\/#breadcrumb"},"inLanguage":"en-US","potentialAction":[{"@type":"ReadAction","target":["https:\/\/1dronas.lt\/en\/produktas\/betafpv-arch-gate\/"]}]},{"@type":"ImageObject","inLanguage":"en-US","@id":"https:\/\/1dronas.lt\/en\/produktas\/betafpv-arch-gate\/#primaryimage","url":"https:\/\/1dronas.lt\/wp-content\/uploads\/2024\/07\/8024b5c7f6573460df55c52d9c34c703_1080x-min.jpg","contentUrl":"https:\/\/1dronas.lt\/wp-content\/uploads\/2024\/07\/8024b5c7f6573460df55c52d9c34c703_1080x-min.jpg","width":1080,"height":1080},{"@type":"BreadcrumbList","@id":"https:\/\/1dronas.lt\/en\/produktas\/betafpv-arch-gate\/#breadcrumb","itemListElement":[{"@type":"ListItem","position":1,"name":"Home","item":"https:\/\/1dronas.lt\/"},{"@type":"ListItem","position":2,"name":"Parduotuv\u0117","item":"https:\/\/1dronas.lt\/parduotuve\/"},{"@type":"ListItem","position":3,"name":"BETAFPV Arch Gate"}]},{"@type":"WebSite","@id":"https:\/\/1dronas.lt\/en\/#website","url":"https:\/\/1dronas.lt\/en\/","name":"1dronas.lt","description":"Online store","publisher":{"@id":"https:\/\/1dronas.lt\/en\/#organization"},"potentialAction":[{"@type":"SearchAction","target":{"@type":"EntryPoint","urlTemplate":"https:\/\/1dronas.lt\/en\/?s={search_term_string}"},"query-input":{"@type":"PropertyValueSpecification","valueRequired":true,"valueName":"search_term_string"}}],"inLanguage":"en-US"},{"@type":"Organization","@id":"https:\/\/1dronas.lt\/en\/#organization","name":"1dronas.lt","url":"https:\/\/1dronas.lt\/en\/","logo":{"@type":"ImageObject","inLanguage":"en-US","@id":"https:\/\/1dronas.lt\/en\/#\/schema\/logo\/image\/","url":"https:\/\/1dronas.lt\/wp-content\/uploads\/2020\/12\/Ekrano_kopija__2_-removebg-preview-1-1.png","contentUrl":"https:\/\/1dronas.lt\/wp-content\/uploads\/2020\/12\/Ekrano_kopija__2_-removebg-preview-1-1.png","width":234,"height":81,"caption":"1dronas.lt"},"image":{"@id":"https:\/\/1dronas.lt\/en\/#\/schema\/logo\/image\/"},"sameAs":["https:\/\/www.facebook.com\/1dronas\/"]}]}},"jetpack_sharing_enabled":true,"_links":{"self":[{"href":"https:\/\/1dronas.lt\/en\/wp-json\/wp\/v2\/product\/6455","targetHints":{"allow":["GET"]}}],"collection":[{"href":"https:\/\/1dronas.lt\/en\/wp-json\/wp\/v2\/product"}],"about":[{"href":"https:\/\/1dronas.lt\/en\/wp-json\/wp\/v2\/types\/product"}],"replies":[{"embeddable":true,"href":"https:\/\/1dronas.lt\/en\/wp-json\/wp\/v2\/comments?post=6455"}],"wp:featuredmedia":[{"embeddable":true,"href":"https:\/\/1dronas.lt\/en\/wp-json\/wp\/v2\/media\/6456"}],"wp:attachment":[{"href":"https:\/\/1dronas.lt\/en\/wp-json\/wp\/v2\/media?parent=6455"}],"wp:term":[{"taxonomy":"product_brand","embeddable":true,"href":"https:\/\/1dronas.lt\/en\/wp-json\/wp\/v2\/product_brand?post=6455"},{"taxonomy":"product_cat","embeddable":true,"href":"https:\/\/1dronas.lt\/en\/wp-json\/wp\/v2\/product_cat?post=6455"},{"taxonomy":"product_tag","embeddable":true,"href":"https:\/\/1dronas.lt\/en\/wp-json\/wp\/v2\/product_tag?post=6455"}],"curies":[{"name":"wp","href":"https:\/\/api.w.org\/{rel}","templated":true}]}}