{"id":6332,"date":"2024-06-08T12:37:08","date_gmt":"2024-06-08T12:37:08","guid":{"rendered":"https:\/\/1dronas.lt\/?post_type=product&#038;p=6332"},"modified":"2026-03-31T17:52:28","modified_gmt":"2026-03-31T14:52:28","slug":"betafpv-meteor65-pro-remas","status":"publish","type":"product","link":"https:\/\/1dronas.lt\/en\/produktas\/betafpv-meteor65-pro-remas\/","title":{"rendered":"BETAFPV Meteor65 Pro Frame"},"content":{"rendered":"<p>&nbsp;<\/p>\n<p><img loading=\"lazy\" decoding=\"async\" class=\"alignnone wp-image-6335 size-full\" src=\"https:\/\/1dronas.lt\/wp-content\/uploads\/2024\/06\/FB1_62e7d932-8d1b-4949-b975-65ffc6587798_1024x1024.jpg\" alt=\"\" width=\"1024\" height=\"576\" srcset=\"https:\/\/1dronas.lt\/wp-content\/uploads\/2024\/06\/FB1_62e7d932-8d1b-4949-b975-65ffc6587798_1024x1024.jpg 1024w, https:\/\/1dronas.lt\/wp-content\/uploads\/2024\/06\/FB1_62e7d932-8d1b-4949-b975-65ffc6587798_1024x1024-300x169.jpg 300w, https:\/\/1dronas.lt\/wp-content\/uploads\/2024\/06\/FB1_62e7d932-8d1b-4949-b975-65ffc6587798_1024x1024-768x432.jpg 768w, https:\/\/1dronas.lt\/wp-content\/uploads\/2024\/06\/FB1_62e7d932-8d1b-4949-b975-65ffc6587798_1024x1024-18x10.jpg 18w, https:\/\/1dronas.lt\/wp-content\/uploads\/2024\/06\/FB1_62e7d932-8d1b-4949-b975-65ffc6587798_1024x1024-510x287.jpg 510w\" sizes=\"auto, (max-width: 1024px) 100vw, 1024px\" \/><\/p>\n<p><strong>Features:<\/strong><\/p>\n<p><strong>\u2022 <\/strong>The Meteor65 Pro Brushless Whoop Frame is quite durable and lightweight at 3.20 g;<br \/>\n<strong>\u2022 <\/strong>The ultra-light and durable PP material frame weighs only 3.20g, which is one of the lightest frames that can match the F4 1S 5A AIO brushless flight controller.<\/p>\n<p><strong>Specifications:<\/strong><\/p>\n<p><strong>\u2022\u00a0<\/strong>Material: PP;<br \/>\n<strong>\u2022\u00a0<\/strong>Size: 65mm;<br \/>\n<strong>\u2022\u00a0<\/strong>Weight: 3.20g.<span style=\"font-weight: 400;\"><br \/>\n<img loading=\"lazy\" decoding=\"async\" class=\"alignnone wp-image-6334 size-full\" src=\"https:\/\/1dronas.lt\/wp-content\/uploads\/2024\/06\/db333493f539cb9180fe72c38b6ad8cc_600x600.jpg\" alt=\"\" width=\"479\" height=\"600\" srcset=\"https:\/\/1dronas.lt\/wp-content\/uploads\/2024\/06\/db333493f539cb9180fe72c38b6ad8cc_600x600.jpg 479w, https:\/\/1dronas.lt\/wp-content\/uploads\/2024\/06\/db333493f539cb9180fe72c38b6ad8cc_600x600-240x300.jpg 240w, https:\/\/1dronas.lt\/wp-content\/uploads\/2024\/06\/db333493f539cb9180fe72c38b6ad8cc_600x600-10x12.jpg 10w\" sizes=\"auto, (max-width: 479px) 100vw, 479px\" \/><br \/>\n<\/span><\/p>\n<p><strong>Package:<\/strong><\/p>\n<p>1x Meteor65 Pro frame.<\/p>","protected":false},"excerpt":{"rendered":"<p><span style=\"color: #000000;\">\u201cThe Meteor65 Pro frame is one of the lightest frames in this drone class.<\/span><\/p>\n<p><span style=\"color: #000000;\"><strong><img loading=\"lazy\" decoding=\"async\" class=\"alignnone wp-image-1806\" src=\"https:\/\/1dronas.lt\/wp-content\/uploads\/2021\/05\/delivery-icon.png\" alt=\"\" width=\"24\" height=\"24\" srcset=\"https:\/\/1dronas.lt\/wp-content\/uploads\/2021\/05\/delivery-icon.png 35w, https:\/\/1dronas.lt\/wp-content\/uploads\/2021\/05\/delivery-icon-12x12.png 12w\" sizes=\"auto, (max-width: 24px) 100vw, 24px\" \/>\u00a0 \u00a01 \u2013 2 days<\/strong><\/span><\/p>","protected":false},"featured_media":15019,"comment_status":"open","ping_status":"closed","template":"","meta":[],"product_brand":[489],"product_cat":[687],"product_tag":[69,352,335,248],"class_list":{"0":"post-6332","1":"product","2":"type-product","3":"status-publish","4":"has-post-thumbnail","6":"product_brand-betafpv","7":"product_cat-whoop-remai","8":"product_tag-betafpv","9":"product_tag-frame","10":"product_tag-meteor65-pro","11":"product_tag-remas","13":"first","14":"instock","15":"taxable","16":"shipping-taxable","17":"purchasable","18":"product-type-variable","19":"has-default-attributes"},"yoast_head":"<!-- This site is optimized with the Yoast SEO plugin v27.3 - https:\/\/yoast.com\/product\/yoast-seo-wordpress\/ -->\n<title>BETAFPV Meteor65 Pro r\u0117mas - 1dronas.lt<\/title>\n<meta name=\"robots\" content=\"index, follow, max-snippet:-1, max-image-preview:large, max-video-preview:-1\" \/>\n<link rel=\"canonical\" href=\"https:\/\/1dronas.lt\/en\/produktas\/betafpv-meteor65-pro-remas\/\" \/>\n<meta property=\"og:locale\" content=\"en_US\" \/>\n<meta property=\"og:type\" content=\"article\" \/>\n<meta property=\"og:title\" content=\"BETAFPV Meteor65 Pro r\u0117mas - 1dronas.lt\" \/>\n<meta property=\"og:description\" content=\"\u201cMeteor65 Pro\u201d r\u0117mas yra vienas lengviausi\u0173 \u0161ios dron\u0173 klas\u0117s r\u0117m\u0173.  \u00a0 \u00a01 \u2013 2 d. d.\" \/>\n<meta property=\"og:url\" content=\"https:\/\/1dronas.lt\/en\/produktas\/betafpv-meteor65-pro-remas\/\" \/>\n<meta property=\"og:site_name\" content=\"1dronas.lt\" \/>\n<meta property=\"article:publisher\" content=\"https:\/\/www.facebook.com\/1dronas\/\" \/>\n<meta property=\"article:modified_time\" content=\"2026-03-31T14:52:28+00:00\" \/>\n<meta property=\"og:image\" content=\"https:\/\/1dronas.lt\/wp-content\/uploads\/2026\/01\/742e9f2e0bf900857a45dafb72495501_136252ba-7a33-44ce-be21-f8ba6ce30dc9_720x.jpg\" \/>\n\t<meta property=\"og:image:width\" content=\"720\" \/>\n\t<meta property=\"og:image:height\" content=\"720\" \/>\n\t<meta property=\"og:image:type\" content=\"image\/jpeg\" \/>\n<meta name=\"twitter:card\" content=\"summary_large_image\" \/>\n<meta name=\"twitter:label1\" content=\"Est. reading time\" \/>\n\t<meta name=\"twitter:data1\" content=\"1 minute\" \/>\n<script type=\"application\/ld+json\" class=\"yoast-schema-graph\">{\"@context\":\"https:\\\/\\\/schema.org\",\"@graph\":[{\"@type\":\"WebPage\",\"@id\":\"https:\\\/\\\/1dronas.lt\\\/en\\\/produktas\\\/betafpv-meteor65-pro-remas\\\/\",\"url\":\"https:\\\/\\\/1dronas.lt\\\/en\\\/produktas\\\/betafpv-meteor65-pro-remas\\\/\",\"name\":\"BETAFPV Meteor65 Pro r\u0117mas - 1dronas.lt\",\"isPartOf\":{\"@id\":\"https:\\\/\\\/1dronas.lt\\\/en\\\/#website\"},\"primaryImageOfPage\":{\"@id\":\"https:\\\/\\\/1dronas.lt\\\/en\\\/produktas\\\/betafpv-meteor65-pro-remas\\\/#primaryimage\"},\"image\":{\"@id\":\"https:\\\/\\\/1dronas.lt\\\/en\\\/produktas\\\/betafpv-meteor65-pro-remas\\\/#primaryimage\"},\"thumbnailUrl\":\"https:\\\/\\\/1dronas.lt\\\/wp-content\\\/uploads\\\/2026\\\/01\\\/742e9f2e0bf900857a45dafb72495501_136252ba-7a33-44ce-be21-f8ba6ce30dc9_720x.jpg\",\"datePublished\":\"2024-06-08T12:37:08+00:00\",\"dateModified\":\"2026-03-31T14:52:28+00:00\",\"breadcrumb\":{\"@id\":\"https:\\\/\\\/1dronas.lt\\\/en\\\/produktas\\\/betafpv-meteor65-pro-remas\\\/#breadcrumb\"},\"inLanguage\":\"en-US\",\"potentialAction\":[{\"@type\":\"ReadAction\",\"target\":[\"https:\\\/\\\/1dronas.lt\\\/en\\\/produktas\\\/betafpv-meteor65-pro-remas\\\/\"]}]},{\"@type\":\"ImageObject\",\"inLanguage\":\"en-US\",\"@id\":\"https:\\\/\\\/1dronas.lt\\\/en\\\/produktas\\\/betafpv-meteor65-pro-remas\\\/#primaryimage\",\"url\":\"https:\\\/\\\/1dronas.lt\\\/wp-content\\\/uploads\\\/2026\\\/01\\\/742e9f2e0bf900857a45dafb72495501_136252ba-7a33-44ce-be21-f8ba6ce30dc9_720x.jpg\",\"contentUrl\":\"https:\\\/\\\/1dronas.lt\\\/wp-content\\\/uploads\\\/2026\\\/01\\\/742e9f2e0bf900857a45dafb72495501_136252ba-7a33-44ce-be21-f8ba6ce30dc9_720x.jpg\",\"width\":720,\"height\":720},{\"@type\":\"BreadcrumbList\",\"@id\":\"https:\\\/\\\/1dronas.lt\\\/en\\\/produktas\\\/betafpv-meteor65-pro-remas\\\/#breadcrumb\",\"itemListElement\":[{\"@type\":\"ListItem\",\"position\":1,\"name\":\"Home\",\"item\":\"https:\\\/\\\/1dronas.lt\\\/\"},{\"@type\":\"ListItem\",\"position\":2,\"name\":\"Parduotuv\u0117\",\"item\":\"https:\\\/\\\/1dronas.lt\\\/parduotuve\\\/\"},{\"@type\":\"ListItem\",\"position\":3,\"name\":\"BETAFPV Meteor65 Pro r\u0117mas\"}]},{\"@type\":\"WebSite\",\"@id\":\"https:\\\/\\\/1dronas.lt\\\/en\\\/#website\",\"url\":\"https:\\\/\\\/1dronas.lt\\\/en\\\/\",\"name\":\"1dronas.lt\",\"description\":\"Internetin\u0117 parduotuv\u0117\",\"publisher\":{\"@id\":\"https:\\\/\\\/1dronas.lt\\\/en\\\/#organization\"},\"potentialAction\":[{\"@type\":\"SearchAction\",\"target\":{\"@type\":\"EntryPoint\",\"urlTemplate\":\"https:\\\/\\\/1dronas.lt\\\/en\\\/?s={search_term_string}\"},\"query-input\":{\"@type\":\"PropertyValueSpecification\",\"valueRequired\":true,\"valueName\":\"search_term_string\"}}],\"inLanguage\":\"en-US\"},{\"@type\":\"Organization\",\"@id\":\"https:\\\/\\\/1dronas.lt\\\/en\\\/#organization\",\"name\":\"1dronas.lt\",\"url\":\"https:\\\/\\\/1dronas.lt\\\/en\\\/\",\"logo\":{\"@type\":\"ImageObject\",\"inLanguage\":\"en-US\",\"@id\":\"https:\\\/\\\/1dronas.lt\\\/en\\\/#\\\/schema\\\/logo\\\/image\\\/\",\"url\":\"https:\\\/\\\/1dronas.lt\\\/wp-content\\\/uploads\\\/2020\\\/12\\\/Ekrano_kopija__2_-removebg-preview-1-1.png\",\"contentUrl\":\"https:\\\/\\\/1dronas.lt\\\/wp-content\\\/uploads\\\/2020\\\/12\\\/Ekrano_kopija__2_-removebg-preview-1-1.png\",\"width\":234,\"height\":81,\"caption\":\"1dronas.lt\"},\"image\":{\"@id\":\"https:\\\/\\\/1dronas.lt\\\/en\\\/#\\\/schema\\\/logo\\\/image\\\/\"},\"sameAs\":[\"https:\\\/\\\/www.facebook.com\\\/1dronas\\\/\"]}]}<\/script>\n<!-- \/ Yoast SEO plugin. -->","yoast_head_json":{"title":"BETAFPV Meteor65 Pro Frame - 1dronas.lt","robots":{"index":"index","follow":"follow","max-snippet":"max-snippet:-1","max-image-preview":"max-image-preview:large","max-video-preview":"max-video-preview:-1"},"canonical":"https:\/\/1dronas.lt\/en\/produktas\/betafpv-meteor65-pro-remas\/","og_locale":"en_US","og_type":"article","og_title":"BETAFPV Meteor65 Pro r\u0117mas - 1dronas.lt","og_description":"\u201cMeteor65 Pro\u201d r\u0117mas yra vienas lengviausi\u0173 \u0161ios dron\u0173 klas\u0117s r\u0117m\u0173.  \u00a0 \u00a01 \u2013 2 d. d.","og_url":"https:\/\/1dronas.lt\/en\/produktas\/betafpv-meteor65-pro-remas\/","og_site_name":"1dronas.lt","article_publisher":"https:\/\/www.facebook.com\/1dronas\/","article_modified_time":"2026-03-31T14:52:28+00:00","og_image":[{"width":720,"height":720,"url":"https:\/\/1dronas.lt\/wp-content\/uploads\/2026\/01\/742e9f2e0bf900857a45dafb72495501_136252ba-7a33-44ce-be21-f8ba6ce30dc9_720x.jpg","type":"image\/jpeg"}],"twitter_card":"summary_large_image","twitter_misc":{"Est. reading time":"1 minute"},"schema":{"@context":"https:\/\/schema.org","@graph":[{"@type":"WebPage","@id":"https:\/\/1dronas.lt\/en\/produktas\/betafpv-meteor65-pro-remas\/","url":"https:\/\/1dronas.lt\/en\/produktas\/betafpv-meteor65-pro-remas\/","name":"BETAFPV Meteor65 Pro Frame - 1dronas.lt","isPartOf":{"@id":"https:\/\/1dronas.lt\/en\/#website"},"primaryImageOfPage":{"@id":"https:\/\/1dronas.lt\/en\/produktas\/betafpv-meteor65-pro-remas\/#primaryimage"},"image":{"@id":"https:\/\/1dronas.lt\/en\/produktas\/betafpv-meteor65-pro-remas\/#primaryimage"},"thumbnailUrl":"https:\/\/1dronas.lt\/wp-content\/uploads\/2026\/01\/742e9f2e0bf900857a45dafb72495501_136252ba-7a33-44ce-be21-f8ba6ce30dc9_720x.jpg","datePublished":"2024-06-08T12:37:08+00:00","dateModified":"2026-03-31T14:52:28+00:00","breadcrumb":{"@id":"https:\/\/1dronas.lt\/en\/produktas\/betafpv-meteor65-pro-remas\/#breadcrumb"},"inLanguage":"en-US","potentialAction":[{"@type":"ReadAction","target":["https:\/\/1dronas.lt\/en\/produktas\/betafpv-meteor65-pro-remas\/"]}]},{"@type":"ImageObject","inLanguage":"en-US","@id":"https:\/\/1dronas.lt\/en\/produktas\/betafpv-meteor65-pro-remas\/#primaryimage","url":"https:\/\/1dronas.lt\/wp-content\/uploads\/2026\/01\/742e9f2e0bf900857a45dafb72495501_136252ba-7a33-44ce-be21-f8ba6ce30dc9_720x.jpg","contentUrl":"https:\/\/1dronas.lt\/wp-content\/uploads\/2026\/01\/742e9f2e0bf900857a45dafb72495501_136252ba-7a33-44ce-be21-f8ba6ce30dc9_720x.jpg","width":720,"height":720},{"@type":"BreadcrumbList","@id":"https:\/\/1dronas.lt\/en\/produktas\/betafpv-meteor65-pro-remas\/#breadcrumb","itemListElement":[{"@type":"ListItem","position":1,"name":"Home","item":"https:\/\/1dronas.lt\/"},{"@type":"ListItem","position":2,"name":"Parduotuv\u0117","item":"https:\/\/1dronas.lt\/parduotuve\/"},{"@type":"ListItem","position":3,"name":"BETAFPV Meteor65 Pro r\u0117mas"}]},{"@type":"WebSite","@id":"https:\/\/1dronas.lt\/en\/#website","url":"https:\/\/1dronas.lt\/en\/","name":"1dronas.lt","description":"Online store","publisher":{"@id":"https:\/\/1dronas.lt\/en\/#organization"},"potentialAction":[{"@type":"SearchAction","target":{"@type":"EntryPoint","urlTemplate":"https:\/\/1dronas.lt\/en\/?s={search_term_string}"},"query-input":{"@type":"PropertyValueSpecification","valueRequired":true,"valueName":"search_term_string"}}],"inLanguage":"en-US"},{"@type":"Organization","@id":"https:\/\/1dronas.lt\/en\/#organization","name":"1dronas.lt","url":"https:\/\/1dronas.lt\/en\/","logo":{"@type":"ImageObject","inLanguage":"en-US","@id":"https:\/\/1dronas.lt\/en\/#\/schema\/logo\/image\/","url":"https:\/\/1dronas.lt\/wp-content\/uploads\/2020\/12\/Ekrano_kopija__2_-removebg-preview-1-1.png","contentUrl":"https:\/\/1dronas.lt\/wp-content\/uploads\/2020\/12\/Ekrano_kopija__2_-removebg-preview-1-1.png","width":234,"height":81,"caption":"1dronas.lt"},"image":{"@id":"https:\/\/1dronas.lt\/en\/#\/schema\/logo\/image\/"},"sameAs":["https:\/\/www.facebook.com\/1dronas\/"]}]}},"jetpack_sharing_enabled":true,"_links":{"self":[{"href":"https:\/\/1dronas.lt\/en\/wp-json\/wp\/v2\/product\/6332","targetHints":{"allow":["GET"]}}],"collection":[{"href":"https:\/\/1dronas.lt\/en\/wp-json\/wp\/v2\/product"}],"about":[{"href":"https:\/\/1dronas.lt\/en\/wp-json\/wp\/v2\/types\/product"}],"replies":[{"embeddable":true,"href":"https:\/\/1dronas.lt\/en\/wp-json\/wp\/v2\/comments?post=6332"}],"wp:featuredmedia":[{"embeddable":true,"href":"https:\/\/1dronas.lt\/en\/wp-json\/wp\/v2\/media\/15019"}],"wp:attachment":[{"href":"https:\/\/1dronas.lt\/en\/wp-json\/wp\/v2\/media?parent=6332"}],"wp:term":[{"taxonomy":"product_brand","embeddable":true,"href":"https:\/\/1dronas.lt\/en\/wp-json\/wp\/v2\/product_brand?post=6332"},{"taxonomy":"product_cat","embeddable":true,"href":"https:\/\/1dronas.lt\/en\/wp-json\/wp\/v2\/product_cat?post=6332"},{"taxonomy":"product_tag","embeddable":true,"href":"https:\/\/1dronas.lt\/en\/wp-json\/wp\/v2\/product_tag?post=6332"}],"curies":[{"name":"wp","href":"https:\/\/api.w.org\/{rel}","templated":true}]}}