{"id":6211,"date":"2024-05-01T14:37:53","date_gmt":"2024-05-01T14:37:53","guid":{"rendered":"https:\/\/1dronas.lt\/?post_type=product&#038;p=6211"},"modified":"2026-02-16T16:17:52","modified_gmt":"2026-02-16T14:17:52","slug":"f4-1s-5a-aio-brushless-flight-controller","status":"publish","type":"product","link":"https:\/\/1dronas.lt\/en\/produktas\/f4-1s-5a-aio-brushless-flight-controller\/","title":{"rendered":"F4 1S 5A AIO Brushless Flight Controller"},"content":{"rendered":"<p>&nbsp;<\/p>\n<p><img loading=\"lazy\" decoding=\"async\" class=\"alignnone wp-image-6219 size-full\" src=\"https:\/\/1dronas.lt\/wp-content\/uploads\/2024\/05\/FB_828fce24-2259-484d-a9e1-ab2d7acac796_1024x1024-min.jpg\" alt=\"\" width=\"1024\" height=\"576\" srcset=\"https:\/\/1dronas.lt\/wp-content\/uploads\/2024\/05\/FB_828fce24-2259-484d-a9e1-ab2d7acac796_1024x1024-min.jpg 1024w, https:\/\/1dronas.lt\/wp-content\/uploads\/2024\/05\/FB_828fce24-2259-484d-a9e1-ab2d7acac796_1024x1024-min-300x169.jpg 300w, https:\/\/1dronas.lt\/wp-content\/uploads\/2024\/05\/FB_828fce24-2259-484d-a9e1-ab2d7acac796_1024x1024-min-768x432.jpg 768w, https:\/\/1dronas.lt\/wp-content\/uploads\/2024\/05\/FB_828fce24-2259-484d-a9e1-ab2d7acac796_1024x1024-min-18x10.jpg 18w, https:\/\/1dronas.lt\/wp-content\/uploads\/2024\/05\/FB_828fce24-2259-484d-a9e1-ab2d7acac796_1024x1024-min-510x287.jpg 510w\" sizes=\"auto, (max-width: 1024px) 100vw, 1024px\" \/><\/p>\n<p><strong>Specification:<\/strong><\/p>\n<p>\u2022 Model: F4 1S 5A AIO;<br \/>\n\u2022 CPU: STM32F411CEU6 (100MHZ)<br \/>\n\u2022 Version: Betaflight_4.3.1_BETAFPVF4SX1280 (ELRS);<br \/>\n\u2022 RX: SPI ELRS 2.4G Receiver;<br \/>\n\u2022 Six-Axis: BMI270;<br \/>\n\u2022 Distance between mounting holes: 26 x 26 mm;<br \/>\n\u2022 OSD: Built-in;<br \/>\n\u2022 Blackbox: 8MB;<br \/>\n\u2022 integrated ESC.<\/p>\n\t<div id=\"accordion-2167701048\" class=\"accordion-item\">\n\t\t<a id=\"accordion-2167701048-label\" class=\"accordion-title plain\" href=\"#accordion-item-daugiau\" aria-expanded=\"false\" aria-controls=\"accordion-2167701048-content\">\n\t\t\t<button class=\"toggle\" aria-label=\"Toggle\"><i class=\"icon-angle-down\" aria-hidden=\"true\"><\/i><\/button>\n\t\t\t<span>More<\/span>\n\t\t<\/a>\n\t\t<div id=\"accordion-2167701048-content\" class=\"accordion-inner\" aria-labelledby=\"accordion-2167701048-label\">\n\t\t\t\n<p><strong>Diagram<\/strong><\/p>\n<p><img loading=\"lazy\" decoding=\"async\" class=\"alignnone wp-image-6214 size-full\" src=\"https:\/\/1dronas.lt\/wp-content\/uploads\/2024\/05\/88a3c8d54cce36d656c9fd127db8e037_28545b55-12e4-48b0-8cf5-7a0ab6979815_480x480-min.jpg\" alt=\"\" width=\"466\" height=\"480\" srcset=\"https:\/\/1dronas.lt\/wp-content\/uploads\/2024\/05\/88a3c8d54cce36d656c9fd127db8e037_28545b55-12e4-48b0-8cf5-7a0ab6979815_480x480-min.jpg 466w, https:\/\/1dronas.lt\/wp-content\/uploads\/2024\/05\/88a3c8d54cce36d656c9fd127db8e037_28545b55-12e4-48b0-8cf5-7a0ab6979815_480x480-min-291x300.jpg 291w, https:\/\/1dronas.lt\/wp-content\/uploads\/2024\/05\/88a3c8d54cce36d656c9fd127db8e037_28545b55-12e4-48b0-8cf5-7a0ab6979815_480x480-min-12x12.jpg 12w\" sizes=\"auto, (max-width: 466px) 100vw, 466px\" \/> <img loading=\"lazy\" decoding=\"async\" class=\"alignnone wp-image-6213 size-full\" src=\"https:\/\/1dronas.lt\/wp-content\/uploads\/2024\/05\/7df8688fa44fe97c4d178567042b1fe9_810b0e23-0790-44d0-a6d7-0e6896240462_480x480-min.jpg\" alt=\"\" width=\"466\" height=\"480\" srcset=\"https:\/\/1dronas.lt\/wp-content\/uploads\/2024\/05\/7df8688fa44fe97c4d178567042b1fe9_810b0e23-0790-44d0-a6d7-0e6896240462_480x480-min.jpg 466w, https:\/\/1dronas.lt\/wp-content\/uploads\/2024\/05\/7df8688fa44fe97c4d178567042b1fe9_810b0e23-0790-44d0-a6d7-0e6896240462_480x480-min-291x300.jpg 291w, https:\/\/1dronas.lt\/wp-content\/uploads\/2024\/05\/7df8688fa44fe97c4d178567042b1fe9_810b0e23-0790-44d0-a6d7-0e6896240462_480x480-min-12x12.jpg 12w\" sizes=\"auto, (max-width: 466px) 100vw, 466px\" \/> <img loading=\"lazy\" decoding=\"async\" class=\"alignnone wp-image-6218 size-full\" src=\"https:\/\/1dronas.lt\/wp-content\/uploads\/2024\/05\/f4b3da9554de4e60ffd11b8edcb16ff8_d3d78c98-20d0-4466-8be7-10b7738f88db_1600x1600-min.jpg\" alt=\"\" width=\"631\" height=\"1600\" srcset=\"https:\/\/1dronas.lt\/wp-content\/uploads\/2024\/05\/f4b3da9554de4e60ffd11b8edcb16ff8_d3d78c98-20d0-4466-8be7-10b7738f88db_1600x1600-min.jpg 631w, https:\/\/1dronas.lt\/wp-content\/uploads\/2024\/05\/f4b3da9554de4e60ffd11b8edcb16ff8_d3d78c98-20d0-4466-8be7-10b7738f88db_1600x1600-min-118x300.jpg 118w, https:\/\/1dronas.lt\/wp-content\/uploads\/2024\/05\/f4b3da9554de4e60ffd11b8edcb16ff8_d3d78c98-20d0-4466-8be7-10b7738f88db_1600x1600-min-404x1024.jpg 404w, https:\/\/1dronas.lt\/wp-content\/uploads\/2024\/05\/f4b3da9554de4e60ffd11b8edcb16ff8_d3d78c98-20d0-4466-8be7-10b7738f88db_1600x1600-min-606x1536.jpg 606w, https:\/\/1dronas.lt\/wp-content\/uploads\/2024\/05\/f4b3da9554de4e60ffd11b8edcb16ff8_d3d78c98-20d0-4466-8be7-10b7738f88db_1600x1600-min-5x12.jpg 5w, https:\/\/1dronas.lt\/wp-content\/uploads\/2024\/05\/f4b3da9554de4e60ffd11b8edcb16ff8_d3d78c98-20d0-4466-8be7-10b7738f88db_1600x1600-min-510x1293.jpg 510w\" sizes=\"auto, (max-width: 631px) 100vw, 631px\" \/><\/p>\n\t\t<\/div>\n\t<\/div>\n\t\n<p><strong>Package:<\/strong><\/p>\n<p>1x F4 1S 5A AIO Brushless Flight Controller;<br \/>\n4x M1.2x4mm screws;<br \/>\n4x M1.4x5mm screws;<br \/>\n4x Vibration absorbing gaskets;<br \/>\n8x PH-1.25 Connectors for motors (light version).<\/p>\n<p><img loading=\"lazy\" decoding=\"async\" class=\"alignnone wp-image-6212 size-full\" src=\"https:\/\/1dronas.lt\/wp-content\/uploads\/2024\/05\/3f89305fb1dabad87b9b93324e3c25cd_88b06db2-22c4-41d9-a73f-f6ebc0e515af_600x600-min.jpg\" alt=\"\" width=\"600\" height=\"600\" srcset=\"https:\/\/1dronas.lt\/wp-content\/uploads\/2024\/05\/3f89305fb1dabad87b9b93324e3c25cd_88b06db2-22c4-41d9-a73f-f6ebc0e515af_600x600-min.jpg 600w, https:\/\/1dronas.lt\/wp-content\/uploads\/2024\/05\/3f89305fb1dabad87b9b93324e3c25cd_88b06db2-22c4-41d9-a73f-f6ebc0e515af_600x600-min-300x300.jpg 300w, https:\/\/1dronas.lt\/wp-content\/uploads\/2024\/05\/3f89305fb1dabad87b9b93324e3c25cd_88b06db2-22c4-41d9-a73f-f6ebc0e515af_600x600-min-150x150.jpg 150w, https:\/\/1dronas.lt\/wp-content\/uploads\/2024\/05\/3f89305fb1dabad87b9b93324e3c25cd_88b06db2-22c4-41d9-a73f-f6ebc0e515af_600x600-min-12x12.jpg 12w, https:\/\/1dronas.lt\/wp-content\/uploads\/2024\/05\/3f89305fb1dabad87b9b93324e3c25cd_88b06db2-22c4-41d9-a73f-f6ebc0e515af_600x600-min-247x247.jpg 247w, https:\/\/1dronas.lt\/wp-content\/uploads\/2024\/05\/3f89305fb1dabad87b9b93324e3c25cd_88b06db2-22c4-41d9-a73f-f6ebc0e515af_600x600-min-510x510.jpg 510w, https:\/\/1dronas.lt\/wp-content\/uploads\/2024\/05\/3f89305fb1dabad87b9b93324e3c25cd_88b06db2-22c4-41d9-a73f-f6ebc0e515af_600x600-min-100x100.jpg 100w\" sizes=\"auto, (max-width: 600px) 100vw, 600px\" \/><\/p>\n<p>&nbsp;<\/p>","protected":false},"excerpt":{"rendered":"<p><span style=\"color: #000000;\">Unique design, 3.64g weight, thoughtful layout, plate suitable for current Whoop frames on the market<\/span><\/p>\n<p><span style=\"color: #000000;\"><strong><img loading=\"lazy\" decoding=\"async\" class=\"alignnone wp-image-1806\" src=\"https:\/\/1dronas.lt\/wp-content\/uploads\/2021\/05\/delivery-icon.png\" alt=\"\" width=\"24\" height=\"24\" srcset=\"https:\/\/1dronas.lt\/wp-content\/uploads\/2021\/05\/delivery-icon.png 35w, https:\/\/1dronas.lt\/wp-content\/uploads\/2021\/05\/delivery-icon-12x12.png 12w\" sizes=\"auto, (max-width: 24px) 100vw, 24px\" \/> \u00a01 \u2013 4 days<\/strong><\/span><\/p>","protected":false},"featured_media":6216,"comment_status":"open","ping_status":"closed","template":"","meta":[],"product_brand":[489],"product_cat":[217],"product_tag":[409,69,408,151],"class_list":{"0":"post-6211","1":"product","2":"type-product","3":"status-publish","4":"has-post-thumbnail","6":"product_brand-betafpv","7":"product_cat-skydzio-valdikliai-fc-aio-stack","8":"product_tag-aio","9":"product_tag-betafpv","10":"product_tag-f4-1s-5a","11":"product_tag-fc","13":"first","14":"outofstock","15":"taxable","16":"shipping-taxable","17":"product-type-variable"},"yoast_head":"<!-- This site is optimized with the Yoast SEO plugin v27.4 - https:\/\/yoast.com\/product\/yoast-seo-wordpress\/ -->\n<title>F4 1S 5A AIO Brushless Flight Controller - 1dronas.lt<\/title>\n<meta name=\"robots\" content=\"index, follow, max-snippet:-1, max-image-preview:large, max-video-preview:-1\" \/>\n<link rel=\"canonical\" href=\"https:\/\/1dronas.lt\/en\/produktas\/f4-1s-5a-aio-brushless-flight-controller\/\" \/>\n<meta property=\"og:locale\" content=\"en_US\" \/>\n<meta property=\"og:type\" content=\"article\" \/>\n<meta property=\"og:title\" content=\"F4 1S 5A AIO Brushless Flight Controller - 1dronas.lt\" \/>\n<meta property=\"og:description\" content=\"Unikalus dizainas, 3,64 g svoris, apgalvotas i\u0161d\u0117stymas, plok\u0161t\u0117 tinkama dabartiniams rinkoje esantiems \u201eWhoop\u201c r\u0117mams   \u00a01 \u2013 4 d. d.\" \/>\n<meta property=\"og:url\" content=\"https:\/\/1dronas.lt\/en\/produktas\/f4-1s-5a-aio-brushless-flight-controller\/\" \/>\n<meta property=\"og:site_name\" content=\"1dronas.lt\" \/>\n<meta property=\"article:publisher\" content=\"https:\/\/www.facebook.com\/1dronas\/\" \/>\n<meta property=\"article:modified_time\" content=\"2026-02-16T14:17:52+00:00\" \/>\n<meta property=\"og:image\" content=\"https:\/\/1dronas.lt\/wp-content\/uploads\/2024\/05\/dc3ebdb3ce4965130693f4d92cc0cf72_8dbfe3d8-a802-491c-a82f-eb130808b51d_1080x-min.jpg\" \/>\n\t<meta property=\"og:image:width\" content=\"1080\" \/>\n\t<meta property=\"og:image:height\" content=\"1080\" \/>\n\t<meta property=\"og:image:type\" content=\"image\/jpeg\" \/>\n<meta name=\"twitter:card\" content=\"summary_large_image\" \/>\n<meta name=\"twitter:label1\" content=\"Est. reading time\" \/>\n\t<meta name=\"twitter:data1\" content=\"2 minutes\" \/>\n<script type=\"application\/ld+json\" class=\"yoast-schema-graph\">{\"@context\":\"https:\\\/\\\/schema.org\",\"@graph\":[{\"@type\":\"WebPage\",\"@id\":\"https:\\\/\\\/1dronas.lt\\\/en\\\/produktas\\\/f4-1s-5a-aio-brushless-flight-controller\\\/\",\"url\":\"https:\\\/\\\/1dronas.lt\\\/en\\\/produktas\\\/f4-1s-5a-aio-brushless-flight-controller\\\/\",\"name\":\"F4 1S 5A AIO Brushless Flight Controller - 1dronas.lt\",\"isPartOf\":{\"@id\":\"https:\\\/\\\/1dronas.lt\\\/en\\\/#website\"},\"primaryImageOfPage\":{\"@id\":\"https:\\\/\\\/1dronas.lt\\\/en\\\/produktas\\\/f4-1s-5a-aio-brushless-flight-controller\\\/#primaryimage\"},\"image\":{\"@id\":\"https:\\\/\\\/1dronas.lt\\\/en\\\/produktas\\\/f4-1s-5a-aio-brushless-flight-controller\\\/#primaryimage\"},\"thumbnailUrl\":\"https:\\\/\\\/1dronas.lt\\\/wp-content\\\/uploads\\\/2024\\\/05\\\/dc3ebdb3ce4965130693f4d92cc0cf72_8dbfe3d8-a802-491c-a82f-eb130808b51d_1080x-min.jpg\",\"datePublished\":\"2024-05-01T14:37:53+00:00\",\"dateModified\":\"2026-02-16T14:17:52+00:00\",\"breadcrumb\":{\"@id\":\"https:\\\/\\\/1dronas.lt\\\/en\\\/produktas\\\/f4-1s-5a-aio-brushless-flight-controller\\\/#breadcrumb\"},\"inLanguage\":\"en-US\",\"potentialAction\":[{\"@type\":\"ReadAction\",\"target\":[\"https:\\\/\\\/1dronas.lt\\\/en\\\/produktas\\\/f4-1s-5a-aio-brushless-flight-controller\\\/\"]}]},{\"@type\":\"ImageObject\",\"inLanguage\":\"en-US\",\"@id\":\"https:\\\/\\\/1dronas.lt\\\/en\\\/produktas\\\/f4-1s-5a-aio-brushless-flight-controller\\\/#primaryimage\",\"url\":\"https:\\\/\\\/1dronas.lt\\\/wp-content\\\/uploads\\\/2024\\\/05\\\/dc3ebdb3ce4965130693f4d92cc0cf72_8dbfe3d8-a802-491c-a82f-eb130808b51d_1080x-min.jpg\",\"contentUrl\":\"https:\\\/\\\/1dronas.lt\\\/wp-content\\\/uploads\\\/2024\\\/05\\\/dc3ebdb3ce4965130693f4d92cc0cf72_8dbfe3d8-a802-491c-a82f-eb130808b51d_1080x-min.jpg\",\"width\":1080,\"height\":1080},{\"@type\":\"BreadcrumbList\",\"@id\":\"https:\\\/\\\/1dronas.lt\\\/en\\\/produktas\\\/f4-1s-5a-aio-brushless-flight-controller\\\/#breadcrumb\",\"itemListElement\":[{\"@type\":\"ListItem\",\"position\":1,\"name\":\"Home\",\"item\":\"https:\\\/\\\/1dronas.lt\\\/\"},{\"@type\":\"ListItem\",\"position\":2,\"name\":\"Parduotuv\u0117\",\"item\":\"https:\\\/\\\/1dronas.lt\\\/parduotuve\\\/\"},{\"@type\":\"ListItem\",\"position\":3,\"name\":\"F4 1S 5A AIO Brushless Flight Controller\"}]},{\"@type\":\"WebSite\",\"@id\":\"https:\\\/\\\/1dronas.lt\\\/en\\\/#website\",\"url\":\"https:\\\/\\\/1dronas.lt\\\/en\\\/\",\"name\":\"1dronas.lt\",\"description\":\"Internetin\u0117 parduotuv\u0117\",\"publisher\":{\"@id\":\"https:\\\/\\\/1dronas.lt\\\/en\\\/#organization\"},\"potentialAction\":[{\"@type\":\"SearchAction\",\"target\":{\"@type\":\"EntryPoint\",\"urlTemplate\":\"https:\\\/\\\/1dronas.lt\\\/en\\\/?s={search_term_string}\"},\"query-input\":{\"@type\":\"PropertyValueSpecification\",\"valueRequired\":true,\"valueName\":\"search_term_string\"}}],\"inLanguage\":\"en-US\"},{\"@type\":\"Organization\",\"@id\":\"https:\\\/\\\/1dronas.lt\\\/en\\\/#organization\",\"name\":\"1dronas.lt\",\"url\":\"https:\\\/\\\/1dronas.lt\\\/en\\\/\",\"logo\":{\"@type\":\"ImageObject\",\"inLanguage\":\"en-US\",\"@id\":\"https:\\\/\\\/1dronas.lt\\\/en\\\/#\\\/schema\\\/logo\\\/image\\\/\",\"url\":\"https:\\\/\\\/1dronas.lt\\\/wp-content\\\/uploads\\\/2020\\\/12\\\/Ekrano_kopija__2_-removebg-preview-1-1.png\",\"contentUrl\":\"https:\\\/\\\/1dronas.lt\\\/wp-content\\\/uploads\\\/2020\\\/12\\\/Ekrano_kopija__2_-removebg-preview-1-1.png\",\"width\":234,\"height\":81,\"caption\":\"1dronas.lt\"},\"image\":{\"@id\":\"https:\\\/\\\/1dronas.lt\\\/en\\\/#\\\/schema\\\/logo\\\/image\\\/\"},\"sameAs\":[\"https:\\\/\\\/www.facebook.com\\\/1dronas\\\/\"]}]}<\/script>\n<!-- \/ Yoast SEO plugin. -->","yoast_head_json":{"title":"F4 1S 5A AIO Brushless Flight Controller - 1dronas.lt","robots":{"index":"index","follow":"follow","max-snippet":"max-snippet:-1","max-image-preview":"max-image-preview:large","max-video-preview":"max-video-preview:-1"},"canonical":"https:\/\/1dronas.lt\/en\/produktas\/f4-1s-5a-aio-brushless-flight-controller\/","og_locale":"en_US","og_type":"article","og_title":"F4 1S 5A AIO Brushless Flight Controller - 1dronas.lt","og_description":"Unikalus dizainas, 3,64 g svoris, apgalvotas i\u0161d\u0117stymas, plok\u0161t\u0117 tinkama dabartiniams rinkoje esantiems \u201eWhoop\u201c r\u0117mams   \u00a01 \u2013 4 d. d.","og_url":"https:\/\/1dronas.lt\/en\/produktas\/f4-1s-5a-aio-brushless-flight-controller\/","og_site_name":"1dronas.lt","article_publisher":"https:\/\/www.facebook.com\/1dronas\/","article_modified_time":"2026-02-16T14:17:52+00:00","og_image":[{"width":1080,"height":1080,"url":"https:\/\/1dronas.lt\/wp-content\/uploads\/2024\/05\/dc3ebdb3ce4965130693f4d92cc0cf72_8dbfe3d8-a802-491c-a82f-eb130808b51d_1080x-min.jpg","type":"image\/jpeg"}],"twitter_card":"summary_large_image","twitter_misc":{"Est. reading time":"2 minutes"},"schema":{"@context":"https:\/\/schema.org","@graph":[{"@type":"WebPage","@id":"https:\/\/1dronas.lt\/en\/produktas\/f4-1s-5a-aio-brushless-flight-controller\/","url":"https:\/\/1dronas.lt\/en\/produktas\/f4-1s-5a-aio-brushless-flight-controller\/","name":"F4 1S 5A AIO Brushless Flight Controller - 1dronas.lt","isPartOf":{"@id":"https:\/\/1dronas.lt\/en\/#website"},"primaryImageOfPage":{"@id":"https:\/\/1dronas.lt\/en\/produktas\/f4-1s-5a-aio-brushless-flight-controller\/#primaryimage"},"image":{"@id":"https:\/\/1dronas.lt\/en\/produktas\/f4-1s-5a-aio-brushless-flight-controller\/#primaryimage"},"thumbnailUrl":"https:\/\/1dronas.lt\/wp-content\/uploads\/2024\/05\/dc3ebdb3ce4965130693f4d92cc0cf72_8dbfe3d8-a802-491c-a82f-eb130808b51d_1080x-min.jpg","datePublished":"2024-05-01T14:37:53+00:00","dateModified":"2026-02-16T14:17:52+00:00","breadcrumb":{"@id":"https:\/\/1dronas.lt\/en\/produktas\/f4-1s-5a-aio-brushless-flight-controller\/#breadcrumb"},"inLanguage":"en-US","potentialAction":[{"@type":"ReadAction","target":["https:\/\/1dronas.lt\/en\/produktas\/f4-1s-5a-aio-brushless-flight-controller\/"]}]},{"@type":"ImageObject","inLanguage":"en-US","@id":"https:\/\/1dronas.lt\/en\/produktas\/f4-1s-5a-aio-brushless-flight-controller\/#primaryimage","url":"https:\/\/1dronas.lt\/wp-content\/uploads\/2024\/05\/dc3ebdb3ce4965130693f4d92cc0cf72_8dbfe3d8-a802-491c-a82f-eb130808b51d_1080x-min.jpg","contentUrl":"https:\/\/1dronas.lt\/wp-content\/uploads\/2024\/05\/dc3ebdb3ce4965130693f4d92cc0cf72_8dbfe3d8-a802-491c-a82f-eb130808b51d_1080x-min.jpg","width":1080,"height":1080},{"@type":"BreadcrumbList","@id":"https:\/\/1dronas.lt\/en\/produktas\/f4-1s-5a-aio-brushless-flight-controller\/#breadcrumb","itemListElement":[{"@type":"ListItem","position":1,"name":"Home","item":"https:\/\/1dronas.lt\/"},{"@type":"ListItem","position":2,"name":"Parduotuv\u0117","item":"https:\/\/1dronas.lt\/parduotuve\/"},{"@type":"ListItem","position":3,"name":"F4 1S 5A AIO Brushless Flight Controller"}]},{"@type":"WebSite","@id":"https:\/\/1dronas.lt\/en\/#website","url":"https:\/\/1dronas.lt\/en\/","name":"1dronas.lt","description":"Online store","publisher":{"@id":"https:\/\/1dronas.lt\/en\/#organization"},"potentialAction":[{"@type":"SearchAction","target":{"@type":"EntryPoint","urlTemplate":"https:\/\/1dronas.lt\/en\/?s={search_term_string}"},"query-input":{"@type":"PropertyValueSpecification","valueRequired":true,"valueName":"search_term_string"}}],"inLanguage":"en-US"},{"@type":"Organization","@id":"https:\/\/1dronas.lt\/en\/#organization","name":"1dronas.lt","url":"https:\/\/1dronas.lt\/en\/","logo":{"@type":"ImageObject","inLanguage":"en-US","@id":"https:\/\/1dronas.lt\/en\/#\/schema\/logo\/image\/","url":"https:\/\/1dronas.lt\/wp-content\/uploads\/2020\/12\/Ekrano_kopija__2_-removebg-preview-1-1.png","contentUrl":"https:\/\/1dronas.lt\/wp-content\/uploads\/2020\/12\/Ekrano_kopija__2_-removebg-preview-1-1.png","width":234,"height":81,"caption":"1dronas.lt"},"image":{"@id":"https:\/\/1dronas.lt\/en\/#\/schema\/logo\/image\/"},"sameAs":["https:\/\/www.facebook.com\/1dronas\/"]}]}},"jetpack_sharing_enabled":true,"_links":{"self":[{"href":"https:\/\/1dronas.lt\/en\/wp-json\/wp\/v2\/product\/6211","targetHints":{"allow":["GET"]}}],"collection":[{"href":"https:\/\/1dronas.lt\/en\/wp-json\/wp\/v2\/product"}],"about":[{"href":"https:\/\/1dronas.lt\/en\/wp-json\/wp\/v2\/types\/product"}],"replies":[{"embeddable":true,"href":"https:\/\/1dronas.lt\/en\/wp-json\/wp\/v2\/comments?post=6211"}],"wp:featuredmedia":[{"embeddable":true,"href":"https:\/\/1dronas.lt\/en\/wp-json\/wp\/v2\/media\/6216"}],"wp:attachment":[{"href":"https:\/\/1dronas.lt\/en\/wp-json\/wp\/v2\/media?parent=6211"}],"wp:term":[{"taxonomy":"product_brand","embeddable":true,"href":"https:\/\/1dronas.lt\/en\/wp-json\/wp\/v2\/product_brand?post=6211"},{"taxonomy":"product_cat","embeddable":true,"href":"https:\/\/1dronas.lt\/en\/wp-json\/wp\/v2\/product_cat?post=6211"},{"taxonomy":"product_tag","embeddable":true,"href":"https:\/\/1dronas.lt\/en\/wp-json\/wp\/v2\/product_tag?post=6211"}],"curies":[{"name":"wp","href":"https:\/\/api.w.org\/{rel}","templated":true}]}}