{"id":6161,"date":"2024-04-29T19:05:11","date_gmt":"2024-04-29T19:05:11","guid":{"rendered":"https:\/\/1dronas.lt\/?post_type=product&#038;p=6161"},"modified":"2026-03-26T11:21:24","modified_gmt":"2026-03-26T09:21:24","slug":"radiomaster-boxer-max-expresslrs-ag01-gimbals","status":"publish","type":"product","link":"https:\/\/1dronas.lt\/en\/produktas\/radiomaster-boxer-max-expresslrs-ag01-gimbals\/","title":{"rendered":"RadioMaster Boxer Max ELRS AG01 Gimbals (Mode 2)"},"content":{"rendered":"<p><iframe loading=\"lazy\" title=\"Boxer Max Radio Controller\" width=\"1020\" height=\"574\" src=\"https:\/\/www.youtube.com\/embed\/irI9f4pYmMQ?feature=oembed\" frameborder=\"0\" allow=\"accelerometer; autoplay; clipboard-write; encrypted-media; gyroscope; picture-in-picture; web-share\" referrerpolicy=\"strict-origin-when-cross-origin\" allowfullscreen><\/iframe><\/p>\n<p>Introducing the Boxer Max Radio, a high-quality remote control with an elegant carbon fiber patterned body. The standard Boxer Max comes with upgraded aluminum AG01 Hall-type joysticks and CNC buttons and wheel for a high-quality feel. The adjustable length CNC metal folding handle and upgraded leather grips ensure a comfortable hold for extended use. All these features make the Boxer Max radio an excellent choice for those looking for the highest quality and comfort.<\/p>\n<p><img loading=\"lazy\" decoding=\"async\" class=\"alignnone wp-image-6171 size-full\" src=\"https:\/\/1dronas.lt\/wp-content\/uploads\/2024\/04\/BOXER-MAX-Detail-EN-PC_01_1024x1024-min.jpg\" alt=\"\" width=\"1024\" height=\"575\" srcset=\"https:\/\/1dronas.lt\/wp-content\/uploads\/2024\/04\/BOXER-MAX-Detail-EN-PC_01_1024x1024-min.jpg 1024w, https:\/\/1dronas.lt\/wp-content\/uploads\/2024\/04\/BOXER-MAX-Detail-EN-PC_01_1024x1024-min-300x168.jpg 300w, https:\/\/1dronas.lt\/wp-content\/uploads\/2024\/04\/BOXER-MAX-Detail-EN-PC_01_1024x1024-min-768x431.jpg 768w, https:\/\/1dronas.lt\/wp-content\/uploads\/2024\/04\/BOXER-MAX-Detail-EN-PC_01_1024x1024-min-18x10.jpg 18w, https:\/\/1dronas.lt\/wp-content\/uploads\/2024\/04\/BOXER-MAX-Detail-EN-PC_01_1024x1024-min-510x286.jpg 510w\" sizes=\"auto, (max-width: 1024px) 100vw, 1024px\" \/><\/p>\n<p><strong>Features:<\/strong><\/p>\n<p><b>\u2022 <\/b>Powerful STM32F407VGT6 processor with 1 MB Flash and 192 KB RAM;<br \/>\n<b>\u2022 <\/b>Carbon fiber imitation body;<br \/>\n<b>\u2022 <\/b>Standard CNC buttons and wheel;<br \/>\n<b>\u2022 <\/b>Internal ELRS module capable of providing a refresh rate of 1,000 Hz;<br \/>\n<b>\u2022 <\/b>CNC aluminum AG01 Hall-effect Gimbal;<br \/>\n<b>\u2022\u00a0<\/b>Standard JR module compartment;<br \/>\n<b>\u2022 <\/b>Adjustable and removable T-shaped antenna;<br \/>\n<b>\u2022 <\/b>Built-in internal module cooling fan;<br \/>\n<b>\u2022 <\/b>Universal 6-position switch to access flight mode;<b><br \/>\n\u2022 <\/b>New low-profile latching SE switch and momentary SF switch;<b><br \/>\n\u2022 <\/b>Redesigned SD card slot with pre-installed SD card;<b><br \/>\n\u2022 <\/b>Interchangeable handles;<br \/>\n<b>\u2022 <\/b>Updated black leather handles.<\/p>\n<p><strong>Specification:\u00a0<\/strong><\/p>\n<p><b>\u2022 <\/b>Product: BOXER Max Radio;<b><br \/>\n\u2022 <\/b>Dimensions: 235 x 178 x 77 mm;<br \/>\n<b>\u2022 <\/b>Weight: 532.5g;<b><br \/>\n\u2022 <\/b>Frequency: 2.400GHz-2.480GHz;<b><br \/>\n\u2022 <\/b>Version: ELRS 2.4GHz;<b><br \/>\n\u2022<\/b> Transmission power ExpressLRS: 100mW by default;<b><br \/>\n\u2022 <\/b>Channels: Max 16 channels;<b><br \/>\n\u2022 <\/b>Display: 128*64 Monochrome LCD display;<b><br \/>\n\u2022 <\/b>Controllers: AG01 CNC Hall Gimbal;<b><br \/>\n\u2022 <\/b>External module support: JR\/FrSKY\/Crossfire;<b><br \/>\n\u2022 <\/b>Software: EdgeTX.<\/p>\n<div>\n\t<div id=\"accordion-484290763\" class=\"accordion-item\">\n\t\t<a id=\"accordion-484290763-label\" class=\"accordion-title plain\" href=\"#accordion-item-daugiau\" aria-expanded=\"false\" aria-controls=\"accordion-484290763-content\">\n\t\t\t<button class=\"toggle\" aria-label=\"Toggle\"><i class=\"icon-angle-down\" aria-hidden=\"true\"><\/i><\/button>\n\t\t\t<span>More<\/span>\n\t\t<\/a>\n\t\t<div id=\"accordion-484290763-content\" class=\"accordion-inner\" aria-labelledby=\"accordion-484290763-label\">\n\t\t\t\n<p><img loading=\"lazy\" decoding=\"async\" class=\"alignnone wp-image-5246 size-full\" src=\"https:\/\/1dronas.lt\/wp-content\/uploads\/2023\/09\/Boxer-Details-Page-EN-PC_20_1024x1024.jpg\" alt=\"\" width=\"1024\" height=\"575\" srcset=\"https:\/\/1dronas.lt\/wp-content\/uploads\/2023\/09\/Boxer-Details-Page-EN-PC_20_1024x1024.jpg 1024w, https:\/\/1dronas.lt\/wp-content\/uploads\/2023\/09\/Boxer-Details-Page-EN-PC_20_1024x1024-300x168.jpg 300w, https:\/\/1dronas.lt\/wp-content\/uploads\/2023\/09\/Boxer-Details-Page-EN-PC_20_1024x1024-768x431.jpg 768w, https:\/\/1dronas.lt\/wp-content\/uploads\/2023\/09\/Boxer-Details-Page-EN-PC_20_1024x1024-18x10.jpg 18w, https:\/\/1dronas.lt\/wp-content\/uploads\/2023\/09\/Boxer-Details-Page-EN-PC_20_1024x1024-510x286.jpg 510w\" sizes=\"auto, (max-width: 1024px) 100vw, 1024px\" \/><\/p>\n<p><img loading=\"lazy\" decoding=\"async\" class=\"alignnone wp-image-6172 size-full\" src=\"https:\/\/1dronas.lt\/wp-content\/uploads\/2024\/04\/BOXER-MAX-Detail-EN-PC_03_1024x1024-min.jpg\" alt=\"\" width=\"1024\" height=\"575\" srcset=\"https:\/\/1dronas.lt\/wp-content\/uploads\/2024\/04\/BOXER-MAX-Detail-EN-PC_03_1024x1024-min.jpg 1024w, https:\/\/1dronas.lt\/wp-content\/uploads\/2024\/04\/BOXER-MAX-Detail-EN-PC_03_1024x1024-min-300x168.jpg 300w, https:\/\/1dronas.lt\/wp-content\/uploads\/2024\/04\/BOXER-MAX-Detail-EN-PC_03_1024x1024-min-768x431.jpg 768w, https:\/\/1dronas.lt\/wp-content\/uploads\/2024\/04\/BOXER-MAX-Detail-EN-PC_03_1024x1024-min-18x10.jpg 18w, https:\/\/1dronas.lt\/wp-content\/uploads\/2024\/04\/BOXER-MAX-Detail-EN-PC_03_1024x1024-min-510x286.jpg 510w\" sizes=\"auto, (max-width: 1024px) 100vw, 1024px\" \/> <img loading=\"lazy\" decoding=\"async\" class=\"alignnone wp-image-6173 size-full\" src=\"https:\/\/1dronas.lt\/wp-content\/uploads\/2024\/04\/BOXER-MAX-Detail-EN-PC_04_1024x1024-min.jpg\" alt=\"\" width=\"1024\" height=\"575\" srcset=\"https:\/\/1dronas.lt\/wp-content\/uploads\/2024\/04\/BOXER-MAX-Detail-EN-PC_04_1024x1024-min.jpg 1024w, https:\/\/1dronas.lt\/wp-content\/uploads\/2024\/04\/BOXER-MAX-Detail-EN-PC_04_1024x1024-min-300x168.jpg 300w, https:\/\/1dronas.lt\/wp-content\/uploads\/2024\/04\/BOXER-MAX-Detail-EN-PC_04_1024x1024-min-768x431.jpg 768w, https:\/\/1dronas.lt\/wp-content\/uploads\/2024\/04\/BOXER-MAX-Detail-EN-PC_04_1024x1024-min-18x10.jpg 18w, https:\/\/1dronas.lt\/wp-content\/uploads\/2024\/04\/BOXER-MAX-Detail-EN-PC_04_1024x1024-min-510x286.jpg 510w\" sizes=\"auto, (max-width: 1024px) 100vw, 1024px\" \/> <img loading=\"lazy\" decoding=\"async\" class=\"alignnone wp-image-6174 size-full\" src=\"https:\/\/1dronas.lt\/wp-content\/uploads\/2024\/04\/BOXER-MAX-Detail-EN-PC_05_1024x1024-min.jpg\" alt=\"\" width=\"1024\" height=\"575\" srcset=\"https:\/\/1dronas.lt\/wp-content\/uploads\/2024\/04\/BOXER-MAX-Detail-EN-PC_05_1024x1024-min.jpg 1024w, https:\/\/1dronas.lt\/wp-content\/uploads\/2024\/04\/BOXER-MAX-Detail-EN-PC_05_1024x1024-min-300x168.jpg 300w, https:\/\/1dronas.lt\/wp-content\/uploads\/2024\/04\/BOXER-MAX-Detail-EN-PC_05_1024x1024-min-768x431.jpg 768w, https:\/\/1dronas.lt\/wp-content\/uploads\/2024\/04\/BOXER-MAX-Detail-EN-PC_05_1024x1024-min-18x10.jpg 18w, https:\/\/1dronas.lt\/wp-content\/uploads\/2024\/04\/BOXER-MAX-Detail-EN-PC_05_1024x1024-min-510x286.jpg 510w\" sizes=\"auto, (max-width: 1024px) 100vw, 1024px\" \/> <img loading=\"lazy\" decoding=\"async\" class=\"alignnone wp-image-6175 size-full\" src=\"https:\/\/1dronas.lt\/wp-content\/uploads\/2024\/04\/BOXER-MAX-Detail-EN-PC_06_1024x1024-min.jpg\" alt=\"\" width=\"1024\" height=\"575\" srcset=\"https:\/\/1dronas.lt\/wp-content\/uploads\/2024\/04\/BOXER-MAX-Detail-EN-PC_06_1024x1024-min.jpg 1024w, https:\/\/1dronas.lt\/wp-content\/uploads\/2024\/04\/BOXER-MAX-Detail-EN-PC_06_1024x1024-min-300x168.jpg 300w, https:\/\/1dronas.lt\/wp-content\/uploads\/2024\/04\/BOXER-MAX-Detail-EN-PC_06_1024x1024-min-768x431.jpg 768w, https:\/\/1dronas.lt\/wp-content\/uploads\/2024\/04\/BOXER-MAX-Detail-EN-PC_06_1024x1024-min-18x10.jpg 18w, https:\/\/1dronas.lt\/wp-content\/uploads\/2024\/04\/BOXER-MAX-Detail-EN-PC_06_1024x1024-min-510x286.jpg 510w\" sizes=\"auto, (max-width: 1024px) 100vw, 1024px\" \/> <img loading=\"lazy\" decoding=\"async\" class=\"alignnone wp-image-6176 size-full\" src=\"https:\/\/1dronas.lt\/wp-content\/uploads\/2024\/04\/BOXER-MAX-Detail-EN-PC_07_1024x1024-min.jpg\" alt=\"\" width=\"1024\" height=\"575\" srcset=\"https:\/\/1dronas.lt\/wp-content\/uploads\/2024\/04\/BOXER-MAX-Detail-EN-PC_07_1024x1024-min.jpg 1024w, https:\/\/1dronas.lt\/wp-content\/uploads\/2024\/04\/BOXER-MAX-Detail-EN-PC_07_1024x1024-min-300x168.jpg 300w, https:\/\/1dronas.lt\/wp-content\/uploads\/2024\/04\/BOXER-MAX-Detail-EN-PC_07_1024x1024-min-768x431.jpg 768w, https:\/\/1dronas.lt\/wp-content\/uploads\/2024\/04\/BOXER-MAX-Detail-EN-PC_07_1024x1024-min-18x10.jpg 18w, https:\/\/1dronas.lt\/wp-content\/uploads\/2024\/04\/BOXER-MAX-Detail-EN-PC_07_1024x1024-min-510x286.jpg 510w\" sizes=\"auto, (max-width: 1024px) 100vw, 1024px\" \/> <img loading=\"lazy\" decoding=\"async\" class=\"alignnone wp-image-6178 size-full\" src=\"https:\/\/1dronas.lt\/wp-content\/uploads\/2024\/04\/BOXER-MAX-Detail-EN-PC_12_1024x1024-min.jpg\" alt=\"\" width=\"1024\" height=\"575\" srcset=\"https:\/\/1dronas.lt\/wp-content\/uploads\/2024\/04\/BOXER-MAX-Detail-EN-PC_12_1024x1024-min.jpg 1024w, https:\/\/1dronas.lt\/wp-content\/uploads\/2024\/04\/BOXER-MAX-Detail-EN-PC_12_1024x1024-min-300x168.jpg 300w, https:\/\/1dronas.lt\/wp-content\/uploads\/2024\/04\/BOXER-MAX-Detail-EN-PC_12_1024x1024-min-768x431.jpg 768w, https:\/\/1dronas.lt\/wp-content\/uploads\/2024\/04\/BOXER-MAX-Detail-EN-PC_12_1024x1024-min-18x10.jpg 18w, https:\/\/1dronas.lt\/wp-content\/uploads\/2024\/04\/BOXER-MAX-Detail-EN-PC_12_1024x1024-min-510x286.jpg 510w\" sizes=\"auto, (max-width: 1024px) 100vw, 1024px\" \/> <img loading=\"lazy\" decoding=\"async\" class=\"alignnone wp-image-6177 size-full\" src=\"https:\/\/1dronas.lt\/wp-content\/uploads\/2024\/04\/BOXER-MAX-Detail-EN-PC_11_1024x1024-min.jpg\" alt=\"\" width=\"1024\" height=\"575\" srcset=\"https:\/\/1dronas.lt\/wp-content\/uploads\/2024\/04\/BOXER-MAX-Detail-EN-PC_11_1024x1024-min.jpg 1024w, https:\/\/1dronas.lt\/wp-content\/uploads\/2024\/04\/BOXER-MAX-Detail-EN-PC_11_1024x1024-min-300x168.jpg 300w, https:\/\/1dronas.lt\/wp-content\/uploads\/2024\/04\/BOXER-MAX-Detail-EN-PC_11_1024x1024-min-768x431.jpg 768w, https:\/\/1dronas.lt\/wp-content\/uploads\/2024\/04\/BOXER-MAX-Detail-EN-PC_11_1024x1024-min-18x10.jpg 18w, https:\/\/1dronas.lt\/wp-content\/uploads\/2024\/04\/BOXER-MAX-Detail-EN-PC_11_1024x1024-min-510x286.jpg 510w\" sizes=\"auto, (max-width: 1024px) 100vw, 1024px\" \/> <img loading=\"lazy\" decoding=\"async\" class=\"alignnone wp-image-6179 size-full\" src=\"https:\/\/1dronas.lt\/wp-content\/uploads\/2024\/04\/BOXER-MAX-Detail-EN-PC_13_1024x1024-min.jpg\" alt=\"\" width=\"1024\" height=\"575\" srcset=\"https:\/\/1dronas.lt\/wp-content\/uploads\/2024\/04\/BOXER-MAX-Detail-EN-PC_13_1024x1024-min.jpg 1024w, https:\/\/1dronas.lt\/wp-content\/uploads\/2024\/04\/BOXER-MAX-Detail-EN-PC_13_1024x1024-min-300x168.jpg 300w, https:\/\/1dronas.lt\/wp-content\/uploads\/2024\/04\/BOXER-MAX-Detail-EN-PC_13_1024x1024-min-768x431.jpg 768w, https:\/\/1dronas.lt\/wp-content\/uploads\/2024\/04\/BOXER-MAX-Detail-EN-PC_13_1024x1024-min-18x10.jpg 18w, https:\/\/1dronas.lt\/wp-content\/uploads\/2024\/04\/BOXER-MAX-Detail-EN-PC_13_1024x1024-min-510x286.jpg 510w\" sizes=\"auto, (max-width: 1024px) 100vw, 1024px\" \/> <img loading=\"lazy\" decoding=\"async\" class=\"alignnone wp-image-6180 size-full\" src=\"https:\/\/1dronas.lt\/wp-content\/uploads\/2024\/04\/BOXER-MAX-Detail-EN-PC_14_1024x1024-min.jpg\" alt=\"\" width=\"1024\" height=\"575\" srcset=\"https:\/\/1dronas.lt\/wp-content\/uploads\/2024\/04\/BOXER-MAX-Detail-EN-PC_14_1024x1024-min.jpg 1024w, https:\/\/1dronas.lt\/wp-content\/uploads\/2024\/04\/BOXER-MAX-Detail-EN-PC_14_1024x1024-min-300x168.jpg 300w, https:\/\/1dronas.lt\/wp-content\/uploads\/2024\/04\/BOXER-MAX-Detail-EN-PC_14_1024x1024-min-768x431.jpg 768w, https:\/\/1dronas.lt\/wp-content\/uploads\/2024\/04\/BOXER-MAX-Detail-EN-PC_14_1024x1024-min-18x10.jpg 18w, https:\/\/1dronas.lt\/wp-content\/uploads\/2024\/04\/BOXER-MAX-Detail-EN-PC_14_1024x1024-min-510x286.jpg 510w\" sizes=\"auto, (max-width: 1024px) 100vw, 1024px\" \/> <img loading=\"lazy\" decoding=\"async\" class=\"alignnone wp-image-6181 size-full\" src=\"https:\/\/1dronas.lt\/wp-content\/uploads\/2024\/04\/BOXER-MAX-Detail-EN-PC_15_1024x1024-min.jpg\" alt=\"\" width=\"1024\" height=\"575\" srcset=\"https:\/\/1dronas.lt\/wp-content\/uploads\/2024\/04\/BOXER-MAX-Detail-EN-PC_15_1024x1024-min.jpg 1024w, https:\/\/1dronas.lt\/wp-content\/uploads\/2024\/04\/BOXER-MAX-Detail-EN-PC_15_1024x1024-min-300x168.jpg 300w, https:\/\/1dronas.lt\/wp-content\/uploads\/2024\/04\/BOXER-MAX-Detail-EN-PC_15_1024x1024-min-768x431.jpg 768w, https:\/\/1dronas.lt\/wp-content\/uploads\/2024\/04\/BOXER-MAX-Detail-EN-PC_15_1024x1024-min-18x10.jpg 18w, https:\/\/1dronas.lt\/wp-content\/uploads\/2024\/04\/BOXER-MAX-Detail-EN-PC_15_1024x1024-min-510x286.jpg 510w\" sizes=\"auto, (max-width: 1024px) 100vw, 1024px\" \/><br \/>\n<img loading=\"lazy\" decoding=\"async\" class=\"alignnone wp-image-6185 size-full\" src=\"https:\/\/1dronas.lt\/wp-content\/uploads\/2024\/04\/BOXER-MAX-Detail-EN-PC_08_1024x1024.jpg.webp\" alt=\"\" width=\"1024\" height=\"575\" srcset=\"https:\/\/1dronas.lt\/wp-content\/uploads\/2024\/04\/BOXER-MAX-Detail-EN-PC_08_1024x1024.jpg.webp 1024w, https:\/\/1dronas.lt\/wp-content\/uploads\/2024\/04\/BOXER-MAX-Detail-EN-PC_08_1024x1024.jpg-510x286.webp 510w, https:\/\/1dronas.lt\/wp-content\/uploads\/2024\/04\/BOXER-MAX-Detail-EN-PC_08_1024x1024.jpg-300x168.webp 300w, https:\/\/1dronas.lt\/wp-content\/uploads\/2024\/04\/BOXER-MAX-Detail-EN-PC_08_1024x1024.jpg-768x431.webp 768w, https:\/\/1dronas.lt\/wp-content\/uploads\/2024\/04\/BOXER-MAX-Detail-EN-PC_08_1024x1024.jpg-18x10.webp 18w\" sizes=\"auto, (max-width: 1024px) 100vw, 1024px\" \/><\/p>\n\t\t<\/div>\n\t<\/div>\n\t\n<p><strong>Package:<\/strong><\/p>\n<p>1x Boxer Radio;<br \/>\n1x Case;<br \/>\n1x T-antenna;<br \/>\n1x USB-C cable;<br \/>\n1x Controller protection;<br \/>\n1x 1.5mm Allen Key;<br \/>\n2x M4*4 screws;<br \/>\n4x Low tension springs;<br \/>\n1x 18650 battery compartment;<br \/>\n1x Sticker;<br \/>\n1x User manual.<\/p>\n<\/div>\n<p><span style=\"color: #ed1c24;\"><em>Batteries for the remote control are not included.<\/em><\/span><br \/>\n<img loading=\"lazy\" decoding=\"async\" class=\"alignnone wp-image-6184 size-full\" src=\"https:\/\/1dronas.lt\/wp-content\/uploads\/2024\/04\/HP0157.0056-M2-RED-12_1800x1800.jpg.webp\" alt=\"\" width=\"1000\" height=\"1000\" srcset=\"https:\/\/1dronas.lt\/wp-content\/uploads\/2024\/04\/HP0157.0056-M2-RED-12_1800x1800.jpg.webp 1000w, https:\/\/1dronas.lt\/wp-content\/uploads\/2024\/04\/HP0157.0056-M2-RED-12_1800x1800.jpg-247x247.webp 247w, https:\/\/1dronas.lt\/wp-content\/uploads\/2024\/04\/HP0157.0056-M2-RED-12_1800x1800.jpg-100x100.webp 100w, https:\/\/1dronas.lt\/wp-content\/uploads\/2024\/04\/HP0157.0056-M2-RED-12_1800x1800.jpg-510x510.webp 510w, https:\/\/1dronas.lt\/wp-content\/uploads\/2024\/04\/HP0157.0056-M2-RED-12_1800x1800.jpg-300x300.webp 300w, https:\/\/1dronas.lt\/wp-content\/uploads\/2024\/04\/HP0157.0056-M2-RED-12_1800x1800.jpg-150x150.webp 150w, https:\/\/1dronas.lt\/wp-content\/uploads\/2024\/04\/HP0157.0056-M2-RED-12_1800x1800.jpg-768x768.webp 768w, https:\/\/1dronas.lt\/wp-content\/uploads\/2024\/04\/HP0157.0056-M2-RED-12_1800x1800.jpg-12x12.webp 12w\" sizes=\"auto, (max-width: 1000px) 100vw, 1000px\" \/><\/p>","protected":false},"excerpt":{"rendered":"<p><span style=\"color: #000000;\">For those looking for the highest quality and comfort.<\/span><\/p>\n<p><span style=\"color: #000000;\"><strong><img loading=\"lazy\" decoding=\"async\" class=\"alignnone wp-image-1806\" src=\"https:\/\/1dronas.lt\/wp-content\/uploads\/2021\/05\/delivery-icon.png\" alt=\"\" width=\"24\" height=\"24\" srcset=\"https:\/\/1dronas.lt\/wp-content\/uploads\/2021\/05\/delivery-icon.png 35w, https:\/\/1dronas.lt\/wp-content\/uploads\/2021\/05\/delivery-icon-12x12.png 12w\" sizes=\"auto, (max-width: 24px) 100vw, 24px\" \/>\u00a0 1 \u2013 4 days<\/strong><\/span><\/p>","protected":false},"featured_media":6913,"comment_status":"open","ping_status":"closed","template":"","meta":[],"product_brand":[497],"product_cat":[221],"product_tag":[358,176,389,357],"class_list":{"0":"post-6161","1":"product","2":"type-product","3":"status-publish","4":"has-post-thumbnail","6":"product_brand-radiomaster","7":"product_cat-nuotolinio-valdymo-pulteliai","8":"product_tag-boxer","9":"product_tag-elrs","10":"product_tag-max","11":"product_tag-radiomaster","13":"first","14":"instock","15":"sale","16":"taxable","17":"shipping-taxable","18":"purchasable","19":"product-type-variable","20":"has-default-attributes"},"yoast_head":"<!-- This site is optimized with the Yoast SEO plugin v27.3 - https:\/\/yoast.com\/product\/yoast-seo-wordpress\/ -->\n<title>RadioMaster Boxer Max ELRS AG01 Gimbals (Mode 2) - 1dronas.lt<\/title>\n<meta name=\"robots\" content=\"index, follow, max-snippet:-1, max-image-preview:large, max-video-preview:-1\" \/>\n<link rel=\"canonical\" href=\"https:\/\/1dronas.lt\/en\/produktas\/radiomaster-boxer-max-expresslrs-ag01-gimbals\/\" \/>\n<meta property=\"og:locale\" content=\"en_US\" \/>\n<meta property=\"og:type\" content=\"article\" \/>\n<meta property=\"og:title\" content=\"RadioMaster Boxer Max ELRS AG01 Gimbals (Mode 2) - 1dronas.lt\" \/>\n<meta property=\"og:description\" content=\"Tiems, kurie ie\u0161ko auk\u0161\u010diausios kokyb\u0117s ir patogumo poj\u016b\u010dio.  \u00a0 1 - 4 d.d.\" \/>\n<meta property=\"og:url\" content=\"https:\/\/1dronas.lt\/en\/produktas\/radiomaster-boxer-max-expresslrs-ag01-gimbals\/\" \/>\n<meta property=\"og:site_name\" content=\"1dronas.lt\" \/>\n<meta property=\"article:publisher\" content=\"https:\/\/www.facebook.com\/1dronas\/\" \/>\n<meta property=\"article:modified_time\" content=\"2026-03-26T09:21:24+00:00\" \/>\n<meta property=\"og:image\" content=\"https:\/\/1dronas.lt\/wp-content\/uploads\/2024\/04\/collection2_1800x1800.jpg\" \/>\n\t<meta property=\"og:image:width\" content=\"1000\" \/>\n\t<meta property=\"og:image:height\" content=\"1000\" \/>\n\t<meta property=\"og:image:type\" content=\"image\/jpeg\" \/>\n<meta name=\"twitter:card\" content=\"summary_large_image\" \/>\n<meta name=\"twitter:label1\" content=\"Est. reading time\" \/>\n\t<meta name=\"twitter:data1\" content=\"5 minutes\" \/>\n<script type=\"application\/ld+json\" class=\"yoast-schema-graph\">{\"@context\":\"https:\\\/\\\/schema.org\",\"@graph\":[{\"@type\":\"WebPage\",\"@id\":\"https:\\\/\\\/1dronas.lt\\\/en\\\/produktas\\\/radiomaster-boxer-max-expresslrs-ag01-gimbals\\\/\",\"url\":\"https:\\\/\\\/1dronas.lt\\\/en\\\/produktas\\\/radiomaster-boxer-max-expresslrs-ag01-gimbals\\\/\",\"name\":\"RadioMaster Boxer Max ELRS AG01 Gimbals (Mode 2) - 1dronas.lt\",\"isPartOf\":{\"@id\":\"https:\\\/\\\/1dronas.lt\\\/en\\\/#website\"},\"primaryImageOfPage\":{\"@id\":\"https:\\\/\\\/1dronas.lt\\\/en\\\/produktas\\\/radiomaster-boxer-max-expresslrs-ag01-gimbals\\\/#primaryimage\"},\"image\":{\"@id\":\"https:\\\/\\\/1dronas.lt\\\/en\\\/produktas\\\/radiomaster-boxer-max-expresslrs-ag01-gimbals\\\/#primaryimage\"},\"thumbnailUrl\":\"https:\\\/\\\/1dronas.lt\\\/wp-content\\\/uploads\\\/2024\\\/04\\\/collection2_1800x1800.jpg\",\"datePublished\":\"2024-04-29T19:05:11+00:00\",\"dateModified\":\"2026-03-26T09:21:24+00:00\",\"breadcrumb\":{\"@id\":\"https:\\\/\\\/1dronas.lt\\\/en\\\/produktas\\\/radiomaster-boxer-max-expresslrs-ag01-gimbals\\\/#breadcrumb\"},\"inLanguage\":\"en-US\",\"potentialAction\":[{\"@type\":\"ReadAction\",\"target\":[\"https:\\\/\\\/1dronas.lt\\\/en\\\/produktas\\\/radiomaster-boxer-max-expresslrs-ag01-gimbals\\\/\"]}]},{\"@type\":\"ImageObject\",\"inLanguage\":\"en-US\",\"@id\":\"https:\\\/\\\/1dronas.lt\\\/en\\\/produktas\\\/radiomaster-boxer-max-expresslrs-ag01-gimbals\\\/#primaryimage\",\"url\":\"https:\\\/\\\/1dronas.lt\\\/wp-content\\\/uploads\\\/2024\\\/04\\\/collection2_1800x1800.jpg\",\"contentUrl\":\"https:\\\/\\\/1dronas.lt\\\/wp-content\\\/uploads\\\/2024\\\/04\\\/collection2_1800x1800.jpg\",\"width\":1000,\"height\":1000},{\"@type\":\"BreadcrumbList\",\"@id\":\"https:\\\/\\\/1dronas.lt\\\/en\\\/produktas\\\/radiomaster-boxer-max-expresslrs-ag01-gimbals\\\/#breadcrumb\",\"itemListElement\":[{\"@type\":\"ListItem\",\"position\":1,\"name\":\"Home\",\"item\":\"https:\\\/\\\/1dronas.lt\\\/\"},{\"@type\":\"ListItem\",\"position\":2,\"name\":\"Parduotuv\u0117\",\"item\":\"https:\\\/\\\/1dronas.lt\\\/parduotuve\\\/\"},{\"@type\":\"ListItem\",\"position\":3,\"name\":\"RadioMaster Boxer Max ELRS AG01 Gimbals (Mode 2)\"}]},{\"@type\":\"WebSite\",\"@id\":\"https:\\\/\\\/1dronas.lt\\\/en\\\/#website\",\"url\":\"https:\\\/\\\/1dronas.lt\\\/en\\\/\",\"name\":\"1dronas.lt\",\"description\":\"Internetin\u0117 parduotuv\u0117\",\"publisher\":{\"@id\":\"https:\\\/\\\/1dronas.lt\\\/en\\\/#organization\"},\"potentialAction\":[{\"@type\":\"SearchAction\",\"target\":{\"@type\":\"EntryPoint\",\"urlTemplate\":\"https:\\\/\\\/1dronas.lt\\\/en\\\/?s={search_term_string}\"},\"query-input\":{\"@type\":\"PropertyValueSpecification\",\"valueRequired\":true,\"valueName\":\"search_term_string\"}}],\"inLanguage\":\"en-US\"},{\"@type\":\"Organization\",\"@id\":\"https:\\\/\\\/1dronas.lt\\\/en\\\/#organization\",\"name\":\"1dronas.lt\",\"url\":\"https:\\\/\\\/1dronas.lt\\\/en\\\/\",\"logo\":{\"@type\":\"ImageObject\",\"inLanguage\":\"en-US\",\"@id\":\"https:\\\/\\\/1dronas.lt\\\/en\\\/#\\\/schema\\\/logo\\\/image\\\/\",\"url\":\"https:\\\/\\\/1dronas.lt\\\/wp-content\\\/uploads\\\/2020\\\/12\\\/Ekrano_kopija__2_-removebg-preview-1-1.png\",\"contentUrl\":\"https:\\\/\\\/1dronas.lt\\\/wp-content\\\/uploads\\\/2020\\\/12\\\/Ekrano_kopija__2_-removebg-preview-1-1.png\",\"width\":234,\"height\":81,\"caption\":\"1dronas.lt\"},\"image\":{\"@id\":\"https:\\\/\\\/1dronas.lt\\\/en\\\/#\\\/schema\\\/logo\\\/image\\\/\"},\"sameAs\":[\"https:\\\/\\\/www.facebook.com\\\/1dronas\\\/\"]}]}<\/script>\n<!-- \/ Yoast SEO plugin. -->","yoast_head_json":{"title":"RadioMaster Boxer Max ELRS AG01 Gimbals (Mode 2) - 1dronas.lt","robots":{"index":"index","follow":"follow","max-snippet":"max-snippet:-1","max-image-preview":"max-image-preview:large","max-video-preview":"max-video-preview:-1"},"canonical":"https:\/\/1dronas.lt\/en\/produktas\/radiomaster-boxer-max-expresslrs-ag01-gimbals\/","og_locale":"en_US","og_type":"article","og_title":"RadioMaster Boxer Max ELRS AG01 Gimbals (Mode 2) - 1dronas.lt","og_description":"Tiems, kurie ie\u0161ko auk\u0161\u010diausios kokyb\u0117s ir patogumo poj\u016b\u010dio.  \u00a0 1 - 4 d.d.","og_url":"https:\/\/1dronas.lt\/en\/produktas\/radiomaster-boxer-max-expresslrs-ag01-gimbals\/","og_site_name":"1dronas.lt","article_publisher":"https:\/\/www.facebook.com\/1dronas\/","article_modified_time":"2026-03-26T09:21:24+00:00","og_image":[{"width":1000,"height":1000,"url":"https:\/\/1dronas.lt\/wp-content\/uploads\/2024\/04\/collection2_1800x1800.jpg","type":"image\/jpeg"}],"twitter_card":"summary_large_image","twitter_misc":{"Est. reading time":"5 minutes"},"schema":{"@context":"https:\/\/schema.org","@graph":[{"@type":"WebPage","@id":"https:\/\/1dronas.lt\/en\/produktas\/radiomaster-boxer-max-expresslrs-ag01-gimbals\/","url":"https:\/\/1dronas.lt\/en\/produktas\/radiomaster-boxer-max-expresslrs-ag01-gimbals\/","name":"RadioMaster Boxer Max ELRS AG01 Gimbals (Mode 2) - 1dronas.lt","isPartOf":{"@id":"https:\/\/1dronas.lt\/en\/#website"},"primaryImageOfPage":{"@id":"https:\/\/1dronas.lt\/en\/produktas\/radiomaster-boxer-max-expresslrs-ag01-gimbals\/#primaryimage"},"image":{"@id":"https:\/\/1dronas.lt\/en\/produktas\/radiomaster-boxer-max-expresslrs-ag01-gimbals\/#primaryimage"},"thumbnailUrl":"https:\/\/1dronas.lt\/wp-content\/uploads\/2024\/04\/collection2_1800x1800.jpg","datePublished":"2024-04-29T19:05:11+00:00","dateModified":"2026-03-26T09:21:24+00:00","breadcrumb":{"@id":"https:\/\/1dronas.lt\/en\/produktas\/radiomaster-boxer-max-expresslrs-ag01-gimbals\/#breadcrumb"},"inLanguage":"en-US","potentialAction":[{"@type":"ReadAction","target":["https:\/\/1dronas.lt\/en\/produktas\/radiomaster-boxer-max-expresslrs-ag01-gimbals\/"]}]},{"@type":"ImageObject","inLanguage":"en-US","@id":"https:\/\/1dronas.lt\/en\/produktas\/radiomaster-boxer-max-expresslrs-ag01-gimbals\/#primaryimage","url":"https:\/\/1dronas.lt\/wp-content\/uploads\/2024\/04\/collection2_1800x1800.jpg","contentUrl":"https:\/\/1dronas.lt\/wp-content\/uploads\/2024\/04\/collection2_1800x1800.jpg","width":1000,"height":1000},{"@type":"BreadcrumbList","@id":"https:\/\/1dronas.lt\/en\/produktas\/radiomaster-boxer-max-expresslrs-ag01-gimbals\/#breadcrumb","itemListElement":[{"@type":"ListItem","position":1,"name":"Home","item":"https:\/\/1dronas.lt\/"},{"@type":"ListItem","position":2,"name":"Parduotuv\u0117","item":"https:\/\/1dronas.lt\/parduotuve\/"},{"@type":"ListItem","position":3,"name":"RadioMaster Boxer Max ELRS AG01 Gimbals (Mode 2)"}]},{"@type":"WebSite","@id":"https:\/\/1dronas.lt\/en\/#website","url":"https:\/\/1dronas.lt\/en\/","name":"1dronas.lt","description":"Online store","publisher":{"@id":"https:\/\/1dronas.lt\/en\/#organization"},"potentialAction":[{"@type":"SearchAction","target":{"@type":"EntryPoint","urlTemplate":"https:\/\/1dronas.lt\/en\/?s={search_term_string}"},"query-input":{"@type":"PropertyValueSpecification","valueRequired":true,"valueName":"search_term_string"}}],"inLanguage":"en-US"},{"@type":"Organization","@id":"https:\/\/1dronas.lt\/en\/#organization","name":"1dronas.lt","url":"https:\/\/1dronas.lt\/en\/","logo":{"@type":"ImageObject","inLanguage":"en-US","@id":"https:\/\/1dronas.lt\/en\/#\/schema\/logo\/image\/","url":"https:\/\/1dronas.lt\/wp-content\/uploads\/2020\/12\/Ekrano_kopija__2_-removebg-preview-1-1.png","contentUrl":"https:\/\/1dronas.lt\/wp-content\/uploads\/2020\/12\/Ekrano_kopija__2_-removebg-preview-1-1.png","width":234,"height":81,"caption":"1dronas.lt"},"image":{"@id":"https:\/\/1dronas.lt\/en\/#\/schema\/logo\/image\/"},"sameAs":["https:\/\/www.facebook.com\/1dronas\/"]}]}},"jetpack_sharing_enabled":true,"_links":{"self":[{"href":"https:\/\/1dronas.lt\/en\/wp-json\/wp\/v2\/product\/6161","targetHints":{"allow":["GET"]}}],"collection":[{"href":"https:\/\/1dronas.lt\/en\/wp-json\/wp\/v2\/product"}],"about":[{"href":"https:\/\/1dronas.lt\/en\/wp-json\/wp\/v2\/types\/product"}],"replies":[{"embeddable":true,"href":"https:\/\/1dronas.lt\/en\/wp-json\/wp\/v2\/comments?post=6161"}],"wp:featuredmedia":[{"embeddable":true,"href":"https:\/\/1dronas.lt\/en\/wp-json\/wp\/v2\/media\/6913"}],"wp:attachment":[{"href":"https:\/\/1dronas.lt\/en\/wp-json\/wp\/v2\/media?parent=6161"}],"wp:term":[{"taxonomy":"product_brand","embeddable":true,"href":"https:\/\/1dronas.lt\/en\/wp-json\/wp\/v2\/product_brand?post=6161"},{"taxonomy":"product_cat","embeddable":true,"href":"https:\/\/1dronas.lt\/en\/wp-json\/wp\/v2\/product_cat?post=6161"},{"taxonomy":"product_tag","embeddable":true,"href":"https:\/\/1dronas.lt\/en\/wp-json\/wp\/v2\/product_tag?post=6161"}],"curies":[{"name":"wp","href":"https:\/\/api.w.org\/{rel}","templated":true}]}}