{"id":6045,"date":"2024-04-06T19:56:24","date_gmt":"2024-04-06T19:56:24","guid":{"rendered":"https:\/\/1dronas.lt\/?post_type=product&#038;p=6045"},"modified":"2026-01-02T22:18:47","modified_gmt":"2026-01-02T20:18:47","slug":"radiomaster-tx16s-mkii-max-elrs-v4-0-joshua-bardwell-edition","status":"publish","type":"product","link":"https:\/\/1dronas.lt\/en\/produktas\/radiomaster-tx16s-mkii-max-elrs-v4-0-joshua-bardwell-edition\/","title":{"rendered":"RadioMaster TX16s MKII MAX ELRS V4.0 Joshua Bardwell Edition (Mode 2)"},"content":{"rendered":"<p>The best just got better! Introducing the TX16S Mark II, a premium open source radio.<\/p>\n<p><iframe loading=\"lazy\" title=\"New JB Edition TX16S Mk2 w\/ built in ExpressLRS\" width=\"1020\" height=\"574\" src=\"https:\/\/www.youtube.com\/embed\/6bFq3t6g0YI?start=988&#038;feature=oembed\" frameborder=\"0\" allow=\"accelerometer; autoplay; clipboard-write; encrypted-media; gyroscope; picture-in-picture; web-share\" referrerpolicy=\"strict-origin-when-cross-origin\" allowfullscreen><\/iframe><\/p>\n<p><strong>Features:<\/strong><\/p>\n<p><b>\u2022 <\/b>Improved internal chips and optimized power supply;<br \/>\n<b>\u2022 <\/b>An audio jack with headphone output is installed on the back;<br \/>\n<b>\u2022 <\/b>V4.0 Gimbal improved centering and stability (same scheme as AG01);<br \/>\n<b>\u2022<\/b> Redesigned battery cover;<br \/>\n\u2022 Added rear DIY socket for individual modifications;<br \/>\n<b>\u2022 <\/b>Improved S1\/S2 knobs;<b><br \/>\n\u2022 <\/b>Improved LS\/RS sliders.<b><br \/>\n<\/b><\/p>\n<p><strong>Specification:\u00a0<\/strong><\/p>\n<p><b>\u2022 <\/b>Product: TX16S Mark II Max;<b><br \/>\n\u2022 <\/b>Dimensions: 287 x 129 x 184mm<br \/>\n<b>\u2022 <\/b>Weight: 750g;<br \/>\n<b>\u2022<\/b> Operating voltage: 6.6-8.4v DC;<b><br \/>\n\u2022 <\/b>Frequency: 2.400GHz-2.480GHz;<br \/>\n<b>\u2022 <\/b>Antenna gain: 2db;<br \/>\n<b>\u2022 <\/b>Working current: 400mA;<br \/>\n<b>\u2022 <\/b>Version: ExpressLRS (ELRS);<b><br \/>\n\u2022 <\/b>Channels: Max 16 channels;<b><br \/>\n\u2022 <\/b>Screen: 4.3-inch TFT full-color touch display with a resolution of 480 x 272;<b><br \/>\n\u2022 <\/b>Controllers: V4.0 Hall sensor with Aluminum fascia;<b><br \/>\n\u2022 <\/b>External module support: JR compatible module bay;<b><br \/>\n\u2022 <\/b>Software: EdgeTX;<br \/>\n<b>\u2022 <\/b>A 256MB SD card is installed.<\/p>\n<div>\n\t<div id=\"accordion-838254364\" class=\"accordion-item\">\n\t\t<a id=\"accordion-838254364-label\" class=\"accordion-title plain\" href=\"#accordion-item-daugiau\" aria-expanded=\"false\" aria-controls=\"accordion-838254364-content\">\n\t\t\t<button class=\"toggle\" aria-label=\"Toggle\"><i class=\"icon-angle-down\" aria-hidden=\"true\"><\/i><\/button>\n\t\t\t<span>More<\/span>\n\t\t<\/a>\n\t\t<div id=\"accordion-838254364-content\" class=\"accordion-inner\" aria-labelledby=\"accordion-838254364-label\">\n\t\t\t\n<p><img loading=\"lazy\" decoding=\"async\" class=\"alignnone wp-image-5321 size-full\" src=\"https:\/\/1dronas.lt\/wp-content\/uploads\/2023\/09\/TX16S-Mark-II-Details-Page-PC-V3_16_1024x1024-min.jpg\" alt=\"\" width=\"1024\" height=\"575\" srcset=\"https:\/\/1dronas.lt\/wp-content\/uploads\/2023\/09\/TX16S-Mark-II-Details-Page-PC-V3_16_1024x1024-min.jpg 1024w, https:\/\/1dronas.lt\/wp-content\/uploads\/2023\/09\/TX16S-Mark-II-Details-Page-PC-V3_16_1024x1024-min-300x168.jpg 300w, https:\/\/1dronas.lt\/wp-content\/uploads\/2023\/09\/TX16S-Mark-II-Details-Page-PC-V3_16_1024x1024-min-768x431.jpg 768w, https:\/\/1dronas.lt\/wp-content\/uploads\/2023\/09\/TX16S-Mark-II-Details-Page-PC-V3_16_1024x1024-min-18x10.jpg 18w, https:\/\/1dronas.lt\/wp-content\/uploads\/2023\/09\/TX16S-Mark-II-Details-Page-PC-V3_16_1024x1024-min-510x286.jpg 510w\" sizes=\"auto, (max-width: 1024px) 100vw, 1024px\" \/> <img loading=\"lazy\" decoding=\"async\" class=\"wp-image-5320 size-full aligncenter\" src=\"https:\/\/1dronas.lt\/wp-content\/uploads\/2023\/09\/TX16S-Mark-II-Details-Page-PC-V3_07_600x600-min.jpg\" alt=\"\" width=\"600\" height=\"337\" srcset=\"https:\/\/1dronas.lt\/wp-content\/uploads\/2023\/09\/TX16S-Mark-II-Details-Page-PC-V3_07_600x600-min.jpg 600w, https:\/\/1dronas.lt\/wp-content\/uploads\/2023\/09\/TX16S-Mark-II-Details-Page-PC-V3_07_600x600-min-300x169.jpg 300w, https:\/\/1dronas.lt\/wp-content\/uploads\/2023\/09\/TX16S-Mark-II-Details-Page-PC-V3_07_600x600-min-18x10.jpg 18w, https:\/\/1dronas.lt\/wp-content\/uploads\/2023\/09\/TX16S-Mark-II-Details-Page-PC-V3_07_600x600-min-510x286.jpg 510w\" sizes=\"auto, (max-width: 600px) 100vw, 600px\" \/> <img loading=\"lazy\" decoding=\"async\" class=\"alignnone wp-image-5319 size-full\" src=\"https:\/\/1dronas.lt\/wp-content\/uploads\/2023\/09\/TX16S-Mark-II-Details-Page-PC-EN_14_25dc02c4-0d13-478b-897c-199048a0163e_1024x1024-min.jpg\" alt=\"\" width=\"1024\" height=\"575\" srcset=\"https:\/\/1dronas.lt\/wp-content\/uploads\/2023\/09\/TX16S-Mark-II-Details-Page-PC-EN_14_25dc02c4-0d13-478b-897c-199048a0163e_1024x1024-min.jpg 1024w, https:\/\/1dronas.lt\/wp-content\/uploads\/2023\/09\/TX16S-Mark-II-Details-Page-PC-EN_14_25dc02c4-0d13-478b-897c-199048a0163e_1024x1024-min-300x168.jpg 300w, https:\/\/1dronas.lt\/wp-content\/uploads\/2023\/09\/TX16S-Mark-II-Details-Page-PC-EN_14_25dc02c4-0d13-478b-897c-199048a0163e_1024x1024-min-768x431.jpg 768w, https:\/\/1dronas.lt\/wp-content\/uploads\/2023\/09\/TX16S-Mark-II-Details-Page-PC-EN_14_25dc02c4-0d13-478b-897c-199048a0163e_1024x1024-min-18x10.jpg 18w, https:\/\/1dronas.lt\/wp-content\/uploads\/2023\/09\/TX16S-Mark-II-Details-Page-PC-EN_14_25dc02c4-0d13-478b-897c-199048a0163e_1024x1024-min-510x286.jpg 510w\" sizes=\"auto, (max-width: 1024px) 100vw, 1024px\" \/> <img loading=\"lazy\" decoding=\"async\" class=\"wp-image-5318 size-full aligncenter\" src=\"https:\/\/1dronas.lt\/wp-content\/uploads\/2023\/09\/TX16S-Mark-II-Details-Page-PC-EN_13_600x600-min.jpg\" alt=\"\" width=\"600\" height=\"338\" srcset=\"https:\/\/1dronas.lt\/wp-content\/uploads\/2023\/09\/TX16S-Mark-II-Details-Page-PC-EN_13_600x600-min.jpg 600w, https:\/\/1dronas.lt\/wp-content\/uploads\/2023\/09\/TX16S-Mark-II-Details-Page-PC-EN_13_600x600-min-300x169.jpg 300w, https:\/\/1dronas.lt\/wp-content\/uploads\/2023\/09\/TX16S-Mark-II-Details-Page-PC-EN_13_600x600-min-18x10.jpg 18w, https:\/\/1dronas.lt\/wp-content\/uploads\/2023\/09\/TX16S-Mark-II-Details-Page-PC-EN_13_600x600-min-510x287.jpg 510w\" sizes=\"auto, (max-width: 600px) 100vw, 600px\" \/> <img loading=\"lazy\" decoding=\"async\" class=\"alignnone wp-image-5317 size-full\" src=\"https:\/\/1dronas.lt\/wp-content\/uploads\/2023\/09\/TX16S-Mark-II-Details-Page-PC-EN_12_1024x1024-min.jpg\" alt=\"\" width=\"1024\" height=\"573\" srcset=\"https:\/\/1dronas.lt\/wp-content\/uploads\/2023\/09\/TX16S-Mark-II-Details-Page-PC-EN_12_1024x1024-min.jpg 1024w, https:\/\/1dronas.lt\/wp-content\/uploads\/2023\/09\/TX16S-Mark-II-Details-Page-PC-EN_12_1024x1024-min-300x168.jpg 300w, https:\/\/1dronas.lt\/wp-content\/uploads\/2023\/09\/TX16S-Mark-II-Details-Page-PC-EN_12_1024x1024-min-768x430.jpg 768w, https:\/\/1dronas.lt\/wp-content\/uploads\/2023\/09\/TX16S-Mark-II-Details-Page-PC-EN_12_1024x1024-min-18x10.jpg 18w, https:\/\/1dronas.lt\/wp-content\/uploads\/2023\/09\/TX16S-Mark-II-Details-Page-PC-EN_12_1024x1024-min-510x285.jpg 510w\" sizes=\"auto, (max-width: 1024px) 100vw, 1024px\" \/> <img loading=\"lazy\" decoding=\"async\" class=\"alignnone wp-image-5316 size-full\" src=\"https:\/\/1dronas.lt\/wp-content\/uploads\/2023\/09\/TX16S-Mark-II-Details-Page-PC-EN_10_1024x1024-min.jpg\" alt=\"\" width=\"1024\" height=\"575\" srcset=\"https:\/\/1dronas.lt\/wp-content\/uploads\/2023\/09\/TX16S-Mark-II-Details-Page-PC-EN_10_1024x1024-min.jpg 1024w, https:\/\/1dronas.lt\/wp-content\/uploads\/2023\/09\/TX16S-Mark-II-Details-Page-PC-EN_10_1024x1024-min-300x168.jpg 300w, https:\/\/1dronas.lt\/wp-content\/uploads\/2023\/09\/TX16S-Mark-II-Details-Page-PC-EN_10_1024x1024-min-768x431.jpg 768w, https:\/\/1dronas.lt\/wp-content\/uploads\/2023\/09\/TX16S-Mark-II-Details-Page-PC-EN_10_1024x1024-min-18x10.jpg 18w, https:\/\/1dronas.lt\/wp-content\/uploads\/2023\/09\/TX16S-Mark-II-Details-Page-PC-EN_10_1024x1024-min-510x286.jpg 510w\" sizes=\"auto, (max-width: 1024px) 100vw, 1024px\" \/> <img loading=\"lazy\" decoding=\"async\" class=\"alignnone wp-image-5315 size-full\" src=\"https:\/\/1dronas.lt\/wp-content\/uploads\/2023\/09\/TX16S-Mark-II-Details-Page-PC-EN_06_1024x1024-min.jpg\" alt=\"\" width=\"1024\" height=\"575\" srcset=\"https:\/\/1dronas.lt\/wp-content\/uploads\/2023\/09\/TX16S-Mark-II-Details-Page-PC-EN_06_1024x1024-min.jpg 1024w, https:\/\/1dronas.lt\/wp-content\/uploads\/2023\/09\/TX16S-Mark-II-Details-Page-PC-EN_06_1024x1024-min-300x168.jpg 300w, https:\/\/1dronas.lt\/wp-content\/uploads\/2023\/09\/TX16S-Mark-II-Details-Page-PC-EN_06_1024x1024-min-768x431.jpg 768w, https:\/\/1dronas.lt\/wp-content\/uploads\/2023\/09\/TX16S-Mark-II-Details-Page-PC-EN_06_1024x1024-min-18x10.jpg 18w, https:\/\/1dronas.lt\/wp-content\/uploads\/2023\/09\/TX16S-Mark-II-Details-Page-PC-EN_06_1024x1024-min-510x286.jpg 510w\" sizes=\"auto, (max-width: 1024px) 100vw, 1024px\" \/> <img loading=\"lazy\" decoding=\"async\" class=\"alignnone wp-image-5314 size-full\" src=\"https:\/\/1dronas.lt\/wp-content\/uploads\/2023\/09\/TX16S-Mark-II-Details-Page-PC-EN_04_34aca1d0-ddcc-4746-a92c-eb8490048f78_1024x1024-min.jpg\" alt=\"\" width=\"1024\" height=\"575\" srcset=\"https:\/\/1dronas.lt\/wp-content\/uploads\/2023\/09\/TX16S-Mark-II-Details-Page-PC-EN_04_34aca1d0-ddcc-4746-a92c-eb8490048f78_1024x1024-min.jpg 1024w, https:\/\/1dronas.lt\/wp-content\/uploads\/2023\/09\/TX16S-Mark-II-Details-Page-PC-EN_04_34aca1d0-ddcc-4746-a92c-eb8490048f78_1024x1024-min-300x168.jpg 300w, https:\/\/1dronas.lt\/wp-content\/uploads\/2023\/09\/TX16S-Mark-II-Details-Page-PC-EN_04_34aca1d0-ddcc-4746-a92c-eb8490048f78_1024x1024-min-768x431.jpg 768w, https:\/\/1dronas.lt\/wp-content\/uploads\/2023\/09\/TX16S-Mark-II-Details-Page-PC-EN_04_34aca1d0-ddcc-4746-a92c-eb8490048f78_1024x1024-min-18x10.jpg 18w, https:\/\/1dronas.lt\/wp-content\/uploads\/2023\/09\/TX16S-Mark-II-Details-Page-PC-EN_04_34aca1d0-ddcc-4746-a92c-eb8490048f78_1024x1024-min-510x286.jpg 510w\" sizes=\"auto, (max-width: 1024px) 100vw, 1024px\" \/> <img loading=\"lazy\" decoding=\"async\" class=\"alignnone wp-image-5313 size-full\" src=\"https:\/\/1dronas.lt\/wp-content\/uploads\/2023\/09\/TX16S-Mark-II-Details-Page-PC-CN_09_1024x1024-min.jpg\" alt=\"\" width=\"1024\" height=\"575\" srcset=\"https:\/\/1dronas.lt\/wp-content\/uploads\/2023\/09\/TX16S-Mark-II-Details-Page-PC-CN_09_1024x1024-min.jpg 1024w, https:\/\/1dronas.lt\/wp-content\/uploads\/2023\/09\/TX16S-Mark-II-Details-Page-PC-CN_09_1024x1024-min-300x168.jpg 300w, https:\/\/1dronas.lt\/wp-content\/uploads\/2023\/09\/TX16S-Mark-II-Details-Page-PC-CN_09_1024x1024-min-768x431.jpg 768w, https:\/\/1dronas.lt\/wp-content\/uploads\/2023\/09\/TX16S-Mark-II-Details-Page-PC-CN_09_1024x1024-min-18x10.jpg 18w, https:\/\/1dronas.lt\/wp-content\/uploads\/2023\/09\/TX16S-Mark-II-Details-Page-PC-CN_09_1024x1024-min-510x286.jpg 510w\" sizes=\"auto, (max-width: 1024px) 100vw, 1024px\" \/><\/p>\n\t\t<\/div>\n\t<\/div>\n\t\n<\/div>\n<div><strong>Package:<\/strong><\/div>\n<div><\/div>\n<div>1x TX16S Mark II Max Radio;<\/div>\n<div>1x T-antenna;<br \/>\n1x USB-C cable;<br \/>\n1x Flat rear handles;<br \/>\n1x 18650 battery compartment;<br \/>\n1x Screen protector.<\/div>\n<div><\/div>\n<div><span style=\"color: #ed1c24;\"><em>Batteries for the remote control are not included.<\/em><\/span><\/div>\n<div><\/div>","protected":false},"excerpt":{"rendered":"<p><span style=\"color: #333333;\">The TX16s has a bright and clear 4.3-inch IPS color display.<\/span><\/p>\n<p><span style=\"color: #333333;\"><strong><img loading=\"lazy\" decoding=\"async\" class=\"alignnone wp-image-1806\" src=\"https:\/\/1dronas.lt\/wp-content\/uploads\/2021\/05\/delivery-icon.png\" alt=\"\" width=\"24\" height=\"24\" srcset=\"https:\/\/1dronas.lt\/wp-content\/uploads\/2021\/05\/delivery-icon.png 35w, https:\/\/1dronas.lt\/wp-content\/uploads\/2021\/05\/delivery-icon-12x12.png 12w\" sizes=\"auto, (max-width: 24px) 100vw, 24px\" \/>\u00a0 \u00a01 \u2013 4 days<\/strong><\/span><\/p>","protected":false},"featured_media":6046,"comment_status":"open","ping_status":"closed","template":"","meta":[],"product_brand":[497],"product_cat":[221],"product_tag":[351,401,361],"class_list":{"0":"post-6045","1":"product","2":"type-product","3":"status-publish","4":"has-post-thumbnail","6":"product_brand-radiomaster","7":"product_cat-nuotolinio-valdymo-pulteliai","8":"product_tag-hall","9":"product_tag-joshua-bardwell","10":"product_tag-tx16-mk-ii-max","12":"first","13":"outofstock","14":"taxable","15":"shipping-taxable","16":"purchasable","17":"product-type-simple"},"yoast_head":"<!-- This site is optimized with the Yoast SEO plugin v27.3 - https:\/\/yoast.com\/product\/yoast-seo-wordpress\/ -->\n<title>RadioMaster TX16s MKII MAX ELRS V4.0 Joshua Bardwell Edition (Mode 2) - 1dronas.lt<\/title>\n<meta name=\"robots\" content=\"index, follow, max-snippet:-1, max-image-preview:large, max-video-preview:-1\" \/>\n<link rel=\"canonical\" href=\"https:\/\/1dronas.lt\/en\/produktas\/radiomaster-tx16s-mkii-max-elrs-v4-0-joshua-bardwell-edition\/\" \/>\n<meta property=\"og:locale\" content=\"en_US\" \/>\n<meta property=\"og:type\" content=\"article\" \/>\n<meta property=\"og:title\" content=\"RadioMaster TX16s MKII MAX ELRS V4.0 Joshua Bardwell Edition (Mode 2) - 1dronas.lt\" \/>\n<meta property=\"og:description\" content=\"TX16s turi ry\u0161k\u0173 ir ai\u0161k\u0173 4,3 colio IPS spalvot\u0105 ekran\u0105.  \u00a0 \u00a01 \u2013 4 d. d.\" \/>\n<meta property=\"og:url\" content=\"https:\/\/1dronas.lt\/en\/produktas\/radiomaster-tx16s-mkii-max-elrs-v4-0-joshua-bardwell-edition\/\" \/>\n<meta property=\"og:site_name\" content=\"1dronas.lt\" \/>\n<meta property=\"article:publisher\" content=\"https:\/\/www.facebook.com\/1dronas\/\" \/>\n<meta property=\"article:modified_time\" content=\"2026-01-02T20:18:47+00:00\" \/>\n<meta property=\"og:image\" content=\"https:\/\/1dronas.lt\/wp-content\/uploads\/2024\/04\/JB_1800x1800-min.jpg\" \/>\n\t<meta property=\"og:image:width\" content=\"1000\" \/>\n\t<meta property=\"og:image:height\" content=\"1000\" \/>\n\t<meta property=\"og:image:type\" content=\"image\/jpeg\" \/>\n<meta name=\"twitter:card\" content=\"summary_large_image\" \/>\n<meta name=\"twitter:label1\" content=\"Est. reading time\" \/>\n\t<meta name=\"twitter:data1\" content=\"3 minutes\" \/>\n<script type=\"application\/ld+json\" class=\"yoast-schema-graph\">{\"@context\":\"https:\\\/\\\/schema.org\",\"@graph\":[{\"@type\":\"WebPage\",\"@id\":\"https:\\\/\\\/1dronas.lt\\\/en\\\/produktas\\\/radiomaster-tx16s-mkii-max-elrs-v4-0-joshua-bardwell-edition\\\/\",\"url\":\"https:\\\/\\\/1dronas.lt\\\/en\\\/produktas\\\/radiomaster-tx16s-mkii-max-elrs-v4-0-joshua-bardwell-edition\\\/\",\"name\":\"RadioMaster TX16s MKII MAX ELRS V4.0 Joshua Bardwell Edition (Mode 2) - 1dronas.lt\",\"isPartOf\":{\"@id\":\"https:\\\/\\\/1dronas.lt\\\/en\\\/#website\"},\"primaryImageOfPage\":{\"@id\":\"https:\\\/\\\/1dronas.lt\\\/en\\\/produktas\\\/radiomaster-tx16s-mkii-max-elrs-v4-0-joshua-bardwell-edition\\\/#primaryimage\"},\"image\":{\"@id\":\"https:\\\/\\\/1dronas.lt\\\/en\\\/produktas\\\/radiomaster-tx16s-mkii-max-elrs-v4-0-joshua-bardwell-edition\\\/#primaryimage\"},\"thumbnailUrl\":\"https:\\\/\\\/1dronas.lt\\\/wp-content\\\/uploads\\\/2024\\\/04\\\/JB_1800x1800-min.jpg\",\"datePublished\":\"2024-04-06T19:56:24+00:00\",\"dateModified\":\"2026-01-02T20:18:47+00:00\",\"breadcrumb\":{\"@id\":\"https:\\\/\\\/1dronas.lt\\\/en\\\/produktas\\\/radiomaster-tx16s-mkii-max-elrs-v4-0-joshua-bardwell-edition\\\/#breadcrumb\"},\"inLanguage\":\"en-US\",\"potentialAction\":[{\"@type\":\"ReadAction\",\"target\":[\"https:\\\/\\\/1dronas.lt\\\/en\\\/produktas\\\/radiomaster-tx16s-mkii-max-elrs-v4-0-joshua-bardwell-edition\\\/\"]}]},{\"@type\":\"ImageObject\",\"inLanguage\":\"en-US\",\"@id\":\"https:\\\/\\\/1dronas.lt\\\/en\\\/produktas\\\/radiomaster-tx16s-mkii-max-elrs-v4-0-joshua-bardwell-edition\\\/#primaryimage\",\"url\":\"https:\\\/\\\/1dronas.lt\\\/wp-content\\\/uploads\\\/2024\\\/04\\\/JB_1800x1800-min.jpg\",\"contentUrl\":\"https:\\\/\\\/1dronas.lt\\\/wp-content\\\/uploads\\\/2024\\\/04\\\/JB_1800x1800-min.jpg\",\"width\":1000,\"height\":1000},{\"@type\":\"BreadcrumbList\",\"@id\":\"https:\\\/\\\/1dronas.lt\\\/en\\\/produktas\\\/radiomaster-tx16s-mkii-max-elrs-v4-0-joshua-bardwell-edition\\\/#breadcrumb\",\"itemListElement\":[{\"@type\":\"ListItem\",\"position\":1,\"name\":\"Home\",\"item\":\"https:\\\/\\\/1dronas.lt\\\/\"},{\"@type\":\"ListItem\",\"position\":2,\"name\":\"Parduotuv\u0117\",\"item\":\"https:\\\/\\\/1dronas.lt\\\/parduotuve\\\/\"},{\"@type\":\"ListItem\",\"position\":3,\"name\":\"RadioMaster TX16s MKII MAX ELRS V4.0 Joshua Bardwell Edition (Mode 2)\"}]},{\"@type\":\"WebSite\",\"@id\":\"https:\\\/\\\/1dronas.lt\\\/en\\\/#website\",\"url\":\"https:\\\/\\\/1dronas.lt\\\/en\\\/\",\"name\":\"1dronas.lt\",\"description\":\"Internetin\u0117 parduotuv\u0117\",\"publisher\":{\"@id\":\"https:\\\/\\\/1dronas.lt\\\/en\\\/#organization\"},\"potentialAction\":[{\"@type\":\"SearchAction\",\"target\":{\"@type\":\"EntryPoint\",\"urlTemplate\":\"https:\\\/\\\/1dronas.lt\\\/en\\\/?s={search_term_string}\"},\"query-input\":{\"@type\":\"PropertyValueSpecification\",\"valueRequired\":true,\"valueName\":\"search_term_string\"}}],\"inLanguage\":\"en-US\"},{\"@type\":\"Organization\",\"@id\":\"https:\\\/\\\/1dronas.lt\\\/en\\\/#organization\",\"name\":\"1dronas.lt\",\"url\":\"https:\\\/\\\/1dronas.lt\\\/en\\\/\",\"logo\":{\"@type\":\"ImageObject\",\"inLanguage\":\"en-US\",\"@id\":\"https:\\\/\\\/1dronas.lt\\\/en\\\/#\\\/schema\\\/logo\\\/image\\\/\",\"url\":\"https:\\\/\\\/1dronas.lt\\\/wp-content\\\/uploads\\\/2020\\\/12\\\/Ekrano_kopija__2_-removebg-preview-1-1.png\",\"contentUrl\":\"https:\\\/\\\/1dronas.lt\\\/wp-content\\\/uploads\\\/2020\\\/12\\\/Ekrano_kopija__2_-removebg-preview-1-1.png\",\"width\":234,\"height\":81,\"caption\":\"1dronas.lt\"},\"image\":{\"@id\":\"https:\\\/\\\/1dronas.lt\\\/en\\\/#\\\/schema\\\/logo\\\/image\\\/\"},\"sameAs\":[\"https:\\\/\\\/www.facebook.com\\\/1dronas\\\/\"]}]}<\/script>\n<!-- \/ Yoast SEO plugin. -->","yoast_head_json":{"title":"RadioMaster TX16s MKII MAX ELRS V4.0 Joshua Bardwell Edition (Mode 2) - 1dronas.lt","robots":{"index":"index","follow":"follow","max-snippet":"max-snippet:-1","max-image-preview":"max-image-preview:large","max-video-preview":"max-video-preview:-1"},"canonical":"https:\/\/1dronas.lt\/en\/produktas\/radiomaster-tx16s-mkii-max-elrs-v4-0-joshua-bardwell-edition\/","og_locale":"en_US","og_type":"article","og_title":"RadioMaster TX16s MKII MAX ELRS V4.0 Joshua Bardwell Edition (Mode 2) - 1dronas.lt","og_description":"TX16s turi ry\u0161k\u0173 ir ai\u0161k\u0173 4,3 colio IPS spalvot\u0105 ekran\u0105.  \u00a0 \u00a01 \u2013 4 d. d.","og_url":"https:\/\/1dronas.lt\/en\/produktas\/radiomaster-tx16s-mkii-max-elrs-v4-0-joshua-bardwell-edition\/","og_site_name":"1dronas.lt","article_publisher":"https:\/\/www.facebook.com\/1dronas\/","article_modified_time":"2026-01-02T20:18:47+00:00","og_image":[{"width":1000,"height":1000,"url":"https:\/\/1dronas.lt\/wp-content\/uploads\/2024\/04\/JB_1800x1800-min.jpg","type":"image\/jpeg"}],"twitter_card":"summary_large_image","twitter_misc":{"Est. reading time":"3 minutes"},"schema":{"@context":"https:\/\/schema.org","@graph":[{"@type":"WebPage","@id":"https:\/\/1dronas.lt\/en\/produktas\/radiomaster-tx16s-mkii-max-elrs-v4-0-joshua-bardwell-edition\/","url":"https:\/\/1dronas.lt\/en\/produktas\/radiomaster-tx16s-mkii-max-elrs-v4-0-joshua-bardwell-edition\/","name":"RadioMaster TX16s MKII MAX ELRS V4.0 Joshua Bardwell Edition (Mode 2) - 1dronas.lt","isPartOf":{"@id":"https:\/\/1dronas.lt\/en\/#website"},"primaryImageOfPage":{"@id":"https:\/\/1dronas.lt\/en\/produktas\/radiomaster-tx16s-mkii-max-elrs-v4-0-joshua-bardwell-edition\/#primaryimage"},"image":{"@id":"https:\/\/1dronas.lt\/en\/produktas\/radiomaster-tx16s-mkii-max-elrs-v4-0-joshua-bardwell-edition\/#primaryimage"},"thumbnailUrl":"https:\/\/1dronas.lt\/wp-content\/uploads\/2024\/04\/JB_1800x1800-min.jpg","datePublished":"2024-04-06T19:56:24+00:00","dateModified":"2026-01-02T20:18:47+00:00","breadcrumb":{"@id":"https:\/\/1dronas.lt\/en\/produktas\/radiomaster-tx16s-mkii-max-elrs-v4-0-joshua-bardwell-edition\/#breadcrumb"},"inLanguage":"en-US","potentialAction":[{"@type":"ReadAction","target":["https:\/\/1dronas.lt\/en\/produktas\/radiomaster-tx16s-mkii-max-elrs-v4-0-joshua-bardwell-edition\/"]}]},{"@type":"ImageObject","inLanguage":"en-US","@id":"https:\/\/1dronas.lt\/en\/produktas\/radiomaster-tx16s-mkii-max-elrs-v4-0-joshua-bardwell-edition\/#primaryimage","url":"https:\/\/1dronas.lt\/wp-content\/uploads\/2024\/04\/JB_1800x1800-min.jpg","contentUrl":"https:\/\/1dronas.lt\/wp-content\/uploads\/2024\/04\/JB_1800x1800-min.jpg","width":1000,"height":1000},{"@type":"BreadcrumbList","@id":"https:\/\/1dronas.lt\/en\/produktas\/radiomaster-tx16s-mkii-max-elrs-v4-0-joshua-bardwell-edition\/#breadcrumb","itemListElement":[{"@type":"ListItem","position":1,"name":"Home","item":"https:\/\/1dronas.lt\/"},{"@type":"ListItem","position":2,"name":"Parduotuv\u0117","item":"https:\/\/1dronas.lt\/parduotuve\/"},{"@type":"ListItem","position":3,"name":"RadioMaster TX16s MKII MAX ELRS V4.0 Joshua Bardwell Edition (Mode 2)"}]},{"@type":"WebSite","@id":"https:\/\/1dronas.lt\/en\/#website","url":"https:\/\/1dronas.lt\/en\/","name":"1dronas.lt","description":"Online store","publisher":{"@id":"https:\/\/1dronas.lt\/en\/#organization"},"potentialAction":[{"@type":"SearchAction","target":{"@type":"EntryPoint","urlTemplate":"https:\/\/1dronas.lt\/en\/?s={search_term_string}"},"query-input":{"@type":"PropertyValueSpecification","valueRequired":true,"valueName":"search_term_string"}}],"inLanguage":"en-US"},{"@type":"Organization","@id":"https:\/\/1dronas.lt\/en\/#organization","name":"1dronas.lt","url":"https:\/\/1dronas.lt\/en\/","logo":{"@type":"ImageObject","inLanguage":"en-US","@id":"https:\/\/1dronas.lt\/en\/#\/schema\/logo\/image\/","url":"https:\/\/1dronas.lt\/wp-content\/uploads\/2020\/12\/Ekrano_kopija__2_-removebg-preview-1-1.png","contentUrl":"https:\/\/1dronas.lt\/wp-content\/uploads\/2020\/12\/Ekrano_kopija__2_-removebg-preview-1-1.png","width":234,"height":81,"caption":"1dronas.lt"},"image":{"@id":"https:\/\/1dronas.lt\/en\/#\/schema\/logo\/image\/"},"sameAs":["https:\/\/www.facebook.com\/1dronas\/"]}]}},"jetpack_sharing_enabled":true,"_links":{"self":[{"href":"https:\/\/1dronas.lt\/en\/wp-json\/wp\/v2\/product\/6045","targetHints":{"allow":["GET"]}}],"collection":[{"href":"https:\/\/1dronas.lt\/en\/wp-json\/wp\/v2\/product"}],"about":[{"href":"https:\/\/1dronas.lt\/en\/wp-json\/wp\/v2\/types\/product"}],"replies":[{"embeddable":true,"href":"https:\/\/1dronas.lt\/en\/wp-json\/wp\/v2\/comments?post=6045"}],"wp:featuredmedia":[{"embeddable":true,"href":"https:\/\/1dronas.lt\/en\/wp-json\/wp\/v2\/media\/6046"}],"wp:attachment":[{"href":"https:\/\/1dronas.lt\/en\/wp-json\/wp\/v2\/media?parent=6045"}],"wp:term":[{"taxonomy":"product_brand","embeddable":true,"href":"https:\/\/1dronas.lt\/en\/wp-json\/wp\/v2\/product_brand?post=6045"},{"taxonomy":"product_cat","embeddable":true,"href":"https:\/\/1dronas.lt\/en\/wp-json\/wp\/v2\/product_cat?post=6045"},{"taxonomy":"product_tag","embeddable":true,"href":"https:\/\/1dronas.lt\/en\/wp-json\/wp\/v2\/product_tag?post=6045"}],"curies":[{"name":"wp","href":"https:\/\/api.w.org\/{rel}","templated":true}]}}