{"id":6004,"date":"2024-03-26T09:25:32","date_gmt":"2024-03-26T09:25:32","guid":{"rendered":"https:\/\/1dronas.lt\/?post_type=product&#038;p=6004"},"modified":"2026-04-02T18:15:29","modified_gmt":"2026-04-02T15:15:29","slug":"bt2-0-female-male-adapter-cable-5vnt","status":"publish","type":"product","link":"https:\/\/1dronas.lt\/en\/produktas\/bt2-0-female-male-adapter-cable-5vnt\/","title":{"rendered":"BETAFPV BT2.0 Female-Male Adapter Cable (5pcs)"},"content":{"rendered":"<p>Exclusive female to male adapter cable for Aquila16 FPV kit, highly recommended for Aquila16 pilots. Since the kit only includes 2 charging adapter cables, it can be difficult to meet additional charging needs. However, this adapter cable is a convenient solution that allows you to effortlessly charge the Aquila16 Exclusive battery directly using a 6-port 1S battery charger and adapter or a 2S battery charger and voltage tester. It increases charging efficiency, saves time and space, simplifies operations, and makes control easier. Don&#039;t miss this essential accessory that will enhance the Aquila16 flying experience for beginners.<\/p>\n<p><img loading=\"lazy\" decoding=\"async\" class=\"alignnone size-full wp-image-6010\" src=\"https:\/\/1dronas.lt\/wp-content\/uploads\/2024\/03\/1_de38ee44-679e-4cf5-9ef6-98f3392152f8_1024x1024.jpg\" alt=\"\" width=\"1024\" height=\"576\" srcset=\"https:\/\/1dronas.lt\/wp-content\/uploads\/2024\/03\/1_de38ee44-679e-4cf5-9ef6-98f3392152f8_1024x1024.jpg 1024w, https:\/\/1dronas.lt\/wp-content\/uploads\/2024\/03\/1_de38ee44-679e-4cf5-9ef6-98f3392152f8_1024x1024-300x169.jpg 300w, https:\/\/1dronas.lt\/wp-content\/uploads\/2024\/03\/1_de38ee44-679e-4cf5-9ef6-98f3392152f8_1024x1024-768x432.jpg 768w, https:\/\/1dronas.lt\/wp-content\/uploads\/2024\/03\/1_de38ee44-679e-4cf5-9ef6-98f3392152f8_1024x1024-18x10.jpg 18w, https:\/\/1dronas.lt\/wp-content\/uploads\/2024\/03\/1_de38ee44-679e-4cf5-9ef6-98f3392152f8_1024x1024-510x287.jpg 510w\" sizes=\"auto, (max-width: 1024px) 100vw, 1024px\" \/><\/p>\n<p><strong>Specification:<\/strong><\/p>\n<p><b>\u2022\u00a0<\/b>Item: BT2.0 female to male adapter cable<br \/>\n<b>\u2022\u00a0<\/b>Length: 55 mm (excluding plug)<br \/>\n<b>\u2022\u00a0<\/b>Weight: 1.23g\/set<br \/>\n<b>\u2022\u00a0<\/b>Wire type: 22AWG<br \/>\n<b>\u2022\u00a0<\/b>Input port: BT2.0 male connector (connect BT2.0 charger)<br \/>\n<b>\u2022\u00a0<\/b>Output port: BT2.0 female connector (connect BT2.0 battery)<\/p>\n<p><img loading=\"lazy\" decoding=\"async\" class=\"alignnone size-full wp-image-6006\" src=\"https:\/\/1dronas.lt\/wp-content\/uploads\/2024\/03\/f7d7c897f798fc44c391847188c3ac79_df86f6ce-7290-49d0-b79b-299aa946cdc1_600x600.jpg\" alt=\"\" width=\"600\" height=\"240\" srcset=\"https:\/\/1dronas.lt\/wp-content\/uploads\/2024\/03\/f7d7c897f798fc44c391847188c3ac79_df86f6ce-7290-49d0-b79b-299aa946cdc1_600x600.jpg 600w, https:\/\/1dronas.lt\/wp-content\/uploads\/2024\/03\/f7d7c897f798fc44c391847188c3ac79_df86f6ce-7290-49d0-b79b-299aa946cdc1_600x600-300x120.jpg 300w, https:\/\/1dronas.lt\/wp-content\/uploads\/2024\/03\/f7d7c897f798fc44c391847188c3ac79_df86f6ce-7290-49d0-b79b-299aa946cdc1_600x600-18x7.jpg 18w, https:\/\/1dronas.lt\/wp-content\/uploads\/2024\/03\/f7d7c897f798fc44c391847188c3ac79_df86f6ce-7290-49d0-b79b-299aa946cdc1_600x600-510x204.jpg 510w\" sizes=\"auto, (max-width: 600px) 100vw, 600px\" \/><br \/>\n<em><span style=\"color: #ed1c24;\">Note: Blue indicates positive (+) and white indicates negative (-).<\/span><\/em><\/p>\n<p><strong>Package:<\/strong><\/p>\n<p>5 x BT2.0 female to male adapter cable.<\/p>\n<p><img loading=\"lazy\" decoding=\"async\" class=\"alignnone size-full wp-image-6005\" src=\"https:\/\/1dronas.lt\/wp-content\/uploads\/2024\/03\/3f89305fb1dabad87b9b93324e3c25cd_c318e131-4c7c-4cf5-a523-1ee625b62d10_480x480.jpg\" alt=\"\" width=\"480\" height=\"480\" srcset=\"https:\/\/1dronas.lt\/wp-content\/uploads\/2024\/03\/3f89305fb1dabad87b9b93324e3c25cd_c318e131-4c7c-4cf5-a523-1ee625b62d10_480x480.jpg 480w, https:\/\/1dronas.lt\/wp-content\/uploads\/2024\/03\/3f89305fb1dabad87b9b93324e3c25cd_c318e131-4c7c-4cf5-a523-1ee625b62d10_480x480-300x300.jpg 300w, https:\/\/1dronas.lt\/wp-content\/uploads\/2024\/03\/3f89305fb1dabad87b9b93324e3c25cd_c318e131-4c7c-4cf5-a523-1ee625b62d10_480x480-150x150.jpg 150w, https:\/\/1dronas.lt\/wp-content\/uploads\/2024\/03\/3f89305fb1dabad87b9b93324e3c25cd_c318e131-4c7c-4cf5-a523-1ee625b62d10_480x480-12x12.jpg 12w, https:\/\/1dronas.lt\/wp-content\/uploads\/2024\/03\/3f89305fb1dabad87b9b93324e3c25cd_c318e131-4c7c-4cf5-a523-1ee625b62d10_480x480-247x247.jpg 247w, https:\/\/1dronas.lt\/wp-content\/uploads\/2024\/03\/3f89305fb1dabad87b9b93324e3c25cd_c318e131-4c7c-4cf5-a523-1ee625b62d10_480x480-100x100.jpg 100w\" sizes=\"auto, (max-width: 480px) 100vw, 480px\" \/><\/p>\n<p>&nbsp;<\/p>","protected":false},"excerpt":{"rendered":"<p><span style=\"color: #333333;\">Exclusive female to male adapter cable for the Aquila16 FPV kit, highly recommended for Aquila16 pilots<\/span><\/p>\n<h4><span style=\"color: #333333;\"><strong><img loading=\"lazy\" decoding=\"async\" class=\"alignnone wp-image-1806\" src=\"https:\/\/1dronas.lt\/wp-content\/uploads\/2021\/05\/delivery-icon.png\" alt=\"\" width=\"24\" height=\"24\" srcset=\"https:\/\/1dronas.lt\/wp-content\/uploads\/2021\/05\/delivery-icon.png 35w, https:\/\/1dronas.lt\/wp-content\/uploads\/2021\/05\/delivery-icon-12x12.png 12w\" sizes=\"auto, (max-width: 24px) 100vw, 24px\" \/><\/strong><strong> \u00a0<\/strong><strong>1 \u2013 2 days<\/strong><\/span><\/h4>","protected":false},"featured_media":6008,"comment_status":"open","ping_status":"closed","template":"","meta":[],"product_brand":[489],"product_cat":[676],"product_tag":[340,374,96],"class_list":{"0":"post-6004","1":"product","2":"type-product","3":"status-publish","4":"has-post-thumbnail","6":"product_brand-betafpv","7":"product_cat-laidai-jungtys","8":"product_tag-adapteris","9":"product_tag-aquila16","10":"product_tag-bt2-0","12":"first","13":"instock","14":"taxable","15":"shipping-taxable","16":"purchasable","17":"product-type-simple"},"yoast_head":"<!-- This site is optimized with the Yoast SEO plugin v27.3 - https:\/\/yoast.com\/product\/yoast-seo-wordpress\/ -->\n<title>BETAFPV BT2.0 Female-Male Adapter Cable (5vnt) - 1dronas.lt<\/title>\n<meta name=\"robots\" content=\"index, follow, max-snippet:-1, max-image-preview:large, max-video-preview:-1\" \/>\n<link rel=\"canonical\" href=\"https:\/\/1dronas.lt\/en\/produktas\/bt2-0-female-male-adapter-cable-5vnt\/\" \/>\n<meta property=\"og:locale\" content=\"en_US\" \/>\n<meta property=\"og:type\" content=\"article\" \/>\n<meta property=\"og:title\" content=\"BETAFPV BT2.0 Female-Male Adapter Cable (5vnt) - 1dronas.lt\" \/>\n<meta property=\"og:description\" content=\"I\u0161skirtinis &quot;Aquila16 FPV&quot; rinkiniui skirtas moteri\u0161ko ir vyri\u0161ko tipo adapterio laidas, labai rekomenduojamas &quot;Aquila16&quot; pilotams  \u00a01 \u2013 2 d. d.\" \/>\n<meta property=\"og:url\" content=\"https:\/\/1dronas.lt\/en\/produktas\/bt2-0-female-male-adapter-cable-5vnt\/\" \/>\n<meta property=\"og:site_name\" content=\"1dronas.lt\" \/>\n<meta property=\"article:publisher\" content=\"https:\/\/www.facebook.com\/1dronas\/\" \/>\n<meta property=\"article:modified_time\" content=\"2026-04-02T15:15:29+00:00\" \/>\n<meta property=\"og:image\" content=\"https:\/\/1dronas.lt\/wp-content\/uploads\/2024\/03\/6391ace427ade714b70fb966024ae804_6bec30a3-ba1f-4e1f-afe9-299d89bbd34f_720x.jpg\" \/>\n\t<meta property=\"og:image:width\" content=\"720\" \/>\n\t<meta property=\"og:image:height\" content=\"719\" \/>\n\t<meta property=\"og:image:type\" content=\"image\/jpeg\" \/>\n<meta name=\"twitter:card\" content=\"summary_large_image\" \/>\n<meta name=\"twitter:label1\" content=\"Est. reading time\" \/>\n\t<meta name=\"twitter:data1\" content=\"2 minutes\" \/>\n<script type=\"application\/ld+json\" class=\"yoast-schema-graph\">{\"@context\":\"https:\\\/\\\/schema.org\",\"@graph\":[{\"@type\":\"WebPage\",\"@id\":\"https:\\\/\\\/1dronas.lt\\\/en\\\/produktas\\\/bt2-0-female-male-adapter-cable-5vnt\\\/\",\"url\":\"https:\\\/\\\/1dronas.lt\\\/en\\\/produktas\\\/bt2-0-female-male-adapter-cable-5vnt\\\/\",\"name\":\"BETAFPV BT2.0 Female-Male Adapter Cable (5vnt) - 1dronas.lt\",\"isPartOf\":{\"@id\":\"https:\\\/\\\/1dronas.lt\\\/en\\\/#website\"},\"primaryImageOfPage\":{\"@id\":\"https:\\\/\\\/1dronas.lt\\\/en\\\/produktas\\\/bt2-0-female-male-adapter-cable-5vnt\\\/#primaryimage\"},\"image\":{\"@id\":\"https:\\\/\\\/1dronas.lt\\\/en\\\/produktas\\\/bt2-0-female-male-adapter-cable-5vnt\\\/#primaryimage\"},\"thumbnailUrl\":\"https:\\\/\\\/1dronas.lt\\\/wp-content\\\/uploads\\\/2024\\\/03\\\/6391ace427ade714b70fb966024ae804_6bec30a3-ba1f-4e1f-afe9-299d89bbd34f_720x.jpg\",\"datePublished\":\"2024-03-26T09:25:32+00:00\",\"dateModified\":\"2026-04-02T15:15:29+00:00\",\"breadcrumb\":{\"@id\":\"https:\\\/\\\/1dronas.lt\\\/en\\\/produktas\\\/bt2-0-female-male-adapter-cable-5vnt\\\/#breadcrumb\"},\"inLanguage\":\"en-US\",\"potentialAction\":[{\"@type\":\"ReadAction\",\"target\":[\"https:\\\/\\\/1dronas.lt\\\/en\\\/produktas\\\/bt2-0-female-male-adapter-cable-5vnt\\\/\"]}]},{\"@type\":\"ImageObject\",\"inLanguage\":\"en-US\",\"@id\":\"https:\\\/\\\/1dronas.lt\\\/en\\\/produktas\\\/bt2-0-female-male-adapter-cable-5vnt\\\/#primaryimage\",\"url\":\"https:\\\/\\\/1dronas.lt\\\/wp-content\\\/uploads\\\/2024\\\/03\\\/6391ace427ade714b70fb966024ae804_6bec30a3-ba1f-4e1f-afe9-299d89bbd34f_720x.jpg\",\"contentUrl\":\"https:\\\/\\\/1dronas.lt\\\/wp-content\\\/uploads\\\/2024\\\/03\\\/6391ace427ade714b70fb966024ae804_6bec30a3-ba1f-4e1f-afe9-299d89bbd34f_720x.jpg\",\"width\":720,\"height\":719},{\"@type\":\"BreadcrumbList\",\"@id\":\"https:\\\/\\\/1dronas.lt\\\/en\\\/produktas\\\/bt2-0-female-male-adapter-cable-5vnt\\\/#breadcrumb\",\"itemListElement\":[{\"@type\":\"ListItem\",\"position\":1,\"name\":\"Home\",\"item\":\"https:\\\/\\\/1dronas.lt\\\/\"},{\"@type\":\"ListItem\",\"position\":2,\"name\":\"Parduotuv\u0117\",\"item\":\"https:\\\/\\\/1dronas.lt\\\/parduotuve\\\/\"},{\"@type\":\"ListItem\",\"position\":3,\"name\":\"BETAFPV BT2.0 Female-Male Adapter Cable (5vnt)\"}]},{\"@type\":\"WebSite\",\"@id\":\"https:\\\/\\\/1dronas.lt\\\/en\\\/#website\",\"url\":\"https:\\\/\\\/1dronas.lt\\\/en\\\/\",\"name\":\"1dronas.lt\",\"description\":\"Internetin\u0117 parduotuv\u0117\",\"publisher\":{\"@id\":\"https:\\\/\\\/1dronas.lt\\\/en\\\/#organization\"},\"potentialAction\":[{\"@type\":\"SearchAction\",\"target\":{\"@type\":\"EntryPoint\",\"urlTemplate\":\"https:\\\/\\\/1dronas.lt\\\/en\\\/?s={search_term_string}\"},\"query-input\":{\"@type\":\"PropertyValueSpecification\",\"valueRequired\":true,\"valueName\":\"search_term_string\"}}],\"inLanguage\":\"en-US\"},{\"@type\":\"Organization\",\"@id\":\"https:\\\/\\\/1dronas.lt\\\/en\\\/#organization\",\"name\":\"1dronas.lt\",\"url\":\"https:\\\/\\\/1dronas.lt\\\/en\\\/\",\"logo\":{\"@type\":\"ImageObject\",\"inLanguage\":\"en-US\",\"@id\":\"https:\\\/\\\/1dronas.lt\\\/en\\\/#\\\/schema\\\/logo\\\/image\\\/\",\"url\":\"https:\\\/\\\/1dronas.lt\\\/wp-content\\\/uploads\\\/2020\\\/12\\\/Ekrano_kopija__2_-removebg-preview-1-1.png\",\"contentUrl\":\"https:\\\/\\\/1dronas.lt\\\/wp-content\\\/uploads\\\/2020\\\/12\\\/Ekrano_kopija__2_-removebg-preview-1-1.png\",\"width\":234,\"height\":81,\"caption\":\"1dronas.lt\"},\"image\":{\"@id\":\"https:\\\/\\\/1dronas.lt\\\/en\\\/#\\\/schema\\\/logo\\\/image\\\/\"},\"sameAs\":[\"https:\\\/\\\/www.facebook.com\\\/1dronas\\\/\"]}]}<\/script>\n<!-- \/ Yoast SEO plugin. -->","yoast_head_json":{"title":"BETAFPV BT2.0 Female-Male Adapter Cable (5vnt) - 1dronas.lt","robots":{"index":"index","follow":"follow","max-snippet":"max-snippet:-1","max-image-preview":"max-image-preview:large","max-video-preview":"max-video-preview:-1"},"canonical":"https:\/\/1dronas.lt\/en\/produktas\/bt2-0-female-male-adapter-cable-5vnt\/","og_locale":"en_US","og_type":"article","og_title":"BETAFPV BT2.0 Female-Male Adapter Cable (5vnt) - 1dronas.lt","og_description":"I\u0161skirtinis \"Aquila16 FPV\" rinkiniui skirtas moteri\u0161ko ir vyri\u0161ko tipo adapterio laidas, labai rekomenduojamas \"Aquila16\" pilotams  \u00a01 \u2013 2 d. d.","og_url":"https:\/\/1dronas.lt\/en\/produktas\/bt2-0-female-male-adapter-cable-5vnt\/","og_site_name":"1dronas.lt","article_publisher":"https:\/\/www.facebook.com\/1dronas\/","article_modified_time":"2026-04-02T15:15:29+00:00","og_image":[{"width":720,"height":719,"url":"https:\/\/1dronas.lt\/wp-content\/uploads\/2024\/03\/6391ace427ade714b70fb966024ae804_6bec30a3-ba1f-4e1f-afe9-299d89bbd34f_720x.jpg","type":"image\/jpeg"}],"twitter_card":"summary_large_image","twitter_misc":{"Est. reading time":"2 minutes"},"schema":{"@context":"https:\/\/schema.org","@graph":[{"@type":"WebPage","@id":"https:\/\/1dronas.lt\/en\/produktas\/bt2-0-female-male-adapter-cable-5vnt\/","url":"https:\/\/1dronas.lt\/en\/produktas\/bt2-0-female-male-adapter-cable-5vnt\/","name":"BETAFPV BT2.0 Female-Male Adapter Cable (5vnt) - 1dronas.lt","isPartOf":{"@id":"https:\/\/1dronas.lt\/en\/#website"},"primaryImageOfPage":{"@id":"https:\/\/1dronas.lt\/en\/produktas\/bt2-0-female-male-adapter-cable-5vnt\/#primaryimage"},"image":{"@id":"https:\/\/1dronas.lt\/en\/produktas\/bt2-0-female-male-adapter-cable-5vnt\/#primaryimage"},"thumbnailUrl":"https:\/\/1dronas.lt\/wp-content\/uploads\/2024\/03\/6391ace427ade714b70fb966024ae804_6bec30a3-ba1f-4e1f-afe9-299d89bbd34f_720x.jpg","datePublished":"2024-03-26T09:25:32+00:00","dateModified":"2026-04-02T15:15:29+00:00","breadcrumb":{"@id":"https:\/\/1dronas.lt\/en\/produktas\/bt2-0-female-male-adapter-cable-5vnt\/#breadcrumb"},"inLanguage":"en-US","potentialAction":[{"@type":"ReadAction","target":["https:\/\/1dronas.lt\/en\/produktas\/bt2-0-female-male-adapter-cable-5vnt\/"]}]},{"@type":"ImageObject","inLanguage":"en-US","@id":"https:\/\/1dronas.lt\/en\/produktas\/bt2-0-female-male-adapter-cable-5vnt\/#primaryimage","url":"https:\/\/1dronas.lt\/wp-content\/uploads\/2024\/03\/6391ace427ade714b70fb966024ae804_6bec30a3-ba1f-4e1f-afe9-299d89bbd34f_720x.jpg","contentUrl":"https:\/\/1dronas.lt\/wp-content\/uploads\/2024\/03\/6391ace427ade714b70fb966024ae804_6bec30a3-ba1f-4e1f-afe9-299d89bbd34f_720x.jpg","width":720,"height":719},{"@type":"BreadcrumbList","@id":"https:\/\/1dronas.lt\/en\/produktas\/bt2-0-female-male-adapter-cable-5vnt\/#breadcrumb","itemListElement":[{"@type":"ListItem","position":1,"name":"Home","item":"https:\/\/1dronas.lt\/"},{"@type":"ListItem","position":2,"name":"Parduotuv\u0117","item":"https:\/\/1dronas.lt\/parduotuve\/"},{"@type":"ListItem","position":3,"name":"BETAFPV BT2.0 Female-Male Adapter Cable (5vnt)"}]},{"@type":"WebSite","@id":"https:\/\/1dronas.lt\/en\/#website","url":"https:\/\/1dronas.lt\/en\/","name":"1dronas.lt","description":"Online store","publisher":{"@id":"https:\/\/1dronas.lt\/en\/#organization"},"potentialAction":[{"@type":"SearchAction","target":{"@type":"EntryPoint","urlTemplate":"https:\/\/1dronas.lt\/en\/?s={search_term_string}"},"query-input":{"@type":"PropertyValueSpecification","valueRequired":true,"valueName":"search_term_string"}}],"inLanguage":"en-US"},{"@type":"Organization","@id":"https:\/\/1dronas.lt\/en\/#organization","name":"1dronas.lt","url":"https:\/\/1dronas.lt\/en\/","logo":{"@type":"ImageObject","inLanguage":"en-US","@id":"https:\/\/1dronas.lt\/en\/#\/schema\/logo\/image\/","url":"https:\/\/1dronas.lt\/wp-content\/uploads\/2020\/12\/Ekrano_kopija__2_-removebg-preview-1-1.png","contentUrl":"https:\/\/1dronas.lt\/wp-content\/uploads\/2020\/12\/Ekrano_kopija__2_-removebg-preview-1-1.png","width":234,"height":81,"caption":"1dronas.lt"},"image":{"@id":"https:\/\/1dronas.lt\/en\/#\/schema\/logo\/image\/"},"sameAs":["https:\/\/www.facebook.com\/1dronas\/"]}]}},"jetpack_sharing_enabled":true,"_links":{"self":[{"href":"https:\/\/1dronas.lt\/en\/wp-json\/wp\/v2\/product\/6004","targetHints":{"allow":["GET"]}}],"collection":[{"href":"https:\/\/1dronas.lt\/en\/wp-json\/wp\/v2\/product"}],"about":[{"href":"https:\/\/1dronas.lt\/en\/wp-json\/wp\/v2\/types\/product"}],"replies":[{"embeddable":true,"href":"https:\/\/1dronas.lt\/en\/wp-json\/wp\/v2\/comments?post=6004"}],"wp:featuredmedia":[{"embeddable":true,"href":"https:\/\/1dronas.lt\/en\/wp-json\/wp\/v2\/media\/6008"}],"wp:attachment":[{"href":"https:\/\/1dronas.lt\/en\/wp-json\/wp\/v2\/media?parent=6004"}],"wp:term":[{"taxonomy":"product_brand","embeddable":true,"href":"https:\/\/1dronas.lt\/en\/wp-json\/wp\/v2\/product_brand?post=6004"},{"taxonomy":"product_cat","embeddable":true,"href":"https:\/\/1dronas.lt\/en\/wp-json\/wp\/v2\/product_cat?post=6004"},{"taxonomy":"product_tag","embeddable":true,"href":"https:\/\/1dronas.lt\/en\/wp-json\/wp\/v2\/product_tag?post=6004"}],"curies":[{"name":"wp","href":"https:\/\/api.w.org\/{rel}","templated":true}]}}