{"id":5967,"date":"2024-03-13T19:52:29","date_gmt":"2024-03-13T19:52:29","guid":{"rendered":"https:\/\/1dronas.lt\/?post_type=product&#038;p=5967"},"modified":"2025-07-21T10:54:56","modified_gmt":"2025-07-21T10:54:56","slug":"betafpv-1103-11000kv-2s-8500kv-brushless-motors","status":"publish","type":"product","link":"https:\/\/1dronas.lt\/en\/produktas\/betafpv-1103-11000kv-2s-8500kv-brushless-motors\/","title":{"rendered":"BETAFPV 1103 11000KV 2S \/ 8500KV Brushless Motors"},"content":{"rendered":"<p><strong>Features:<\/strong><\/p>\n<p>\u2022 Manufacturer: BETAFPV;<br \/>\n\u2022 Model: 1103 Brushless Motors;<br \/>\n\u2022 KV: 11000KV 2S \/ 8500KV (optional).<\/p>\n<p><strong>Package:<\/strong><\/p>\n<p>4x 1103 Brushless Motors;<br \/>\n<span style=\"font-family: sans-serif;\">1x M1.6*4 screw set.<\/span><\/p>\n<p><img loading=\"lazy\" decoding=\"async\" class=\"alignnone wp-image-5973 size-full\" src=\"https:\/\/1dronas.lt\/wp-content\/uploads\/2024\/03\/829229129ae5d90f597f2b94bc9b2d83_370bc65f-4c80-4d22-b9d5-10f79d270477_600x600-min.jpg\" alt=\"\" width=\"600\" height=\"353\" srcset=\"https:\/\/1dronas.lt\/wp-content\/uploads\/2024\/03\/829229129ae5d90f597f2b94bc9b2d83_370bc65f-4c80-4d22-b9d5-10f79d270477_600x600-min.jpg 600w, https:\/\/1dronas.lt\/wp-content\/uploads\/2024\/03\/829229129ae5d90f597f2b94bc9b2d83_370bc65f-4c80-4d22-b9d5-10f79d270477_600x600-min-300x177.jpg 300w, https:\/\/1dronas.lt\/wp-content\/uploads\/2024\/03\/829229129ae5d90f597f2b94bc9b2d83_370bc65f-4c80-4d22-b9d5-10f79d270477_600x600-min-18x12.jpg 18w, https:\/\/1dronas.lt\/wp-content\/uploads\/2024\/03\/829229129ae5d90f597f2b94bc9b2d83_370bc65f-4c80-4d22-b9d5-10f79d270477_600x600-min-510x300.jpg 510w\" sizes=\"auto, (max-width: 600px) 100vw, 600px\" \/><\/p>","protected":false},"excerpt":{"rendered":"<p><span style=\"color: #000000;\">These motors are characterized by their low weight, lightness and smooth operation.<\/span>.<br \/>\n<span style=\"color: #000000;\"><strong><img loading=\"lazy\" decoding=\"async\" class=\"alignnone wp-image-1806\" src=\"https:\/\/1dronas.lt\/wp-content\/uploads\/2021\/05\/delivery-icon.png\" alt=\"\" width=\"24\" height=\"24\" srcset=\"https:\/\/1dronas.lt\/wp-content\/uploads\/2021\/05\/delivery-icon.png 35w, https:\/\/1dronas.lt\/wp-content\/uploads\/2021\/05\/delivery-icon-12x12.png 12w\" sizes=\"auto, (max-width: 24px) 100vw, 24px\" \/><\/strong><\/span><\/p>\n<p><strong> 1 \u2013 4 days<\/strong><\/p>","protected":false},"featured_media":5971,"comment_status":"open","ping_status":"closed","template":"","meta":[],"product_brand":[489],"product_cat":[101],"product_tag":[394,396,395,69],"class_list":{"0":"post-5967","1":"product","2":"type-product","3":"status-publish","4":"has-post-thumbnail","6":"product_brand-betafpv","7":"product_cat-motorai","8":"product_tag-11000kv","9":"product_tag-396","10":"product_tag-85000kv","11":"product_tag-betafpv","13":"first","14":"outofstock","15":"taxable","16":"shipping-taxable","17":"product-type-variable"},"yoast_head":"<!-- This site is optimized with the Yoast SEO plugin v27.5 - https:\/\/yoast.com\/product\/yoast-seo-wordpress\/ -->\n<title>BETAFPV 1103 11000KV 2S \/ 8500KV Brushless Motors - 1dronas.lt<\/title>\n<meta name=\"robots\" content=\"index, follow, max-snippet:-1, max-image-preview:large, max-video-preview:-1\" \/>\n<link rel=\"canonical\" href=\"https:\/\/1dronas.lt\/en\/produktas\/betafpv-1103-11000kv-2s-8500kv-brushless-motors\/\" \/>\n<meta property=\"og:locale\" content=\"en_US\" \/>\n<meta property=\"og:type\" content=\"article\" \/>\n<meta property=\"og:title\" content=\"BETAFPV 1103 11000KV 2S \/ 8500KV Brushless Motors - 1dronas.lt\" \/>\n<meta property=\"og:description\" content=\"\u0160ie motorai pasi\u017eymi savo ma\u017eu svoriu, lengvu bei skland\u017eiu veikimu.    1 \u2013 4 d. d.\" \/>\n<meta property=\"og:url\" content=\"https:\/\/1dronas.lt\/en\/produktas\/betafpv-1103-11000kv-2s-8500kv-brushless-motors\/\" \/>\n<meta property=\"og:site_name\" content=\"1dronas.lt\" \/>\n<meta property=\"article:publisher\" content=\"https:\/\/www.facebook.com\/1dronas\/\" \/>\n<meta property=\"article:modified_time\" content=\"2025-07-21T10:54:56+00:00\" \/>\n<meta property=\"og:image\" content=\"https:\/\/1dronas.lt\/wp-content\/uploads\/2024\/03\/3_cfa817b9-fdd1-4584-9483-29a3e412b2c5_1080x-min.jpg\" \/>\n\t<meta property=\"og:image:width\" content=\"1080\" \/>\n\t<meta property=\"og:image:height\" content=\"1080\" \/>\n\t<meta property=\"og:image:type\" content=\"image\/jpeg\" \/>\n<meta name=\"twitter:card\" content=\"summary_large_image\" \/>\n<meta name=\"twitter:label1\" content=\"Est. reading time\" \/>\n\t<meta name=\"twitter:data1\" content=\"1 minute\" \/>\n<script type=\"application\/ld+json\" class=\"yoast-schema-graph\">{\"@context\":\"https:\\\/\\\/schema.org\",\"@graph\":[{\"@type\":\"WebPage\",\"@id\":\"https:\\\/\\\/1dronas.lt\\\/en\\\/produktas\\\/betafpv-1103-11000kv-2s-8500kv-brushless-motors\\\/\",\"url\":\"https:\\\/\\\/1dronas.lt\\\/en\\\/produktas\\\/betafpv-1103-11000kv-2s-8500kv-brushless-motors\\\/\",\"name\":\"BETAFPV 1103 11000KV 2S \\\/ 8500KV Brushless Motors - 1dronas.lt\",\"isPartOf\":{\"@id\":\"https:\\\/\\\/1dronas.lt\\\/en\\\/#website\"},\"primaryImageOfPage\":{\"@id\":\"https:\\\/\\\/1dronas.lt\\\/en\\\/produktas\\\/betafpv-1103-11000kv-2s-8500kv-brushless-motors\\\/#primaryimage\"},\"image\":{\"@id\":\"https:\\\/\\\/1dronas.lt\\\/en\\\/produktas\\\/betafpv-1103-11000kv-2s-8500kv-brushless-motors\\\/#primaryimage\"},\"thumbnailUrl\":\"https:\\\/\\\/1dronas.lt\\\/wp-content\\\/uploads\\\/2024\\\/03\\\/3_cfa817b9-fdd1-4584-9483-29a3e412b2c5_1080x-min.jpg\",\"datePublished\":\"2024-03-13T19:52:29+00:00\",\"dateModified\":\"2025-07-21T10:54:56+00:00\",\"breadcrumb\":{\"@id\":\"https:\\\/\\\/1dronas.lt\\\/en\\\/produktas\\\/betafpv-1103-11000kv-2s-8500kv-brushless-motors\\\/#breadcrumb\"},\"inLanguage\":\"en-US\",\"potentialAction\":[{\"@type\":\"ReadAction\",\"target\":[\"https:\\\/\\\/1dronas.lt\\\/en\\\/produktas\\\/betafpv-1103-11000kv-2s-8500kv-brushless-motors\\\/\"]}]},{\"@type\":\"ImageObject\",\"inLanguage\":\"en-US\",\"@id\":\"https:\\\/\\\/1dronas.lt\\\/en\\\/produktas\\\/betafpv-1103-11000kv-2s-8500kv-brushless-motors\\\/#primaryimage\",\"url\":\"https:\\\/\\\/1dronas.lt\\\/wp-content\\\/uploads\\\/2024\\\/03\\\/3_cfa817b9-fdd1-4584-9483-29a3e412b2c5_1080x-min.jpg\",\"contentUrl\":\"https:\\\/\\\/1dronas.lt\\\/wp-content\\\/uploads\\\/2024\\\/03\\\/3_cfa817b9-fdd1-4584-9483-29a3e412b2c5_1080x-min.jpg\",\"width\":1080,\"height\":1080},{\"@type\":\"BreadcrumbList\",\"@id\":\"https:\\\/\\\/1dronas.lt\\\/en\\\/produktas\\\/betafpv-1103-11000kv-2s-8500kv-brushless-motors\\\/#breadcrumb\",\"itemListElement\":[{\"@type\":\"ListItem\",\"position\":1,\"name\":\"Home\",\"item\":\"https:\\\/\\\/1dronas.lt\\\/\"},{\"@type\":\"ListItem\",\"position\":2,\"name\":\"Parduotuv\u0117\",\"item\":\"https:\\\/\\\/1dronas.lt\\\/parduotuve\\\/\"},{\"@type\":\"ListItem\",\"position\":3,\"name\":\"BETAFPV 1103 11000KV 2S \\\/ 8500KV Brushless Motors\"}]},{\"@type\":\"WebSite\",\"@id\":\"https:\\\/\\\/1dronas.lt\\\/en\\\/#website\",\"url\":\"https:\\\/\\\/1dronas.lt\\\/en\\\/\",\"name\":\"1dronas.lt\",\"description\":\"Internetin\u0117 parduotuv\u0117\",\"publisher\":{\"@id\":\"https:\\\/\\\/1dronas.lt\\\/en\\\/#organization\"},\"potentialAction\":[{\"@type\":\"SearchAction\",\"target\":{\"@type\":\"EntryPoint\",\"urlTemplate\":\"https:\\\/\\\/1dronas.lt\\\/en\\\/?s={search_term_string}\"},\"query-input\":{\"@type\":\"PropertyValueSpecification\",\"valueRequired\":true,\"valueName\":\"search_term_string\"}}],\"inLanguage\":\"en-US\"},{\"@type\":\"Organization\",\"@id\":\"https:\\\/\\\/1dronas.lt\\\/en\\\/#organization\",\"name\":\"1dronas.lt\",\"url\":\"https:\\\/\\\/1dronas.lt\\\/en\\\/\",\"logo\":{\"@type\":\"ImageObject\",\"inLanguage\":\"en-US\",\"@id\":\"https:\\\/\\\/1dronas.lt\\\/en\\\/#\\\/schema\\\/logo\\\/image\\\/\",\"url\":\"https:\\\/\\\/1dronas.lt\\\/wp-content\\\/uploads\\\/2020\\\/12\\\/Ekrano_kopija__2_-removebg-preview-1-1.png\",\"contentUrl\":\"https:\\\/\\\/1dronas.lt\\\/wp-content\\\/uploads\\\/2020\\\/12\\\/Ekrano_kopija__2_-removebg-preview-1-1.png\",\"width\":234,\"height\":81,\"caption\":\"1dronas.lt\"},\"image\":{\"@id\":\"https:\\\/\\\/1dronas.lt\\\/en\\\/#\\\/schema\\\/logo\\\/image\\\/\"},\"sameAs\":[\"https:\\\/\\\/www.facebook.com\\\/1dronas\\\/\"]}]}<\/script>\n<!-- \/ Yoast SEO plugin. -->","yoast_head_json":{"title":"BETAFPV 1103 11000KV 2S \/ 8500KV Brushless Motors - 1dronas.lt","robots":{"index":"index","follow":"follow","max-snippet":"max-snippet:-1","max-image-preview":"max-image-preview:large","max-video-preview":"max-video-preview:-1"},"canonical":"https:\/\/1dronas.lt\/en\/produktas\/betafpv-1103-11000kv-2s-8500kv-brushless-motors\/","og_locale":"en_US","og_type":"article","og_title":"BETAFPV 1103 11000KV 2S \/ 8500KV Brushless Motors - 1dronas.lt","og_description":"\u0160ie motorai pasi\u017eymi savo ma\u017eu svoriu, lengvu bei skland\u017eiu veikimu.    1 \u2013 4 d. d.","og_url":"https:\/\/1dronas.lt\/en\/produktas\/betafpv-1103-11000kv-2s-8500kv-brushless-motors\/","og_site_name":"1dronas.lt","article_publisher":"https:\/\/www.facebook.com\/1dronas\/","article_modified_time":"2025-07-21T10:54:56+00:00","og_image":[{"width":1080,"height":1080,"url":"https:\/\/1dronas.lt\/wp-content\/uploads\/2024\/03\/3_cfa817b9-fdd1-4584-9483-29a3e412b2c5_1080x-min.jpg","type":"image\/jpeg"}],"twitter_card":"summary_large_image","twitter_misc":{"Est. reading time":"1 minute"},"schema":{"@context":"https:\/\/schema.org","@graph":[{"@type":"WebPage","@id":"https:\/\/1dronas.lt\/en\/produktas\/betafpv-1103-11000kv-2s-8500kv-brushless-motors\/","url":"https:\/\/1dronas.lt\/en\/produktas\/betafpv-1103-11000kv-2s-8500kv-brushless-motors\/","name":"BETAFPV 1103 11000KV 2S \/ 8500KV Brushless Motors - 1dronas.lt","isPartOf":{"@id":"https:\/\/1dronas.lt\/en\/#website"},"primaryImageOfPage":{"@id":"https:\/\/1dronas.lt\/en\/produktas\/betafpv-1103-11000kv-2s-8500kv-brushless-motors\/#primaryimage"},"image":{"@id":"https:\/\/1dronas.lt\/en\/produktas\/betafpv-1103-11000kv-2s-8500kv-brushless-motors\/#primaryimage"},"thumbnailUrl":"https:\/\/1dronas.lt\/wp-content\/uploads\/2024\/03\/3_cfa817b9-fdd1-4584-9483-29a3e412b2c5_1080x-min.jpg","datePublished":"2024-03-13T19:52:29+00:00","dateModified":"2025-07-21T10:54:56+00:00","breadcrumb":{"@id":"https:\/\/1dronas.lt\/en\/produktas\/betafpv-1103-11000kv-2s-8500kv-brushless-motors\/#breadcrumb"},"inLanguage":"en-US","potentialAction":[{"@type":"ReadAction","target":["https:\/\/1dronas.lt\/en\/produktas\/betafpv-1103-11000kv-2s-8500kv-brushless-motors\/"]}]},{"@type":"ImageObject","inLanguage":"en-US","@id":"https:\/\/1dronas.lt\/en\/produktas\/betafpv-1103-11000kv-2s-8500kv-brushless-motors\/#primaryimage","url":"https:\/\/1dronas.lt\/wp-content\/uploads\/2024\/03\/3_cfa817b9-fdd1-4584-9483-29a3e412b2c5_1080x-min.jpg","contentUrl":"https:\/\/1dronas.lt\/wp-content\/uploads\/2024\/03\/3_cfa817b9-fdd1-4584-9483-29a3e412b2c5_1080x-min.jpg","width":1080,"height":1080},{"@type":"BreadcrumbList","@id":"https:\/\/1dronas.lt\/en\/produktas\/betafpv-1103-11000kv-2s-8500kv-brushless-motors\/#breadcrumb","itemListElement":[{"@type":"ListItem","position":1,"name":"Home","item":"https:\/\/1dronas.lt\/"},{"@type":"ListItem","position":2,"name":"Parduotuv\u0117","item":"https:\/\/1dronas.lt\/parduotuve\/"},{"@type":"ListItem","position":3,"name":"BETAFPV 1103 11000KV 2S \/ 8500KV Brushless Motors"}]},{"@type":"WebSite","@id":"https:\/\/1dronas.lt\/en\/#website","url":"https:\/\/1dronas.lt\/en\/","name":"1dronas.lt","description":"Online store","publisher":{"@id":"https:\/\/1dronas.lt\/en\/#organization"},"potentialAction":[{"@type":"SearchAction","target":{"@type":"EntryPoint","urlTemplate":"https:\/\/1dronas.lt\/en\/?s={search_term_string}"},"query-input":{"@type":"PropertyValueSpecification","valueRequired":true,"valueName":"search_term_string"}}],"inLanguage":"en-US"},{"@type":"Organization","@id":"https:\/\/1dronas.lt\/en\/#organization","name":"1dronas.lt","url":"https:\/\/1dronas.lt\/en\/","logo":{"@type":"ImageObject","inLanguage":"en-US","@id":"https:\/\/1dronas.lt\/en\/#\/schema\/logo\/image\/","url":"https:\/\/1dronas.lt\/wp-content\/uploads\/2020\/12\/Ekrano_kopija__2_-removebg-preview-1-1.png","contentUrl":"https:\/\/1dronas.lt\/wp-content\/uploads\/2020\/12\/Ekrano_kopija__2_-removebg-preview-1-1.png","width":234,"height":81,"caption":"1dronas.lt"},"image":{"@id":"https:\/\/1dronas.lt\/en\/#\/schema\/logo\/image\/"},"sameAs":["https:\/\/www.facebook.com\/1dronas\/"]}]}},"jetpack_sharing_enabled":true,"_links":{"self":[{"href":"https:\/\/1dronas.lt\/en\/wp-json\/wp\/v2\/product\/5967","targetHints":{"allow":["GET"]}}],"collection":[{"href":"https:\/\/1dronas.lt\/en\/wp-json\/wp\/v2\/product"}],"about":[{"href":"https:\/\/1dronas.lt\/en\/wp-json\/wp\/v2\/types\/product"}],"replies":[{"embeddable":true,"href":"https:\/\/1dronas.lt\/en\/wp-json\/wp\/v2\/comments?post=5967"}],"wp:featuredmedia":[{"embeddable":true,"href":"https:\/\/1dronas.lt\/en\/wp-json\/wp\/v2\/media\/5971"}],"wp:attachment":[{"href":"https:\/\/1dronas.lt\/en\/wp-json\/wp\/v2\/media?parent=5967"}],"wp:term":[{"taxonomy":"product_brand","embeddable":true,"href":"https:\/\/1dronas.lt\/en\/wp-json\/wp\/v2\/product_brand?post=5967"},{"taxonomy":"product_cat","embeddable":true,"href":"https:\/\/1dronas.lt\/en\/wp-json\/wp\/v2\/product_cat?post=5967"},{"taxonomy":"product_tag","embeddable":true,"href":"https:\/\/1dronas.lt\/en\/wp-json\/wp\/v2\/product_tag?post=5967"}],"curies":[{"name":"wp","href":"https:\/\/api.w.org\/{rel}","templated":true}]}}