{"id":5933,"date":"2024-03-07T18:50:11","date_gmt":"2024-03-07T18:50:11","guid":{"rendered":"https:\/\/1dronas.lt\/?post_type=product&#038;p=5933"},"modified":"2026-01-02T22:18:53","modified_gmt":"2026-01-02T20:18:53","slug":"radiomaster-ag01-mini-cnc-hall-gimbal-set-for-tx12-zorro","status":"publish","type":"product","link":"https:\/\/1dronas.lt\/en\/produktas\/radiomaster-ag01-mini-cnc-hall-gimbal-set-for-tx12-zorro\/","title":{"rendered":"RadioMaster AG01 Mini CNC Hall Gimbal set for TX12 &amp; Zorro"},"content":{"rendered":"<p>The long-awaited AG01 Mini is finally here! Specially designed gimbals for the RadioMaster Zorro and TX12 provide unparalleled precision and control. Aircraft-grade aluminum construction, non-contact Hall sensors, and pre-installed Sticky360 Mini Gimbal.<\/p>\n<p><iframe loading=\"lazy\" title=\"AG01 MINI CNC Hall Gimbals for TX12 &amp; Zorro\" width=\"1020\" height=\"574\" src=\"https:\/\/www.youtube.com\/embed\/rfHTtaWnKOs?feature=oembed\" frameborder=\"0\" allow=\"accelerometer; autoplay; clipboard-write; encrypted-media; gyroscope; picture-in-picture; web-share\" referrerpolicy=\"strict-origin-when-cross-origin\" allowfullscreen><\/iframe><\/p>\n<p><strong>Specification:<\/strong><\/p>\n<p><strong>\u2022 <\/strong>Product: AG01 CNC Hall Gimbals Kits;<br \/>\n<strong>\u2022 <\/strong>Colors: Black;<br \/>\n<strong>\u2022 <\/strong>Sensor type: HALL;<br \/>\n<strong>\u2022 <\/strong>Operating voltage: DC 3.3V<br \/>\n<strong>\u2022 <\/strong>Linearity: Real-time (no delay);<br \/>\n<strong>\u2022 <\/strong>Adjustable position range: 38\u00b0-54\u00b0;<br \/>\n<strong>\u2022 <\/strong>Adjustable mode: Yes;<br \/>\n<strong>\u2022 <\/strong>Adjustable tension: Yes;<br \/>\n<strong>\u2022 <\/strong>Four-bearing: Yes;<br \/>\n<strong>\u2022 <\/strong>Temperature range: -20\u00b0C-85\u00b0C;<br \/>\n<strong>\u2022 <\/strong>Size: 49*42*48mm;<br \/>\n<strong>\u2022 <\/strong>Weight: 42g\/set.<\/p>\n\t<div id=\"accordion-1210018873\" class=\"accordion-item\">\n\t\t<a id=\"accordion-1210018873-label\" class=\"accordion-title plain\" href=\"#accordion-item-daugiau\" aria-expanded=\"false\" aria-controls=\"accordion-1210018873-content\">\n\t\t\t<button class=\"toggle\" aria-label=\"Toggle\"><i class=\"icon-angle-down\" aria-hidden=\"true\"><\/i><\/button>\n\t\t\t<span>More<\/span>\n\t\t<\/a>\n\t\t<div id=\"accordion-1210018873-content\" class=\"accordion-inner\" aria-labelledby=\"accordion-1210018873-label\">\n\t\t\t\n<p><strong>For Zorro remote control<\/strong><\/p>\n<p>The Zorro radio is configured as a Mode 1 or Mode 2 unit using the screws located on the rear housing of the radio. Both joysticks on the Zorro radio should be installed in a self-centering configuration (default settings out of the box). Once the radio is installed, the screws located on the rear housing of the Zorro will help you set the desired throttle control.<\/p>\n<p><strong>For TX12 remote control<\/strong><\/p>\n<p>Before installing joysticks to the radio receiver, one control must be set as throttle and the other as self-centering.<br \/>\n1. Using the supplied screws (see parts bag), hold the centering lever and position the cardan shaft as the throttle cardan shaft.<br \/>\n2. Adjust the throttle tension rod until you reach the desired tension.<\/p>\n<p><img loading=\"lazy\" decoding=\"async\" class=\"alignnone wp-image-5936 size-full\" src=\"https:\/\/1dronas.lt\/wp-content\/uploads\/2024\/03\/1_9a1e86f7-1fdf-4a72-bed1-a29c48dd998d_600x600-min.jpeg\" alt=\"\" width=\"279\" height=\"276\" srcset=\"https:\/\/1dronas.lt\/wp-content\/uploads\/2024\/03\/1_9a1e86f7-1fdf-4a72-bed1-a29c48dd998d_600x600-min.jpeg 279w, https:\/\/1dronas.lt\/wp-content\/uploads\/2024\/03\/1_9a1e86f7-1fdf-4a72-bed1-a29c48dd998d_600x600-min-12x12.jpeg 12w, https:\/\/1dronas.lt\/wp-content\/uploads\/2024\/03\/1_9a1e86f7-1fdf-4a72-bed1-a29c48dd998d_600x600-min-100x100.jpeg 100w\" sizes=\"auto, (max-width: 279px) 100vw, 279px\" \/><\/p>\n<p><strong>Size<\/strong><\/p>\n<p><img loading=\"lazy\" decoding=\"async\" class=\"alignnone wp-image-5950 size-full\" src=\"https:\/\/1dronas.lt\/wp-content\/uploads\/2024\/03\/AG01-mini-size_1024x1024-min.jpg\" alt=\"\" width=\"1024\" height=\"575\" srcset=\"https:\/\/1dronas.lt\/wp-content\/uploads\/2024\/03\/AG01-mini-size_1024x1024-min.jpg 1024w, https:\/\/1dronas.lt\/wp-content\/uploads\/2024\/03\/AG01-mini-size_1024x1024-min-300x168.jpg 300w, https:\/\/1dronas.lt\/wp-content\/uploads\/2024\/03\/AG01-mini-size_1024x1024-min-768x431.jpg 768w, https:\/\/1dronas.lt\/wp-content\/uploads\/2024\/03\/AG01-mini-size_1024x1024-min-18x10.jpg 18w, https:\/\/1dronas.lt\/wp-content\/uploads\/2024\/03\/AG01-mini-size_1024x1024-min-510x286.jpg 510w\" sizes=\"auto, (max-width: 1024px) 100vw, 1024px\" \/><\/p>\n<p><img loading=\"lazy\" decoding=\"async\" class=\"alignnone wp-image-5938 size-full\" src=\"https:\/\/1dronas.lt\/wp-content\/uploads\/2024\/03\/AG01-MINI_PC_EN_02_1024x1024-min.jpg\" alt=\"\" width=\"1024\" height=\"575\" srcset=\"https:\/\/1dronas.lt\/wp-content\/uploads\/2024\/03\/AG01-MINI_PC_EN_02_1024x1024-min.jpg 1024w, https:\/\/1dronas.lt\/wp-content\/uploads\/2024\/03\/AG01-MINI_PC_EN_02_1024x1024-min-300x168.jpg 300w, https:\/\/1dronas.lt\/wp-content\/uploads\/2024\/03\/AG01-MINI_PC_EN_02_1024x1024-min-768x431.jpg 768w, https:\/\/1dronas.lt\/wp-content\/uploads\/2024\/03\/AG01-MINI_PC_EN_02_1024x1024-min-18x10.jpg 18w, https:\/\/1dronas.lt\/wp-content\/uploads\/2024\/03\/AG01-MINI_PC_EN_02_1024x1024-min-510x286.jpg 510w\" sizes=\"auto, (max-width: 1024px) 100vw, 1024px\" \/> <img loading=\"lazy\" decoding=\"async\" class=\"alignnone wp-image-5939 size-full\" src=\"https:\/\/1dronas.lt\/wp-content\/uploads\/2024\/03\/AG01-MINI_PC_EN_03_1024x1024-min.jpg\" alt=\"\" width=\"1024\" height=\"575\" srcset=\"https:\/\/1dronas.lt\/wp-content\/uploads\/2024\/03\/AG01-MINI_PC_EN_03_1024x1024-min.jpg 1024w, https:\/\/1dronas.lt\/wp-content\/uploads\/2024\/03\/AG01-MINI_PC_EN_03_1024x1024-min-300x168.jpg 300w, https:\/\/1dronas.lt\/wp-content\/uploads\/2024\/03\/AG01-MINI_PC_EN_03_1024x1024-min-768x431.jpg 768w, https:\/\/1dronas.lt\/wp-content\/uploads\/2024\/03\/AG01-MINI_PC_EN_03_1024x1024-min-18x10.jpg 18w, https:\/\/1dronas.lt\/wp-content\/uploads\/2024\/03\/AG01-MINI_PC_EN_03_1024x1024-min-510x286.jpg 510w\" sizes=\"auto, (max-width: 1024px) 100vw, 1024px\" \/> <img loading=\"lazy\" decoding=\"async\" class=\"alignnone wp-image-5940 size-full\" src=\"https:\/\/1dronas.lt\/wp-content\/uploads\/2024\/03\/AG01-MINI_PC_EN_04_1024x1024-min.jpg\" alt=\"\" width=\"1024\" height=\"575\" srcset=\"https:\/\/1dronas.lt\/wp-content\/uploads\/2024\/03\/AG01-MINI_PC_EN_04_1024x1024-min.jpg 1024w, https:\/\/1dronas.lt\/wp-content\/uploads\/2024\/03\/AG01-MINI_PC_EN_04_1024x1024-min-300x168.jpg 300w, https:\/\/1dronas.lt\/wp-content\/uploads\/2024\/03\/AG01-MINI_PC_EN_04_1024x1024-min-768x431.jpg 768w, https:\/\/1dronas.lt\/wp-content\/uploads\/2024\/03\/AG01-MINI_PC_EN_04_1024x1024-min-18x10.jpg 18w, https:\/\/1dronas.lt\/wp-content\/uploads\/2024\/03\/AG01-MINI_PC_EN_04_1024x1024-min-510x286.jpg 510w\" sizes=\"auto, (max-width: 1024px) 100vw, 1024px\" \/> <img loading=\"lazy\" decoding=\"async\" class=\"alignnone wp-image-5941 size-full\" src=\"https:\/\/1dronas.lt\/wp-content\/uploads\/2024\/03\/AG01-MINI_PC_EN_05_1024x1024-min.jpg\" alt=\"\" width=\"1024\" height=\"575\" srcset=\"https:\/\/1dronas.lt\/wp-content\/uploads\/2024\/03\/AG01-MINI_PC_EN_05_1024x1024-min.jpg 1024w, https:\/\/1dronas.lt\/wp-content\/uploads\/2024\/03\/AG01-MINI_PC_EN_05_1024x1024-min-300x168.jpg 300w, https:\/\/1dronas.lt\/wp-content\/uploads\/2024\/03\/AG01-MINI_PC_EN_05_1024x1024-min-768x431.jpg 768w, https:\/\/1dronas.lt\/wp-content\/uploads\/2024\/03\/AG01-MINI_PC_EN_05_1024x1024-min-18x10.jpg 18w, https:\/\/1dronas.lt\/wp-content\/uploads\/2024\/03\/AG01-MINI_PC_EN_05_1024x1024-min-510x286.jpg 510w\" sizes=\"auto, (max-width: 1024px) 100vw, 1024px\" \/> <img loading=\"lazy\" decoding=\"async\" class=\"alignnone wp-image-5942 size-full\" src=\"https:\/\/1dronas.lt\/wp-content\/uploads\/2024\/03\/AG01-MINI_PC_EN_06_1024x1024-min.jpg\" alt=\"\" width=\"1024\" height=\"575\" srcset=\"https:\/\/1dronas.lt\/wp-content\/uploads\/2024\/03\/AG01-MINI_PC_EN_06_1024x1024-min.jpg 1024w, https:\/\/1dronas.lt\/wp-content\/uploads\/2024\/03\/AG01-MINI_PC_EN_06_1024x1024-min-300x168.jpg 300w, https:\/\/1dronas.lt\/wp-content\/uploads\/2024\/03\/AG01-MINI_PC_EN_06_1024x1024-min-768x431.jpg 768w, https:\/\/1dronas.lt\/wp-content\/uploads\/2024\/03\/AG01-MINI_PC_EN_06_1024x1024-min-18x10.jpg 18w, https:\/\/1dronas.lt\/wp-content\/uploads\/2024\/03\/AG01-MINI_PC_EN_06_1024x1024-min-510x286.jpg 510w\" sizes=\"auto, (max-width: 1024px) 100vw, 1024px\" \/> <img loading=\"lazy\" decoding=\"async\" class=\"alignnone wp-image-5943 size-full\" src=\"https:\/\/1dronas.lt\/wp-content\/uploads\/2024\/03\/AG01-MINI_PC_EN_07_1024x1024-min.jpg\" alt=\"\" width=\"1024\" height=\"575\" srcset=\"https:\/\/1dronas.lt\/wp-content\/uploads\/2024\/03\/AG01-MINI_PC_EN_07_1024x1024-min.jpg 1024w, https:\/\/1dronas.lt\/wp-content\/uploads\/2024\/03\/AG01-MINI_PC_EN_07_1024x1024-min-300x168.jpg 300w, https:\/\/1dronas.lt\/wp-content\/uploads\/2024\/03\/AG01-MINI_PC_EN_07_1024x1024-min-768x431.jpg 768w, https:\/\/1dronas.lt\/wp-content\/uploads\/2024\/03\/AG01-MINI_PC_EN_07_1024x1024-min-18x10.jpg 18w, https:\/\/1dronas.lt\/wp-content\/uploads\/2024\/03\/AG01-MINI_PC_EN_07_1024x1024-min-510x286.jpg 510w\" sizes=\"auto, (max-width: 1024px) 100vw, 1024px\" \/><\/p>\n\t\t<\/div>\n\t<\/div>\n\t\n<p><strong>Package:<\/strong><\/p>\n<p>1x AG01 Mini CNC Hall Gimbal;<br \/>\n8x Screws;<br \/>\n2x Hexagonal screwdrivers;<br \/>\n2x Spare tension springs;<br \/>\n2x Accelerator tension springs.<\/p>\n<p><img loading=\"lazy\" decoding=\"async\" class=\"alignnone wp-image-5944 size-full\" src=\"https:\/\/1dronas.lt\/wp-content\/uploads\/2024\/03\/AG01-MINI_PC_EN_10_600x600-min.jpg\" alt=\"\" width=\"600\" height=\"337\" srcset=\"https:\/\/1dronas.lt\/wp-content\/uploads\/2024\/03\/AG01-MINI_PC_EN_10_600x600-min.jpg 600w, https:\/\/1dronas.lt\/wp-content\/uploads\/2024\/03\/AG01-MINI_PC_EN_10_600x600-min-300x169.jpg 300w, https:\/\/1dronas.lt\/wp-content\/uploads\/2024\/03\/AG01-MINI_PC_EN_10_600x600-min-18x10.jpg 18w, https:\/\/1dronas.lt\/wp-content\/uploads\/2024\/03\/AG01-MINI_PC_EN_10_600x600-min-510x286.jpg 510w\" sizes=\"auto, (max-width: 600px) 100vw, 600px\" \/><\/p>","protected":false},"excerpt":{"rendered":"<p><span style=\"color: #000000;\">These gimbals provide unparalleled precision and control feel<\/span><\/p>\n<p><span style=\"color: #000000;\"><img loading=\"lazy\" decoding=\"async\" class=\"alignnone wp-image-1806\" src=\"https:\/\/1dronas.lt\/wp-content\/uploads\/2021\/05\/delivery-icon.png\" alt=\"\" width=\"24\" height=\"24\" srcset=\"https:\/\/1dronas.lt\/wp-content\/uploads\/2021\/05\/delivery-icon.png 35w, https:\/\/1dronas.lt\/wp-content\/uploads\/2021\/05\/delivery-icon-12x12.png 12w\" sizes=\"auto, (max-width: 24px) 100vw, 24px\" \/>\u00a0<strong>1 \u2013 2 days<\/strong><\/span><\/p>","protected":false},"featured_media":5947,"comment_status":"open","ping_status":"closed","template":"","meta":[],"product_brand":[497],"product_cat":[388],"product_tag":[391,350,357],"class_list":{"0":"post-5933","1":"product","2":"type-product","3":"status-publish","4":"has-post-thumbnail","6":"product_brand-radiomaster","7":"product_cat-vairasvirtes","8":"product_tag-ag01-mini","9":"product_tag-gimbal","10":"product_tag-radiomaster","12":"first","13":"instock","14":"taxable","15":"shipping-taxable","16":"purchasable","17":"product-type-simple"},"yoast_head":"<!-- This site is optimized with the Yoast SEO plugin v27.3 - https:\/\/yoast.com\/product\/yoast-seo-wordpress\/ -->\n<title>RadioMaster AG01 Mini CNC Hall Gimbal set for TX12 &amp; Zorro - 1dronas.lt<\/title>\n<meta name=\"robots\" content=\"index, follow, max-snippet:-1, max-image-preview:large, max-video-preview:-1\" \/>\n<link rel=\"canonical\" href=\"https:\/\/1dronas.lt\/en\/produktas\/radiomaster-ag01-mini-cnc-hall-gimbal-set-for-tx12-zorro\/\" \/>\n<meta property=\"og:locale\" content=\"en_US\" \/>\n<meta property=\"og:type\" content=\"article\" \/>\n<meta property=\"og:title\" content=\"RadioMaster AG01 Mini CNC Hall Gimbal set for TX12 &amp; Zorro - 1dronas.lt\" \/>\n<meta property=\"og:description\" content=\"\u0160ie gimbalai u\u017etikrina neprilygstam\u0105 tikslum\u0105 ir valdymo poj\u016bt\u012f  \u00a01 \u2013 2 d. d.\" \/>\n<meta property=\"og:url\" content=\"https:\/\/1dronas.lt\/en\/produktas\/radiomaster-ag01-mini-cnc-hall-gimbal-set-for-tx12-zorro\/\" \/>\n<meta property=\"og:site_name\" content=\"1dronas.lt\" \/>\n<meta property=\"article:publisher\" content=\"https:\/\/www.facebook.com\/1dronas\/\" \/>\n<meta property=\"article:modified_time\" content=\"2026-01-02T20:18:53+00:00\" \/>\n<meta property=\"og:image\" content=\"https:\/\/1dronas.lt\/wp-content\/uploads\/2024\/03\/AG01-MINI-_1000PX-05_1800x1800-min.jpg\" \/>\n\t<meta property=\"og:image:width\" content=\"1000\" \/>\n\t<meta property=\"og:image:height\" content=\"1000\" \/>\n\t<meta property=\"og:image:type\" content=\"image\/jpeg\" \/>\n<meta name=\"twitter:card\" content=\"summary_large_image\" \/>\n<meta name=\"twitter:label1\" content=\"Est. reading time\" \/>\n\t<meta name=\"twitter:data1\" content=\"4 minutes\" \/>\n<script type=\"application\/ld+json\" class=\"yoast-schema-graph\">{\"@context\":\"https:\\\/\\\/schema.org\",\"@graph\":[{\"@type\":\"WebPage\",\"@id\":\"https:\\\/\\\/1dronas.lt\\\/en\\\/produktas\\\/radiomaster-ag01-mini-cnc-hall-gimbal-set-for-tx12-zorro\\\/\",\"url\":\"https:\\\/\\\/1dronas.lt\\\/en\\\/produktas\\\/radiomaster-ag01-mini-cnc-hall-gimbal-set-for-tx12-zorro\\\/\",\"name\":\"RadioMaster AG01 Mini CNC Hall Gimbal set for TX12 & Zorro - 1dronas.lt\",\"isPartOf\":{\"@id\":\"https:\\\/\\\/1dronas.lt\\\/en\\\/#website\"},\"primaryImageOfPage\":{\"@id\":\"https:\\\/\\\/1dronas.lt\\\/en\\\/produktas\\\/radiomaster-ag01-mini-cnc-hall-gimbal-set-for-tx12-zorro\\\/#primaryimage\"},\"image\":{\"@id\":\"https:\\\/\\\/1dronas.lt\\\/en\\\/produktas\\\/radiomaster-ag01-mini-cnc-hall-gimbal-set-for-tx12-zorro\\\/#primaryimage\"},\"thumbnailUrl\":\"https:\\\/\\\/1dronas.lt\\\/wp-content\\\/uploads\\\/2024\\\/03\\\/AG01-MINI-_1000PX-05_1800x1800-min.jpg\",\"datePublished\":\"2024-03-07T18:50:11+00:00\",\"dateModified\":\"2026-01-02T20:18:53+00:00\",\"breadcrumb\":{\"@id\":\"https:\\\/\\\/1dronas.lt\\\/en\\\/produktas\\\/radiomaster-ag01-mini-cnc-hall-gimbal-set-for-tx12-zorro\\\/#breadcrumb\"},\"inLanguage\":\"en-US\",\"potentialAction\":[{\"@type\":\"ReadAction\",\"target\":[\"https:\\\/\\\/1dronas.lt\\\/en\\\/produktas\\\/radiomaster-ag01-mini-cnc-hall-gimbal-set-for-tx12-zorro\\\/\"]}]},{\"@type\":\"ImageObject\",\"inLanguage\":\"en-US\",\"@id\":\"https:\\\/\\\/1dronas.lt\\\/en\\\/produktas\\\/radiomaster-ag01-mini-cnc-hall-gimbal-set-for-tx12-zorro\\\/#primaryimage\",\"url\":\"https:\\\/\\\/1dronas.lt\\\/wp-content\\\/uploads\\\/2024\\\/03\\\/AG01-MINI-_1000PX-05_1800x1800-min.jpg\",\"contentUrl\":\"https:\\\/\\\/1dronas.lt\\\/wp-content\\\/uploads\\\/2024\\\/03\\\/AG01-MINI-_1000PX-05_1800x1800-min.jpg\",\"width\":1000,\"height\":1000},{\"@type\":\"BreadcrumbList\",\"@id\":\"https:\\\/\\\/1dronas.lt\\\/en\\\/produktas\\\/radiomaster-ag01-mini-cnc-hall-gimbal-set-for-tx12-zorro\\\/#breadcrumb\",\"itemListElement\":[{\"@type\":\"ListItem\",\"position\":1,\"name\":\"Home\",\"item\":\"https:\\\/\\\/1dronas.lt\\\/\"},{\"@type\":\"ListItem\",\"position\":2,\"name\":\"Parduotuv\u0117\",\"item\":\"https:\\\/\\\/1dronas.lt\\\/parduotuve\\\/\"},{\"@type\":\"ListItem\",\"position\":3,\"name\":\"RadioMaster AG01 Mini CNC Hall Gimbal set for TX12 &#038; Zorro\"}]},{\"@type\":\"WebSite\",\"@id\":\"https:\\\/\\\/1dronas.lt\\\/en\\\/#website\",\"url\":\"https:\\\/\\\/1dronas.lt\\\/en\\\/\",\"name\":\"1dronas.lt\",\"description\":\"Internetin\u0117 parduotuv\u0117\",\"publisher\":{\"@id\":\"https:\\\/\\\/1dronas.lt\\\/en\\\/#organization\"},\"potentialAction\":[{\"@type\":\"SearchAction\",\"target\":{\"@type\":\"EntryPoint\",\"urlTemplate\":\"https:\\\/\\\/1dronas.lt\\\/en\\\/?s={search_term_string}\"},\"query-input\":{\"@type\":\"PropertyValueSpecification\",\"valueRequired\":true,\"valueName\":\"search_term_string\"}}],\"inLanguage\":\"en-US\"},{\"@type\":\"Organization\",\"@id\":\"https:\\\/\\\/1dronas.lt\\\/en\\\/#organization\",\"name\":\"1dronas.lt\",\"url\":\"https:\\\/\\\/1dronas.lt\\\/en\\\/\",\"logo\":{\"@type\":\"ImageObject\",\"inLanguage\":\"en-US\",\"@id\":\"https:\\\/\\\/1dronas.lt\\\/en\\\/#\\\/schema\\\/logo\\\/image\\\/\",\"url\":\"https:\\\/\\\/1dronas.lt\\\/wp-content\\\/uploads\\\/2020\\\/12\\\/Ekrano_kopija__2_-removebg-preview-1-1.png\",\"contentUrl\":\"https:\\\/\\\/1dronas.lt\\\/wp-content\\\/uploads\\\/2020\\\/12\\\/Ekrano_kopija__2_-removebg-preview-1-1.png\",\"width\":234,\"height\":81,\"caption\":\"1dronas.lt\"},\"image\":{\"@id\":\"https:\\\/\\\/1dronas.lt\\\/en\\\/#\\\/schema\\\/logo\\\/image\\\/\"},\"sameAs\":[\"https:\\\/\\\/www.facebook.com\\\/1dronas\\\/\"]}]}<\/script>\n<!-- \/ Yoast SEO plugin. -->","yoast_head_json":{"title":"RadioMaster AG01 Mini CNC Hall Gimbal set for TX12 & Zorro - 1dronas.lt","robots":{"index":"index","follow":"follow","max-snippet":"max-snippet:-1","max-image-preview":"max-image-preview:large","max-video-preview":"max-video-preview:-1"},"canonical":"https:\/\/1dronas.lt\/en\/produktas\/radiomaster-ag01-mini-cnc-hall-gimbal-set-for-tx12-zorro\/","og_locale":"en_US","og_type":"article","og_title":"RadioMaster AG01 Mini CNC Hall Gimbal set for TX12 & Zorro - 1dronas.lt","og_description":"\u0160ie gimbalai u\u017etikrina neprilygstam\u0105 tikslum\u0105 ir valdymo poj\u016bt\u012f  \u00a01 \u2013 2 d. d.","og_url":"https:\/\/1dronas.lt\/en\/produktas\/radiomaster-ag01-mini-cnc-hall-gimbal-set-for-tx12-zorro\/","og_site_name":"1dronas.lt","article_publisher":"https:\/\/www.facebook.com\/1dronas\/","article_modified_time":"2026-01-02T20:18:53+00:00","og_image":[{"width":1000,"height":1000,"url":"https:\/\/1dronas.lt\/wp-content\/uploads\/2024\/03\/AG01-MINI-_1000PX-05_1800x1800-min.jpg","type":"image\/jpeg"}],"twitter_card":"summary_large_image","twitter_misc":{"Est. reading time":"4 minutes"},"schema":{"@context":"https:\/\/schema.org","@graph":[{"@type":"WebPage","@id":"https:\/\/1dronas.lt\/en\/produktas\/radiomaster-ag01-mini-cnc-hall-gimbal-set-for-tx12-zorro\/","url":"https:\/\/1dronas.lt\/en\/produktas\/radiomaster-ag01-mini-cnc-hall-gimbal-set-for-tx12-zorro\/","name":"RadioMaster AG01 Mini CNC Hall Gimbal set for TX12 & Zorro - 1dronas.lt","isPartOf":{"@id":"https:\/\/1dronas.lt\/en\/#website"},"primaryImageOfPage":{"@id":"https:\/\/1dronas.lt\/en\/produktas\/radiomaster-ag01-mini-cnc-hall-gimbal-set-for-tx12-zorro\/#primaryimage"},"image":{"@id":"https:\/\/1dronas.lt\/en\/produktas\/radiomaster-ag01-mini-cnc-hall-gimbal-set-for-tx12-zorro\/#primaryimage"},"thumbnailUrl":"https:\/\/1dronas.lt\/wp-content\/uploads\/2024\/03\/AG01-MINI-_1000PX-05_1800x1800-min.jpg","datePublished":"2024-03-07T18:50:11+00:00","dateModified":"2026-01-02T20:18:53+00:00","breadcrumb":{"@id":"https:\/\/1dronas.lt\/en\/produktas\/radiomaster-ag01-mini-cnc-hall-gimbal-set-for-tx12-zorro\/#breadcrumb"},"inLanguage":"en-US","potentialAction":[{"@type":"ReadAction","target":["https:\/\/1dronas.lt\/en\/produktas\/radiomaster-ag01-mini-cnc-hall-gimbal-set-for-tx12-zorro\/"]}]},{"@type":"ImageObject","inLanguage":"en-US","@id":"https:\/\/1dronas.lt\/en\/produktas\/radiomaster-ag01-mini-cnc-hall-gimbal-set-for-tx12-zorro\/#primaryimage","url":"https:\/\/1dronas.lt\/wp-content\/uploads\/2024\/03\/AG01-MINI-_1000PX-05_1800x1800-min.jpg","contentUrl":"https:\/\/1dronas.lt\/wp-content\/uploads\/2024\/03\/AG01-MINI-_1000PX-05_1800x1800-min.jpg","width":1000,"height":1000},{"@type":"BreadcrumbList","@id":"https:\/\/1dronas.lt\/en\/produktas\/radiomaster-ag01-mini-cnc-hall-gimbal-set-for-tx12-zorro\/#breadcrumb","itemListElement":[{"@type":"ListItem","position":1,"name":"Home","item":"https:\/\/1dronas.lt\/"},{"@type":"ListItem","position":2,"name":"Parduotuv\u0117","item":"https:\/\/1dronas.lt\/parduotuve\/"},{"@type":"ListItem","position":3,"name":"RadioMaster AG01 Mini CNC Hall Gimbal set for TX12 &#038; Zorro"}]},{"@type":"WebSite","@id":"https:\/\/1dronas.lt\/en\/#website","url":"https:\/\/1dronas.lt\/en\/","name":"1dronas.lt","description":"Online store","publisher":{"@id":"https:\/\/1dronas.lt\/en\/#organization"},"potentialAction":[{"@type":"SearchAction","target":{"@type":"EntryPoint","urlTemplate":"https:\/\/1dronas.lt\/en\/?s={search_term_string}"},"query-input":{"@type":"PropertyValueSpecification","valueRequired":true,"valueName":"search_term_string"}}],"inLanguage":"en-US"},{"@type":"Organization","@id":"https:\/\/1dronas.lt\/en\/#organization","name":"1dronas.lt","url":"https:\/\/1dronas.lt\/en\/","logo":{"@type":"ImageObject","inLanguage":"en-US","@id":"https:\/\/1dronas.lt\/en\/#\/schema\/logo\/image\/","url":"https:\/\/1dronas.lt\/wp-content\/uploads\/2020\/12\/Ekrano_kopija__2_-removebg-preview-1-1.png","contentUrl":"https:\/\/1dronas.lt\/wp-content\/uploads\/2020\/12\/Ekrano_kopija__2_-removebg-preview-1-1.png","width":234,"height":81,"caption":"1dronas.lt"},"image":{"@id":"https:\/\/1dronas.lt\/en\/#\/schema\/logo\/image\/"},"sameAs":["https:\/\/www.facebook.com\/1dronas\/"]}]}},"jetpack_sharing_enabled":true,"_links":{"self":[{"href":"https:\/\/1dronas.lt\/en\/wp-json\/wp\/v2\/product\/5933","targetHints":{"allow":["GET"]}}],"collection":[{"href":"https:\/\/1dronas.lt\/en\/wp-json\/wp\/v2\/product"}],"about":[{"href":"https:\/\/1dronas.lt\/en\/wp-json\/wp\/v2\/types\/product"}],"replies":[{"embeddable":true,"href":"https:\/\/1dronas.lt\/en\/wp-json\/wp\/v2\/comments?post=5933"}],"wp:featuredmedia":[{"embeddable":true,"href":"https:\/\/1dronas.lt\/en\/wp-json\/wp\/v2\/media\/5947"}],"wp:attachment":[{"href":"https:\/\/1dronas.lt\/en\/wp-json\/wp\/v2\/media?parent=5933"}],"wp:term":[{"taxonomy":"product_brand","embeddable":true,"href":"https:\/\/1dronas.lt\/en\/wp-json\/wp\/v2\/product_brand?post=5933"},{"taxonomy":"product_cat","embeddable":true,"href":"https:\/\/1dronas.lt\/en\/wp-json\/wp\/v2\/product_cat?post=5933"},{"taxonomy":"product_tag","embeddable":true,"href":"https:\/\/1dronas.lt\/en\/wp-json\/wp\/v2\/product_tag?post=5933"}],"curies":[{"name":"wp","href":"https:\/\/api.w.org\/{rel}","templated":true}]}}