{"id":5700,"date":"2024-01-09T20:41:30","date_gmt":"2024-01-09T20:41:30","guid":{"rendered":"https:\/\/1dronas.lt\/?post_type=product&#038;p=5700"},"modified":"2025-02-03T19:30:14","modified_gmt":"2025-02-03T19:30:14","slug":"dji-integra-fpv-akiniai","status":"publish","type":"product","link":"https:\/\/1dronas.lt\/en\/produktas\/dji-integra-fpv-akiniai\/","title":{"rendered":"DJI Integra FPV Goggles"},"content":{"rendered":"<div><strong>Integrated design<\/strong><\/div>\n<div>The lightweight DJI Integra goggles feature an integrated design that combines the headband and battery into one, eliminating the need for cumbersome cables and making them easy to put on and take off.<\/div>\n<div>The built-in battery strap is lightweight, balanced, and comfortable to wear.<\/div>\n<div>DJI Integra goggles can also be used while charging.<\/div>\n<div><\/div>\n<div><strong>HD screen<br \/>\n<\/strong>DJI Goggles Integra features two HD Micro-OLED displays that deliver true-to-life colors and enhanced shadow detail. The high refresh rate of the display delivers a smoother and more immersive flight experience.<\/div>\n<div><\/div>\n<div><strong>Ultra-low latency, smooth and stable video transmission<\/strong><br \/>\nDJI Goggles Integra features the DJI O3+ video transmission system with a latency of just 30ms. The goggles automatically switch between the 2.4GHz and 5.8GHz frequency bands to maintain a stable signal and ensure smooth, immersive HD video with minimal interference. New SyncSmooth technology ensures smooth and consistent video transmission when shooting. Reduced video transmission latency and jitter.<\/div>\n<div><\/div>\n<div><strong>New ways to enjoy aerial photography<\/strong><br \/>\nDJI Goggles Integra are compatible with some camera drones, such as DJI Mavic 3 Pro, DJI Mavic 3 Pro Cine, DJI Mavic 3, DJI Mavic 3 Cine, DJI Mavic 3 Classic, and DJI Mini 3 Pro.<\/div>\n<div><\/div>\n<div><strong>Specification:<\/strong><span style=\"color: #333333;\"><br \/>\n<\/span><\/div>\n<div><\/div>\n<div>\u2022 Total weight: 410 g;<br \/>\n\u2022 Antenna construction: Foldable;<br \/>\n\u2022 Maximum operating time: Two hours;<br \/>\n\u2022 Display technology: Micro-OLED;<br \/>\n\u2022 Screen resolution: 1080p;<br \/>\n\u2022 Warranty: 2 years;<br \/>\n\u2022 Maximum brightness: 700 nits;<\/div>\n<div>\u2022 Maximum screen refresh rate: 100 Hz;<\/div>\n<div>\u2022 Minimum video transmission delay: 30ms;<br \/>\n\u2022 Automatic frequency band selection: 2.4 GHz or 5.8 GHz.<\/div>\n<div><img loading=\"lazy\" decoding=\"async\" class=\"alignnone wp-image-5709\" src=\"https:\/\/1dronas.lt\/wp-content\/uploads\/2024\/01\/dji-integra-goggles-komplektacija.jpg\" alt=\"\" width=\"600\" height=\"400\" srcset=\"https:\/\/1dronas.lt\/wp-content\/uploads\/2024\/01\/dji-integra-goggles-komplektacija.jpg 1200w, https:\/\/1dronas.lt\/wp-content\/uploads\/2024\/01\/dji-integra-goggles-komplektacija-300x200.jpg 300w, https:\/\/1dronas.lt\/wp-content\/uploads\/2024\/01\/dji-integra-goggles-komplektacija-1024x683.jpg 1024w, https:\/\/1dronas.lt\/wp-content\/uploads\/2024\/01\/dji-integra-goggles-komplektacija-768x512.jpg 768w, https:\/\/1dronas.lt\/wp-content\/uploads\/2024\/01\/dji-integra-goggles-komplektacija-18x12.jpg 18w, https:\/\/1dronas.lt\/wp-content\/uploads\/2024\/01\/dji-integra-goggles-komplektacija-510x340.jpg 510w\" sizes=\"auto, (max-width: 600px) 100vw, 600px\" \/><\/div>","protected":false},"excerpt":{"rendered":"<p><span style=\"color: #333333;\">DJI Goggles Integra features dual HD Micro-OLED displays, delivering lifelike colors and enhanced shadow detail. The high refresh rate delivers a smoother and more immersive flight experience.<\/span><\/p>\n<p><span style=\"color: #333333;\"><strong><img loading=\"lazy\" decoding=\"async\" class=\"alignnone wp-image-1806\" src=\"https:\/\/1dronas.lt\/wp-content\/uploads\/2021\/05\/delivery-icon.png\" alt=\"\" width=\"24\" height=\"24\" srcset=\"https:\/\/1dronas.lt\/wp-content\/uploads\/2021\/05\/delivery-icon.png 35w, https:\/\/1dronas.lt\/wp-content\/uploads\/2021\/05\/delivery-icon-12x12.png 12w\" sizes=\"auto, (max-width: 24px) 100vw, 24px\" \/>\u00a0 \u00a01 \u2013 2 days<\/strong><\/span><\/p>","protected":false},"featured_media":5707,"comment_status":"open","ping_status":"closed","template":"","meta":[],"product_brand":[502],"product_cat":[223,76],"product_tag":[386,325,387,54,385,384],"class_list":{"0":"post-5700","1":"product","2":"type-product","3":"status-publish","4":"has-post-thumbnail","6":"product_brand-dji","7":"product_cat-fpv-akiniai","8":"product_cat-fpv-iranga","9":"product_tag-akiniai","10":"product_tag-dji","11":"product_tag-dji-o3","12":"product_tag-fpv","13":"product_tag-goggles","14":"product_tag-integra","16":"first","17":"outofstock","18":"taxable","19":"shipping-taxable","20":"purchasable","21":"product-type-simple"},"yoast_head":"<!-- This site is optimized with the Yoast SEO plugin v27.5 - https:\/\/yoast.com\/product\/yoast-seo-wordpress\/ -->\n<title>DJI Integra FPV akiniai - 1dronas.lt<\/title>\n<meta name=\"robots\" content=\"index, follow, max-snippet:-1, max-image-preview:large, max-video-preview:-1\" \/>\n<link rel=\"canonical\" href=\"https:\/\/1dronas.lt\/en\/produktas\/dji-integra-fpv-akiniai\/\" \/>\n<meta property=\"og:locale\" content=\"en_US\" \/>\n<meta property=\"og:type\" content=\"article\" \/>\n<meta property=\"og:title\" content=\"DJI Integra FPV akiniai - 1dronas.lt\" \/>\n<meta property=\"og:description\" content=\"DJI Goggles Integra su dviem HD Micro-OLED ekranais, u\u017etikrina tikrovi\u0161kas spalvas ir i\u0161ry\u0161kina \u0161e\u0161\u0117li\u0173 detales. Didelis ekrano atnaujinimo da\u017enis skland\u017eiau ir i\u0161rai\u0161kingiau perteikia skryd\u017eio malonum\u0105.  \u00a0 \u00a01 \u2013 2 d. d.\" \/>\n<meta property=\"og:url\" content=\"https:\/\/1dronas.lt\/en\/produktas\/dji-integra-fpv-akiniai\/\" \/>\n<meta property=\"og:site_name\" content=\"1dronas.lt\" \/>\n<meta property=\"article:publisher\" content=\"https:\/\/www.facebook.com\/1dronas\/\" \/>\n<meta property=\"article:modified_time\" content=\"2025-02-03T19:30:14+00:00\" \/>\n<meta property=\"og:image\" content=\"https:\/\/1dronas.lt\/wp-content\/uploads\/2024\/01\/dji-integra-goggles.jpg\" \/>\n\t<meta property=\"og:image:width\" content=\"1200\" \/>\n\t<meta property=\"og:image:height\" content=\"800\" \/>\n\t<meta property=\"og:image:type\" content=\"image\/jpeg\" \/>\n<meta name=\"twitter:card\" content=\"summary_large_image\" \/>\n<meta name=\"twitter:label1\" content=\"Est. reading time\" \/>\n\t<meta name=\"twitter:data1\" content=\"2 minutes\" \/>\n<script type=\"application\/ld+json\" class=\"yoast-schema-graph\">{\"@context\":\"https:\\\/\\\/schema.org\",\"@graph\":[{\"@type\":\"WebPage\",\"@id\":\"https:\\\/\\\/1dronas.lt\\\/en\\\/produktas\\\/dji-integra-fpv-akiniai\\\/\",\"url\":\"https:\\\/\\\/1dronas.lt\\\/en\\\/produktas\\\/dji-integra-fpv-akiniai\\\/\",\"name\":\"DJI Integra FPV akiniai - 1dronas.lt\",\"isPartOf\":{\"@id\":\"https:\\\/\\\/1dronas.lt\\\/en\\\/#website\"},\"primaryImageOfPage\":{\"@id\":\"https:\\\/\\\/1dronas.lt\\\/en\\\/produktas\\\/dji-integra-fpv-akiniai\\\/#primaryimage\"},\"image\":{\"@id\":\"https:\\\/\\\/1dronas.lt\\\/en\\\/produktas\\\/dji-integra-fpv-akiniai\\\/#primaryimage\"},\"thumbnailUrl\":\"https:\\\/\\\/1dronas.lt\\\/wp-content\\\/uploads\\\/2024\\\/01\\\/dji-integra-goggles.jpg\",\"datePublished\":\"2024-01-09T20:41:30+00:00\",\"dateModified\":\"2025-02-03T19:30:14+00:00\",\"breadcrumb\":{\"@id\":\"https:\\\/\\\/1dronas.lt\\\/en\\\/produktas\\\/dji-integra-fpv-akiniai\\\/#breadcrumb\"},\"inLanguage\":\"en-US\",\"potentialAction\":[{\"@type\":\"ReadAction\",\"target\":[\"https:\\\/\\\/1dronas.lt\\\/en\\\/produktas\\\/dji-integra-fpv-akiniai\\\/\"]}]},{\"@type\":\"ImageObject\",\"inLanguage\":\"en-US\",\"@id\":\"https:\\\/\\\/1dronas.lt\\\/en\\\/produktas\\\/dji-integra-fpv-akiniai\\\/#primaryimage\",\"url\":\"https:\\\/\\\/1dronas.lt\\\/wp-content\\\/uploads\\\/2024\\\/01\\\/dji-integra-goggles.jpg\",\"contentUrl\":\"https:\\\/\\\/1dronas.lt\\\/wp-content\\\/uploads\\\/2024\\\/01\\\/dji-integra-goggles.jpg\",\"width\":1200,\"height\":800,\"caption\":\"dji integra goggles\"},{\"@type\":\"BreadcrumbList\",\"@id\":\"https:\\\/\\\/1dronas.lt\\\/en\\\/produktas\\\/dji-integra-fpv-akiniai\\\/#breadcrumb\",\"itemListElement\":[{\"@type\":\"ListItem\",\"position\":1,\"name\":\"Home\",\"item\":\"https:\\\/\\\/1dronas.lt\\\/\"},{\"@type\":\"ListItem\",\"position\":2,\"name\":\"Parduotuv\u0117\",\"item\":\"https:\\\/\\\/1dronas.lt\\\/parduotuve\\\/\"},{\"@type\":\"ListItem\",\"position\":3,\"name\":\"DJI Integra FPV akiniai\"}]},{\"@type\":\"WebSite\",\"@id\":\"https:\\\/\\\/1dronas.lt\\\/en\\\/#website\",\"url\":\"https:\\\/\\\/1dronas.lt\\\/en\\\/\",\"name\":\"1dronas.lt\",\"description\":\"Internetin\u0117 parduotuv\u0117\",\"publisher\":{\"@id\":\"https:\\\/\\\/1dronas.lt\\\/en\\\/#organization\"},\"potentialAction\":[{\"@type\":\"SearchAction\",\"target\":{\"@type\":\"EntryPoint\",\"urlTemplate\":\"https:\\\/\\\/1dronas.lt\\\/en\\\/?s={search_term_string}\"},\"query-input\":{\"@type\":\"PropertyValueSpecification\",\"valueRequired\":true,\"valueName\":\"search_term_string\"}}],\"inLanguage\":\"en-US\"},{\"@type\":\"Organization\",\"@id\":\"https:\\\/\\\/1dronas.lt\\\/en\\\/#organization\",\"name\":\"1dronas.lt\",\"url\":\"https:\\\/\\\/1dronas.lt\\\/en\\\/\",\"logo\":{\"@type\":\"ImageObject\",\"inLanguage\":\"en-US\",\"@id\":\"https:\\\/\\\/1dronas.lt\\\/en\\\/#\\\/schema\\\/logo\\\/image\\\/\",\"url\":\"https:\\\/\\\/1dronas.lt\\\/wp-content\\\/uploads\\\/2020\\\/12\\\/Ekrano_kopija__2_-removebg-preview-1-1.png\",\"contentUrl\":\"https:\\\/\\\/1dronas.lt\\\/wp-content\\\/uploads\\\/2020\\\/12\\\/Ekrano_kopija__2_-removebg-preview-1-1.png\",\"width\":234,\"height\":81,\"caption\":\"1dronas.lt\"},\"image\":{\"@id\":\"https:\\\/\\\/1dronas.lt\\\/en\\\/#\\\/schema\\\/logo\\\/image\\\/\"},\"sameAs\":[\"https:\\\/\\\/www.facebook.com\\\/1dronas\\\/\"]}]}<\/script>\n<!-- \/ Yoast SEO plugin. -->","yoast_head_json":{"title":"DJI Integra FPV akiniai - 1dronas.lt","robots":{"index":"index","follow":"follow","max-snippet":"max-snippet:-1","max-image-preview":"max-image-preview:large","max-video-preview":"max-video-preview:-1"},"canonical":"https:\/\/1dronas.lt\/en\/produktas\/dji-integra-fpv-akiniai\/","og_locale":"en_US","og_type":"article","og_title":"DJI Integra FPV akiniai - 1dronas.lt","og_description":"DJI Goggles Integra su dviem HD Micro-OLED ekranais, u\u017etikrina tikrovi\u0161kas spalvas ir i\u0161ry\u0161kina \u0161e\u0161\u0117li\u0173 detales. Didelis ekrano atnaujinimo da\u017enis skland\u017eiau ir i\u0161rai\u0161kingiau perteikia skryd\u017eio malonum\u0105.  \u00a0 \u00a01 \u2013 2 d. d.","og_url":"https:\/\/1dronas.lt\/en\/produktas\/dji-integra-fpv-akiniai\/","og_site_name":"1dronas.lt","article_publisher":"https:\/\/www.facebook.com\/1dronas\/","article_modified_time":"2025-02-03T19:30:14+00:00","og_image":[{"width":1200,"height":800,"url":"https:\/\/1dronas.lt\/wp-content\/uploads\/2024\/01\/dji-integra-goggles.jpg","type":"image\/jpeg"}],"twitter_card":"summary_large_image","twitter_misc":{"Est. reading time":"2 minutes"},"schema":{"@context":"https:\/\/schema.org","@graph":[{"@type":"WebPage","@id":"https:\/\/1dronas.lt\/en\/produktas\/dji-integra-fpv-akiniai\/","url":"https:\/\/1dronas.lt\/en\/produktas\/dji-integra-fpv-akiniai\/","name":"DJI Integra FPV akiniai - 1dronas.lt","isPartOf":{"@id":"https:\/\/1dronas.lt\/en\/#website"},"primaryImageOfPage":{"@id":"https:\/\/1dronas.lt\/en\/produktas\/dji-integra-fpv-akiniai\/#primaryimage"},"image":{"@id":"https:\/\/1dronas.lt\/en\/produktas\/dji-integra-fpv-akiniai\/#primaryimage"},"thumbnailUrl":"https:\/\/1dronas.lt\/wp-content\/uploads\/2024\/01\/dji-integra-goggles.jpg","datePublished":"2024-01-09T20:41:30+00:00","dateModified":"2025-02-03T19:30:14+00:00","breadcrumb":{"@id":"https:\/\/1dronas.lt\/en\/produktas\/dji-integra-fpv-akiniai\/#breadcrumb"},"inLanguage":"en-US","potentialAction":[{"@type":"ReadAction","target":["https:\/\/1dronas.lt\/en\/produktas\/dji-integra-fpv-akiniai\/"]}]},{"@type":"ImageObject","inLanguage":"en-US","@id":"https:\/\/1dronas.lt\/en\/produktas\/dji-integra-fpv-akiniai\/#primaryimage","url":"https:\/\/1dronas.lt\/wp-content\/uploads\/2024\/01\/dji-integra-goggles.jpg","contentUrl":"https:\/\/1dronas.lt\/wp-content\/uploads\/2024\/01\/dji-integra-goggles.jpg","width":1200,"height":800,"caption":"dji integra goggles"},{"@type":"BreadcrumbList","@id":"https:\/\/1dronas.lt\/en\/produktas\/dji-integra-fpv-akiniai\/#breadcrumb","itemListElement":[{"@type":"ListItem","position":1,"name":"Home","item":"https:\/\/1dronas.lt\/"},{"@type":"ListItem","position":2,"name":"Parduotuv\u0117","item":"https:\/\/1dronas.lt\/parduotuve\/"},{"@type":"ListItem","position":3,"name":"DJI Integra FPV akiniai"}]},{"@type":"WebSite","@id":"https:\/\/1dronas.lt\/en\/#website","url":"https:\/\/1dronas.lt\/en\/","name":"1dronas.lt","description":"Online store","publisher":{"@id":"https:\/\/1dronas.lt\/en\/#organization"},"potentialAction":[{"@type":"SearchAction","target":{"@type":"EntryPoint","urlTemplate":"https:\/\/1dronas.lt\/en\/?s={search_term_string}"},"query-input":{"@type":"PropertyValueSpecification","valueRequired":true,"valueName":"search_term_string"}}],"inLanguage":"en-US"},{"@type":"Organization","@id":"https:\/\/1dronas.lt\/en\/#organization","name":"1dronas.lt","url":"https:\/\/1dronas.lt\/en\/","logo":{"@type":"ImageObject","inLanguage":"en-US","@id":"https:\/\/1dronas.lt\/en\/#\/schema\/logo\/image\/","url":"https:\/\/1dronas.lt\/wp-content\/uploads\/2020\/12\/Ekrano_kopija__2_-removebg-preview-1-1.png","contentUrl":"https:\/\/1dronas.lt\/wp-content\/uploads\/2020\/12\/Ekrano_kopija__2_-removebg-preview-1-1.png","width":234,"height":81,"caption":"1dronas.lt"},"image":{"@id":"https:\/\/1dronas.lt\/en\/#\/schema\/logo\/image\/"},"sameAs":["https:\/\/www.facebook.com\/1dronas\/"]}]}},"jetpack_sharing_enabled":true,"_links":{"self":[{"href":"https:\/\/1dronas.lt\/en\/wp-json\/wp\/v2\/product\/5700","targetHints":{"allow":["GET"]}}],"collection":[{"href":"https:\/\/1dronas.lt\/en\/wp-json\/wp\/v2\/product"}],"about":[{"href":"https:\/\/1dronas.lt\/en\/wp-json\/wp\/v2\/types\/product"}],"replies":[{"embeddable":true,"href":"https:\/\/1dronas.lt\/en\/wp-json\/wp\/v2\/comments?post=5700"}],"wp:featuredmedia":[{"embeddable":true,"href":"https:\/\/1dronas.lt\/en\/wp-json\/wp\/v2\/media\/5707"}],"wp:attachment":[{"href":"https:\/\/1dronas.lt\/en\/wp-json\/wp\/v2\/media?parent=5700"}],"wp:term":[{"taxonomy":"product_brand","embeddable":true,"href":"https:\/\/1dronas.lt\/en\/wp-json\/wp\/v2\/product_brand?post=5700"},{"taxonomy":"product_cat","embeddable":true,"href":"https:\/\/1dronas.lt\/en\/wp-json\/wp\/v2\/product_cat?post=5700"},{"taxonomy":"product_tag","embeddable":true,"href":"https:\/\/1dronas.lt\/en\/wp-json\/wp\/v2\/product_tag?post=5700"}],"curies":[{"name":"wp","href":"https:\/\/api.w.org\/{rel}","templated":true}]}}