{"id":5691,"date":"2024-01-09T19:42:01","date_gmt":"2024-01-09T19:42:01","guid":{"rendered":"https:\/\/1dronas.lt\/?post_type=product&#038;p=5691"},"modified":"2025-07-21T10:20:23","modified_gmt":"2025-07-21T10:20:23","slug":"5691","status":"publish","type":"product","link":"https:\/\/1dronas.lt\/en\/produktas\/dji-o3-air-unit\/","title":{"rendered":"DJI O3 Air Unit"},"content":{"rendered":"<p><strong>Features:<\/strong><\/p>\n<p><img loading=\"lazy\" decoding=\"async\" class=\"alignnone wp-image-5719 size-large\" src=\"https:\/\/1dronas.lt\/wp-content\/uploads\/2024\/01\/e65ab97ab973573a03c3ce7a7d34dfb9-min-1024x574.jpg\" alt=\"\" width=\"1020\" height=\"572\" srcset=\"https:\/\/1dronas.lt\/wp-content\/uploads\/2024\/01\/e65ab97ab973573a03c3ce7a7d34dfb9-min-1024x574.jpg 1024w, https:\/\/1dronas.lt\/wp-content\/uploads\/2024\/01\/e65ab97ab973573a03c3ce7a7d34dfb9-min-300x168.jpg 300w, https:\/\/1dronas.lt\/wp-content\/uploads\/2024\/01\/e65ab97ab973573a03c3ce7a7d34dfb9-min-768x431.jpg 768w, https:\/\/1dronas.lt\/wp-content\/uploads\/2024\/01\/e65ab97ab973573a03c3ce7a7d34dfb9-min-1536x861.jpg 1536w, https:\/\/1dronas.lt\/wp-content\/uploads\/2024\/01\/e65ab97ab973573a03c3ce7a7d34dfb9-min-2048x1149.jpg 2048w, https:\/\/1dronas.lt\/wp-content\/uploads\/2024\/01\/e65ab97ab973573a03c3ce7a7d34dfb9-min-18x10.jpg 18w, https:\/\/1dronas.lt\/wp-content\/uploads\/2024\/01\/e65ab97ab973573a03c3ce7a7d34dfb9-min-510x286.jpg 510w\" sizes=\"auto, (max-width: 1020px) 100vw, 1020px\" \/><\/p>\n<p>The DJI O3 Air Unit offers a variety of powerful video transmission capabilities. Control the drone quickly and get a clear, ultra-sharp live view. Omnidirectional 2T2R antennas further ensure video transmission stability and smoothness within the signal coverage range.<\/p>\n<div style=\"width: 1020px;\" class=\"wp-video\"><video class=\"wp-video-shortcode\" id=\"video-5691-1\" width=\"1020\" height=\"510\" loop autoplay preload=\"metadata\" controls=\"controls\"><source type=\"video\/mp4\" src=\"https:\/\/1dronas.lt\/wp-content\/uploads\/2024\/01\/32a175a8-eef3-43f4-ada1-2e8bac523d2c.mp4?_=1\" \/><a href=\"https:\/\/1dronas.lt\/wp-content\/uploads\/2024\/01\/32a175a8-eef3-43f4-ada1-2e8bac523d2c.mp4\">https:\/\/1dronas.lt\/wp-content\/uploads\/2024\/01\/32a175a8-eef3-43f4-ada1-2e8bac523d2c.mp4<\/a><\/video><\/div>\n<p>The DJI O3 Air unit has a video transmission resolution of up to 1080p and a frame rate of 100 frames per second. It also supports the H.265 video encoding format, making the live view even clearer and smoother. Fly further and explore more with the DJI O3 Air Unit\u2019s extended 10km transmission range. It can even automatically select the frequency band to use the optimal signal to avoid interference. The stable, long-range connection allows you to fly with peace of mind and enjoy distant views in the palm of your hand.<\/p>\n<div style=\"width: 1020px;\" class=\"wp-video\"><video class=\"wp-video-shortcode\" id=\"video-5691-2\" width=\"1020\" height=\"574\" loop autoplay preload=\"metadata\" controls=\"controls\"><source type=\"video\/mp4\" src=\"https:\/\/1dronas.lt\/wp-content\/uploads\/2024\/01\/df33bd40-82f6-4482-b189-dce08d21d678.mp4?_=2\" \/><a href=\"https:\/\/1dronas.lt\/wp-content\/uploads\/2024\/01\/df33bd40-82f6-4482-b189-dce08d21d678.mp4\">https:\/\/1dronas.lt\/wp-content\/uploads\/2024\/01\/df33bd40-82f6-4482-b189-dce08d21d678.mp4<\/a><\/video><\/div>\n<p>The DJI O3 Air has improved all aspects of image processing. The camera module of the air device has 20GB of built-in memory and a 1\/1.7-inch sensor for more detailed and high-quality images. It supports 4K\/120fps video recording and shoots 155\u00b0 ultra-wide angle footage.<\/p>\n<div style=\"width: 1020px;\" class=\"wp-video\"><video class=\"wp-video-shortcode\" id=\"video-5691-3\" width=\"1020\" height=\"510\" loop autoplay preload=\"metadata\" controls=\"controls\"><source type=\"video\/mp4\" src=\"https:\/\/1dronas.lt\/wp-content\/uploads\/2024\/01\/a635e192-ced6-4019-8c1c-8ee6db45b238.mp4?_=3\" \/><a href=\"https:\/\/1dronas.lt\/wp-content\/uploads\/2024\/01\/a635e192-ced6-4019-8c1c-8ee6db45b238.mp4\">https:\/\/1dronas.lt\/wp-content\/uploads\/2024\/01\/a635e192-ced6-4019-8c1c-8ee6db45b238.mp4<\/a><\/video><\/div>\n<p>The DJI O3 Air Unit offers wide compatibility in a lightweight and compact body for flexible combination and installation.<\/p>\n<p><strong>Package:<\/strong><\/p>\n<p>1x DJI O3 Air Unit system;<br \/>\n1x user manual.<\/p>\n<p>&nbsp;<\/p>","protected":false},"excerpt":{"rendered":"<p><span style=\"color: #333333;\">Integrating DJI&#039;s most advanced video transmission technology into a lightweight and compact body, the DJI O3 Air Unit features excellent video transmission quality with high resolution, low latency, and long distances.<\/span><\/p>\n<p><span style=\"color: #333333;\"><strong><img loading=\"lazy\" decoding=\"async\" class=\"alignnone wp-image-1806\" src=\"https:\/\/1dronas.lt\/wp-content\/uploads\/2021\/05\/delivery-icon.png\" alt=\"\" width=\"24\" height=\"24\" srcset=\"https:\/\/1dronas.lt\/wp-content\/uploads\/2021\/05\/delivery-icon.png 35w, https:\/\/1dronas.lt\/wp-content\/uploads\/2021\/05\/delivery-icon-12x12.png 12w\" sizes=\"auto, (max-width: 24px) 100vw, 24px\" \/>\u00a0 \u00a01 \u2013 4 days<\/strong><\/span><\/p>","protected":false},"featured_media":5692,"comment_status":"open","ping_status":"closed","template":"","meta":[],"product_brand":[502],"product_cat":[218],"product_tag":[],"class_list":{"0":"post-5691","1":"product","2":"type-product","3":"status-publish","4":"has-post-thumbnail","6":"product_brand-dji","7":"product_cat-vaizdo-siustuvai-vtx","9":"first","10":"outofstock","11":"taxable","12":"shipping-taxable","13":"purchasable","14":"product-type-simple"},"yoast_head":"<!-- This site is optimized with the Yoast SEO plugin v27.5 - https:\/\/yoast.com\/product\/yoast-seo-wordpress\/ -->\n<title>DJI O3 Air Unit - 1dronas.lt<\/title>\n<meta name=\"robots\" content=\"index, follow, max-snippet:-1, max-image-preview:large, max-video-preview:-1\" \/>\n<link rel=\"canonical\" href=\"https:\/\/1dronas.lt\/en\/produktas\/dji-o3-air-unit\/\" \/>\n<meta property=\"og:locale\" content=\"en_US\" \/>\n<meta property=\"og:type\" content=\"article\" \/>\n<meta property=\"og:title\" content=\"DJI O3 Air Unit - 1dronas.lt\" \/>\n<meta property=\"og:description\" content=\"Integruojant pa\u017eangiausi\u0105 DJI vaizdo perdavimo technologij\u0105 \u012f lengv\u0105 ir kompakti\u0161k\u0105 korpus\u0105, DJI O3 Air Unit pasi\u017eymi puikia vaizdo perdavimo kokybe su didele rai\u0161ka, ma\u017ea delsa ir dideliais atstumais.  \u00a0 \u00a01 \u2013 4 d. d.\" \/>\n<meta property=\"og:url\" content=\"https:\/\/1dronas.lt\/en\/produktas\/dji-o3-air-unit\/\" \/>\n<meta property=\"og:site_name\" content=\"1dronas.lt\" \/>\n<meta property=\"article:publisher\" content=\"https:\/\/www.facebook.com\/1dronas\/\" \/>\n<meta property=\"article:modified_time\" content=\"2025-07-21T10:20:23+00:00\" \/>\n<meta property=\"og:image\" content=\"https:\/\/1dronas.lt\/wp-content\/uploads\/2024\/01\/dji-o3-air-unit-min.jpg\" \/>\n\t<meta property=\"og:image:width\" content=\"1200\" \/>\n\t<meta property=\"og:image:height\" content=\"800\" \/>\n\t<meta property=\"og:image:type\" content=\"image\/jpeg\" \/>\n<meta name=\"twitter:card\" content=\"summary_large_image\" \/>\n<meta name=\"twitter:label1\" content=\"Est. reading time\" \/>\n\t<meta name=\"twitter:data1\" content=\"2 minutes\" \/>\n<script type=\"application\/ld+json\" class=\"yoast-schema-graph\">{\"@context\":\"https:\\\/\\\/schema.org\",\"@graph\":[{\"@type\":\"WebPage\",\"@id\":\"https:\\\/\\\/1dronas.lt\\\/en\\\/produktas\\\/dji-o3-air-unit\\\/\",\"url\":\"https:\\\/\\\/1dronas.lt\\\/en\\\/produktas\\\/dji-o3-air-unit\\\/\",\"name\":\"DJI O3 Air Unit - 1dronas.lt\",\"isPartOf\":{\"@id\":\"https:\\\/\\\/1dronas.lt\\\/en\\\/#website\"},\"primaryImageOfPage\":{\"@id\":\"https:\\\/\\\/1dronas.lt\\\/en\\\/produktas\\\/dji-o3-air-unit\\\/#primaryimage\"},\"image\":{\"@id\":\"https:\\\/\\\/1dronas.lt\\\/en\\\/produktas\\\/dji-o3-air-unit\\\/#primaryimage\"},\"thumbnailUrl\":\"https:\\\/\\\/1dronas.lt\\\/wp-content\\\/uploads\\\/2024\\\/01\\\/dji-o3-air-unit-min.jpg\",\"datePublished\":\"2024-01-09T19:42:01+00:00\",\"dateModified\":\"2025-07-21T10:20:23+00:00\",\"breadcrumb\":{\"@id\":\"https:\\\/\\\/1dronas.lt\\\/en\\\/produktas\\\/dji-o3-air-unit\\\/#breadcrumb\"},\"inLanguage\":\"en-US\",\"potentialAction\":[{\"@type\":\"ReadAction\",\"target\":[\"https:\\\/\\\/1dronas.lt\\\/en\\\/produktas\\\/dji-o3-air-unit\\\/\"]}]},{\"@type\":\"ImageObject\",\"inLanguage\":\"en-US\",\"@id\":\"https:\\\/\\\/1dronas.lt\\\/en\\\/produktas\\\/dji-o3-air-unit\\\/#primaryimage\",\"url\":\"https:\\\/\\\/1dronas.lt\\\/wp-content\\\/uploads\\\/2024\\\/01\\\/dji-o3-air-unit-min.jpg\",\"contentUrl\":\"https:\\\/\\\/1dronas.lt\\\/wp-content\\\/uploads\\\/2024\\\/01\\\/dji-o3-air-unit-min.jpg\",\"width\":1200,\"height\":800,\"caption\":\"dji-o3-air-unit\"},{\"@type\":\"BreadcrumbList\",\"@id\":\"https:\\\/\\\/1dronas.lt\\\/en\\\/produktas\\\/dji-o3-air-unit\\\/#breadcrumb\",\"itemListElement\":[{\"@type\":\"ListItem\",\"position\":1,\"name\":\"Home\",\"item\":\"https:\\\/\\\/1dronas.lt\\\/\"},{\"@type\":\"ListItem\",\"position\":2,\"name\":\"Parduotuv\u0117\",\"item\":\"https:\\\/\\\/1dronas.lt\\\/parduotuve\\\/\"},{\"@type\":\"ListItem\",\"position\":3,\"name\":\"DJI O3 Air Unit\"}]},{\"@type\":\"WebSite\",\"@id\":\"https:\\\/\\\/1dronas.lt\\\/en\\\/#website\",\"url\":\"https:\\\/\\\/1dronas.lt\\\/en\\\/\",\"name\":\"1dronas.lt\",\"description\":\"Internetin\u0117 parduotuv\u0117\",\"publisher\":{\"@id\":\"https:\\\/\\\/1dronas.lt\\\/en\\\/#organization\"},\"potentialAction\":[{\"@type\":\"SearchAction\",\"target\":{\"@type\":\"EntryPoint\",\"urlTemplate\":\"https:\\\/\\\/1dronas.lt\\\/en\\\/?s={search_term_string}\"},\"query-input\":{\"@type\":\"PropertyValueSpecification\",\"valueRequired\":true,\"valueName\":\"search_term_string\"}}],\"inLanguage\":\"en-US\"},{\"@type\":\"Organization\",\"@id\":\"https:\\\/\\\/1dronas.lt\\\/en\\\/#organization\",\"name\":\"1dronas.lt\",\"url\":\"https:\\\/\\\/1dronas.lt\\\/en\\\/\",\"logo\":{\"@type\":\"ImageObject\",\"inLanguage\":\"en-US\",\"@id\":\"https:\\\/\\\/1dronas.lt\\\/en\\\/#\\\/schema\\\/logo\\\/image\\\/\",\"url\":\"https:\\\/\\\/1dronas.lt\\\/wp-content\\\/uploads\\\/2020\\\/12\\\/Ekrano_kopija__2_-removebg-preview-1-1.png\",\"contentUrl\":\"https:\\\/\\\/1dronas.lt\\\/wp-content\\\/uploads\\\/2020\\\/12\\\/Ekrano_kopija__2_-removebg-preview-1-1.png\",\"width\":234,\"height\":81,\"caption\":\"1dronas.lt\"},\"image\":{\"@id\":\"https:\\\/\\\/1dronas.lt\\\/en\\\/#\\\/schema\\\/logo\\\/image\\\/\"},\"sameAs\":[\"https:\\\/\\\/www.facebook.com\\\/1dronas\\\/\"]}]}<\/script>\n<!-- \/ Yoast SEO plugin. -->","yoast_head_json":{"title":"DJI O3 Air Unit - 1dronas.lt","robots":{"index":"index","follow":"follow","max-snippet":"max-snippet:-1","max-image-preview":"max-image-preview:large","max-video-preview":"max-video-preview:-1"},"canonical":"https:\/\/1dronas.lt\/en\/produktas\/dji-o3-air-unit\/","og_locale":"en_US","og_type":"article","og_title":"DJI O3 Air Unit - 1dronas.lt","og_description":"Integruojant pa\u017eangiausi\u0105 DJI vaizdo perdavimo technologij\u0105 \u012f lengv\u0105 ir kompakti\u0161k\u0105 korpus\u0105, DJI O3 Air Unit pasi\u017eymi puikia vaizdo perdavimo kokybe su didele rai\u0161ka, ma\u017ea delsa ir dideliais atstumais.  \u00a0 \u00a01 \u2013 4 d. d.","og_url":"https:\/\/1dronas.lt\/en\/produktas\/dji-o3-air-unit\/","og_site_name":"1dronas.lt","article_publisher":"https:\/\/www.facebook.com\/1dronas\/","article_modified_time":"2025-07-21T10:20:23+00:00","og_image":[{"width":1200,"height":800,"url":"https:\/\/1dronas.lt\/wp-content\/uploads\/2024\/01\/dji-o3-air-unit-min.jpg","type":"image\/jpeg"}],"twitter_card":"summary_large_image","twitter_misc":{"Est. reading time":"2 minutes"},"schema":{"@context":"https:\/\/schema.org","@graph":[{"@type":"WebPage","@id":"https:\/\/1dronas.lt\/en\/produktas\/dji-o3-air-unit\/","url":"https:\/\/1dronas.lt\/en\/produktas\/dji-o3-air-unit\/","name":"DJI O3 Air Unit - 1dronas.lt","isPartOf":{"@id":"https:\/\/1dronas.lt\/en\/#website"},"primaryImageOfPage":{"@id":"https:\/\/1dronas.lt\/en\/produktas\/dji-o3-air-unit\/#primaryimage"},"image":{"@id":"https:\/\/1dronas.lt\/en\/produktas\/dji-o3-air-unit\/#primaryimage"},"thumbnailUrl":"https:\/\/1dronas.lt\/wp-content\/uploads\/2024\/01\/dji-o3-air-unit-min.jpg","datePublished":"2024-01-09T19:42:01+00:00","dateModified":"2025-07-21T10:20:23+00:00","breadcrumb":{"@id":"https:\/\/1dronas.lt\/en\/produktas\/dji-o3-air-unit\/#breadcrumb"},"inLanguage":"en-US","potentialAction":[{"@type":"ReadAction","target":["https:\/\/1dronas.lt\/en\/produktas\/dji-o3-air-unit\/"]}]},{"@type":"ImageObject","inLanguage":"en-US","@id":"https:\/\/1dronas.lt\/en\/produktas\/dji-o3-air-unit\/#primaryimage","url":"https:\/\/1dronas.lt\/wp-content\/uploads\/2024\/01\/dji-o3-air-unit-min.jpg","contentUrl":"https:\/\/1dronas.lt\/wp-content\/uploads\/2024\/01\/dji-o3-air-unit-min.jpg","width":1200,"height":800,"caption":"dji-o3-air-unit"},{"@type":"BreadcrumbList","@id":"https:\/\/1dronas.lt\/en\/produktas\/dji-o3-air-unit\/#breadcrumb","itemListElement":[{"@type":"ListItem","position":1,"name":"Home","item":"https:\/\/1dronas.lt\/"},{"@type":"ListItem","position":2,"name":"Parduotuv\u0117","item":"https:\/\/1dronas.lt\/parduotuve\/"},{"@type":"ListItem","position":3,"name":"DJI O3 Air Unit"}]},{"@type":"WebSite","@id":"https:\/\/1dronas.lt\/en\/#website","url":"https:\/\/1dronas.lt\/en\/","name":"1dronas.lt","description":"Online store","publisher":{"@id":"https:\/\/1dronas.lt\/en\/#organization"},"potentialAction":[{"@type":"SearchAction","target":{"@type":"EntryPoint","urlTemplate":"https:\/\/1dronas.lt\/en\/?s={search_term_string}"},"query-input":{"@type":"PropertyValueSpecification","valueRequired":true,"valueName":"search_term_string"}}],"inLanguage":"en-US"},{"@type":"Organization","@id":"https:\/\/1dronas.lt\/en\/#organization","name":"1dronas.lt","url":"https:\/\/1dronas.lt\/en\/","logo":{"@type":"ImageObject","inLanguage":"en-US","@id":"https:\/\/1dronas.lt\/en\/#\/schema\/logo\/image\/","url":"https:\/\/1dronas.lt\/wp-content\/uploads\/2020\/12\/Ekrano_kopija__2_-removebg-preview-1-1.png","contentUrl":"https:\/\/1dronas.lt\/wp-content\/uploads\/2020\/12\/Ekrano_kopija__2_-removebg-preview-1-1.png","width":234,"height":81,"caption":"1dronas.lt"},"image":{"@id":"https:\/\/1dronas.lt\/en\/#\/schema\/logo\/image\/"},"sameAs":["https:\/\/www.facebook.com\/1dronas\/"]}]}},"jetpack_sharing_enabled":true,"_links":{"self":[{"href":"https:\/\/1dronas.lt\/en\/wp-json\/wp\/v2\/product\/5691","targetHints":{"allow":["GET"]}}],"collection":[{"href":"https:\/\/1dronas.lt\/en\/wp-json\/wp\/v2\/product"}],"about":[{"href":"https:\/\/1dronas.lt\/en\/wp-json\/wp\/v2\/types\/product"}],"replies":[{"embeddable":true,"href":"https:\/\/1dronas.lt\/en\/wp-json\/wp\/v2\/comments?post=5691"}],"wp:featuredmedia":[{"embeddable":true,"href":"https:\/\/1dronas.lt\/en\/wp-json\/wp\/v2\/media\/5692"}],"wp:attachment":[{"href":"https:\/\/1dronas.lt\/en\/wp-json\/wp\/v2\/media?parent=5691"}],"wp:term":[{"taxonomy":"product_brand","embeddable":true,"href":"https:\/\/1dronas.lt\/en\/wp-json\/wp\/v2\/product_brand?post=5691"},{"taxonomy":"product_cat","embeddable":true,"href":"https:\/\/1dronas.lt\/en\/wp-json\/wp\/v2\/product_cat?post=5691"},{"taxonomy":"product_tag","embeddable":true,"href":"https:\/\/1dronas.lt\/en\/wp-json\/wp\/v2\/product_tag?post=5691"}],"curies":[{"name":"wp","href":"https:\/\/api.w.org\/{rel}","templated":true}]}}