{"id":5665,"date":"2024-01-09T21:14:35","date_gmt":"2024-01-09T21:14:35","guid":{"rendered":"https:\/\/1dronas.lt\/?post_type=product&#038;p=5665"},"modified":"2025-02-03T19:29:50","modified_gmt":"2025-02-03T19:29:50","slug":"betafpv-pavo-pico-brushless-whoop-quadcopter","status":"publish","type":"product","link":"https:\/\/1dronas.lt\/en\/produktas\/betafpv-pavo-pico-brushless-whoop-quadcopter\/","title":{"rendered":"BETAFPV Pavo Pico Brushless Whoop Quadcopter"},"content":{"rendered":"<p><strong>Camera and HD digital VTX (<em style=\"font-size: 0.875rem;\">DJI O3 HD Digital VTX, Walksnail Avatar HD Digital VTX, and Vista HD Digital VTX)<\/em> not included in the package, must be purchased separately.<\/strong><\/p>\n<p><img loading=\"lazy\" decoding=\"async\" class=\"alignnone wp-image-5667 size-full\" src=\"https:\/\/1dronas.lt\/wp-content\/uploads\/2023\/12\/FB_77d1878a-a531-4549-9e28-d49c800189c6_1024x1024-min.jpg\" alt=\"\" width=\"1024\" height=\"576\" srcset=\"https:\/\/1dronas.lt\/wp-content\/uploads\/2023\/12\/FB_77d1878a-a531-4549-9e28-d49c800189c6_1024x1024-min.jpg 1024w, https:\/\/1dronas.lt\/wp-content\/uploads\/2023\/12\/FB_77d1878a-a531-4549-9e28-d49c800189c6_1024x1024-min-300x169.jpg 300w, https:\/\/1dronas.lt\/wp-content\/uploads\/2023\/12\/FB_77d1878a-a531-4549-9e28-d49c800189c6_1024x1024-min-768x432.jpg 768w, https:\/\/1dronas.lt\/wp-content\/uploads\/2023\/12\/FB_77d1878a-a531-4549-9e28-d49c800189c6_1024x1024-min-18x10.jpg 18w, https:\/\/1dronas.lt\/wp-content\/uploads\/2023\/12\/FB_77d1878a-a531-4549-9e28-d49c800189c6_1024x1024-min-510x287.jpg 510w\" sizes=\"auto, (max-width: 1024px) 100vw, 1024px\" \/><\/p>\n<p><strong>Features:<\/strong><\/p>\n<p><b>\u2022 <\/b>The split-design HD VTX mounting bracket is compatible with popular models such as the DJI O3 Air Unit, Walksnail Avatar HD Pro, and Caddx Vista. The side mounting bracket, rubber shock absorber vibration damping structure, lens mount, and antenna have been reinforced to suppress low-frequency vibration and increase the safety of the HD VTX, ensuring stable high-definition video transmission. To start flying, simply connect the VTX cable and complete the pairing process;<br \/>\n<b>\u2022 <\/b>To protect the DJI O3 camera lens and maintain consistent high-definition video transmission during flight, a lens filter and lens protection bracket are included;<br \/>\n<b>\u2022 <\/b>The battery slot and HD VTX mounting bracket height have been reduced to improve the overall flying experience. DIY battery mounting methods are also supported, making them compatible with batteries of various sizes and capacities;<br \/>\n<b>\u2022 <\/b>The new F4 2-3S 20A AIO FC V1 is upgraded from the F4 1S 12A FC V3, weighs only 5.92g and is optimized for HD digital VTX. With improved power, fast response speed and stable flight, it is an ideal choice for HD Whoops drones;<br \/>\n<b>\u2022 <\/b>The frame is made using PA12 material, known for its exceptional impact resistance and easy installation process.<\/p>\n<p><strong>Specification:<\/strong><\/p>\n<p><strong><b>\u2022<\/b><\/strong>\u00a0Product<strong>:<\/strong> Pavo Pico FPV drone<br \/>\n<strong><b>\u2022\u00a0<\/b><\/strong>Battery<strong>:<\/strong> 2S 450mAh 45C<br \/>\n<strong><b>\u2022 <\/b><\/strong>Camera support: Support DJI O3 Camera, Caddx Series, RUNCAM Series 19mm\/20mm Camera, Avatar HD Pro Camera<br \/>\n<strong><b>\u2022 <\/b><\/strong>FC<strong><b>:<\/b><\/strong> F4 2-3S 20A AIO FC V1<br \/>\n<strong><b>\u2022\u00a0<\/b><\/strong>Flight duration*: 4 min.<br \/>\n<strong><b>\u2022\u00a0<\/b><\/strong>Frame material<strong>:<\/strong> Black PA12<br \/>\n<strong><b>\u2022\u00a0<\/b><\/strong>Engines<strong>:<\/strong> 1102|14000KV<br \/>\n<strong><b>\u2022\u00a0<\/b><\/strong>Power connector: XT30 connector<br \/>\n<strong><b>\u2022\u00a0<\/b><\/strong>Propellers: GF 45mm-3B 3-blade propellers<br \/>\n<strong><b>\u2022\u00a0<\/b><\/strong>Receiver (RX): Serial ELRS;<br \/>\n<strong><b>\u2022\u00a0<\/b><\/strong>Video Transmitter Support (VTX): Support DJI O3 Air Unit, Caddx Vista Kit \/ RUNCAM Link \/ Walksnail Avatar HD Pro Kit installation.<br \/>\n<strong><b>\u2022\u00a0<\/b><\/strong>Weight (without battery): 73.47g (DJI O3), 67.37g (Vista), 68.14g (Avatar)<\/p>\n<p>*\u00a0 <em>Flight time is calculated at a voltage of 8.4 V ~ 6.8 V.<\/em><\/p>\n<p><img loading=\"lazy\" decoding=\"async\" class=\"alignnone wp-image-5677 size-full\" src=\"https:\/\/1dronas.lt\/wp-content\/uploads\/2023\/12\/a70ac6696808b0b4ea38363b0fdd6eef_1024x1024-min.jpg\" alt=\"\" width=\"1024\" height=\"576\" srcset=\"https:\/\/1dronas.lt\/wp-content\/uploads\/2023\/12\/a70ac6696808b0b4ea38363b0fdd6eef_1024x1024-min.jpg 1024w, https:\/\/1dronas.lt\/wp-content\/uploads\/2023\/12\/a70ac6696808b0b4ea38363b0fdd6eef_1024x1024-min-300x169.jpg 300w, https:\/\/1dronas.lt\/wp-content\/uploads\/2023\/12\/a70ac6696808b0b4ea38363b0fdd6eef_1024x1024-min-768x432.jpg 768w, https:\/\/1dronas.lt\/wp-content\/uploads\/2023\/12\/a70ac6696808b0b4ea38363b0fdd6eef_1024x1024-min-18x10.jpg 18w, https:\/\/1dronas.lt\/wp-content\/uploads\/2023\/12\/a70ac6696808b0b4ea38363b0fdd6eef_1024x1024-min-510x287.jpg 510w\" sizes=\"auto, (max-width: 1024px) 100vw, 1024px\" \/><\/p>\n<p><strong>HD digital VTX system<\/strong><\/p>\n<p>Pavo Pico supports various types of digital VTX systems. DJI O3, Walksnail Avatar Pro Kit supports HD digital VTX up to 1080P, using dual-band transmission technology to ensure better signal stability. Vista Kit supports digital signal transmission for HD video up to 720P, with low latency and excellent image quality. It is compact and lightweight, making it perfect for mounting small drones and is compatible with a variety of remote controllers and monitors.<\/p>\n<p><img loading=\"lazy\" decoding=\"async\" class=\"alignnone wp-image-5678 size-full\" src=\"https:\/\/1dronas.lt\/wp-content\/uploads\/2023\/12\/cbeb077b05175501acbaf7f7783ef56c_2e1365d5-c9c8-4217-ac51-f8518e1742e9_1024x1024-min.jpg\" alt=\"\" width=\"1024\" height=\"576\" srcset=\"https:\/\/1dronas.lt\/wp-content\/uploads\/2023\/12\/cbeb077b05175501acbaf7f7783ef56c_2e1365d5-c9c8-4217-ac51-f8518e1742e9_1024x1024-min.jpg 1024w, https:\/\/1dronas.lt\/wp-content\/uploads\/2023\/12\/cbeb077b05175501acbaf7f7783ef56c_2e1365d5-c9c8-4217-ac51-f8518e1742e9_1024x1024-min-300x169.jpg 300w, https:\/\/1dronas.lt\/wp-content\/uploads\/2023\/12\/cbeb077b05175501acbaf7f7783ef56c_2e1365d5-c9c8-4217-ac51-f8518e1742e9_1024x1024-min-768x432.jpg 768w, https:\/\/1dronas.lt\/wp-content\/uploads\/2023\/12\/cbeb077b05175501acbaf7f7783ef56c_2e1365d5-c9c8-4217-ac51-f8518e1742e9_1024x1024-min-18x10.jpg 18w, https:\/\/1dronas.lt\/wp-content\/uploads\/2023\/12\/cbeb077b05175501acbaf7f7783ef56c_2e1365d5-c9c8-4217-ac51-f8518e1742e9_1024x1024-min-510x287.jpg 510w\" sizes=\"auto, (max-width: 1024px) 100vw, 1024px\" \/><\/p>\n<p><strong>Pavo Pico frame construction<\/strong><\/p>\n<p>The HD VTX mounting bracket is made of ultra-light PP material, which increases its rigidity. The antenna mounting hole and the frame are fused to reduce the risk of damage, and the camera mounting height is reduced by a protective printed part to limit its movement angle to 30\u00b0. In addition, an O3 filter can be used to protect the lens and improve image quality. A unique rubber shock absorber vibration damping design is adopted, which is used in conjunction with the GyroFlow stabilization software, which greatly increases safety and ensures smooth HD video transmission. When tightening the screws, DO NOT overtighten them so that the rubber dampers have room to absorb vibration.<\/p>\n<p><img loading=\"lazy\" decoding=\"async\" class=\"alignnone wp-image-5701 size-full\" src=\"https:\/\/1dronas.lt\/wp-content\/uploads\/2023\/12\/ca7d6d1690899c1a7e3707ee38ad3fe4_605b0530-9150-4522-9d21-a6b3685878f0_1024x1024-min.jpg\" alt=\"\" width=\"1024\" height=\"576\" srcset=\"https:\/\/1dronas.lt\/wp-content\/uploads\/2023\/12\/ca7d6d1690899c1a7e3707ee38ad3fe4_605b0530-9150-4522-9d21-a6b3685878f0_1024x1024-min.jpg 1024w, https:\/\/1dronas.lt\/wp-content\/uploads\/2023\/12\/ca7d6d1690899c1a7e3707ee38ad3fe4_605b0530-9150-4522-9d21-a6b3685878f0_1024x1024-min-300x169.jpg 300w, https:\/\/1dronas.lt\/wp-content\/uploads\/2023\/12\/ca7d6d1690899c1a7e3707ee38ad3fe4_605b0530-9150-4522-9d21-a6b3685878f0_1024x1024-min-768x432.jpg 768w, https:\/\/1dronas.lt\/wp-content\/uploads\/2023\/12\/ca7d6d1690899c1a7e3707ee38ad3fe4_605b0530-9150-4522-9d21-a6b3685878f0_1024x1024-min-18x10.jpg 18w, https:\/\/1dronas.lt\/wp-content\/uploads\/2023\/12\/ca7d6d1690899c1a7e3707ee38ad3fe4_605b0530-9150-4522-9d21-a6b3685878f0_1024x1024-min-510x287.jpg 510w\" sizes=\"auto, (max-width: 1024px) 100vw, 1024px\" \/><\/p>\n<p>Pilots can further customize their drone with DIY options, such as battery straps or printable components to accommodate different battery sizes. This allows pilots to customize and enhance their aircraft to meet specific requirements and preferences.<\/p>\n<p><img loading=\"lazy\" decoding=\"async\" class=\"alignnone wp-image-5702 size-full\" src=\"https:\/\/1dronas.lt\/wp-content\/uploads\/2024\/01\/9725f31f5dcf1c8fb6d413a55cd74fbc_69ec7bf9-890a-4a70-9533-0ed27c1d0674_1024x1024-min.jpg\" alt=\"\" width=\"1024\" height=\"576\" srcset=\"https:\/\/1dronas.lt\/wp-content\/uploads\/2024\/01\/9725f31f5dcf1c8fb6d413a55cd74fbc_69ec7bf9-890a-4a70-9533-0ed27c1d0674_1024x1024-min.jpg 1024w, https:\/\/1dronas.lt\/wp-content\/uploads\/2024\/01\/9725f31f5dcf1c8fb6d413a55cd74fbc_69ec7bf9-890a-4a70-9533-0ed27c1d0674_1024x1024-min-300x169.jpg 300w, https:\/\/1dronas.lt\/wp-content\/uploads\/2024\/01\/9725f31f5dcf1c8fb6d413a55cd74fbc_69ec7bf9-890a-4a70-9533-0ed27c1d0674_1024x1024-min-768x432.jpg 768w, https:\/\/1dronas.lt\/wp-content\/uploads\/2024\/01\/9725f31f5dcf1c8fb6d413a55cd74fbc_69ec7bf9-890a-4a70-9533-0ed27c1d0674_1024x1024-min-18x10.jpg 18w, https:\/\/1dronas.lt\/wp-content\/uploads\/2024\/01\/9725f31f5dcf1c8fb6d413a55cd74fbc_69ec7bf9-890a-4a70-9533-0ed27c1d0674_1024x1024-min-510x287.jpg 510w\" sizes=\"auto, (max-width: 1024px) 100vw, 1024px\" \/><\/p>\n<p>1102 | 14,000 kv engine provides more power, less noise, high thrust and impressive speed for easy maneuvering in the air. This power system, combined with a high-performance 45 mm Gemfan propeller, provides excellent balance, powerful lift and stable flight, as well as precise and responsive control. The combination of these power systems is the perfect choice for Pavo Pico, allowing pilots to easily complete filming tasks.<\/p>\n<p><img loading=\"lazy\" decoding=\"async\" class=\"alignnone wp-image-5710 size-full\" src=\"https:\/\/1dronas.lt\/wp-content\/uploads\/2024\/01\/1_4000f8b6-5de4-4dde-a40c-6f066836432c_600x600-min.jpg\" alt=\"\" width=\"600\" height=\"394\" srcset=\"https:\/\/1dronas.lt\/wp-content\/uploads\/2024\/01\/1_4000f8b6-5de4-4dde-a40c-6f066836432c_600x600-min.jpg 600w, https:\/\/1dronas.lt\/wp-content\/uploads\/2024\/01\/1_4000f8b6-5de4-4dde-a40c-6f066836432c_600x600-min-300x197.jpg 300w, https:\/\/1dronas.lt\/wp-content\/uploads\/2024\/01\/1_4000f8b6-5de4-4dde-a40c-6f066836432c_600x600-min-18x12.jpg 18w, https:\/\/1dronas.lt\/wp-content\/uploads\/2024\/01\/1_4000f8b6-5de4-4dde-a40c-6f066836432c_600x600-min-510x335.jpg 510w\" sizes=\"auto, (max-width: 600px) 100vw, 600px\" \/><\/p>\n<ul>\n<li><a href=\"http:\/\/Spustel\u0117kite, jei norite atsisi\u0173sti FC programin\u0117s aparatin\u0117s \u012frangos ir CLI i\u0161ra\u0161o fail\u0105 (F4 1S 12A AIO FC V3)\" target=\"_blank\" rel=\"noopener\">Click to download the FC firmware and CLI dump file(F4 1S 12A AIO FC V3)<\/a><\/li>\n<li><a href=\"https:\/\/support.betafpv.com\/hc\/en-us\/articles\/21133140518937-CLI-and-Firmware-for-Pavo-Pico-F405-2-3S-20A-V1-0-FC-\">Click to download the FC firmware and CLI dump file(F4 2-3S 20A AIO FC V1)<\/a><\/li>\n<li><a href=\"https:\/\/www.youtube.com\/watch?v=2PXi1TY23GY\">Click to watch the installation guide video for DJI O3 Air Unit on Pavo Pico<\/a><\/li>\n<li><a href=\"https:\/\/betafpv.com\/products\/sub100g-whoop-drone-with-dji-o3-beta-test\">Click to learn more about the BETA TEST: Sub100g Whoop Drone with DJI O3<\/a><\/li>\n<li>RX Version: If you are using a serial ELRS receiver, the serial port is UART3; if you are using an SBUS receiver, the serial port is UART5; if you are using other external receivers, the serial port is UART1; If you are flying with a DJI controller and want to disable the internal ELRS receiver on the board. Re-update the RX firmware, turn off the auto_WIFI_on_interval option, and select UART5.<\/li>\n<\/ul>\n<p><strong>Package:<\/strong><\/p>\n<p>1x Pavo Pico drone (Without VTX system);<br \/>\n1x 2S 450mAh battery;<br \/>\n4x GF 45mm-3B propellers;<br \/>\n1x USB parameter adjustment cable;<br \/>\n1x 5.8G copper tube antenna kit;<br \/>\n1x VTX bracket screw pack;<br \/>\n2x DJI O3 HD Digital VTX antenna mount;<br \/>\n2x DJI O3 HD Digital VTX holder;<br \/>\n1x VTX mounting plate (Vista\/Avatar HD Digital VTX version only);<br \/>\n1x DJI O3 lens protection against UV rays (DJI O3 HD digital VTX version only);<br \/>\n1x DJI O3 lens protective case (DJI O3 HD digital VTX version only).<\/p>\n<p><img loading=\"lazy\" decoding=\"async\" class=\"alignnone wp-image-5712 size-full\" src=\"https:\/\/1dronas.lt\/wp-content\/uploads\/2024\/01\/3f89305fb1dabad87b9b93324e3c25cd_ff95f042-41f7-42c8-88e6-4fe37b553ba0_600x600-min.jpg\" alt=\"\" width=\"600\" height=\"600\" srcset=\"https:\/\/1dronas.lt\/wp-content\/uploads\/2024\/01\/3f89305fb1dabad87b9b93324e3c25cd_ff95f042-41f7-42c8-88e6-4fe37b553ba0_600x600-min.jpg 600w, https:\/\/1dronas.lt\/wp-content\/uploads\/2024\/01\/3f89305fb1dabad87b9b93324e3c25cd_ff95f042-41f7-42c8-88e6-4fe37b553ba0_600x600-min-300x300.jpg 300w, https:\/\/1dronas.lt\/wp-content\/uploads\/2024\/01\/3f89305fb1dabad87b9b93324e3c25cd_ff95f042-41f7-42c8-88e6-4fe37b553ba0_600x600-min-150x150.jpg 150w, https:\/\/1dronas.lt\/wp-content\/uploads\/2024\/01\/3f89305fb1dabad87b9b93324e3c25cd_ff95f042-41f7-42c8-88e6-4fe37b553ba0_600x600-min-12x12.jpg 12w, https:\/\/1dronas.lt\/wp-content\/uploads\/2024\/01\/3f89305fb1dabad87b9b93324e3c25cd_ff95f042-41f7-42c8-88e6-4fe37b553ba0_600x600-min-247x247.jpg 247w, https:\/\/1dronas.lt\/wp-content\/uploads\/2024\/01\/3f89305fb1dabad87b9b93324e3c25cd_ff95f042-41f7-42c8-88e6-4fe37b553ba0_600x600-min-510x510.jpg 510w, https:\/\/1dronas.lt\/wp-content\/uploads\/2024\/01\/3f89305fb1dabad87b9b93324e3c25cd_ff95f042-41f7-42c8-88e6-4fe37b553ba0_600x600-min-100x100.jpg 100w\" sizes=\"auto, (max-width: 600px) 100vw, 600px\" \/><\/p>\n<p><em>Note: 1. The package picture above is the DJI O3 HD digital VTX version. 2. DJI O3 HD digital VTX, Avatar HD digital VTX and Vista HD digital VTX are not included in all packages. You need to purchase it yourself.<\/em><\/p>","protected":false},"excerpt":{"rendered":"<p><span style=\"color: #000000;\">Pavo Pico supports various types of digital VTX systems.<\/span><\/p>\n<p><span style=\"color: #000000;\"><strong><img loading=\"lazy\" decoding=\"async\" class=\"alignnone wp-image-1806\" src=\"https:\/\/1dronas.lt\/wp-content\/uploads\/2021\/05\/delivery-icon.png\" alt=\"\" width=\"24\" height=\"24\" srcset=\"https:\/\/1dronas.lt\/wp-content\/uploads\/2021\/05\/delivery-icon.png 35w, https:\/\/1dronas.lt\/wp-content\/uploads\/2021\/05\/delivery-icon-12x12.png 12w\" sizes=\"auto, (max-width: 24px) 100vw, 24px\" \/>\u00a0\u00a0\u00a01 \u2013 4 days<\/strong><\/span><\/p>","protected":false},"featured_media":5670,"comment_status":"open","ping_status":"closed","template":"","meta":[],"product_brand":[489],"product_cat":[109,105,104],"product_tag":[],"class_list":{"0":"post-5665","1":"product","2":"type-product","3":"status-publish","4":"has-post-thumbnail","6":"product_brand-betafpv","7":"product_cat-cinewhoop","8":"product_cat-fpv-bnf-dronai","9":"product_cat-orlaiviai","11":"first","12":"outofstock","13":"taxable","14":"shipping-taxable","15":"product-type-variable","16":"has-default-attributes"},"yoast_head":"<!-- This site is optimized with the Yoast SEO plugin v27.4 - https:\/\/yoast.com\/product\/yoast-seo-wordpress\/ -->\n<title>BETAFPV Pavo Pico Brushless Whoop Quadcopter - 1dronas.lt<\/title>\n<meta name=\"robots\" content=\"index, follow, max-snippet:-1, max-image-preview:large, max-video-preview:-1\" \/>\n<link rel=\"canonical\" href=\"https:\/\/1dronas.lt\/en\/produktas\/betafpv-pavo-pico-brushless-whoop-quadcopter\/\" \/>\n<meta property=\"og:locale\" content=\"en_US\" \/>\n<meta property=\"og:type\" content=\"article\" \/>\n<meta property=\"og:title\" content=\"BETAFPV Pavo Pico Brushless Whoop Quadcopter - 1dronas.lt\" \/>\n<meta property=\"og:description\" content=\"\u201ePavo Pico\u201c palaiko \u012fvairi\u0173 tip\u0173 skaitmenines VTX sistemas.  \u00a0\u00a0\u00a01 \u2013 4 d. d.\" \/>\n<meta property=\"og:url\" content=\"https:\/\/1dronas.lt\/en\/produktas\/betafpv-pavo-pico-brushless-whoop-quadcopter\/\" \/>\n<meta property=\"og:site_name\" content=\"1dronas.lt\" \/>\n<meta property=\"article:publisher\" content=\"https:\/\/www.facebook.com\/1dronas\/\" \/>\n<meta property=\"article:modified_time\" content=\"2025-02-03T19:29:50+00:00\" \/>\n<meta property=\"og:image\" content=\"https:\/\/1dronas.lt\/wp-content\/uploads\/2023\/12\/pavopicodjiO3_720x-min.jpg\" \/>\n\t<meta property=\"og:image:width\" content=\"720\" \/>\n\t<meta property=\"og:image:height\" content=\"720\" \/>\n\t<meta property=\"og:image:type\" content=\"image\/jpeg\" \/>\n<meta name=\"twitter:card\" content=\"summary_large_image\" \/>\n<meta name=\"twitter:label1\" content=\"Est. reading time\" \/>\n\t<meta name=\"twitter:data1\" content=\"7 minutes\" \/>\n<script type=\"application\/ld+json\" class=\"yoast-schema-graph\">{\"@context\":\"https:\\\/\\\/schema.org\",\"@graph\":[{\"@type\":\"WebPage\",\"@id\":\"https:\\\/\\\/1dronas.lt\\\/en\\\/produktas\\\/betafpv-pavo-pico-brushless-whoop-quadcopter\\\/\",\"url\":\"https:\\\/\\\/1dronas.lt\\\/en\\\/produktas\\\/betafpv-pavo-pico-brushless-whoop-quadcopter\\\/\",\"name\":\"BETAFPV Pavo Pico Brushless Whoop Quadcopter - 1dronas.lt\",\"isPartOf\":{\"@id\":\"https:\\\/\\\/1dronas.lt\\\/en\\\/#website\"},\"primaryImageOfPage\":{\"@id\":\"https:\\\/\\\/1dronas.lt\\\/en\\\/produktas\\\/betafpv-pavo-pico-brushless-whoop-quadcopter\\\/#primaryimage\"},\"image\":{\"@id\":\"https:\\\/\\\/1dronas.lt\\\/en\\\/produktas\\\/betafpv-pavo-pico-brushless-whoop-quadcopter\\\/#primaryimage\"},\"thumbnailUrl\":\"https:\\\/\\\/1dronas.lt\\\/wp-content\\\/uploads\\\/2023\\\/12\\\/pavopicodjiO3_720x-min.jpg\",\"datePublished\":\"2024-01-09T21:14:35+00:00\",\"dateModified\":\"2025-02-03T19:29:50+00:00\",\"breadcrumb\":{\"@id\":\"https:\\\/\\\/1dronas.lt\\\/en\\\/produktas\\\/betafpv-pavo-pico-brushless-whoop-quadcopter\\\/#breadcrumb\"},\"inLanguage\":\"en-US\",\"potentialAction\":[{\"@type\":\"ReadAction\",\"target\":[\"https:\\\/\\\/1dronas.lt\\\/en\\\/produktas\\\/betafpv-pavo-pico-brushless-whoop-quadcopter\\\/\"]}]},{\"@type\":\"ImageObject\",\"inLanguage\":\"en-US\",\"@id\":\"https:\\\/\\\/1dronas.lt\\\/en\\\/produktas\\\/betafpv-pavo-pico-brushless-whoop-quadcopter\\\/#primaryimage\",\"url\":\"https:\\\/\\\/1dronas.lt\\\/wp-content\\\/uploads\\\/2023\\\/12\\\/pavopicodjiO3_720x-min.jpg\",\"contentUrl\":\"https:\\\/\\\/1dronas.lt\\\/wp-content\\\/uploads\\\/2023\\\/12\\\/pavopicodjiO3_720x-min.jpg\",\"width\":720,\"height\":720},{\"@type\":\"BreadcrumbList\",\"@id\":\"https:\\\/\\\/1dronas.lt\\\/en\\\/produktas\\\/betafpv-pavo-pico-brushless-whoop-quadcopter\\\/#breadcrumb\",\"itemListElement\":[{\"@type\":\"ListItem\",\"position\":1,\"name\":\"Home\",\"item\":\"https:\\\/\\\/1dronas.lt\\\/\"},{\"@type\":\"ListItem\",\"position\":2,\"name\":\"Parduotuv\u0117\",\"item\":\"https:\\\/\\\/1dronas.lt\\\/parduotuve\\\/\"},{\"@type\":\"ListItem\",\"position\":3,\"name\":\"BETAFPV Pavo Pico Brushless Whoop Quadcopter\"}]},{\"@type\":\"WebSite\",\"@id\":\"https:\\\/\\\/1dronas.lt\\\/en\\\/#website\",\"url\":\"https:\\\/\\\/1dronas.lt\\\/en\\\/\",\"name\":\"1dronas.lt\",\"description\":\"Internetin\u0117 parduotuv\u0117\",\"publisher\":{\"@id\":\"https:\\\/\\\/1dronas.lt\\\/en\\\/#organization\"},\"potentialAction\":[{\"@type\":\"SearchAction\",\"target\":{\"@type\":\"EntryPoint\",\"urlTemplate\":\"https:\\\/\\\/1dronas.lt\\\/en\\\/?s={search_term_string}\"},\"query-input\":{\"@type\":\"PropertyValueSpecification\",\"valueRequired\":true,\"valueName\":\"search_term_string\"}}],\"inLanguage\":\"en-US\"},{\"@type\":\"Organization\",\"@id\":\"https:\\\/\\\/1dronas.lt\\\/en\\\/#organization\",\"name\":\"1dronas.lt\",\"url\":\"https:\\\/\\\/1dronas.lt\\\/en\\\/\",\"logo\":{\"@type\":\"ImageObject\",\"inLanguage\":\"en-US\",\"@id\":\"https:\\\/\\\/1dronas.lt\\\/en\\\/#\\\/schema\\\/logo\\\/image\\\/\",\"url\":\"https:\\\/\\\/1dronas.lt\\\/wp-content\\\/uploads\\\/2020\\\/12\\\/Ekrano_kopija__2_-removebg-preview-1-1.png\",\"contentUrl\":\"https:\\\/\\\/1dronas.lt\\\/wp-content\\\/uploads\\\/2020\\\/12\\\/Ekrano_kopija__2_-removebg-preview-1-1.png\",\"width\":234,\"height\":81,\"caption\":\"1dronas.lt\"},\"image\":{\"@id\":\"https:\\\/\\\/1dronas.lt\\\/en\\\/#\\\/schema\\\/logo\\\/image\\\/\"},\"sameAs\":[\"https:\\\/\\\/www.facebook.com\\\/1dronas\\\/\"]}]}<\/script>\n<!-- \/ Yoast SEO plugin. -->","yoast_head_json":{"title":"BETAFPV Pavo Pico Brushless Whoop Quadcopter - 1dronas.lt","robots":{"index":"index","follow":"follow","max-snippet":"max-snippet:-1","max-image-preview":"max-image-preview:large","max-video-preview":"max-video-preview:-1"},"canonical":"https:\/\/1dronas.lt\/en\/produktas\/betafpv-pavo-pico-brushless-whoop-quadcopter\/","og_locale":"en_US","og_type":"article","og_title":"BETAFPV Pavo Pico Brushless Whoop Quadcopter - 1dronas.lt","og_description":"\u201ePavo Pico\u201c palaiko \u012fvairi\u0173 tip\u0173 skaitmenines VTX sistemas.  \u00a0\u00a0\u00a01 \u2013 4 d. d.","og_url":"https:\/\/1dronas.lt\/en\/produktas\/betafpv-pavo-pico-brushless-whoop-quadcopter\/","og_site_name":"1dronas.lt","article_publisher":"https:\/\/www.facebook.com\/1dronas\/","article_modified_time":"2025-02-03T19:29:50+00:00","og_image":[{"width":720,"height":720,"url":"https:\/\/1dronas.lt\/wp-content\/uploads\/2023\/12\/pavopicodjiO3_720x-min.jpg","type":"image\/jpeg"}],"twitter_card":"summary_large_image","twitter_misc":{"Est. reading time":"7 minutes"},"schema":{"@context":"https:\/\/schema.org","@graph":[{"@type":"WebPage","@id":"https:\/\/1dronas.lt\/en\/produktas\/betafpv-pavo-pico-brushless-whoop-quadcopter\/","url":"https:\/\/1dronas.lt\/en\/produktas\/betafpv-pavo-pico-brushless-whoop-quadcopter\/","name":"BETAFPV Pavo Pico Brushless Whoop Quadcopter - 1dronas.lt","isPartOf":{"@id":"https:\/\/1dronas.lt\/en\/#website"},"primaryImageOfPage":{"@id":"https:\/\/1dronas.lt\/en\/produktas\/betafpv-pavo-pico-brushless-whoop-quadcopter\/#primaryimage"},"image":{"@id":"https:\/\/1dronas.lt\/en\/produktas\/betafpv-pavo-pico-brushless-whoop-quadcopter\/#primaryimage"},"thumbnailUrl":"https:\/\/1dronas.lt\/wp-content\/uploads\/2023\/12\/pavopicodjiO3_720x-min.jpg","datePublished":"2024-01-09T21:14:35+00:00","dateModified":"2025-02-03T19:29:50+00:00","breadcrumb":{"@id":"https:\/\/1dronas.lt\/en\/produktas\/betafpv-pavo-pico-brushless-whoop-quadcopter\/#breadcrumb"},"inLanguage":"en-US","potentialAction":[{"@type":"ReadAction","target":["https:\/\/1dronas.lt\/en\/produktas\/betafpv-pavo-pico-brushless-whoop-quadcopter\/"]}]},{"@type":"ImageObject","inLanguage":"en-US","@id":"https:\/\/1dronas.lt\/en\/produktas\/betafpv-pavo-pico-brushless-whoop-quadcopter\/#primaryimage","url":"https:\/\/1dronas.lt\/wp-content\/uploads\/2023\/12\/pavopicodjiO3_720x-min.jpg","contentUrl":"https:\/\/1dronas.lt\/wp-content\/uploads\/2023\/12\/pavopicodjiO3_720x-min.jpg","width":720,"height":720},{"@type":"BreadcrumbList","@id":"https:\/\/1dronas.lt\/en\/produktas\/betafpv-pavo-pico-brushless-whoop-quadcopter\/#breadcrumb","itemListElement":[{"@type":"ListItem","position":1,"name":"Home","item":"https:\/\/1dronas.lt\/"},{"@type":"ListItem","position":2,"name":"Parduotuv\u0117","item":"https:\/\/1dronas.lt\/parduotuve\/"},{"@type":"ListItem","position":3,"name":"BETAFPV Pavo Pico Brushless Whoop Quadcopter"}]},{"@type":"WebSite","@id":"https:\/\/1dronas.lt\/en\/#website","url":"https:\/\/1dronas.lt\/en\/","name":"1dronas.lt","description":"Online store","publisher":{"@id":"https:\/\/1dronas.lt\/en\/#organization"},"potentialAction":[{"@type":"SearchAction","target":{"@type":"EntryPoint","urlTemplate":"https:\/\/1dronas.lt\/en\/?s={search_term_string}"},"query-input":{"@type":"PropertyValueSpecification","valueRequired":true,"valueName":"search_term_string"}}],"inLanguage":"en-US"},{"@type":"Organization","@id":"https:\/\/1dronas.lt\/en\/#organization","name":"1dronas.lt","url":"https:\/\/1dronas.lt\/en\/","logo":{"@type":"ImageObject","inLanguage":"en-US","@id":"https:\/\/1dronas.lt\/en\/#\/schema\/logo\/image\/","url":"https:\/\/1dronas.lt\/wp-content\/uploads\/2020\/12\/Ekrano_kopija__2_-removebg-preview-1-1.png","contentUrl":"https:\/\/1dronas.lt\/wp-content\/uploads\/2020\/12\/Ekrano_kopija__2_-removebg-preview-1-1.png","width":234,"height":81,"caption":"1dronas.lt"},"image":{"@id":"https:\/\/1dronas.lt\/en\/#\/schema\/logo\/image\/"},"sameAs":["https:\/\/www.facebook.com\/1dronas\/"]}]}},"jetpack_sharing_enabled":true,"_links":{"self":[{"href":"https:\/\/1dronas.lt\/en\/wp-json\/wp\/v2\/product\/5665","targetHints":{"allow":["GET"]}}],"collection":[{"href":"https:\/\/1dronas.lt\/en\/wp-json\/wp\/v2\/product"}],"about":[{"href":"https:\/\/1dronas.lt\/en\/wp-json\/wp\/v2\/types\/product"}],"replies":[{"embeddable":true,"href":"https:\/\/1dronas.lt\/en\/wp-json\/wp\/v2\/comments?post=5665"}],"wp:featuredmedia":[{"embeddable":true,"href":"https:\/\/1dronas.lt\/en\/wp-json\/wp\/v2\/media\/5670"}],"wp:attachment":[{"href":"https:\/\/1dronas.lt\/en\/wp-json\/wp\/v2\/media?parent=5665"}],"wp:term":[{"taxonomy":"product_brand","embeddable":true,"href":"https:\/\/1dronas.lt\/en\/wp-json\/wp\/v2\/product_brand?post=5665"},{"taxonomy":"product_cat","embeddable":true,"href":"https:\/\/1dronas.lt\/en\/wp-json\/wp\/v2\/product_cat?post=5665"},{"taxonomy":"product_tag","embeddable":true,"href":"https:\/\/1dronas.lt\/en\/wp-json\/wp\/v2\/product_tag?post=5665"}],"curies":[{"name":"wp","href":"https:\/\/api.w.org\/{rel}","templated":true}]}}