{"id":5492,"date":"2023-11-01T14:52:15","date_gmt":"2023-11-01T14:52:15","guid":{"rendered":"https:\/\/1dronas.lt\/?post_type=product&#038;p=5492"},"modified":"2026-04-02T11:37:15","modified_gmt":"2026-04-02T08:37:15","slug":"betafpv-aquila16-dronas-elrs-2-4g","status":"publish","type":"product","link":"https:\/\/1dronas.lt\/en\/produktas\/betafpv-aquila16-dronas-elrs-2-4g\/","title":{"rendered":"BETAFPV Aquila16 Quadcopter ELRS 2.4G"},"content":{"rendered":"<p>Aquila16 FPV is a more advanced aircraft for beginners. Inverted engine aircraft with modular aerodynamic design. Fly for up to 8 min. and cover a distance of up to 200 m. Stable hovering in the air and reinforced frame protection allow for consistent flights and better control. Accelerate the FPV learning process and become a professional faster.<\/p>\n<p><img loading=\"lazy\" decoding=\"async\" class=\"alignnone size-full wp-image-5509\" src=\"https:\/\/1dronas.lt\/wp-content\/uploads\/2023\/11\/e8c7a27fcd16eb3879f1b0132dc5c82f_1024x1024-min.jpg\" alt=\"\" width=\"1024\" height=\"576\" srcset=\"https:\/\/1dronas.lt\/wp-content\/uploads\/2023\/11\/e8c7a27fcd16eb3879f1b0132dc5c82f_1024x1024-min.jpg 1024w, https:\/\/1dronas.lt\/wp-content\/uploads\/2023\/11\/e8c7a27fcd16eb3879f1b0132dc5c82f_1024x1024-min-300x169.jpg 300w, https:\/\/1dronas.lt\/wp-content\/uploads\/2023\/11\/e8c7a27fcd16eb3879f1b0132dc5c82f_1024x1024-min-768x432.jpg 768w, https:\/\/1dronas.lt\/wp-content\/uploads\/2023\/11\/e8c7a27fcd16eb3879f1b0132dc5c82f_1024x1024-min-18x10.jpg 18w, https:\/\/1dronas.lt\/wp-content\/uploads\/2023\/11\/e8c7a27fcd16eb3879f1b0132dc5c82f_1024x1024-min-510x287.jpg 510w\" sizes=\"auto, (max-width: 1024px) 100vw, 1024px\" \/><\/p>\n<p><strong>Features:<\/strong><\/p>\n<p><strong><b>\u2022 <\/b><\/strong>The Aquila16 FPV Kit has a hover function, making flight safe and easy, and learning to fly hassle-free.<br \/>\n<strong><b>\u2022 <\/b><\/strong>Made from durable PA12 material, the Aquila16 frame is highly resistant to drops and impacts, reducing the risk of damage and giving you more peace of mind while learning.<br \/>\n<strong><b>\u2022 <\/b><\/strong>With a 1100mAh battery, it provides 8 minutes of flight time and a maximum flight distance of 200 meters. For those looking for advanced flight modes such as freestyle or racing, the 650 battery is recommended.<br \/>\n<strong><b>\u2022 <\/b><\/strong>The fixed configuration battery facilitates installation, making it a simple and straightforward process.<br \/>\n<strong><b>\u2022 <\/b><\/strong>The Aquila16 V1.0 FC flight control board developed by BETAFPV uses the BETAFPV configuration and is equipped with the most popular software in the FPV community. Beginners can learn and understand more about FPV, which is an essential way to gain drone experience.<br \/>\n3 flight and speed modes, adapted from beginners to professionals, will gradually improve your skills.<\/p>\n<p><strong>Specification:<\/strong><\/p>\n<p><strong><b>\u2022 <\/b><\/strong>Item: Aquila16 FPV drone<br \/>\n<strong><b>\u2022 <\/b><\/strong>Battery: Aquila16 special battery 1100mAh (default), 650mAh (optional)<br \/>\n<strong><b>\u2022 <\/b><\/strong>Camera: C02<br \/>\n<strong><b>\u2022 <\/b><\/strong>Camera angle adjustment: 15\u00b0-30\u00b0<br \/>\n<strong><b>\u2022 <\/b><\/strong>Charger used: BT2.0 Battery Charger and Voltage Tester V2<br \/>\n<strong><b>\u2022 <\/b><\/strong>Flight controller: Aquila16 V1.0<br \/>\n<strong><b>\u2022 <\/b><\/strong>Flight modes: N\/S\/M mode<br \/>\n<strong><b>\u2022 <\/b><\/strong>Flight time (4.35-3.4 V): 8 min.<br \/>\n<strong><b>\u2022 <\/b><\/strong>Frame material: Black PA12<br \/>\n<strong><b>\u2022 <\/b><\/strong>Motors: 1102|18000KV<br \/>\n<strong><b>\u2022 <\/b><\/strong>Power connector: BT2.0 connector<br \/>\n<strong><b>\u2022 <\/b><\/strong>Propellers: Beta-45 mm 3-blade propellers<br \/>\n<strong><b>\u2022 <\/b><\/strong>Receiver: Serial ELRS 2.4G version 3.0<br \/>\n<strong><b>\u2022 <\/b><\/strong>Receiver binding: Power on 3 times<br \/>\n<strong><b>\u2022 <\/b><\/strong>Video Transmitter (VTX): \u201cAquila\u201d 25-350 mW VTX<br \/>\n<strong><b>\u2022 <\/b><\/strong>VTX power and operating range: 25 mW (operating range: 80 m), 350 mW (operating range: 200 m)<br \/>\n<strong><b>\u2022 <\/b><\/strong>Propeller diameter: 86 mm<br \/>\n<strong><b>\u2022 <\/b><\/strong>Weight (without battery): 47.1g<br \/>\n<strong><b>\u2022 <\/b><\/strong>Take-off weight (with 1100 mAh battery): 72.5g<\/p>\n<p><strong>Fly further, fly longer<\/strong><\/p>\n<p>An impressive 8 min. flight time allows you to enjoy endless training and a flight distance of up to 200 m indoors or outdoors. Enjoy uninterrupted flights so you can focus on improving your piloting skills. The kit is equipped with a high-power, low-latency 350 mW video transmission system, ensuring real-time video transmission and a stable signal up to 200 m away. Say goodbye to video lag and immerse yourself in the excitement of flying.<\/p>\n<p><img loading=\"lazy\" decoding=\"async\" class=\"alignnone size-full wp-image-5458\" src=\"https:\/\/1dronas.lt\/wp-content\/uploads\/2023\/11\/6bf1a5e6a8fbcdb0cab6b737445c4e4b_571c9a48-50e6-45ca-819f-910054e945f1_1024x1024-min.jpg\" alt=\"\" width=\"1024\" height=\"576\" srcset=\"https:\/\/1dronas.lt\/wp-content\/uploads\/2023\/11\/6bf1a5e6a8fbcdb0cab6b737445c4e4b_571c9a48-50e6-45ca-819f-910054e945f1_1024x1024-min.jpg 1024w, https:\/\/1dronas.lt\/wp-content\/uploads\/2023\/11\/6bf1a5e6a8fbcdb0cab6b737445c4e4b_571c9a48-50e6-45ca-819f-910054e945f1_1024x1024-min-300x169.jpg 300w, https:\/\/1dronas.lt\/wp-content\/uploads\/2023\/11\/6bf1a5e6a8fbcdb0cab6b737445c4e4b_571c9a48-50e6-45ca-819f-910054e945f1_1024x1024-min-768x432.jpg 768w, https:\/\/1dronas.lt\/wp-content\/uploads\/2023\/11\/6bf1a5e6a8fbcdb0cab6b737445c4e4b_571c9a48-50e6-45ca-819f-910054e945f1_1024x1024-min-18x10.jpg 18w, https:\/\/1dronas.lt\/wp-content\/uploads\/2023\/11\/6bf1a5e6a8fbcdb0cab6b737445c4e4b_571c9a48-50e6-45ca-819f-910054e945f1_1024x1024-min-510x287.jpg 510w\" sizes=\"auto, (max-width: 1024px) 100vw, 1024px\" \/><\/p>\n<p><strong>Flight assist function<\/strong><\/p>\n<p>The Aquila16 FPV drone features a hover assist function that ensures safe and easy flight for worry-free learning. Built-in high-precision barometer for altitude hold, it offers high stability thanks to its attitude hold mode and auto-ascent, which allows the drone to maintain its current altitude. This feature guarantees an emergency landing in case of loss of control or battery drain. Meanwhile, the stable flight characteristics allow you to capture stunning shots with extreme precision using <a href=\"https:\/\/1dronas.lt\/en\/product\/betafpv-vr03-akiniai\/\">VR03 FPV goggles<\/a>Experience the immense pleasure and ease of flight.<\/p>\n<p><em>Note: The position hold function is only available in N mode.<\/em><\/p>\n<p><img loading=\"lazy\" decoding=\"async\" class=\"alignnone size-full wp-image-5459\" src=\"https:\/\/1dronas.lt\/wp-content\/uploads\/2023\/11\/aquila-hover-betafpv.jpg\" alt=\"\" width=\"1024\" height=\"576\" srcset=\"https:\/\/1dronas.lt\/wp-content\/uploads\/2023\/11\/aquila-hover-betafpv.jpg 1024w, https:\/\/1dronas.lt\/wp-content\/uploads\/2023\/11\/aquila-hover-betafpv-300x169.jpg 300w, https:\/\/1dronas.lt\/wp-content\/uploads\/2023\/11\/aquila-hover-betafpv-768x432.jpg 768w, https:\/\/1dronas.lt\/wp-content\/uploads\/2023\/11\/aquila-hover-betafpv-18x10.jpg 18w, https:\/\/1dronas.lt\/wp-content\/uploads\/2023\/11\/aquila-hover-betafpv-510x287.jpg 510w\" sizes=\"auto, (max-width: 1024px) 100vw, 1024px\" \/><\/p>\n<p><strong>Designed to make flying easier<\/strong><\/p>\n<p>Every aspect of the design embodies easier flying for beginners. The included inverted motor system increases traction and stability, allowing the drone to achieve excellent flight performance. The fixed configuration port and modular battery reduce the number of redundant structures, making installation simple and straightforward. The frame structure ensures safe flights by protecting the propellers and motors.<\/p>\n<p><img loading=\"lazy\" decoding=\"async\" class=\"alignnone size-full wp-image-5460\" src=\"https:\/\/1dronas.lt\/wp-content\/uploads\/2023\/11\/83391da716f74a4ae6d1bd2edf808e47_e77a1890-a75d-4d12-8113-f96773138e52_1024x1024-min.jpg\" alt=\"\" width=\"1024\" height=\"576\" srcset=\"https:\/\/1dronas.lt\/wp-content\/uploads\/2023\/11\/83391da716f74a4ae6d1bd2edf808e47_e77a1890-a75d-4d12-8113-f96773138e52_1024x1024-min.jpg 1024w, https:\/\/1dronas.lt\/wp-content\/uploads\/2023\/11\/83391da716f74a4ae6d1bd2edf808e47_e77a1890-a75d-4d12-8113-f96773138e52_1024x1024-min-300x169.jpg 300w, https:\/\/1dronas.lt\/wp-content\/uploads\/2023\/11\/83391da716f74a4ae6d1bd2edf808e47_e77a1890-a75d-4d12-8113-f96773138e52_1024x1024-min-768x432.jpg 768w, https:\/\/1dronas.lt\/wp-content\/uploads\/2023\/11\/83391da716f74a4ae6d1bd2edf808e47_e77a1890-a75d-4d12-8113-f96773138e52_1024x1024-min-18x10.jpg 18w, https:\/\/1dronas.lt\/wp-content\/uploads\/2023\/11\/83391da716f74a4ae6d1bd2edf808e47_e77a1890-a75d-4d12-8113-f96773138e52_1024x1024-min-510x287.jpg 510w\" sizes=\"auto, (max-width: 1024px) 100vw, 1024px\" \/><\/p>\n<p><strong>Fly indoors and outdoors<br \/>\n<\/strong><br \/>\nThe Aquila16 FPV drone offers an exciting flying experience for everyone, regardless of age or skill level. The durable construction ensures long-lasting performance, while the intuitive controls provide precise maneuverability, so you can fly indoors and outdoors without worry, capturing breathtaking moments with a high-quality camera and enjoying FPV in real time. The easy setup allows you to fully immerse yourself in the joy of flying and opens up unlimited creative possibilities.<\/p>\n<p><img loading=\"lazy\" decoding=\"async\" class=\"alignnone size-full wp-image-5464\" src=\"https:\/\/1dronas.lt\/wp-content\/uploads\/2023\/11\/6e98834b6b0690a23f244032178aa509_56f38917-132d-4961-b301-7796c9c9fc68_1024x1024-min.jpg\" alt=\"\" width=\"1024\" height=\"576\" srcset=\"https:\/\/1dronas.lt\/wp-content\/uploads\/2023\/11\/6e98834b6b0690a23f244032178aa509_56f38917-132d-4961-b301-7796c9c9fc68_1024x1024-min.jpg 1024w, https:\/\/1dronas.lt\/wp-content\/uploads\/2023\/11\/6e98834b6b0690a23f244032178aa509_56f38917-132d-4961-b301-7796c9c9fc68_1024x1024-min-300x169.jpg 300w, https:\/\/1dronas.lt\/wp-content\/uploads\/2023\/11\/6e98834b6b0690a23f244032178aa509_56f38917-132d-4961-b301-7796c9c9fc68_1024x1024-min-768x432.jpg 768w, https:\/\/1dronas.lt\/wp-content\/uploads\/2023\/11\/6e98834b6b0690a23f244032178aa509_56f38917-132d-4961-b301-7796c9c9fc68_1024x1024-min-18x10.jpg 18w, https:\/\/1dronas.lt\/wp-content\/uploads\/2023\/11\/6e98834b6b0690a23f244032178aa509_56f38917-132d-4961-b301-7796c9c9fc68_1024x1024-min-510x287.jpg 510w\" sizes=\"auto, (max-width: 1024px) 100vw, 1024px\" \/><\/p>\n<p><strong>Various modes<\/strong><\/p>\n<p>The Aquila16 brushless quadcopter offers N\/S\/M 3 flight modes and supports 3 different speeds: SLOW\/MID\/FAST. With the turtle mode, easily correct the aircraft&#039;s attitude, flip the aircraft with a single button, and resume flight when the quadcopter hits the ground and flips upside down. Whether you are an experienced FPV pilot or a complete novice, the Aquila16 FPV Kit allows everyone to fly confidently from day one.<\/p>\n<p><img loading=\"lazy\" decoding=\"async\" class=\"alignnone size-full wp-image-5467\" src=\"https:\/\/1dronas.lt\/wp-content\/uploads\/2023\/11\/5f185f265528ba515aee8e5964d417a3_1a5cf005-0f9d-4a3f-9d00-98282e4ee3e9_1024x1024-min.jpg\" alt=\"\" width=\"1024\" height=\"576\" srcset=\"https:\/\/1dronas.lt\/wp-content\/uploads\/2023\/11\/5f185f265528ba515aee8e5964d417a3_1a5cf005-0f9d-4a3f-9d00-98282e4ee3e9_1024x1024-min.jpg 1024w, https:\/\/1dronas.lt\/wp-content\/uploads\/2023\/11\/5f185f265528ba515aee8e5964d417a3_1a5cf005-0f9d-4a3f-9d00-98282e4ee3e9_1024x1024-min-300x169.jpg 300w, https:\/\/1dronas.lt\/wp-content\/uploads\/2023\/11\/5f185f265528ba515aee8e5964d417a3_1a5cf005-0f9d-4a3f-9d00-98282e4ee3e9_1024x1024-min-768x432.jpg 768w, https:\/\/1dronas.lt\/wp-content\/uploads\/2023\/11\/5f185f265528ba515aee8e5964d417a3_1a5cf005-0f9d-4a3f-9d00-98282e4ee3e9_1024x1024-min-18x10.jpg 18w, https:\/\/1dronas.lt\/wp-content\/uploads\/2023\/11\/5f185f265528ba515aee8e5964d417a3_1a5cf005-0f9d-4a3f-9d00-98282e4ee3e9_1024x1024-min-510x287.jpg 510w\" sizes=\"auto, (max-width: 1024px) 100vw, 1024px\" \/><\/p>\n<p>Below is a table showing the different speeds when N mode is at maximum.<\/p>\n<div class=\"table-wrapper\">\n<table width=\"392\">\n<tbody>\n<tr>\n<td width=\"98\"><strong>Slow<\/strong><\/td>\n<td width=\"98\"><strong>Average<\/strong><\/td>\n<td width=\"98\"><strong>Fast<\/strong><\/td>\n<\/tr>\n<tr>\n<td>1.25m\/s<\/td>\n<td>3.33m\/s<\/td>\n<td>5m\/s<\/td>\n<\/tr>\n<\/tbody>\n<\/table>\n<p><strong>Special Aquila16 battery<\/strong><\/p>\n<p>The Aquila16 FPV Kit comes with a default 1100 mAh battery, ideal for beginners who want to fly smoothly in N\/S mode. However, for those who want to improve their freestyle and racing skills in M mode, the 650 mAh battery, which must be purchased separately, is more suitable.<\/p>\n<p><img loading=\"lazy\" decoding=\"async\" class=\"alignnone size-full wp-image-5468\" src=\"https:\/\/1dronas.lt\/wp-content\/uploads\/2023\/11\/1_c2ade3c4-eb68-482e-b2e6-f4a04a0ce313_1024x1024-min.jpg\" alt=\"\" width=\"1024\" height=\"576\" srcset=\"https:\/\/1dronas.lt\/wp-content\/uploads\/2023\/11\/1_c2ade3c4-eb68-482e-b2e6-f4a04a0ce313_1024x1024-min.jpg 1024w, https:\/\/1dronas.lt\/wp-content\/uploads\/2023\/11\/1_c2ade3c4-eb68-482e-b2e6-f4a04a0ce313_1024x1024-min-300x169.jpg 300w, https:\/\/1dronas.lt\/wp-content\/uploads\/2023\/11\/1_c2ade3c4-eb68-482e-b2e6-f4a04a0ce313_1024x1024-min-768x432.jpg 768w, https:\/\/1dronas.lt\/wp-content\/uploads\/2023\/11\/1_c2ade3c4-eb68-482e-b2e6-f4a04a0ce313_1024x1024-min-18x10.jpg 18w, https:\/\/1dronas.lt\/wp-content\/uploads\/2023\/11\/1_c2ade3c4-eb68-482e-b2e6-f4a04a0ce313_1024x1024-min-510x287.jpg 510w\" sizes=\"auto, (max-width: 1024px) 100vw, 1024px\" \/><\/p>\n<\/div>\n<p><strong>Package:<\/strong><\/p>\n<p>1 * Aquila16 brushless drone<br \/>\n4 * Beta-45mm 3-blade propellers (spare set)<br \/>\n2 * Aquila16 exclusive battery 1100mAh<br \/>\n2 * Charging adapter cable<br \/>\n1 * BT2.0 Battery Charger and Voltage Tester V2<br \/>\n1 * 4-pin adapter cable<br \/>\n1 * Phillips screwdriver<br \/>\n1 * Exclusive set of screws (spare)<br \/>\n1 * Propeller Removal Tool<br \/>\n1 * User Manual<br \/>\n1 * USB Type-C adapter board (used with 4-pin adapter cable for FC configuration)<\/p>\n<p><img loading=\"lazy\" decoding=\"async\" class=\"alignnone wp-image-5541 size-full\" src=\"https:\/\/1dronas.lt\/wp-content\/uploads\/2023\/11\/8_b28342e7-4fed-4a3c-b5eb-85d366ae41cd_480x480-min.jpg\" alt=\"\" width=\"480\" height=\"480\" srcset=\"https:\/\/1dronas.lt\/wp-content\/uploads\/2023\/11\/8_b28342e7-4fed-4a3c-b5eb-85d366ae41cd_480x480-min.jpg 480w, https:\/\/1dronas.lt\/wp-content\/uploads\/2023\/11\/8_b28342e7-4fed-4a3c-b5eb-85d366ae41cd_480x480-min-300x300.jpg 300w, https:\/\/1dronas.lt\/wp-content\/uploads\/2023\/11\/8_b28342e7-4fed-4a3c-b5eb-85d366ae41cd_480x480-min-150x150.jpg 150w, https:\/\/1dronas.lt\/wp-content\/uploads\/2023\/11\/8_b28342e7-4fed-4a3c-b5eb-85d366ae41cd_480x480-min-12x12.jpg 12w, https:\/\/1dronas.lt\/wp-content\/uploads\/2023\/11\/8_b28342e7-4fed-4a3c-b5eb-85d366ae41cd_480x480-min-247x247.jpg 247w, https:\/\/1dronas.lt\/wp-content\/uploads\/2023\/11\/8_b28342e7-4fed-4a3c-b5eb-85d366ae41cd_480x480-min-100x100.jpg 100w\" sizes=\"auto, (max-width: 480px) 100vw, 480px\" \/><\/p>\n<p>&nbsp;<\/p>","protected":false},"excerpt":{"rendered":"<p><span style=\"color: #333333;\">Aquila16 FPV is an advanced drone for beginners. The hover assist function ensures safe and easy flight - learn without worries.<\/span><\/p>\n<h4><span style=\"font-size: 90%; color: #333333;\"><strong><img loading=\"lazy\" decoding=\"async\" class=\"alignnone wp-image-1806\" src=\"https:\/\/1dronas.lt\/wp-content\/uploads\/2021\/05\/delivery-icon.png\" alt=\"\" width=\"24\" height=\"24\" srcset=\"https:\/\/1dronas.lt\/wp-content\/uploads\/2021\/05\/delivery-icon.png 35w, https:\/\/1dronas.lt\/wp-content\/uploads\/2021\/05\/delivery-icon-12x12.png 12w\" sizes=\"auto, (max-width: 24px) 100vw, 24px\" \/><\/strong> <strong>1 \u2013 2 days<\/strong><\/span><\/h4>","protected":false},"featured_media":5539,"comment_status":"open","ping_status":"closed","template":"","meta":[],"product_brand":[489],"product_cat":[112],"product_tag":[374,69,176],"class_list":{"0":"post-5492","1":"product","2":"type-product","3":"status-publish","4":"has-post-thumbnail","6":"product_brand-betafpv","7":"product_cat-whoop","8":"product_tag-aquila16","9":"product_tag-betafpv","10":"product_tag-elrs","12":"first","13":"instock","14":"sale","15":"taxable","16":"shipping-taxable","17":"purchasable","18":"product-type-simple"},"yoast_head":"<!-- This site is optimized with the Yoast SEO plugin v27.4 - https:\/\/yoast.com\/product\/yoast-seo-wordpress\/ -->\n<title>BETAFPV Aquila16 Quadcopter ELRS 2.4G - 1dronas.lt<\/title>\n<meta name=\"robots\" content=\"index, follow, max-snippet:-1, max-image-preview:large, max-video-preview:-1\" \/>\n<link rel=\"canonical\" href=\"https:\/\/1dronas.lt\/en\/produktas\/betafpv-aquila16-dronas-elrs-2-4g\/\" \/>\n<meta property=\"og:locale\" content=\"en_US\" \/>\n<meta property=\"og:type\" content=\"article\" \/>\n<meta property=\"og:title\" content=\"BETAFPV Aquila16 Quadcopter ELRS 2.4G - 1dronas.lt\" \/>\n<meta property=\"og:description\" content=\"Aquila16 FPV pa\u017eangus orlaivis pradedantiesiems. Pagalbin\u0117 kab\u0117jimo ore funkcija, u\u017etikrina saug\u0173 ir lengv\u0105 skryd\u012f \u2013 mokykit\u0117s be r\u016bpes\u010di\u0173.  1 \u2013 2 d. d.\" \/>\n<meta property=\"og:url\" content=\"https:\/\/1dronas.lt\/en\/produktas\/betafpv-aquila16-dronas-elrs-2-4g\/\" \/>\n<meta property=\"og:site_name\" content=\"1dronas.lt\" \/>\n<meta property=\"article:publisher\" content=\"https:\/\/www.facebook.com\/1dronas\/\" \/>\n<meta property=\"article:modified_time\" content=\"2026-04-02T08:37:15+00:00\" \/>\n<meta property=\"og:image\" content=\"https:\/\/1dronas.lt\/wp-content\/uploads\/2023\/11\/2_434defe2-d610-4a5a-ad50-0de3557d6990_720x-min.jpg\" \/>\n\t<meta property=\"og:image:width\" content=\"720\" \/>\n\t<meta property=\"og:image:height\" content=\"720\" \/>\n\t<meta property=\"og:image:type\" content=\"image\/jpeg\" \/>\n<meta name=\"twitter:card\" content=\"summary_large_image\" \/>\n<meta name=\"twitter:label1\" content=\"Est. reading time\" \/>\n\t<meta name=\"twitter:data1\" content=\"6 minutes\" \/>\n<script type=\"application\/ld+json\" class=\"yoast-schema-graph\">{\"@context\":\"https:\\\/\\\/schema.org\",\"@graph\":[{\"@type\":\"WebPage\",\"@id\":\"https:\\\/\\\/1dronas.lt\\\/en\\\/produktas\\\/betafpv-aquila16-dronas-elrs-2-4g\\\/\",\"url\":\"https:\\\/\\\/1dronas.lt\\\/en\\\/produktas\\\/betafpv-aquila16-dronas-elrs-2-4g\\\/\",\"name\":\"BETAFPV Aquila16 Quadcopter ELRS 2.4G - 1dronas.lt\",\"isPartOf\":{\"@id\":\"https:\\\/\\\/1dronas.lt\\\/en\\\/#website\"},\"primaryImageOfPage\":{\"@id\":\"https:\\\/\\\/1dronas.lt\\\/en\\\/produktas\\\/betafpv-aquila16-dronas-elrs-2-4g\\\/#primaryimage\"},\"image\":{\"@id\":\"https:\\\/\\\/1dronas.lt\\\/en\\\/produktas\\\/betafpv-aquila16-dronas-elrs-2-4g\\\/#primaryimage\"},\"thumbnailUrl\":\"https:\\\/\\\/1dronas.lt\\\/wp-content\\\/uploads\\\/2023\\\/11\\\/2_434defe2-d610-4a5a-ad50-0de3557d6990_720x-min.jpg\",\"datePublished\":\"2023-11-01T14:52:15+00:00\",\"dateModified\":\"2026-04-02T08:37:15+00:00\",\"breadcrumb\":{\"@id\":\"https:\\\/\\\/1dronas.lt\\\/en\\\/produktas\\\/betafpv-aquila16-dronas-elrs-2-4g\\\/#breadcrumb\"},\"inLanguage\":\"en-US\",\"potentialAction\":[{\"@type\":\"ReadAction\",\"target\":[\"https:\\\/\\\/1dronas.lt\\\/en\\\/produktas\\\/betafpv-aquila16-dronas-elrs-2-4g\\\/\"]}]},{\"@type\":\"ImageObject\",\"inLanguage\":\"en-US\",\"@id\":\"https:\\\/\\\/1dronas.lt\\\/en\\\/produktas\\\/betafpv-aquila16-dronas-elrs-2-4g\\\/#primaryimage\",\"url\":\"https:\\\/\\\/1dronas.lt\\\/wp-content\\\/uploads\\\/2023\\\/11\\\/2_434defe2-d610-4a5a-ad50-0de3557d6990_720x-min.jpg\",\"contentUrl\":\"https:\\\/\\\/1dronas.lt\\\/wp-content\\\/uploads\\\/2023\\\/11\\\/2_434defe2-d610-4a5a-ad50-0de3557d6990_720x-min.jpg\",\"width\":720,\"height\":720},{\"@type\":\"BreadcrumbList\",\"@id\":\"https:\\\/\\\/1dronas.lt\\\/en\\\/produktas\\\/betafpv-aquila16-dronas-elrs-2-4g\\\/#breadcrumb\",\"itemListElement\":[{\"@type\":\"ListItem\",\"position\":1,\"name\":\"Home\",\"item\":\"https:\\\/\\\/1dronas.lt\\\/\"},{\"@type\":\"ListItem\",\"position\":2,\"name\":\"Parduotuv\u0117\",\"item\":\"https:\\\/\\\/1dronas.lt\\\/parduotuve\\\/\"},{\"@type\":\"ListItem\",\"position\":3,\"name\":\"BETAFPV Aquila16 Quadcopter ELRS 2.4G\"}]},{\"@type\":\"WebSite\",\"@id\":\"https:\\\/\\\/1dronas.lt\\\/en\\\/#website\",\"url\":\"https:\\\/\\\/1dronas.lt\\\/en\\\/\",\"name\":\"1dronas.lt\",\"description\":\"Internetin\u0117 parduotuv\u0117\",\"publisher\":{\"@id\":\"https:\\\/\\\/1dronas.lt\\\/en\\\/#organization\"},\"potentialAction\":[{\"@type\":\"SearchAction\",\"target\":{\"@type\":\"EntryPoint\",\"urlTemplate\":\"https:\\\/\\\/1dronas.lt\\\/en\\\/?s={search_term_string}\"},\"query-input\":{\"@type\":\"PropertyValueSpecification\",\"valueRequired\":true,\"valueName\":\"search_term_string\"}}],\"inLanguage\":\"en-US\"},{\"@type\":\"Organization\",\"@id\":\"https:\\\/\\\/1dronas.lt\\\/en\\\/#organization\",\"name\":\"1dronas.lt\",\"url\":\"https:\\\/\\\/1dronas.lt\\\/en\\\/\",\"logo\":{\"@type\":\"ImageObject\",\"inLanguage\":\"en-US\",\"@id\":\"https:\\\/\\\/1dronas.lt\\\/en\\\/#\\\/schema\\\/logo\\\/image\\\/\",\"url\":\"https:\\\/\\\/1dronas.lt\\\/wp-content\\\/uploads\\\/2020\\\/12\\\/Ekrano_kopija__2_-removebg-preview-1-1.png\",\"contentUrl\":\"https:\\\/\\\/1dronas.lt\\\/wp-content\\\/uploads\\\/2020\\\/12\\\/Ekrano_kopija__2_-removebg-preview-1-1.png\",\"width\":234,\"height\":81,\"caption\":\"1dronas.lt\"},\"image\":{\"@id\":\"https:\\\/\\\/1dronas.lt\\\/en\\\/#\\\/schema\\\/logo\\\/image\\\/\"},\"sameAs\":[\"https:\\\/\\\/www.facebook.com\\\/1dronas\\\/\"]}]}<\/script>\n<!-- \/ Yoast SEO plugin. -->","yoast_head_json":{"title":"BETAFPV Aquila16 Quadcopter ELRS 2.4G - 1dronas.lt","robots":{"index":"index","follow":"follow","max-snippet":"max-snippet:-1","max-image-preview":"max-image-preview:large","max-video-preview":"max-video-preview:-1"},"canonical":"https:\/\/1dronas.lt\/en\/produktas\/betafpv-aquila16-dronas-elrs-2-4g\/","og_locale":"en_US","og_type":"article","og_title":"BETAFPV Aquila16 Quadcopter ELRS 2.4G - 1dronas.lt","og_description":"Aquila16 FPV pa\u017eangus orlaivis pradedantiesiems. Pagalbin\u0117 kab\u0117jimo ore funkcija, u\u017etikrina saug\u0173 ir lengv\u0105 skryd\u012f \u2013 mokykit\u0117s be r\u016bpes\u010di\u0173.  1 \u2013 2 d. d.","og_url":"https:\/\/1dronas.lt\/en\/produktas\/betafpv-aquila16-dronas-elrs-2-4g\/","og_site_name":"1dronas.lt","article_publisher":"https:\/\/www.facebook.com\/1dronas\/","article_modified_time":"2026-04-02T08:37:15+00:00","og_image":[{"width":720,"height":720,"url":"https:\/\/1dronas.lt\/wp-content\/uploads\/2023\/11\/2_434defe2-d610-4a5a-ad50-0de3557d6990_720x-min.jpg","type":"image\/jpeg"}],"twitter_card":"summary_large_image","twitter_misc":{"Est. reading time":"6 minutes"},"schema":{"@context":"https:\/\/schema.org","@graph":[{"@type":"WebPage","@id":"https:\/\/1dronas.lt\/en\/produktas\/betafpv-aquila16-dronas-elrs-2-4g\/","url":"https:\/\/1dronas.lt\/en\/produktas\/betafpv-aquila16-dronas-elrs-2-4g\/","name":"BETAFPV Aquila16 Quadcopter ELRS 2.4G - 1dronas.lt","isPartOf":{"@id":"https:\/\/1dronas.lt\/en\/#website"},"primaryImageOfPage":{"@id":"https:\/\/1dronas.lt\/en\/produktas\/betafpv-aquila16-dronas-elrs-2-4g\/#primaryimage"},"image":{"@id":"https:\/\/1dronas.lt\/en\/produktas\/betafpv-aquila16-dronas-elrs-2-4g\/#primaryimage"},"thumbnailUrl":"https:\/\/1dronas.lt\/wp-content\/uploads\/2023\/11\/2_434defe2-d610-4a5a-ad50-0de3557d6990_720x-min.jpg","datePublished":"2023-11-01T14:52:15+00:00","dateModified":"2026-04-02T08:37:15+00:00","breadcrumb":{"@id":"https:\/\/1dronas.lt\/en\/produktas\/betafpv-aquila16-dronas-elrs-2-4g\/#breadcrumb"},"inLanguage":"en-US","potentialAction":[{"@type":"ReadAction","target":["https:\/\/1dronas.lt\/en\/produktas\/betafpv-aquila16-dronas-elrs-2-4g\/"]}]},{"@type":"ImageObject","inLanguage":"en-US","@id":"https:\/\/1dronas.lt\/en\/produktas\/betafpv-aquila16-dronas-elrs-2-4g\/#primaryimage","url":"https:\/\/1dronas.lt\/wp-content\/uploads\/2023\/11\/2_434defe2-d610-4a5a-ad50-0de3557d6990_720x-min.jpg","contentUrl":"https:\/\/1dronas.lt\/wp-content\/uploads\/2023\/11\/2_434defe2-d610-4a5a-ad50-0de3557d6990_720x-min.jpg","width":720,"height":720},{"@type":"BreadcrumbList","@id":"https:\/\/1dronas.lt\/en\/produktas\/betafpv-aquila16-dronas-elrs-2-4g\/#breadcrumb","itemListElement":[{"@type":"ListItem","position":1,"name":"Home","item":"https:\/\/1dronas.lt\/"},{"@type":"ListItem","position":2,"name":"Parduotuv\u0117","item":"https:\/\/1dronas.lt\/parduotuve\/"},{"@type":"ListItem","position":3,"name":"BETAFPV Aquila16 Quadcopter ELRS 2.4G"}]},{"@type":"WebSite","@id":"https:\/\/1dronas.lt\/en\/#website","url":"https:\/\/1dronas.lt\/en\/","name":"1dronas.lt","description":"Online store","publisher":{"@id":"https:\/\/1dronas.lt\/en\/#organization"},"potentialAction":[{"@type":"SearchAction","target":{"@type":"EntryPoint","urlTemplate":"https:\/\/1dronas.lt\/en\/?s={search_term_string}"},"query-input":{"@type":"PropertyValueSpecification","valueRequired":true,"valueName":"search_term_string"}}],"inLanguage":"en-US"},{"@type":"Organization","@id":"https:\/\/1dronas.lt\/en\/#organization","name":"1dronas.lt","url":"https:\/\/1dronas.lt\/en\/","logo":{"@type":"ImageObject","inLanguage":"en-US","@id":"https:\/\/1dronas.lt\/en\/#\/schema\/logo\/image\/","url":"https:\/\/1dronas.lt\/wp-content\/uploads\/2020\/12\/Ekrano_kopija__2_-removebg-preview-1-1.png","contentUrl":"https:\/\/1dronas.lt\/wp-content\/uploads\/2020\/12\/Ekrano_kopija__2_-removebg-preview-1-1.png","width":234,"height":81,"caption":"1dronas.lt"},"image":{"@id":"https:\/\/1dronas.lt\/en\/#\/schema\/logo\/image\/"},"sameAs":["https:\/\/www.facebook.com\/1dronas\/"]}]}},"jetpack_sharing_enabled":true,"_links":{"self":[{"href":"https:\/\/1dronas.lt\/en\/wp-json\/wp\/v2\/product\/5492","targetHints":{"allow":["GET"]}}],"collection":[{"href":"https:\/\/1dronas.lt\/en\/wp-json\/wp\/v2\/product"}],"about":[{"href":"https:\/\/1dronas.lt\/en\/wp-json\/wp\/v2\/types\/product"}],"replies":[{"embeddable":true,"href":"https:\/\/1dronas.lt\/en\/wp-json\/wp\/v2\/comments?post=5492"}],"wp:featuredmedia":[{"embeddable":true,"href":"https:\/\/1dronas.lt\/en\/wp-json\/wp\/v2\/media\/5539"}],"wp:attachment":[{"href":"https:\/\/1dronas.lt\/en\/wp-json\/wp\/v2\/media?parent=5492"}],"wp:term":[{"taxonomy":"product_brand","embeddable":true,"href":"https:\/\/1dronas.lt\/en\/wp-json\/wp\/v2\/product_brand?post=5492"},{"taxonomy":"product_cat","embeddable":true,"href":"https:\/\/1dronas.lt\/en\/wp-json\/wp\/v2\/product_cat?post=5492"},{"taxonomy":"product_tag","embeddable":true,"href":"https:\/\/1dronas.lt\/en\/wp-json\/wp\/v2\/product_tag?post=5492"}],"curies":[{"name":"wp","href":"https:\/\/api.w.org\/{rel}","templated":true}]}}