{"id":5481,"date":"2023-11-01T13:50:27","date_gmt":"2023-11-01T13:50:27","guid":{"rendered":"https:\/\/1dronas.lt\/?post_type=product&#038;p=5481"},"modified":"2026-03-31T19:52:50","modified_gmt":"2026-03-31T16:52:50","slug":"betafpv-aquila16-baterija","status":"publish","type":"product","link":"https:\/\/1dronas.lt\/en\/produktas\/betafpv-aquila16-baterija\/","title":{"rendered":"BETAFPV Aquila16 Battery (1pc)"},"content":{"rendered":"<p>The Aquila16 Exclusive Battery features a modular design that improves aerodynamics and ensures durability during crashes. The 1100 mAh version allows the aircraft to fly continuously for up to 8 minutes, while the 650 mAh version with a high 60C discharge rate provides plenty of power for those seeking agility and speed. Enhance your flying experience with batteries that offer durability, greater power, and the ability to push the boundaries of speed and agility.<\/p>\n<p><img loading=\"lazy\" decoding=\"async\" class=\"alignnone size-full wp-image-5468\" src=\"https:\/\/1dronas.lt\/wp-content\/uploads\/2023\/11\/1_c2ade3c4-eb68-482e-b2e6-f4a04a0ce313_1024x1024-min.jpg\" alt=\"\" width=\"1024\" height=\"576\" srcset=\"https:\/\/1dronas.lt\/wp-content\/uploads\/2023\/11\/1_c2ade3c4-eb68-482e-b2e6-f4a04a0ce313_1024x1024-min.jpg 1024w, https:\/\/1dronas.lt\/wp-content\/uploads\/2023\/11\/1_c2ade3c4-eb68-482e-b2e6-f4a04a0ce313_1024x1024-min-300x169.jpg 300w, https:\/\/1dronas.lt\/wp-content\/uploads\/2023\/11\/1_c2ade3c4-eb68-482e-b2e6-f4a04a0ce313_1024x1024-min-768x432.jpg 768w, https:\/\/1dronas.lt\/wp-content\/uploads\/2023\/11\/1_c2ade3c4-eb68-482e-b2e6-f4a04a0ce313_1024x1024-min-18x10.jpg 18w, https:\/\/1dronas.lt\/wp-content\/uploads\/2023\/11\/1_c2ade3c4-eb68-482e-b2e6-f4a04a0ce313_1024x1024-min-510x287.jpg 510w\" sizes=\"auto, (max-width: 1024px) 100vw, 1024px\" \/><\/p>\n<p>The first time you use the battery, it may be difficult to insert and remove, requiring a certain insertion and removal technique, <a href=\"https:\/\/www.youtube.com\/watch?v=sVDAzZalURg&amp;t=2s\">see this video.<\/a><\/p>\n<p><strong>Features:<\/strong><\/p>\n<p><strong><b>\u2022 <\/b><\/strong>These batteries for the Aquila16 feature a modular design that improves aerodynamics and reduces damage in collisions.<br \/>\n<strong><b>\u2022 <\/b><\/strong>Choose a 1100 mAh battery to extend flight time to 8 minutes. This longer duration ensures a smoother learning process, allowing you to master flight skills and control techniques while rapidly improving your piloting abilities.<br \/>\n<strong><b>\u2022 <\/b><\/strong>Choose a 650 mAh battery with a high 60C discharge rate, which provides plenty of power for agile freestyle or racing and can provide about 5 minutes of flight time. The battery provides an exciting experience combining higher aircraft speed and technical maneuvers.<\/p>\n<p><img loading=\"lazy\" decoding=\"async\" class=\"alignnone size-full wp-image-5482\" src=\"https:\/\/1dronas.lt\/wp-content\/uploads\/2023\/11\/3-1_880be8ed-e5ed-4997-ae50-8f04e401db03_480x480-min.jpg\" alt=\"\" width=\"480\" height=\"311\" srcset=\"https:\/\/1dronas.lt\/wp-content\/uploads\/2023\/11\/3-1_880be8ed-e5ed-4997-ae50-8f04e401db03_480x480-min.jpg 480w, https:\/\/1dronas.lt\/wp-content\/uploads\/2023\/11\/3-1_880be8ed-e5ed-4997-ae50-8f04e401db03_480x480-min-300x194.jpg 300w, https:\/\/1dronas.lt\/wp-content\/uploads\/2023\/11\/3-1_880be8ed-e5ed-4997-ae50-8f04e401db03_480x480-min-18x12.jpg 18w\" sizes=\"auto, (max-width: 480px) 100vw, 480px\" \/><\/p>\n<p><strong>Specification:<\/strong><\/p>\n<div class=\"table-wrapper\">\n<table width=\"705\">\n<tbody>\n<tr>\n<td width=\"217\"><\/td>\n<td style=\"text-align: center;\" width=\"233\"><strong>650mAh<\/strong><\/td>\n<td style=\"text-align: center;\" width=\"255\"><strong>1100mAh<\/strong><\/td>\n<\/tr>\n<tr>\n<td width=\"217\"><strong>Unloading speed<\/strong><\/td>\n<td style=\"text-align: center;\" width=\"233\">60C<\/td>\n<td style=\"text-align: center;\" width=\"255\">15C<\/td>\n<\/tr>\n<tr>\n<td width=\"217\"><strong>Unloading force<\/strong><\/td>\n<td style=\"text-align: center;\" width=\"233\">2.47Wh<\/td>\n<td style=\"text-align: center;\" width=\"255\">4.18Wh<\/td>\n<\/tr>\n<tr>\n<td width=\"217\"><strong>Battery weight<\/strong><\/td>\n<td style=\"text-align: center;\" width=\"233\">22.0\u00b10.5g<\/td>\n<td style=\"text-align: center;\" width=\"255\">25.5\u00b10.5g<\/td>\n<\/tr>\n<tr>\n<td width=\"217\"><strong>Flight time (Aquila16)<\/strong><\/td>\n<td style=\"text-align: center;\" width=\"233\">5 minutes<\/td>\n<td style=\"text-align: center;\" width=\"255\">8 minutes<\/td>\n<\/tr>\n<tr>\n<td width=\"217\"><strong>Usage (Aquila16)<\/strong><\/td>\n<td style=\"text-align: center;\" width=\"233\">More suitable<br \/>\nM for flight mode<\/td>\n<td style=\"text-align: center;\" width=\"255\">More suitable<br \/>\nN\/S for flight mode<\/td>\n<\/tr>\n<tr>\n<td width=\"217\"><strong>Battery connector<\/strong><\/td>\n<td style=\"text-align: center;\" colspan=\"2\" width=\"488\">BT2.0<\/td>\n<\/tr>\n<tr>\n<td width=\"217\"><strong>Battery type<\/strong><\/td>\n<td style=\"text-align: center;\" colspan=\"2\" width=\"488\">1S LiHV Battery<\/td>\n<\/tr>\n<tr>\n<td width=\"217\"><strong>Rated voltage<\/strong><\/td>\n<td style=\"text-align: center;\" colspan=\"2\" width=\"488\">3.8V<\/td>\n<\/tr>\n<tr>\n<td width=\"217\"><strong>Fully charged voltage<\/strong><\/td>\n<td style=\"text-align: center;\" colspan=\"2\" width=\"488\">4.35V<\/td>\n<\/tr>\n<tr>\n<td width=\"217\"><strong>Measurements<\/strong><\/td>\n<td style=\"text-align: center;\" colspan=\"2\" width=\"488\">62.8*41.3*17.8mm<\/td>\n<\/tr>\n<tr>\n<td width=\"217\"><strong>Compatibility<\/strong><\/td>\n<td style=\"text-align: center;\" colspan=\"2\" width=\"488\">Compatible only with Aquila16 brushless drone<\/td>\n<\/tr>\n<tr>\n<td width=\"217\"><strong>Color<\/strong><\/td>\n<td style=\"text-align: center;\" colspan=\"2\" width=\"488\">Black + Gray<\/td>\n<\/tr>\n<tr>\n<td width=\"217\"><strong>Surface finish<\/strong><\/td>\n<td style=\"text-align: center;\" colspan=\"2\" width=\"488\">Surface marking + plastic sheath<\/td>\n<\/tr>\n<tr>\n<td width=\"217\"><strong>Recommended charger<\/strong><\/td>\n<td style=\"text-align: center;\" colspan=\"2\" width=\"488\"><a href=\"https:\/\/1dronas.lt\/en\/product\/betafpv-6-jungciu-1s-bateriju-ikroviklis\/\">BETAFPV 6-port 1S battery charger<\/a><\/td>\n<\/tr>\n<\/tbody>\n<\/table>\n<p><strong>Package:<\/strong><\/p>\n<p>1x Aquila16 battery<\/p>\n<p><img loading=\"lazy\" decoding=\"async\" class=\"alignnone wp-image-5752 size-thumbnail\" src=\"https:\/\/1dronas.lt\/wp-content\/uploads\/2023\/11\/betafpv-aquila-150x150.jpg\" alt=\"betafpv aquila baterija\" width=\"150\" height=\"150\" srcset=\"https:\/\/1dronas.lt\/wp-content\/uploads\/2023\/11\/betafpv-aquila-150x150.jpg 150w, https:\/\/1dronas.lt\/wp-content\/uploads\/2023\/11\/betafpv-aquila-13x12.jpg 13w, https:\/\/1dronas.lt\/wp-content\/uploads\/2023\/11\/betafpv-aquila-247x247.jpg 247w, https:\/\/1dronas.lt\/wp-content\/uploads\/2023\/11\/betafpv-aquila-100x100.jpg 100w\" sizes=\"auto, (max-width: 150px) 100vw, 150px\" \/><\/p>\n<\/div>","protected":false},"excerpt":{"rendered":"<p><span style=\"color: #333333;\">The 1100 mAh version allows the aircraft to fly continuously for up to 8 minutes, while the 650 mAh version with a high 60C discharge rate provides plenty of power for those seeking agility and speed.<\/span><\/p>\n<p><span style=\"color: #333333;\"><strong><img loading=\"lazy\" decoding=\"async\" class=\"alignnone wp-image-1806\" src=\"https:\/\/1dronas.lt\/wp-content\/uploads\/2021\/05\/delivery-icon.png\" alt=\"\" width=\"24\" height=\"24\" srcset=\"https:\/\/1dronas.lt\/wp-content\/uploads\/2021\/05\/delivery-icon.png 35w, https:\/\/1dronas.lt\/wp-content\/uploads\/2021\/05\/delivery-icon-12x12.png 12w\" sizes=\"auto, (max-width: 24px) 100vw, 24px\" \/>\u00a0 \u00a01 \u2013 2 days<\/strong><\/span><\/p>","protected":false},"featured_media":5752,"comment_status":"open","ping_status":"closed","template":"","meta":[],"product_brand":[489],"product_cat":[737],"product_tag":[377,376,69,96],"class_list":{"0":"post-5481","1":"product","2":"type-product","3":"status-publish","4":"has-post-thumbnail","6":"product_brand-betafpv","7":"product_cat-1s-lipo-akumuliatoriai","8":"product_tag-aquila16-akumuliatorius","9":"product_tag-aquila16-baterija","10":"product_tag-betafpv","11":"product_tag-bt2-0","13":"first","14":"instock","15":"sale","16":"taxable","17":"shipping-taxable","18":"purchasable","19":"product-type-variable","20":"has-default-attributes"},"yoast_head":"<!-- This site is optimized with the Yoast SEO plugin v27.3 - https:\/\/yoast.com\/product\/yoast-seo-wordpress\/ -->\n<title>BETAFPV Aquila16 Akumuliatorius (1vnt) - 1dronas.lt<\/title>\n<meta name=\"robots\" content=\"index, follow, max-snippet:-1, max-image-preview:large, max-video-preview:-1\" \/>\n<link rel=\"canonical\" href=\"https:\/\/1dronas.lt\/en\/produktas\/betafpv-aquila16-baterija\/\" \/>\n<meta property=\"og:locale\" content=\"en_US\" \/>\n<meta property=\"og:type\" content=\"article\" \/>\n<meta property=\"og:title\" content=\"BETAFPV Aquila16 Akumuliatorius (1vnt) - 1dronas.lt\" \/>\n<meta property=\"og:description\" content=\"1100 mAh versija leid\u017eia orlaiviui nepertraukiamai skraidyti iki 8 min., o 650 mAh versija su dideliu 60C i\u0161krovimo grei\u010diu suteikia daug galios siekiantiems vikrumo ir grei\u010dio.  \u00a0 \u00a01 \u2013 2 d. d.\" \/>\n<meta property=\"og:url\" content=\"https:\/\/1dronas.lt\/en\/produktas\/betafpv-aquila16-baterija\/\" \/>\n<meta property=\"og:site_name\" content=\"1dronas.lt\" \/>\n<meta property=\"article:publisher\" content=\"https:\/\/www.facebook.com\/1dronas\/\" \/>\n<meta property=\"article:modified_time\" content=\"2026-03-31T16:52:50+00:00\" \/>\n<meta property=\"og:image\" content=\"https:\/\/1dronas.lt\/wp-content\/uploads\/2023\/11\/betafpv-aquila.jpg\" \/>\n\t<meta property=\"og:image:width\" content=\"1424\" \/>\n\t<meta property=\"og:image:height\" content=\"1332\" \/>\n\t<meta property=\"og:image:type\" content=\"image\/jpeg\" \/>\n<meta name=\"twitter:card\" content=\"summary_large_image\" \/>\n<meta name=\"twitter:label1\" content=\"Est. reading time\" \/>\n\t<meta name=\"twitter:data1\" content=\"3 minutes\" \/>\n<script type=\"application\/ld+json\" class=\"yoast-schema-graph\">{\"@context\":\"https:\\\/\\\/schema.org\",\"@graph\":[{\"@type\":\"WebPage\",\"@id\":\"https:\\\/\\\/1dronas.lt\\\/en\\\/produktas\\\/betafpv-aquila16-baterija\\\/\",\"url\":\"https:\\\/\\\/1dronas.lt\\\/en\\\/produktas\\\/betafpv-aquila16-baterija\\\/\",\"name\":\"BETAFPV Aquila16 Akumuliatorius (1vnt) - 1dronas.lt\",\"isPartOf\":{\"@id\":\"https:\\\/\\\/1dronas.lt\\\/en\\\/#website\"},\"primaryImageOfPage\":{\"@id\":\"https:\\\/\\\/1dronas.lt\\\/en\\\/produktas\\\/betafpv-aquila16-baterija\\\/#primaryimage\"},\"image\":{\"@id\":\"https:\\\/\\\/1dronas.lt\\\/en\\\/produktas\\\/betafpv-aquila16-baterija\\\/#primaryimage\"},\"thumbnailUrl\":\"https:\\\/\\\/1dronas.lt\\\/wp-content\\\/uploads\\\/2023\\\/11\\\/betafpv-aquila.jpg\",\"datePublished\":\"2023-11-01T13:50:27+00:00\",\"dateModified\":\"2026-03-31T16:52:50+00:00\",\"breadcrumb\":{\"@id\":\"https:\\\/\\\/1dronas.lt\\\/en\\\/produktas\\\/betafpv-aquila16-baterija\\\/#breadcrumb\"},\"inLanguage\":\"en-US\",\"potentialAction\":[{\"@type\":\"ReadAction\",\"target\":[\"https:\\\/\\\/1dronas.lt\\\/en\\\/produktas\\\/betafpv-aquila16-baterija\\\/\"]}]},{\"@type\":\"ImageObject\",\"inLanguage\":\"en-US\",\"@id\":\"https:\\\/\\\/1dronas.lt\\\/en\\\/produktas\\\/betafpv-aquila16-baterija\\\/#primaryimage\",\"url\":\"https:\\\/\\\/1dronas.lt\\\/wp-content\\\/uploads\\\/2023\\\/11\\\/betafpv-aquila.jpg\",\"contentUrl\":\"https:\\\/\\\/1dronas.lt\\\/wp-content\\\/uploads\\\/2023\\\/11\\\/betafpv-aquila.jpg\",\"width\":1424,\"height\":1332,\"caption\":\"betafpv aquila baterija\"},{\"@type\":\"BreadcrumbList\",\"@id\":\"https:\\\/\\\/1dronas.lt\\\/en\\\/produktas\\\/betafpv-aquila16-baterija\\\/#breadcrumb\",\"itemListElement\":[{\"@type\":\"ListItem\",\"position\":1,\"name\":\"Home\",\"item\":\"https:\\\/\\\/1dronas.lt\\\/\"},{\"@type\":\"ListItem\",\"position\":2,\"name\":\"Parduotuv\u0117\",\"item\":\"https:\\\/\\\/1dronas.lt\\\/parduotuve\\\/\"},{\"@type\":\"ListItem\",\"position\":3,\"name\":\"BETAFPV Aquila16 Akumuliatorius (1vnt)\"}]},{\"@type\":\"WebSite\",\"@id\":\"https:\\\/\\\/1dronas.lt\\\/en\\\/#website\",\"url\":\"https:\\\/\\\/1dronas.lt\\\/en\\\/\",\"name\":\"1dronas.lt\",\"description\":\"Internetin\u0117 parduotuv\u0117\",\"publisher\":{\"@id\":\"https:\\\/\\\/1dronas.lt\\\/en\\\/#organization\"},\"potentialAction\":[{\"@type\":\"SearchAction\",\"target\":{\"@type\":\"EntryPoint\",\"urlTemplate\":\"https:\\\/\\\/1dronas.lt\\\/en\\\/?s={search_term_string}\"},\"query-input\":{\"@type\":\"PropertyValueSpecification\",\"valueRequired\":true,\"valueName\":\"search_term_string\"}}],\"inLanguage\":\"en-US\"},{\"@type\":\"Organization\",\"@id\":\"https:\\\/\\\/1dronas.lt\\\/en\\\/#organization\",\"name\":\"1dronas.lt\",\"url\":\"https:\\\/\\\/1dronas.lt\\\/en\\\/\",\"logo\":{\"@type\":\"ImageObject\",\"inLanguage\":\"en-US\",\"@id\":\"https:\\\/\\\/1dronas.lt\\\/en\\\/#\\\/schema\\\/logo\\\/image\\\/\",\"url\":\"https:\\\/\\\/1dronas.lt\\\/wp-content\\\/uploads\\\/2020\\\/12\\\/Ekrano_kopija__2_-removebg-preview-1-1.png\",\"contentUrl\":\"https:\\\/\\\/1dronas.lt\\\/wp-content\\\/uploads\\\/2020\\\/12\\\/Ekrano_kopija__2_-removebg-preview-1-1.png\",\"width\":234,\"height\":81,\"caption\":\"1dronas.lt\"},\"image\":{\"@id\":\"https:\\\/\\\/1dronas.lt\\\/en\\\/#\\\/schema\\\/logo\\\/image\\\/\"},\"sameAs\":[\"https:\\\/\\\/www.facebook.com\\\/1dronas\\\/\"]}]}<\/script>\n<!-- \/ Yoast SEO plugin. -->","yoast_head_json":{"title":"BETAFPV Aquila16 Akumuliatorius (1vnt) - 1dronas.lt","robots":{"index":"index","follow":"follow","max-snippet":"max-snippet:-1","max-image-preview":"max-image-preview:large","max-video-preview":"max-video-preview:-1"},"canonical":"https:\/\/1dronas.lt\/en\/produktas\/betafpv-aquila16-baterija\/","og_locale":"en_US","og_type":"article","og_title":"BETAFPV Aquila16 Akumuliatorius (1vnt) - 1dronas.lt","og_description":"1100 mAh versija leid\u017eia orlaiviui nepertraukiamai skraidyti iki 8 min., o 650 mAh versija su dideliu 60C i\u0161krovimo grei\u010diu suteikia daug galios siekiantiems vikrumo ir grei\u010dio.  \u00a0 \u00a01 \u2013 2 d. d.","og_url":"https:\/\/1dronas.lt\/en\/produktas\/betafpv-aquila16-baterija\/","og_site_name":"1dronas.lt","article_publisher":"https:\/\/www.facebook.com\/1dronas\/","article_modified_time":"2026-03-31T16:52:50+00:00","og_image":[{"width":1424,"height":1332,"url":"https:\/\/1dronas.lt\/wp-content\/uploads\/2023\/11\/betafpv-aquila.jpg","type":"image\/jpeg"}],"twitter_card":"summary_large_image","twitter_misc":{"Est. reading time":"3 minutes"},"schema":{"@context":"https:\/\/schema.org","@graph":[{"@type":"WebPage","@id":"https:\/\/1dronas.lt\/en\/produktas\/betafpv-aquila16-baterija\/","url":"https:\/\/1dronas.lt\/en\/produktas\/betafpv-aquila16-baterija\/","name":"BETAFPV Aquila16 Akumuliatorius (1vnt) - 1dronas.lt","isPartOf":{"@id":"https:\/\/1dronas.lt\/en\/#website"},"primaryImageOfPage":{"@id":"https:\/\/1dronas.lt\/en\/produktas\/betafpv-aquila16-baterija\/#primaryimage"},"image":{"@id":"https:\/\/1dronas.lt\/en\/produktas\/betafpv-aquila16-baterija\/#primaryimage"},"thumbnailUrl":"https:\/\/1dronas.lt\/wp-content\/uploads\/2023\/11\/betafpv-aquila.jpg","datePublished":"2023-11-01T13:50:27+00:00","dateModified":"2026-03-31T16:52:50+00:00","breadcrumb":{"@id":"https:\/\/1dronas.lt\/en\/produktas\/betafpv-aquila16-baterija\/#breadcrumb"},"inLanguage":"en-US","potentialAction":[{"@type":"ReadAction","target":["https:\/\/1dronas.lt\/en\/produktas\/betafpv-aquila16-baterija\/"]}]},{"@type":"ImageObject","inLanguage":"en-US","@id":"https:\/\/1dronas.lt\/en\/produktas\/betafpv-aquila16-baterija\/#primaryimage","url":"https:\/\/1dronas.lt\/wp-content\/uploads\/2023\/11\/betafpv-aquila.jpg","contentUrl":"https:\/\/1dronas.lt\/wp-content\/uploads\/2023\/11\/betafpv-aquila.jpg","width":1424,"height":1332,"caption":"betafpv aquila baterija"},{"@type":"BreadcrumbList","@id":"https:\/\/1dronas.lt\/en\/produktas\/betafpv-aquila16-baterija\/#breadcrumb","itemListElement":[{"@type":"ListItem","position":1,"name":"Home","item":"https:\/\/1dronas.lt\/"},{"@type":"ListItem","position":2,"name":"Parduotuv\u0117","item":"https:\/\/1dronas.lt\/parduotuve\/"},{"@type":"ListItem","position":3,"name":"BETAFPV Aquila16 Akumuliatorius (1vnt)"}]},{"@type":"WebSite","@id":"https:\/\/1dronas.lt\/en\/#website","url":"https:\/\/1dronas.lt\/en\/","name":"1dronas.lt","description":"Online store","publisher":{"@id":"https:\/\/1dronas.lt\/en\/#organization"},"potentialAction":[{"@type":"SearchAction","target":{"@type":"EntryPoint","urlTemplate":"https:\/\/1dronas.lt\/en\/?s={search_term_string}"},"query-input":{"@type":"PropertyValueSpecification","valueRequired":true,"valueName":"search_term_string"}}],"inLanguage":"en-US"},{"@type":"Organization","@id":"https:\/\/1dronas.lt\/en\/#organization","name":"1dronas.lt","url":"https:\/\/1dronas.lt\/en\/","logo":{"@type":"ImageObject","inLanguage":"en-US","@id":"https:\/\/1dronas.lt\/en\/#\/schema\/logo\/image\/","url":"https:\/\/1dronas.lt\/wp-content\/uploads\/2020\/12\/Ekrano_kopija__2_-removebg-preview-1-1.png","contentUrl":"https:\/\/1dronas.lt\/wp-content\/uploads\/2020\/12\/Ekrano_kopija__2_-removebg-preview-1-1.png","width":234,"height":81,"caption":"1dronas.lt"},"image":{"@id":"https:\/\/1dronas.lt\/en\/#\/schema\/logo\/image\/"},"sameAs":["https:\/\/www.facebook.com\/1dronas\/"]}]}},"jetpack_sharing_enabled":true,"_links":{"self":[{"href":"https:\/\/1dronas.lt\/en\/wp-json\/wp\/v2\/product\/5481","targetHints":{"allow":["GET"]}}],"collection":[{"href":"https:\/\/1dronas.lt\/en\/wp-json\/wp\/v2\/product"}],"about":[{"href":"https:\/\/1dronas.lt\/en\/wp-json\/wp\/v2\/types\/product"}],"replies":[{"embeddable":true,"href":"https:\/\/1dronas.lt\/en\/wp-json\/wp\/v2\/comments?post=5481"}],"wp:featuredmedia":[{"embeddable":true,"href":"https:\/\/1dronas.lt\/en\/wp-json\/wp\/v2\/media\/5752"}],"wp:attachment":[{"href":"https:\/\/1dronas.lt\/en\/wp-json\/wp\/v2\/media?parent=5481"}],"wp:term":[{"taxonomy":"product_brand","embeddable":true,"href":"https:\/\/1dronas.lt\/en\/wp-json\/wp\/v2\/product_brand?post=5481"},{"taxonomy":"product_cat","embeddable":true,"href":"https:\/\/1dronas.lt\/en\/wp-json\/wp\/v2\/product_cat?post=5481"},{"taxonomy":"product_tag","embeddable":true,"href":"https:\/\/1dronas.lt\/en\/wp-json\/wp\/v2\/product_tag?post=5481"}],"curies":[{"name":"wp","href":"https:\/\/api.w.org\/{rel}","templated":true}]}}