{"id":5250,"date":"2023-09-13T11:47:46","date_gmt":"2023-09-13T11:47:46","guid":{"rendered":"https:\/\/1dronas.lt\/?post_type=product&#038;p=5250"},"modified":"2026-04-03T17:05:11","modified_gmt":"2026-04-03T14:05:11","slug":"radiomaster-tx12-mkii","status":"publish","type":"product","link":"https:\/\/1dronas.lt\/en\/produktas\/radiomaster-tx12-mkii\/","title":{"rendered":"RadioMaster TX12 MKII ExpressLRS (Mode 2)"},"content":{"rendered":"<p>Many years ago, RadioMaster set out to create the best compact radio in its class. The TX12 has become the product of choice for pilots looking for a powerful, reliable and unlimitedly upgradable radio in a small package.<\/p>\n<p><iframe loading=\"lazy\" title=\"RadioMaster TX12 Mark II Radio ELRS | The Mighty, Mini Radio\" width=\"1020\" height=\"574\" src=\"https:\/\/www.youtube.com\/embed\/DhZLmyUS1Uk?start=27&#038;feature=oembed\" frameborder=\"0\" allow=\"accelerometer; autoplay; clipboard-write; encrypted-media; gyroscope; picture-in-picture; web-share\" referrerpolicy=\"strict-origin-when-cross-origin\" allowfullscreen><\/iframe><\/p>\n<p><strong>Features:<\/strong><\/p>\n<p><b>\u2022 <\/b>Updated motherboard version from STM32F207 processor to STM32F407;<br \/>\n<b>\u2022 <\/b>Improved USB-C QC 3.0 charging;<br \/>\n<b>\u2022 <\/b>Updated rear body with comfortable handles;<br \/>\n<b>\u2022 <\/b>Improved S1\/S2 controller handle;<br \/>\n<b>\u2022 <\/b>SD card added;<br \/>\n<b>\u2022 <\/b>M1 and M2 modes are available.<b><br \/>\n<\/b><\/p>\n<p><strong>Specification:\u00a0<\/strong><\/p>\n<p><b>\u2022 <\/b>Product: TX12 Mark II Radio;<b><br \/>\n\u2022 <\/b>Dimensions: 170 x 159 x 108mm;<br \/>\n<b>\u2022 <\/b>Weight: 363g;<b><br \/>\n\u2022 <\/b>Frequency: 2.400GHZ-2.480GHZ;<b><br \/>\n\u2022 <\/b>Version: ExpressLRS (ELRS);<b><br \/>\n\u2022<\/b> Transmitting power: 320mA@8.4V (ELRS);<b><br \/>\n\u2022 <\/b>Channels: Max 16 channels;<b><br \/>\n\u2022 <\/b>Display: 128*64 Monochrome LCD display;<b><br \/>\n\u2022 <\/b>Controllers: High precision Hall gimbals;<b><br \/>\n\u2022 <\/b>External module support: JR\/FrSKY\/Crossfire;<b><br \/>\n\u2022 <\/b>SD card inserted.<\/p>\n<div>\n<p><img loading=\"lazy\" decoding=\"async\" class=\"alignnone wp-image-5297 size-full\" src=\"https:\/\/1dronas.lt\/wp-content\/uploads\/2023\/09\/Remote-control-overview_1024x1024-min.jpg\" alt=\"\" width=\"1024\" height=\"575\" srcset=\"https:\/\/1dronas.lt\/wp-content\/uploads\/2023\/09\/Remote-control-overview_1024x1024-min.jpg 1024w, https:\/\/1dronas.lt\/wp-content\/uploads\/2023\/09\/Remote-control-overview_1024x1024-min-300x168.jpg 300w, https:\/\/1dronas.lt\/wp-content\/uploads\/2023\/09\/Remote-control-overview_1024x1024-min-768x431.jpg 768w, https:\/\/1dronas.lt\/wp-content\/uploads\/2023\/09\/Remote-control-overview_1024x1024-min-18x10.jpg 18w, https:\/\/1dronas.lt\/wp-content\/uploads\/2023\/09\/Remote-control-overview_1024x1024-min-510x286.jpg 510w\" sizes=\"auto, (max-width: 1024px) 100vw, 1024px\" \/> <img loading=\"lazy\" decoding=\"async\" class=\"alignnone wp-image-5299 size-full\" src=\"https:\/\/1dronas.lt\/wp-content\/uploads\/2023\/09\/TX12-MK-II-Detail-Page-EN_04_1024x1024-min.jpg\" alt=\"\" width=\"1024\" height=\"575\" srcset=\"https:\/\/1dronas.lt\/wp-content\/uploads\/2023\/09\/TX12-MK-II-Detail-Page-EN_04_1024x1024-min.jpg 1024w, https:\/\/1dronas.lt\/wp-content\/uploads\/2023\/09\/TX12-MK-II-Detail-Page-EN_04_1024x1024-min-300x168.jpg 300w, https:\/\/1dronas.lt\/wp-content\/uploads\/2023\/09\/TX12-MK-II-Detail-Page-EN_04_1024x1024-min-768x431.jpg 768w, https:\/\/1dronas.lt\/wp-content\/uploads\/2023\/09\/TX12-MK-II-Detail-Page-EN_04_1024x1024-min-18x10.jpg 18w, https:\/\/1dronas.lt\/wp-content\/uploads\/2023\/09\/TX12-MK-II-Detail-Page-EN_04_1024x1024-min-510x286.jpg 510w\" sizes=\"auto, (max-width: 1024px) 100vw, 1024px\" \/> <img loading=\"lazy\" decoding=\"async\" class=\"alignnone wp-image-5300 size-full\" src=\"https:\/\/1dronas.lt\/wp-content\/uploads\/2023\/09\/TX12-MK-II-Detail-Page-EN_05_1024x1024-min.jpg\" alt=\"\" width=\"1024\" height=\"575\" srcset=\"https:\/\/1dronas.lt\/wp-content\/uploads\/2023\/09\/TX12-MK-II-Detail-Page-EN_05_1024x1024-min.jpg 1024w, https:\/\/1dronas.lt\/wp-content\/uploads\/2023\/09\/TX12-MK-II-Detail-Page-EN_05_1024x1024-min-300x168.jpg 300w, https:\/\/1dronas.lt\/wp-content\/uploads\/2023\/09\/TX12-MK-II-Detail-Page-EN_05_1024x1024-min-768x431.jpg 768w, https:\/\/1dronas.lt\/wp-content\/uploads\/2023\/09\/TX12-MK-II-Detail-Page-EN_05_1024x1024-min-18x10.jpg 18w, https:\/\/1dronas.lt\/wp-content\/uploads\/2023\/09\/TX12-MK-II-Detail-Page-EN_05_1024x1024-min-510x286.jpg 510w\" sizes=\"auto, (max-width: 1024px) 100vw, 1024px\" \/> <img loading=\"lazy\" decoding=\"async\" class=\"alignnone wp-image-5306 size-full\" src=\"https:\/\/1dronas.lt\/wp-content\/uploads\/2023\/09\/TX12-MK-II-Detail-Page-EN_11_1024x1024-min.jpg\" alt=\"\" width=\"1024\" height=\"575\" srcset=\"https:\/\/1dronas.lt\/wp-content\/uploads\/2023\/09\/TX12-MK-II-Detail-Page-EN_11_1024x1024-min.jpg 1024w, https:\/\/1dronas.lt\/wp-content\/uploads\/2023\/09\/TX12-MK-II-Detail-Page-EN_11_1024x1024-min-300x168.jpg 300w, https:\/\/1dronas.lt\/wp-content\/uploads\/2023\/09\/TX12-MK-II-Detail-Page-EN_11_1024x1024-min-768x431.jpg 768w, https:\/\/1dronas.lt\/wp-content\/uploads\/2023\/09\/TX12-MK-II-Detail-Page-EN_11_1024x1024-min-18x10.jpg 18w, https:\/\/1dronas.lt\/wp-content\/uploads\/2023\/09\/TX12-MK-II-Detail-Page-EN_11_1024x1024-min-510x286.jpg 510w\" sizes=\"auto, (max-width: 1024px) 100vw, 1024px\" \/> <img loading=\"lazy\" decoding=\"async\" class=\"alignnone wp-image-5305 size-full\" src=\"https:\/\/1dronas.lt\/wp-content\/uploads\/2023\/09\/TX12-MK-II-Detail-Page-EN_10_1024x1024-min.jpg\" alt=\"\" width=\"1024\" height=\"575\" srcset=\"https:\/\/1dronas.lt\/wp-content\/uploads\/2023\/09\/TX12-MK-II-Detail-Page-EN_10_1024x1024-min.jpg 1024w, https:\/\/1dronas.lt\/wp-content\/uploads\/2023\/09\/TX12-MK-II-Detail-Page-EN_10_1024x1024-min-300x168.jpg 300w, https:\/\/1dronas.lt\/wp-content\/uploads\/2023\/09\/TX12-MK-II-Detail-Page-EN_10_1024x1024-min-768x431.jpg 768w, https:\/\/1dronas.lt\/wp-content\/uploads\/2023\/09\/TX12-MK-II-Detail-Page-EN_10_1024x1024-min-18x10.jpg 18w, https:\/\/1dronas.lt\/wp-content\/uploads\/2023\/09\/TX12-MK-II-Detail-Page-EN_10_1024x1024-min-510x286.jpg 510w\" sizes=\"auto, (max-width: 1024px) 100vw, 1024px\" \/> <img loading=\"lazy\" decoding=\"async\" class=\"alignnone wp-image-5304 size-full\" src=\"https:\/\/1dronas.lt\/wp-content\/uploads\/2023\/09\/TX12-MK-II-Detail-Page-EN_09_1024x1024-min.jpg\" alt=\"\" width=\"1024\" height=\"575\" srcset=\"https:\/\/1dronas.lt\/wp-content\/uploads\/2023\/09\/TX12-MK-II-Detail-Page-EN_09_1024x1024-min.jpg 1024w, https:\/\/1dronas.lt\/wp-content\/uploads\/2023\/09\/TX12-MK-II-Detail-Page-EN_09_1024x1024-min-300x168.jpg 300w, https:\/\/1dronas.lt\/wp-content\/uploads\/2023\/09\/TX12-MK-II-Detail-Page-EN_09_1024x1024-min-768x431.jpg 768w, https:\/\/1dronas.lt\/wp-content\/uploads\/2023\/09\/TX12-MK-II-Detail-Page-EN_09_1024x1024-min-18x10.jpg 18w, https:\/\/1dronas.lt\/wp-content\/uploads\/2023\/09\/TX12-MK-II-Detail-Page-EN_09_1024x1024-min-510x286.jpg 510w\" sizes=\"auto, (max-width: 1024px) 100vw, 1024px\" \/> <img loading=\"lazy\" decoding=\"async\" class=\"alignnone wp-image-5303 size-full\" src=\"https:\/\/1dronas.lt\/wp-content\/uploads\/2023\/09\/TX12-MK-II-Detail-Page-EN_08_1024x1024-min.jpg\" alt=\"\" width=\"1024\" height=\"575\" srcset=\"https:\/\/1dronas.lt\/wp-content\/uploads\/2023\/09\/TX12-MK-II-Detail-Page-EN_08_1024x1024-min.jpg 1024w, https:\/\/1dronas.lt\/wp-content\/uploads\/2023\/09\/TX12-MK-II-Detail-Page-EN_08_1024x1024-min-300x168.jpg 300w, https:\/\/1dronas.lt\/wp-content\/uploads\/2023\/09\/TX12-MK-II-Detail-Page-EN_08_1024x1024-min-768x431.jpg 768w, https:\/\/1dronas.lt\/wp-content\/uploads\/2023\/09\/TX12-MK-II-Detail-Page-EN_08_1024x1024-min-18x10.jpg 18w, https:\/\/1dronas.lt\/wp-content\/uploads\/2023\/09\/TX12-MK-II-Detail-Page-EN_08_1024x1024-min-510x286.jpg 510w\" sizes=\"auto, (max-width: 1024px) 100vw, 1024px\" \/> <img loading=\"lazy\" decoding=\"async\" class=\"alignnone wp-image-5302 size-full\" src=\"https:\/\/1dronas.lt\/wp-content\/uploads\/2023\/09\/TX12-MK-II-Detail-Page-EN_07_1024x1024-min.jpg\" alt=\"\" width=\"1024\" height=\"575\" srcset=\"https:\/\/1dronas.lt\/wp-content\/uploads\/2023\/09\/TX12-MK-II-Detail-Page-EN_07_1024x1024-min.jpg 1024w, https:\/\/1dronas.lt\/wp-content\/uploads\/2023\/09\/TX12-MK-II-Detail-Page-EN_07_1024x1024-min-300x168.jpg 300w, https:\/\/1dronas.lt\/wp-content\/uploads\/2023\/09\/TX12-MK-II-Detail-Page-EN_07_1024x1024-min-768x431.jpg 768w, https:\/\/1dronas.lt\/wp-content\/uploads\/2023\/09\/TX12-MK-II-Detail-Page-EN_07_1024x1024-min-18x10.jpg 18w, https:\/\/1dronas.lt\/wp-content\/uploads\/2023\/09\/TX12-MK-II-Detail-Page-EN_07_1024x1024-min-510x286.jpg 510w\" sizes=\"auto, (max-width: 1024px) 100vw, 1024px\" \/> <img loading=\"lazy\" decoding=\"async\" class=\"alignnone wp-image-5301 size-full\" src=\"https:\/\/1dronas.lt\/wp-content\/uploads\/2023\/09\/TX12-MK-II-Detail-Page-EN_06_1024x1024-min.jpg\" alt=\"\" width=\"1024\" height=\"575\" srcset=\"https:\/\/1dronas.lt\/wp-content\/uploads\/2023\/09\/TX12-MK-II-Detail-Page-EN_06_1024x1024-min.jpg 1024w, https:\/\/1dronas.lt\/wp-content\/uploads\/2023\/09\/TX12-MK-II-Detail-Page-EN_06_1024x1024-min-300x168.jpg 300w, https:\/\/1dronas.lt\/wp-content\/uploads\/2023\/09\/TX12-MK-II-Detail-Page-EN_06_1024x1024-min-768x431.jpg 768w, https:\/\/1dronas.lt\/wp-content\/uploads\/2023\/09\/TX12-MK-II-Detail-Page-EN_06_1024x1024-min-18x10.jpg 18w, https:\/\/1dronas.lt\/wp-content\/uploads\/2023\/09\/TX12-MK-II-Detail-Page-EN_06_1024x1024-min-510x286.jpg 510w\" sizes=\"auto, (max-width: 1024px) 100vw, 1024px\" \/><\/p>\n<p><strong>Package:<\/strong><\/p>\n<p>1x TX12 Mark II Radio;<br \/>\n1x Antenna;<br \/>\n1x USB-C cable;<br \/>\n1x User manual;<br \/>\n1x Sticker.<\/p>\n<div><span style=\"color: #ed1c24;\"><em>Batteries for the remote control are not included.<\/em><\/span><\/div>\n<div><img loading=\"lazy\" decoding=\"async\" class=\"alignnone wp-image-5298 size-full\" src=\"https:\/\/1dronas.lt\/wp-content\/uploads\/2023\/09\/TX12MKII_600x600-min.jpg\" alt=\"\" width=\"600\" height=\"409\" srcset=\"https:\/\/1dronas.lt\/wp-content\/uploads\/2023\/09\/TX12MKII_600x600-min.jpg 600w, https:\/\/1dronas.lt\/wp-content\/uploads\/2023\/09\/TX12MKII_600x600-min-300x205.jpg 300w, https:\/\/1dronas.lt\/wp-content\/uploads\/2023\/09\/TX12MKII_600x600-min-18x12.jpg 18w, https:\/\/1dronas.lt\/wp-content\/uploads\/2023\/09\/TX12MKII_600x600-min-510x348.jpg 510w\" sizes=\"auto, (max-width: 600px) 100vw, 600px\" \/><\/div>\n<div><\/div>\n<\/div>","protected":false},"excerpt":{"rendered":"<p><span style=\"color: #000000;\">One of the best in its class.<\/span><\/p>\n<p><span style=\"color: #282828; font-size: 90%;\"><strong><img loading=\"lazy\" decoding=\"async\" class=\"alignnone wp-image-1806\" src=\"https:\/\/1dronas.lt\/wp-content\/uploads\/2021\/05\/delivery-icon.png.webp\" alt=\"\" width=\"24\" height=\"24\" srcset=\"https:\/\/1dronas.lt\/wp-content\/uploads\/2021\/05\/delivery-icon.png 35w, https:\/\/1dronas.lt\/wp-content\/uploads\/2021\/05\/delivery-icon-12x12.png 12w\" sizes=\"auto, (max-width: 24px) 100vw, 24px\" \/>\u00a0 1 \u2013 2 days<\/strong><\/span><\/p>","protected":false},"featured_media":5284,"comment_status":"open","ping_status":"closed","template":"","meta":[],"product_brand":[497],"product_cat":[221],"product_tag":[519,176,357,360],"class_list":{"0":"post-5250","1":"product","2":"type-product","3":"status-publish","4":"has-post-thumbnail","6":"product_brand-radiomaster","7":"product_cat-nuotolinio-valdymo-pulteliai","8":"product_tag-2-4ghz","9":"product_tag-elrs","10":"product_tag-radiomaster","11":"product_tag-tx12-mark-ii","13":"first","14":"outofstock","15":"sale","16":"taxable","17":"shipping-taxable","18":"purchasable","19":"product-type-simple"},"yoast_head":"<!-- This site is optimized with the Yoast SEO plugin v27.4 - https:\/\/yoast.com\/product\/yoast-seo-wordpress\/ -->\n<title>RadioMaster TX12 MKII ExpressLRS (Mode 2) - 1dronas.lt<\/title>\n<meta name=\"robots\" content=\"index, follow, max-snippet:-1, max-image-preview:large, max-video-preview:-1\" \/>\n<link rel=\"canonical\" href=\"https:\/\/1dronas.lt\/en\/produktas\/radiomaster-tx12-mkii\/\" \/>\n<meta property=\"og:locale\" content=\"en_US\" \/>\n<meta property=\"og:type\" content=\"article\" \/>\n<meta property=\"og:title\" content=\"RadioMaster TX12 MKII ExpressLRS (Mode 2) - 1dronas.lt\" \/>\n<meta property=\"og:description\" content=\"Vienas i\u0161 geriausi\u0173 savo klas\u0117je.  \u00a0 1 \u2013 2 d.d.\" \/>\n<meta property=\"og:url\" content=\"https:\/\/1dronas.lt\/en\/produktas\/radiomaster-tx12-mkii\/\" \/>\n<meta property=\"og:site_name\" content=\"1dronas.lt\" \/>\n<meta property=\"article:publisher\" content=\"https:\/\/www.facebook.com\/1dronas\/\" \/>\n<meta property=\"article:modified_time\" content=\"2026-04-03T14:05:11+00:00\" \/>\n<meta property=\"og:image\" content=\"https:\/\/1dronas.lt\/wp-content\/uploads\/2023\/09\/1000X1000-2_1800x1800-min.jpg\" \/>\n\t<meta property=\"og:image:width\" content=\"1000\" \/>\n\t<meta property=\"og:image:height\" content=\"1000\" \/>\n\t<meta property=\"og:image:type\" content=\"image\/jpeg\" \/>\n<meta name=\"twitter:card\" content=\"summary_large_image\" \/>\n<meta name=\"twitter:label1\" content=\"Est. reading time\" \/>\n\t<meta name=\"twitter:data1\" content=\"4 minutes\" \/>\n<script type=\"application\/ld+json\" class=\"yoast-schema-graph\">{\"@context\":\"https:\\\/\\\/schema.org\",\"@graph\":[{\"@type\":\"WebPage\",\"@id\":\"https:\\\/\\\/1dronas.lt\\\/en\\\/produktas\\\/radiomaster-tx12-mkii\\\/\",\"url\":\"https:\\\/\\\/1dronas.lt\\\/en\\\/produktas\\\/radiomaster-tx12-mkii\\\/\",\"name\":\"RadioMaster TX12 MKII ExpressLRS (Mode 2) - 1dronas.lt\",\"isPartOf\":{\"@id\":\"https:\\\/\\\/1dronas.lt\\\/en\\\/#website\"},\"primaryImageOfPage\":{\"@id\":\"https:\\\/\\\/1dronas.lt\\\/en\\\/produktas\\\/radiomaster-tx12-mkii\\\/#primaryimage\"},\"image\":{\"@id\":\"https:\\\/\\\/1dronas.lt\\\/en\\\/produktas\\\/radiomaster-tx12-mkii\\\/#primaryimage\"},\"thumbnailUrl\":\"https:\\\/\\\/1dronas.lt\\\/wp-content\\\/uploads\\\/2023\\\/09\\\/1000X1000-2_1800x1800-min.jpg\",\"datePublished\":\"2023-09-13T11:47:46+00:00\",\"dateModified\":\"2026-04-03T14:05:11+00:00\",\"breadcrumb\":{\"@id\":\"https:\\\/\\\/1dronas.lt\\\/en\\\/produktas\\\/radiomaster-tx12-mkii\\\/#breadcrumb\"},\"inLanguage\":\"en-US\",\"potentialAction\":[{\"@type\":\"ReadAction\",\"target\":[\"https:\\\/\\\/1dronas.lt\\\/en\\\/produktas\\\/radiomaster-tx12-mkii\\\/\"]}]},{\"@type\":\"ImageObject\",\"inLanguage\":\"en-US\",\"@id\":\"https:\\\/\\\/1dronas.lt\\\/en\\\/produktas\\\/radiomaster-tx12-mkii\\\/#primaryimage\",\"url\":\"https:\\\/\\\/1dronas.lt\\\/wp-content\\\/uploads\\\/2023\\\/09\\\/1000X1000-2_1800x1800-min.jpg\",\"contentUrl\":\"https:\\\/\\\/1dronas.lt\\\/wp-content\\\/uploads\\\/2023\\\/09\\\/1000X1000-2_1800x1800-min.jpg\",\"width\":1000,\"height\":1000},{\"@type\":\"BreadcrumbList\",\"@id\":\"https:\\\/\\\/1dronas.lt\\\/en\\\/produktas\\\/radiomaster-tx12-mkii\\\/#breadcrumb\",\"itemListElement\":[{\"@type\":\"ListItem\",\"position\":1,\"name\":\"Home\",\"item\":\"https:\\\/\\\/1dronas.lt\\\/\"},{\"@type\":\"ListItem\",\"position\":2,\"name\":\"Parduotuv\u0117\",\"item\":\"https:\\\/\\\/1dronas.lt\\\/parduotuve\\\/\"},{\"@type\":\"ListItem\",\"position\":3,\"name\":\"RadioMaster TX12 MKII ExpressLRS (Mode 2)\"}]},{\"@type\":\"WebSite\",\"@id\":\"https:\\\/\\\/1dronas.lt\\\/en\\\/#website\",\"url\":\"https:\\\/\\\/1dronas.lt\\\/en\\\/\",\"name\":\"1dronas.lt\",\"description\":\"Internetin\u0117 parduotuv\u0117\",\"publisher\":{\"@id\":\"https:\\\/\\\/1dronas.lt\\\/en\\\/#organization\"},\"potentialAction\":[{\"@type\":\"SearchAction\",\"target\":{\"@type\":\"EntryPoint\",\"urlTemplate\":\"https:\\\/\\\/1dronas.lt\\\/en\\\/?s={search_term_string}\"},\"query-input\":{\"@type\":\"PropertyValueSpecification\",\"valueRequired\":true,\"valueName\":\"search_term_string\"}}],\"inLanguage\":\"en-US\"},{\"@type\":\"Organization\",\"@id\":\"https:\\\/\\\/1dronas.lt\\\/en\\\/#organization\",\"name\":\"1dronas.lt\",\"url\":\"https:\\\/\\\/1dronas.lt\\\/en\\\/\",\"logo\":{\"@type\":\"ImageObject\",\"inLanguage\":\"en-US\",\"@id\":\"https:\\\/\\\/1dronas.lt\\\/en\\\/#\\\/schema\\\/logo\\\/image\\\/\",\"url\":\"https:\\\/\\\/1dronas.lt\\\/wp-content\\\/uploads\\\/2020\\\/12\\\/Ekrano_kopija__2_-removebg-preview-1-1.png\",\"contentUrl\":\"https:\\\/\\\/1dronas.lt\\\/wp-content\\\/uploads\\\/2020\\\/12\\\/Ekrano_kopija__2_-removebg-preview-1-1.png\",\"width\":234,\"height\":81,\"caption\":\"1dronas.lt\"},\"image\":{\"@id\":\"https:\\\/\\\/1dronas.lt\\\/en\\\/#\\\/schema\\\/logo\\\/image\\\/\"},\"sameAs\":[\"https:\\\/\\\/www.facebook.com\\\/1dronas\\\/\"]}]}<\/script>\n<!-- \/ Yoast SEO plugin. -->","yoast_head_json":{"title":"RadioMaster TX12 MKII ExpressLRS (Mode 2) - 1dronas.lt","robots":{"index":"index","follow":"follow","max-snippet":"max-snippet:-1","max-image-preview":"max-image-preview:large","max-video-preview":"max-video-preview:-1"},"canonical":"https:\/\/1dronas.lt\/en\/produktas\/radiomaster-tx12-mkii\/","og_locale":"en_US","og_type":"article","og_title":"RadioMaster TX12 MKII ExpressLRS (Mode 2) - 1dronas.lt","og_description":"Vienas i\u0161 geriausi\u0173 savo klas\u0117je.  \u00a0 1 \u2013 2 d.d.","og_url":"https:\/\/1dronas.lt\/en\/produktas\/radiomaster-tx12-mkii\/","og_site_name":"1dronas.lt","article_publisher":"https:\/\/www.facebook.com\/1dronas\/","article_modified_time":"2026-04-03T14:05:11+00:00","og_image":[{"width":1000,"height":1000,"url":"https:\/\/1dronas.lt\/wp-content\/uploads\/2023\/09\/1000X1000-2_1800x1800-min.jpg","type":"image\/jpeg"}],"twitter_card":"summary_large_image","twitter_misc":{"Est. reading time":"4 minutes"},"schema":{"@context":"https:\/\/schema.org","@graph":[{"@type":"WebPage","@id":"https:\/\/1dronas.lt\/en\/produktas\/radiomaster-tx12-mkii\/","url":"https:\/\/1dronas.lt\/en\/produktas\/radiomaster-tx12-mkii\/","name":"RadioMaster TX12 MKII ExpressLRS (Mode 2) - 1dronas.lt","isPartOf":{"@id":"https:\/\/1dronas.lt\/en\/#website"},"primaryImageOfPage":{"@id":"https:\/\/1dronas.lt\/en\/produktas\/radiomaster-tx12-mkii\/#primaryimage"},"image":{"@id":"https:\/\/1dronas.lt\/en\/produktas\/radiomaster-tx12-mkii\/#primaryimage"},"thumbnailUrl":"https:\/\/1dronas.lt\/wp-content\/uploads\/2023\/09\/1000X1000-2_1800x1800-min.jpg","datePublished":"2023-09-13T11:47:46+00:00","dateModified":"2026-04-03T14:05:11+00:00","breadcrumb":{"@id":"https:\/\/1dronas.lt\/en\/produktas\/radiomaster-tx12-mkii\/#breadcrumb"},"inLanguage":"en-US","potentialAction":[{"@type":"ReadAction","target":["https:\/\/1dronas.lt\/en\/produktas\/radiomaster-tx12-mkii\/"]}]},{"@type":"ImageObject","inLanguage":"en-US","@id":"https:\/\/1dronas.lt\/en\/produktas\/radiomaster-tx12-mkii\/#primaryimage","url":"https:\/\/1dronas.lt\/wp-content\/uploads\/2023\/09\/1000X1000-2_1800x1800-min.jpg","contentUrl":"https:\/\/1dronas.lt\/wp-content\/uploads\/2023\/09\/1000X1000-2_1800x1800-min.jpg","width":1000,"height":1000},{"@type":"BreadcrumbList","@id":"https:\/\/1dronas.lt\/en\/produktas\/radiomaster-tx12-mkii\/#breadcrumb","itemListElement":[{"@type":"ListItem","position":1,"name":"Home","item":"https:\/\/1dronas.lt\/"},{"@type":"ListItem","position":2,"name":"Parduotuv\u0117","item":"https:\/\/1dronas.lt\/parduotuve\/"},{"@type":"ListItem","position":3,"name":"RadioMaster TX12 MKII ExpressLRS (Mode 2)"}]},{"@type":"WebSite","@id":"https:\/\/1dronas.lt\/en\/#website","url":"https:\/\/1dronas.lt\/en\/","name":"1dronas.lt","description":"Online store","publisher":{"@id":"https:\/\/1dronas.lt\/en\/#organization"},"potentialAction":[{"@type":"SearchAction","target":{"@type":"EntryPoint","urlTemplate":"https:\/\/1dronas.lt\/en\/?s={search_term_string}"},"query-input":{"@type":"PropertyValueSpecification","valueRequired":true,"valueName":"search_term_string"}}],"inLanguage":"en-US"},{"@type":"Organization","@id":"https:\/\/1dronas.lt\/en\/#organization","name":"1dronas.lt","url":"https:\/\/1dronas.lt\/en\/","logo":{"@type":"ImageObject","inLanguage":"en-US","@id":"https:\/\/1dronas.lt\/en\/#\/schema\/logo\/image\/","url":"https:\/\/1dronas.lt\/wp-content\/uploads\/2020\/12\/Ekrano_kopija__2_-removebg-preview-1-1.png","contentUrl":"https:\/\/1dronas.lt\/wp-content\/uploads\/2020\/12\/Ekrano_kopija__2_-removebg-preview-1-1.png","width":234,"height":81,"caption":"1dronas.lt"},"image":{"@id":"https:\/\/1dronas.lt\/en\/#\/schema\/logo\/image\/"},"sameAs":["https:\/\/www.facebook.com\/1dronas\/"]}]}},"jetpack_sharing_enabled":true,"_links":{"self":[{"href":"https:\/\/1dronas.lt\/en\/wp-json\/wp\/v2\/product\/5250","targetHints":{"allow":["GET"]}}],"collection":[{"href":"https:\/\/1dronas.lt\/en\/wp-json\/wp\/v2\/product"}],"about":[{"href":"https:\/\/1dronas.lt\/en\/wp-json\/wp\/v2\/types\/product"}],"replies":[{"embeddable":true,"href":"https:\/\/1dronas.lt\/en\/wp-json\/wp\/v2\/comments?post=5250"}],"wp:featuredmedia":[{"embeddable":true,"href":"https:\/\/1dronas.lt\/en\/wp-json\/wp\/v2\/media\/5284"}],"wp:attachment":[{"href":"https:\/\/1dronas.lt\/en\/wp-json\/wp\/v2\/media?parent=5250"}],"wp:term":[{"taxonomy":"product_brand","embeddable":true,"href":"https:\/\/1dronas.lt\/en\/wp-json\/wp\/v2\/product_brand?post=5250"},{"taxonomy":"product_cat","embeddable":true,"href":"https:\/\/1dronas.lt\/en\/wp-json\/wp\/v2\/product_cat?post=5250"},{"taxonomy":"product_tag","embeddable":true,"href":"https:\/\/1dronas.lt\/en\/wp-json\/wp\/v2\/product_tag?post=5250"}],"curies":[{"name":"wp","href":"https:\/\/api.w.org\/{rel}","templated":true}]}}