{"id":5172,"date":"2023-08-12T14:45:36","date_gmt":"2023-08-12T14:45:36","guid":{"rendered":"https:\/\/1dronas.lt\/?post_type=product&#038;p=5172"},"modified":"2026-03-20T16:19:06","modified_gmt":"2026-03-20T14:19:06","slug":"betafpv-meteor75-micro-remas","status":"publish","type":"product","link":"https:\/\/1dronas.lt\/en\/produktas\/betafpv-meteor75-micro-remas\/","title":{"rendered":"BETAFPV Meteor75 Micro Frame"},"content":{"rendered":"<p><img loading=\"lazy\" decoding=\"async\" class=\"alignnone wp-image-5175 size-full\" src=\"https:\/\/1dronas.lt\/wp-content\/uploads\/2023\/08\/FB_f481c23a-344d-40d5-9c0a-b2b72de35991_1024x1024.jpg\" alt=\"\" width=\"1024\" height=\"576\" srcset=\"https:\/\/1dronas.lt\/wp-content\/uploads\/2023\/08\/FB_f481c23a-344d-40d5-9c0a-b2b72de35991_1024x1024.jpg 1024w, https:\/\/1dronas.lt\/wp-content\/uploads\/2023\/08\/FB_f481c23a-344d-40d5-9c0a-b2b72de35991_1024x1024-300x169.jpg 300w, https:\/\/1dronas.lt\/wp-content\/uploads\/2023\/08\/FB_f481c23a-344d-40d5-9c0a-b2b72de35991_1024x1024-768x432.jpg 768w, https:\/\/1dronas.lt\/wp-content\/uploads\/2023\/08\/FB_f481c23a-344d-40d5-9c0a-b2b72de35991_1024x1024-18x10.jpg 18w, https:\/\/1dronas.lt\/wp-content\/uploads\/2023\/08\/FB_f481c23a-344d-40d5-9c0a-b2b72de35991_1024x1024-510x287.jpg 510w\" sizes=\"auto, (max-width: 1024px) 100vw, 1024px\" \/><\/p>\n<p><strong>Features:<\/strong><\/p>\n<p><strong>\u2022 <\/strong>The Meteor75 frame is extremely light \u2013 only 5.68 g, yet durable enough;<br \/>\n<strong>\u2022<\/strong>The motor mounting position uses a quadrilateral stretching structure, the frame is more durable and stable.<\/p>\n<p><strong>Specifications:<\/strong><\/p>\n<p><strong>\u2022\u00a0<\/strong>Material: Plastic;<br \/>\n<strong>\u2022\u00a0<\/strong>Size: 75mm;<br \/>\n<strong>\u2022\u00a0<\/strong>Weight: 5.68\/pc;<br \/>\n<strong>\u2022\u00a0<\/strong>Motor mounting holes: Suitable for 0603 motors, 1102 series motors and 0802 series motors FC mounting hole: 26mm x 26mm.<\/p>\n\t<div id=\"accordion-4197310098\" class=\"accordion-item\">\n\t\t<a id=\"accordion-4197310098-label\" class=\"accordion-title plain\" href=\"#accordion-item-i\u0161matavimai\" aria-expanded=\"false\" aria-controls=\"accordion-4197310098-content\">\n\t\t\t<button class=\"toggle\" aria-label=\"Toggle\"><i class=\"icon-angle-down\" aria-hidden=\"true\"><\/i><\/button>\n\t\t\t<span>Measurements<\/span>\n\t\t<\/a>\n\t\t<div id=\"accordion-4197310098-content\" class=\"accordion-inner\" aria-labelledby=\"accordion-4197310098-label\">\n\t\t\t\n<span style=\"font-weight: 400;\"><br \/>\n<img loading=\"lazy\" decoding=\"async\" class=\"alignnone wp-image-5174 size-full\" src=\"https:\/\/1dronas.lt\/wp-content\/uploads\/2023\/08\/f7d7c897f798fc44c391847188c3ac79_9a596a5a-3880-4818-958f-29727c862650_600x600.jpg\" alt=\"\" width=\"600\" height=\"600\" srcset=\"https:\/\/1dronas.lt\/wp-content\/uploads\/2023\/08\/f7d7c897f798fc44c391847188c3ac79_9a596a5a-3880-4818-958f-29727c862650_600x600.jpg 600w, https:\/\/1dronas.lt\/wp-content\/uploads\/2023\/08\/f7d7c897f798fc44c391847188c3ac79_9a596a5a-3880-4818-958f-29727c862650_600x600-300x300.jpg 300w, https:\/\/1dronas.lt\/wp-content\/uploads\/2023\/08\/f7d7c897f798fc44c391847188c3ac79_9a596a5a-3880-4818-958f-29727c862650_600x600-150x150.jpg 150w, https:\/\/1dronas.lt\/wp-content\/uploads\/2023\/08\/f7d7c897f798fc44c391847188c3ac79_9a596a5a-3880-4818-958f-29727c862650_600x600-12x12.jpg 12w, https:\/\/1dronas.lt\/wp-content\/uploads\/2023\/08\/f7d7c897f798fc44c391847188c3ac79_9a596a5a-3880-4818-958f-29727c862650_600x600-247x247.jpg 247w, https:\/\/1dronas.lt\/wp-content\/uploads\/2023\/08\/f7d7c897f798fc44c391847188c3ac79_9a596a5a-3880-4818-958f-29727c862650_600x600-510x510.jpg 510w, https:\/\/1dronas.lt\/wp-content\/uploads\/2023\/08\/f7d7c897f798fc44c391847188c3ac79_9a596a5a-3880-4818-958f-29727c862650_600x600-100x100.jpg 100w\" sizes=\"auto, (max-width: 600px) 100vw, 600px\" \/><br \/>\n<\/span><br \/>\n\t\t<\/div>\n\t<\/div>\n\t\n<p><strong>Package:<\/strong><\/p>\n<p>1x Meteor75 frame.<\/p>","protected":false},"excerpt":{"rendered":"<p><span style=\"color: #000000;\">Adjusted the frame height. The lowest point of the frame is the motor position, the battery can be protected when the drone lands. Also, the height of the frame loop has been increased to better protect the propeller.<\/span><\/p>\n<p><span style=\"color: #000000;\"><strong><img loading=\"lazy\" decoding=\"async\" class=\"alignnone wp-image-1806\" src=\"https:\/\/1dronas.lt\/wp-content\/uploads\/2021\/05\/delivery-icon.png\" alt=\"\" width=\"24\" height=\"24\" srcset=\"https:\/\/1dronas.lt\/wp-content\/uploads\/2021\/05\/delivery-icon.png 35w, https:\/\/1dronas.lt\/wp-content\/uploads\/2021\/05\/delivery-icon-12x12.png 12w\" sizes=\"auto, (max-width: 24px) 100vw, 24px\" \/>\u00a0 \u00a01 \u2013 4 days<\/strong><\/span><\/p>","protected":false},"featured_media":5176,"comment_status":"open","ping_status":"closed","template":"","meta":[],"product_brand":[489],"product_cat":[687],"product_tag":[69,352,336,248],"class_list":{"0":"post-5172","1":"product","2":"type-product","3":"status-publish","4":"has-post-thumbnail","6":"product_brand-betafpv","7":"product_cat-whoop-remai","8":"product_tag-betafpv","9":"product_tag-frame","10":"product_tag-meteor75","11":"product_tag-remas","13":"first","14":"instock","15":"sale","16":"taxable","17":"shipping-taxable","18":"purchasable","19":"product-type-variable","20":"has-default-attributes"},"yoast_head":"<!-- This site is optimized with the Yoast SEO plugin v27.3 - https:\/\/yoast.com\/product\/yoast-seo-wordpress\/ -->\n<title>BETAFPV Meteor75 Micro r\u0117mas - 1dronas.lt<\/title>\n<meta name=\"robots\" content=\"index, follow, max-snippet:-1, max-image-preview:large, max-video-preview:-1\" \/>\n<link rel=\"canonical\" href=\"https:\/\/1dronas.lt\/en\/produktas\/betafpv-meteor75-micro-remas\/\" \/>\n<meta property=\"og:locale\" content=\"en_US\" \/>\n<meta property=\"og:type\" content=\"article\" \/>\n<meta property=\"og:title\" content=\"BETAFPV Meteor75 Micro r\u0117mas - 1dronas.lt\" \/>\n<meta property=\"og:description\" content=\"Sureguliuotas r\u0117mo auk\u0161tis. \u017demiausias r\u0117mo ta\u0161kas yra variklio pad\u0117tis, akumuliatorius gali b\u016bti apsaugotas, kai dronas leid\u017eiasi. Taip pat padidintas r\u0117mo kilpos auk\u0161tis, kad b\u016bt\u0173 geriau apsaugotas propeleris.  \u00a0 \u00a01 \u2013 4 d. d.\" \/>\n<meta property=\"og:url\" content=\"https:\/\/1dronas.lt\/en\/produktas\/betafpv-meteor75-micro-remas\/\" \/>\n<meta property=\"og:site_name\" content=\"1dronas.lt\" \/>\n<meta property=\"article:publisher\" content=\"https:\/\/www.facebook.com\/1dronas\/\" \/>\n<meta property=\"article:modified_time\" content=\"2026-03-20T14:19:06+00:00\" \/>\n<meta property=\"og:image\" content=\"https:\/\/1dronas.lt\/wp-content\/uploads\/2023\/08\/5b72e43d5297e76da5141f5b7f5e2be3_8df64715-88cb-469c-9ada-10d1cc6ee98f_720x.jpg\" \/>\n\t<meta property=\"og:image:width\" content=\"720\" \/>\n\t<meta property=\"og:image:height\" content=\"720\" \/>\n\t<meta property=\"og:image:type\" content=\"image\/jpeg\" \/>\n<meta name=\"twitter:card\" content=\"summary_large_image\" \/>\n<meta name=\"twitter:label1\" content=\"Est. reading time\" \/>\n\t<meta name=\"twitter:data1\" content=\"1 minute\" \/>\n<script type=\"application\/ld+json\" class=\"yoast-schema-graph\">{\"@context\":\"https:\\\/\\\/schema.org\",\"@graph\":[{\"@type\":\"WebPage\",\"@id\":\"https:\\\/\\\/1dronas.lt\\\/en\\\/produktas\\\/betafpv-meteor75-micro-remas\\\/\",\"url\":\"https:\\\/\\\/1dronas.lt\\\/en\\\/produktas\\\/betafpv-meteor75-micro-remas\\\/\",\"name\":\"BETAFPV Meteor75 Micro r\u0117mas - 1dronas.lt\",\"isPartOf\":{\"@id\":\"https:\\\/\\\/1dronas.lt\\\/en\\\/#website\"},\"primaryImageOfPage\":{\"@id\":\"https:\\\/\\\/1dronas.lt\\\/en\\\/produktas\\\/betafpv-meteor75-micro-remas\\\/#primaryimage\"},\"image\":{\"@id\":\"https:\\\/\\\/1dronas.lt\\\/en\\\/produktas\\\/betafpv-meteor75-micro-remas\\\/#primaryimage\"},\"thumbnailUrl\":\"https:\\\/\\\/1dronas.lt\\\/wp-content\\\/uploads\\\/2023\\\/08\\\/5b72e43d5297e76da5141f5b7f5e2be3_8df64715-88cb-469c-9ada-10d1cc6ee98f_720x.jpg\",\"datePublished\":\"2023-08-12T14:45:36+00:00\",\"dateModified\":\"2026-03-20T14:19:06+00:00\",\"breadcrumb\":{\"@id\":\"https:\\\/\\\/1dronas.lt\\\/en\\\/produktas\\\/betafpv-meteor75-micro-remas\\\/#breadcrumb\"},\"inLanguage\":\"en-US\",\"potentialAction\":[{\"@type\":\"ReadAction\",\"target\":[\"https:\\\/\\\/1dronas.lt\\\/en\\\/produktas\\\/betafpv-meteor75-micro-remas\\\/\"]}]},{\"@type\":\"ImageObject\",\"inLanguage\":\"en-US\",\"@id\":\"https:\\\/\\\/1dronas.lt\\\/en\\\/produktas\\\/betafpv-meteor75-micro-remas\\\/#primaryimage\",\"url\":\"https:\\\/\\\/1dronas.lt\\\/wp-content\\\/uploads\\\/2023\\\/08\\\/5b72e43d5297e76da5141f5b7f5e2be3_8df64715-88cb-469c-9ada-10d1cc6ee98f_720x.jpg\",\"contentUrl\":\"https:\\\/\\\/1dronas.lt\\\/wp-content\\\/uploads\\\/2023\\\/08\\\/5b72e43d5297e76da5141f5b7f5e2be3_8df64715-88cb-469c-9ada-10d1cc6ee98f_720x.jpg\",\"width\":720,\"height\":720},{\"@type\":\"BreadcrumbList\",\"@id\":\"https:\\\/\\\/1dronas.lt\\\/en\\\/produktas\\\/betafpv-meteor75-micro-remas\\\/#breadcrumb\",\"itemListElement\":[{\"@type\":\"ListItem\",\"position\":1,\"name\":\"Home\",\"item\":\"https:\\\/\\\/1dronas.lt\\\/\"},{\"@type\":\"ListItem\",\"position\":2,\"name\":\"Parduotuv\u0117\",\"item\":\"https:\\\/\\\/1dronas.lt\\\/parduotuve\\\/\"},{\"@type\":\"ListItem\",\"position\":3,\"name\":\"BETAFPV Meteor75 Micro r\u0117mas\"}]},{\"@type\":\"WebSite\",\"@id\":\"https:\\\/\\\/1dronas.lt\\\/en\\\/#website\",\"url\":\"https:\\\/\\\/1dronas.lt\\\/en\\\/\",\"name\":\"1dronas.lt\",\"description\":\"Internetin\u0117 parduotuv\u0117\",\"publisher\":{\"@id\":\"https:\\\/\\\/1dronas.lt\\\/en\\\/#organization\"},\"potentialAction\":[{\"@type\":\"SearchAction\",\"target\":{\"@type\":\"EntryPoint\",\"urlTemplate\":\"https:\\\/\\\/1dronas.lt\\\/en\\\/?s={search_term_string}\"},\"query-input\":{\"@type\":\"PropertyValueSpecification\",\"valueRequired\":true,\"valueName\":\"search_term_string\"}}],\"inLanguage\":\"en-US\"},{\"@type\":\"Organization\",\"@id\":\"https:\\\/\\\/1dronas.lt\\\/en\\\/#organization\",\"name\":\"1dronas.lt\",\"url\":\"https:\\\/\\\/1dronas.lt\\\/en\\\/\",\"logo\":{\"@type\":\"ImageObject\",\"inLanguage\":\"en-US\",\"@id\":\"https:\\\/\\\/1dronas.lt\\\/en\\\/#\\\/schema\\\/logo\\\/image\\\/\",\"url\":\"https:\\\/\\\/1dronas.lt\\\/wp-content\\\/uploads\\\/2020\\\/12\\\/Ekrano_kopija__2_-removebg-preview-1-1.png\",\"contentUrl\":\"https:\\\/\\\/1dronas.lt\\\/wp-content\\\/uploads\\\/2020\\\/12\\\/Ekrano_kopija__2_-removebg-preview-1-1.png\",\"width\":234,\"height\":81,\"caption\":\"1dronas.lt\"},\"image\":{\"@id\":\"https:\\\/\\\/1dronas.lt\\\/en\\\/#\\\/schema\\\/logo\\\/image\\\/\"},\"sameAs\":[\"https:\\\/\\\/www.facebook.com\\\/1dronas\\\/\"]}]}<\/script>\n<!-- \/ Yoast SEO plugin. -->","yoast_head_json":{"title":"BETAFPV Meteor75 Micro Frame - 1dronas.lt","robots":{"index":"index","follow":"follow","max-snippet":"max-snippet:-1","max-image-preview":"max-image-preview:large","max-video-preview":"max-video-preview:-1"},"canonical":"https:\/\/1dronas.lt\/en\/produktas\/betafpv-meteor75-micro-remas\/","og_locale":"en_US","og_type":"article","og_title":"BETAFPV Meteor75 Micro r\u0117mas - 1dronas.lt","og_description":"Sureguliuotas r\u0117mo auk\u0161tis. \u017demiausias r\u0117mo ta\u0161kas yra variklio pad\u0117tis, akumuliatorius gali b\u016bti apsaugotas, kai dronas leid\u017eiasi. Taip pat padidintas r\u0117mo kilpos auk\u0161tis, kad b\u016bt\u0173 geriau apsaugotas propeleris.  \u00a0 \u00a01 \u2013 4 d. d.","og_url":"https:\/\/1dronas.lt\/en\/produktas\/betafpv-meteor75-micro-remas\/","og_site_name":"1dronas.lt","article_publisher":"https:\/\/www.facebook.com\/1dronas\/","article_modified_time":"2026-03-20T14:19:06+00:00","og_image":[{"width":720,"height":720,"url":"https:\/\/1dronas.lt\/wp-content\/uploads\/2023\/08\/5b72e43d5297e76da5141f5b7f5e2be3_8df64715-88cb-469c-9ada-10d1cc6ee98f_720x.jpg","type":"image\/jpeg"}],"twitter_card":"summary_large_image","twitter_misc":{"Est. reading time":"1 minute"},"schema":{"@context":"https:\/\/schema.org","@graph":[{"@type":"WebPage","@id":"https:\/\/1dronas.lt\/en\/produktas\/betafpv-meteor75-micro-remas\/","url":"https:\/\/1dronas.lt\/en\/produktas\/betafpv-meteor75-micro-remas\/","name":"BETAFPV Meteor75 Micro Frame - 1dronas.lt","isPartOf":{"@id":"https:\/\/1dronas.lt\/en\/#website"},"primaryImageOfPage":{"@id":"https:\/\/1dronas.lt\/en\/produktas\/betafpv-meteor75-micro-remas\/#primaryimage"},"image":{"@id":"https:\/\/1dronas.lt\/en\/produktas\/betafpv-meteor75-micro-remas\/#primaryimage"},"thumbnailUrl":"https:\/\/1dronas.lt\/wp-content\/uploads\/2023\/08\/5b72e43d5297e76da5141f5b7f5e2be3_8df64715-88cb-469c-9ada-10d1cc6ee98f_720x.jpg","datePublished":"2023-08-12T14:45:36+00:00","dateModified":"2026-03-20T14:19:06+00:00","breadcrumb":{"@id":"https:\/\/1dronas.lt\/en\/produktas\/betafpv-meteor75-micro-remas\/#breadcrumb"},"inLanguage":"en-US","potentialAction":[{"@type":"ReadAction","target":["https:\/\/1dronas.lt\/en\/produktas\/betafpv-meteor75-micro-remas\/"]}]},{"@type":"ImageObject","inLanguage":"en-US","@id":"https:\/\/1dronas.lt\/en\/produktas\/betafpv-meteor75-micro-remas\/#primaryimage","url":"https:\/\/1dronas.lt\/wp-content\/uploads\/2023\/08\/5b72e43d5297e76da5141f5b7f5e2be3_8df64715-88cb-469c-9ada-10d1cc6ee98f_720x.jpg","contentUrl":"https:\/\/1dronas.lt\/wp-content\/uploads\/2023\/08\/5b72e43d5297e76da5141f5b7f5e2be3_8df64715-88cb-469c-9ada-10d1cc6ee98f_720x.jpg","width":720,"height":720},{"@type":"BreadcrumbList","@id":"https:\/\/1dronas.lt\/en\/produktas\/betafpv-meteor75-micro-remas\/#breadcrumb","itemListElement":[{"@type":"ListItem","position":1,"name":"Home","item":"https:\/\/1dronas.lt\/"},{"@type":"ListItem","position":2,"name":"Parduotuv\u0117","item":"https:\/\/1dronas.lt\/parduotuve\/"},{"@type":"ListItem","position":3,"name":"BETAFPV Meteor75 Micro r\u0117mas"}]},{"@type":"WebSite","@id":"https:\/\/1dronas.lt\/en\/#website","url":"https:\/\/1dronas.lt\/en\/","name":"1dronas.lt","description":"Online store","publisher":{"@id":"https:\/\/1dronas.lt\/en\/#organization"},"potentialAction":[{"@type":"SearchAction","target":{"@type":"EntryPoint","urlTemplate":"https:\/\/1dronas.lt\/en\/?s={search_term_string}"},"query-input":{"@type":"PropertyValueSpecification","valueRequired":true,"valueName":"search_term_string"}}],"inLanguage":"en-US"},{"@type":"Organization","@id":"https:\/\/1dronas.lt\/en\/#organization","name":"1dronas.lt","url":"https:\/\/1dronas.lt\/en\/","logo":{"@type":"ImageObject","inLanguage":"en-US","@id":"https:\/\/1dronas.lt\/en\/#\/schema\/logo\/image\/","url":"https:\/\/1dronas.lt\/wp-content\/uploads\/2020\/12\/Ekrano_kopija__2_-removebg-preview-1-1.png","contentUrl":"https:\/\/1dronas.lt\/wp-content\/uploads\/2020\/12\/Ekrano_kopija__2_-removebg-preview-1-1.png","width":234,"height":81,"caption":"1dronas.lt"},"image":{"@id":"https:\/\/1dronas.lt\/en\/#\/schema\/logo\/image\/"},"sameAs":["https:\/\/www.facebook.com\/1dronas\/"]}]}},"jetpack_sharing_enabled":true,"_links":{"self":[{"href":"https:\/\/1dronas.lt\/en\/wp-json\/wp\/v2\/product\/5172","targetHints":{"allow":["GET"]}}],"collection":[{"href":"https:\/\/1dronas.lt\/en\/wp-json\/wp\/v2\/product"}],"about":[{"href":"https:\/\/1dronas.lt\/en\/wp-json\/wp\/v2\/types\/product"}],"replies":[{"embeddable":true,"href":"https:\/\/1dronas.lt\/en\/wp-json\/wp\/v2\/comments?post=5172"}],"wp:featuredmedia":[{"embeddable":true,"href":"https:\/\/1dronas.lt\/en\/wp-json\/wp\/v2\/media\/5176"}],"wp:attachment":[{"href":"https:\/\/1dronas.lt\/en\/wp-json\/wp\/v2\/media?parent=5172"}],"wp:term":[{"taxonomy":"product_brand","embeddable":true,"href":"https:\/\/1dronas.lt\/en\/wp-json\/wp\/v2\/product_brand?post=5172"},{"taxonomy":"product_cat","embeddable":true,"href":"https:\/\/1dronas.lt\/en\/wp-json\/wp\/v2\/product_cat?post=5172"},{"taxonomy":"product_tag","embeddable":true,"href":"https:\/\/1dronas.lt\/en\/wp-json\/wp\/v2\/product_tag?post=5172"}],"curies":[{"name":"wp","href":"https:\/\/api.w.org\/{rel}","templated":true}]}}