{"id":5141,"date":"2023-08-12T12:44:15","date_gmt":"2023-08-12T12:44:15","guid":{"rendered":"https:\/\/1dronas.lt\/?post_type=product&#038;p=5141"},"modified":"2026-05-04T20:22:45","modified_gmt":"2026-05-04T17:22:45","slug":"betafpv-nano-hall-gimbal","status":"publish","type":"product","link":"https:\/\/1dronas.lt\/en\/produktas\/betafpv-nano-hall-gimbal\/","title":{"rendered":"BETAFPV Nano Hall Gimbal"},"content":{"rendered":"<p><img loading=\"lazy\" decoding=\"async\" class=\"alignnone wp-image-5146 size-full\" src=\"https:\/\/1dronas.lt\/wp-content\/uploads\/2023\/08\/FB1_efaf2bf3-338f-42d5-9389-cbcce25a2542_1024x1024.jpg\" alt=\"\" width=\"1024\" height=\"576\" srcset=\"https:\/\/1dronas.lt\/wp-content\/uploads\/2023\/08\/FB1_efaf2bf3-338f-42d5-9389-cbcce25a2542_1024x1024.jpg 1024w, https:\/\/1dronas.lt\/wp-content\/uploads\/2023\/08\/FB1_efaf2bf3-338f-42d5-9389-cbcce25a2542_1024x1024-300x169.jpg 300w, https:\/\/1dronas.lt\/wp-content\/uploads\/2023\/08\/FB1_efaf2bf3-338f-42d5-9389-cbcce25a2542_1024x1024-768x432.jpg 768w, https:\/\/1dronas.lt\/wp-content\/uploads\/2023\/08\/FB1_efaf2bf3-338f-42d5-9389-cbcce25a2542_1024x1024-18x10.jpg 18w, https:\/\/1dronas.lt\/wp-content\/uploads\/2023\/08\/FB1_efaf2bf3-338f-42d5-9389-cbcce25a2542_1024x1024-510x287.jpg 510w\" sizes=\"auto, (max-width: 1024px) 100vw, 1024px\" \/><\/p>\n<p><strong>Features:<\/strong><\/p>\n<p><strong>\u2022 <\/strong>The nano gimbal with Hall effect sensor is released, featuring four precision bearings, adjustable spring tension, and ergonomic stick tips for a unique feel. The adjustable stick tip fits perfectly around your thumbs and improves the feel of the control stick. The Hall effect ensures contactless sensor operation, allowing for not only precise control and precise centering, but also long-lasting use.<\/p>\n<p><strong>Specification:<\/strong><\/p>\n<p><strong>\u2022\u00a0<\/strong>Color: Black;<br \/>\n<strong>\u2022\u00a0<\/strong>Dimensions: 35mm x 42mm;<br \/>\n<strong><img loading=\"lazy\" decoding=\"async\" class=\"alignnone wp-image-5151 size-full\" src=\"https:\/\/1dronas.lt\/wp-content\/uploads\/2023\/08\/9f129dc471796112f26615522eb4b389_360x360.jpg\" alt=\"\" width=\"360\" height=\"360\" srcset=\"https:\/\/1dronas.lt\/wp-content\/uploads\/2023\/08\/9f129dc471796112f26615522eb4b389_360x360.jpg 360w, https:\/\/1dronas.lt\/wp-content\/uploads\/2023\/08\/9f129dc471796112f26615522eb4b389_360x360-300x300.jpg 300w, https:\/\/1dronas.lt\/wp-content\/uploads\/2023\/08\/9f129dc471796112f26615522eb4b389_360x360-150x150.jpg 150w, https:\/\/1dronas.lt\/wp-content\/uploads\/2023\/08\/9f129dc471796112f26615522eb4b389_360x360-12x12.jpg 12w, https:\/\/1dronas.lt\/wp-content\/uploads\/2023\/08\/9f129dc471796112f26615522eb4b389_360x360-247x247.jpg 247w, https:\/\/1dronas.lt\/wp-content\/uploads\/2023\/08\/9f129dc471796112f26615522eb4b389_360x360-100x100.jpg 100w\" sizes=\"auto, (max-width: 360px) 100vw, 360px\" \/><\/strong><\/p>\n\t<div id=\"accordion-1429017714\" class=\"accordion-item\">\n\t\t<a id=\"accordion-1429017714-label\" class=\"accordion-title plain\" href=\"#accordion-item-pajungimo-schema\" aria-expanded=\"false\" aria-controls=\"accordion-1429017714-content\">\n\t\t\t<button class=\"toggle\" aria-label=\"Toggle\"><i class=\"icon-angle-down\" aria-hidden=\"true\"><\/i><\/button>\n\t\t\t<span>Wiring Diagram<\/span>\n\t\t<\/a>\n\t\t<div id=\"accordion-1429017714-content\" class=\"accordion-inner\" aria-labelledby=\"accordion-1429017714-label\">\n\t\t\t\nBelow is a diagram of the Hall gimbal connections. Here is an example of Literadio 3 (Mode 2)<br \/>\n<img loading=\"lazy\" decoding=\"async\" class=\"alignnone wp-image-5148 size-full\" src=\"https:\/\/1dronas.lt\/wp-content\/uploads\/2023\/08\/f4b3da9554de4e60ffd11b8edcb16ff8_44444834-b364-4657-a99b-15b6382d88c5_600x600.jpg\" alt=\"\" width=\"600\" height=\"356\" srcset=\"https:\/\/1dronas.lt\/wp-content\/uploads\/2023\/08\/f4b3da9554de4e60ffd11b8edcb16ff8_44444834-b364-4657-a99b-15b6382d88c5_600x600.jpg 600w, https:\/\/1dronas.lt\/wp-content\/uploads\/2023\/08\/f4b3da9554de4e60ffd11b8edcb16ff8_44444834-b364-4657-a99b-15b6382d88c5_600x600-300x178.jpg 300w, https:\/\/1dronas.lt\/wp-content\/uploads\/2023\/08\/f4b3da9554de4e60ffd11b8edcb16ff8_44444834-b364-4657-a99b-15b6382d88c5_600x600-18x12.jpg 18w, https:\/\/1dronas.lt\/wp-content\/uploads\/2023\/08\/f4b3da9554de4e60ffd11b8edcb16ff8_44444834-b364-4657-a99b-15b6382d88c5_600x600-510x303.jpg 510w\" sizes=\"auto, (max-width: 600px) 100vw, 600px\" \/><\/p>\n<p>The following is the adjustment of the Hall gimbal tension spring. Before adjusting the spring tension, the back cover must be disassembled. The example is \u201cLiteradio 3\u201d (Mode 2)<\/p>\n<p><img loading=\"lazy\" decoding=\"async\" class=\"alignnone wp-image-5149 size-full\" src=\"https:\/\/1dronas.lt\/wp-content\/uploads\/2023\/08\/8_e4ffb7ce-9055-44bd-9bcf-3a8f3225234b_600x600.jpg\" alt=\"\" width=\"600\" height=\"271\" srcset=\"https:\/\/1dronas.lt\/wp-content\/uploads\/2023\/08\/8_e4ffb7ce-9055-44bd-9bcf-3a8f3225234b_600x600.jpg 600w, https:\/\/1dronas.lt\/wp-content\/uploads\/2023\/08\/8_e4ffb7ce-9055-44bd-9bcf-3a8f3225234b_600x600-300x136.jpg 300w, https:\/\/1dronas.lt\/wp-content\/uploads\/2023\/08\/8_e4ffb7ce-9055-44bd-9bcf-3a8f3225234b_600x600-18x8.jpg 18w, https:\/\/1dronas.lt\/wp-content\/uploads\/2023\/08\/8_e4ffb7ce-9055-44bd-9bcf-3a8f3225234b_600x600-510x230.jpg 510w\" sizes=\"auto, (max-width: 600px) 100vw, 600px\" \/><\/p>\n<p><em><span style=\"color: #ed1c24;\">Important!<\/span><\/em><\/p>\n<p>If LiteRadio <strong>2 SE<\/strong>&quot; are old versions, you need to cut out part of the battery slot. The parts to cut depend on where the throttle controller is mounted. New &quot;LiteRadio <strong>2 SE<\/strong>In the case of the \u201d version, the controller can be replaced normally.<\/p>\n<p><img loading=\"lazy\" decoding=\"async\" class=\"alignnone wp-image-5150 size-full\" src=\"https:\/\/1dronas.lt\/wp-content\/uploads\/2023\/08\/dca3527c75cbd6f4e37a2ed5c742b2e6_6e9844de-957a-435d-a85e-fb9ccb91dda2_600x600.jpg\" alt=\"\" width=\"600\" height=\"338\" srcset=\"https:\/\/1dronas.lt\/wp-content\/uploads\/2023\/08\/dca3527c75cbd6f4e37a2ed5c742b2e6_6e9844de-957a-435d-a85e-fb9ccb91dda2_600x600.jpg 600w, https:\/\/1dronas.lt\/wp-content\/uploads\/2023\/08\/dca3527c75cbd6f4e37a2ed5c742b2e6_6e9844de-957a-435d-a85e-fb9ccb91dda2_600x600-300x169.jpg 300w, https:\/\/1dronas.lt\/wp-content\/uploads\/2023\/08\/dca3527c75cbd6f4e37a2ed5c742b2e6_6e9844de-957a-435d-a85e-fb9ccb91dda2_600x600-18x10.jpg 18w, https:\/\/1dronas.lt\/wp-content\/uploads\/2023\/08\/dca3527c75cbd6f4e37a2ed5c742b2e6_6e9844de-957a-435d-a85e-fb9ccb91dda2_600x600-510x287.jpg 510w\" sizes=\"auto, (max-width: 600px) 100vw, 600px\" \/><\/p>\n<p><iframe loading=\"lazy\" title=\"BETAFPV LiteRadio 2 SE\/LiteRadio 2 I How to Replace the Gimbals\" width=\"1020\" height=\"574\" src=\"https:\/\/www.youtube.com\/embed\/JtDGNqkaiJ8?feature=oembed\" frameborder=\"0\" allow=\"accelerometer; autoplay; clipboard-write; encrypted-media; gyroscope; picture-in-picture; web-share\" referrerpolicy=\"strict-origin-when-cross-origin\" allowfullscreen><\/iframe><\/p>\n\t\t<\/div>\n\t<\/div>\n\t\n<p><strong>Package:<\/strong><\/p>\n<p>1x BETAFPV Nano Hall Gimbal.<\/p>\n<p><span style=\"color: #ed1c24;\"><em>Note: Before changing the controllers, please update the Literadio 3\/2 SE to the latest version. Without the BETAFPV Configurator sticker that indicates that it supports the configurator, the old version of Literadio 2 SE and the latest firmware update of Literadio 2 are not possible because it is not compatible with the Hall gimbal mechanism and only supports potentiometer gimbal.<\/em><\/span><\/p>\n<p><span style=\"color: #000000;\"><em>Firmware:\u00a0<a style=\"color: #000000;\" href=\"https:\/\/github.com\/BETAFPV\/LiteRadio_PLUS\/releases\" target=\"_blank\" rel=\"noopener noreferrer\">https:\/\/github.com\/BETAFPV\/LiteRadio_PLUS\/releases<\/a><\/em><\/span><\/p>\n<p><span style=\"color: #000000;\"><em>BETAFPV Configurator:\u00a0<a style=\"color: #000000;\" href=\"https:\/\/github.com\/BETAFPV\/BETAFPV_Configurator\/releases\" target=\"_blank\" rel=\"noopener noreferrer\">https:\/\/github.com\/BETAFPV\/BETAFPV_Configurator\/releases<\/a><\/em><\/span><\/p>","protected":false},"excerpt":{"rendered":"<p><span style=\"color: #000000;\">Made of high quality plastic and metal. <\/span><\/p>\n<p><span style=\"color: #000000;\"><img loading=\"lazy\" decoding=\"async\" class=\"alignnone wp-image-1806\" src=\"https:\/\/1dronas.lt\/wp-content\/uploads\/2021\/05\/delivery-icon.png\" alt=\"\" width=\"24\" height=\"24\" srcset=\"https:\/\/1dronas.lt\/wp-content\/uploads\/2021\/05\/delivery-icon.png 35w, https:\/\/1dronas.lt\/wp-content\/uploads\/2021\/05\/delivery-icon-12x12.png 12w\" sizes=\"auto, (max-width: 24px) 100vw, 24px\" \/>\u00a0<strong>1 \u2013 2 days<\/strong><\/span><\/p>","protected":false},"featured_media":5147,"comment_status":"open","ping_status":"closed","template":"","meta":[],"product_brand":[489],"product_cat":[388],"product_tag":[69,350,351],"class_list":{"0":"post-5141","1":"product","2":"type-product","3":"status-publish","4":"has-post-thumbnail","6":"product_brand-betafpv","7":"product_cat-vairasvirtes","8":"product_tag-betafpv","9":"product_tag-gimbal","10":"product_tag-hall","12":"first","13":"instock","14":"taxable","15":"shipping-taxable","16":"purchasable","17":"product-type-variable"},"yoast_head":"<!-- This site is optimized with the Yoast SEO plugin v27.5 - https:\/\/yoast.com\/product\/yoast-seo-wordpress\/ -->\n<title>BETAFPV Nano Hall Gimbal - 1dronas.lt<\/title>\n<meta name=\"robots\" content=\"index, follow, max-snippet:-1, max-image-preview:large, max-video-preview:-1\" \/>\n<link rel=\"canonical\" href=\"https:\/\/1dronas.lt\/en\/produktas\/betafpv-nano-hall-gimbal\/\" \/>\n<meta property=\"og:locale\" content=\"en_US\" \/>\n<meta property=\"og:type\" content=\"article\" \/>\n<meta property=\"og:title\" content=\"BETAFPV Nano Hall Gimbal - 1dronas.lt\" \/>\n<meta property=\"og:description\" content=\"Pagamintas i\u0161 auk\u0161tos kokyb\u0117s plastiko ir metalo.   \u00a01 \u2013 2 d. d.\" \/>\n<meta property=\"og:url\" content=\"https:\/\/1dronas.lt\/en\/produktas\/betafpv-nano-hall-gimbal\/\" \/>\n<meta property=\"og:site_name\" content=\"1dronas.lt\" \/>\n<meta property=\"article:publisher\" content=\"https:\/\/www.facebook.com\/1dronas\/\" \/>\n<meta property=\"article:modified_time\" content=\"2026-05-04T17:22:45+00:00\" \/>\n<meta property=\"og:image\" content=\"https:\/\/1dronas.lt\/wp-content\/uploads\/2023\/08\/c9d6dad1e27bb0b63fbc964efc05e61a_720x.jpg\" \/>\n\t<meta property=\"og:image:width\" content=\"720\" \/>\n\t<meta property=\"og:image:height\" content=\"720\" \/>\n\t<meta property=\"og:image:type\" content=\"image\/jpeg\" \/>\n<meta name=\"twitter:card\" content=\"summary_large_image\" \/>\n<meta name=\"twitter:label1\" content=\"Est. reading time\" \/>\n\t<meta name=\"twitter:data1\" content=\"3 minutes\" \/>\n<script type=\"application\/ld+json\" class=\"yoast-schema-graph\">{\"@context\":\"https:\\\/\\\/schema.org\",\"@graph\":[{\"@type\":\"WebPage\",\"@id\":\"https:\\\/\\\/1dronas.lt\\\/en\\\/produktas\\\/betafpv-nano-hall-gimbal\\\/\",\"url\":\"https:\\\/\\\/1dronas.lt\\\/en\\\/produktas\\\/betafpv-nano-hall-gimbal\\\/\",\"name\":\"BETAFPV Nano Hall Gimbal - 1dronas.lt\",\"isPartOf\":{\"@id\":\"https:\\\/\\\/1dronas.lt\\\/en\\\/#website\"},\"primaryImageOfPage\":{\"@id\":\"https:\\\/\\\/1dronas.lt\\\/en\\\/produktas\\\/betafpv-nano-hall-gimbal\\\/#primaryimage\"},\"image\":{\"@id\":\"https:\\\/\\\/1dronas.lt\\\/en\\\/produktas\\\/betafpv-nano-hall-gimbal\\\/#primaryimage\"},\"thumbnailUrl\":\"https:\\\/\\\/1dronas.lt\\\/wp-content\\\/uploads\\\/2023\\\/08\\\/c9d6dad1e27bb0b63fbc964efc05e61a_720x.jpg\",\"datePublished\":\"2023-08-12T12:44:15+00:00\",\"dateModified\":\"2026-05-04T17:22:45+00:00\",\"breadcrumb\":{\"@id\":\"https:\\\/\\\/1dronas.lt\\\/en\\\/produktas\\\/betafpv-nano-hall-gimbal\\\/#breadcrumb\"},\"inLanguage\":\"en-US\",\"potentialAction\":[{\"@type\":\"ReadAction\",\"target\":[\"https:\\\/\\\/1dronas.lt\\\/en\\\/produktas\\\/betafpv-nano-hall-gimbal\\\/\"]}]},{\"@type\":\"ImageObject\",\"inLanguage\":\"en-US\",\"@id\":\"https:\\\/\\\/1dronas.lt\\\/en\\\/produktas\\\/betafpv-nano-hall-gimbal\\\/#primaryimage\",\"url\":\"https:\\\/\\\/1dronas.lt\\\/wp-content\\\/uploads\\\/2023\\\/08\\\/c9d6dad1e27bb0b63fbc964efc05e61a_720x.jpg\",\"contentUrl\":\"https:\\\/\\\/1dronas.lt\\\/wp-content\\\/uploads\\\/2023\\\/08\\\/c9d6dad1e27bb0b63fbc964efc05e61a_720x.jpg\",\"width\":720,\"height\":720},{\"@type\":\"BreadcrumbList\",\"@id\":\"https:\\\/\\\/1dronas.lt\\\/en\\\/produktas\\\/betafpv-nano-hall-gimbal\\\/#breadcrumb\",\"itemListElement\":[{\"@type\":\"ListItem\",\"position\":1,\"name\":\"Home\",\"item\":\"https:\\\/\\\/1dronas.lt\\\/\"},{\"@type\":\"ListItem\",\"position\":2,\"name\":\"Parduotuv\u0117\",\"item\":\"https:\\\/\\\/1dronas.lt\\\/parduotuve\\\/\"},{\"@type\":\"ListItem\",\"position\":3,\"name\":\"BETAFPV Nano Hall Gimbal\"}]},{\"@type\":\"WebSite\",\"@id\":\"https:\\\/\\\/1dronas.lt\\\/en\\\/#website\",\"url\":\"https:\\\/\\\/1dronas.lt\\\/en\\\/\",\"name\":\"1dronas.lt\",\"description\":\"Internetin\u0117 parduotuv\u0117\",\"publisher\":{\"@id\":\"https:\\\/\\\/1dronas.lt\\\/en\\\/#organization\"},\"potentialAction\":[{\"@type\":\"SearchAction\",\"target\":{\"@type\":\"EntryPoint\",\"urlTemplate\":\"https:\\\/\\\/1dronas.lt\\\/en\\\/?s={search_term_string}\"},\"query-input\":{\"@type\":\"PropertyValueSpecification\",\"valueRequired\":true,\"valueName\":\"search_term_string\"}}],\"inLanguage\":\"en-US\"},{\"@type\":\"Organization\",\"@id\":\"https:\\\/\\\/1dronas.lt\\\/en\\\/#organization\",\"name\":\"1dronas.lt\",\"url\":\"https:\\\/\\\/1dronas.lt\\\/en\\\/\",\"logo\":{\"@type\":\"ImageObject\",\"inLanguage\":\"en-US\",\"@id\":\"https:\\\/\\\/1dronas.lt\\\/en\\\/#\\\/schema\\\/logo\\\/image\\\/\",\"url\":\"https:\\\/\\\/1dronas.lt\\\/wp-content\\\/uploads\\\/2020\\\/12\\\/Ekrano_kopija__2_-removebg-preview-1-1.png\",\"contentUrl\":\"https:\\\/\\\/1dronas.lt\\\/wp-content\\\/uploads\\\/2020\\\/12\\\/Ekrano_kopija__2_-removebg-preview-1-1.png\",\"width\":234,\"height\":81,\"caption\":\"1dronas.lt\"},\"image\":{\"@id\":\"https:\\\/\\\/1dronas.lt\\\/en\\\/#\\\/schema\\\/logo\\\/image\\\/\"},\"sameAs\":[\"https:\\\/\\\/www.facebook.com\\\/1dronas\\\/\"]}]}<\/script>\n<!-- \/ Yoast SEO plugin. -->","yoast_head_json":{"title":"BETAFPV Nano Hall Gimbal - 1dronas.lt","robots":{"index":"index","follow":"follow","max-snippet":"max-snippet:-1","max-image-preview":"max-image-preview:large","max-video-preview":"max-video-preview:-1"},"canonical":"https:\/\/1dronas.lt\/en\/produktas\/betafpv-nano-hall-gimbal\/","og_locale":"en_US","og_type":"article","og_title":"BETAFPV Nano Hall Gimbal - 1dronas.lt","og_description":"Pagamintas i\u0161 auk\u0161tos kokyb\u0117s plastiko ir metalo.   \u00a01 \u2013 2 d. d.","og_url":"https:\/\/1dronas.lt\/en\/produktas\/betafpv-nano-hall-gimbal\/","og_site_name":"1dronas.lt","article_publisher":"https:\/\/www.facebook.com\/1dronas\/","article_modified_time":"2026-05-04T17:22:45+00:00","og_image":[{"width":720,"height":720,"url":"https:\/\/1dronas.lt\/wp-content\/uploads\/2023\/08\/c9d6dad1e27bb0b63fbc964efc05e61a_720x.jpg","type":"image\/jpeg"}],"twitter_card":"summary_large_image","twitter_misc":{"Est. reading time":"3 minutes"},"schema":{"@context":"https:\/\/schema.org","@graph":[{"@type":"WebPage","@id":"https:\/\/1dronas.lt\/en\/produktas\/betafpv-nano-hall-gimbal\/","url":"https:\/\/1dronas.lt\/en\/produktas\/betafpv-nano-hall-gimbal\/","name":"BETAFPV Nano Hall Gimbal - 1dronas.lt","isPartOf":{"@id":"https:\/\/1dronas.lt\/en\/#website"},"primaryImageOfPage":{"@id":"https:\/\/1dronas.lt\/en\/produktas\/betafpv-nano-hall-gimbal\/#primaryimage"},"image":{"@id":"https:\/\/1dronas.lt\/en\/produktas\/betafpv-nano-hall-gimbal\/#primaryimage"},"thumbnailUrl":"https:\/\/1dronas.lt\/wp-content\/uploads\/2023\/08\/c9d6dad1e27bb0b63fbc964efc05e61a_720x.jpg","datePublished":"2023-08-12T12:44:15+00:00","dateModified":"2026-05-04T17:22:45+00:00","breadcrumb":{"@id":"https:\/\/1dronas.lt\/en\/produktas\/betafpv-nano-hall-gimbal\/#breadcrumb"},"inLanguage":"en-US","potentialAction":[{"@type":"ReadAction","target":["https:\/\/1dronas.lt\/en\/produktas\/betafpv-nano-hall-gimbal\/"]}]},{"@type":"ImageObject","inLanguage":"en-US","@id":"https:\/\/1dronas.lt\/en\/produktas\/betafpv-nano-hall-gimbal\/#primaryimage","url":"https:\/\/1dronas.lt\/wp-content\/uploads\/2023\/08\/c9d6dad1e27bb0b63fbc964efc05e61a_720x.jpg","contentUrl":"https:\/\/1dronas.lt\/wp-content\/uploads\/2023\/08\/c9d6dad1e27bb0b63fbc964efc05e61a_720x.jpg","width":720,"height":720},{"@type":"BreadcrumbList","@id":"https:\/\/1dronas.lt\/en\/produktas\/betafpv-nano-hall-gimbal\/#breadcrumb","itemListElement":[{"@type":"ListItem","position":1,"name":"Home","item":"https:\/\/1dronas.lt\/"},{"@type":"ListItem","position":2,"name":"Parduotuv\u0117","item":"https:\/\/1dronas.lt\/parduotuve\/"},{"@type":"ListItem","position":3,"name":"BETAFPV Nano Hall Gimbal"}]},{"@type":"WebSite","@id":"https:\/\/1dronas.lt\/en\/#website","url":"https:\/\/1dronas.lt\/en\/","name":"1dronas.lt","description":"Online store","publisher":{"@id":"https:\/\/1dronas.lt\/en\/#organization"},"potentialAction":[{"@type":"SearchAction","target":{"@type":"EntryPoint","urlTemplate":"https:\/\/1dronas.lt\/en\/?s={search_term_string}"},"query-input":{"@type":"PropertyValueSpecification","valueRequired":true,"valueName":"search_term_string"}}],"inLanguage":"en-US"},{"@type":"Organization","@id":"https:\/\/1dronas.lt\/en\/#organization","name":"1dronas.lt","url":"https:\/\/1dronas.lt\/en\/","logo":{"@type":"ImageObject","inLanguage":"en-US","@id":"https:\/\/1dronas.lt\/en\/#\/schema\/logo\/image\/","url":"https:\/\/1dronas.lt\/wp-content\/uploads\/2020\/12\/Ekrano_kopija__2_-removebg-preview-1-1.png","contentUrl":"https:\/\/1dronas.lt\/wp-content\/uploads\/2020\/12\/Ekrano_kopija__2_-removebg-preview-1-1.png","width":234,"height":81,"caption":"1dronas.lt"},"image":{"@id":"https:\/\/1dronas.lt\/en\/#\/schema\/logo\/image\/"},"sameAs":["https:\/\/www.facebook.com\/1dronas\/"]}]}},"jetpack_sharing_enabled":true,"_links":{"self":[{"href":"https:\/\/1dronas.lt\/en\/wp-json\/wp\/v2\/product\/5141","targetHints":{"allow":["GET"]}}],"collection":[{"href":"https:\/\/1dronas.lt\/en\/wp-json\/wp\/v2\/product"}],"about":[{"href":"https:\/\/1dronas.lt\/en\/wp-json\/wp\/v2\/types\/product"}],"replies":[{"embeddable":true,"href":"https:\/\/1dronas.lt\/en\/wp-json\/wp\/v2\/comments?post=5141"}],"wp:featuredmedia":[{"embeddable":true,"href":"https:\/\/1dronas.lt\/en\/wp-json\/wp\/v2\/media\/5147"}],"wp:attachment":[{"href":"https:\/\/1dronas.lt\/en\/wp-json\/wp\/v2\/media?parent=5141"}],"wp:term":[{"taxonomy":"product_brand","embeddable":true,"href":"https:\/\/1dronas.lt\/en\/wp-json\/wp\/v2\/product_brand?post=5141"},{"taxonomy":"product_cat","embeddable":true,"href":"https:\/\/1dronas.lt\/en\/wp-json\/wp\/v2\/product_cat?post=5141"},{"taxonomy":"product_tag","embeddable":true,"href":"https:\/\/1dronas.lt\/en\/wp-json\/wp\/v2\/product_tag?post=5141"}],"curies":[{"name":"wp","href":"https:\/\/api.w.org\/{rel}","templated":true}]}}